{"id":4106,"date":"2022-05-17T10:37:18","date_gmt":"2022-05-17T08:37:18","guid":{"rendered":"https:\/\/www.credimex.ch.mialias.net\/product\/jax-halo-guard\/"},"modified":"2023-01-04T09:43:37","modified_gmt":"2023-01-04T08:43:37","slug":"jax-halo-guard","status":"publish","type":"product","link":"https:\/\/www.credimex.ch\/de\/produkt\/jax-halo-guard\/","title":{"rendered":"Jax Halo-Guard\u00ae"},"content":{"rendered":"<h2>Beschreibung<\/h2>\n<p>Diese Serie revolution\u00e4rer lebensmitteltauglicher Fette wird mit einem fortschrittlichen, propriet\u00e4ren Kalziumsulfonatkomplex-Verdicker hergestellt. Diese neu entwickelte Verdickertechnologie bietet eine aussergew\u00f6hnliche mechanische Stabilit\u00e4t, eine sehr hohe Tragf\u00e4higkeit (E.P.) und einen bemerkenswerten Rost- und Korrosionsschutz.<\/p>\n<p>Dar\u00fcber hinaus verf\u00fcgt JAX Halo-Guard FG \u00fcber eine ausgezeichnete Wasserbest\u00e4ndigkeit und hervorragende Eigenschaften bei hohen Temperaturen. Diese Technologie wird mit einer neuen hochviskosen, teilsynthetischen, lebensmitteltauglichen Grundfl\u00fcssigkeit kombiniert und macht JAX Halo-Guard FG zum besten Hochleistungsfett f\u00fcr hochbelastete Anwendungen. Dies ist ein echtes Hochleistungsfett f\u00fcr die gesamte Anlage, das f\u00fcr Lebensmittel geeignet ist.<\/p>\n<h2>Produktvorteile<\/h2>\n<ul>\n<li>Hervorragender Schutz vor Rost und Korrosion<\/li>\n<li>Un\u00fcbertroffene E.P. und Anti-Verschleiss-Eigenschaften<\/li>\n<li>Sehr gute Kompatibilit\u00e4t mit den meisten Fetten<\/li>\n<li>Ausgezeichnete Oxidationsstabilit\u00e4t bei hohen Temperaturen<\/li>\n<li>Ausgezeichnete Pumpf\u00e4higkeit Merkmale<\/li>\n<li>Wasserauswaschbarkeit und Chemikalienbest\u00e4ndigkeit<\/li>\n<\/ul>\n<p>Hervorragende mechanische Stabilit\u00e4t &#8211; JAX Halo-Guard FG weist eine ausgezeichnete mechanische Stabilit\u00e4t auf und zeigt nach 100.000 H\u00fcben nur geringe Ver\u00e4nderungen der Konuspenetration (ASTM D 217) oder der Konsistenz. Beim Rollstabilit\u00e4tstest (ASTM D 1831) gibt es keine Anzeichen f\u00fcr einen Scherbruch, auch nicht bei einer erweiterten, modifizierten Hochtemperaturversion, die den Test versch\u00e4rft.<\/p>\n<p>Un\u00fcbertroffene E.P.- und Anti-Verschleiss-Leistung &#8211; JAX Halo-Guard FG ist mit ausgew\u00e4hlten Grundstoffen und Additiven formuliert, die un\u00fcbertroffene E.P.- und Anti-Verschleiss-Eigenschaften aufweisen. Diese Eigenschaften werden durch die Timken OK-Werte (ASTM D 2509) von JAX Halo-Guard FG-2 von 60 Pfund oder mehr und die 4-Ball EP (ASTM D 2596) LWI-Ergebnisse von \u00fcber 60 kgf mit einem Schweisspunkt von 500 kgf veranschaulicht. Die 4-Kugel-Verschleissleistung (ASTM D 2266) ist mit einer typischen Verschleissnarbe von weniger als 0,40 mm ebenso beeindruckend.<\/p>\n<p>Sch\u00fctzt vor Rost und Korrosion &#8211; Das Calciumsulfonat-Verdickersystem von JAX Halo-Guard FG bietet einen hervorragenden nat\u00fcrlichen Rost- und Korrosionsschutz. JAX Halo-Guard FG besteht m\u00fchelos den Standardtest f\u00fcr Korrosionsschutzeigenschaften (ASTM D 1743). Ein strenger Salznebeltest (ASTM B 117) ergibt eine Leistung von mehr als 300 Stunden, was nur wenige lebensmittelechte Fette anderer Technologien erreichen k\u00f6nnen.<\/p>\n<p>Thermische und oxidative Stabilit\u00e4t &#8211; Die thermische und oxidative Stabilit\u00e4t von JAX Halo-Guard FG bedeutet, dass eine hervorragende Leistung in den meisten Hochtemperaturanwendungen ohne Spezialfett erreicht werden kann. Mit einem Tropfpunkt (ASTM D 2265) von 600\u00b0F (316\u00b0C) ist Halo-Guard FG-2 das h\u00f6chsttemperaturtaugliche Hochleistungsfett in Lebensmittelqualit\u00e4t auf dem Markt. JAX Halo-Guard FG \u00fcbertrifft in Bezug auf die Oxidationsstabilit\u00e4t bei hohen Temperaturen fast alle industriellen Fette, die nicht f\u00fcr Lebensmittel geeignet sind &#8211; eine bemerkenswerte Leistung f\u00fcr ein lebensmittelgeeignetes NSF H1-Fett!<\/p>\n<p>Hervorragende Wasserbest\u00e4ndigkeit &#8211; Wasserbest\u00e4ndigkeit ist besonders wichtig bei der Verwendung von lebensmittelgeeigneten Fetten. Nur wenige industrielle Anwendungen unterliegen der starken Verschmutzung durch Prozess- und Sanit\u00e4rwasser sowie Chemikalien, wie sie in modernen Lebensmittel- und Getr\u00e4nkeherstellern vorkommen. JAX Halo-Guard FG ist eines der wasserbest\u00e4ndigsten lebensmittelechten Fette, die derzeit auf dem Markt sind.<\/p>\n<p>Enth\u00e4lt Micronox\u00ae &#8211; JAX Micronox\u00ae, ein Novum unter den lebensmittelvertr\u00e4glichen Schmierstoffen, hat sich als besonders wirksam beim Schutz von JAX Halo-Guard FG-Fetten bei verl\u00e4ngerten Schmierintervallen erwiesen.<\/p>\n<h2>Anwendungen<\/h2>\n<p>Die herausragenden Leistungsmerkmale von JAX Halo-Guard FG kommen zahlreichen Anwendungen in der Lebensmittel- und Getr\u00e4nkeindustrie zugute.<\/p>\n<p>Es wurde in erster Linie f\u00fcr hochbelastete Getriebe und Lager sowie f\u00fcr alle Lebensmittel- und Getr\u00e4nkeanlagen entwickelt, die Wasser und korrosiven Abw\u00e4ssern ausgesetzt sind. Als &#8222;Heavy-Duty&#8220;-Lebensmittelschmierfett kann JAX Halo-Guard FG die Integrit\u00e4t von Betriebs- und Werksanlagen wie Gabelstaplern, F\u00f6rderanlagen, Materialtransportanlagen, Pressen, Getreidepressen und Verpackungsmaschinen in Lebensmittelqualit\u00e4t gew\u00e4hrleisten.<\/p>\n<p>Umfassende Fettvertr\u00e4glichkeitsstudien haben gezeigt, dass JAX Halo-Guard FG eine sehr gute Vertr\u00e4glichkeit mit der \u00fcberwiegenden Mehrheit der g\u00e4ngigsten, derzeit auf dem Markt befindlichen, lebensmitteltauglichen Fette aufweist. Bitte wenden Sie sich bei Fragen zu spezifischen Anwendungen an Ihren JAX-Vertriebsbeauftragten.<\/p>\n","protected":false},"excerpt":{"rendered":"<p><strong>Jax Halo-Guard\u00ae ist ein <\/strong>revolution\u00e4res, lebensmitteltaugliches Schmierfett, das mit einem fortschrittlichen, propriet\u00e4ren Kalziumsulfonatkomplex-Verdicker und einem sorgf\u00e4ltig ausgew\u00e4hlten Additivpaket hergestellt wird.<\/p>\n","protected":false},"featured_media":2927,"comment_status":"open","ping_status":"closed","template":"","meta":{"_acf_changed":false},"product_brand":[],"product_cat":[371,353,640,370,372],"product_tag":[],"class_list":{"0":"post-4106","1":"product","2":"type-product","3":"status-publish","4":"has-post-thumbnail","6":"product_cat-fette","7":"product_cat-industrie-schmierstoffe","8":"product_cat-jax","9":"product_cat-lebensmittelindustrie","10":"product_cat-lebensmitteltechnische-schmierstoffe","11":"pa_brands-jax-de","13":"first","14":"instock","15":"shipping-taxable","16":"product-type-simple"},"acf":[],"_yoast_wpseo_focuskw":"Jax Halo-Guard\u00ae","_yoast_wpseo_metadesc":"Jax Halo-Guard\u00ae ist ein revolution\u00e4res, lebensmitteltaugliches Schmierfett, das mit einem fortschrittlichen, propriet\u00e4ren Kalziumsulfonatkomplex-Verdicker und einem sorgf\u00e4ltig ausgew\u00e4hlten Additivpaket hergestellt wird.","yoast_head":"<!-- This site is optimized with the Yoast SEO Premium plugin v21.6 (Yoast SEO v27.4) - https:\/\/yoast.com\/product\/yoast-seo-premium-wordpress\/ -->\n<title>Jax Halo-Guard\u00ae - CREDIMEX<\/title>\n<meta name=\"description\" content=\"Jax Halo-Guard\u00ae ist ein revolution\u00e4res, lebensmitteltaugliches Schmierfett, das mit einem fortschrittlichen, propriet\u00e4ren Kalziumsulfonatkomplex-Verdicker und einem sorgf\u00e4ltig ausgew\u00e4hlten Additivpaket hergestellt wird.\" \/>\n<meta name=\"robots\" content=\"index, follow, max-snippet:-1, max-image-preview:large, max-video-preview:-1\" \/>\n<link rel=\"canonical\" href=\"https:\/\/www.credimex.ch\/de\/produkt\/jax-halo-guard\/\" \/>\n<meta property=\"og:locale\" content=\"de_DE\" \/>\n<meta property=\"og:type\" content=\"article\" \/>\n<meta property=\"og:title\" content=\"Jax Halo-Guard\u00ae\" \/>\n<meta property=\"og:description\" content=\"Jax Halo-Guard\u00ae ist ein revolution\u00e4res, lebensmitteltaugliches Schmierfett, das mit einem fortschrittlichen, propriet\u00e4ren Kalziumsulfonatkomplex-Verdicker und einem sorgf\u00e4ltig ausgew\u00e4hlten Additivpaket hergestellt wird.\" \/>\n<meta property=\"og:url\" content=\"https:\/\/www.credimex.ch\/de\/produkt\/jax-halo-guard\/\" \/>\n<meta property=\"og:site_name\" content=\"CREDIMEX\" \/>\n<meta property=\"article:publisher\" content=\"https:\/\/www.facebook.com\/credimex.alpnach\/\" \/>\n<meta property=\"article:modified_time\" content=\"2023-01-04T08:43:37+00:00\" \/>\n<meta property=\"og:image\" content=\"https:\/\/www.credimex.ch\/wp-content\/uploads\/2022\/05\/Jax-Halo-Guard\u00ae.png\" \/>\n\t<meta property=\"og:image:width\" content=\"800\" \/>\n\t<meta property=\"og:image:height\" content=\"800\" \/>\n\t<meta property=\"og:image:type\" content=\"image\/png\" \/>\n<meta name=\"twitter:card\" content=\"summary_large_image\" \/>\n<meta name=\"twitter:label1\" content=\"Gesch\u00e4tzte Lesezeit\" \/>\n\t<meta name=\"twitter:data1\" content=\"3\u00a0Minuten\" \/>\n<script type=\"application\/ld+json\" class=\"yoast-schema-graph\">{\"@context\":\"https:\\\/\\\/schema.org\",\"@graph\":[{\"@type\":\"WebPage\",\"@id\":\"https:\\\/\\\/www.credimex.ch\\\/de\\\/produkt\\\/jax-halo-guard\\\/\",\"url\":\"https:\\\/\\\/www.credimex.ch\\\/de\\\/produkt\\\/jax-halo-guard\\\/\",\"name\":\"Jax Halo-Guard\u00ae - CREDIMEX\",\"isPartOf\":{\"@id\":\"https:\\\/\\\/www.credimex.ch\\\/de\\\/#website\"},\"primaryImageOfPage\":{\"@id\":\"https:\\\/\\\/www.credimex.ch\\\/de\\\/produkt\\\/jax-halo-guard\\\/#primaryimage\"},\"image\":{\"@id\":\"https:\\\/\\\/www.credimex.ch\\\/de\\\/produkt\\\/jax-halo-guard\\\/#primaryimage\"},\"thumbnailUrl\":\"https:\\\/\\\/www.credimex.ch\\\/wp-content\\\/uploads\\\/2022\\\/05\\\/Jax-Halo-Guard\u00ae.png\",\"datePublished\":\"2022-05-17T08:37:18+00:00\",\"dateModified\":\"2023-01-04T08:43:37+00:00\",\"description\":\"Jax Halo-Guard\u00ae ist ein revolution\u00e4res, lebensmitteltaugliches Schmierfett, das mit einem fortschrittlichen, propriet\u00e4ren Kalziumsulfonatkomplex-Verdicker und einem sorgf\u00e4ltig ausgew\u00e4hlten Additivpaket hergestellt wird.\",\"breadcrumb\":{\"@id\":\"https:\\\/\\\/www.credimex.ch\\\/de\\\/produkt\\\/jax-halo-guard\\\/#breadcrumb\"},\"inLanguage\":\"de\",\"potentialAction\":[{\"@type\":\"ReadAction\",\"target\":[\"https:\\\/\\\/www.credimex.ch\\\/de\\\/produkt\\\/jax-halo-guard\\\/\"]}]},{\"@type\":\"ImageObject\",\"inLanguage\":\"de\",\"@id\":\"https:\\\/\\\/www.credimex.ch\\\/de\\\/produkt\\\/jax-halo-guard\\\/#primaryimage\",\"url\":\"https:\\\/\\\/www.credimex.ch\\\/wp-content\\\/uploads\\\/2022\\\/05\\\/Jax-Halo-Guard\u00ae.png\",\"contentUrl\":\"https:\\\/\\\/www.credimex.ch\\\/wp-content\\\/uploads\\\/2022\\\/05\\\/Jax-Halo-Guard\u00ae.png\",\"width\":800,\"height\":800},{\"@type\":\"BreadcrumbList\",\"@id\":\"https:\\\/\\\/www.credimex.ch\\\/de\\\/produkt\\\/jax-halo-guard\\\/#breadcrumb\",\"itemListElement\":[{\"@type\":\"ListItem\",\"position\":1,\"name\":\"Home\",\"item\":\"https:\\\/\\\/www.credimex.ch\\\/de\\\/\"},{\"@type\":\"ListItem\",\"position\":2,\"name\":\"Produkte\",\"item\":\"https:\\\/\\\/www.credimex.ch\\\/de\\\/produkte\\\/\"},{\"@type\":\"ListItem\",\"position\":3,\"name\":\"Jax Halo-Guard\u00ae\"}]},{\"@type\":\"WebSite\",\"@id\":\"https:\\\/\\\/www.credimex.ch\\\/de\\\/#website\",\"url\":\"https:\\\/\\\/www.credimex.ch\\\/de\\\/\",\"name\":\"CREDIMEX\",\"description\":\"Partner of Swiss Industrial Market\",\"publisher\":{\"@id\":\"https:\\\/\\\/www.credimex.ch\\\/de\\\/#organization\"},\"potentialAction\":[{\"@type\":\"SearchAction\",\"target\":{\"@type\":\"EntryPoint\",\"urlTemplate\":\"https:\\\/\\\/www.credimex.ch\\\/de\\\/?s={search_term_string}\"},\"query-input\":{\"@type\":\"PropertyValueSpecification\",\"valueRequired\":true,\"valueName\":\"search_term_string\"}}],\"inLanguage\":\"de\"},{\"@type\":\"Organization\",\"@id\":\"https:\\\/\\\/www.credimex.ch\\\/de\\\/#organization\",\"name\":\"credimex\",\"url\":\"https:\\\/\\\/www.credimex.ch\\\/de\\\/\",\"logo\":{\"@type\":\"ImageObject\",\"inLanguage\":\"de\",\"@id\":\"https:\\\/\\\/www.credimex.ch\\\/de\\\/#\\\/schema\\\/logo\\\/image\\\/\",\"url\":\"https:\\\/\\\/www.credimex.ch\\\/wp-content\\\/uploads\\\/2022\\\/03\\\/cropped-logo-credimex.png\",\"contentUrl\":\"https:\\\/\\\/www.credimex.ch\\\/wp-content\\\/uploads\\\/2022\\\/03\\\/cropped-logo-credimex.png\",\"width\":512,\"height\":512,\"caption\":\"credimex\"},\"image\":{\"@id\":\"https:\\\/\\\/www.credimex.ch\\\/de\\\/#\\\/schema\\\/logo\\\/image\\\/\"},\"sameAs\":[\"https:\\\/\\\/www.facebook.com\\\/credimex.alpnach\\\/\",\"https:\\\/\\\/www.linkedin.com\\\/company\\\/credimex\\\/\",\"https:\\\/\\\/www.youtube.com\\\/@CREDIMEX?sub_confirmation=1\"]}]}<\/script>\n<!-- \/ Yoast SEO Premium plugin. -->","yoast_head_json":{"title":"Jax Halo-Guard\u00ae - CREDIMEX","description":"Jax Halo-Guard\u00ae ist ein revolution\u00e4res, lebensmitteltaugliches Schmierfett, das mit einem fortschrittlichen, propriet\u00e4ren Kalziumsulfonatkomplex-Verdicker und einem sorgf\u00e4ltig ausgew\u00e4hlten Additivpaket hergestellt wird.","robots":{"index":"index","follow":"follow","max-snippet":"max-snippet:-1","max-image-preview":"max-image-preview:large","max-video-preview":"max-video-preview:-1"},"canonical":"https:\/\/www.credimex.ch\/de\/produkt\/jax-halo-guard\/","og_locale":"de_DE","og_type":"article","og_title":"Jax Halo-Guard\u00ae","og_description":"Jax Halo-Guard\u00ae ist ein revolution\u00e4res, lebensmitteltaugliches Schmierfett, das mit einem fortschrittlichen, propriet\u00e4ren Kalziumsulfonatkomplex-Verdicker und einem sorgf\u00e4ltig ausgew\u00e4hlten Additivpaket hergestellt wird.","og_url":"https:\/\/www.credimex.ch\/de\/produkt\/jax-halo-guard\/","og_site_name":"CREDIMEX","article_publisher":"https:\/\/www.facebook.com\/credimex.alpnach\/","article_modified_time":"2023-01-04T08:43:37+00:00","og_image":[{"width":800,"height":800,"url":"https:\/\/www.credimex.ch\/wp-content\/uploads\/2022\/05\/Jax-Halo-Guard\u00ae.png","type":"image\/png"}],"twitter_card":"summary_large_image","twitter_misc":{"Gesch\u00e4tzte Lesezeit":"3\u00a0Minuten"},"schema":{"@context":"https:\/\/schema.org","@graph":[{"@type":"WebPage","@id":"https:\/\/www.credimex.ch\/de\/produkt\/jax-halo-guard\/","url":"https:\/\/www.credimex.ch\/de\/produkt\/jax-halo-guard\/","name":"Jax Halo-Guard\u00ae - CREDIMEX","isPartOf":{"@id":"https:\/\/www.credimex.ch\/de\/#website"},"primaryImageOfPage":{"@id":"https:\/\/www.credimex.ch\/de\/produkt\/jax-halo-guard\/#primaryimage"},"image":{"@id":"https:\/\/www.credimex.ch\/de\/produkt\/jax-halo-guard\/#primaryimage"},"thumbnailUrl":"https:\/\/www.credimex.ch\/wp-content\/uploads\/2022\/05\/Jax-Halo-Guard\u00ae.png","datePublished":"2022-05-17T08:37:18+00:00","dateModified":"2023-01-04T08:43:37+00:00","description":"Jax Halo-Guard\u00ae ist ein revolution\u00e4res, lebensmitteltaugliches Schmierfett, das mit einem fortschrittlichen, propriet\u00e4ren Kalziumsulfonatkomplex-Verdicker und einem sorgf\u00e4ltig ausgew\u00e4hlten Additivpaket hergestellt wird.","breadcrumb":{"@id":"https:\/\/www.credimex.ch\/de\/produkt\/jax-halo-guard\/#breadcrumb"},"inLanguage":"de","potentialAction":[{"@type":"ReadAction","target":["https:\/\/www.credimex.ch\/de\/produkt\/jax-halo-guard\/"]}]},{"@type":"ImageObject","inLanguage":"de","@id":"https:\/\/www.credimex.ch\/de\/produkt\/jax-halo-guard\/#primaryimage","url":"https:\/\/www.credimex.ch\/wp-content\/uploads\/2022\/05\/Jax-Halo-Guard\u00ae.png","contentUrl":"https:\/\/www.credimex.ch\/wp-content\/uploads\/2022\/05\/Jax-Halo-Guard\u00ae.png","width":800,"height":800},{"@type":"BreadcrumbList","@id":"https:\/\/www.credimex.ch\/de\/produkt\/jax-halo-guard\/#breadcrumb","itemListElement":[{"@type":"ListItem","position":1,"name":"Home","item":"https:\/\/www.credimex.ch\/de\/"},{"@type":"ListItem","position":2,"name":"Produkte","item":"https:\/\/www.credimex.ch\/de\/produkte\/"},{"@type":"ListItem","position":3,"name":"Jax Halo-Guard\u00ae"}]},{"@type":"WebSite","@id":"https:\/\/www.credimex.ch\/de\/#website","url":"https:\/\/www.credimex.ch\/de\/","name":"CREDIMEX","description":"Partner of Swiss Industrial Market","publisher":{"@id":"https:\/\/www.credimex.ch\/de\/#organization"},"potentialAction":[{"@type":"SearchAction","target":{"@type":"EntryPoint","urlTemplate":"https:\/\/www.credimex.ch\/de\/?s={search_term_string}"},"query-input":{"@type":"PropertyValueSpecification","valueRequired":true,"valueName":"search_term_string"}}],"inLanguage":"de"},{"@type":"Organization","@id":"https:\/\/www.credimex.ch\/de\/#organization","name":"credimex","url":"https:\/\/www.credimex.ch\/de\/","logo":{"@type":"ImageObject","inLanguage":"de","@id":"https:\/\/www.credimex.ch\/de\/#\/schema\/logo\/image\/","url":"https:\/\/www.credimex.ch\/wp-content\/uploads\/2022\/03\/cropped-logo-credimex.png","contentUrl":"https:\/\/www.credimex.ch\/wp-content\/uploads\/2022\/03\/cropped-logo-credimex.png","width":512,"height":512,"caption":"credimex"},"image":{"@id":"https:\/\/www.credimex.ch\/de\/#\/schema\/logo\/image\/"},"sameAs":["https:\/\/www.facebook.com\/credimex.alpnach\/","https:\/\/www.linkedin.com\/company\/credimex\/","https:\/\/www.youtube.com\/@CREDIMEX?sub_confirmation=1"]}]}},"_links":{"self":[{"href":"https:\/\/www.credimex.ch\/de\/wp-json\/wp\/v2\/product\/4106","targetHints":{"allow":["GET"]}}],"collection":[{"href":"https:\/\/www.credimex.ch\/de\/wp-json\/wp\/v2\/product"}],"about":[{"href":"https:\/\/www.credimex.ch\/de\/wp-json\/wp\/v2\/types\/product"}],"replies":[{"embeddable":true,"href":"https:\/\/www.credimex.ch\/de\/wp-json\/wp\/v2\/comments?post=4106"}],"wp:featuredmedia":[{"embeddable":true,"href":"https:\/\/www.credimex.ch\/de\/wp-json\/wp\/v2\/media\/2927"}],"wp:attachment":[{"href":"https:\/\/www.credimex.ch\/de\/wp-json\/wp\/v2\/media?parent=4106"}],"wp:term":[{"taxonomy":"product_brand","embeddable":true,"href":"https:\/\/www.credimex.ch\/de\/wp-json\/wp\/v2\/product_brand?post=4106"},{"taxonomy":"product_cat","embeddable":true,"href":"https:\/\/www.credimex.ch\/de\/wp-json\/wp\/v2\/product_cat?post=4106"},{"taxonomy":"product_tag","embeddable":true,"href":"https:\/\/www.credimex.ch\/de\/wp-json\/wp\/v2\/product_tag?post=4106"}],"curies":[{"name":"wp","href":"https:\/\/api.w.org\/{rel}","templated":true}]}}