{"id":4108,"date":"2022-05-17T10:17:09","date_gmt":"2022-05-17T08:17:09","guid":{"rendered":"https:\/\/www.credimex.ch.mialias.net\/product\/molykote-metallschutz-plus\/"},"modified":"2023-04-04T10:39:48","modified_gmt":"2023-04-04T08:39:48","slug":"molykote-metal-protector-plus","status":"publish","type":"product","link":"https:\/\/www.credimex.ch\/de\/produkt\/molykote-metal-protector-plus\/","title":{"rendered":"MOLYKOTE\u00ae Metal Protector Plus"},"content":{"rendered":"<h2>Beschreibung<\/h2>\n<p>Bei Lagerung bei oder unter 20\u00b0C in den unge\u00f6ffneten Originalbeh\u00e4ltern hat dieses Produkt eine Haltbarkeit von 24 Monaten ab dem Herstellungsdatum.<\/p>\n<p>Zusammensetzung:<\/p>\n<ul>\n<li>Synthetisches Wachs<\/li>\n<li>Korrosionsschutzmittel<\/li>\n<li>L\u00f6sungsmittel<\/li>\n<li>Enth\u00e4lt Testbenzin<\/li>\n<\/ul>\n<h2>Produktvorteile<\/h2>\n<ul>\n<li>Langfristiger Korrosionsschutz<\/li>\n<li>Transparente Beschichtung<\/li>\n<li>Niedriger Reibungskoeffizient<\/li>\n<\/ul>\n<h2>Anwendungen<\/h2>\n<p>Korrosionsschutz f\u00fcr Metallteile, die gelagert oder transportiert werden m\u00fcssen.<\/p>\n<p>Durch Tauchen, Spr\u00fchen oder Streichen auf gereinigte Oberfl\u00e4chen auftragen. Die Trocknungszeit bei Raumtemperatur betr\u00e4gt etwa 90 Minuten. Zur Verbesserung des Korrosionsschutzes k\u00f6nnen mehrere Schichten aufgetragen werden (dazwischen trocknen lassen). D\u00fcnnere Beschichtungen lassen sich durch Verd\u00fcnnen mit Testbenzin erzielen. Durch die Kompatibilit\u00e4t von MOLYKOTE\u00ae Metal Protector Plus mit g\u00e4ngigen Schmierstoffen ist ein Abwaschen des Films vor der Benutzung der Ger\u00e4te in der Regel nicht erforderlich. Sollte dies erforderlich sein, kann es mit Testbenzin geschehen.<\/p>\n","protected":false},"excerpt":{"rendered":"<p><strong>MOLYKOTE\u00ae Metal Protector Plus<\/strong> ist eine wachsgel\u00f6ste Korrosionsschutzbeschichtung f\u00fcr Metallteile, die gelagert oder transportiert werden m\u00fcssen.<\/p>\n","protected":false},"featured_media":2919,"comment_status":"open","ping_status":"closed","template":"","meta":{"_acf_changed":false},"product_brand":[],"product_cat":[369,351,379,417,390,353,368,418,422],"product_tag":[],"class_list":{"0":"post-4108","1":"product","2":"type-product","3":"status-publish","4":"has-post-thumbnail","6":"product_cat-allgemeine-industrie","7":"product_cat-automobilindustrie","8":"product_cat-eisenbahn","9":"product_cat-elektronik","10":"product_cat-energie","11":"product_cat-industrie-schmierstoffe","12":"product_cat-molykote","13":"product_cat-seilbahnen","14":"product_cat-trockenfilm-schmierstoff","15":"pa_brands-molykote-de","17":"first","18":"instock","19":"shipping-taxable","20":"product-type-simple"},"acf":[],"_yoast_wpseo_focuskw":"MOLYKOTE\u00ae Metallschutz Plus","_yoast_wpseo_metadesc":"MOLYKOTE\u00ae Metal Protector Plus ist eine wachsgel\u00f6ste Korrosionsschutzbeschichtung.","yoast_head":"<!-- This site is optimized with the Yoast SEO Premium plugin v21.6 (Yoast SEO v27.4) - https:\/\/yoast.com\/product\/yoast-seo-premium-wordpress\/ -->\n<title>MOLYKOTE\u00ae Metal Protector Plus - CREDIMEX<\/title>\n<meta name=\"description\" content=\"MOLYKOTE\u00ae Metal Protector Plus ist eine wachsgel\u00f6ste Korrosionsschutzbeschichtung.\" \/>\n<meta name=\"robots\" content=\"index, follow, max-snippet:-1, max-image-preview:large, max-video-preview:-1\" \/>\n<link rel=\"canonical\" href=\"https:\/\/www.credimex.ch\/de\/produkt\/molykote-metal-protector-plus\/\" \/>\n<meta property=\"og:locale\" content=\"de_DE\" \/>\n<meta property=\"og:type\" content=\"article\" \/>\n<meta property=\"og:title\" content=\"MOLYKOTE\u00ae Metal Protector Plus\" \/>\n<meta property=\"og:description\" content=\"MOLYKOTE\u00ae Metal Protector Plus ist eine wachsgel\u00f6ste Korrosionsschutzbeschichtung.\" \/>\n<meta property=\"og:url\" content=\"https:\/\/www.credimex.ch\/de\/produkt\/molykote-metal-protector-plus\/\" \/>\n<meta property=\"og:site_name\" content=\"CREDIMEX\" \/>\n<meta property=\"article:publisher\" content=\"https:\/\/www.facebook.com\/credimex.alpnach\/\" \/>\n<meta property=\"article:modified_time\" content=\"2023-04-04T08:39:48+00:00\" \/>\n<meta property=\"og:image\" content=\"https:\/\/www.credimex.ch\/wp-content\/uploads\/2022\/05\/MOLYKOTE\u00ae-Metal-Protector-Plus.png\" \/>\n\t<meta property=\"og:image:width\" content=\"800\" \/>\n\t<meta property=\"og:image:height\" content=\"800\" \/>\n\t<meta property=\"og:image:type\" content=\"image\/png\" \/>\n<meta name=\"twitter:card\" content=\"summary_large_image\" \/>\n<meta name=\"twitter:label1\" content=\"Gesch\u00e4tzte Lesezeit\" \/>\n\t<meta name=\"twitter:data1\" content=\"1\u00a0Minute\" \/>\n<script type=\"application\/ld+json\" class=\"yoast-schema-graph\">{\"@context\":\"https:\\\/\\\/schema.org\",\"@graph\":[{\"@type\":\"WebPage\",\"@id\":\"https:\\\/\\\/www.credimex.ch\\\/de\\\/produkt\\\/molykote-metal-protector-plus\\\/\",\"url\":\"https:\\\/\\\/www.credimex.ch\\\/de\\\/produkt\\\/molykote-metal-protector-plus\\\/\",\"name\":\"MOLYKOTE\u00ae Metal Protector Plus - CREDIMEX\",\"isPartOf\":{\"@id\":\"https:\\\/\\\/www.credimex.ch\\\/de\\\/#website\"},\"primaryImageOfPage\":{\"@id\":\"https:\\\/\\\/www.credimex.ch\\\/de\\\/produkt\\\/molykote-metal-protector-plus\\\/#primaryimage\"},\"image\":{\"@id\":\"https:\\\/\\\/www.credimex.ch\\\/de\\\/produkt\\\/molykote-metal-protector-plus\\\/#primaryimage\"},\"thumbnailUrl\":\"https:\\\/\\\/www.credimex.ch\\\/wp-content\\\/uploads\\\/2022\\\/05\\\/MOLYKOTE\u00ae-Metal-Protector-Plus.png\",\"datePublished\":\"2022-05-17T08:17:09+00:00\",\"dateModified\":\"2023-04-04T08:39:48+00:00\",\"description\":\"MOLYKOTE\u00ae Metal Protector Plus ist eine wachsgel\u00f6ste Korrosionsschutzbeschichtung.\",\"breadcrumb\":{\"@id\":\"https:\\\/\\\/www.credimex.ch\\\/de\\\/produkt\\\/molykote-metal-protector-plus\\\/#breadcrumb\"},\"inLanguage\":\"de\",\"potentialAction\":[{\"@type\":\"ReadAction\",\"target\":[\"https:\\\/\\\/www.credimex.ch\\\/de\\\/produkt\\\/molykote-metal-protector-plus\\\/\"]}]},{\"@type\":\"ImageObject\",\"inLanguage\":\"de\",\"@id\":\"https:\\\/\\\/www.credimex.ch\\\/de\\\/produkt\\\/molykote-metal-protector-plus\\\/#primaryimage\",\"url\":\"https:\\\/\\\/www.credimex.ch\\\/wp-content\\\/uploads\\\/2022\\\/05\\\/MOLYKOTE\u00ae-Metal-Protector-Plus.png\",\"contentUrl\":\"https:\\\/\\\/www.credimex.ch\\\/wp-content\\\/uploads\\\/2022\\\/05\\\/MOLYKOTE\u00ae-Metal-Protector-Plus.png\",\"width\":800,\"height\":800},{\"@type\":\"BreadcrumbList\",\"@id\":\"https:\\\/\\\/www.credimex.ch\\\/de\\\/produkt\\\/molykote-metal-protector-plus\\\/#breadcrumb\",\"itemListElement\":[{\"@type\":\"ListItem\",\"position\":1,\"name\":\"Home\",\"item\":\"https:\\\/\\\/www.credimex.ch\\\/de\\\/\"},{\"@type\":\"ListItem\",\"position\":2,\"name\":\"Produkte\",\"item\":\"https:\\\/\\\/www.credimex.ch\\\/de\\\/produkte\\\/\"},{\"@type\":\"ListItem\",\"position\":3,\"name\":\"MOLYKOTE\u00ae Metal Protector Plus\"}]},{\"@type\":\"WebSite\",\"@id\":\"https:\\\/\\\/www.credimex.ch\\\/de\\\/#website\",\"url\":\"https:\\\/\\\/www.credimex.ch\\\/de\\\/\",\"name\":\"CREDIMEX\",\"description\":\"Partner of Swiss Industrial Market\",\"publisher\":{\"@id\":\"https:\\\/\\\/www.credimex.ch\\\/de\\\/#organization\"},\"potentialAction\":[{\"@type\":\"SearchAction\",\"target\":{\"@type\":\"EntryPoint\",\"urlTemplate\":\"https:\\\/\\\/www.credimex.ch\\\/de\\\/?s={search_term_string}\"},\"query-input\":{\"@type\":\"PropertyValueSpecification\",\"valueRequired\":true,\"valueName\":\"search_term_string\"}}],\"inLanguage\":\"de\"},{\"@type\":\"Organization\",\"@id\":\"https:\\\/\\\/www.credimex.ch\\\/de\\\/#organization\",\"name\":\"credimex\",\"url\":\"https:\\\/\\\/www.credimex.ch\\\/de\\\/\",\"logo\":{\"@type\":\"ImageObject\",\"inLanguage\":\"de\",\"@id\":\"https:\\\/\\\/www.credimex.ch\\\/de\\\/#\\\/schema\\\/logo\\\/image\\\/\",\"url\":\"https:\\\/\\\/www.credimex.ch\\\/wp-content\\\/uploads\\\/2022\\\/03\\\/cropped-logo-credimex.png\",\"contentUrl\":\"https:\\\/\\\/www.credimex.ch\\\/wp-content\\\/uploads\\\/2022\\\/03\\\/cropped-logo-credimex.png\",\"width\":512,\"height\":512,\"caption\":\"credimex\"},\"image\":{\"@id\":\"https:\\\/\\\/www.credimex.ch\\\/de\\\/#\\\/schema\\\/logo\\\/image\\\/\"},\"sameAs\":[\"https:\\\/\\\/www.facebook.com\\\/credimex.alpnach\\\/\",\"https:\\\/\\\/www.linkedin.com\\\/company\\\/credimex\\\/\",\"https:\\\/\\\/www.youtube.com\\\/@CREDIMEX?sub_confirmation=1\"]}]}<\/script>\n<!-- \/ Yoast SEO Premium plugin. -->","yoast_head_json":{"title":"MOLYKOTE\u00ae Metal Protector Plus - CREDIMEX","description":"MOLYKOTE\u00ae Metal Protector Plus ist eine wachsgel\u00f6ste Korrosionsschutzbeschichtung.","robots":{"index":"index","follow":"follow","max-snippet":"max-snippet:-1","max-image-preview":"max-image-preview:large","max-video-preview":"max-video-preview:-1"},"canonical":"https:\/\/www.credimex.ch\/de\/produkt\/molykote-metal-protector-plus\/","og_locale":"de_DE","og_type":"article","og_title":"MOLYKOTE\u00ae Metal Protector Plus","og_description":"MOLYKOTE\u00ae Metal Protector Plus ist eine wachsgel\u00f6ste Korrosionsschutzbeschichtung.","og_url":"https:\/\/www.credimex.ch\/de\/produkt\/molykote-metal-protector-plus\/","og_site_name":"CREDIMEX","article_publisher":"https:\/\/www.facebook.com\/credimex.alpnach\/","article_modified_time":"2023-04-04T08:39:48+00:00","og_image":[{"width":800,"height":800,"url":"https:\/\/www.credimex.ch\/wp-content\/uploads\/2022\/05\/MOLYKOTE\u00ae-Metal-Protector-Plus.png","type":"image\/png"}],"twitter_card":"summary_large_image","twitter_misc":{"Gesch\u00e4tzte Lesezeit":"1\u00a0Minute"},"schema":{"@context":"https:\/\/schema.org","@graph":[{"@type":"WebPage","@id":"https:\/\/www.credimex.ch\/de\/produkt\/molykote-metal-protector-plus\/","url":"https:\/\/www.credimex.ch\/de\/produkt\/molykote-metal-protector-plus\/","name":"MOLYKOTE\u00ae Metal Protector Plus - CREDIMEX","isPartOf":{"@id":"https:\/\/www.credimex.ch\/de\/#website"},"primaryImageOfPage":{"@id":"https:\/\/www.credimex.ch\/de\/produkt\/molykote-metal-protector-plus\/#primaryimage"},"image":{"@id":"https:\/\/www.credimex.ch\/de\/produkt\/molykote-metal-protector-plus\/#primaryimage"},"thumbnailUrl":"https:\/\/www.credimex.ch\/wp-content\/uploads\/2022\/05\/MOLYKOTE\u00ae-Metal-Protector-Plus.png","datePublished":"2022-05-17T08:17:09+00:00","dateModified":"2023-04-04T08:39:48+00:00","description":"MOLYKOTE\u00ae Metal Protector Plus ist eine wachsgel\u00f6ste Korrosionsschutzbeschichtung.","breadcrumb":{"@id":"https:\/\/www.credimex.ch\/de\/produkt\/molykote-metal-protector-plus\/#breadcrumb"},"inLanguage":"de","potentialAction":[{"@type":"ReadAction","target":["https:\/\/www.credimex.ch\/de\/produkt\/molykote-metal-protector-plus\/"]}]},{"@type":"ImageObject","inLanguage":"de","@id":"https:\/\/www.credimex.ch\/de\/produkt\/molykote-metal-protector-plus\/#primaryimage","url":"https:\/\/www.credimex.ch\/wp-content\/uploads\/2022\/05\/MOLYKOTE\u00ae-Metal-Protector-Plus.png","contentUrl":"https:\/\/www.credimex.ch\/wp-content\/uploads\/2022\/05\/MOLYKOTE\u00ae-Metal-Protector-Plus.png","width":800,"height":800},{"@type":"BreadcrumbList","@id":"https:\/\/www.credimex.ch\/de\/produkt\/molykote-metal-protector-plus\/#breadcrumb","itemListElement":[{"@type":"ListItem","position":1,"name":"Home","item":"https:\/\/www.credimex.ch\/de\/"},{"@type":"ListItem","position":2,"name":"Produkte","item":"https:\/\/www.credimex.ch\/de\/produkte\/"},{"@type":"ListItem","position":3,"name":"MOLYKOTE\u00ae Metal Protector Plus"}]},{"@type":"WebSite","@id":"https:\/\/www.credimex.ch\/de\/#website","url":"https:\/\/www.credimex.ch\/de\/","name":"CREDIMEX","description":"Partner of Swiss Industrial Market","publisher":{"@id":"https:\/\/www.credimex.ch\/de\/#organization"},"potentialAction":[{"@type":"SearchAction","target":{"@type":"EntryPoint","urlTemplate":"https:\/\/www.credimex.ch\/de\/?s={search_term_string}"},"query-input":{"@type":"PropertyValueSpecification","valueRequired":true,"valueName":"search_term_string"}}],"inLanguage":"de"},{"@type":"Organization","@id":"https:\/\/www.credimex.ch\/de\/#organization","name":"credimex","url":"https:\/\/www.credimex.ch\/de\/","logo":{"@type":"ImageObject","inLanguage":"de","@id":"https:\/\/www.credimex.ch\/de\/#\/schema\/logo\/image\/","url":"https:\/\/www.credimex.ch\/wp-content\/uploads\/2022\/03\/cropped-logo-credimex.png","contentUrl":"https:\/\/www.credimex.ch\/wp-content\/uploads\/2022\/03\/cropped-logo-credimex.png","width":512,"height":512,"caption":"credimex"},"image":{"@id":"https:\/\/www.credimex.ch\/de\/#\/schema\/logo\/image\/"},"sameAs":["https:\/\/www.facebook.com\/credimex.alpnach\/","https:\/\/www.linkedin.com\/company\/credimex\/","https:\/\/www.youtube.com\/@CREDIMEX?sub_confirmation=1"]}]}},"_links":{"self":[{"href":"https:\/\/www.credimex.ch\/de\/wp-json\/wp\/v2\/product\/4108","targetHints":{"allow":["GET"]}}],"collection":[{"href":"https:\/\/www.credimex.ch\/de\/wp-json\/wp\/v2\/product"}],"about":[{"href":"https:\/\/www.credimex.ch\/de\/wp-json\/wp\/v2\/types\/product"}],"replies":[{"embeddable":true,"href":"https:\/\/www.credimex.ch\/de\/wp-json\/wp\/v2\/comments?post=4108"}],"wp:featuredmedia":[{"embeddable":true,"href":"https:\/\/www.credimex.ch\/de\/wp-json\/wp\/v2\/media\/2919"}],"wp:attachment":[{"href":"https:\/\/www.credimex.ch\/de\/wp-json\/wp\/v2\/media?parent=4108"}],"wp:term":[{"taxonomy":"product_brand","embeddable":true,"href":"https:\/\/www.credimex.ch\/de\/wp-json\/wp\/v2\/product_brand?post=4108"},{"taxonomy":"product_cat","embeddable":true,"href":"https:\/\/www.credimex.ch\/de\/wp-json\/wp\/v2\/product_cat?post=4108"},{"taxonomy":"product_tag","embeddable":true,"href":"https:\/\/www.credimex.ch\/de\/wp-json\/wp\/v2\/product_tag?post=4108"}],"curies":[{"name":"wp","href":"https:\/\/api.w.org\/{rel}","templated":true}]}}