{"id":4110,"date":"2022-05-17T10:06:48","date_gmt":"2022-05-17T08:06:48","guid":{"rendered":"https:\/\/www.credimex.ch.mialias.net\/product\/molykote-omnigliss-spray\/"},"modified":"2023-01-04T09:43:02","modified_gmt":"2023-01-04T08:43:02","slug":"molykote-omnigliss","status":"publish","type":"product","link":"https:\/\/www.credimex.ch\/de\/produkt\/molykote-omnigliss\/","title":{"rendered":"MOLYKOTE\u00ae Omnigliss Spray"},"content":{"rendered":"<h2><span style=\"font-family: -apple-system, BlinkMacSystemFont, 'Segoe UI', Roboto, Oxygen-Sans, Ubuntu, Cantarell, 'Helvetica Neue', sans-serif;\">Beschreibung<\/span><\/h2>\n<p>MOLYKOTE\u00ae Omnigliss Spray ist ein schnell wirkendes Penetrationsmittel mit korrosionssch\u00fctzenden, wasserabweisenden und schmierenden Eigenschaften. Bei Lagerung bei oder unter 20\u00b0C in den unge\u00f6ffneten Originalbeh\u00e4ltern hat dieses Produkt eine Nutzungsdauer von 60 Monaten ab dem Herstellungsdatum.<\/p>\n<p>Zusammensetzung:<\/p>\n<ul>\n<li>Mineral\u00f6l<\/li>\n<li>Festschmierstoffe<\/li>\n<li>Korrosionsschutzmittel<\/li>\n<li>Stabilisator<\/li>\n<\/ul>\n<h2>Produktvorteile<\/h2>\n<ul>\n<li>Gute Durchdringung<\/li>\n<li>Wasserabweisend<\/li>\n<li>Hohe Druckfestigkeit<\/li>\n<li>Vor\u00fcbergehender Korrosionsschutz<\/li>\n<\/ul>\n<h2>Anwendungen<\/h2>\n<p>Geeignet f\u00fcr Reibungskontakte, die mit niedrigen bis mittleren Geschwindigkeiten laufen und nicht mit Schmiernippeln oder \u00d6lbohrungen versehen sind. Zur Verwendung an Gelenken, Hebeln, Ketten und anderen Komponenten von Transport- und F\u00f6rderanlagen, Textilmaschinen, automatischen Abf\u00fcllanlagen und allen Arten von Verpackungsanlagen.<\/p>\n<p>Vor Gebrauch sch\u00fctteln. Kann mit Pinsel, \u00d6lkanne, Spr\u00fchdose, Hand- oder Druckluftspr\u00fchger\u00e4t oder durch Tauchen aufgetragen werden. Bei stark korrodierten Teilen sollte die Reaktionszeit verl\u00e4ngert werden. Falls erforderlich, wiederholen Sie den Vorgang.<\/p>\n<p>&nbsp;<\/p>\n","protected":false},"excerpt":{"rendered":"<p><strong>MOLYKOTE\u00ae Omnigliss Spray<\/strong> ist ein schnell wirkendes Penetrationsmittel mit korrosionssch\u00fctzenden, wasserabweisenden und schmierenden Eigenschaften.<\/p>\n","protected":false},"featured_media":2917,"comment_status":"open","ping_status":"closed","template":"","meta":{"_acf_changed":false},"product_brand":[],"product_cat":[369,351,396,379,417,390,353,368,418],"product_tag":[],"class_list":{"0":"post-4110","1":"product","2":"type-product","3":"status-publish","4":"has-post-thumbnail","6":"product_cat-allgemeine-industrie","7":"product_cat-automobilindustrie","8":"product_cat-dispersionsschmierstoffe","9":"product_cat-eisenbahn","10":"product_cat-elektronik","11":"product_cat-energie","12":"product_cat-industrie-schmierstoffe","13":"product_cat-molykote","14":"product_cat-seilbahnen","15":"pa_brands-molykote-de","17":"first","18":"instock","19":"shipping-taxable","20":"product-type-simple"},"acf":[],"_yoast_wpseo_focuskw":"MOLYKOTE\u00ae Omnigliss Spray","_yoast_wpseo_metadesc":"MOLYKOTE\u00ae Omnigliss Spray ist ein schnell wirkendes Penetrationsmittel mit korrosionssch\u00fctzenden, wasserabweisenden und schmierenden Eigenschaften.","yoast_head":"<!-- This site is optimized with the Yoast SEO Premium plugin v21.6 (Yoast SEO v27.4) - https:\/\/yoast.com\/product\/yoast-seo-premium-wordpress\/ -->\n<title>MOLYKOTE\u00ae Omnigliss Spray - CREDIMEX<\/title>\n<meta name=\"description\" content=\"MOLYKOTE\u00ae Omnigliss Spray ist ein schnell wirkendes Penetrationsmittel mit korrosionssch\u00fctzenden, wasserabweisenden und schmierenden Eigenschaften.\" \/>\n<meta name=\"robots\" content=\"index, follow, max-snippet:-1, max-image-preview:large, max-video-preview:-1\" \/>\n<link rel=\"canonical\" href=\"https:\/\/www.credimex.ch\/de\/produkt\/molykote-omnigliss\/\" \/>\n<meta property=\"og:locale\" content=\"de_DE\" \/>\n<meta property=\"og:type\" content=\"article\" \/>\n<meta property=\"og:title\" content=\"MOLYKOTE\u00ae Omnigliss Spray\" \/>\n<meta property=\"og:description\" content=\"MOLYKOTE\u00ae Omnigliss Spray ist ein schnell wirkendes Penetrationsmittel mit korrosionssch\u00fctzenden, wasserabweisenden und schmierenden Eigenschaften.\" \/>\n<meta property=\"og:url\" content=\"https:\/\/www.credimex.ch\/de\/produkt\/molykote-omnigliss\/\" \/>\n<meta property=\"og:site_name\" content=\"CREDIMEX\" \/>\n<meta property=\"article:publisher\" content=\"https:\/\/www.facebook.com\/credimex.alpnach\/\" \/>\n<meta property=\"article:modified_time\" content=\"2023-01-04T08:43:02+00:00\" \/>\n<meta property=\"og:image\" content=\"https:\/\/www.credimex.ch\/wp-content\/uploads\/2022\/05\/MOLYKOTE\u00ae-Omnigliss.png\" \/>\n\t<meta property=\"og:image:width\" content=\"800\" \/>\n\t<meta property=\"og:image:height\" content=\"800\" \/>\n\t<meta property=\"og:image:type\" content=\"image\/png\" \/>\n<meta name=\"twitter:card\" content=\"summary_large_image\" \/>\n<meta name=\"twitter:label1\" content=\"Gesch\u00e4tzte Lesezeit\" \/>\n\t<meta name=\"twitter:data1\" content=\"1\u00a0Minute\" \/>\n<script type=\"application\/ld+json\" class=\"yoast-schema-graph\">{\"@context\":\"https:\\\/\\\/schema.org\",\"@graph\":[{\"@type\":\"WebPage\",\"@id\":\"https:\\\/\\\/www.credimex.ch\\\/de\\\/produkt\\\/molykote-omnigliss\\\/\",\"url\":\"https:\\\/\\\/www.credimex.ch\\\/de\\\/produkt\\\/molykote-omnigliss\\\/\",\"name\":\"MOLYKOTE\u00ae Omnigliss Spray - CREDIMEX\",\"isPartOf\":{\"@id\":\"https:\\\/\\\/www.credimex.ch\\\/de\\\/#website\"},\"primaryImageOfPage\":{\"@id\":\"https:\\\/\\\/www.credimex.ch\\\/de\\\/produkt\\\/molykote-omnigliss\\\/#primaryimage\"},\"image\":{\"@id\":\"https:\\\/\\\/www.credimex.ch\\\/de\\\/produkt\\\/molykote-omnigliss\\\/#primaryimage\"},\"thumbnailUrl\":\"https:\\\/\\\/www.credimex.ch\\\/wp-content\\\/uploads\\\/2022\\\/05\\\/MOLYKOTE\u00ae-Omnigliss.png\",\"datePublished\":\"2022-05-17T08:06:48+00:00\",\"dateModified\":\"2023-01-04T08:43:02+00:00\",\"description\":\"MOLYKOTE\u00ae Omnigliss Spray ist ein schnell wirkendes Penetrationsmittel mit korrosionssch\u00fctzenden, wasserabweisenden und schmierenden Eigenschaften.\",\"breadcrumb\":{\"@id\":\"https:\\\/\\\/www.credimex.ch\\\/de\\\/produkt\\\/molykote-omnigliss\\\/#breadcrumb\"},\"inLanguage\":\"de\",\"potentialAction\":[{\"@type\":\"ReadAction\",\"target\":[\"https:\\\/\\\/www.credimex.ch\\\/de\\\/produkt\\\/molykote-omnigliss\\\/\"]}]},{\"@type\":\"ImageObject\",\"inLanguage\":\"de\",\"@id\":\"https:\\\/\\\/www.credimex.ch\\\/de\\\/produkt\\\/molykote-omnigliss\\\/#primaryimage\",\"url\":\"https:\\\/\\\/www.credimex.ch\\\/wp-content\\\/uploads\\\/2022\\\/05\\\/MOLYKOTE\u00ae-Omnigliss.png\",\"contentUrl\":\"https:\\\/\\\/www.credimex.ch\\\/wp-content\\\/uploads\\\/2022\\\/05\\\/MOLYKOTE\u00ae-Omnigliss.png\",\"width\":800,\"height\":800},{\"@type\":\"BreadcrumbList\",\"@id\":\"https:\\\/\\\/www.credimex.ch\\\/de\\\/produkt\\\/molykote-omnigliss\\\/#breadcrumb\",\"itemListElement\":[{\"@type\":\"ListItem\",\"position\":1,\"name\":\"Home\",\"item\":\"https:\\\/\\\/www.credimex.ch\\\/de\\\/\"},{\"@type\":\"ListItem\",\"position\":2,\"name\":\"Produkte\",\"item\":\"https:\\\/\\\/www.credimex.ch\\\/de\\\/produkte\\\/\"},{\"@type\":\"ListItem\",\"position\":3,\"name\":\"MOLYKOTE\u00ae Omnigliss Spray\"}]},{\"@type\":\"WebSite\",\"@id\":\"https:\\\/\\\/www.credimex.ch\\\/de\\\/#website\",\"url\":\"https:\\\/\\\/www.credimex.ch\\\/de\\\/\",\"name\":\"CREDIMEX\",\"description\":\"Partner of Swiss Industrial Market\",\"publisher\":{\"@id\":\"https:\\\/\\\/www.credimex.ch\\\/de\\\/#organization\"},\"potentialAction\":[{\"@type\":\"SearchAction\",\"target\":{\"@type\":\"EntryPoint\",\"urlTemplate\":\"https:\\\/\\\/www.credimex.ch\\\/de\\\/?s={search_term_string}\"},\"query-input\":{\"@type\":\"PropertyValueSpecification\",\"valueRequired\":true,\"valueName\":\"search_term_string\"}}],\"inLanguage\":\"de\"},{\"@type\":\"Organization\",\"@id\":\"https:\\\/\\\/www.credimex.ch\\\/de\\\/#organization\",\"name\":\"credimex\",\"url\":\"https:\\\/\\\/www.credimex.ch\\\/de\\\/\",\"logo\":{\"@type\":\"ImageObject\",\"inLanguage\":\"de\",\"@id\":\"https:\\\/\\\/www.credimex.ch\\\/de\\\/#\\\/schema\\\/logo\\\/image\\\/\",\"url\":\"https:\\\/\\\/www.credimex.ch\\\/wp-content\\\/uploads\\\/2022\\\/03\\\/cropped-logo-credimex.png\",\"contentUrl\":\"https:\\\/\\\/www.credimex.ch\\\/wp-content\\\/uploads\\\/2022\\\/03\\\/cropped-logo-credimex.png\",\"width\":512,\"height\":512,\"caption\":\"credimex\"},\"image\":{\"@id\":\"https:\\\/\\\/www.credimex.ch\\\/de\\\/#\\\/schema\\\/logo\\\/image\\\/\"},\"sameAs\":[\"https:\\\/\\\/www.facebook.com\\\/credimex.alpnach\\\/\",\"https:\\\/\\\/www.linkedin.com\\\/company\\\/credimex\\\/\",\"https:\\\/\\\/www.youtube.com\\\/@CREDIMEX?sub_confirmation=1\"]}]}<\/script>\n<!-- \/ Yoast SEO Premium plugin. -->","yoast_head_json":{"title":"MOLYKOTE\u00ae Omnigliss Spray - CREDIMEX","description":"MOLYKOTE\u00ae Omnigliss Spray ist ein schnell wirkendes Penetrationsmittel mit korrosionssch\u00fctzenden, wasserabweisenden und schmierenden Eigenschaften.","robots":{"index":"index","follow":"follow","max-snippet":"max-snippet:-1","max-image-preview":"max-image-preview:large","max-video-preview":"max-video-preview:-1"},"canonical":"https:\/\/www.credimex.ch\/de\/produkt\/molykote-omnigliss\/","og_locale":"de_DE","og_type":"article","og_title":"MOLYKOTE\u00ae Omnigliss Spray","og_description":"MOLYKOTE\u00ae Omnigliss Spray ist ein schnell wirkendes Penetrationsmittel mit korrosionssch\u00fctzenden, wasserabweisenden und schmierenden Eigenschaften.","og_url":"https:\/\/www.credimex.ch\/de\/produkt\/molykote-omnigliss\/","og_site_name":"CREDIMEX","article_publisher":"https:\/\/www.facebook.com\/credimex.alpnach\/","article_modified_time":"2023-01-04T08:43:02+00:00","og_image":[{"width":800,"height":800,"url":"https:\/\/www.credimex.ch\/wp-content\/uploads\/2022\/05\/MOLYKOTE\u00ae-Omnigliss.png","type":"image\/png"}],"twitter_card":"summary_large_image","twitter_misc":{"Gesch\u00e4tzte Lesezeit":"1\u00a0Minute"},"schema":{"@context":"https:\/\/schema.org","@graph":[{"@type":"WebPage","@id":"https:\/\/www.credimex.ch\/de\/produkt\/molykote-omnigliss\/","url":"https:\/\/www.credimex.ch\/de\/produkt\/molykote-omnigliss\/","name":"MOLYKOTE\u00ae Omnigliss Spray - CREDIMEX","isPartOf":{"@id":"https:\/\/www.credimex.ch\/de\/#website"},"primaryImageOfPage":{"@id":"https:\/\/www.credimex.ch\/de\/produkt\/molykote-omnigliss\/#primaryimage"},"image":{"@id":"https:\/\/www.credimex.ch\/de\/produkt\/molykote-omnigliss\/#primaryimage"},"thumbnailUrl":"https:\/\/www.credimex.ch\/wp-content\/uploads\/2022\/05\/MOLYKOTE\u00ae-Omnigliss.png","datePublished":"2022-05-17T08:06:48+00:00","dateModified":"2023-01-04T08:43:02+00:00","description":"MOLYKOTE\u00ae Omnigliss Spray ist ein schnell wirkendes Penetrationsmittel mit korrosionssch\u00fctzenden, wasserabweisenden und schmierenden Eigenschaften.","breadcrumb":{"@id":"https:\/\/www.credimex.ch\/de\/produkt\/molykote-omnigliss\/#breadcrumb"},"inLanguage":"de","potentialAction":[{"@type":"ReadAction","target":["https:\/\/www.credimex.ch\/de\/produkt\/molykote-omnigliss\/"]}]},{"@type":"ImageObject","inLanguage":"de","@id":"https:\/\/www.credimex.ch\/de\/produkt\/molykote-omnigliss\/#primaryimage","url":"https:\/\/www.credimex.ch\/wp-content\/uploads\/2022\/05\/MOLYKOTE\u00ae-Omnigliss.png","contentUrl":"https:\/\/www.credimex.ch\/wp-content\/uploads\/2022\/05\/MOLYKOTE\u00ae-Omnigliss.png","width":800,"height":800},{"@type":"BreadcrumbList","@id":"https:\/\/www.credimex.ch\/de\/produkt\/molykote-omnigliss\/#breadcrumb","itemListElement":[{"@type":"ListItem","position":1,"name":"Home","item":"https:\/\/www.credimex.ch\/de\/"},{"@type":"ListItem","position":2,"name":"Produkte","item":"https:\/\/www.credimex.ch\/de\/produkte\/"},{"@type":"ListItem","position":3,"name":"MOLYKOTE\u00ae Omnigliss Spray"}]},{"@type":"WebSite","@id":"https:\/\/www.credimex.ch\/de\/#website","url":"https:\/\/www.credimex.ch\/de\/","name":"CREDIMEX","description":"Partner of Swiss Industrial Market","publisher":{"@id":"https:\/\/www.credimex.ch\/de\/#organization"},"potentialAction":[{"@type":"SearchAction","target":{"@type":"EntryPoint","urlTemplate":"https:\/\/www.credimex.ch\/de\/?s={search_term_string}"},"query-input":{"@type":"PropertyValueSpecification","valueRequired":true,"valueName":"search_term_string"}}],"inLanguage":"de"},{"@type":"Organization","@id":"https:\/\/www.credimex.ch\/de\/#organization","name":"credimex","url":"https:\/\/www.credimex.ch\/de\/","logo":{"@type":"ImageObject","inLanguage":"de","@id":"https:\/\/www.credimex.ch\/de\/#\/schema\/logo\/image\/","url":"https:\/\/www.credimex.ch\/wp-content\/uploads\/2022\/03\/cropped-logo-credimex.png","contentUrl":"https:\/\/www.credimex.ch\/wp-content\/uploads\/2022\/03\/cropped-logo-credimex.png","width":512,"height":512,"caption":"credimex"},"image":{"@id":"https:\/\/www.credimex.ch\/de\/#\/schema\/logo\/image\/"},"sameAs":["https:\/\/www.facebook.com\/credimex.alpnach\/","https:\/\/www.linkedin.com\/company\/credimex\/","https:\/\/www.youtube.com\/@CREDIMEX?sub_confirmation=1"]}]}},"_links":{"self":[{"href":"https:\/\/www.credimex.ch\/de\/wp-json\/wp\/v2\/product\/4110","targetHints":{"allow":["GET"]}}],"collection":[{"href":"https:\/\/www.credimex.ch\/de\/wp-json\/wp\/v2\/product"}],"about":[{"href":"https:\/\/www.credimex.ch\/de\/wp-json\/wp\/v2\/types\/product"}],"replies":[{"embeddable":true,"href":"https:\/\/www.credimex.ch\/de\/wp-json\/wp\/v2\/comments?post=4110"}],"wp:featuredmedia":[{"embeddable":true,"href":"https:\/\/www.credimex.ch\/de\/wp-json\/wp\/v2\/media\/2917"}],"wp:attachment":[{"href":"https:\/\/www.credimex.ch\/de\/wp-json\/wp\/v2\/media?parent=4110"}],"wp:term":[{"taxonomy":"product_brand","embeddable":true,"href":"https:\/\/www.credimex.ch\/de\/wp-json\/wp\/v2\/product_brand?post=4110"},{"taxonomy":"product_cat","embeddable":true,"href":"https:\/\/www.credimex.ch\/de\/wp-json\/wp\/v2\/product_cat?post=4110"},{"taxonomy":"product_tag","embeddable":true,"href":"https:\/\/www.credimex.ch\/de\/wp-json\/wp\/v2\/product_tag?post=4110"}],"curies":[{"name":"wp","href":"https:\/\/api.w.org\/{rel}","templated":true}]}}