{"id":4112,"date":"2022-05-17T09:53:40","date_gmt":"2022-05-17T07:53:40","guid":{"rendered":"https:\/\/www.credimex.ch.mialias.net\/product\/molykote-111-verbindung\/"},"modified":"2023-04-04T08:45:56","modified_gmt":"2023-04-04T06:45:56","slug":"molykote-111-verbindung","status":"publish","type":"product","link":"https:\/\/www.credimex.ch\/de\/produkt\/molykote-111-verbindung\/","title":{"rendered":"MOLYKOTE\u00ae 111-Verbindung"},"content":{"rendered":"<h2>Beschreibung<\/h2>\n<p>MOLYKOTE\u00ae 111 Compound ist NLGI Grade 3-4, durchscheinend weiss und wird haupts\u00e4chlich als Allzweck-O-Ring- und Ventilschmiermittel verwendet. MOLYKOTE\u00ae 111 Compound erf\u00fcllt mehrere globale Standards f\u00fcr den Wasserkontakt, darunter NSF 51, NSF 61, FDA 21 CFR 175.300, Water Regulations Advisory Scheme Approval BS9260 (England), IPL-Konformit\u00e4tszertifikat (Frankreich) und DIN-DVGW-Pr\u00fcfungszertifikat (Deutschland).<\/p>\n<p>Bei Lagerung zwischen 0 und 40\u00b0C in den unge\u00f6ffneten Originalbeh\u00e4ltern hat dieses Produkt eine Haltbarkeit von 60 Monaten ab dem Herstellungsdatum.<\/p>\n<p>Zusammensetzung:<\/p>\n<ul>\n<li>Silikon\u00f6l<\/li>\n<li>Anorganisches Verdickungsmittel<\/li>\n<\/ul>\n<h2>Produktvorteile<\/h2>\n<ul>\n<li>Grosser Betriebstemperaturbereich (-40\u00b0C bis 200\u00b0C)<\/li>\n<li>Ausgezeichnete Wasserbest\u00e4ndigkeit<\/li>\n<li>Kompatibel mit vielen Kunststoffen und Elastomeren<\/li>\n<li>Niedriger Dampfdruck<\/li>\n<li>Geringe Volatilit\u00e4t<\/li>\n<li>Erf\u00fcllt mehrere globale Normen f\u00fcr den Kontakt mit Wasser<\/li>\n<\/ul>\n<p>&nbsp;<\/p>\n<h2>Anwendungen<\/h2>\n<p>Schmierung von Regel- und Druckabsperrventilen, Wasserenth\u00e4rter- und Wasserhahnventilen. Dichtungsmasse f\u00fcr Vakuum- und Drucksysteme und Ger\u00e4te im Aussenbereich (auch an Bord von Schiffen), die Waschvorg\u00e4ngen und rauen Umwelteinfl\u00fcssen ausgesetzt sind, wie z. B. Z\u00e4hler, Stromanschl\u00fcsse und unterirdische Verbindungen. D\u00e4mpfungsmedium f\u00fcr Armaturenbretter in elektrischen und elektronischen Ger\u00e4ten. Als Antihaft- und Dichtungsmittel f\u00fcr Transformatorendichtungen und Ger\u00e4tegeh\u00e4use &#8211; es verhindert das Anhaften von Dichtungen am Metall und ist witterungsbest\u00e4ndig und wasserabweisend. Auch f\u00fcr O-Ringe, Dichtungen und Verschl\u00fcsse aus Gummi und Kunststoff geeignet.<\/p>\n<p>MOLYKOTE\u00ae 111 Compound kann von Hand, mit speziell entwickelten automatischen Ger\u00e4ten, durch Streichen oder Wischen aufgetragen werden. Bestimmte Ausf\u00fchrungen von Fettpressen k\u00f6nnen sich festsetzen; testen Sie sie vor dem Gebrauch. Eine d\u00fcnnere Konsistenz kann durch Dispergieren in L\u00f6sungsmitteln wie Xylol, Spiritus und Methylethylketon erreicht werden. MOLYKOTE\u00ae 111 Compound kann dann durch Streichen, Tauchen oder Spr\u00fchen aufgetragen werden.<\/p>\n","protected":false},"excerpt":{"rendered":"<p><strong>MOLYKOTE\u00ae 111 Compound<\/strong> ist NLGI Grade 3-4, durchscheinend weiss und wird haupts\u00e4chlich als Allzweck-O-Ring- und Ventilschmiermittel verwendet.<\/p>\n","protected":false},"featured_media":2923,"comment_status":"open","ping_status":"closed","template":"","meta":{"_acf_changed":false},"product_brand":[],"product_cat":[369,351,426,380,379,417,390,353,370,368,418],"product_tag":[],"class_list":{"0":"post-4112","1":"product","2":"type-product","3":"status-publish","4":"has-post-thumbnail","6":"product_cat-allgemeine-industrie","7":"product_cat-automobilindustrie","8":"product_cat-compound","9":"product_cat-e-mobilitat","10":"product_cat-eisenbahn","11":"product_cat-elektronik","12":"product_cat-energie","13":"product_cat-industrie-schmierstoffe","14":"product_cat-lebensmittelindustrie","15":"product_cat-molykote","16":"product_cat-seilbahnen","17":"pa_brands-molykote-de","19":"first","20":"instock","21":"shipping-taxable","22":"product-type-simple"},"acf":[],"_yoast_wpseo_focuskw":"MOLYKOTE\u00ae 111-Verbindung","_yoast_wpseo_metadesc":"MOLYKOTE\u00ae 111 Compound ist NLGI Grade 3-4, durchscheinend weiss und wird haupts\u00e4chlich als Allzweck-O-Ring- und Ventilschmiermittel verwendet.","yoast_head":"<!-- This site is optimized with the Yoast SEO Premium plugin v21.6 (Yoast SEO v27.4) - https:\/\/yoast.com\/product\/yoast-seo-premium-wordpress\/ -->\n<title>MOLYKOTE\u00ae 111-Verbindung - CREDIMEX<\/title>\n<meta name=\"description\" content=\"MOLYKOTE\u00ae 111 Compound ist NLGI Grade 3-4, durchscheinend weiss und wird haupts\u00e4chlich als Allzweck-O-Ring- und Ventilschmiermittel verwendet.\" \/>\n<meta name=\"robots\" content=\"index, follow, max-snippet:-1, max-image-preview:large, max-video-preview:-1\" \/>\n<link rel=\"canonical\" href=\"https:\/\/www.credimex.ch\/de\/produkt\/molykote-111-verbindung\/\" \/>\n<meta property=\"og:locale\" content=\"de_DE\" \/>\n<meta property=\"og:type\" content=\"article\" \/>\n<meta property=\"og:title\" content=\"MOLYKOTE\u00ae 111-Verbindung\" \/>\n<meta property=\"og:description\" content=\"MOLYKOTE\u00ae 111 Compound ist NLGI Grade 3-4, durchscheinend weiss und wird haupts\u00e4chlich als Allzweck-O-Ring- und Ventilschmiermittel verwendet.\" \/>\n<meta property=\"og:url\" content=\"https:\/\/www.credimex.ch\/de\/produkt\/molykote-111-verbindung\/\" \/>\n<meta property=\"og:site_name\" content=\"CREDIMEX\" \/>\n<meta property=\"article:publisher\" content=\"https:\/\/www.facebook.com\/credimex.alpnach\/\" \/>\n<meta property=\"article:modified_time\" content=\"2023-04-04T06:45:56+00:00\" \/>\n<meta property=\"og:image\" content=\"https:\/\/www.credimex.ch\/wp-content\/uploads\/2022\/05\/MOLYKOTE\u00ae-111-Compound.png\" \/>\n\t<meta property=\"og:image:width\" content=\"800\" \/>\n\t<meta property=\"og:image:height\" content=\"800\" \/>\n\t<meta property=\"og:image:type\" content=\"image\/png\" \/>\n<meta name=\"twitter:card\" content=\"summary_large_image\" \/>\n<meta name=\"twitter:label1\" content=\"Gesch\u00e4tzte Lesezeit\" \/>\n\t<meta name=\"twitter:data1\" content=\"1\u00a0Minute\" \/>\n<script type=\"application\/ld+json\" class=\"yoast-schema-graph\">{\"@context\":\"https:\\\/\\\/schema.org\",\"@graph\":[{\"@type\":\"WebPage\",\"@id\":\"https:\\\/\\\/www.credimex.ch\\\/de\\\/produkt\\\/molykote-111-verbindung\\\/\",\"url\":\"https:\\\/\\\/www.credimex.ch\\\/de\\\/produkt\\\/molykote-111-verbindung\\\/\",\"name\":\"MOLYKOTE\u00ae 111-Verbindung - CREDIMEX\",\"isPartOf\":{\"@id\":\"https:\\\/\\\/www.credimex.ch\\\/de\\\/#website\"},\"primaryImageOfPage\":{\"@id\":\"https:\\\/\\\/www.credimex.ch\\\/de\\\/produkt\\\/molykote-111-verbindung\\\/#primaryimage\"},\"image\":{\"@id\":\"https:\\\/\\\/www.credimex.ch\\\/de\\\/produkt\\\/molykote-111-verbindung\\\/#primaryimage\"},\"thumbnailUrl\":\"https:\\\/\\\/www.credimex.ch\\\/wp-content\\\/uploads\\\/2022\\\/05\\\/MOLYKOTE\u00ae-111-Compound.png\",\"datePublished\":\"2022-05-17T07:53:40+00:00\",\"dateModified\":\"2023-04-04T06:45:56+00:00\",\"description\":\"MOLYKOTE\u00ae 111 Compound ist NLGI Grade 3-4, durchscheinend weiss und wird haupts\u00e4chlich als Allzweck-O-Ring- und Ventilschmiermittel verwendet.\",\"breadcrumb\":{\"@id\":\"https:\\\/\\\/www.credimex.ch\\\/de\\\/produkt\\\/molykote-111-verbindung\\\/#breadcrumb\"},\"inLanguage\":\"de\",\"potentialAction\":[{\"@type\":\"ReadAction\",\"target\":[\"https:\\\/\\\/www.credimex.ch\\\/de\\\/produkt\\\/molykote-111-verbindung\\\/\"]}]},{\"@type\":\"ImageObject\",\"inLanguage\":\"de\",\"@id\":\"https:\\\/\\\/www.credimex.ch\\\/de\\\/produkt\\\/molykote-111-verbindung\\\/#primaryimage\",\"url\":\"https:\\\/\\\/www.credimex.ch\\\/wp-content\\\/uploads\\\/2022\\\/05\\\/MOLYKOTE\u00ae-111-Compound.png\",\"contentUrl\":\"https:\\\/\\\/www.credimex.ch\\\/wp-content\\\/uploads\\\/2022\\\/05\\\/MOLYKOTE\u00ae-111-Compound.png\",\"width\":800,\"height\":800},{\"@type\":\"BreadcrumbList\",\"@id\":\"https:\\\/\\\/www.credimex.ch\\\/de\\\/produkt\\\/molykote-111-verbindung\\\/#breadcrumb\",\"itemListElement\":[{\"@type\":\"ListItem\",\"position\":1,\"name\":\"Home\",\"item\":\"https:\\\/\\\/www.credimex.ch\\\/de\\\/\"},{\"@type\":\"ListItem\",\"position\":2,\"name\":\"Produkte\",\"item\":\"https:\\\/\\\/www.credimex.ch\\\/de\\\/produkte\\\/\"},{\"@type\":\"ListItem\",\"position\":3,\"name\":\"MOLYKOTE\u00ae 111-Verbindung\"}]},{\"@type\":\"WebSite\",\"@id\":\"https:\\\/\\\/www.credimex.ch\\\/de\\\/#website\",\"url\":\"https:\\\/\\\/www.credimex.ch\\\/de\\\/\",\"name\":\"CREDIMEX\",\"description\":\"Partner of Swiss Industrial Market\",\"publisher\":{\"@id\":\"https:\\\/\\\/www.credimex.ch\\\/de\\\/#organization\"},\"potentialAction\":[{\"@type\":\"SearchAction\",\"target\":{\"@type\":\"EntryPoint\",\"urlTemplate\":\"https:\\\/\\\/www.credimex.ch\\\/de\\\/?s={search_term_string}\"},\"query-input\":{\"@type\":\"PropertyValueSpecification\",\"valueRequired\":true,\"valueName\":\"search_term_string\"}}],\"inLanguage\":\"de\"},{\"@type\":\"Organization\",\"@id\":\"https:\\\/\\\/www.credimex.ch\\\/de\\\/#organization\",\"name\":\"credimex\",\"url\":\"https:\\\/\\\/www.credimex.ch\\\/de\\\/\",\"logo\":{\"@type\":\"ImageObject\",\"inLanguage\":\"de\",\"@id\":\"https:\\\/\\\/www.credimex.ch\\\/de\\\/#\\\/schema\\\/logo\\\/image\\\/\",\"url\":\"https:\\\/\\\/www.credimex.ch\\\/wp-content\\\/uploads\\\/2022\\\/03\\\/cropped-logo-credimex.png\",\"contentUrl\":\"https:\\\/\\\/www.credimex.ch\\\/wp-content\\\/uploads\\\/2022\\\/03\\\/cropped-logo-credimex.png\",\"width\":512,\"height\":512,\"caption\":\"credimex\"},\"image\":{\"@id\":\"https:\\\/\\\/www.credimex.ch\\\/de\\\/#\\\/schema\\\/logo\\\/image\\\/\"},\"sameAs\":[\"https:\\\/\\\/www.facebook.com\\\/credimex.alpnach\\\/\",\"https:\\\/\\\/www.linkedin.com\\\/company\\\/credimex\\\/\",\"https:\\\/\\\/www.youtube.com\\\/@CREDIMEX?sub_confirmation=1\"]}]}<\/script>\n<!-- \/ Yoast SEO Premium plugin. -->","yoast_head_json":{"title":"MOLYKOTE\u00ae 111-Verbindung - CREDIMEX","description":"MOLYKOTE\u00ae 111 Compound ist NLGI Grade 3-4, durchscheinend weiss und wird haupts\u00e4chlich als Allzweck-O-Ring- und Ventilschmiermittel verwendet.","robots":{"index":"index","follow":"follow","max-snippet":"max-snippet:-1","max-image-preview":"max-image-preview:large","max-video-preview":"max-video-preview:-1"},"canonical":"https:\/\/www.credimex.ch\/de\/produkt\/molykote-111-verbindung\/","og_locale":"de_DE","og_type":"article","og_title":"MOLYKOTE\u00ae 111-Verbindung","og_description":"MOLYKOTE\u00ae 111 Compound ist NLGI Grade 3-4, durchscheinend weiss und wird haupts\u00e4chlich als Allzweck-O-Ring- und Ventilschmiermittel verwendet.","og_url":"https:\/\/www.credimex.ch\/de\/produkt\/molykote-111-verbindung\/","og_site_name":"CREDIMEX","article_publisher":"https:\/\/www.facebook.com\/credimex.alpnach\/","article_modified_time":"2023-04-04T06:45:56+00:00","og_image":[{"width":800,"height":800,"url":"https:\/\/www.credimex.ch\/wp-content\/uploads\/2022\/05\/MOLYKOTE\u00ae-111-Compound.png","type":"image\/png"}],"twitter_card":"summary_large_image","twitter_misc":{"Gesch\u00e4tzte Lesezeit":"1\u00a0Minute"},"schema":{"@context":"https:\/\/schema.org","@graph":[{"@type":"WebPage","@id":"https:\/\/www.credimex.ch\/de\/produkt\/molykote-111-verbindung\/","url":"https:\/\/www.credimex.ch\/de\/produkt\/molykote-111-verbindung\/","name":"MOLYKOTE\u00ae 111-Verbindung - CREDIMEX","isPartOf":{"@id":"https:\/\/www.credimex.ch\/de\/#website"},"primaryImageOfPage":{"@id":"https:\/\/www.credimex.ch\/de\/produkt\/molykote-111-verbindung\/#primaryimage"},"image":{"@id":"https:\/\/www.credimex.ch\/de\/produkt\/molykote-111-verbindung\/#primaryimage"},"thumbnailUrl":"https:\/\/www.credimex.ch\/wp-content\/uploads\/2022\/05\/MOLYKOTE\u00ae-111-Compound.png","datePublished":"2022-05-17T07:53:40+00:00","dateModified":"2023-04-04T06:45:56+00:00","description":"MOLYKOTE\u00ae 111 Compound ist NLGI Grade 3-4, durchscheinend weiss und wird haupts\u00e4chlich als Allzweck-O-Ring- und Ventilschmiermittel verwendet.","breadcrumb":{"@id":"https:\/\/www.credimex.ch\/de\/produkt\/molykote-111-verbindung\/#breadcrumb"},"inLanguage":"de","potentialAction":[{"@type":"ReadAction","target":["https:\/\/www.credimex.ch\/de\/produkt\/molykote-111-verbindung\/"]}]},{"@type":"ImageObject","inLanguage":"de","@id":"https:\/\/www.credimex.ch\/de\/produkt\/molykote-111-verbindung\/#primaryimage","url":"https:\/\/www.credimex.ch\/wp-content\/uploads\/2022\/05\/MOLYKOTE\u00ae-111-Compound.png","contentUrl":"https:\/\/www.credimex.ch\/wp-content\/uploads\/2022\/05\/MOLYKOTE\u00ae-111-Compound.png","width":800,"height":800},{"@type":"BreadcrumbList","@id":"https:\/\/www.credimex.ch\/de\/produkt\/molykote-111-verbindung\/#breadcrumb","itemListElement":[{"@type":"ListItem","position":1,"name":"Home","item":"https:\/\/www.credimex.ch\/de\/"},{"@type":"ListItem","position":2,"name":"Produkte","item":"https:\/\/www.credimex.ch\/de\/produkte\/"},{"@type":"ListItem","position":3,"name":"MOLYKOTE\u00ae 111-Verbindung"}]},{"@type":"WebSite","@id":"https:\/\/www.credimex.ch\/de\/#website","url":"https:\/\/www.credimex.ch\/de\/","name":"CREDIMEX","description":"Partner of Swiss Industrial Market","publisher":{"@id":"https:\/\/www.credimex.ch\/de\/#organization"},"potentialAction":[{"@type":"SearchAction","target":{"@type":"EntryPoint","urlTemplate":"https:\/\/www.credimex.ch\/de\/?s={search_term_string}"},"query-input":{"@type":"PropertyValueSpecification","valueRequired":true,"valueName":"search_term_string"}}],"inLanguage":"de"},{"@type":"Organization","@id":"https:\/\/www.credimex.ch\/de\/#organization","name":"credimex","url":"https:\/\/www.credimex.ch\/de\/","logo":{"@type":"ImageObject","inLanguage":"de","@id":"https:\/\/www.credimex.ch\/de\/#\/schema\/logo\/image\/","url":"https:\/\/www.credimex.ch\/wp-content\/uploads\/2022\/03\/cropped-logo-credimex.png","contentUrl":"https:\/\/www.credimex.ch\/wp-content\/uploads\/2022\/03\/cropped-logo-credimex.png","width":512,"height":512,"caption":"credimex"},"image":{"@id":"https:\/\/www.credimex.ch\/de\/#\/schema\/logo\/image\/"},"sameAs":["https:\/\/www.facebook.com\/credimex.alpnach\/","https:\/\/www.linkedin.com\/company\/credimex\/","https:\/\/www.youtube.com\/@CREDIMEX?sub_confirmation=1"]}]}},"_links":{"self":[{"href":"https:\/\/www.credimex.ch\/de\/wp-json\/wp\/v2\/product\/4112","targetHints":{"allow":["GET"]}}],"collection":[{"href":"https:\/\/www.credimex.ch\/de\/wp-json\/wp\/v2\/product"}],"about":[{"href":"https:\/\/www.credimex.ch\/de\/wp-json\/wp\/v2\/types\/product"}],"replies":[{"embeddable":true,"href":"https:\/\/www.credimex.ch\/de\/wp-json\/wp\/v2\/comments?post=4112"}],"wp:featuredmedia":[{"embeddable":true,"href":"https:\/\/www.credimex.ch\/de\/wp-json\/wp\/v2\/media\/2923"}],"wp:attachment":[{"href":"https:\/\/www.credimex.ch\/de\/wp-json\/wp\/v2\/media?parent=4112"}],"wp:term":[{"taxonomy":"product_brand","embeddable":true,"href":"https:\/\/www.credimex.ch\/de\/wp-json\/wp\/v2\/product_brand?post=4112"},{"taxonomy":"product_cat","embeddable":true,"href":"https:\/\/www.credimex.ch\/de\/wp-json\/wp\/v2\/product_cat?post=4112"},{"taxonomy":"product_tag","embeddable":true,"href":"https:\/\/www.credimex.ch\/de\/wp-json\/wp\/v2\/product_tag?post=4112"}],"curies":[{"name":"wp","href":"https:\/\/api.w.org\/{rel}","templated":true}]}}