{"id":4118,"date":"2022-05-17T09:23:42","date_gmt":"2022-05-17T07:23:42","guid":{"rendered":"https:\/\/www.credimex.ch.mialias.net\/product\/molykote-pg-65-plastislip\/"},"modified":"2023-01-04T09:42:38","modified_gmt":"2023-01-04T08:42:38","slug":"molykote-pg-65-plastislip","status":"publish","type":"product","link":"https:\/\/www.credimex.ch\/de\/produkt\/molykote-pg-65-plastislip\/","title":{"rendered":"MOLYKOTE PG-65 Plastislip"},"content":{"rendered":"<h2>Beschreibung<\/h2>\n<p>Synthetisches Kohlenwasserstofffett mit speziell formulierten Festschmierstoffen. Es ist hervorragend mit Kunststoffen wie PET, HDPE, PTFE, Nylon und PBT sowie mit Kautschuk wie NBR, PIB, Polyurethan und Neopren vertr\u00e4glich. Es hat einen niedrigen Reibungskoeffizienten und bietet gute Schmierf\u00e4higkeit bei hohen Betriebsgeschwindigkeiten. Das Produkt besteht aus synthetischem Kohlenwasserstoff\u00f6l\/Lithiumseifenfett. Der Temperaturbereich liegt zwischen -55 und +130 \u00b0C.<\/p>\n<h2>Produktvorteile<\/h2>\n<ul>\n<li>Kompatibel mit vielen Kunststoffen<\/li>\n<li>Niedriger Reibungskoeffizient<\/li>\n<li>Konzipiert f\u00fcr Hochgeschwindigkeitsanwendungen.<\/li>\n<\/ul>\n<h2>Anwendung<\/h2>\n<p>PG-65 Plastislip wurde in erster Linie f\u00fcr die Schmierung von Kunststoff\/Kunststoff, Kunststoff\/Metall, Kunststoff\/Gummi und Metall\/Gummi in elektromechanischen Anwendungen wie Lagerbuchsen, Zahnr\u00e4dern, Gleitschienen, Schaltern, Hebeln und Scharnieren entwickelt. Besonders effektiv ist PG-65 Plastislip als Schmiermittel in Bowdenzug-Steuerungssystemen, Elektromotoren und Getrieben, Schiebedachschienen in Kraftfahrzeugen und HVAC-Steuerungen in Kraftfahrzeugen.<\/p>\n","protected":false},"excerpt":{"rendered":"<p><strong>Molykote\u00ae PG-65 Plastislip<\/strong> ist ein synthetisches Kohlenwasserstoff\u00f6l\/Lithiumseifenfett mit speziell formulierten Festschmierstoffen.<\/p>\n","protected":false},"featured_media":2913,"comment_status":"open","ping_status":"closed","template":"","meta":{"_acf_changed":false},"product_brand":[],"product_cat":[369,351,417,371,353,368],"product_tag":[],"class_list":{"0":"post-4118","1":"product","2":"type-product","3":"status-publish","4":"has-post-thumbnail","6":"product_cat-allgemeine-industrie","7":"product_cat-automobilindustrie","8":"product_cat-elektronik","9":"product_cat-fette","10":"product_cat-industrie-schmierstoffe","11":"product_cat-molykote","12":"pa_brands-molykote-de","14":"first","15":"instock","16":"shipping-taxable","17":"product-type-simple"},"acf":[],"_yoast_wpseo_focuskw":"MOLYKOTE PG-65 Plastislip","_yoast_wpseo_metadesc":"Molykote\u00ae PG-65 Plastislip ist ein synthetisches Kohlenwasserstoff\u00f6l\/Lithiumseifenfett mit speziell formulierten Festschmierstoffen.","yoast_head":"<!-- This site is optimized with the Yoast SEO Premium plugin v21.6 (Yoast SEO v27.4) - https:\/\/yoast.com\/product\/yoast-seo-premium-wordpress\/ -->\n<title>MOLYKOTE PG-65 Plastislip - CREDIMEX<\/title>\n<meta name=\"description\" content=\"Molykote\u00ae PG-65 Plastislip ist ein synthetisches Kohlenwasserstoff\u00f6l\/Lithiumseifenfett mit speziell formulierten Festschmierstoffen.\" \/>\n<meta name=\"robots\" content=\"index, follow, max-snippet:-1, max-image-preview:large, max-video-preview:-1\" \/>\n<link rel=\"canonical\" href=\"https:\/\/www.credimex.ch\/de\/produkt\/molykote-pg-65-plastislip\/\" \/>\n<meta property=\"og:locale\" content=\"de_DE\" \/>\n<meta property=\"og:type\" content=\"article\" \/>\n<meta property=\"og:title\" content=\"MOLYKOTE PG-65 Plastislip\" \/>\n<meta property=\"og:description\" content=\"Molykote\u00ae PG-65 Plastislip ist ein synthetisches Kohlenwasserstoff\u00f6l\/Lithiumseifenfett mit speziell formulierten Festschmierstoffen.\" \/>\n<meta property=\"og:url\" content=\"https:\/\/www.credimex.ch\/de\/produkt\/molykote-pg-65-plastislip\/\" \/>\n<meta property=\"og:site_name\" content=\"CREDIMEX\" \/>\n<meta property=\"article:publisher\" content=\"https:\/\/www.facebook.com\/credimex.alpnach\/\" \/>\n<meta property=\"article:modified_time\" content=\"2023-01-04T08:42:38+00:00\" \/>\n<meta property=\"og:image\" content=\"https:\/\/www.credimex.ch\/wp-content\/uploads\/2022\/05\/Molykote-PG-65.png\" \/>\n\t<meta property=\"og:image:width\" content=\"800\" \/>\n\t<meta property=\"og:image:height\" content=\"800\" \/>\n\t<meta property=\"og:image:type\" content=\"image\/png\" \/>\n<meta name=\"twitter:card\" content=\"summary_large_image\" \/>\n<meta name=\"twitter:label1\" content=\"Gesch\u00e4tzte Lesezeit\" \/>\n\t<meta name=\"twitter:data1\" content=\"1\u00a0Minute\" \/>\n<script type=\"application\/ld+json\" class=\"yoast-schema-graph\">{\"@context\":\"https:\\\/\\\/schema.org\",\"@graph\":[{\"@type\":\"WebPage\",\"@id\":\"https:\\\/\\\/www.credimex.ch\\\/de\\\/produkt\\\/molykote-pg-65-plastislip\\\/\",\"url\":\"https:\\\/\\\/www.credimex.ch\\\/de\\\/produkt\\\/molykote-pg-65-plastislip\\\/\",\"name\":\"MOLYKOTE PG-65 Plastislip - CREDIMEX\",\"isPartOf\":{\"@id\":\"https:\\\/\\\/www.credimex.ch\\\/de\\\/#website\"},\"primaryImageOfPage\":{\"@id\":\"https:\\\/\\\/www.credimex.ch\\\/de\\\/produkt\\\/molykote-pg-65-plastislip\\\/#primaryimage\"},\"image\":{\"@id\":\"https:\\\/\\\/www.credimex.ch\\\/de\\\/produkt\\\/molykote-pg-65-plastislip\\\/#primaryimage\"},\"thumbnailUrl\":\"https:\\\/\\\/www.credimex.ch\\\/wp-content\\\/uploads\\\/2022\\\/05\\\/Molykote-PG-65.png\",\"datePublished\":\"2022-05-17T07:23:42+00:00\",\"dateModified\":\"2023-01-04T08:42:38+00:00\",\"description\":\"Molykote\u00ae PG-65 Plastislip ist ein synthetisches Kohlenwasserstoff\u00f6l\\\/Lithiumseifenfett mit speziell formulierten Festschmierstoffen.\",\"breadcrumb\":{\"@id\":\"https:\\\/\\\/www.credimex.ch\\\/de\\\/produkt\\\/molykote-pg-65-plastislip\\\/#breadcrumb\"},\"inLanguage\":\"de\",\"potentialAction\":[{\"@type\":\"ReadAction\",\"target\":[\"https:\\\/\\\/www.credimex.ch\\\/de\\\/produkt\\\/molykote-pg-65-plastislip\\\/\"]}]},{\"@type\":\"ImageObject\",\"inLanguage\":\"de\",\"@id\":\"https:\\\/\\\/www.credimex.ch\\\/de\\\/produkt\\\/molykote-pg-65-plastislip\\\/#primaryimage\",\"url\":\"https:\\\/\\\/www.credimex.ch\\\/wp-content\\\/uploads\\\/2022\\\/05\\\/Molykote-PG-65.png\",\"contentUrl\":\"https:\\\/\\\/www.credimex.ch\\\/wp-content\\\/uploads\\\/2022\\\/05\\\/Molykote-PG-65.png\",\"width\":800,\"height\":800},{\"@type\":\"BreadcrumbList\",\"@id\":\"https:\\\/\\\/www.credimex.ch\\\/de\\\/produkt\\\/molykote-pg-65-plastislip\\\/#breadcrumb\",\"itemListElement\":[{\"@type\":\"ListItem\",\"position\":1,\"name\":\"Home\",\"item\":\"https:\\\/\\\/www.credimex.ch\\\/de\\\/\"},{\"@type\":\"ListItem\",\"position\":2,\"name\":\"Produkte\",\"item\":\"https:\\\/\\\/www.credimex.ch\\\/de\\\/produkte\\\/\"},{\"@type\":\"ListItem\",\"position\":3,\"name\":\"MOLYKOTE PG-65 Plastislip\"}]},{\"@type\":\"WebSite\",\"@id\":\"https:\\\/\\\/www.credimex.ch\\\/de\\\/#website\",\"url\":\"https:\\\/\\\/www.credimex.ch\\\/de\\\/\",\"name\":\"CREDIMEX\",\"description\":\"Partner of Swiss Industrial Market\",\"publisher\":{\"@id\":\"https:\\\/\\\/www.credimex.ch\\\/de\\\/#organization\"},\"potentialAction\":[{\"@type\":\"SearchAction\",\"target\":{\"@type\":\"EntryPoint\",\"urlTemplate\":\"https:\\\/\\\/www.credimex.ch\\\/de\\\/?s={search_term_string}\"},\"query-input\":{\"@type\":\"PropertyValueSpecification\",\"valueRequired\":true,\"valueName\":\"search_term_string\"}}],\"inLanguage\":\"de\"},{\"@type\":\"Organization\",\"@id\":\"https:\\\/\\\/www.credimex.ch\\\/de\\\/#organization\",\"name\":\"credimex\",\"url\":\"https:\\\/\\\/www.credimex.ch\\\/de\\\/\",\"logo\":{\"@type\":\"ImageObject\",\"inLanguage\":\"de\",\"@id\":\"https:\\\/\\\/www.credimex.ch\\\/de\\\/#\\\/schema\\\/logo\\\/image\\\/\",\"url\":\"https:\\\/\\\/www.credimex.ch\\\/wp-content\\\/uploads\\\/2022\\\/03\\\/cropped-logo-credimex.png\",\"contentUrl\":\"https:\\\/\\\/www.credimex.ch\\\/wp-content\\\/uploads\\\/2022\\\/03\\\/cropped-logo-credimex.png\",\"width\":512,\"height\":512,\"caption\":\"credimex\"},\"image\":{\"@id\":\"https:\\\/\\\/www.credimex.ch\\\/de\\\/#\\\/schema\\\/logo\\\/image\\\/\"},\"sameAs\":[\"https:\\\/\\\/www.facebook.com\\\/credimex.alpnach\\\/\",\"https:\\\/\\\/www.linkedin.com\\\/company\\\/credimex\\\/\",\"https:\\\/\\\/www.youtube.com\\\/@CREDIMEX?sub_confirmation=1\"]}]}<\/script>\n<!-- \/ Yoast SEO Premium plugin. -->","yoast_head_json":{"title":"MOLYKOTE PG-65 Plastislip - CREDIMEX","description":"Molykote\u00ae PG-65 Plastislip ist ein synthetisches Kohlenwasserstoff\u00f6l\/Lithiumseifenfett mit speziell formulierten Festschmierstoffen.","robots":{"index":"index","follow":"follow","max-snippet":"max-snippet:-1","max-image-preview":"max-image-preview:large","max-video-preview":"max-video-preview:-1"},"canonical":"https:\/\/www.credimex.ch\/de\/produkt\/molykote-pg-65-plastislip\/","og_locale":"de_DE","og_type":"article","og_title":"MOLYKOTE PG-65 Plastislip","og_description":"Molykote\u00ae PG-65 Plastislip ist ein synthetisches Kohlenwasserstoff\u00f6l\/Lithiumseifenfett mit speziell formulierten Festschmierstoffen.","og_url":"https:\/\/www.credimex.ch\/de\/produkt\/molykote-pg-65-plastislip\/","og_site_name":"CREDIMEX","article_publisher":"https:\/\/www.facebook.com\/credimex.alpnach\/","article_modified_time":"2023-01-04T08:42:38+00:00","og_image":[{"width":800,"height":800,"url":"https:\/\/www.credimex.ch\/wp-content\/uploads\/2022\/05\/Molykote-PG-65.png","type":"image\/png"}],"twitter_card":"summary_large_image","twitter_misc":{"Gesch\u00e4tzte Lesezeit":"1\u00a0Minute"},"schema":{"@context":"https:\/\/schema.org","@graph":[{"@type":"WebPage","@id":"https:\/\/www.credimex.ch\/de\/produkt\/molykote-pg-65-plastislip\/","url":"https:\/\/www.credimex.ch\/de\/produkt\/molykote-pg-65-plastislip\/","name":"MOLYKOTE PG-65 Plastislip - CREDIMEX","isPartOf":{"@id":"https:\/\/www.credimex.ch\/de\/#website"},"primaryImageOfPage":{"@id":"https:\/\/www.credimex.ch\/de\/produkt\/molykote-pg-65-plastislip\/#primaryimage"},"image":{"@id":"https:\/\/www.credimex.ch\/de\/produkt\/molykote-pg-65-plastislip\/#primaryimage"},"thumbnailUrl":"https:\/\/www.credimex.ch\/wp-content\/uploads\/2022\/05\/Molykote-PG-65.png","datePublished":"2022-05-17T07:23:42+00:00","dateModified":"2023-01-04T08:42:38+00:00","description":"Molykote\u00ae PG-65 Plastislip ist ein synthetisches Kohlenwasserstoff\u00f6l\/Lithiumseifenfett mit speziell formulierten Festschmierstoffen.","breadcrumb":{"@id":"https:\/\/www.credimex.ch\/de\/produkt\/molykote-pg-65-plastislip\/#breadcrumb"},"inLanguage":"de","potentialAction":[{"@type":"ReadAction","target":["https:\/\/www.credimex.ch\/de\/produkt\/molykote-pg-65-plastislip\/"]}]},{"@type":"ImageObject","inLanguage":"de","@id":"https:\/\/www.credimex.ch\/de\/produkt\/molykote-pg-65-plastislip\/#primaryimage","url":"https:\/\/www.credimex.ch\/wp-content\/uploads\/2022\/05\/Molykote-PG-65.png","contentUrl":"https:\/\/www.credimex.ch\/wp-content\/uploads\/2022\/05\/Molykote-PG-65.png","width":800,"height":800},{"@type":"BreadcrumbList","@id":"https:\/\/www.credimex.ch\/de\/produkt\/molykote-pg-65-plastislip\/#breadcrumb","itemListElement":[{"@type":"ListItem","position":1,"name":"Home","item":"https:\/\/www.credimex.ch\/de\/"},{"@type":"ListItem","position":2,"name":"Produkte","item":"https:\/\/www.credimex.ch\/de\/produkte\/"},{"@type":"ListItem","position":3,"name":"MOLYKOTE PG-65 Plastislip"}]},{"@type":"WebSite","@id":"https:\/\/www.credimex.ch\/de\/#website","url":"https:\/\/www.credimex.ch\/de\/","name":"CREDIMEX","description":"Partner of Swiss Industrial Market","publisher":{"@id":"https:\/\/www.credimex.ch\/de\/#organization"},"potentialAction":[{"@type":"SearchAction","target":{"@type":"EntryPoint","urlTemplate":"https:\/\/www.credimex.ch\/de\/?s={search_term_string}"},"query-input":{"@type":"PropertyValueSpecification","valueRequired":true,"valueName":"search_term_string"}}],"inLanguage":"de"},{"@type":"Organization","@id":"https:\/\/www.credimex.ch\/de\/#organization","name":"credimex","url":"https:\/\/www.credimex.ch\/de\/","logo":{"@type":"ImageObject","inLanguage":"de","@id":"https:\/\/www.credimex.ch\/de\/#\/schema\/logo\/image\/","url":"https:\/\/www.credimex.ch\/wp-content\/uploads\/2022\/03\/cropped-logo-credimex.png","contentUrl":"https:\/\/www.credimex.ch\/wp-content\/uploads\/2022\/03\/cropped-logo-credimex.png","width":512,"height":512,"caption":"credimex"},"image":{"@id":"https:\/\/www.credimex.ch\/de\/#\/schema\/logo\/image\/"},"sameAs":["https:\/\/www.facebook.com\/credimex.alpnach\/","https:\/\/www.linkedin.com\/company\/credimex\/","https:\/\/www.youtube.com\/@CREDIMEX?sub_confirmation=1"]}]}},"_links":{"self":[{"href":"https:\/\/www.credimex.ch\/de\/wp-json\/wp\/v2\/product\/4118","targetHints":{"allow":["GET"]}}],"collection":[{"href":"https:\/\/www.credimex.ch\/de\/wp-json\/wp\/v2\/product"}],"about":[{"href":"https:\/\/www.credimex.ch\/de\/wp-json\/wp\/v2\/types\/product"}],"replies":[{"embeddable":true,"href":"https:\/\/www.credimex.ch\/de\/wp-json\/wp\/v2\/comments?post=4118"}],"wp:featuredmedia":[{"embeddable":true,"href":"https:\/\/www.credimex.ch\/de\/wp-json\/wp\/v2\/media\/2913"}],"wp:attachment":[{"href":"https:\/\/www.credimex.ch\/de\/wp-json\/wp\/v2\/media?parent=4118"}],"wp:term":[{"taxonomy":"product_brand","embeddable":true,"href":"https:\/\/www.credimex.ch\/de\/wp-json\/wp\/v2\/product_brand?post=4118"},{"taxonomy":"product_cat","embeddable":true,"href":"https:\/\/www.credimex.ch\/de\/wp-json\/wp\/v2\/product_cat?post=4118"},{"taxonomy":"product_tag","embeddable":true,"href":"https:\/\/www.credimex.ch\/de\/wp-json\/wp\/v2\/product_tag?post=4118"}],"curies":[{"name":"wp","href":"https:\/\/api.w.org\/{rel}","templated":true}]}}