{"id":4120,"date":"2022-05-17T09:13:26","date_gmt":"2022-05-17T07:13:26","guid":{"rendered":"https:\/\/www.credimex.ch.mialias.net\/product\/molykote-p-1900\/"},"modified":"2023-04-04T08:42:12","modified_gmt":"2023-04-04T06:42:12","slug":"molykote-p-1900","status":"publish","type":"product","link":"https:\/\/www.credimex.ch\/de\/produkt\/molykote-p-1900\/","title":{"rendered":"MOLYKOTE\u00ae P-1900"},"content":{"rendered":"<h2>Beschreibung<\/h2>\n<p>MOLYKOTE\u00ae P-1900 FM Anti-Seize Paste ist eine Anti-Seize-Paste auf Mineral\u00f6lbasis, die mit einer synergetischen Kombination von Festschmierstoffen angereichert ist und die FDA-Vorschriften 21 CRF 178.3570 sowie die NSF H1-Klassifizierung f\u00fcr den gelegentlichen Kontakt mit Lebensmitteln erf\u00fcllt. MOLYKOTE\u00ae P-1900 Paste bietet einen ausgezeichneten niedrigen Reibungskoeffizienten und eine hohe Tragf\u00e4higkeit.<\/p>\n<p>MOLYKOTE\u00ae P-1900 FM Anti-Seize Paste hat eine Haltbarkeit von 60 Monaten, wenn sie bei oder unter 20\u00baC in den unge\u00f6ffneten Originalbeh\u00e4ltern gelagert wird.<\/p>\n<h2>Produktvorteile<\/h2>\n<ul>\n<li>Erf\u00fcllt die FDA-Vorschriften 21 CRF 178.3570 und die NSF H1-Klassifizierung f\u00fcr gelegentlichen Lebensmittelkontakt<\/li>\n<li>Niedriger Reibungskoeffizient<\/li>\n<li>Gute Wasserbest\u00e4ndigkeit<\/li>\n<li>Hohe Tragf\u00e4higkeit<\/li>\n<li>Zusammensetzung<\/li>\n<li>Mineral\u00f6l<\/li>\n<li>Aluminiumkomplex-Verdicker<\/li>\n<li>Festschmierstoffe<\/li>\n<\/ul>\n<h2>Anwendung<\/h2>\n<p>Schmierung mechanischer Komponenten in der Lebensmittel- und Getr\u00e4nkeindustrie. Gleitfl\u00e4chen und Reibungskontakte werden stark belastet, insbesondere bei niedrigen bis mittleren Geschwindigkeiten.<\/p>\n<p>Die Kontaktstellen sollten, soweit m\u00f6glich, gereinigt werden. Die Paste sollte mit einem geeigneten Pinsel aufgetragen werden. Es kann mit einer Fettpresse abgegeben werden. \u00dcberm\u00e4ssige Schmierung ist nicht sch\u00e4dlich.<\/p>\n","protected":false},"excerpt":{"rendered":"<p><strong>MOLYKOTE\u00ae P-1900<\/strong> ist eine mineral\u00f6lbasierte Anti-Seize-Paste mit weissen Feststoffen welche sehr auswaschbest\u00e4ndig ist und eine hohe Tragf\u00e4higkeit aufweist.<\/p>\n","protected":false},"featured_media":2911,"comment_status":"open","ping_status":"closed","template":"","meta":{"_acf_changed":false},"product_brand":[],"product_cat":[353,370,368,534],"product_tag":[],"class_list":{"0":"post-4120","1":"product","2":"type-product","3":"status-publish","4":"has-post-thumbnail","6":"product_cat-industrie-schmierstoffe","7":"product_cat-lebensmittelindustrie","8":"product_cat-molykote","9":"product_cat-pasten","10":"pa_brands-molykote-de","12":"first","13":"instock","14":"shipping-taxable","15":"product-type-simple"},"acf":[],"_yoast_wpseo_focuskw":"MOLYKOTE\u00ae P-1900","_yoast_wpseo_metadesc":"MOLYKOTE\u00ae P-1900 ist eine mineral\u00f6lbasierte Anti-Seize-Paste mit Festschmierstoffen einschliesslich weisser Feststoffe f\u00fcr hohe Tragf\u00e4higkeit und Wasserbest\u00e4ndigkeit.","yoast_head":"<!-- This site is optimized with the Yoast SEO Premium plugin v21.6 (Yoast SEO v27.4) - https:\/\/yoast.com\/product\/yoast-seo-premium-wordpress\/ -->\n<title>MOLYKOTE\u00ae P-1900 - CREDIMEX<\/title>\n<meta name=\"description\" content=\"MOLYKOTE\u00ae P-1900 ist eine mineral\u00f6lbasierte Anti-Seize-Paste mit Festschmierstoffen einschliesslich weisser Feststoffe f\u00fcr hohe Tragf\u00e4higkeit und Wasserbest\u00e4ndigkeit.\" \/>\n<meta name=\"robots\" content=\"index, follow, max-snippet:-1, max-image-preview:large, max-video-preview:-1\" \/>\n<link rel=\"canonical\" href=\"https:\/\/www.credimex.ch\/de\/produkt\/molykote-p-1900\/\" \/>\n<meta property=\"og:locale\" content=\"de_DE\" \/>\n<meta property=\"og:type\" content=\"article\" \/>\n<meta property=\"og:title\" content=\"MOLYKOTE\u00ae P-1900\" \/>\n<meta property=\"og:description\" content=\"MOLYKOTE\u00ae P-1900 ist eine mineral\u00f6lbasierte Anti-Seize-Paste mit Festschmierstoffen einschliesslich weisser Feststoffe f\u00fcr hohe Tragf\u00e4higkeit und Wasserbest\u00e4ndigkeit.\" \/>\n<meta property=\"og:url\" content=\"https:\/\/www.credimex.ch\/de\/produkt\/molykote-p-1900\/\" \/>\n<meta property=\"og:site_name\" content=\"CREDIMEX\" \/>\n<meta property=\"article:publisher\" content=\"https:\/\/www.facebook.com\/credimex.alpnach\/\" \/>\n<meta property=\"article:modified_time\" content=\"2023-04-04T06:42:12+00:00\" \/>\n<meta property=\"og:image\" content=\"https:\/\/www.credimex.ch\/wp-content\/uploads\/2022\/05\/MOLYCOTE-P-1900.png\" \/>\n\t<meta property=\"og:image:width\" content=\"800\" \/>\n\t<meta property=\"og:image:height\" content=\"800\" \/>\n\t<meta property=\"og:image:type\" content=\"image\/png\" \/>\n<meta name=\"twitter:card\" content=\"summary_large_image\" \/>\n<meta name=\"twitter:label1\" content=\"Gesch\u00e4tzte Lesezeit\" \/>\n\t<meta name=\"twitter:data1\" content=\"1\u00a0Minute\" \/>\n<script type=\"application\/ld+json\" class=\"yoast-schema-graph\">{\"@context\":\"https:\\\/\\\/schema.org\",\"@graph\":[{\"@type\":\"WebPage\",\"@id\":\"https:\\\/\\\/www.credimex.ch\\\/de\\\/produkt\\\/molykote-p-1900\\\/\",\"url\":\"https:\\\/\\\/www.credimex.ch\\\/de\\\/produkt\\\/molykote-p-1900\\\/\",\"name\":\"MOLYKOTE\u00ae P-1900 - CREDIMEX\",\"isPartOf\":{\"@id\":\"https:\\\/\\\/www.credimex.ch\\\/de\\\/#website\"},\"primaryImageOfPage\":{\"@id\":\"https:\\\/\\\/www.credimex.ch\\\/de\\\/produkt\\\/molykote-p-1900\\\/#primaryimage\"},\"image\":{\"@id\":\"https:\\\/\\\/www.credimex.ch\\\/de\\\/produkt\\\/molykote-p-1900\\\/#primaryimage\"},\"thumbnailUrl\":\"https:\\\/\\\/www.credimex.ch\\\/wp-content\\\/uploads\\\/2022\\\/05\\\/MOLYCOTE-P-1900.png\",\"datePublished\":\"2022-05-17T07:13:26+00:00\",\"dateModified\":\"2023-04-04T06:42:12+00:00\",\"description\":\"MOLYKOTE\u00ae P-1900 ist eine mineral\u00f6lbasierte Anti-Seize-Paste mit Festschmierstoffen einschliesslich weisser Feststoffe f\u00fcr hohe Tragf\u00e4higkeit und Wasserbest\u00e4ndigkeit.\",\"breadcrumb\":{\"@id\":\"https:\\\/\\\/www.credimex.ch\\\/de\\\/produkt\\\/molykote-p-1900\\\/#breadcrumb\"},\"inLanguage\":\"de\",\"potentialAction\":[{\"@type\":\"ReadAction\",\"target\":[\"https:\\\/\\\/www.credimex.ch\\\/de\\\/produkt\\\/molykote-p-1900\\\/\"]}]},{\"@type\":\"ImageObject\",\"inLanguage\":\"de\",\"@id\":\"https:\\\/\\\/www.credimex.ch\\\/de\\\/produkt\\\/molykote-p-1900\\\/#primaryimage\",\"url\":\"https:\\\/\\\/www.credimex.ch\\\/wp-content\\\/uploads\\\/2022\\\/05\\\/MOLYCOTE-P-1900.png\",\"contentUrl\":\"https:\\\/\\\/www.credimex.ch\\\/wp-content\\\/uploads\\\/2022\\\/05\\\/MOLYCOTE-P-1900.png\",\"width\":800,\"height\":800},{\"@type\":\"BreadcrumbList\",\"@id\":\"https:\\\/\\\/www.credimex.ch\\\/de\\\/produkt\\\/molykote-p-1900\\\/#breadcrumb\",\"itemListElement\":[{\"@type\":\"ListItem\",\"position\":1,\"name\":\"Home\",\"item\":\"https:\\\/\\\/www.credimex.ch\\\/de\\\/\"},{\"@type\":\"ListItem\",\"position\":2,\"name\":\"Produkte\",\"item\":\"https:\\\/\\\/www.credimex.ch\\\/de\\\/produkte\\\/\"},{\"@type\":\"ListItem\",\"position\":3,\"name\":\"MOLYKOTE\u00ae P-1900\"}]},{\"@type\":\"WebSite\",\"@id\":\"https:\\\/\\\/www.credimex.ch\\\/de\\\/#website\",\"url\":\"https:\\\/\\\/www.credimex.ch\\\/de\\\/\",\"name\":\"CREDIMEX\",\"description\":\"Partner of Swiss Industrial Market\",\"publisher\":{\"@id\":\"https:\\\/\\\/www.credimex.ch\\\/de\\\/#organization\"},\"potentialAction\":[{\"@type\":\"SearchAction\",\"target\":{\"@type\":\"EntryPoint\",\"urlTemplate\":\"https:\\\/\\\/www.credimex.ch\\\/de\\\/?s={search_term_string}\"},\"query-input\":{\"@type\":\"PropertyValueSpecification\",\"valueRequired\":true,\"valueName\":\"search_term_string\"}}],\"inLanguage\":\"de\"},{\"@type\":\"Organization\",\"@id\":\"https:\\\/\\\/www.credimex.ch\\\/de\\\/#organization\",\"name\":\"credimex\",\"url\":\"https:\\\/\\\/www.credimex.ch\\\/de\\\/\",\"logo\":{\"@type\":\"ImageObject\",\"inLanguage\":\"de\",\"@id\":\"https:\\\/\\\/www.credimex.ch\\\/de\\\/#\\\/schema\\\/logo\\\/image\\\/\",\"url\":\"https:\\\/\\\/www.credimex.ch\\\/wp-content\\\/uploads\\\/2022\\\/03\\\/cropped-logo-credimex.png\",\"contentUrl\":\"https:\\\/\\\/www.credimex.ch\\\/wp-content\\\/uploads\\\/2022\\\/03\\\/cropped-logo-credimex.png\",\"width\":512,\"height\":512,\"caption\":\"credimex\"},\"image\":{\"@id\":\"https:\\\/\\\/www.credimex.ch\\\/de\\\/#\\\/schema\\\/logo\\\/image\\\/\"},\"sameAs\":[\"https:\\\/\\\/www.facebook.com\\\/credimex.alpnach\\\/\",\"https:\\\/\\\/www.linkedin.com\\\/company\\\/credimex\\\/\",\"https:\\\/\\\/www.youtube.com\\\/@CREDIMEX?sub_confirmation=1\"]}]}<\/script>\n<!-- \/ Yoast SEO Premium plugin. -->","yoast_head_json":{"title":"MOLYKOTE\u00ae P-1900 - CREDIMEX","description":"MOLYKOTE\u00ae P-1900 ist eine mineral\u00f6lbasierte Anti-Seize-Paste mit Festschmierstoffen einschliesslich weisser Feststoffe f\u00fcr hohe Tragf\u00e4higkeit und Wasserbest\u00e4ndigkeit.","robots":{"index":"index","follow":"follow","max-snippet":"max-snippet:-1","max-image-preview":"max-image-preview:large","max-video-preview":"max-video-preview:-1"},"canonical":"https:\/\/www.credimex.ch\/de\/produkt\/molykote-p-1900\/","og_locale":"de_DE","og_type":"article","og_title":"MOLYKOTE\u00ae P-1900","og_description":"MOLYKOTE\u00ae P-1900 ist eine mineral\u00f6lbasierte Anti-Seize-Paste mit Festschmierstoffen einschliesslich weisser Feststoffe f\u00fcr hohe Tragf\u00e4higkeit und Wasserbest\u00e4ndigkeit.","og_url":"https:\/\/www.credimex.ch\/de\/produkt\/molykote-p-1900\/","og_site_name":"CREDIMEX","article_publisher":"https:\/\/www.facebook.com\/credimex.alpnach\/","article_modified_time":"2023-04-04T06:42:12+00:00","og_image":[{"width":800,"height":800,"url":"https:\/\/www.credimex.ch\/wp-content\/uploads\/2022\/05\/MOLYCOTE-P-1900.png","type":"image\/png"}],"twitter_card":"summary_large_image","twitter_misc":{"Gesch\u00e4tzte Lesezeit":"1\u00a0Minute"},"schema":{"@context":"https:\/\/schema.org","@graph":[{"@type":"WebPage","@id":"https:\/\/www.credimex.ch\/de\/produkt\/molykote-p-1900\/","url":"https:\/\/www.credimex.ch\/de\/produkt\/molykote-p-1900\/","name":"MOLYKOTE\u00ae P-1900 - CREDIMEX","isPartOf":{"@id":"https:\/\/www.credimex.ch\/de\/#website"},"primaryImageOfPage":{"@id":"https:\/\/www.credimex.ch\/de\/produkt\/molykote-p-1900\/#primaryimage"},"image":{"@id":"https:\/\/www.credimex.ch\/de\/produkt\/molykote-p-1900\/#primaryimage"},"thumbnailUrl":"https:\/\/www.credimex.ch\/wp-content\/uploads\/2022\/05\/MOLYCOTE-P-1900.png","datePublished":"2022-05-17T07:13:26+00:00","dateModified":"2023-04-04T06:42:12+00:00","description":"MOLYKOTE\u00ae P-1900 ist eine mineral\u00f6lbasierte Anti-Seize-Paste mit Festschmierstoffen einschliesslich weisser Feststoffe f\u00fcr hohe Tragf\u00e4higkeit und Wasserbest\u00e4ndigkeit.","breadcrumb":{"@id":"https:\/\/www.credimex.ch\/de\/produkt\/molykote-p-1900\/#breadcrumb"},"inLanguage":"de","potentialAction":[{"@type":"ReadAction","target":["https:\/\/www.credimex.ch\/de\/produkt\/molykote-p-1900\/"]}]},{"@type":"ImageObject","inLanguage":"de","@id":"https:\/\/www.credimex.ch\/de\/produkt\/molykote-p-1900\/#primaryimage","url":"https:\/\/www.credimex.ch\/wp-content\/uploads\/2022\/05\/MOLYCOTE-P-1900.png","contentUrl":"https:\/\/www.credimex.ch\/wp-content\/uploads\/2022\/05\/MOLYCOTE-P-1900.png","width":800,"height":800},{"@type":"BreadcrumbList","@id":"https:\/\/www.credimex.ch\/de\/produkt\/molykote-p-1900\/#breadcrumb","itemListElement":[{"@type":"ListItem","position":1,"name":"Home","item":"https:\/\/www.credimex.ch\/de\/"},{"@type":"ListItem","position":2,"name":"Produkte","item":"https:\/\/www.credimex.ch\/de\/produkte\/"},{"@type":"ListItem","position":3,"name":"MOLYKOTE\u00ae P-1900"}]},{"@type":"WebSite","@id":"https:\/\/www.credimex.ch\/de\/#website","url":"https:\/\/www.credimex.ch\/de\/","name":"CREDIMEX","description":"Partner of Swiss Industrial Market","publisher":{"@id":"https:\/\/www.credimex.ch\/de\/#organization"},"potentialAction":[{"@type":"SearchAction","target":{"@type":"EntryPoint","urlTemplate":"https:\/\/www.credimex.ch\/de\/?s={search_term_string}"},"query-input":{"@type":"PropertyValueSpecification","valueRequired":true,"valueName":"search_term_string"}}],"inLanguage":"de"},{"@type":"Organization","@id":"https:\/\/www.credimex.ch\/de\/#organization","name":"credimex","url":"https:\/\/www.credimex.ch\/de\/","logo":{"@type":"ImageObject","inLanguage":"de","@id":"https:\/\/www.credimex.ch\/de\/#\/schema\/logo\/image\/","url":"https:\/\/www.credimex.ch\/wp-content\/uploads\/2022\/03\/cropped-logo-credimex.png","contentUrl":"https:\/\/www.credimex.ch\/wp-content\/uploads\/2022\/03\/cropped-logo-credimex.png","width":512,"height":512,"caption":"credimex"},"image":{"@id":"https:\/\/www.credimex.ch\/de\/#\/schema\/logo\/image\/"},"sameAs":["https:\/\/www.facebook.com\/credimex.alpnach\/","https:\/\/www.linkedin.com\/company\/credimex\/","https:\/\/www.youtube.com\/@CREDIMEX?sub_confirmation=1"]}]}},"_links":{"self":[{"href":"https:\/\/www.credimex.ch\/de\/wp-json\/wp\/v2\/product\/4120","targetHints":{"allow":["GET"]}}],"collection":[{"href":"https:\/\/www.credimex.ch\/de\/wp-json\/wp\/v2\/product"}],"about":[{"href":"https:\/\/www.credimex.ch\/de\/wp-json\/wp\/v2\/types\/product"}],"replies":[{"embeddable":true,"href":"https:\/\/www.credimex.ch\/de\/wp-json\/wp\/v2\/comments?post=4120"}],"wp:featuredmedia":[{"embeddable":true,"href":"https:\/\/www.credimex.ch\/de\/wp-json\/wp\/v2\/media\/2911"}],"wp:attachment":[{"href":"https:\/\/www.credimex.ch\/de\/wp-json\/wp\/v2\/media?parent=4120"}],"wp:term":[{"taxonomy":"product_brand","embeddable":true,"href":"https:\/\/www.credimex.ch\/de\/wp-json\/wp\/v2\/product_brand?post=4120"},{"taxonomy":"product_cat","embeddable":true,"href":"https:\/\/www.credimex.ch\/de\/wp-json\/wp\/v2\/product_cat?post=4120"},{"taxonomy":"product_tag","embeddable":true,"href":"https:\/\/www.credimex.ch\/de\/wp-json\/wp\/v2\/product_tag?post=4120"}],"curies":[{"name":"wp","href":"https:\/\/api.w.org\/{rel}","templated":true}]}}