{"id":4122,"date":"2022-05-16T13:01:17","date_gmt":"2022-05-16T11:01:17","guid":{"rendered":"https:\/\/www.credimex.ch.mialias.net\/product\/molykote-dx-paste\/"},"modified":"2026-01-23T11:03:50","modified_gmt":"2026-01-23T10:03:50","slug":"molykote-dx-s","status":"publish","type":"product","link":"https:\/\/www.credimex.ch\/de\/produkt\/molykote-dx-s\/","title":{"rendered":"MOLYKOTE\u00ae DX (S)"},"content":{"rendered":"<h2>Beschreibung<\/h2>\n<p><span style=\"font-weight: 400;\">MOLYKOTE\u00ae DX (S)<\/span> ist eine Fettpaste, die die Reibung bei Anwendungen mit niedriger Drehzahl und hoher Belastung reduziert, indem sie eine Kombination aus wei\u00dfen Festschmierstoffen mit einem Mineral\u00f6ltr\u00e4gerfluid an die erforderliche Schmierstelle liefert. Bei Lagerung bei oder unter 20 \u00b0C (68 \u00b0F) in den unge\u00f6ffneten Originalbeh\u00e4ltern ist <span style=\"font-weight: 400;\">MOLYKOTE\u00ae DX (S)<\/span> ab Herstellungsdatum 60 Monate lang haltbar.<\/p>\n<p>Zusammensetzung:<\/p>\n<ul>\n<li>Mineral\u00f6l<\/li>\n<li>Lithiumseife<\/li>\n<li>Festschmierstoffe<\/li>\n<li>Korrosionsschutzmittel<\/li>\n<\/ul>\n<h2>Produktvorteile<\/h2>\n<ul>\n<li>Besonders hohe Tragf\u00e4higkeit<\/li>\n<li>Gute Wasserbest\u00e4ndigkeit und Auswaschbest\u00e4ndigkeit<\/li>\n<li>Verhindert Ruckgleiten und Festfressen<\/li>\n<li>Guter Korrosionsschutz<\/li>\n<li>Ausgezeichneter Schutz gegen Abrieb<\/li>\n<li>Sauberkeit<\/li>\n<\/ul>\n<h2>Anwendung<\/h2>\n<p>Gleitfl\u00e4chen und Reibkontakte, die hohen Belastungen ausgesetzt sind und eine &#8222;saubere&#8220; Schmierung erfordern, insbesondere bei niedrigen bis mittleren Geschwindigkeiten. Kann an vielen Reibungskontakten von Elektro- und Haushaltsger\u00e4ten, Verpackungs- und B\u00fcromaschinen, Pr\u00e4zisionsinstrumenten sowie in Textil- und Kunststoffverarbeitungsmaschinen verwendet werden.<\/p>\n<p>Die Kontaktstellen sollten, soweit m\u00f6glich, gereinigt werden. Die Paste sollte mit einem geeigneten Pinsel aufgetragen werden. Es kann \u00fcber eine Fettpresse oder eine Zentralschmieranlage zugef\u00fchrt werden. \u00dcberm\u00e4\u00dfiges Schmieren schadet nicht.<\/p>\n","protected":false},"excerpt":{"rendered":"<p><strong>MOLYKOTE\u00ae DX (S)<\/strong> ist eine helle Fettpaste mit Festschmierstoffen f\u00fcr die Montage und Langzeitschmierung von metallischen Bauteilen.<\/p>\n","protected":false},"featured_media":2909,"comment_status":"open","ping_status":"closed","template":"","meta":{"_acf_changed":false},"product_brand":[],"product_cat":[369,351,379,417,390,353,368,534,418],"product_tag":[],"class_list":{"0":"post-4122","1":"product","2":"type-product","3":"status-publish","4":"has-post-thumbnail","6":"product_cat-allgemeine-industrie","7":"product_cat-automobilindustrie","8":"product_cat-eisenbahn","9":"product_cat-elektronik","10":"product_cat-energie","11":"product_cat-industrie-schmierstoffe","12":"product_cat-molykote","13":"product_cat-pasten","14":"product_cat-seilbahnen","15":"pa_brands-molykote-de","17":"first","18":"instock","19":"shipping-taxable","20":"product-type-simple"},"acf":[],"_yoast_wpseo_focuskw":"MOLYKOTE\u00ae DX (S)","_yoast_wpseo_metadesc":"MOLYKOTE\u00ae DX (S) ist eine helle Fettpaste mit Festschmierstoffen f\u00fcr die Montage und Langzeitschmierung von metallischen Bauteilen.","yoast_head":"<!-- This site is optimized with the Yoast SEO Premium plugin v21.6 (Yoast SEO v27.4) - https:\/\/yoast.com\/product\/yoast-seo-premium-wordpress\/ -->\n<title>MOLYKOTE\u00ae DX (S) - CREDIMEX<\/title>\n<meta name=\"description\" content=\"MOLYKOTE\u00ae DX (S) ist eine helle Fettpaste mit Festschmierstoffen f\u00fcr die Montage und Langzeitschmierung von metallischen Bauteilen.\" \/>\n<meta name=\"robots\" content=\"index, follow, max-snippet:-1, max-image-preview:large, max-video-preview:-1\" \/>\n<link rel=\"canonical\" href=\"https:\/\/www.credimex.ch\/de\/produkt\/molykote-dx-s\/\" \/>\n<meta property=\"og:locale\" content=\"de_DE\" \/>\n<meta property=\"og:type\" content=\"article\" \/>\n<meta property=\"og:title\" content=\"MOLYKOTE\u00ae DX (S)\" \/>\n<meta property=\"og:description\" content=\"MOLYKOTE\u00ae DX (S) ist eine helle Fettpaste mit Festschmierstoffen f\u00fcr die Montage und Langzeitschmierung von metallischen Bauteilen.\" \/>\n<meta property=\"og:url\" content=\"https:\/\/www.credimex.ch\/de\/produkt\/molykote-dx-s\/\" \/>\n<meta property=\"og:site_name\" content=\"CREDIMEX\" \/>\n<meta property=\"article:publisher\" content=\"https:\/\/www.facebook.com\/credimex.alpnach\/\" \/>\n<meta property=\"article:modified_time\" content=\"2026-01-23T10:03:50+00:00\" \/>\n<meta property=\"og:image\" content=\"https:\/\/www.credimex.ch\/wp-content\/uploads\/2022\/05\/2.png\" \/>\n\t<meta property=\"og:image:width\" content=\"800\" \/>\n\t<meta property=\"og:image:height\" content=\"800\" \/>\n\t<meta property=\"og:image:type\" content=\"image\/png\" \/>\n<meta name=\"twitter:card\" content=\"summary_large_image\" \/>\n<meta name=\"twitter:label1\" content=\"Gesch\u00e4tzte Lesezeit\" \/>\n\t<meta name=\"twitter:data1\" content=\"1\u00a0Minute\" \/>\n<script type=\"application\/ld+json\" class=\"yoast-schema-graph\">{\"@context\":\"https:\\\/\\\/schema.org\",\"@graph\":[{\"@type\":\"WebPage\",\"@id\":\"https:\\\/\\\/www.credimex.ch\\\/de\\\/produkt\\\/molykote-dx-s\\\/\",\"url\":\"https:\\\/\\\/www.credimex.ch\\\/de\\\/produkt\\\/molykote-dx-s\\\/\",\"name\":\"MOLYKOTE\u00ae DX (S) - CREDIMEX\",\"isPartOf\":{\"@id\":\"https:\\\/\\\/www.credimex.ch\\\/de\\\/#website\"},\"primaryImageOfPage\":{\"@id\":\"https:\\\/\\\/www.credimex.ch\\\/de\\\/produkt\\\/molykote-dx-s\\\/#primaryimage\"},\"image\":{\"@id\":\"https:\\\/\\\/www.credimex.ch\\\/de\\\/produkt\\\/molykote-dx-s\\\/#primaryimage\"},\"thumbnailUrl\":\"https:\\\/\\\/www.credimex.ch\\\/wp-content\\\/uploads\\\/2022\\\/05\\\/2.png\",\"datePublished\":\"2022-05-16T11:01:17+00:00\",\"dateModified\":\"2026-01-23T10:03:50+00:00\",\"description\":\"MOLYKOTE\u00ae DX (S) ist eine helle Fettpaste mit Festschmierstoffen f\u00fcr die Montage und Langzeitschmierung von metallischen Bauteilen.\",\"breadcrumb\":{\"@id\":\"https:\\\/\\\/www.credimex.ch\\\/de\\\/produkt\\\/molykote-dx-s\\\/#breadcrumb\"},\"inLanguage\":\"de\",\"potentialAction\":[{\"@type\":\"ReadAction\",\"target\":[\"https:\\\/\\\/www.credimex.ch\\\/de\\\/produkt\\\/molykote-dx-s\\\/\"]}]},{\"@type\":\"ImageObject\",\"inLanguage\":\"de\",\"@id\":\"https:\\\/\\\/www.credimex.ch\\\/de\\\/produkt\\\/molykote-dx-s\\\/#primaryimage\",\"url\":\"https:\\\/\\\/www.credimex.ch\\\/wp-content\\\/uploads\\\/2022\\\/05\\\/2.png\",\"contentUrl\":\"https:\\\/\\\/www.credimex.ch\\\/wp-content\\\/uploads\\\/2022\\\/05\\\/2.png\",\"width\":800,\"height\":800},{\"@type\":\"BreadcrumbList\",\"@id\":\"https:\\\/\\\/www.credimex.ch\\\/de\\\/produkt\\\/molykote-dx-s\\\/#breadcrumb\",\"itemListElement\":[{\"@type\":\"ListItem\",\"position\":1,\"name\":\"Home\",\"item\":\"https:\\\/\\\/www.credimex.ch\\\/de\\\/\"},{\"@type\":\"ListItem\",\"position\":2,\"name\":\"Produkte\",\"item\":\"https:\\\/\\\/www.credimex.ch\\\/de\\\/produkte\\\/\"},{\"@type\":\"ListItem\",\"position\":3,\"name\":\"MOLYKOTE\u00ae DX (S)\"}]},{\"@type\":\"WebSite\",\"@id\":\"https:\\\/\\\/www.credimex.ch\\\/de\\\/#website\",\"url\":\"https:\\\/\\\/www.credimex.ch\\\/de\\\/\",\"name\":\"CREDIMEX\",\"description\":\"Partner of Swiss Industrial Market\",\"publisher\":{\"@id\":\"https:\\\/\\\/www.credimex.ch\\\/de\\\/#organization\"},\"potentialAction\":[{\"@type\":\"SearchAction\",\"target\":{\"@type\":\"EntryPoint\",\"urlTemplate\":\"https:\\\/\\\/www.credimex.ch\\\/de\\\/?s={search_term_string}\"},\"query-input\":{\"@type\":\"PropertyValueSpecification\",\"valueRequired\":true,\"valueName\":\"search_term_string\"}}],\"inLanguage\":\"de\"},{\"@type\":\"Organization\",\"@id\":\"https:\\\/\\\/www.credimex.ch\\\/de\\\/#organization\",\"name\":\"credimex\",\"url\":\"https:\\\/\\\/www.credimex.ch\\\/de\\\/\",\"logo\":{\"@type\":\"ImageObject\",\"inLanguage\":\"de\",\"@id\":\"https:\\\/\\\/www.credimex.ch\\\/de\\\/#\\\/schema\\\/logo\\\/image\\\/\",\"url\":\"https:\\\/\\\/www.credimex.ch\\\/wp-content\\\/uploads\\\/2022\\\/03\\\/cropped-logo-credimex.png\",\"contentUrl\":\"https:\\\/\\\/www.credimex.ch\\\/wp-content\\\/uploads\\\/2022\\\/03\\\/cropped-logo-credimex.png\",\"width\":512,\"height\":512,\"caption\":\"credimex\"},\"image\":{\"@id\":\"https:\\\/\\\/www.credimex.ch\\\/de\\\/#\\\/schema\\\/logo\\\/image\\\/\"},\"sameAs\":[\"https:\\\/\\\/www.facebook.com\\\/credimex.alpnach\\\/\",\"https:\\\/\\\/www.linkedin.com\\\/company\\\/credimex\\\/\",\"https:\\\/\\\/www.youtube.com\\\/@CREDIMEX?sub_confirmation=1\"]}]}<\/script>\n<!-- \/ Yoast SEO Premium plugin. -->","yoast_head_json":{"title":"MOLYKOTE\u00ae DX (S) - CREDIMEX","description":"MOLYKOTE\u00ae DX (S) ist eine helle Fettpaste mit Festschmierstoffen f\u00fcr die Montage und Langzeitschmierung von metallischen Bauteilen.","robots":{"index":"index","follow":"follow","max-snippet":"max-snippet:-1","max-image-preview":"max-image-preview:large","max-video-preview":"max-video-preview:-1"},"canonical":"https:\/\/www.credimex.ch\/de\/produkt\/molykote-dx-s\/","og_locale":"de_DE","og_type":"article","og_title":"MOLYKOTE\u00ae DX (S)","og_description":"MOLYKOTE\u00ae DX (S) ist eine helle Fettpaste mit Festschmierstoffen f\u00fcr die Montage und Langzeitschmierung von metallischen Bauteilen.","og_url":"https:\/\/www.credimex.ch\/de\/produkt\/molykote-dx-s\/","og_site_name":"CREDIMEX","article_publisher":"https:\/\/www.facebook.com\/credimex.alpnach\/","article_modified_time":"2026-01-23T10:03:50+00:00","og_image":[{"width":800,"height":800,"url":"https:\/\/www.credimex.ch\/wp-content\/uploads\/2022\/05\/2.png","type":"image\/png"}],"twitter_card":"summary_large_image","twitter_misc":{"Gesch\u00e4tzte Lesezeit":"1\u00a0Minute"},"schema":{"@context":"https:\/\/schema.org","@graph":[{"@type":"WebPage","@id":"https:\/\/www.credimex.ch\/de\/produkt\/molykote-dx-s\/","url":"https:\/\/www.credimex.ch\/de\/produkt\/molykote-dx-s\/","name":"MOLYKOTE\u00ae DX (S) - CREDIMEX","isPartOf":{"@id":"https:\/\/www.credimex.ch\/de\/#website"},"primaryImageOfPage":{"@id":"https:\/\/www.credimex.ch\/de\/produkt\/molykote-dx-s\/#primaryimage"},"image":{"@id":"https:\/\/www.credimex.ch\/de\/produkt\/molykote-dx-s\/#primaryimage"},"thumbnailUrl":"https:\/\/www.credimex.ch\/wp-content\/uploads\/2022\/05\/2.png","datePublished":"2022-05-16T11:01:17+00:00","dateModified":"2026-01-23T10:03:50+00:00","description":"MOLYKOTE\u00ae DX (S) ist eine helle Fettpaste mit Festschmierstoffen f\u00fcr die Montage und Langzeitschmierung von metallischen Bauteilen.","breadcrumb":{"@id":"https:\/\/www.credimex.ch\/de\/produkt\/molykote-dx-s\/#breadcrumb"},"inLanguage":"de","potentialAction":[{"@type":"ReadAction","target":["https:\/\/www.credimex.ch\/de\/produkt\/molykote-dx-s\/"]}]},{"@type":"ImageObject","inLanguage":"de","@id":"https:\/\/www.credimex.ch\/de\/produkt\/molykote-dx-s\/#primaryimage","url":"https:\/\/www.credimex.ch\/wp-content\/uploads\/2022\/05\/2.png","contentUrl":"https:\/\/www.credimex.ch\/wp-content\/uploads\/2022\/05\/2.png","width":800,"height":800},{"@type":"BreadcrumbList","@id":"https:\/\/www.credimex.ch\/de\/produkt\/molykote-dx-s\/#breadcrumb","itemListElement":[{"@type":"ListItem","position":1,"name":"Home","item":"https:\/\/www.credimex.ch\/de\/"},{"@type":"ListItem","position":2,"name":"Produkte","item":"https:\/\/www.credimex.ch\/de\/produkte\/"},{"@type":"ListItem","position":3,"name":"MOLYKOTE\u00ae DX (S)"}]},{"@type":"WebSite","@id":"https:\/\/www.credimex.ch\/de\/#website","url":"https:\/\/www.credimex.ch\/de\/","name":"CREDIMEX","description":"Partner of Swiss Industrial Market","publisher":{"@id":"https:\/\/www.credimex.ch\/de\/#organization"},"potentialAction":[{"@type":"SearchAction","target":{"@type":"EntryPoint","urlTemplate":"https:\/\/www.credimex.ch\/de\/?s={search_term_string}"},"query-input":{"@type":"PropertyValueSpecification","valueRequired":true,"valueName":"search_term_string"}}],"inLanguage":"de"},{"@type":"Organization","@id":"https:\/\/www.credimex.ch\/de\/#organization","name":"credimex","url":"https:\/\/www.credimex.ch\/de\/","logo":{"@type":"ImageObject","inLanguage":"de","@id":"https:\/\/www.credimex.ch\/de\/#\/schema\/logo\/image\/","url":"https:\/\/www.credimex.ch\/wp-content\/uploads\/2022\/03\/cropped-logo-credimex.png","contentUrl":"https:\/\/www.credimex.ch\/wp-content\/uploads\/2022\/03\/cropped-logo-credimex.png","width":512,"height":512,"caption":"credimex"},"image":{"@id":"https:\/\/www.credimex.ch\/de\/#\/schema\/logo\/image\/"},"sameAs":["https:\/\/www.facebook.com\/credimex.alpnach\/","https:\/\/www.linkedin.com\/company\/credimex\/","https:\/\/www.youtube.com\/@CREDIMEX?sub_confirmation=1"]}]}},"_links":{"self":[{"href":"https:\/\/www.credimex.ch\/de\/wp-json\/wp\/v2\/product\/4122","targetHints":{"allow":["GET"]}}],"collection":[{"href":"https:\/\/www.credimex.ch\/de\/wp-json\/wp\/v2\/product"}],"about":[{"href":"https:\/\/www.credimex.ch\/de\/wp-json\/wp\/v2\/types\/product"}],"replies":[{"embeddable":true,"href":"https:\/\/www.credimex.ch\/de\/wp-json\/wp\/v2\/comments?post=4122"}],"wp:featuredmedia":[{"embeddable":true,"href":"https:\/\/www.credimex.ch\/de\/wp-json\/wp\/v2\/media\/2909"}],"wp:attachment":[{"href":"https:\/\/www.credimex.ch\/de\/wp-json\/wp\/v2\/media?parent=4122"}],"wp:term":[{"taxonomy":"product_brand","embeddable":true,"href":"https:\/\/www.credimex.ch\/de\/wp-json\/wp\/v2\/product_brand?post=4122"},{"taxonomy":"product_cat","embeddable":true,"href":"https:\/\/www.credimex.ch\/de\/wp-json\/wp\/v2\/product_cat?post=4122"},{"taxonomy":"product_tag","embeddable":true,"href":"https:\/\/www.credimex.ch\/de\/wp-json\/wp\/v2\/product_tag?post=4122"}],"curies":[{"name":"wp","href":"https:\/\/api.w.org\/{rel}","templated":true}]}}