{"id":4130,"date":"2022-06-02T11:08:49","date_gmt":"2022-06-02T09:08:49","guid":{"rendered":"https:\/\/www.credimex.ch.mialias.net\/product\/delo-duopox-02-rapid\/"},"modified":"2023-09-19T16:19:33","modified_gmt":"2023-09-19T14:19:33","slug":"delo-duopox-02-rapid","status":"publish","type":"product","link":"https:\/\/www.credimex.ch\/de\/produkt\/delo-duopox-02-rapid\/","title":{"rendered":"Delo Duopox 02 Rapid"},"content":{"rendered":"<h2>Beschreibung<\/h2>\n<ul>\n<li>Basis<\/li>\n<li>Epoxidharz<\/li>\n<li>Zwei-Komponenten<\/li>\n<li>Wird gebrauchsfertig geliefert und kann aus dem Originalgebinde gut verarbeitet werden<\/li>\n<li>Die Komponenten A und B m\u00fcssen in dem unten angegebenen Mischungsverh\u00e4ltnis homogen vermischt werden<\/li>\n<li>Besonders vorteilhaft ist der Einsatz des DELO-AUTOMIX-Systems zur Verarbeitung<\/li>\n<li>Die zu verklebenden Fl\u00e4chen m\u00fcssen trocken sowie frei von Staub, Fett und anderen Verunreinigungen sein<\/li>\n<li>Verwenden Sie DELOTHEN-Reiniger f\u00fcr die Reinigung von Klebefl\u00e4chen<\/li>\n<li>Aush\u00e4rtung bei Raumtemperatur (ca. 23 \u00b0C) mit sehr schneller Reaktion. H\u00f6here Temperaturen beschleunigen die Aush\u00e4rtung. Die Zufuhr von W\u00e4rme kann die physikalischen Eigenschaften ver\u00e4ndern.<\/li>\n<\/ul>\n<h2>Produktvorteile<\/h2>\n<ul>\n<li>Schnelles Erreichen der Anfangsfestigkeit<\/li>\n<li>Das ausgeh\u00e4rtete Produkt wird normalerweise in einem Temperaturbereich von -40 \u00b0C bis +80 \u00b0C verwendet; je nach Anwendung k\u00f6nnen andere Grenzwerte sinnvoller sein<\/li>\n<li>Entspricht der RoHS-Richtlinie 2015\/863\/EU<\/li>\n<\/ul>\n<h2>Anwendung<\/h2>\n<ul>\n<li>Mehrzweck-Klebstoff<\/li>\n<li>Im Maschinen- und Werkzeugbau<\/li>\n<li>In der Elektrotechnik und Elektronik<\/li>\n<li>Auch f\u00fcr Reparaturen und im Do-it-yourself-Bereich<\/li>\n<\/ul>\n","protected":false},"excerpt":{"rendered":"<p><strong> Delo Duopox 02 Rapid<\/strong> ist ein vielseitig einsetzbares 2K-Epoxidharz, h\u00e4rtet bei Raumtemperatur aus, niedrigviskos, ungef\u00fcllt.<\/p>\n","protected":false},"featured_media":7987,"comment_status":"open","ping_status":"closed","template":"","meta":{"_acf_changed":false},"product_brand":[],"product_cat":[369,351,456,380,417,390,642,457],"product_tag":[],"class_list":{"0":"post-4130","1":"product","2":"type-product","3":"status-publish","4":"has-post-thumbnail","6":"product_cat-allgemeine-industrie","7":"product_cat-automobilindustrie","8":"product_cat-delo","9":"product_cat-e-mobilitat","10":"product_cat-elektronik","11":"product_cat-energie","12":"product_cat-epoxid-klebstoffe","13":"product_cat-klebstoffe-und-dichtungsmittel","14":"pa_brands-delo-de","16":"first","17":"instock","18":"shipping-taxable","19":"product-type-simple"},"acf":[],"_yoast_wpseo_focuskw":"Delo Duopox 02 Rapid","_yoast_wpseo_metadesc":"Delo Duopox 02 Rapid ist ein vielseitig einsetzbares 2c-Epoxidharz, h\u00e4rtet bei Raumtemperatur aus, niedrigviskos, ungef\u00fcllt.","yoast_head":"<!-- This site is optimized with the Yoast SEO Premium plugin v21.6 (Yoast SEO v27.4) - https:\/\/yoast.com\/product\/yoast-seo-premium-wordpress\/ -->\n<title>Delo Duopox 02 Rapid - CREDIMEX<\/title>\n<meta name=\"description\" content=\"Delo Duopox 02 Rapid ist ein vielseitig einsetzbares 2c-Epoxidharz, h\u00e4rtet bei Raumtemperatur aus, niedrigviskos, ungef\u00fcllt.\" \/>\n<meta name=\"robots\" content=\"index, follow, max-snippet:-1, max-image-preview:large, max-video-preview:-1\" \/>\n<link rel=\"canonical\" href=\"https:\/\/www.credimex.ch\/de\/produkt\/delo-duopox-02-rapid\/\" \/>\n<meta property=\"og:locale\" content=\"de_DE\" \/>\n<meta property=\"og:type\" content=\"article\" \/>\n<meta property=\"og:title\" content=\"Delo Duopox 02 Rapid\" \/>\n<meta property=\"og:description\" content=\"Delo Duopox 02 Rapid ist ein vielseitig einsetzbares 2c-Epoxidharz, h\u00e4rtet bei Raumtemperatur aus, niedrigviskos, ungef\u00fcllt.\" \/>\n<meta property=\"og:url\" content=\"https:\/\/www.credimex.ch\/de\/produkt\/delo-duopox-02-rapid\/\" \/>\n<meta property=\"og:site_name\" content=\"CREDIMEX\" \/>\n<meta property=\"article:publisher\" content=\"https:\/\/www.facebook.com\/credimex.alpnach\/\" \/>\n<meta property=\"article:modified_time\" content=\"2023-09-19T14:19:33+00:00\" \/>\n<meta property=\"og:image\" content=\"https:\/\/www.credimex.ch\/wp-content\/uploads\/2023\/09\/Credimex_DeloDuopox.jpg\" \/>\n\t<meta property=\"og:image:width\" content=\"1234\" \/>\n\t<meta property=\"og:image:height\" content=\"1575\" \/>\n\t<meta property=\"og:image:type\" content=\"image\/jpeg\" \/>\n<meta name=\"twitter:card\" content=\"summary_large_image\" \/>\n<meta name=\"twitter:label1\" content=\"Gesch\u00e4tzte Lesezeit\" \/>\n\t<meta name=\"twitter:data1\" content=\"1\u00a0Minute\" \/>\n<script type=\"application\/ld+json\" class=\"yoast-schema-graph\">{\"@context\":\"https:\\\/\\\/schema.org\",\"@graph\":[{\"@type\":\"WebPage\",\"@id\":\"https:\\\/\\\/www.credimex.ch\\\/de\\\/produkt\\\/delo-duopox-02-rapid\\\/\",\"url\":\"https:\\\/\\\/www.credimex.ch\\\/de\\\/produkt\\\/delo-duopox-02-rapid\\\/\",\"name\":\"Delo Duopox 02 Rapid - CREDIMEX\",\"isPartOf\":{\"@id\":\"https:\\\/\\\/www.credimex.ch\\\/de\\\/#website\"},\"primaryImageOfPage\":{\"@id\":\"https:\\\/\\\/www.credimex.ch\\\/de\\\/produkt\\\/delo-duopox-02-rapid\\\/#primaryimage\"},\"image\":{\"@id\":\"https:\\\/\\\/www.credimex.ch\\\/de\\\/produkt\\\/delo-duopox-02-rapid\\\/#primaryimage\"},\"thumbnailUrl\":\"https:\\\/\\\/www.credimex.ch\\\/wp-content\\\/uploads\\\/2023\\\/09\\\/Credimex_DeloDuopox.jpg\",\"datePublished\":\"2022-06-02T09:08:49+00:00\",\"dateModified\":\"2023-09-19T14:19:33+00:00\",\"description\":\"Delo Duopox 02 Rapid ist ein vielseitig einsetzbares 2c-Epoxidharz, h\u00e4rtet bei Raumtemperatur aus, niedrigviskos, ungef\u00fcllt.\",\"breadcrumb\":{\"@id\":\"https:\\\/\\\/www.credimex.ch\\\/de\\\/produkt\\\/delo-duopox-02-rapid\\\/#breadcrumb\"},\"inLanguage\":\"de\",\"potentialAction\":[{\"@type\":\"ReadAction\",\"target\":[\"https:\\\/\\\/www.credimex.ch\\\/de\\\/produkt\\\/delo-duopox-02-rapid\\\/\"]}]},{\"@type\":\"ImageObject\",\"inLanguage\":\"de\",\"@id\":\"https:\\\/\\\/www.credimex.ch\\\/de\\\/produkt\\\/delo-duopox-02-rapid\\\/#primaryimage\",\"url\":\"https:\\\/\\\/www.credimex.ch\\\/wp-content\\\/uploads\\\/2023\\\/09\\\/Credimex_DeloDuopox.jpg\",\"contentUrl\":\"https:\\\/\\\/www.credimex.ch\\\/wp-content\\\/uploads\\\/2023\\\/09\\\/Credimex_DeloDuopox.jpg\",\"width\":1234,\"height\":1575},{\"@type\":\"BreadcrumbList\",\"@id\":\"https:\\\/\\\/www.credimex.ch\\\/de\\\/produkt\\\/delo-duopox-02-rapid\\\/#breadcrumb\",\"itemListElement\":[{\"@type\":\"ListItem\",\"position\":1,\"name\":\"Home\",\"item\":\"https:\\\/\\\/www.credimex.ch\\\/de\\\/\"},{\"@type\":\"ListItem\",\"position\":2,\"name\":\"Produkte\",\"item\":\"https:\\\/\\\/www.credimex.ch\\\/de\\\/produkte\\\/\"},{\"@type\":\"ListItem\",\"position\":3,\"name\":\"Delo Duopox 02 Rapid\"}]},{\"@type\":\"WebSite\",\"@id\":\"https:\\\/\\\/www.credimex.ch\\\/de\\\/#website\",\"url\":\"https:\\\/\\\/www.credimex.ch\\\/de\\\/\",\"name\":\"CREDIMEX\",\"description\":\"Partner of Swiss Industrial Market\",\"publisher\":{\"@id\":\"https:\\\/\\\/www.credimex.ch\\\/de\\\/#organization\"},\"potentialAction\":[{\"@type\":\"SearchAction\",\"target\":{\"@type\":\"EntryPoint\",\"urlTemplate\":\"https:\\\/\\\/www.credimex.ch\\\/de\\\/?s={search_term_string}\"},\"query-input\":{\"@type\":\"PropertyValueSpecification\",\"valueRequired\":true,\"valueName\":\"search_term_string\"}}],\"inLanguage\":\"de\"},{\"@type\":\"Organization\",\"@id\":\"https:\\\/\\\/www.credimex.ch\\\/de\\\/#organization\",\"name\":\"credimex\",\"url\":\"https:\\\/\\\/www.credimex.ch\\\/de\\\/\",\"logo\":{\"@type\":\"ImageObject\",\"inLanguage\":\"de\",\"@id\":\"https:\\\/\\\/www.credimex.ch\\\/de\\\/#\\\/schema\\\/logo\\\/image\\\/\",\"url\":\"https:\\\/\\\/www.credimex.ch\\\/wp-content\\\/uploads\\\/2022\\\/03\\\/cropped-logo-credimex.png\",\"contentUrl\":\"https:\\\/\\\/www.credimex.ch\\\/wp-content\\\/uploads\\\/2022\\\/03\\\/cropped-logo-credimex.png\",\"width\":512,\"height\":512,\"caption\":\"credimex\"},\"image\":{\"@id\":\"https:\\\/\\\/www.credimex.ch\\\/de\\\/#\\\/schema\\\/logo\\\/image\\\/\"},\"sameAs\":[\"https:\\\/\\\/www.facebook.com\\\/credimex.alpnach\\\/\",\"https:\\\/\\\/www.linkedin.com\\\/company\\\/credimex\\\/\",\"https:\\\/\\\/www.youtube.com\\\/@CREDIMEX?sub_confirmation=1\"]}]}<\/script>\n<!-- \/ Yoast SEO Premium plugin. -->","yoast_head_json":{"title":"Delo Duopox 02 Rapid - CREDIMEX","description":"Delo Duopox 02 Rapid ist ein vielseitig einsetzbares 2c-Epoxidharz, h\u00e4rtet bei Raumtemperatur aus, niedrigviskos, ungef\u00fcllt.","robots":{"index":"index","follow":"follow","max-snippet":"max-snippet:-1","max-image-preview":"max-image-preview:large","max-video-preview":"max-video-preview:-1"},"canonical":"https:\/\/www.credimex.ch\/de\/produkt\/delo-duopox-02-rapid\/","og_locale":"de_DE","og_type":"article","og_title":"Delo Duopox 02 Rapid","og_description":"Delo Duopox 02 Rapid ist ein vielseitig einsetzbares 2c-Epoxidharz, h\u00e4rtet bei Raumtemperatur aus, niedrigviskos, ungef\u00fcllt.","og_url":"https:\/\/www.credimex.ch\/de\/produkt\/delo-duopox-02-rapid\/","og_site_name":"CREDIMEX","article_publisher":"https:\/\/www.facebook.com\/credimex.alpnach\/","article_modified_time":"2023-09-19T14:19:33+00:00","og_image":[{"width":1234,"height":1575,"url":"https:\/\/www.credimex.ch\/wp-content\/uploads\/2023\/09\/Credimex_DeloDuopox.jpg","type":"image\/jpeg"}],"twitter_card":"summary_large_image","twitter_misc":{"Gesch\u00e4tzte Lesezeit":"1\u00a0Minute"},"schema":{"@context":"https:\/\/schema.org","@graph":[{"@type":"WebPage","@id":"https:\/\/www.credimex.ch\/de\/produkt\/delo-duopox-02-rapid\/","url":"https:\/\/www.credimex.ch\/de\/produkt\/delo-duopox-02-rapid\/","name":"Delo Duopox 02 Rapid - CREDIMEX","isPartOf":{"@id":"https:\/\/www.credimex.ch\/de\/#website"},"primaryImageOfPage":{"@id":"https:\/\/www.credimex.ch\/de\/produkt\/delo-duopox-02-rapid\/#primaryimage"},"image":{"@id":"https:\/\/www.credimex.ch\/de\/produkt\/delo-duopox-02-rapid\/#primaryimage"},"thumbnailUrl":"https:\/\/www.credimex.ch\/wp-content\/uploads\/2023\/09\/Credimex_DeloDuopox.jpg","datePublished":"2022-06-02T09:08:49+00:00","dateModified":"2023-09-19T14:19:33+00:00","description":"Delo Duopox 02 Rapid ist ein vielseitig einsetzbares 2c-Epoxidharz, h\u00e4rtet bei Raumtemperatur aus, niedrigviskos, ungef\u00fcllt.","breadcrumb":{"@id":"https:\/\/www.credimex.ch\/de\/produkt\/delo-duopox-02-rapid\/#breadcrumb"},"inLanguage":"de","potentialAction":[{"@type":"ReadAction","target":["https:\/\/www.credimex.ch\/de\/produkt\/delo-duopox-02-rapid\/"]}]},{"@type":"ImageObject","inLanguage":"de","@id":"https:\/\/www.credimex.ch\/de\/produkt\/delo-duopox-02-rapid\/#primaryimage","url":"https:\/\/www.credimex.ch\/wp-content\/uploads\/2023\/09\/Credimex_DeloDuopox.jpg","contentUrl":"https:\/\/www.credimex.ch\/wp-content\/uploads\/2023\/09\/Credimex_DeloDuopox.jpg","width":1234,"height":1575},{"@type":"BreadcrumbList","@id":"https:\/\/www.credimex.ch\/de\/produkt\/delo-duopox-02-rapid\/#breadcrumb","itemListElement":[{"@type":"ListItem","position":1,"name":"Home","item":"https:\/\/www.credimex.ch\/de\/"},{"@type":"ListItem","position":2,"name":"Produkte","item":"https:\/\/www.credimex.ch\/de\/produkte\/"},{"@type":"ListItem","position":3,"name":"Delo Duopox 02 Rapid"}]},{"@type":"WebSite","@id":"https:\/\/www.credimex.ch\/de\/#website","url":"https:\/\/www.credimex.ch\/de\/","name":"CREDIMEX","description":"Partner of Swiss Industrial Market","publisher":{"@id":"https:\/\/www.credimex.ch\/de\/#organization"},"potentialAction":[{"@type":"SearchAction","target":{"@type":"EntryPoint","urlTemplate":"https:\/\/www.credimex.ch\/de\/?s={search_term_string}"},"query-input":{"@type":"PropertyValueSpecification","valueRequired":true,"valueName":"search_term_string"}}],"inLanguage":"de"},{"@type":"Organization","@id":"https:\/\/www.credimex.ch\/de\/#organization","name":"credimex","url":"https:\/\/www.credimex.ch\/de\/","logo":{"@type":"ImageObject","inLanguage":"de","@id":"https:\/\/www.credimex.ch\/de\/#\/schema\/logo\/image\/","url":"https:\/\/www.credimex.ch\/wp-content\/uploads\/2022\/03\/cropped-logo-credimex.png","contentUrl":"https:\/\/www.credimex.ch\/wp-content\/uploads\/2022\/03\/cropped-logo-credimex.png","width":512,"height":512,"caption":"credimex"},"image":{"@id":"https:\/\/www.credimex.ch\/de\/#\/schema\/logo\/image\/"},"sameAs":["https:\/\/www.facebook.com\/credimex.alpnach\/","https:\/\/www.linkedin.com\/company\/credimex\/","https:\/\/www.youtube.com\/@CREDIMEX?sub_confirmation=1"]}]}},"_links":{"self":[{"href":"https:\/\/www.credimex.ch\/de\/wp-json\/wp\/v2\/product\/4130","targetHints":{"allow":["GET"]}}],"collection":[{"href":"https:\/\/www.credimex.ch\/de\/wp-json\/wp\/v2\/product"}],"about":[{"href":"https:\/\/www.credimex.ch\/de\/wp-json\/wp\/v2\/types\/product"}],"replies":[{"embeddable":true,"href":"https:\/\/www.credimex.ch\/de\/wp-json\/wp\/v2\/comments?post=4130"}],"wp:featuredmedia":[{"embeddable":true,"href":"https:\/\/www.credimex.ch\/de\/wp-json\/wp\/v2\/media\/7987"}],"wp:attachment":[{"href":"https:\/\/www.credimex.ch\/de\/wp-json\/wp\/v2\/media?parent=4130"}],"wp:term":[{"taxonomy":"product_brand","embeddable":true,"href":"https:\/\/www.credimex.ch\/de\/wp-json\/wp\/v2\/product_brand?post=4130"},{"taxonomy":"product_cat","embeddable":true,"href":"https:\/\/www.credimex.ch\/de\/wp-json\/wp\/v2\/product_cat?post=4130"},{"taxonomy":"product_tag","embeddable":true,"href":"https:\/\/www.credimex.ch\/de\/wp-json\/wp\/v2\/product_tag?post=4130"}],"curies":[{"name":"wp","href":"https:\/\/api.w.org\/{rel}","templated":true}]}}