{"id":4136,"date":"2022-05-17T18:42:50","date_gmt":"2022-05-17T16:42:50","guid":{"rendered":"https:\/\/www.credimex.ch.mialias.net\/product\/osixo-quietschschutz-32\/"},"modified":"2023-04-04T11:03:24","modified_gmt":"2023-04-04T09:03:24","slug":"osixo-und-krytox-anti-squeak-32","status":"publish","type":"product","link":"https:\/\/www.credimex.ch\/de\/produkt\/osixo-und-krytox-anti-squeak-32\/","title":{"rendered":"OSiXO anti-squeak 32"},"content":{"rendered":"<div class=\"elementor-element elementor-element-258051a6 elementor-widget elementor-widget-text-editor\" data-id=\"258051a6\" data-element_type=\"widget\" data-widget_type=\"text-editor.default\">\n<div class=\"elementor-widget-container\">\n<h2 class=\"elementor-text-editor elementor-clearfix\"><span style=\"font-family: -apple-system, BlinkMacSystemFont, 'Segoe UI', Roboto, Oxygen-Sans, Ubuntu, Cantarell, 'Helvetica Neue', sans-serif\">Beschreibung<\/span><\/h2>\n<\/div>\n<p>OSiXO anti-squeak 32 aerosol ist ein fluoriertes Hochleistungsschmiermittel und wird haupts\u00e4chlich zur Vermeidung von Ger\u00e4uschen im Fahrzeuginnenraum eingesetzt. Es ist chemisch inert, hat eine hohe Materialvertr\u00e4glichkeit und eine geringe Volatilit\u00e4t. Die Abf\u00fcllung des gel\u00f6sten Stoffes in eine Aerosoldose er\u00f6ffnet ein breites Spektrum an Anwendungsm\u00f6glichkeiten. Die Spr\u00fchbarkeit erm\u00f6glicht eine minimale Dosierung bei optimaler Leistung. Die Kombination aus den effizienten Wirkstoffen und der einfachen Handhabung sowie der sicheren und sauberen Anwendung machen OSIXO ANTI-SQUEAK 32 AEROSOL zu einem hervorragenden Produkt.<\/p>\n<h2>Produktvorteile<\/h2>\n<p>Die Abf\u00fcllung des gel\u00f6sten Stoffes in eine Aerosoldose er\u00f6ffnet ein breites Spektrum an Anwendungsm\u00f6glichkeiten. Die Spr\u00fchbarkeit erm\u00f6glicht eine minimale Dosierung bei optimaler Leistung. Die Kombination aus den effizienten Wirkstoffen und der einfachen Handhabung sowie der sicheren und sauberen Anwendung machen OSIXO ANTI-SQUEAK 32 AEROSOL zu einem hervorragenden Produkt.<\/p>\n<h2>Anwendung<\/h2>\n<ul>\n<li>vielseitige Ger\u00e4uschd\u00e4mmung<\/li>\n<\/ul>\n<\/div>\n","protected":false},"excerpt":{"rendered":"<p class=\"a-size-large a-spacing-none\">OSIXO ANTI-SQUEAK 32 AEROSOL ist ein fluorierter Hochleistungsschmierstoff und wird haupts\u00e4chlich zur Vermeidung von Ger\u00e4uschen im Fahrzeuginnenraum eingesetzt.<\/p>\n","protected":false},"featured_media":2967,"comment_status":"open","ping_status":"closed","template":"","meta":{"_acf_changed":false},"product_brand":[],"product_cat":[351,353,350,354],"product_tag":[],"class_list":{"0":"post-4136","1":"product","2":"type-product","3":"status-publish","4":"has-post-thumbnail","6":"product_cat-automobilindustrie","7":"product_cat-industrie-schmierstoffe","8":"product_cat-krytox","9":"product_cat-ol","10":"pa_brands-krytox-de","12":"first","13":"instock","14":"shipping-taxable","15":"product-type-simple"},"acf":[],"_yoast_wpseo_focuskw":"OSiXO Quietschschutz 32","_yoast_wpseo_metadesc":"OSIXO ANTI-SQUEAK 32 AEROSOL ist ein fluorierter Hochleistungsschmierstoff und wird haupts\u00e4chlich zur Vermeidung von Ger\u00e4uschen im Fahrzeuginnenraum eingesetzt.","yoast_head":"<!-- This site is optimized with the Yoast SEO Premium plugin v21.6 (Yoast SEO v27.4) - https:\/\/yoast.com\/product\/yoast-seo-premium-wordpress\/ -->\n<title>OSiXO anti-squeak 32 - CREDIMEX<\/title>\n<meta name=\"description\" content=\"OSIXO ANTI-SQUEAK 32 AEROSOL ist ein fluorierter Hochleistungsschmierstoff und wird haupts\u00e4chlich zur Vermeidung von Ger\u00e4uschen im Fahrzeuginnenraum eingesetzt.\" \/>\n<meta name=\"robots\" content=\"index, follow, max-snippet:-1, max-image-preview:large, max-video-preview:-1\" \/>\n<link rel=\"canonical\" href=\"https:\/\/www.credimex.ch\/de\/produkt\/osixo-und-krytox-anti-squeak-32\/\" \/>\n<meta property=\"og:locale\" content=\"de_DE\" \/>\n<meta property=\"og:type\" content=\"article\" \/>\n<meta property=\"og:title\" content=\"OSiXO anti-squeak 32\" \/>\n<meta property=\"og:description\" content=\"OSIXO ANTI-SQUEAK 32 AEROSOL ist ein fluorierter Hochleistungsschmierstoff und wird haupts\u00e4chlich zur Vermeidung von Ger\u00e4uschen im Fahrzeuginnenraum eingesetzt.\" \/>\n<meta property=\"og:url\" content=\"https:\/\/www.credimex.ch\/de\/produkt\/osixo-und-krytox-anti-squeak-32\/\" \/>\n<meta property=\"og:site_name\" content=\"CREDIMEX\" \/>\n<meta property=\"article:publisher\" content=\"https:\/\/www.facebook.com\/credimex.alpnach\/\" \/>\n<meta property=\"article:modified_time\" content=\"2023-04-04T09:03:24+00:00\" \/>\n<meta property=\"og:image\" content=\"https:\/\/www.credimex.ch\/wp-content\/uploads\/2022\/05\/Osixo_anti-squeak_aerosol_32_web.jpg\" \/>\n\t<meta property=\"og:image:width\" content=\"1026\" \/>\n\t<meta property=\"og:image:height\" content=\"768\" \/>\n\t<meta property=\"og:image:type\" content=\"image\/jpeg\" \/>\n<meta name=\"twitter:card\" content=\"summary_large_image\" \/>\n<meta name=\"twitter:label1\" content=\"Gesch\u00e4tzte Lesezeit\" \/>\n\t<meta name=\"twitter:data1\" content=\"1\u00a0Minute\" \/>\n<script type=\"application\/ld+json\" class=\"yoast-schema-graph\">{\"@context\":\"https:\\\/\\\/schema.org\",\"@graph\":[{\"@type\":\"WebPage\",\"@id\":\"https:\\\/\\\/www.credimex.ch\\\/de\\\/produkt\\\/osixo-und-krytox-anti-squeak-32\\\/\",\"url\":\"https:\\\/\\\/www.credimex.ch\\\/de\\\/produkt\\\/osixo-und-krytox-anti-squeak-32\\\/\",\"name\":\"OSiXO anti-squeak 32 - CREDIMEX\",\"isPartOf\":{\"@id\":\"https:\\\/\\\/www.credimex.ch\\\/de\\\/#website\"},\"primaryImageOfPage\":{\"@id\":\"https:\\\/\\\/www.credimex.ch\\\/de\\\/produkt\\\/osixo-und-krytox-anti-squeak-32\\\/#primaryimage\"},\"image\":{\"@id\":\"https:\\\/\\\/www.credimex.ch\\\/de\\\/produkt\\\/osixo-und-krytox-anti-squeak-32\\\/#primaryimage\"},\"thumbnailUrl\":\"https:\\\/\\\/www.credimex.ch\\\/wp-content\\\/uploads\\\/2022\\\/05\\\/Osixo_anti-squeak_aerosol_32_web.jpg\",\"datePublished\":\"2022-05-17T16:42:50+00:00\",\"dateModified\":\"2023-04-04T09:03:24+00:00\",\"description\":\"OSIXO ANTI-SQUEAK 32 AEROSOL ist ein fluorierter Hochleistungsschmierstoff und wird haupts\u00e4chlich zur Vermeidung von Ger\u00e4uschen im Fahrzeuginnenraum eingesetzt.\",\"breadcrumb\":{\"@id\":\"https:\\\/\\\/www.credimex.ch\\\/de\\\/produkt\\\/osixo-und-krytox-anti-squeak-32\\\/#breadcrumb\"},\"inLanguage\":\"de\",\"potentialAction\":[{\"@type\":\"ReadAction\",\"target\":[\"https:\\\/\\\/www.credimex.ch\\\/de\\\/produkt\\\/osixo-und-krytox-anti-squeak-32\\\/\"]}]},{\"@type\":\"ImageObject\",\"inLanguage\":\"de\",\"@id\":\"https:\\\/\\\/www.credimex.ch\\\/de\\\/produkt\\\/osixo-und-krytox-anti-squeak-32\\\/#primaryimage\",\"url\":\"https:\\\/\\\/www.credimex.ch\\\/wp-content\\\/uploads\\\/2022\\\/05\\\/Osixo_anti-squeak_aerosol_32_web.jpg\",\"contentUrl\":\"https:\\\/\\\/www.credimex.ch\\\/wp-content\\\/uploads\\\/2022\\\/05\\\/Osixo_anti-squeak_aerosol_32_web.jpg\",\"width\":1026,\"height\":768},{\"@type\":\"BreadcrumbList\",\"@id\":\"https:\\\/\\\/www.credimex.ch\\\/de\\\/produkt\\\/osixo-und-krytox-anti-squeak-32\\\/#breadcrumb\",\"itemListElement\":[{\"@type\":\"ListItem\",\"position\":1,\"name\":\"Home\",\"item\":\"https:\\\/\\\/www.credimex.ch\\\/de\\\/\"},{\"@type\":\"ListItem\",\"position\":2,\"name\":\"Produkte\",\"item\":\"https:\\\/\\\/www.credimex.ch\\\/de\\\/produkte\\\/\"},{\"@type\":\"ListItem\",\"position\":3,\"name\":\"OSiXO anti-squeak 32\"}]},{\"@type\":\"WebSite\",\"@id\":\"https:\\\/\\\/www.credimex.ch\\\/de\\\/#website\",\"url\":\"https:\\\/\\\/www.credimex.ch\\\/de\\\/\",\"name\":\"CREDIMEX\",\"description\":\"Partner of Swiss Industrial Market\",\"publisher\":{\"@id\":\"https:\\\/\\\/www.credimex.ch\\\/de\\\/#organization\"},\"potentialAction\":[{\"@type\":\"SearchAction\",\"target\":{\"@type\":\"EntryPoint\",\"urlTemplate\":\"https:\\\/\\\/www.credimex.ch\\\/de\\\/?s={search_term_string}\"},\"query-input\":{\"@type\":\"PropertyValueSpecification\",\"valueRequired\":true,\"valueName\":\"search_term_string\"}}],\"inLanguage\":\"de\"},{\"@type\":\"Organization\",\"@id\":\"https:\\\/\\\/www.credimex.ch\\\/de\\\/#organization\",\"name\":\"credimex\",\"url\":\"https:\\\/\\\/www.credimex.ch\\\/de\\\/\",\"logo\":{\"@type\":\"ImageObject\",\"inLanguage\":\"de\",\"@id\":\"https:\\\/\\\/www.credimex.ch\\\/de\\\/#\\\/schema\\\/logo\\\/image\\\/\",\"url\":\"https:\\\/\\\/www.credimex.ch\\\/wp-content\\\/uploads\\\/2022\\\/03\\\/cropped-logo-credimex.png\",\"contentUrl\":\"https:\\\/\\\/www.credimex.ch\\\/wp-content\\\/uploads\\\/2022\\\/03\\\/cropped-logo-credimex.png\",\"width\":512,\"height\":512,\"caption\":\"credimex\"},\"image\":{\"@id\":\"https:\\\/\\\/www.credimex.ch\\\/de\\\/#\\\/schema\\\/logo\\\/image\\\/\"},\"sameAs\":[\"https:\\\/\\\/www.facebook.com\\\/credimex.alpnach\\\/\",\"https:\\\/\\\/www.linkedin.com\\\/company\\\/credimex\\\/\",\"https:\\\/\\\/www.youtube.com\\\/@CREDIMEX?sub_confirmation=1\"]}]}<\/script>\n<!-- \/ Yoast SEO Premium plugin. -->","yoast_head_json":{"title":"OSiXO anti-squeak 32 - CREDIMEX","description":"OSIXO ANTI-SQUEAK 32 AEROSOL ist ein fluorierter Hochleistungsschmierstoff und wird haupts\u00e4chlich zur Vermeidung von Ger\u00e4uschen im Fahrzeuginnenraum eingesetzt.","robots":{"index":"index","follow":"follow","max-snippet":"max-snippet:-1","max-image-preview":"max-image-preview:large","max-video-preview":"max-video-preview:-1"},"canonical":"https:\/\/www.credimex.ch\/de\/produkt\/osixo-und-krytox-anti-squeak-32\/","og_locale":"de_DE","og_type":"article","og_title":"OSiXO anti-squeak 32","og_description":"OSIXO ANTI-SQUEAK 32 AEROSOL ist ein fluorierter Hochleistungsschmierstoff und wird haupts\u00e4chlich zur Vermeidung von Ger\u00e4uschen im Fahrzeuginnenraum eingesetzt.","og_url":"https:\/\/www.credimex.ch\/de\/produkt\/osixo-und-krytox-anti-squeak-32\/","og_site_name":"CREDIMEX","article_publisher":"https:\/\/www.facebook.com\/credimex.alpnach\/","article_modified_time":"2023-04-04T09:03:24+00:00","og_image":[{"width":1026,"height":768,"url":"https:\/\/www.credimex.ch\/wp-content\/uploads\/2022\/05\/Osixo_anti-squeak_aerosol_32_web.jpg","type":"image\/jpeg"}],"twitter_card":"summary_large_image","twitter_misc":{"Gesch\u00e4tzte Lesezeit":"1\u00a0Minute"},"schema":{"@context":"https:\/\/schema.org","@graph":[{"@type":"WebPage","@id":"https:\/\/www.credimex.ch\/de\/produkt\/osixo-und-krytox-anti-squeak-32\/","url":"https:\/\/www.credimex.ch\/de\/produkt\/osixo-und-krytox-anti-squeak-32\/","name":"OSiXO anti-squeak 32 - CREDIMEX","isPartOf":{"@id":"https:\/\/www.credimex.ch\/de\/#website"},"primaryImageOfPage":{"@id":"https:\/\/www.credimex.ch\/de\/produkt\/osixo-und-krytox-anti-squeak-32\/#primaryimage"},"image":{"@id":"https:\/\/www.credimex.ch\/de\/produkt\/osixo-und-krytox-anti-squeak-32\/#primaryimage"},"thumbnailUrl":"https:\/\/www.credimex.ch\/wp-content\/uploads\/2022\/05\/Osixo_anti-squeak_aerosol_32_web.jpg","datePublished":"2022-05-17T16:42:50+00:00","dateModified":"2023-04-04T09:03:24+00:00","description":"OSIXO ANTI-SQUEAK 32 AEROSOL ist ein fluorierter Hochleistungsschmierstoff und wird haupts\u00e4chlich zur Vermeidung von Ger\u00e4uschen im Fahrzeuginnenraum eingesetzt.","breadcrumb":{"@id":"https:\/\/www.credimex.ch\/de\/produkt\/osixo-und-krytox-anti-squeak-32\/#breadcrumb"},"inLanguage":"de","potentialAction":[{"@type":"ReadAction","target":["https:\/\/www.credimex.ch\/de\/produkt\/osixo-und-krytox-anti-squeak-32\/"]}]},{"@type":"ImageObject","inLanguage":"de","@id":"https:\/\/www.credimex.ch\/de\/produkt\/osixo-und-krytox-anti-squeak-32\/#primaryimage","url":"https:\/\/www.credimex.ch\/wp-content\/uploads\/2022\/05\/Osixo_anti-squeak_aerosol_32_web.jpg","contentUrl":"https:\/\/www.credimex.ch\/wp-content\/uploads\/2022\/05\/Osixo_anti-squeak_aerosol_32_web.jpg","width":1026,"height":768},{"@type":"BreadcrumbList","@id":"https:\/\/www.credimex.ch\/de\/produkt\/osixo-und-krytox-anti-squeak-32\/#breadcrumb","itemListElement":[{"@type":"ListItem","position":1,"name":"Home","item":"https:\/\/www.credimex.ch\/de\/"},{"@type":"ListItem","position":2,"name":"Produkte","item":"https:\/\/www.credimex.ch\/de\/produkte\/"},{"@type":"ListItem","position":3,"name":"OSiXO anti-squeak 32"}]},{"@type":"WebSite","@id":"https:\/\/www.credimex.ch\/de\/#website","url":"https:\/\/www.credimex.ch\/de\/","name":"CREDIMEX","description":"Partner of Swiss Industrial Market","publisher":{"@id":"https:\/\/www.credimex.ch\/de\/#organization"},"potentialAction":[{"@type":"SearchAction","target":{"@type":"EntryPoint","urlTemplate":"https:\/\/www.credimex.ch\/de\/?s={search_term_string}"},"query-input":{"@type":"PropertyValueSpecification","valueRequired":true,"valueName":"search_term_string"}}],"inLanguage":"de"},{"@type":"Organization","@id":"https:\/\/www.credimex.ch\/de\/#organization","name":"credimex","url":"https:\/\/www.credimex.ch\/de\/","logo":{"@type":"ImageObject","inLanguage":"de","@id":"https:\/\/www.credimex.ch\/de\/#\/schema\/logo\/image\/","url":"https:\/\/www.credimex.ch\/wp-content\/uploads\/2022\/03\/cropped-logo-credimex.png","contentUrl":"https:\/\/www.credimex.ch\/wp-content\/uploads\/2022\/03\/cropped-logo-credimex.png","width":512,"height":512,"caption":"credimex"},"image":{"@id":"https:\/\/www.credimex.ch\/de\/#\/schema\/logo\/image\/"},"sameAs":["https:\/\/www.facebook.com\/credimex.alpnach\/","https:\/\/www.linkedin.com\/company\/credimex\/","https:\/\/www.youtube.com\/@CREDIMEX?sub_confirmation=1"]}]}},"_links":{"self":[{"href":"https:\/\/www.credimex.ch\/de\/wp-json\/wp\/v2\/product\/4136","targetHints":{"allow":["GET"]}}],"collection":[{"href":"https:\/\/www.credimex.ch\/de\/wp-json\/wp\/v2\/product"}],"about":[{"href":"https:\/\/www.credimex.ch\/de\/wp-json\/wp\/v2\/types\/product"}],"replies":[{"embeddable":true,"href":"https:\/\/www.credimex.ch\/de\/wp-json\/wp\/v2\/comments?post=4136"}],"wp:featuredmedia":[{"embeddable":true,"href":"https:\/\/www.credimex.ch\/de\/wp-json\/wp\/v2\/media\/2967"}],"wp:attachment":[{"href":"https:\/\/www.credimex.ch\/de\/wp-json\/wp\/v2\/media?parent=4136"}],"wp:term":[{"taxonomy":"product_brand","embeddable":true,"href":"https:\/\/www.credimex.ch\/de\/wp-json\/wp\/v2\/product_brand?post=4136"},{"taxonomy":"product_cat","embeddable":true,"href":"https:\/\/www.credimex.ch\/de\/wp-json\/wp\/v2\/product_cat?post=4136"},{"taxonomy":"product_tag","embeddable":true,"href":"https:\/\/www.credimex.ch\/de\/wp-json\/wp\/v2\/product_tag?post=4136"}],"curies":[{"name":"wp","href":"https:\/\/api.w.org\/{rel}","templated":true}]}}