{"id":4140,"date":"2022-05-17T18:30:02","date_gmt":"2022-05-17T16:30:02","guid":{"rendered":"https:\/\/www.credimex.ch.mialias.net\/product\/krytox-gpl-227\/"},"modified":"2023-01-04T09:46:54","modified_gmt":"2023-01-04T08:46:54","slug":"krytox-gpl-227-a","status":"publish","type":"product","link":"https:\/\/www.credimex.ch\/de\/produkt\/krytox-gpl-227-a\/","title":{"rendered":"Krytox GPL 227"},"content":{"rendered":"<h2>Beschreibung<\/h2>\n<p>Das Fett Krytox GPL 227 bietet Schutz vor Rost, Hochtemperaturkorrosion und Verschleissschutz. Es hat eine ausgezeichnete Schmierung \u00fcber einen breiten Temperaturbereich. Krytox GPL 227 ist nach NSF 147520 registriert und nach H-1 f\u00fcr den gelegentlichen Kontakt mit Lebensmitteln zertifiziert. Krytox GPL 227 ist zu 100 % nicht brennbar, sauerstoffvertr\u00e4glich und chemisch inert und verl\u00e4ngert die Schmierintervalle und die Lebensdauer der Ger\u00e4te.<\/p>\n<h2>Produktvorteile<\/h2>\n<ul>\n<li>H-1 zertifiziert f\u00fcr zuf\u00e4lligen Lebensmittelkontakt<\/li>\n<li><span style=\"font-family: -apple-system, BlinkMacSystemFont, 'Segoe UI', Roboto, Oxygen-Sans, Ubuntu, Cantarell, 'Helvetica Neue', sans-serif;\">Sie bieten eine l\u00e4nger anhaltende Schmierung, die die H\u00e4ufigkeit des Nachschmierens reduziert, was nicht nur die Betriebskosten senkt, sondern auch die Abfallmenge und die potenziellen Auswirkungen auf die Umwelt verringert.<\/span><\/li>\n<li><span style=\"font-family: -apple-system, BlinkMacSystemFont, 'Segoe UI', Roboto, Oxygen-Sans, Ubuntu, Cantarell, 'Helvetica Neue', sans-serif;\">Krytox-Schmierstoffe sind unempfindlich gegen\u00fcber s\u00e4urehaltigen oder \u00e4tzenden Reinigungs- und Desinfektionsmitteln, Dampf, Feuchtigkeit oder hohen Temperaturen und reagieren nicht damit.<\/span><\/li>\n<li><span style=\"font-family: -apple-system, BlinkMacSystemFont, 'Segoe UI', Roboto, Oxygen-Sans, Ubuntu, Cantarell, 'Helvetica Neue', sans-serif;\">Die urspr\u00fcnglichen Eigenschaften der Fl\u00fcssigkeiten k\u00f6nnen durch die Regeneration wiederhergestellt werden, wodurch die Entsorgung und Verbrennung reduziert oder minimiert wird. Chemours hat ein Regenerationsprogramm, das PFPE-Fl\u00fcssigkeit zur\u00fcckgewinnt. Dies senkt die Gesamtkosten f\u00fcr die Fl\u00fcssigkeiten und verringert oder minimiert die Sicherheits- und Umweltprobleme bei der Entsorgung.<\/span><\/li>\n<\/ul>\n<h2>Anwendung<\/h2>\n<ul>\n<li><span style=\"font-family: -apple-system, BlinkMacSystemFont, 'Segoe UI', Roboto, Oxygen-Sans, Ubuntu, Cantarell, 'Helvetica Neue', sans-serif;\">F\u00fcr Anwendungen, die keine Zus\u00e4tze erfordern, empfehlen wir Krytox\u2122 GPL 10X Oil oder Krytox\u2122 GPL 20X Grease<\/span><\/li>\n<\/ul>\n<p>Typische Anwendungen sind:<\/p>\n<ul>\n<li>Lager f\u00fcr Wellpappenanlagen und Papiermaschinen<\/li>\n<li>Lager f\u00fcr die Herstellung von Aluminiumdosen,<\/li>\n<li>Vakuumzerst\u00e4ubungsanlagen<\/li>\n<li>Schweissmaschinen<\/li>\n<li>Linearlager<\/li>\n<li>Hochtemperaturventilatoren<\/li>\n<li>Reinr\u00e4ume<\/li>\n<li>Chlorservice<\/li>\n<li>Textilausr\u00fcstung<\/li>\n<li>Spannrahmen<\/li>\n<li>hochdrehende Motoren<\/li>\n<li>Instrumentenlager<\/li>\n<li>versiegelte Motoren f\u00fcr die gesamte Lebensdauer<\/li>\n<li>F\u00f6rdersystem in Glas- und Aluminiumwerken<\/li>\n<li>Textilkalanderwalzenlager<\/li>\n<li>Ziegelofenwagenlager<\/li>\n<li>CV-Gelenke<\/li>\n<li>Radlager<\/li>\n<li>Universalgelenke<\/li>\n<li>Kupplungsausr\u00fccklager<\/li>\n<li>F\u00f6rderlager f\u00fcr Lackieranlagen<\/li>\n<li>L\u00fcfterlager<\/li>\n<li>Ventilschmierung<\/li>\n<li>Anlasserlager<\/li>\n<\/ul>\n","protected":false},"excerpt":{"rendered":"<p>Das Schmierfett Krytox GPL 227 hat eine \u00d6lviskosit\u00e4t von 450 cSt bei 40\u00b0C und der gesch\u00e4tzte Gebrauchstemperaturbereich liegt bei -30\u00b0C bis 288\u00b0C.<\/p>\n","protected":false},"featured_media":2977,"comment_status":"open","ping_status":"closed","template":"","meta":{"_acf_changed":false},"product_brand":[],"product_cat":[369,417,371,353,350,370,372],"product_tag":[],"class_list":{"0":"post-4140","1":"product","2":"type-product","3":"status-publish","4":"has-post-thumbnail","6":"product_cat-allgemeine-industrie","7":"product_cat-elektronik","8":"product_cat-fette","9":"product_cat-industrie-schmierstoffe","10":"product_cat-krytox","11":"product_cat-lebensmittelindustrie","12":"product_cat-lebensmitteltechnische-schmierstoffe","13":"pa_brands-krytox-de","15":"first","16":"instock","17":"shipping-taxable","18":"product-type-simple"},"acf":[],"_yoast_wpseo_focuskw":"Krytox GPL 227","_yoast_wpseo_metadesc":"Das Schmierfett Krytox GPL 227 hat eine \u00d6lviskosit\u00e4t von 450 cSt bei 40\u00b0C und der gesch\u00e4tzte Gebrauchstemperaturbereich liegt bei -30\u00b0C bis 288\u00b0C.","yoast_head":"<!-- This site is optimized with the Yoast SEO Premium plugin v21.6 (Yoast SEO v27.4) - https:\/\/yoast.com\/product\/yoast-seo-premium-wordpress\/ -->\n<title>Krytox GPL 227 - CREDIMEX<\/title>\n<meta name=\"description\" content=\"Das Schmierfett Krytox GPL 227 hat eine \u00d6lviskosit\u00e4t von 450 cSt bei 40\u00b0C und der gesch\u00e4tzte Gebrauchstemperaturbereich liegt bei -30\u00b0C bis 288\u00b0C.\" \/>\n<meta name=\"robots\" content=\"index, follow, max-snippet:-1, max-image-preview:large, max-video-preview:-1\" \/>\n<link rel=\"canonical\" href=\"https:\/\/www.credimex.ch\/de\/produkt\/krytox-gpl-227-a\/\" \/>\n<meta property=\"og:locale\" content=\"de_DE\" \/>\n<meta property=\"og:type\" content=\"article\" \/>\n<meta property=\"og:title\" content=\"Krytox GPL 227\" \/>\n<meta property=\"og:description\" content=\"Das Schmierfett Krytox GPL 227 hat eine \u00d6lviskosit\u00e4t von 450 cSt bei 40\u00b0C und der gesch\u00e4tzte Gebrauchstemperaturbereich liegt bei -30\u00b0C bis 288\u00b0C.\" \/>\n<meta property=\"og:url\" content=\"https:\/\/www.credimex.ch\/de\/produkt\/krytox-gpl-227-a\/\" \/>\n<meta property=\"og:site_name\" content=\"CREDIMEX\" \/>\n<meta property=\"article:publisher\" content=\"https:\/\/www.facebook.com\/credimex.alpnach\/\" \/>\n<meta property=\"article:modified_time\" content=\"2023-01-04T08:46:54+00:00\" \/>\n<meta property=\"og:image\" content=\"https:\/\/www.credimex.ch\/wp-content\/uploads\/2022\/05\/Chemours-Krytox-Grease-0.5-kg-Red-Top-300-dpi-511x511-1.webp\" \/>\n\t<meta property=\"og:image:width\" content=\"511\" \/>\n\t<meta property=\"og:image:height\" content=\"511\" \/>\n\t<meta property=\"og:image:type\" content=\"image\/webp\" \/>\n<meta name=\"twitter:card\" content=\"summary_large_image\" \/>\n<meta name=\"twitter:label1\" content=\"Gesch\u00e4tzte Lesezeit\" \/>\n\t<meta name=\"twitter:data1\" content=\"1\u00a0Minute\" \/>\n<script type=\"application\/ld+json\" class=\"yoast-schema-graph\">{\"@context\":\"https:\\\/\\\/schema.org\",\"@graph\":[{\"@type\":\"WebPage\",\"@id\":\"https:\\\/\\\/www.credimex.ch\\\/de\\\/produkt\\\/krytox-gpl-227-a\\\/\",\"url\":\"https:\\\/\\\/www.credimex.ch\\\/de\\\/produkt\\\/krytox-gpl-227-a\\\/\",\"name\":\"Krytox GPL 227 - CREDIMEX\",\"isPartOf\":{\"@id\":\"https:\\\/\\\/www.credimex.ch\\\/de\\\/#website\"},\"primaryImageOfPage\":{\"@id\":\"https:\\\/\\\/www.credimex.ch\\\/de\\\/produkt\\\/krytox-gpl-227-a\\\/#primaryimage\"},\"image\":{\"@id\":\"https:\\\/\\\/www.credimex.ch\\\/de\\\/produkt\\\/krytox-gpl-227-a\\\/#primaryimage\"},\"thumbnailUrl\":\"https:\\\/\\\/www.credimex.ch\\\/wp-content\\\/uploads\\\/2022\\\/05\\\/Chemours-Krytox-Grease-0.5-kg-Red-Top-300-dpi-511x511-1.webp\",\"datePublished\":\"2022-05-17T16:30:02+00:00\",\"dateModified\":\"2023-01-04T08:46:54+00:00\",\"description\":\"Das Schmierfett Krytox GPL 227 hat eine \u00d6lviskosit\u00e4t von 450 cSt bei 40\u00b0C und der gesch\u00e4tzte Gebrauchstemperaturbereich liegt bei -30\u00b0C bis 288\u00b0C.\",\"breadcrumb\":{\"@id\":\"https:\\\/\\\/www.credimex.ch\\\/de\\\/produkt\\\/krytox-gpl-227-a\\\/#breadcrumb\"},\"inLanguage\":\"de\",\"potentialAction\":[{\"@type\":\"ReadAction\",\"target\":[\"https:\\\/\\\/www.credimex.ch\\\/de\\\/produkt\\\/krytox-gpl-227-a\\\/\"]}]},{\"@type\":\"ImageObject\",\"inLanguage\":\"de\",\"@id\":\"https:\\\/\\\/www.credimex.ch\\\/de\\\/produkt\\\/krytox-gpl-227-a\\\/#primaryimage\",\"url\":\"https:\\\/\\\/www.credimex.ch\\\/wp-content\\\/uploads\\\/2022\\\/05\\\/Chemours-Krytox-Grease-0.5-kg-Red-Top-300-dpi-511x511-1.webp\",\"contentUrl\":\"https:\\\/\\\/www.credimex.ch\\\/wp-content\\\/uploads\\\/2022\\\/05\\\/Chemours-Krytox-Grease-0.5-kg-Red-Top-300-dpi-511x511-1.webp\",\"width\":511,\"height\":511},{\"@type\":\"BreadcrumbList\",\"@id\":\"https:\\\/\\\/www.credimex.ch\\\/de\\\/produkt\\\/krytox-gpl-227-a\\\/#breadcrumb\",\"itemListElement\":[{\"@type\":\"ListItem\",\"position\":1,\"name\":\"Home\",\"item\":\"https:\\\/\\\/www.credimex.ch\\\/de\\\/\"},{\"@type\":\"ListItem\",\"position\":2,\"name\":\"Produkte\",\"item\":\"https:\\\/\\\/www.credimex.ch\\\/de\\\/produkte\\\/\"},{\"@type\":\"ListItem\",\"position\":3,\"name\":\"Krytox GPL 227\"}]},{\"@type\":\"WebSite\",\"@id\":\"https:\\\/\\\/www.credimex.ch\\\/de\\\/#website\",\"url\":\"https:\\\/\\\/www.credimex.ch\\\/de\\\/\",\"name\":\"CREDIMEX\",\"description\":\"Partner of Swiss Industrial Market\",\"publisher\":{\"@id\":\"https:\\\/\\\/www.credimex.ch\\\/de\\\/#organization\"},\"potentialAction\":[{\"@type\":\"SearchAction\",\"target\":{\"@type\":\"EntryPoint\",\"urlTemplate\":\"https:\\\/\\\/www.credimex.ch\\\/de\\\/?s={search_term_string}\"},\"query-input\":{\"@type\":\"PropertyValueSpecification\",\"valueRequired\":true,\"valueName\":\"search_term_string\"}}],\"inLanguage\":\"de\"},{\"@type\":\"Organization\",\"@id\":\"https:\\\/\\\/www.credimex.ch\\\/de\\\/#organization\",\"name\":\"credimex\",\"url\":\"https:\\\/\\\/www.credimex.ch\\\/de\\\/\",\"logo\":{\"@type\":\"ImageObject\",\"inLanguage\":\"de\",\"@id\":\"https:\\\/\\\/www.credimex.ch\\\/de\\\/#\\\/schema\\\/logo\\\/image\\\/\",\"url\":\"https:\\\/\\\/www.credimex.ch\\\/wp-content\\\/uploads\\\/2022\\\/03\\\/cropped-logo-credimex.png\",\"contentUrl\":\"https:\\\/\\\/www.credimex.ch\\\/wp-content\\\/uploads\\\/2022\\\/03\\\/cropped-logo-credimex.png\",\"width\":512,\"height\":512,\"caption\":\"credimex\"},\"image\":{\"@id\":\"https:\\\/\\\/www.credimex.ch\\\/de\\\/#\\\/schema\\\/logo\\\/image\\\/\"},\"sameAs\":[\"https:\\\/\\\/www.facebook.com\\\/credimex.alpnach\\\/\",\"https:\\\/\\\/www.linkedin.com\\\/company\\\/credimex\\\/\",\"https:\\\/\\\/www.youtube.com\\\/@CREDIMEX?sub_confirmation=1\"]}]}<\/script>\n<!-- \/ Yoast SEO Premium plugin. -->","yoast_head_json":{"title":"Krytox GPL 227 - CREDIMEX","description":"Das Schmierfett Krytox GPL 227 hat eine \u00d6lviskosit\u00e4t von 450 cSt bei 40\u00b0C und der gesch\u00e4tzte Gebrauchstemperaturbereich liegt bei -30\u00b0C bis 288\u00b0C.","robots":{"index":"index","follow":"follow","max-snippet":"max-snippet:-1","max-image-preview":"max-image-preview:large","max-video-preview":"max-video-preview:-1"},"canonical":"https:\/\/www.credimex.ch\/de\/produkt\/krytox-gpl-227-a\/","og_locale":"de_DE","og_type":"article","og_title":"Krytox GPL 227","og_description":"Das Schmierfett Krytox GPL 227 hat eine \u00d6lviskosit\u00e4t von 450 cSt bei 40\u00b0C und der gesch\u00e4tzte Gebrauchstemperaturbereich liegt bei -30\u00b0C bis 288\u00b0C.","og_url":"https:\/\/www.credimex.ch\/de\/produkt\/krytox-gpl-227-a\/","og_site_name":"CREDIMEX","article_publisher":"https:\/\/www.facebook.com\/credimex.alpnach\/","article_modified_time":"2023-01-04T08:46:54+00:00","og_image":[{"width":511,"height":511,"url":"https:\/\/www.credimex.ch\/wp-content\/uploads\/2022\/05\/Chemours-Krytox-Grease-0.5-kg-Red-Top-300-dpi-511x511-1.webp","type":"image\/webp"}],"twitter_card":"summary_large_image","twitter_misc":{"Gesch\u00e4tzte Lesezeit":"1\u00a0Minute"},"schema":{"@context":"https:\/\/schema.org","@graph":[{"@type":"WebPage","@id":"https:\/\/www.credimex.ch\/de\/produkt\/krytox-gpl-227-a\/","url":"https:\/\/www.credimex.ch\/de\/produkt\/krytox-gpl-227-a\/","name":"Krytox GPL 227 - CREDIMEX","isPartOf":{"@id":"https:\/\/www.credimex.ch\/de\/#website"},"primaryImageOfPage":{"@id":"https:\/\/www.credimex.ch\/de\/produkt\/krytox-gpl-227-a\/#primaryimage"},"image":{"@id":"https:\/\/www.credimex.ch\/de\/produkt\/krytox-gpl-227-a\/#primaryimage"},"thumbnailUrl":"https:\/\/www.credimex.ch\/wp-content\/uploads\/2022\/05\/Chemours-Krytox-Grease-0.5-kg-Red-Top-300-dpi-511x511-1.webp","datePublished":"2022-05-17T16:30:02+00:00","dateModified":"2023-01-04T08:46:54+00:00","description":"Das Schmierfett Krytox GPL 227 hat eine \u00d6lviskosit\u00e4t von 450 cSt bei 40\u00b0C und der gesch\u00e4tzte Gebrauchstemperaturbereich liegt bei -30\u00b0C bis 288\u00b0C.","breadcrumb":{"@id":"https:\/\/www.credimex.ch\/de\/produkt\/krytox-gpl-227-a\/#breadcrumb"},"inLanguage":"de","potentialAction":[{"@type":"ReadAction","target":["https:\/\/www.credimex.ch\/de\/produkt\/krytox-gpl-227-a\/"]}]},{"@type":"ImageObject","inLanguage":"de","@id":"https:\/\/www.credimex.ch\/de\/produkt\/krytox-gpl-227-a\/#primaryimage","url":"https:\/\/www.credimex.ch\/wp-content\/uploads\/2022\/05\/Chemours-Krytox-Grease-0.5-kg-Red-Top-300-dpi-511x511-1.webp","contentUrl":"https:\/\/www.credimex.ch\/wp-content\/uploads\/2022\/05\/Chemours-Krytox-Grease-0.5-kg-Red-Top-300-dpi-511x511-1.webp","width":511,"height":511},{"@type":"BreadcrumbList","@id":"https:\/\/www.credimex.ch\/de\/produkt\/krytox-gpl-227-a\/#breadcrumb","itemListElement":[{"@type":"ListItem","position":1,"name":"Home","item":"https:\/\/www.credimex.ch\/de\/"},{"@type":"ListItem","position":2,"name":"Produkte","item":"https:\/\/www.credimex.ch\/de\/produkte\/"},{"@type":"ListItem","position":3,"name":"Krytox GPL 227"}]},{"@type":"WebSite","@id":"https:\/\/www.credimex.ch\/de\/#website","url":"https:\/\/www.credimex.ch\/de\/","name":"CREDIMEX","description":"Partner of Swiss Industrial Market","publisher":{"@id":"https:\/\/www.credimex.ch\/de\/#organization"},"potentialAction":[{"@type":"SearchAction","target":{"@type":"EntryPoint","urlTemplate":"https:\/\/www.credimex.ch\/de\/?s={search_term_string}"},"query-input":{"@type":"PropertyValueSpecification","valueRequired":true,"valueName":"search_term_string"}}],"inLanguage":"de"},{"@type":"Organization","@id":"https:\/\/www.credimex.ch\/de\/#organization","name":"credimex","url":"https:\/\/www.credimex.ch\/de\/","logo":{"@type":"ImageObject","inLanguage":"de","@id":"https:\/\/www.credimex.ch\/de\/#\/schema\/logo\/image\/","url":"https:\/\/www.credimex.ch\/wp-content\/uploads\/2022\/03\/cropped-logo-credimex.png","contentUrl":"https:\/\/www.credimex.ch\/wp-content\/uploads\/2022\/03\/cropped-logo-credimex.png","width":512,"height":512,"caption":"credimex"},"image":{"@id":"https:\/\/www.credimex.ch\/de\/#\/schema\/logo\/image\/"},"sameAs":["https:\/\/www.facebook.com\/credimex.alpnach\/","https:\/\/www.linkedin.com\/company\/credimex\/","https:\/\/www.youtube.com\/@CREDIMEX?sub_confirmation=1"]}]}},"_links":{"self":[{"href":"https:\/\/www.credimex.ch\/de\/wp-json\/wp\/v2\/product\/4140","targetHints":{"allow":["GET"]}}],"collection":[{"href":"https:\/\/www.credimex.ch\/de\/wp-json\/wp\/v2\/product"}],"about":[{"href":"https:\/\/www.credimex.ch\/de\/wp-json\/wp\/v2\/types\/product"}],"replies":[{"embeddable":true,"href":"https:\/\/www.credimex.ch\/de\/wp-json\/wp\/v2\/comments?post=4140"}],"wp:featuredmedia":[{"embeddable":true,"href":"https:\/\/www.credimex.ch\/de\/wp-json\/wp\/v2\/media\/2977"}],"wp:attachment":[{"href":"https:\/\/www.credimex.ch\/de\/wp-json\/wp\/v2\/media?parent=4140"}],"wp:term":[{"taxonomy":"product_brand","embeddable":true,"href":"https:\/\/www.credimex.ch\/de\/wp-json\/wp\/v2\/product_brand?post=4140"},{"taxonomy":"product_cat","embeddable":true,"href":"https:\/\/www.credimex.ch\/de\/wp-json\/wp\/v2\/product_cat?post=4140"},{"taxonomy":"product_tag","embeddable":true,"href":"https:\/\/www.credimex.ch\/de\/wp-json\/wp\/v2\/product_tag?post=4140"}],"curies":[{"name":"wp","href":"https:\/\/api.w.org\/{rel}","templated":true}]}}