{"id":4148,"date":"2022-05-17T18:00:16","date_gmt":"2022-05-17T16:00:16","guid":{"rendered":"https:\/\/www.credimex.ch.mialias.net\/product\/delo-duopox-ad894\/"},"modified":"2023-02-21T11:32:52","modified_gmt":"2023-02-21T10:32:52","slug":"delo-duopox-ad894","status":"publish","type":"product","link":"https:\/\/www.credimex.ch\/de\/produkt\/delo-duopox-ad894\/","title":{"rendered":"Delo Duopox AD894"},"content":{"rendered":"<h2>Beschreibung<\/h2>\n<p>DELO-DUOPOX &#8211; 2-K-Epoxid-Kleberprogramm mit hervorragender Festigkeit<\/p>\n<p>DELO bietet eine Reihe von 2-Komponenten-Klebstoffen auf Epoxidharzbasis an: Dazu geh\u00f6ren superschnell h\u00e4rtende 2-Komponenten-Epoxidharzklebstoffe, langlebige Konstruktionsklebstoffe sowie flexible, spannungsausgleichende Klebematerialien. Sie halten auch thermische Belastungen gut aus. Im DELO-Portfolio finden Sie f\u00fcr jede Anforderung und jeden Anspruch den passenden Zweikomponenten-Epoxidkleber.<\/p>\n<p>DELO-DUOPOX 2K-Epoxidklebstoffe h\u00e4rten nach dem Mischen von Harz und H\u00e4rter bei Raumtemperatur aus. Generell zeichnen sich DELO-DUOPOX 2K-Klebstoffe durch universelle Haftung, hohe Chemikalienbest\u00e4ndigkeit und hervorragende mechanische Eigenschaften aus. Aus diesem Grund werden sie in einer Vielzahl von Bereichen eingesetzt, die industrielle L\u00f6sungen erfordern.<\/p>\n<h2>Produktvorteile<\/h2>\n<ul>\n<li>Aush\u00e4rtung bei Raumtemperatur, M\u00f6glichkeit zur Beschleunigung der Aush\u00e4rtung durch W\u00e4rmezufuhr<\/li>\n<li>Optionale Einkomponentenanwendung durch Verwendung eines Side-by-Side-Kartuschensystems<\/li>\n<li>Mehrzweck-2-Komponenten-Epoxidklebstoffe<\/li>\n<li>Robuste<\/li>\n<li>Temperaturbereich bis zu +140 \u00b0C<\/li>\n<li>Hohe Best\u00e4ndigkeit gegen viele Chemikalien und Hitze<\/li>\n<\/ul>\n<h2>Anmeldung<\/h2>\n<ul>\n<li>Allgemeine Industrie<\/li>\n<li>Elektronik<\/li>\n<li>Automobilbranche<\/li>\n<li>Energie<\/li>\n<li>E Mobilit\u00e4t<\/li>\n<\/ul>\n","protected":false},"excerpt":{"rendered":"<div class=\"row\">\n<div class=\"col col-12 col-lg-6 order-lg-first\">\n<div class=\"single-product__content\"><span data-sheets-value=\"{\" data-sheets-userformat=\"{\">Delo Duopox AD894 ist ein <\/span>2-Komponenten-Epoxidkleber mit hervorragender Festigkeit.<\/div>\n<\/div>\n<\/div>\n<div class=\"single-product__pdf-files\"><\/div>\n","protected":false},"featured_media":2955,"comment_status":"open","ping_status":"closed","template":"","meta":{"_acf_changed":false},"product_brand":[],"product_cat":[369,351,456,380,417,390,642,457],"product_tag":[],"class_list":{"0":"post-4148","1":"product","2":"type-product","3":"status-publish","4":"has-post-thumbnail","6":"product_cat-allgemeine-industrie","7":"product_cat-automobilindustrie","8":"product_cat-delo","9":"product_cat-e-mobilitat","10":"product_cat-elektronik","11":"product_cat-energie","12":"product_cat-epoxid-klebstoffe","13":"product_cat-klebstoffe-und-dichtungsmittel","14":"pa_brands-delo-de","16":"first","17":"instock","18":"shipping-taxable","19":"product-type-simple"},"acf":[],"_yoast_wpseo_focuskw":"Delo Duopox AD894","_yoast_wpseo_metadesc":"Delo Duopox AD894 ist ein 2-Komponenten-Epoxidkleber mit hervorragender Festigkeit.","yoast_head":"<!-- This site is optimized with the Yoast SEO Premium plugin v21.6 (Yoast SEO v27.4) - https:\/\/yoast.com\/product\/yoast-seo-premium-wordpress\/ -->\n<title>Delo Duopox AD894 - CREDIMEX<\/title>\n<meta name=\"description\" content=\"Delo Duopox AD894 ist ein 2-Komponenten-Epoxidkleber mit hervorragender Festigkeit.\" \/>\n<meta name=\"robots\" content=\"index, follow, max-snippet:-1, max-image-preview:large, max-video-preview:-1\" \/>\n<link rel=\"canonical\" href=\"https:\/\/www.credimex.ch\/de\/produkt\/delo-duopox-ad894\/\" \/>\n<meta property=\"og:locale\" content=\"de_DE\" \/>\n<meta property=\"og:type\" content=\"article\" \/>\n<meta property=\"og:title\" content=\"Delo Duopox AD894\" \/>\n<meta property=\"og:description\" content=\"Delo Duopox AD894 ist ein 2-Komponenten-Epoxidkleber mit hervorragender Festigkeit.\" \/>\n<meta property=\"og:url\" content=\"https:\/\/www.credimex.ch\/de\/produkt\/delo-duopox-ad894\/\" \/>\n<meta property=\"og:site_name\" content=\"CREDIMEX\" \/>\n<meta property=\"article:publisher\" content=\"https:\/\/www.facebook.com\/credimex.alpnach\/\" \/>\n<meta property=\"article:modified_time\" content=\"2023-02-21T10:32:52+00:00\" \/>\n<meta property=\"og:image\" content=\"https:\/\/www.credimex.ch\/wp-content\/uploads\/2022\/05\/delo_automix_ad894_50_ml_doppelkartusche_web.jpg\" \/>\n\t<meta property=\"og:image:width\" content=\"800\" \/>\n\t<meta property=\"og:image:height\" content=\"800\" \/>\n\t<meta property=\"og:image:type\" content=\"image\/jpeg\" \/>\n<meta name=\"twitter:card\" content=\"summary_large_image\" \/>\n<meta name=\"twitter:label1\" content=\"Gesch\u00e4tzte Lesezeit\" \/>\n\t<meta name=\"twitter:data1\" content=\"1\u00a0Minute\" \/>\n<script type=\"application\/ld+json\" class=\"yoast-schema-graph\">{\"@context\":\"https:\\\/\\\/schema.org\",\"@graph\":[{\"@type\":\"WebPage\",\"@id\":\"https:\\\/\\\/www.credimex.ch\\\/de\\\/produkt\\\/delo-duopox-ad894\\\/\",\"url\":\"https:\\\/\\\/www.credimex.ch\\\/de\\\/produkt\\\/delo-duopox-ad894\\\/\",\"name\":\"Delo Duopox AD894 - CREDIMEX\",\"isPartOf\":{\"@id\":\"https:\\\/\\\/www.credimex.ch\\\/de\\\/#website\"},\"primaryImageOfPage\":{\"@id\":\"https:\\\/\\\/www.credimex.ch\\\/de\\\/produkt\\\/delo-duopox-ad894\\\/#primaryimage\"},\"image\":{\"@id\":\"https:\\\/\\\/www.credimex.ch\\\/de\\\/produkt\\\/delo-duopox-ad894\\\/#primaryimage\"},\"thumbnailUrl\":\"https:\\\/\\\/www.credimex.ch\\\/wp-content\\\/uploads\\\/2022\\\/05\\\/delo_automix_ad894_50_ml_doppelkartusche_web.jpg\",\"datePublished\":\"2022-05-17T16:00:16+00:00\",\"dateModified\":\"2023-02-21T10:32:52+00:00\",\"description\":\"Delo Duopox AD894 ist ein 2-Komponenten-Epoxidkleber mit hervorragender Festigkeit.\",\"breadcrumb\":{\"@id\":\"https:\\\/\\\/www.credimex.ch\\\/de\\\/produkt\\\/delo-duopox-ad894\\\/#breadcrumb\"},\"inLanguage\":\"de\",\"potentialAction\":[{\"@type\":\"ReadAction\",\"target\":[\"https:\\\/\\\/www.credimex.ch\\\/de\\\/produkt\\\/delo-duopox-ad894\\\/\"]}]},{\"@type\":\"ImageObject\",\"inLanguage\":\"de\",\"@id\":\"https:\\\/\\\/www.credimex.ch\\\/de\\\/produkt\\\/delo-duopox-ad894\\\/#primaryimage\",\"url\":\"https:\\\/\\\/www.credimex.ch\\\/wp-content\\\/uploads\\\/2022\\\/05\\\/delo_automix_ad894_50_ml_doppelkartusche_web.jpg\",\"contentUrl\":\"https:\\\/\\\/www.credimex.ch\\\/wp-content\\\/uploads\\\/2022\\\/05\\\/delo_automix_ad894_50_ml_doppelkartusche_web.jpg\",\"width\":800,\"height\":800},{\"@type\":\"BreadcrumbList\",\"@id\":\"https:\\\/\\\/www.credimex.ch\\\/de\\\/produkt\\\/delo-duopox-ad894\\\/#breadcrumb\",\"itemListElement\":[{\"@type\":\"ListItem\",\"position\":1,\"name\":\"Home\",\"item\":\"https:\\\/\\\/www.credimex.ch\\\/de\\\/\"},{\"@type\":\"ListItem\",\"position\":2,\"name\":\"Produkte\",\"item\":\"https:\\\/\\\/www.credimex.ch\\\/de\\\/produkte\\\/\"},{\"@type\":\"ListItem\",\"position\":3,\"name\":\"Delo Duopox AD894\"}]},{\"@type\":\"WebSite\",\"@id\":\"https:\\\/\\\/www.credimex.ch\\\/de\\\/#website\",\"url\":\"https:\\\/\\\/www.credimex.ch\\\/de\\\/\",\"name\":\"CREDIMEX\",\"description\":\"Partner of Swiss Industrial Market\",\"publisher\":{\"@id\":\"https:\\\/\\\/www.credimex.ch\\\/de\\\/#organization\"},\"potentialAction\":[{\"@type\":\"SearchAction\",\"target\":{\"@type\":\"EntryPoint\",\"urlTemplate\":\"https:\\\/\\\/www.credimex.ch\\\/de\\\/?s={search_term_string}\"},\"query-input\":{\"@type\":\"PropertyValueSpecification\",\"valueRequired\":true,\"valueName\":\"search_term_string\"}}],\"inLanguage\":\"de\"},{\"@type\":\"Organization\",\"@id\":\"https:\\\/\\\/www.credimex.ch\\\/de\\\/#organization\",\"name\":\"credimex\",\"url\":\"https:\\\/\\\/www.credimex.ch\\\/de\\\/\",\"logo\":{\"@type\":\"ImageObject\",\"inLanguage\":\"de\",\"@id\":\"https:\\\/\\\/www.credimex.ch\\\/de\\\/#\\\/schema\\\/logo\\\/image\\\/\",\"url\":\"https:\\\/\\\/www.credimex.ch\\\/wp-content\\\/uploads\\\/2022\\\/03\\\/cropped-logo-credimex.png\",\"contentUrl\":\"https:\\\/\\\/www.credimex.ch\\\/wp-content\\\/uploads\\\/2022\\\/03\\\/cropped-logo-credimex.png\",\"width\":512,\"height\":512,\"caption\":\"credimex\"},\"image\":{\"@id\":\"https:\\\/\\\/www.credimex.ch\\\/de\\\/#\\\/schema\\\/logo\\\/image\\\/\"},\"sameAs\":[\"https:\\\/\\\/www.facebook.com\\\/credimex.alpnach\\\/\",\"https:\\\/\\\/www.linkedin.com\\\/company\\\/credimex\\\/\",\"https:\\\/\\\/www.youtube.com\\\/@CREDIMEX?sub_confirmation=1\"]}]}<\/script>\n<!-- \/ Yoast SEO Premium plugin. -->","yoast_head_json":{"title":"Delo Duopox AD894 - CREDIMEX","description":"Delo Duopox AD894 ist ein 2-Komponenten-Epoxidkleber mit hervorragender Festigkeit.","robots":{"index":"index","follow":"follow","max-snippet":"max-snippet:-1","max-image-preview":"max-image-preview:large","max-video-preview":"max-video-preview:-1"},"canonical":"https:\/\/www.credimex.ch\/de\/produkt\/delo-duopox-ad894\/","og_locale":"de_DE","og_type":"article","og_title":"Delo Duopox AD894","og_description":"Delo Duopox AD894 ist ein 2-Komponenten-Epoxidkleber mit hervorragender Festigkeit.","og_url":"https:\/\/www.credimex.ch\/de\/produkt\/delo-duopox-ad894\/","og_site_name":"CREDIMEX","article_publisher":"https:\/\/www.facebook.com\/credimex.alpnach\/","article_modified_time":"2023-02-21T10:32:52+00:00","og_image":[{"width":800,"height":800,"url":"https:\/\/www.credimex.ch\/wp-content\/uploads\/2022\/05\/delo_automix_ad894_50_ml_doppelkartusche_web.jpg","type":"image\/jpeg"}],"twitter_card":"summary_large_image","twitter_misc":{"Gesch\u00e4tzte Lesezeit":"1\u00a0Minute"},"schema":{"@context":"https:\/\/schema.org","@graph":[{"@type":"WebPage","@id":"https:\/\/www.credimex.ch\/de\/produkt\/delo-duopox-ad894\/","url":"https:\/\/www.credimex.ch\/de\/produkt\/delo-duopox-ad894\/","name":"Delo Duopox AD894 - CREDIMEX","isPartOf":{"@id":"https:\/\/www.credimex.ch\/de\/#website"},"primaryImageOfPage":{"@id":"https:\/\/www.credimex.ch\/de\/produkt\/delo-duopox-ad894\/#primaryimage"},"image":{"@id":"https:\/\/www.credimex.ch\/de\/produkt\/delo-duopox-ad894\/#primaryimage"},"thumbnailUrl":"https:\/\/www.credimex.ch\/wp-content\/uploads\/2022\/05\/delo_automix_ad894_50_ml_doppelkartusche_web.jpg","datePublished":"2022-05-17T16:00:16+00:00","dateModified":"2023-02-21T10:32:52+00:00","description":"Delo Duopox AD894 ist ein 2-Komponenten-Epoxidkleber mit hervorragender Festigkeit.","breadcrumb":{"@id":"https:\/\/www.credimex.ch\/de\/produkt\/delo-duopox-ad894\/#breadcrumb"},"inLanguage":"de","potentialAction":[{"@type":"ReadAction","target":["https:\/\/www.credimex.ch\/de\/produkt\/delo-duopox-ad894\/"]}]},{"@type":"ImageObject","inLanguage":"de","@id":"https:\/\/www.credimex.ch\/de\/produkt\/delo-duopox-ad894\/#primaryimage","url":"https:\/\/www.credimex.ch\/wp-content\/uploads\/2022\/05\/delo_automix_ad894_50_ml_doppelkartusche_web.jpg","contentUrl":"https:\/\/www.credimex.ch\/wp-content\/uploads\/2022\/05\/delo_automix_ad894_50_ml_doppelkartusche_web.jpg","width":800,"height":800},{"@type":"BreadcrumbList","@id":"https:\/\/www.credimex.ch\/de\/produkt\/delo-duopox-ad894\/#breadcrumb","itemListElement":[{"@type":"ListItem","position":1,"name":"Home","item":"https:\/\/www.credimex.ch\/de\/"},{"@type":"ListItem","position":2,"name":"Produkte","item":"https:\/\/www.credimex.ch\/de\/produkte\/"},{"@type":"ListItem","position":3,"name":"Delo Duopox AD894"}]},{"@type":"WebSite","@id":"https:\/\/www.credimex.ch\/de\/#website","url":"https:\/\/www.credimex.ch\/de\/","name":"CREDIMEX","description":"Partner of Swiss Industrial Market","publisher":{"@id":"https:\/\/www.credimex.ch\/de\/#organization"},"potentialAction":[{"@type":"SearchAction","target":{"@type":"EntryPoint","urlTemplate":"https:\/\/www.credimex.ch\/de\/?s={search_term_string}"},"query-input":{"@type":"PropertyValueSpecification","valueRequired":true,"valueName":"search_term_string"}}],"inLanguage":"de"},{"@type":"Organization","@id":"https:\/\/www.credimex.ch\/de\/#organization","name":"credimex","url":"https:\/\/www.credimex.ch\/de\/","logo":{"@type":"ImageObject","inLanguage":"de","@id":"https:\/\/www.credimex.ch\/de\/#\/schema\/logo\/image\/","url":"https:\/\/www.credimex.ch\/wp-content\/uploads\/2022\/03\/cropped-logo-credimex.png","contentUrl":"https:\/\/www.credimex.ch\/wp-content\/uploads\/2022\/03\/cropped-logo-credimex.png","width":512,"height":512,"caption":"credimex"},"image":{"@id":"https:\/\/www.credimex.ch\/de\/#\/schema\/logo\/image\/"},"sameAs":["https:\/\/www.facebook.com\/credimex.alpnach\/","https:\/\/www.linkedin.com\/company\/credimex\/","https:\/\/www.youtube.com\/@CREDIMEX?sub_confirmation=1"]}]}},"_links":{"self":[{"href":"https:\/\/www.credimex.ch\/de\/wp-json\/wp\/v2\/product\/4148","targetHints":{"allow":["GET"]}}],"collection":[{"href":"https:\/\/www.credimex.ch\/de\/wp-json\/wp\/v2\/product"}],"about":[{"href":"https:\/\/www.credimex.ch\/de\/wp-json\/wp\/v2\/types\/product"}],"replies":[{"embeddable":true,"href":"https:\/\/www.credimex.ch\/de\/wp-json\/wp\/v2\/comments?post=4148"}],"wp:featuredmedia":[{"embeddable":true,"href":"https:\/\/www.credimex.ch\/de\/wp-json\/wp\/v2\/media\/2955"}],"wp:attachment":[{"href":"https:\/\/www.credimex.ch\/de\/wp-json\/wp\/v2\/media?parent=4148"}],"wp:term":[{"taxonomy":"product_brand","embeddable":true,"href":"https:\/\/www.credimex.ch\/de\/wp-json\/wp\/v2\/product_brand?post=4148"},{"taxonomy":"product_cat","embeddable":true,"href":"https:\/\/www.credimex.ch\/de\/wp-json\/wp\/v2\/product_cat?post=4148"},{"taxonomy":"product_tag","embeddable":true,"href":"https:\/\/www.credimex.ch\/de\/wp-json\/wp\/v2\/product_tag?post=4148"}],"curies":[{"name":"wp","href":"https:\/\/api.w.org\/{rel}","templated":true}]}}