{"id":4150,"date":"2022-05-17T17:50:36","date_gmt":"2022-05-17T15:50:36","guid":{"rendered":"https:\/\/www.credimex.ch.mialias.net\/product\/delo-duopox-ad895\/"},"modified":"2023-02-21T11:35:18","modified_gmt":"2023-02-21T10:35:18","slug":"delo-duopox-ad895","status":"publish","type":"product","link":"https:\/\/www.credimex.ch\/de\/produkt\/delo-duopox-ad895\/","title":{"rendered":"Delo Duopox AD895"},"content":{"rendered":"<h2>Beschreibung<\/h2>\n<p>Universeller 2-Komponenten-Epoxidharzklebstoff, Aush\u00e4rtung bei Raumtemperatur, mittlere Viskosit\u00e4t.<\/p>\n<p>Die Komponenten A und B sind im unten angegebenen Mischungsverh\u00e4ltnis gebrauchsfertig zu mischen bzw. zu homogenisieren. Sie lassen sich gut aus dem Originalgebinde verarbeiten.<br \/>\nBesonders vorteilhaft ist die Verarbeitung aus dem DELO-AUTOMIX-System, siehe Typenwahlkarte &#8222;DELO-AUTOMIX-System&#8220;. Die zu verklebenden Oberfl\u00e4chen sollten trocken, staub- und fettfrei sowie frei von anderen Substanzen sein. Die Aush\u00e4rtung erfolgt bei Raumtemperatur. Erh\u00f6hte Temperaturen beschleunigen die Aush\u00e4rtung<\/p>\n<ul>\n<li>Basis<\/li>\n<li>Epoxidharz-Klebstoff<\/li>\n<li>Zwei Komponenten<\/li>\n<li>Nonylphenolfreies Produkt<\/li>\n<li>Mineralien als F\u00fcllstoff<\/li>\n<li>Mischungsverh\u00e4ltnis (A: B) nach Gewicht 7: 3, (A: B) nach Volumen 2: 1<\/li>\n<li>Dichte Komponente A [g \/ cm\u00b3] # 1,37: bei Raumtemperatur (ca. 23 \u00b0 C)<\/li>\n<\/ul>\n<h2>Produktvorteile<\/h2>\n<ul>\n<li>Hochfester Konstruktionsklebstoff<\/li>\n<li>Universeller Einsatz<\/li>\n<li>Das ausgeh\u00e4rtete Produkt wird in der Regel im Temperaturbereich von -40\u00b0C bis +140\u00b0C eingesetzt; je nach Anwendung k\u00f6nnen andere Grenzen sinnvoll sein<\/li>\n<li>Wird auf Biokompatibilit\u00e4t getestet und erf\u00fcllt die Anforderungen der ISO 10993-5: Zytotoxizit\u00e4tstest<\/li>\n<li>Entspricht der RoHS-Richtlinie 2011\/65 \/ EU<\/li>\n<li>Erfolgreich getestet nach UL 94 HB<\/li>\n<\/ul>\n<h2>Anmeldung<\/h2>\n<ul>\n<li>Elektorik<\/li>\n<li>Automobilindustrie<\/li>\n<li>Herstellung von Uhren<\/li>\n<li>Energie<\/li>\n<li>E Mobilit\u00e4t<\/li>\n<li>Anwendung in der allgemeinen Industrie<\/li>\n<\/ul>\n","protected":false},"excerpt":{"rendered":"<p>Delo Duopox AD895 ist ein universeller 2-Komponenten-Epoxidharzklebstoff, raumtemperaturh\u00e4rtend, mittelviskos.<\/p>\n","protected":false},"featured_media":2953,"comment_status":"open","ping_status":"closed","template":"","meta":{"_acf_changed":false},"product_brand":[],"product_cat":[369,351,456,380,417,390,642,457],"product_tag":[],"class_list":{"0":"post-4150","1":"product","2":"type-product","3":"status-publish","4":"has-post-thumbnail","6":"product_cat-allgemeine-industrie","7":"product_cat-automobilindustrie","8":"product_cat-delo","9":"product_cat-e-mobilitat","10":"product_cat-elektronik","11":"product_cat-energie","12":"product_cat-epoxid-klebstoffe","13":"product_cat-klebstoffe-und-dichtungsmittel","14":"pa_brands-delo-de","16":"first","17":"instock","18":"shipping-taxable","19":"product-type-simple"},"acf":[],"_yoast_wpseo_focuskw":"Delo Duopox AD895","_yoast_wpseo_metadesc":"Delo Duopox AD895 ist ein universeller 2-Komponenten-Epoxidharzklebstoff, raumtemperaturh\u00e4rtend, mittelviskos.","yoast_head":"<!-- This site is optimized with the Yoast SEO Premium plugin v21.6 (Yoast SEO v27.4) - https:\/\/yoast.com\/product\/yoast-seo-premium-wordpress\/ -->\n<title>Delo Duopox AD895 - CREDIMEX<\/title>\n<meta name=\"description\" content=\"Delo Duopox AD895 ist ein universeller 2-Komponenten-Epoxidharzklebstoff, raumtemperaturh\u00e4rtend, mittelviskos.\" \/>\n<meta name=\"robots\" content=\"index, follow, max-snippet:-1, max-image-preview:large, max-video-preview:-1\" \/>\n<link rel=\"canonical\" href=\"https:\/\/www.credimex.ch\/de\/produkt\/delo-duopox-ad895\/\" \/>\n<meta property=\"og:locale\" content=\"de_DE\" \/>\n<meta property=\"og:type\" content=\"article\" \/>\n<meta property=\"og:title\" content=\"Delo Duopox AD895\" \/>\n<meta property=\"og:description\" content=\"Delo Duopox AD895 ist ein universeller 2-Komponenten-Epoxidharzklebstoff, raumtemperaturh\u00e4rtend, mittelviskos.\" \/>\n<meta property=\"og:url\" content=\"https:\/\/www.credimex.ch\/de\/produkt\/delo-duopox-ad895\/\" \/>\n<meta property=\"og:site_name\" content=\"CREDIMEX\" \/>\n<meta property=\"article:publisher\" content=\"https:\/\/www.facebook.com\/credimex.alpnach\/\" \/>\n<meta property=\"article:modified_time\" content=\"2023-02-21T10:35:18+00:00\" \/>\n<meta property=\"og:image\" content=\"https:\/\/www.credimex.ch\/wp-content\/uploads\/2022\/05\/delo-automix-ad1895-universal-2-component-epoxy-resin-adhesive-1kg-google-2.jpg\" \/>\n\t<meta property=\"og:image:width\" content=\"340\" \/>\n\t<meta property=\"og:image:height\" content=\"500\" \/>\n\t<meta property=\"og:image:type\" content=\"image\/jpeg\" \/>\n<meta name=\"twitter:card\" content=\"summary_large_image\" \/>\n<meta name=\"twitter:label1\" content=\"Gesch\u00e4tzte Lesezeit\" \/>\n\t<meta name=\"twitter:data1\" content=\"1\u00a0Minute\" \/>\n<script type=\"application\/ld+json\" class=\"yoast-schema-graph\">{\"@context\":\"https:\\\/\\\/schema.org\",\"@graph\":[{\"@type\":\"WebPage\",\"@id\":\"https:\\\/\\\/www.credimex.ch\\\/de\\\/produkt\\\/delo-duopox-ad895\\\/\",\"url\":\"https:\\\/\\\/www.credimex.ch\\\/de\\\/produkt\\\/delo-duopox-ad895\\\/\",\"name\":\"Delo Duopox AD895 - CREDIMEX\",\"isPartOf\":{\"@id\":\"https:\\\/\\\/www.credimex.ch\\\/de\\\/#website\"},\"primaryImageOfPage\":{\"@id\":\"https:\\\/\\\/www.credimex.ch\\\/de\\\/produkt\\\/delo-duopox-ad895\\\/#primaryimage\"},\"image\":{\"@id\":\"https:\\\/\\\/www.credimex.ch\\\/de\\\/produkt\\\/delo-duopox-ad895\\\/#primaryimage\"},\"thumbnailUrl\":\"https:\\\/\\\/www.credimex.ch\\\/wp-content\\\/uploads\\\/2022\\\/05\\\/delo-automix-ad1895-universal-2-component-epoxy-resin-adhesive-1kg-google-2.jpg\",\"datePublished\":\"2022-05-17T15:50:36+00:00\",\"dateModified\":\"2023-02-21T10:35:18+00:00\",\"description\":\"Delo Duopox AD895 ist ein universeller 2-Komponenten-Epoxidharzklebstoff, raumtemperaturh\u00e4rtend, mittelviskos.\",\"breadcrumb\":{\"@id\":\"https:\\\/\\\/www.credimex.ch\\\/de\\\/produkt\\\/delo-duopox-ad895\\\/#breadcrumb\"},\"inLanguage\":\"de\",\"potentialAction\":[{\"@type\":\"ReadAction\",\"target\":[\"https:\\\/\\\/www.credimex.ch\\\/de\\\/produkt\\\/delo-duopox-ad895\\\/\"]}]},{\"@type\":\"ImageObject\",\"inLanguage\":\"de\",\"@id\":\"https:\\\/\\\/www.credimex.ch\\\/de\\\/produkt\\\/delo-duopox-ad895\\\/#primaryimage\",\"url\":\"https:\\\/\\\/www.credimex.ch\\\/wp-content\\\/uploads\\\/2022\\\/05\\\/delo-automix-ad1895-universal-2-component-epoxy-resin-adhesive-1kg-google-2.jpg\",\"contentUrl\":\"https:\\\/\\\/www.credimex.ch\\\/wp-content\\\/uploads\\\/2022\\\/05\\\/delo-automix-ad1895-universal-2-component-epoxy-resin-adhesive-1kg-google-2.jpg\",\"width\":340,\"height\":500},{\"@type\":\"BreadcrumbList\",\"@id\":\"https:\\\/\\\/www.credimex.ch\\\/de\\\/produkt\\\/delo-duopox-ad895\\\/#breadcrumb\",\"itemListElement\":[{\"@type\":\"ListItem\",\"position\":1,\"name\":\"Home\",\"item\":\"https:\\\/\\\/www.credimex.ch\\\/de\\\/\"},{\"@type\":\"ListItem\",\"position\":2,\"name\":\"Produkte\",\"item\":\"https:\\\/\\\/www.credimex.ch\\\/de\\\/produkte\\\/\"},{\"@type\":\"ListItem\",\"position\":3,\"name\":\"Delo Duopox AD895\"}]},{\"@type\":\"WebSite\",\"@id\":\"https:\\\/\\\/www.credimex.ch\\\/de\\\/#website\",\"url\":\"https:\\\/\\\/www.credimex.ch\\\/de\\\/\",\"name\":\"CREDIMEX\",\"description\":\"Partner of Swiss Industrial Market\",\"publisher\":{\"@id\":\"https:\\\/\\\/www.credimex.ch\\\/de\\\/#organization\"},\"potentialAction\":[{\"@type\":\"SearchAction\",\"target\":{\"@type\":\"EntryPoint\",\"urlTemplate\":\"https:\\\/\\\/www.credimex.ch\\\/de\\\/?s={search_term_string}\"},\"query-input\":{\"@type\":\"PropertyValueSpecification\",\"valueRequired\":true,\"valueName\":\"search_term_string\"}}],\"inLanguage\":\"de\"},{\"@type\":\"Organization\",\"@id\":\"https:\\\/\\\/www.credimex.ch\\\/de\\\/#organization\",\"name\":\"credimex\",\"url\":\"https:\\\/\\\/www.credimex.ch\\\/de\\\/\",\"logo\":{\"@type\":\"ImageObject\",\"inLanguage\":\"de\",\"@id\":\"https:\\\/\\\/www.credimex.ch\\\/de\\\/#\\\/schema\\\/logo\\\/image\\\/\",\"url\":\"https:\\\/\\\/www.credimex.ch\\\/wp-content\\\/uploads\\\/2022\\\/03\\\/cropped-logo-credimex.png\",\"contentUrl\":\"https:\\\/\\\/www.credimex.ch\\\/wp-content\\\/uploads\\\/2022\\\/03\\\/cropped-logo-credimex.png\",\"width\":512,\"height\":512,\"caption\":\"credimex\"},\"image\":{\"@id\":\"https:\\\/\\\/www.credimex.ch\\\/de\\\/#\\\/schema\\\/logo\\\/image\\\/\"},\"sameAs\":[\"https:\\\/\\\/www.facebook.com\\\/credimex.alpnach\\\/\",\"https:\\\/\\\/www.linkedin.com\\\/company\\\/credimex\\\/\",\"https:\\\/\\\/www.youtube.com\\\/@CREDIMEX?sub_confirmation=1\"]}]}<\/script>\n<!-- \/ Yoast SEO Premium plugin. -->","yoast_head_json":{"title":"Delo Duopox AD895 - CREDIMEX","description":"Delo Duopox AD895 ist ein universeller 2-Komponenten-Epoxidharzklebstoff, raumtemperaturh\u00e4rtend, mittelviskos.","robots":{"index":"index","follow":"follow","max-snippet":"max-snippet:-1","max-image-preview":"max-image-preview:large","max-video-preview":"max-video-preview:-1"},"canonical":"https:\/\/www.credimex.ch\/de\/produkt\/delo-duopox-ad895\/","og_locale":"de_DE","og_type":"article","og_title":"Delo Duopox AD895","og_description":"Delo Duopox AD895 ist ein universeller 2-Komponenten-Epoxidharzklebstoff, raumtemperaturh\u00e4rtend, mittelviskos.","og_url":"https:\/\/www.credimex.ch\/de\/produkt\/delo-duopox-ad895\/","og_site_name":"CREDIMEX","article_publisher":"https:\/\/www.facebook.com\/credimex.alpnach\/","article_modified_time":"2023-02-21T10:35:18+00:00","og_image":[{"width":340,"height":500,"url":"https:\/\/www.credimex.ch\/wp-content\/uploads\/2022\/05\/delo-automix-ad1895-universal-2-component-epoxy-resin-adhesive-1kg-google-2.jpg","type":"image\/jpeg"}],"twitter_card":"summary_large_image","twitter_misc":{"Gesch\u00e4tzte Lesezeit":"1\u00a0Minute"},"schema":{"@context":"https:\/\/schema.org","@graph":[{"@type":"WebPage","@id":"https:\/\/www.credimex.ch\/de\/produkt\/delo-duopox-ad895\/","url":"https:\/\/www.credimex.ch\/de\/produkt\/delo-duopox-ad895\/","name":"Delo Duopox AD895 - CREDIMEX","isPartOf":{"@id":"https:\/\/www.credimex.ch\/de\/#website"},"primaryImageOfPage":{"@id":"https:\/\/www.credimex.ch\/de\/produkt\/delo-duopox-ad895\/#primaryimage"},"image":{"@id":"https:\/\/www.credimex.ch\/de\/produkt\/delo-duopox-ad895\/#primaryimage"},"thumbnailUrl":"https:\/\/www.credimex.ch\/wp-content\/uploads\/2022\/05\/delo-automix-ad1895-universal-2-component-epoxy-resin-adhesive-1kg-google-2.jpg","datePublished":"2022-05-17T15:50:36+00:00","dateModified":"2023-02-21T10:35:18+00:00","description":"Delo Duopox AD895 ist ein universeller 2-Komponenten-Epoxidharzklebstoff, raumtemperaturh\u00e4rtend, mittelviskos.","breadcrumb":{"@id":"https:\/\/www.credimex.ch\/de\/produkt\/delo-duopox-ad895\/#breadcrumb"},"inLanguage":"de","potentialAction":[{"@type":"ReadAction","target":["https:\/\/www.credimex.ch\/de\/produkt\/delo-duopox-ad895\/"]}]},{"@type":"ImageObject","inLanguage":"de","@id":"https:\/\/www.credimex.ch\/de\/produkt\/delo-duopox-ad895\/#primaryimage","url":"https:\/\/www.credimex.ch\/wp-content\/uploads\/2022\/05\/delo-automix-ad1895-universal-2-component-epoxy-resin-adhesive-1kg-google-2.jpg","contentUrl":"https:\/\/www.credimex.ch\/wp-content\/uploads\/2022\/05\/delo-automix-ad1895-universal-2-component-epoxy-resin-adhesive-1kg-google-2.jpg","width":340,"height":500},{"@type":"BreadcrumbList","@id":"https:\/\/www.credimex.ch\/de\/produkt\/delo-duopox-ad895\/#breadcrumb","itemListElement":[{"@type":"ListItem","position":1,"name":"Home","item":"https:\/\/www.credimex.ch\/de\/"},{"@type":"ListItem","position":2,"name":"Produkte","item":"https:\/\/www.credimex.ch\/de\/produkte\/"},{"@type":"ListItem","position":3,"name":"Delo Duopox AD895"}]},{"@type":"WebSite","@id":"https:\/\/www.credimex.ch\/de\/#website","url":"https:\/\/www.credimex.ch\/de\/","name":"CREDIMEX","description":"Partner of Swiss Industrial Market","publisher":{"@id":"https:\/\/www.credimex.ch\/de\/#organization"},"potentialAction":[{"@type":"SearchAction","target":{"@type":"EntryPoint","urlTemplate":"https:\/\/www.credimex.ch\/de\/?s={search_term_string}"},"query-input":{"@type":"PropertyValueSpecification","valueRequired":true,"valueName":"search_term_string"}}],"inLanguage":"de"},{"@type":"Organization","@id":"https:\/\/www.credimex.ch\/de\/#organization","name":"credimex","url":"https:\/\/www.credimex.ch\/de\/","logo":{"@type":"ImageObject","inLanguage":"de","@id":"https:\/\/www.credimex.ch\/de\/#\/schema\/logo\/image\/","url":"https:\/\/www.credimex.ch\/wp-content\/uploads\/2022\/03\/cropped-logo-credimex.png","contentUrl":"https:\/\/www.credimex.ch\/wp-content\/uploads\/2022\/03\/cropped-logo-credimex.png","width":512,"height":512,"caption":"credimex"},"image":{"@id":"https:\/\/www.credimex.ch\/de\/#\/schema\/logo\/image\/"},"sameAs":["https:\/\/www.facebook.com\/credimex.alpnach\/","https:\/\/www.linkedin.com\/company\/credimex\/","https:\/\/www.youtube.com\/@CREDIMEX?sub_confirmation=1"]}]}},"_links":{"self":[{"href":"https:\/\/www.credimex.ch\/de\/wp-json\/wp\/v2\/product\/4150","targetHints":{"allow":["GET"]}}],"collection":[{"href":"https:\/\/www.credimex.ch\/de\/wp-json\/wp\/v2\/product"}],"about":[{"href":"https:\/\/www.credimex.ch\/de\/wp-json\/wp\/v2\/types\/product"}],"replies":[{"embeddable":true,"href":"https:\/\/www.credimex.ch\/de\/wp-json\/wp\/v2\/comments?post=4150"}],"wp:featuredmedia":[{"embeddable":true,"href":"https:\/\/www.credimex.ch\/de\/wp-json\/wp\/v2\/media\/2953"}],"wp:attachment":[{"href":"https:\/\/www.credimex.ch\/de\/wp-json\/wp\/v2\/media?parent=4150"}],"wp:term":[{"taxonomy":"product_brand","embeddable":true,"href":"https:\/\/www.credimex.ch\/de\/wp-json\/wp\/v2\/product_brand?post=4150"},{"taxonomy":"product_cat","embeddable":true,"href":"https:\/\/www.credimex.ch\/de\/wp-json\/wp\/v2\/product_cat?post=4150"},{"taxonomy":"product_tag","embeddable":true,"href":"https:\/\/www.credimex.ch\/de\/wp-json\/wp\/v2\/product_tag?post=4150"}],"curies":[{"name":"wp","href":"https:\/\/api.w.org\/{rel}","templated":true}]}}