{"id":4152,"date":"2022-05-17T12:38:17","date_gmt":"2022-05-17T10:38:17","guid":{"rendered":"https:\/\/www.credimex.ch.mialias.net\/product\/jax-food-grade-penetrationsoel\/"},"modified":"2023-02-23T09:42:52","modified_gmt":"2023-02-23T08:42:52","slug":"jax-food-grade-penetrating-oil","status":"publish","type":"product","link":"https:\/\/www.credimex.ch\/de\/produkt\/jax-food-grade-penetrating-oil\/","title":{"rendered":"Jax Food Grade Penetrations\u00f6l"},"content":{"rendered":"<h2>Beschreibung<\/h2>\n<p>JAX Food Grade Penetrating Oil ist ein hochwertiges, hochleistungsf\u00e4higes Kriech\u00f6l f\u00fcr den Einsatz in lebensmittelverarbeitenden Betrieben, in der Getr\u00e4nkeabf\u00fcllung, in der pharmazeutischen Produktion und in Verpackungsanlagen, die unter die Kontrolle der USDA oder FDA fallen. JAX Food Grade Penetrating Oil bietet eine hervorragende Leistung in Bereichen, in denen die Vorschriften die Verwendung gew\u00f6hnlicher Industrieschmierstoffe nicht zugelassen wird.<\/p>\n<p>Das Produkt entspricht den folgenden Spezifikationen:<\/p>\n<ul>\n<li>NSF H1-Zertifizierung f\u00fcr &#8222;unbeabsichtigten Kontakt mit Lebensmitteln&#8220;<\/li>\n<li>Halal-zertifiziert<\/li>\n<li>Koscher-Zertifizierung<\/li>\n<li>Zertifizierung 21469<\/li>\n<\/ul>\n<h2>Produktvorteile<\/h2>\n<p>JAX Food-Grade Penetrating Oil ist mit den gleichen Wirkstoffen und Netzmitteln formuliert wie unsere &#8222;America&#8217;s Finest&#8220;-Formulierung. Der Unterschied besteht darin, dass das Basis\u00f6l und die Zusatzstoffe von der FDA zugelassen sind und das Produkt das USDA H1 Food Grade Rating tr\u00e4gt. So kann der Lebensmittel- oder Getr\u00e4nkehersteller das Produkt w\u00e4hrend des Betriebs der Anlage auftragen. Es ist f\u00fcr den gelegentlichen Kontakt mit Lebensmitteln geeignet, d. h. es ist geruchs- und geschmacksneutral und beeintr\u00e4chtigt die Integrit\u00e4t des Endprodukts nicht.<\/p>\n<h2>Anwendung<\/h2>\n<p>JAX Food Grade Penetrating Oil ist ein sehr w\u00fcnschenswertes Produkt f\u00fcr den Einsatz in anderen Branchen als der Lebensmittelverarbeitung, z. B. im Hotel- und Gastst\u00e4ttengewerbe oder im Gesundheitswesen, wo der Geruch eines nicht-H1-konformen Schmiermittels in die HVAC-Systeme eindringen und sich von Raum zu Raum verbreiten k\u00f6nnte. Ausserdem eignet sich dieses Produkt aufgrund seines hohen Anteils an Rostschutzmitteln hervorragend als Spr\u00fch\u00f6l. Nach der Hochdruck- oder Dampfreinigung von Sanit\u00e4rmaschinen oder -ger\u00e4ten wird durch eine Anwendung von JAX Food Grade Penetrating Oil die Gefahr von Flugrost vor der n\u00e4chsten Schicht oder dem n\u00e4chsten Prozess beseitigt. Es ist wichtig daran zu denken, dass es sich um ein H1-Produkt handelt, das nicht f\u00fcr den direkten Kontakt mit Lebensmitteln oder Getr\u00e4nken bestimmt ist. Gute Herstellungsverfahren m\u00fcssen eingehalten werden.<\/p>\n","protected":false},"excerpt":{"rendered":"<p><strong>JAX Food Grade Penetrating Oil<\/strong> ist ein hochwertiges, hochleistungsf\u00e4higes Kriech\u00f6l, das in lebensmittelverarbeitenden Betrieben, bei der Abf\u00fcllung von Getr\u00e4nken, in der pharmazeutischen Produktion und in Konservenfabriken eingesetzt wird, wo NSF-Konformit\u00e4t erforderlich ist.<\/p>\n","protected":false},"featured_media":2949,"comment_status":"open","ping_status":"closed","template":"","meta":{"_acf_changed":false},"product_brand":[],"product_cat":[353,640,370,372,354],"product_tag":[],"class_list":{"0":"post-4152","1":"product","2":"type-product","3":"status-publish","4":"has-post-thumbnail","6":"product_cat-industrie-schmierstoffe","7":"product_cat-jax","8":"product_cat-lebensmittelindustrie","9":"product_cat-lebensmitteltechnische-schmierstoffe","10":"product_cat-ol","11":"pa_brands-jax-de","13":"first","14":"instock","15":"shipping-taxable","16":"product-type-simple"},"acf":[],"_yoast_wpseo_focuskw":"JAX Lebensmittelvertr\u00e4gliches Kriech\u00f6l","_yoast_wpseo_metadesc":"JAX Food Grade Penetrating Oil ist ein hochwertiges, leistungsf\u00e4higes Kriech\u00f6l, das \u00fcberall dort eingesetzt wird, wo NSF-Konformit\u00e4t gefordert ist.","yoast_head":"<!-- This site is optimized with the Yoast SEO Premium plugin v21.6 (Yoast SEO v27.4) - https:\/\/yoast.com\/product\/yoast-seo-premium-wordpress\/ -->\n<title>Jax Food Grade Penetrations\u00f6l - CREDIMEX<\/title>\n<meta name=\"description\" content=\"JAX Food Grade Penetrating Oil ist ein hochwertiges, leistungsf\u00e4higes Kriech\u00f6l, das \u00fcberall dort eingesetzt wird, wo NSF-Konformit\u00e4t gefordert ist.\" \/>\n<meta name=\"robots\" content=\"index, follow, max-snippet:-1, max-image-preview:large, max-video-preview:-1\" \/>\n<link rel=\"canonical\" href=\"https:\/\/www.credimex.ch\/de\/produkt\/jax-food-grade-penetrating-oil\/\" \/>\n<meta property=\"og:locale\" content=\"de_DE\" \/>\n<meta property=\"og:type\" content=\"article\" \/>\n<meta property=\"og:title\" content=\"Jax Food Grade Penetrations\u00f6l\" \/>\n<meta property=\"og:description\" content=\"JAX Food Grade Penetrating Oil ist ein hochwertiges, leistungsf\u00e4higes Kriech\u00f6l, das \u00fcberall dort eingesetzt wird, wo NSF-Konformit\u00e4t gefordert ist.\" \/>\n<meta property=\"og:url\" content=\"https:\/\/www.credimex.ch\/de\/produkt\/jax-food-grade-penetrating-oil\/\" \/>\n<meta property=\"og:site_name\" content=\"CREDIMEX\" \/>\n<meta property=\"article:publisher\" content=\"https:\/\/www.facebook.com\/credimex.alpnach\/\" \/>\n<meta property=\"article:modified_time\" content=\"2023-02-23T08:42:52+00:00\" \/>\n<meta property=\"og:image\" content=\"https:\/\/www.credimex.ch\/wp-content\/uploads\/2022\/05\/Food-Grade-Penetrating-Oil-1.jpeg\" \/>\n\t<meta property=\"og:image:width\" content=\"800\" \/>\n\t<meta property=\"og:image:height\" content=\"800\" \/>\n\t<meta property=\"og:image:type\" content=\"image\/jpeg\" \/>\n<meta name=\"twitter:card\" content=\"summary_large_image\" \/>\n<meta name=\"twitter:label1\" content=\"Gesch\u00e4tzte Lesezeit\" \/>\n\t<meta name=\"twitter:data1\" content=\"2\u00a0Minuten\" \/>\n<script type=\"application\/ld+json\" class=\"yoast-schema-graph\">{\"@context\":\"https:\\\/\\\/schema.org\",\"@graph\":[{\"@type\":\"WebPage\",\"@id\":\"https:\\\/\\\/www.credimex.ch\\\/de\\\/produkt\\\/jax-food-grade-penetrating-oil\\\/\",\"url\":\"https:\\\/\\\/www.credimex.ch\\\/de\\\/produkt\\\/jax-food-grade-penetrating-oil\\\/\",\"name\":\"Jax Food Grade Penetrations\u00f6l - CREDIMEX\",\"isPartOf\":{\"@id\":\"https:\\\/\\\/www.credimex.ch\\\/de\\\/#website\"},\"primaryImageOfPage\":{\"@id\":\"https:\\\/\\\/www.credimex.ch\\\/de\\\/produkt\\\/jax-food-grade-penetrating-oil\\\/#primaryimage\"},\"image\":{\"@id\":\"https:\\\/\\\/www.credimex.ch\\\/de\\\/produkt\\\/jax-food-grade-penetrating-oil\\\/#primaryimage\"},\"thumbnailUrl\":\"https:\\\/\\\/www.credimex.ch\\\/wp-content\\\/uploads\\\/2022\\\/05\\\/Food-Grade-Penetrating-Oil-1.jpeg\",\"datePublished\":\"2022-05-17T10:38:17+00:00\",\"dateModified\":\"2023-02-23T08:42:52+00:00\",\"description\":\"JAX Food Grade Penetrating Oil ist ein hochwertiges, leistungsf\u00e4higes Kriech\u00f6l, das \u00fcberall dort eingesetzt wird, wo NSF-Konformit\u00e4t gefordert ist.\",\"breadcrumb\":{\"@id\":\"https:\\\/\\\/www.credimex.ch\\\/de\\\/produkt\\\/jax-food-grade-penetrating-oil\\\/#breadcrumb\"},\"inLanguage\":\"de\",\"potentialAction\":[{\"@type\":\"ReadAction\",\"target\":[\"https:\\\/\\\/www.credimex.ch\\\/de\\\/produkt\\\/jax-food-grade-penetrating-oil\\\/\"]}]},{\"@type\":\"ImageObject\",\"inLanguage\":\"de\",\"@id\":\"https:\\\/\\\/www.credimex.ch\\\/de\\\/produkt\\\/jax-food-grade-penetrating-oil\\\/#primaryimage\",\"url\":\"https:\\\/\\\/www.credimex.ch\\\/wp-content\\\/uploads\\\/2022\\\/05\\\/Food-Grade-Penetrating-Oil-1.jpeg\",\"contentUrl\":\"https:\\\/\\\/www.credimex.ch\\\/wp-content\\\/uploads\\\/2022\\\/05\\\/Food-Grade-Penetrating-Oil-1.jpeg\",\"width\":800,\"height\":800},{\"@type\":\"BreadcrumbList\",\"@id\":\"https:\\\/\\\/www.credimex.ch\\\/de\\\/produkt\\\/jax-food-grade-penetrating-oil\\\/#breadcrumb\",\"itemListElement\":[{\"@type\":\"ListItem\",\"position\":1,\"name\":\"Home\",\"item\":\"https:\\\/\\\/www.credimex.ch\\\/de\\\/\"},{\"@type\":\"ListItem\",\"position\":2,\"name\":\"Produkte\",\"item\":\"https:\\\/\\\/www.credimex.ch\\\/de\\\/produkte\\\/\"},{\"@type\":\"ListItem\",\"position\":3,\"name\":\"Jax Food Grade Penetrations\u00f6l\"}]},{\"@type\":\"WebSite\",\"@id\":\"https:\\\/\\\/www.credimex.ch\\\/de\\\/#website\",\"url\":\"https:\\\/\\\/www.credimex.ch\\\/de\\\/\",\"name\":\"CREDIMEX\",\"description\":\"Partner of Swiss Industrial Market\",\"publisher\":{\"@id\":\"https:\\\/\\\/www.credimex.ch\\\/de\\\/#organization\"},\"potentialAction\":[{\"@type\":\"SearchAction\",\"target\":{\"@type\":\"EntryPoint\",\"urlTemplate\":\"https:\\\/\\\/www.credimex.ch\\\/de\\\/?s={search_term_string}\"},\"query-input\":{\"@type\":\"PropertyValueSpecification\",\"valueRequired\":true,\"valueName\":\"search_term_string\"}}],\"inLanguage\":\"de\"},{\"@type\":\"Organization\",\"@id\":\"https:\\\/\\\/www.credimex.ch\\\/de\\\/#organization\",\"name\":\"credimex\",\"url\":\"https:\\\/\\\/www.credimex.ch\\\/de\\\/\",\"logo\":{\"@type\":\"ImageObject\",\"inLanguage\":\"de\",\"@id\":\"https:\\\/\\\/www.credimex.ch\\\/de\\\/#\\\/schema\\\/logo\\\/image\\\/\",\"url\":\"https:\\\/\\\/www.credimex.ch\\\/wp-content\\\/uploads\\\/2022\\\/03\\\/cropped-logo-credimex.png\",\"contentUrl\":\"https:\\\/\\\/www.credimex.ch\\\/wp-content\\\/uploads\\\/2022\\\/03\\\/cropped-logo-credimex.png\",\"width\":512,\"height\":512,\"caption\":\"credimex\"},\"image\":{\"@id\":\"https:\\\/\\\/www.credimex.ch\\\/de\\\/#\\\/schema\\\/logo\\\/image\\\/\"},\"sameAs\":[\"https:\\\/\\\/www.facebook.com\\\/credimex.alpnach\\\/\",\"https:\\\/\\\/www.linkedin.com\\\/company\\\/credimex\\\/\",\"https:\\\/\\\/www.youtube.com\\\/@CREDIMEX?sub_confirmation=1\"]}]}<\/script>\n<!-- \/ Yoast SEO Premium plugin. -->","yoast_head_json":{"title":"Jax Food Grade Penetrations\u00f6l - CREDIMEX","description":"JAX Food Grade Penetrating Oil ist ein hochwertiges, leistungsf\u00e4higes Kriech\u00f6l, das \u00fcberall dort eingesetzt wird, wo NSF-Konformit\u00e4t gefordert ist.","robots":{"index":"index","follow":"follow","max-snippet":"max-snippet:-1","max-image-preview":"max-image-preview:large","max-video-preview":"max-video-preview:-1"},"canonical":"https:\/\/www.credimex.ch\/de\/produkt\/jax-food-grade-penetrating-oil\/","og_locale":"de_DE","og_type":"article","og_title":"Jax Food Grade Penetrations\u00f6l","og_description":"JAX Food Grade Penetrating Oil ist ein hochwertiges, leistungsf\u00e4higes Kriech\u00f6l, das \u00fcberall dort eingesetzt wird, wo NSF-Konformit\u00e4t gefordert ist.","og_url":"https:\/\/www.credimex.ch\/de\/produkt\/jax-food-grade-penetrating-oil\/","og_site_name":"CREDIMEX","article_publisher":"https:\/\/www.facebook.com\/credimex.alpnach\/","article_modified_time":"2023-02-23T08:42:52+00:00","og_image":[{"width":800,"height":800,"url":"https:\/\/www.credimex.ch\/wp-content\/uploads\/2022\/05\/Food-Grade-Penetrating-Oil-1.jpeg","type":"image\/jpeg"}],"twitter_card":"summary_large_image","twitter_misc":{"Gesch\u00e4tzte Lesezeit":"2\u00a0Minuten"},"schema":{"@context":"https:\/\/schema.org","@graph":[{"@type":"WebPage","@id":"https:\/\/www.credimex.ch\/de\/produkt\/jax-food-grade-penetrating-oil\/","url":"https:\/\/www.credimex.ch\/de\/produkt\/jax-food-grade-penetrating-oil\/","name":"Jax Food Grade Penetrations\u00f6l - CREDIMEX","isPartOf":{"@id":"https:\/\/www.credimex.ch\/de\/#website"},"primaryImageOfPage":{"@id":"https:\/\/www.credimex.ch\/de\/produkt\/jax-food-grade-penetrating-oil\/#primaryimage"},"image":{"@id":"https:\/\/www.credimex.ch\/de\/produkt\/jax-food-grade-penetrating-oil\/#primaryimage"},"thumbnailUrl":"https:\/\/www.credimex.ch\/wp-content\/uploads\/2022\/05\/Food-Grade-Penetrating-Oil-1.jpeg","datePublished":"2022-05-17T10:38:17+00:00","dateModified":"2023-02-23T08:42:52+00:00","description":"JAX Food Grade Penetrating Oil ist ein hochwertiges, leistungsf\u00e4higes Kriech\u00f6l, das \u00fcberall dort eingesetzt wird, wo NSF-Konformit\u00e4t gefordert ist.","breadcrumb":{"@id":"https:\/\/www.credimex.ch\/de\/produkt\/jax-food-grade-penetrating-oil\/#breadcrumb"},"inLanguage":"de","potentialAction":[{"@type":"ReadAction","target":["https:\/\/www.credimex.ch\/de\/produkt\/jax-food-grade-penetrating-oil\/"]}]},{"@type":"ImageObject","inLanguage":"de","@id":"https:\/\/www.credimex.ch\/de\/produkt\/jax-food-grade-penetrating-oil\/#primaryimage","url":"https:\/\/www.credimex.ch\/wp-content\/uploads\/2022\/05\/Food-Grade-Penetrating-Oil-1.jpeg","contentUrl":"https:\/\/www.credimex.ch\/wp-content\/uploads\/2022\/05\/Food-Grade-Penetrating-Oil-1.jpeg","width":800,"height":800},{"@type":"BreadcrumbList","@id":"https:\/\/www.credimex.ch\/de\/produkt\/jax-food-grade-penetrating-oil\/#breadcrumb","itemListElement":[{"@type":"ListItem","position":1,"name":"Home","item":"https:\/\/www.credimex.ch\/de\/"},{"@type":"ListItem","position":2,"name":"Produkte","item":"https:\/\/www.credimex.ch\/de\/produkte\/"},{"@type":"ListItem","position":3,"name":"Jax Food Grade Penetrations\u00f6l"}]},{"@type":"WebSite","@id":"https:\/\/www.credimex.ch\/de\/#website","url":"https:\/\/www.credimex.ch\/de\/","name":"CREDIMEX","description":"Partner of Swiss Industrial Market","publisher":{"@id":"https:\/\/www.credimex.ch\/de\/#organization"},"potentialAction":[{"@type":"SearchAction","target":{"@type":"EntryPoint","urlTemplate":"https:\/\/www.credimex.ch\/de\/?s={search_term_string}"},"query-input":{"@type":"PropertyValueSpecification","valueRequired":true,"valueName":"search_term_string"}}],"inLanguage":"de"},{"@type":"Organization","@id":"https:\/\/www.credimex.ch\/de\/#organization","name":"credimex","url":"https:\/\/www.credimex.ch\/de\/","logo":{"@type":"ImageObject","inLanguage":"de","@id":"https:\/\/www.credimex.ch\/de\/#\/schema\/logo\/image\/","url":"https:\/\/www.credimex.ch\/wp-content\/uploads\/2022\/03\/cropped-logo-credimex.png","contentUrl":"https:\/\/www.credimex.ch\/wp-content\/uploads\/2022\/03\/cropped-logo-credimex.png","width":512,"height":512,"caption":"credimex"},"image":{"@id":"https:\/\/www.credimex.ch\/de\/#\/schema\/logo\/image\/"},"sameAs":["https:\/\/www.facebook.com\/credimex.alpnach\/","https:\/\/www.linkedin.com\/company\/credimex\/","https:\/\/www.youtube.com\/@CREDIMEX?sub_confirmation=1"]}]}},"_links":{"self":[{"href":"https:\/\/www.credimex.ch\/de\/wp-json\/wp\/v2\/product\/4152","targetHints":{"allow":["GET"]}}],"collection":[{"href":"https:\/\/www.credimex.ch\/de\/wp-json\/wp\/v2\/product"}],"about":[{"href":"https:\/\/www.credimex.ch\/de\/wp-json\/wp\/v2\/types\/product"}],"replies":[{"embeddable":true,"href":"https:\/\/www.credimex.ch\/de\/wp-json\/wp\/v2\/comments?post=4152"}],"wp:featuredmedia":[{"embeddable":true,"href":"https:\/\/www.credimex.ch\/de\/wp-json\/wp\/v2\/media\/2949"}],"wp:attachment":[{"href":"https:\/\/www.credimex.ch\/de\/wp-json\/wp\/v2\/media?parent=4152"}],"wp:term":[{"taxonomy":"product_brand","embeddable":true,"href":"https:\/\/www.credimex.ch\/de\/wp-json\/wp\/v2\/product_brand?post=4152"},{"taxonomy":"product_cat","embeddable":true,"href":"https:\/\/www.credimex.ch\/de\/wp-json\/wp\/v2\/product_cat?post=4152"},{"taxonomy":"product_tag","embeddable":true,"href":"https:\/\/www.credimex.ch\/de\/wp-json\/wp\/v2\/product_tag?post=4152"}],"curies":[{"name":"wp","href":"https:\/\/api.w.org\/{rel}","templated":true}]}}