{"id":4154,"date":"2022-05-17T12:29:38","date_gmt":"2022-05-17T10:29:38","guid":{"rendered":"https:\/\/www.credimex.ch.mialias.net\/product\/jax-tef-stef-trockenfilm-schmiermittel\/"},"modified":"2023-01-04T09:44:32","modified_gmt":"2023-01-04T08:44:32","slug":"jax-tef-stef-trockenfilm-schmiermittel","status":"publish","type":"product","link":"https:\/\/www.credimex.ch\/de\/produkt\/jax-tef-stef-trockenfilm-schmiermittel\/","title":{"rendered":"Jax Tef-Stef Trockenfilm-Schmiermittel"},"content":{"rendered":"<h2>Beschreibung<\/h2>\n<p>Tef-Stef Trockenfilm-PTFE-Spray wird f\u00fcr Anwendungen verwendet, die ein sauberes, trockenes, silikonfreies Schmiermittel erfordern.<\/p>\n<p>PTFE-Pulver haftet im trockenen Zustand an allen Oberfl\u00e4chen und bietet eine bessere Schmierung als Graphit und Silikon. Macht keine Flecken und ist nicht \u00f6lig. Dieses Produkt ist in der Anwendung unsichtbar und beh\u00e4lt seine Schmierkraft auch bei Temperaturen von bis zu 204\u00b0C.<\/p>\n<p>Das Produkt entspricht den folgenden Spezifikationen:<\/p>\n<ul>\n<li>NSF H1-Zertifizierung f\u00fcr &#8222;unbeabsichtigten Kontakt mit Lebensmitteln&#8220;<\/li>\n<li>Halal-zertifiziert<\/li>\n<li>Koscher-Zertifizierung<\/li>\n<li>ISO 21469-Norm<\/li>\n<\/ul>\n<h2>Produktvorteile<\/h2>\n<ul>\n<li>Keine chlorierten L\u00f6sungsmittel<\/li>\n<li>Praktisch unsichtbar<\/li>\n<li>Grosse Schmierkraft bei Trockenheit<\/li>\n<li>Es ist nicht \u00f6lig und hinterl\u00e4sst keine Flecken<\/li>\n<li>Sicher f\u00fcr lackierte Oberfl\u00e4chen<\/li>\n<\/ul>\n<h2>Anwendungen<\/h2>\n<ul>\n<li>Alle Arten von Kunststoffen, Metallen, Gummi, Glas, Holz und Papier.<\/li>\n<li>Scharniere, Rollen, Zubeh\u00f6r, Produktionsmaschinen, F\u00f6rderb\u00e4nder, Schneidevorrichtungen, Bindemittel und Stanzen, Schl\u00f6sser und Schlitze.<\/li>\n<\/ul>\n<h3>Branchen<\/h3>\n<ul>\n<li>Industrielle Anlagen<\/li>\n<li>Abf\u00fcllanlagen<\/li>\n<li>Verpackungsanlagen<\/li>\n<li>Abteilung Instandhaltung<\/li>\n<li>Druckereien<\/li>\n<li>Molkereibetriebe<\/li>\n<li>Produktionsst\u00e4tten<\/li>\n<li>Montagearbeiten<\/li>\n<\/ul>\n","protected":false},"excerpt":{"rendered":"<p><strong>JAX\u00ae Tef-Stef Dry Film Lubricant<\/strong> (Aerosol) ist ein Trockenschmierstoff f\u00fcr Anwendungen, die eine saubere, trockene Schmierung erfordern. Enth\u00e4lt kein Silikon und zieht keine Partikel an.<\/p>\n","protected":false},"featured_media":2947,"comment_status":"open","ping_status":"closed","template":"","meta":{"_acf_changed":false},"product_brand":[],"product_cat":[353,640,370,372,354],"product_tag":[],"class_list":{"0":"post-4154","1":"product","2":"type-product","3":"status-publish","4":"has-post-thumbnail","6":"product_cat-industrie-schmierstoffe","7":"product_cat-jax","8":"product_cat-lebensmittelindustrie","9":"product_cat-lebensmitteltechnische-schmierstoffe","10":"product_cat-ol","11":"pa_brands-jax-de","13":"first","14":"instock","15":"shipping-taxable","16":"product-type-simple"},"acf":[],"_yoast_wpseo_focuskw":"Tef-Stef Trockenfilm-Schmierstoff","_yoast_wpseo_metadesc":"JAX\u00ae Tef-Stef Dry Film Lubricant (Aerosol) ist ein Trockenschmierstoff f\u00fcr Anwendungen, die eine saubere, trockene Schmierung erfordern. Enth\u00e4lt kein Silikon und zieht keine Partikel an.","yoast_head":"<!-- This site is optimized with the Yoast SEO Premium plugin v21.6 (Yoast SEO v27.4) - https:\/\/yoast.com\/product\/yoast-seo-premium-wordpress\/ -->\n<title>Jax Tef-Stef Trockenfilm-Schmiermittel - CREDIMEX<\/title>\n<meta name=\"description\" content=\"JAX\u00ae Tef-Stef Dry Film Lubricant (Aerosol) ist ein Trockenschmierstoff f\u00fcr Anwendungen, die eine saubere, trockene Schmierung erfordern. Enth\u00e4lt kein Silikon und zieht keine Partikel an.\" \/>\n<meta name=\"robots\" content=\"index, follow, max-snippet:-1, max-image-preview:large, max-video-preview:-1\" \/>\n<link rel=\"canonical\" href=\"https:\/\/www.credimex.ch\/de\/produkt\/jax-tef-stef-trockenfilm-schmiermittel\/\" \/>\n<meta property=\"og:locale\" content=\"de_DE\" \/>\n<meta property=\"og:type\" content=\"article\" \/>\n<meta property=\"og:title\" content=\"Jax Tef-Stef Trockenfilm-Schmiermittel\" \/>\n<meta property=\"og:description\" content=\"JAX\u00ae Tef-Stef Dry Film Lubricant (Aerosol) ist ein Trockenschmierstoff f\u00fcr Anwendungen, die eine saubere, trockene Schmierung erfordern. Enth\u00e4lt kein Silikon und zieht keine Partikel an.\" \/>\n<meta property=\"og:url\" content=\"https:\/\/www.credimex.ch\/de\/produkt\/jax-tef-stef-trockenfilm-schmiermittel\/\" \/>\n<meta property=\"og:site_name\" content=\"CREDIMEX\" \/>\n<meta property=\"article:publisher\" content=\"https:\/\/www.facebook.com\/credimex.alpnach\/\" \/>\n<meta property=\"article:modified_time\" content=\"2023-01-04T08:44:32+00:00\" \/>\n<meta property=\"og:image\" content=\"https:\/\/www.credimex.ch\/wp-content\/uploads\/2022\/05\/LUBRICANTE-SECO-JAX-TEF-STEF-2.jpeg\" \/>\n\t<meta property=\"og:image:width\" content=\"800\" \/>\n\t<meta property=\"og:image:height\" content=\"800\" \/>\n\t<meta property=\"og:image:type\" content=\"image\/jpeg\" \/>\n<meta name=\"twitter:card\" content=\"summary_large_image\" \/>\n<meta name=\"twitter:label1\" content=\"Gesch\u00e4tzte Lesezeit\" \/>\n\t<meta name=\"twitter:data1\" content=\"1\u00a0Minute\" \/>\n<script type=\"application\/ld+json\" class=\"yoast-schema-graph\">{\"@context\":\"https:\\\/\\\/schema.org\",\"@graph\":[{\"@type\":\"WebPage\",\"@id\":\"https:\\\/\\\/www.credimex.ch\\\/de\\\/produkt\\\/jax-tef-stef-trockenfilm-schmiermittel\\\/\",\"url\":\"https:\\\/\\\/www.credimex.ch\\\/de\\\/produkt\\\/jax-tef-stef-trockenfilm-schmiermittel\\\/\",\"name\":\"Jax Tef-Stef Trockenfilm-Schmiermittel - CREDIMEX\",\"isPartOf\":{\"@id\":\"https:\\\/\\\/www.credimex.ch\\\/de\\\/#website\"},\"primaryImageOfPage\":{\"@id\":\"https:\\\/\\\/www.credimex.ch\\\/de\\\/produkt\\\/jax-tef-stef-trockenfilm-schmiermittel\\\/#primaryimage\"},\"image\":{\"@id\":\"https:\\\/\\\/www.credimex.ch\\\/de\\\/produkt\\\/jax-tef-stef-trockenfilm-schmiermittel\\\/#primaryimage\"},\"thumbnailUrl\":\"https:\\\/\\\/www.credimex.ch\\\/wp-content\\\/uploads\\\/2022\\\/05\\\/LUBRICANTE-SECO-JAX-TEF-STEF-2.jpeg\",\"datePublished\":\"2022-05-17T10:29:38+00:00\",\"dateModified\":\"2023-01-04T08:44:32+00:00\",\"description\":\"JAX\u00ae Tef-Stef Dry Film Lubricant (Aerosol) ist ein Trockenschmierstoff f\u00fcr Anwendungen, die eine saubere, trockene Schmierung erfordern. Enth\u00e4lt kein Silikon und zieht keine Partikel an.\",\"breadcrumb\":{\"@id\":\"https:\\\/\\\/www.credimex.ch\\\/de\\\/produkt\\\/jax-tef-stef-trockenfilm-schmiermittel\\\/#breadcrumb\"},\"inLanguage\":\"de\",\"potentialAction\":[{\"@type\":\"ReadAction\",\"target\":[\"https:\\\/\\\/www.credimex.ch\\\/de\\\/produkt\\\/jax-tef-stef-trockenfilm-schmiermittel\\\/\"]}]},{\"@type\":\"ImageObject\",\"inLanguage\":\"de\",\"@id\":\"https:\\\/\\\/www.credimex.ch\\\/de\\\/produkt\\\/jax-tef-stef-trockenfilm-schmiermittel\\\/#primaryimage\",\"url\":\"https:\\\/\\\/www.credimex.ch\\\/wp-content\\\/uploads\\\/2022\\\/05\\\/LUBRICANTE-SECO-JAX-TEF-STEF-2.jpeg\",\"contentUrl\":\"https:\\\/\\\/www.credimex.ch\\\/wp-content\\\/uploads\\\/2022\\\/05\\\/LUBRICANTE-SECO-JAX-TEF-STEF-2.jpeg\",\"width\":800,\"height\":800},{\"@type\":\"BreadcrumbList\",\"@id\":\"https:\\\/\\\/www.credimex.ch\\\/de\\\/produkt\\\/jax-tef-stef-trockenfilm-schmiermittel\\\/#breadcrumb\",\"itemListElement\":[{\"@type\":\"ListItem\",\"position\":1,\"name\":\"Home\",\"item\":\"https:\\\/\\\/www.credimex.ch\\\/de\\\/\"},{\"@type\":\"ListItem\",\"position\":2,\"name\":\"Produkte\",\"item\":\"https:\\\/\\\/www.credimex.ch\\\/de\\\/produkte\\\/\"},{\"@type\":\"ListItem\",\"position\":3,\"name\":\"Jax Tef-Stef Trockenfilm-Schmiermittel\"}]},{\"@type\":\"WebSite\",\"@id\":\"https:\\\/\\\/www.credimex.ch\\\/de\\\/#website\",\"url\":\"https:\\\/\\\/www.credimex.ch\\\/de\\\/\",\"name\":\"CREDIMEX\",\"description\":\"Partner of Swiss Industrial Market\",\"publisher\":{\"@id\":\"https:\\\/\\\/www.credimex.ch\\\/de\\\/#organization\"},\"potentialAction\":[{\"@type\":\"SearchAction\",\"target\":{\"@type\":\"EntryPoint\",\"urlTemplate\":\"https:\\\/\\\/www.credimex.ch\\\/de\\\/?s={search_term_string}\"},\"query-input\":{\"@type\":\"PropertyValueSpecification\",\"valueRequired\":true,\"valueName\":\"search_term_string\"}}],\"inLanguage\":\"de\"},{\"@type\":\"Organization\",\"@id\":\"https:\\\/\\\/www.credimex.ch\\\/de\\\/#organization\",\"name\":\"credimex\",\"url\":\"https:\\\/\\\/www.credimex.ch\\\/de\\\/\",\"logo\":{\"@type\":\"ImageObject\",\"inLanguage\":\"de\",\"@id\":\"https:\\\/\\\/www.credimex.ch\\\/de\\\/#\\\/schema\\\/logo\\\/image\\\/\",\"url\":\"https:\\\/\\\/www.credimex.ch\\\/wp-content\\\/uploads\\\/2022\\\/03\\\/cropped-logo-credimex.png\",\"contentUrl\":\"https:\\\/\\\/www.credimex.ch\\\/wp-content\\\/uploads\\\/2022\\\/03\\\/cropped-logo-credimex.png\",\"width\":512,\"height\":512,\"caption\":\"credimex\"},\"image\":{\"@id\":\"https:\\\/\\\/www.credimex.ch\\\/de\\\/#\\\/schema\\\/logo\\\/image\\\/\"},\"sameAs\":[\"https:\\\/\\\/www.facebook.com\\\/credimex.alpnach\\\/\",\"https:\\\/\\\/www.linkedin.com\\\/company\\\/credimex\\\/\",\"https:\\\/\\\/www.youtube.com\\\/@CREDIMEX?sub_confirmation=1\"]}]}<\/script>\n<!-- \/ Yoast SEO Premium plugin. -->","yoast_head_json":{"title":"Jax Tef-Stef Trockenfilm-Schmiermittel - CREDIMEX","description":"JAX\u00ae Tef-Stef Dry Film Lubricant (Aerosol) ist ein Trockenschmierstoff f\u00fcr Anwendungen, die eine saubere, trockene Schmierung erfordern. Enth\u00e4lt kein Silikon und zieht keine Partikel an.","robots":{"index":"index","follow":"follow","max-snippet":"max-snippet:-1","max-image-preview":"max-image-preview:large","max-video-preview":"max-video-preview:-1"},"canonical":"https:\/\/www.credimex.ch\/de\/produkt\/jax-tef-stef-trockenfilm-schmiermittel\/","og_locale":"de_DE","og_type":"article","og_title":"Jax Tef-Stef Trockenfilm-Schmiermittel","og_description":"JAX\u00ae Tef-Stef Dry Film Lubricant (Aerosol) ist ein Trockenschmierstoff f\u00fcr Anwendungen, die eine saubere, trockene Schmierung erfordern. Enth\u00e4lt kein Silikon und zieht keine Partikel an.","og_url":"https:\/\/www.credimex.ch\/de\/produkt\/jax-tef-stef-trockenfilm-schmiermittel\/","og_site_name":"CREDIMEX","article_publisher":"https:\/\/www.facebook.com\/credimex.alpnach\/","article_modified_time":"2023-01-04T08:44:32+00:00","og_image":[{"width":800,"height":800,"url":"https:\/\/www.credimex.ch\/wp-content\/uploads\/2022\/05\/LUBRICANTE-SECO-JAX-TEF-STEF-2.jpeg","type":"image\/jpeg"}],"twitter_card":"summary_large_image","twitter_misc":{"Gesch\u00e4tzte Lesezeit":"1\u00a0Minute"},"schema":{"@context":"https:\/\/schema.org","@graph":[{"@type":"WebPage","@id":"https:\/\/www.credimex.ch\/de\/produkt\/jax-tef-stef-trockenfilm-schmiermittel\/","url":"https:\/\/www.credimex.ch\/de\/produkt\/jax-tef-stef-trockenfilm-schmiermittel\/","name":"Jax Tef-Stef Trockenfilm-Schmiermittel - CREDIMEX","isPartOf":{"@id":"https:\/\/www.credimex.ch\/de\/#website"},"primaryImageOfPage":{"@id":"https:\/\/www.credimex.ch\/de\/produkt\/jax-tef-stef-trockenfilm-schmiermittel\/#primaryimage"},"image":{"@id":"https:\/\/www.credimex.ch\/de\/produkt\/jax-tef-stef-trockenfilm-schmiermittel\/#primaryimage"},"thumbnailUrl":"https:\/\/www.credimex.ch\/wp-content\/uploads\/2022\/05\/LUBRICANTE-SECO-JAX-TEF-STEF-2.jpeg","datePublished":"2022-05-17T10:29:38+00:00","dateModified":"2023-01-04T08:44:32+00:00","description":"JAX\u00ae Tef-Stef Dry Film Lubricant (Aerosol) ist ein Trockenschmierstoff f\u00fcr Anwendungen, die eine saubere, trockene Schmierung erfordern. Enth\u00e4lt kein Silikon und zieht keine Partikel an.","breadcrumb":{"@id":"https:\/\/www.credimex.ch\/de\/produkt\/jax-tef-stef-trockenfilm-schmiermittel\/#breadcrumb"},"inLanguage":"de","potentialAction":[{"@type":"ReadAction","target":["https:\/\/www.credimex.ch\/de\/produkt\/jax-tef-stef-trockenfilm-schmiermittel\/"]}]},{"@type":"ImageObject","inLanguage":"de","@id":"https:\/\/www.credimex.ch\/de\/produkt\/jax-tef-stef-trockenfilm-schmiermittel\/#primaryimage","url":"https:\/\/www.credimex.ch\/wp-content\/uploads\/2022\/05\/LUBRICANTE-SECO-JAX-TEF-STEF-2.jpeg","contentUrl":"https:\/\/www.credimex.ch\/wp-content\/uploads\/2022\/05\/LUBRICANTE-SECO-JAX-TEF-STEF-2.jpeg","width":800,"height":800},{"@type":"BreadcrumbList","@id":"https:\/\/www.credimex.ch\/de\/produkt\/jax-tef-stef-trockenfilm-schmiermittel\/#breadcrumb","itemListElement":[{"@type":"ListItem","position":1,"name":"Home","item":"https:\/\/www.credimex.ch\/de\/"},{"@type":"ListItem","position":2,"name":"Produkte","item":"https:\/\/www.credimex.ch\/de\/produkte\/"},{"@type":"ListItem","position":3,"name":"Jax Tef-Stef Trockenfilm-Schmiermittel"}]},{"@type":"WebSite","@id":"https:\/\/www.credimex.ch\/de\/#website","url":"https:\/\/www.credimex.ch\/de\/","name":"CREDIMEX","description":"Partner of Swiss Industrial Market","publisher":{"@id":"https:\/\/www.credimex.ch\/de\/#organization"},"potentialAction":[{"@type":"SearchAction","target":{"@type":"EntryPoint","urlTemplate":"https:\/\/www.credimex.ch\/de\/?s={search_term_string}"},"query-input":{"@type":"PropertyValueSpecification","valueRequired":true,"valueName":"search_term_string"}}],"inLanguage":"de"},{"@type":"Organization","@id":"https:\/\/www.credimex.ch\/de\/#organization","name":"credimex","url":"https:\/\/www.credimex.ch\/de\/","logo":{"@type":"ImageObject","inLanguage":"de","@id":"https:\/\/www.credimex.ch\/de\/#\/schema\/logo\/image\/","url":"https:\/\/www.credimex.ch\/wp-content\/uploads\/2022\/03\/cropped-logo-credimex.png","contentUrl":"https:\/\/www.credimex.ch\/wp-content\/uploads\/2022\/03\/cropped-logo-credimex.png","width":512,"height":512,"caption":"credimex"},"image":{"@id":"https:\/\/www.credimex.ch\/de\/#\/schema\/logo\/image\/"},"sameAs":["https:\/\/www.facebook.com\/credimex.alpnach\/","https:\/\/www.linkedin.com\/company\/credimex\/","https:\/\/www.youtube.com\/@CREDIMEX?sub_confirmation=1"]}]}},"_links":{"self":[{"href":"https:\/\/www.credimex.ch\/de\/wp-json\/wp\/v2\/product\/4154","targetHints":{"allow":["GET"]}}],"collection":[{"href":"https:\/\/www.credimex.ch\/de\/wp-json\/wp\/v2\/product"}],"about":[{"href":"https:\/\/www.credimex.ch\/de\/wp-json\/wp\/v2\/types\/product"}],"replies":[{"embeddable":true,"href":"https:\/\/www.credimex.ch\/de\/wp-json\/wp\/v2\/comments?post=4154"}],"wp:featuredmedia":[{"embeddable":true,"href":"https:\/\/www.credimex.ch\/de\/wp-json\/wp\/v2\/media\/2947"}],"wp:attachment":[{"href":"https:\/\/www.credimex.ch\/de\/wp-json\/wp\/v2\/media?parent=4154"}],"wp:term":[{"taxonomy":"product_brand","embeddable":true,"href":"https:\/\/www.credimex.ch\/de\/wp-json\/wp\/v2\/product_brand?post=4154"},{"taxonomy":"product_cat","embeddable":true,"href":"https:\/\/www.credimex.ch\/de\/wp-json\/wp\/v2\/product_cat?post=4154"},{"taxonomy":"product_tag","embeddable":true,"href":"https:\/\/www.credimex.ch\/de\/wp-json\/wp\/v2\/product_tag?post=4154"}],"curies":[{"name":"wp","href":"https:\/\/api.w.org\/{rel}","templated":true}]}}