{"id":4156,"date":"2022-05-17T12:22:10","date_gmt":"2022-05-17T10:22:10","guid":{"rendered":"https:\/\/www.credimex.ch.mialias.net\/product\/jax-proofer-backofen-kettenoel\/"},"modified":"2023-01-04T09:44:29","modified_gmt":"2023-01-04T08:44:29","slug":"jax-proofer-ofenketten-ol","status":"publish","type":"product","link":"https:\/\/www.credimex.ch\/de\/produkt\/jax-proofer-ofenketten-ol\/","title":{"rendered":"Jax Proofer Backofen Ketten\u00f6l"},"content":{"rendered":"<h2>Beschreibung<\/h2>\n<p>Dieser Schmierstoff enth\u00e4lt eine wirksame Kombination von Verschleissschutzmitteln, verbesserten Rostschutzmitteln und polymeren Viskosit\u00e4tsverbesserern, die im Vergleich zu nicht zusammengesetzten Weiss\u00f6len hervorragende Leistungsvorteile bieten und f\u00fcr B\u00e4ckereig\u00e4rschr\u00e4nke und andere lebensmittelverarbeitende Anlagen in nassen oder feuchten Umgebungen geeignet sind. JAX Proofer ChainOil erf\u00fcllt die Anforderungen von 21 CFR 178.3570 (Schmierstoffe mit zuf\u00e4lligem Lebensmittelkontakt).<\/p>\n<p>Das Produkt entspricht den folgenden Spezifikationen:<\/p>\n<ul>\n<li>USDA\/NSF H1 registriert<\/li>\n<li>Koscher und Pareve zertifiziert<\/li>\n<\/ul>\n<h2>Produktvorteile<\/h2>\n<p>Metallbenetzung und -schmierung &#8211; JAX Proofer Chain Oil bietet einen hervorragenden Schmierfilm f\u00fcr alle F\u00f6rderr\u00e4der, Kettenglieder, Lager und Drehpunkte in der Lebensmittelindustrie, der den Verschleiss von Komponenten und den Ausfall von F\u00f6rderketten drastisch reduziert. Der Schl\u00fcssel zur Verschleissschutzleistung des JAX Proofer-Ketten\u00f6ls liegt in der Verwendung einer ausgew\u00e4hlten Hochleistungs-E.P.- und Verschleissschutz-Additivchemie, die in den Bereichen Reibungsreduzierung und Schmierf\u00e4higkeit besser abschneidet als die Produkte der Konkurrenz.<\/p>\n<p>Korrosions- und Rostschutz &#8211; JAX Proofer Ketten\u00f6ls patentierte Mischung aus lebensmittelechten Rost- und Korrosionsinhibitoren bietet hervorragende Wasserverdr\u00e4ngung und Rostschutz f\u00fcr F\u00f6rderkettenkomponenten, die den hohen Wasser- und Kondensatmengen ausgesetzt sind, die beim Backen und anderen lebensmittelverarbeitenden Anwendungen auftreten. Wenn Sie Ihre Weiss\u00f6le durch JAX Proofer-Ketten\u00f6l ersetzen, verl\u00e4ngern Sie die Lebensdauer und die Schmierintervalle Ihrer kostspieligen F\u00f6rderketten und Verarbeitungsanlagen erheblich.<\/p>\n<p>Das tropffreie JAX-G\u00e4rketten\u00f6l enth\u00e4lt ein synthetisches Polymer, das verhindert, dass das Schmiermittel auf den aufgegangenen Teig und andere verarbeitete Lebensmittelprodukte tropft. Das synthetische Polymer minimiert nicht nur die mit Produktverunreinigungen und Anlagenstillst\u00e4nden verbundenen Kosten, sondern verbessert auch die Leistung des JAX-G\u00e4rketten\u00f6ls bei kalten Temperaturen und den Kettenschutz.<\/p>\n<p>Micronox\u00ae-Technologie-JAX Proofer-Ketten\u00f6l enth\u00e4lt die Leistungsvorteile der Micronox\u00ae-Technologie  <span style=\"font-family: -apple-system, BlinkMacSystemFont, 'Segoe UI', Roboto, Oxygen-Sans, Ubuntu, Cantarell, 'Helvetica Neue', sans-serif;\">die einen konservierenden Schutz f\u00fcr den Schmierstoff bieten. JAX Micronox\u00ae, ein Novum unter den lebensmittelvertr\u00e4glichen Schmierstoffen, hat sich als besonders wirksam f\u00fcr den Schutz des JAX Proofer-Ketten\u00f6ls bei l\u00e4ngeren Schmierintervallen erwiesen.<\/span><\/p>\n<ul>\n<li>Hervorragender Anti-Verschleiss-Schutz<\/li>\n<li>Ausgezeichnete &#8222;No-Drip&#8220;-Eigenschaften<\/li>\n<li>Verbesserter Rost- und Korrosionsschutz f\u00fcr nasse und hochfeuchte Umgebungen<\/li>\n<li>Hervorragende Sauberkeitseigenschaften der Kette<\/li>\n<li>Ausgezeichnete metallbenetzende Eigenschaften<\/li>\n<\/ul>\n<h2>Anwendungen<\/h2>\n<p>JAX G\u00e4rschrankketten\u00f6l wurde f\u00fcr den Einsatz in nassen, feuchten und extrem korrosiven Umgebungen entwickelt, wie z. B. in industriellen G\u00e4rschr\u00e4nken und anderen geschmierten Maschinen, die eine Vielzahl von kritischen Funktionen erf\u00fcllen. Es hat sich auch in extrem korrosiven Umgebungen bew\u00e4hrt. Zu den spezifischen Anwendungen geh\u00f6ren Nebel- oder Spr\u00fchkettenschmierer, Nockenrollen, Schieber, Tropfschmiersysteme oder \u00fcberall dort, wo einNSFH1-registrierter Schmierstoff in extrem nassen oder feuchten Umgebungen verwendet werden soll.<\/p>\n","protected":false},"excerpt":{"rendered":"<p><strong>JAX G\u00e4rschrankketten\u00f6l<\/strong> wurde speziell f\u00fcr die Schmierung in Umgebungen mit hoher Luftfeuchtigkeit entwickelt, um eine extrem hohe Leistung zu erzielen und Korrosion an B\u00e4ckereig\u00e4rschr\u00e4nken und anderen lebensmittelverarbeitenden Ger\u00e4ten zu verhindern.<\/p>\n","protected":false},"featured_media":2945,"comment_status":"open","ping_status":"closed","template":"","meta":{"_acf_changed":false},"product_brand":[],"product_cat":[353,640,370,372,354],"product_tag":[],"class_list":{"0":"post-4156","1":"product","2":"type-product","3":"status-publish","4":"has-post-thumbnail","6":"product_cat-industrie-schmierstoffe","7":"product_cat-jax","8":"product_cat-lebensmittelindustrie","9":"product_cat-lebensmitteltechnische-schmierstoffe","10":"product_cat-ol","11":"pa_brands-jax-de","13":"first","14":"instock","15":"shipping-taxable","16":"product-type-simple"},"acf":[],"_yoast_wpseo_focuskw":"Jax Proofer Backofen Ketten\u00f6l","_yoast_wpseo_metadesc":"JAX Proofer Ketten\u00f6l ist speziell f\u00fcr die Schmierung in Umgebungen mit hoher Luftfeuchtigkeit entwickelt worden.","yoast_head":"<!-- This site is optimized with the Yoast SEO Premium plugin v21.6 (Yoast SEO v27.4) - https:\/\/yoast.com\/product\/yoast-seo-premium-wordpress\/ -->\n<title>Jax Proofer Backofen Ketten\u00f6l - CREDIMEX<\/title>\n<meta name=\"description\" content=\"JAX Proofer Ketten\u00f6l ist speziell f\u00fcr die Schmierung in Umgebungen mit hoher Luftfeuchtigkeit entwickelt worden.\" \/>\n<meta name=\"robots\" content=\"index, follow, max-snippet:-1, max-image-preview:large, max-video-preview:-1\" \/>\n<link rel=\"canonical\" href=\"https:\/\/www.credimex.ch\/de\/produkt\/jax-proofer-ofenketten-ol\/\" \/>\n<meta property=\"og:locale\" content=\"de_DE\" \/>\n<meta property=\"og:type\" content=\"article\" \/>\n<meta property=\"og:title\" content=\"Jax Proofer Backofen Ketten\u00f6l\" \/>\n<meta property=\"og:description\" content=\"JAX Proofer Ketten\u00f6l ist speziell f\u00fcr die Schmierung in Umgebungen mit hoher Luftfeuchtigkeit entwickelt worden.\" \/>\n<meta property=\"og:url\" content=\"https:\/\/www.credimex.ch\/de\/produkt\/jax-proofer-ofenketten-ol\/\" \/>\n<meta property=\"og:site_name\" content=\"CREDIMEX\" \/>\n<meta property=\"article:publisher\" content=\"https:\/\/www.facebook.com\/credimex.alpnach\/\" \/>\n<meta property=\"article:modified_time\" content=\"2023-01-04T08:44:29+00:00\" \/>\n<meta property=\"og:image\" content=\"https:\/\/www.credimex.ch\/wp-content\/uploads\/2022\/05\/jax-Proofer-Oven-Chain-Oil.png\" \/>\n\t<meta property=\"og:image:width\" content=\"800\" \/>\n\t<meta property=\"og:image:height\" content=\"800\" \/>\n\t<meta property=\"og:image:type\" content=\"image\/png\" \/>\n<meta name=\"twitter:card\" content=\"summary_large_image\" \/>\n<meta name=\"twitter:label1\" content=\"Gesch\u00e4tzte Lesezeit\" \/>\n\t<meta name=\"twitter:data1\" content=\"2\u00a0Minuten\" \/>\n<script type=\"application\/ld+json\" class=\"yoast-schema-graph\">{\"@context\":\"https:\\\/\\\/schema.org\",\"@graph\":[{\"@type\":\"WebPage\",\"@id\":\"https:\\\/\\\/www.credimex.ch\\\/de\\\/produkt\\\/jax-proofer-ofenketten-ol\\\/\",\"url\":\"https:\\\/\\\/www.credimex.ch\\\/de\\\/produkt\\\/jax-proofer-ofenketten-ol\\\/\",\"name\":\"Jax Proofer Backofen Ketten\u00f6l - CREDIMEX\",\"isPartOf\":{\"@id\":\"https:\\\/\\\/www.credimex.ch\\\/de\\\/#website\"},\"primaryImageOfPage\":{\"@id\":\"https:\\\/\\\/www.credimex.ch\\\/de\\\/produkt\\\/jax-proofer-ofenketten-ol\\\/#primaryimage\"},\"image\":{\"@id\":\"https:\\\/\\\/www.credimex.ch\\\/de\\\/produkt\\\/jax-proofer-ofenketten-ol\\\/#primaryimage\"},\"thumbnailUrl\":\"https:\\\/\\\/www.credimex.ch\\\/wp-content\\\/uploads\\\/2022\\\/05\\\/jax-Proofer-Oven-Chain-Oil.png\",\"datePublished\":\"2022-05-17T10:22:10+00:00\",\"dateModified\":\"2023-01-04T08:44:29+00:00\",\"description\":\"JAX Proofer Ketten\u00f6l ist speziell f\u00fcr die Schmierung in Umgebungen mit hoher Luftfeuchtigkeit entwickelt worden.\",\"breadcrumb\":{\"@id\":\"https:\\\/\\\/www.credimex.ch\\\/de\\\/produkt\\\/jax-proofer-ofenketten-ol\\\/#breadcrumb\"},\"inLanguage\":\"de\",\"potentialAction\":[{\"@type\":\"ReadAction\",\"target\":[\"https:\\\/\\\/www.credimex.ch\\\/de\\\/produkt\\\/jax-proofer-ofenketten-ol\\\/\"]}]},{\"@type\":\"ImageObject\",\"inLanguage\":\"de\",\"@id\":\"https:\\\/\\\/www.credimex.ch\\\/de\\\/produkt\\\/jax-proofer-ofenketten-ol\\\/#primaryimage\",\"url\":\"https:\\\/\\\/www.credimex.ch\\\/wp-content\\\/uploads\\\/2022\\\/05\\\/jax-Proofer-Oven-Chain-Oil.png\",\"contentUrl\":\"https:\\\/\\\/www.credimex.ch\\\/wp-content\\\/uploads\\\/2022\\\/05\\\/jax-Proofer-Oven-Chain-Oil.png\",\"width\":800,\"height\":800},{\"@type\":\"BreadcrumbList\",\"@id\":\"https:\\\/\\\/www.credimex.ch\\\/de\\\/produkt\\\/jax-proofer-ofenketten-ol\\\/#breadcrumb\",\"itemListElement\":[{\"@type\":\"ListItem\",\"position\":1,\"name\":\"Home\",\"item\":\"https:\\\/\\\/www.credimex.ch\\\/de\\\/\"},{\"@type\":\"ListItem\",\"position\":2,\"name\":\"Produkte\",\"item\":\"https:\\\/\\\/www.credimex.ch\\\/de\\\/produkte\\\/\"},{\"@type\":\"ListItem\",\"position\":3,\"name\":\"Jax Proofer Backofen Ketten\u00f6l\"}]},{\"@type\":\"WebSite\",\"@id\":\"https:\\\/\\\/www.credimex.ch\\\/de\\\/#website\",\"url\":\"https:\\\/\\\/www.credimex.ch\\\/de\\\/\",\"name\":\"CREDIMEX\",\"description\":\"Partner of Swiss Industrial Market\",\"publisher\":{\"@id\":\"https:\\\/\\\/www.credimex.ch\\\/de\\\/#organization\"},\"potentialAction\":[{\"@type\":\"SearchAction\",\"target\":{\"@type\":\"EntryPoint\",\"urlTemplate\":\"https:\\\/\\\/www.credimex.ch\\\/de\\\/?s={search_term_string}\"},\"query-input\":{\"@type\":\"PropertyValueSpecification\",\"valueRequired\":true,\"valueName\":\"search_term_string\"}}],\"inLanguage\":\"de\"},{\"@type\":\"Organization\",\"@id\":\"https:\\\/\\\/www.credimex.ch\\\/de\\\/#organization\",\"name\":\"credimex\",\"url\":\"https:\\\/\\\/www.credimex.ch\\\/de\\\/\",\"logo\":{\"@type\":\"ImageObject\",\"inLanguage\":\"de\",\"@id\":\"https:\\\/\\\/www.credimex.ch\\\/de\\\/#\\\/schema\\\/logo\\\/image\\\/\",\"url\":\"https:\\\/\\\/www.credimex.ch\\\/wp-content\\\/uploads\\\/2022\\\/03\\\/cropped-logo-credimex.png\",\"contentUrl\":\"https:\\\/\\\/www.credimex.ch\\\/wp-content\\\/uploads\\\/2022\\\/03\\\/cropped-logo-credimex.png\",\"width\":512,\"height\":512,\"caption\":\"credimex\"},\"image\":{\"@id\":\"https:\\\/\\\/www.credimex.ch\\\/de\\\/#\\\/schema\\\/logo\\\/image\\\/\"},\"sameAs\":[\"https:\\\/\\\/www.facebook.com\\\/credimex.alpnach\\\/\",\"https:\\\/\\\/www.linkedin.com\\\/company\\\/credimex\\\/\",\"https:\\\/\\\/www.youtube.com\\\/@CREDIMEX?sub_confirmation=1\"]}]}<\/script>\n<!-- \/ Yoast SEO Premium plugin. -->","yoast_head_json":{"title":"Jax Proofer Backofen Ketten\u00f6l - CREDIMEX","description":"JAX Proofer Ketten\u00f6l ist speziell f\u00fcr die Schmierung in Umgebungen mit hoher Luftfeuchtigkeit entwickelt worden.","robots":{"index":"index","follow":"follow","max-snippet":"max-snippet:-1","max-image-preview":"max-image-preview:large","max-video-preview":"max-video-preview:-1"},"canonical":"https:\/\/www.credimex.ch\/de\/produkt\/jax-proofer-ofenketten-ol\/","og_locale":"de_DE","og_type":"article","og_title":"Jax Proofer Backofen Ketten\u00f6l","og_description":"JAX Proofer Ketten\u00f6l ist speziell f\u00fcr die Schmierung in Umgebungen mit hoher Luftfeuchtigkeit entwickelt worden.","og_url":"https:\/\/www.credimex.ch\/de\/produkt\/jax-proofer-ofenketten-ol\/","og_site_name":"CREDIMEX","article_publisher":"https:\/\/www.facebook.com\/credimex.alpnach\/","article_modified_time":"2023-01-04T08:44:29+00:00","og_image":[{"width":800,"height":800,"url":"https:\/\/www.credimex.ch\/wp-content\/uploads\/2022\/05\/jax-Proofer-Oven-Chain-Oil.png","type":"image\/png"}],"twitter_card":"summary_large_image","twitter_misc":{"Gesch\u00e4tzte Lesezeit":"2\u00a0Minuten"},"schema":{"@context":"https:\/\/schema.org","@graph":[{"@type":"WebPage","@id":"https:\/\/www.credimex.ch\/de\/produkt\/jax-proofer-ofenketten-ol\/","url":"https:\/\/www.credimex.ch\/de\/produkt\/jax-proofer-ofenketten-ol\/","name":"Jax Proofer Backofen Ketten\u00f6l - CREDIMEX","isPartOf":{"@id":"https:\/\/www.credimex.ch\/de\/#website"},"primaryImageOfPage":{"@id":"https:\/\/www.credimex.ch\/de\/produkt\/jax-proofer-ofenketten-ol\/#primaryimage"},"image":{"@id":"https:\/\/www.credimex.ch\/de\/produkt\/jax-proofer-ofenketten-ol\/#primaryimage"},"thumbnailUrl":"https:\/\/www.credimex.ch\/wp-content\/uploads\/2022\/05\/jax-Proofer-Oven-Chain-Oil.png","datePublished":"2022-05-17T10:22:10+00:00","dateModified":"2023-01-04T08:44:29+00:00","description":"JAX Proofer Ketten\u00f6l ist speziell f\u00fcr die Schmierung in Umgebungen mit hoher Luftfeuchtigkeit entwickelt worden.","breadcrumb":{"@id":"https:\/\/www.credimex.ch\/de\/produkt\/jax-proofer-ofenketten-ol\/#breadcrumb"},"inLanguage":"de","potentialAction":[{"@type":"ReadAction","target":["https:\/\/www.credimex.ch\/de\/produkt\/jax-proofer-ofenketten-ol\/"]}]},{"@type":"ImageObject","inLanguage":"de","@id":"https:\/\/www.credimex.ch\/de\/produkt\/jax-proofer-ofenketten-ol\/#primaryimage","url":"https:\/\/www.credimex.ch\/wp-content\/uploads\/2022\/05\/jax-Proofer-Oven-Chain-Oil.png","contentUrl":"https:\/\/www.credimex.ch\/wp-content\/uploads\/2022\/05\/jax-Proofer-Oven-Chain-Oil.png","width":800,"height":800},{"@type":"BreadcrumbList","@id":"https:\/\/www.credimex.ch\/de\/produkt\/jax-proofer-ofenketten-ol\/#breadcrumb","itemListElement":[{"@type":"ListItem","position":1,"name":"Home","item":"https:\/\/www.credimex.ch\/de\/"},{"@type":"ListItem","position":2,"name":"Produkte","item":"https:\/\/www.credimex.ch\/de\/produkte\/"},{"@type":"ListItem","position":3,"name":"Jax Proofer Backofen Ketten\u00f6l"}]},{"@type":"WebSite","@id":"https:\/\/www.credimex.ch\/de\/#website","url":"https:\/\/www.credimex.ch\/de\/","name":"CREDIMEX","description":"Partner of Swiss Industrial Market","publisher":{"@id":"https:\/\/www.credimex.ch\/de\/#organization"},"potentialAction":[{"@type":"SearchAction","target":{"@type":"EntryPoint","urlTemplate":"https:\/\/www.credimex.ch\/de\/?s={search_term_string}"},"query-input":{"@type":"PropertyValueSpecification","valueRequired":true,"valueName":"search_term_string"}}],"inLanguage":"de"},{"@type":"Organization","@id":"https:\/\/www.credimex.ch\/de\/#organization","name":"credimex","url":"https:\/\/www.credimex.ch\/de\/","logo":{"@type":"ImageObject","inLanguage":"de","@id":"https:\/\/www.credimex.ch\/de\/#\/schema\/logo\/image\/","url":"https:\/\/www.credimex.ch\/wp-content\/uploads\/2022\/03\/cropped-logo-credimex.png","contentUrl":"https:\/\/www.credimex.ch\/wp-content\/uploads\/2022\/03\/cropped-logo-credimex.png","width":512,"height":512,"caption":"credimex"},"image":{"@id":"https:\/\/www.credimex.ch\/de\/#\/schema\/logo\/image\/"},"sameAs":["https:\/\/www.facebook.com\/credimex.alpnach\/","https:\/\/www.linkedin.com\/company\/credimex\/","https:\/\/www.youtube.com\/@CREDIMEX?sub_confirmation=1"]}]}},"_links":{"self":[{"href":"https:\/\/www.credimex.ch\/de\/wp-json\/wp\/v2\/product\/4156","targetHints":{"allow":["GET"]}}],"collection":[{"href":"https:\/\/www.credimex.ch\/de\/wp-json\/wp\/v2\/product"}],"about":[{"href":"https:\/\/www.credimex.ch\/de\/wp-json\/wp\/v2\/types\/product"}],"replies":[{"embeddable":true,"href":"https:\/\/www.credimex.ch\/de\/wp-json\/wp\/v2\/comments?post=4156"}],"wp:featuredmedia":[{"embeddable":true,"href":"https:\/\/www.credimex.ch\/de\/wp-json\/wp\/v2\/media\/2945"}],"wp:attachment":[{"href":"https:\/\/www.credimex.ch\/de\/wp-json\/wp\/v2\/media?parent=4156"}],"wp:term":[{"taxonomy":"product_brand","embeddable":true,"href":"https:\/\/www.credimex.ch\/de\/wp-json\/wp\/v2\/product_brand?post=4156"},{"taxonomy":"product_cat","embeddable":true,"href":"https:\/\/www.credimex.ch\/de\/wp-json\/wp\/v2\/product_cat?post=4156"},{"taxonomy":"product_tag","embeddable":true,"href":"https:\/\/www.credimex.ch\/de\/wp-json\/wp\/v2\/product_tag?post=4156"}],"curies":[{"name":"wp","href":"https:\/\/api.w.org\/{rel}","templated":true}]}}