{"id":4158,"date":"2022-05-17T12:09:27","date_gmt":"2022-05-17T10:09:27","guid":{"rendered":"https:\/\/www.credimex.ch.mialias.net\/product\/jax-magna-platte-78\/"},"modified":"2023-01-04T09:44:24","modified_gmt":"2023-01-04T08:44:24","slug":"jax-magna-platte-78","status":"publish","type":"product","link":"https:\/\/www.credimex.ch\/de\/produkt\/jax-magna-platte-78\/","title":{"rendered":"Jax Magna-Platte 78"},"content":{"rendered":"<h2>Beschreibung<\/h2>\n<p>Jax Magna-Plate 78 Oil ist ein USP-Schmiermittel auf Basis von weissem Mineral\u00f6l, das ein propriet\u00e4res Additivsystem und eine synthetische Polymertechnologie verwendet, um einen aussergew\u00f6hnlichen Verschleiss- und Korrosionsschutz f\u00fcr Maschinen in der Lebensmittel- und Getr\u00e4nkeindustrie zu bieten.<\/p>\n<p>Das Produkt entspricht den folgenden Spezifikationen:<\/p>\n<ul>\n<li>NSF H1-Zertifizierung f\u00fcr &#8222;unbeabsichtigten Kontakt mit Lebensmitteln&#8220;<\/li>\n<li>Halal-zertifiziert<\/li>\n<li>Koscher-Zertifizierung<\/li>\n<li>Zertifizierung nach ISO 21469<\/li>\n<\/ul>\n<h2>Produktvorteile<\/h2>\n<ul>\n<li>Aussergew\u00f6hnlicher Verschleissschutz<\/li>\n<li>Hervorragende Filtereigenschaften<\/li>\n<li>Ausgezeichnete Oxidationsstabilit\u00e4t bei hohen Temperaturen<\/li>\n<li>Hervorragender Korrosionsschutz<\/li>\n<li>Demulgiert f\u00fcr Prozesse, bei denen die Abgabe von Wasser erw\u00fcnscht ist<\/li>\n<li>Verl\u00e4ngerte Lebensdauer der geschmierten Komponenten<\/li>\n<\/ul>\n<h2>Anwendungen<\/h2>\n<ul>\n<li>Allgemeine Schmierung von Ketten und Seilen<\/li>\n<li>Schmierung von Getrieben und Lagern<\/li>\n<li>Schmierung f\u00fcr die Dosenabdichtung<\/li>\n<\/ul>\n","protected":false},"excerpt":{"rendered":"<p><strong>JAX Magna-Plate 78<\/strong> ist ein NSF H1-registriertes Aerosol-Lebensmittelmaschinen\u00f6l mit verbesserten Verschleissschutzeigenschaften f\u00fcr den Einsatz in allen Anwendungen der Lebensmittelindustrie.<\/p>\n","protected":false},"featured_media":2943,"comment_status":"open","ping_status":"closed","template":"","meta":{"_acf_changed":false},"product_brand":[],"product_cat":[353,640,370,372,354],"product_tag":[],"class_list":{"0":"post-4158","1":"product","2":"type-product","3":"status-publish","4":"has-post-thumbnail","6":"product_cat-industrie-schmierstoffe","7":"product_cat-jax","8":"product_cat-lebensmittelindustrie","9":"product_cat-lebensmitteltechnische-schmierstoffe","10":"product_cat-ol","11":"pa_brands-jax-de","13":"first","14":"instock","15":"shipping-taxable","16":"product-type-simple"},"acf":[],"_yoast_wpseo_focuskw":"JAX Magna-Platte 78","_yoast_wpseo_metadesc":null,"yoast_head":"<!-- This site is optimized with the Yoast SEO Premium plugin v21.6 (Yoast SEO v27.4) - https:\/\/yoast.com\/product\/yoast-seo-premium-wordpress\/ -->\n<title>Jax Magna-Platte 78 - CREDIMEX<\/title>\n<meta name=\"robots\" content=\"index, follow, max-snippet:-1, max-image-preview:large, max-video-preview:-1\" \/>\n<link rel=\"canonical\" href=\"https:\/\/www.credimex.ch\/de\/produkt\/jax-magna-platte-78\/\" \/>\n<meta property=\"og:locale\" content=\"de_DE\" \/>\n<meta property=\"og:type\" content=\"article\" \/>\n<meta property=\"og:title\" content=\"Jax Magna-Platte 78\" \/>\n<meta property=\"og:description\" content=\"JAX Magna-Plate 78 ist ein NSF H1-registriertes Aerosol-Lebensmittelmaschinen\u00f6l mit verbesserten Verschleissschutzeigenschaften f\u00fcr den Einsatz in allen Anwendungen der Lebensmittelindustrie.\" \/>\n<meta property=\"og:url\" content=\"https:\/\/www.credimex.ch\/de\/produkt\/jax-magna-platte-78\/\" \/>\n<meta property=\"og:site_name\" content=\"CREDIMEX\" \/>\n<meta property=\"article:publisher\" content=\"https:\/\/www.facebook.com\/credimex.alpnach\/\" \/>\n<meta property=\"article:modified_time\" content=\"2023-01-04T08:44:24+00:00\" \/>\n<meta property=\"og:image\" content=\"https:\/\/www.credimex.ch\/wp-content\/uploads\/2022\/05\/JAX-Magna-Plate-78.png\" \/>\n\t<meta property=\"og:image:width\" content=\"800\" \/>\n\t<meta property=\"og:image:height\" content=\"800\" \/>\n\t<meta property=\"og:image:type\" content=\"image\/png\" \/>\n<meta name=\"twitter:card\" content=\"summary_large_image\" \/>\n<meta name=\"twitter:label1\" content=\"Gesch\u00e4tzte Lesezeit\" \/>\n\t<meta name=\"twitter:data1\" content=\"1\u00a0Minute\" \/>\n<script type=\"application\/ld+json\" class=\"yoast-schema-graph\">{\"@context\":\"https:\\\/\\\/schema.org\",\"@graph\":[{\"@type\":\"WebPage\",\"@id\":\"https:\\\/\\\/www.credimex.ch\\\/de\\\/produkt\\\/jax-magna-platte-78\\\/\",\"url\":\"https:\\\/\\\/www.credimex.ch\\\/de\\\/produkt\\\/jax-magna-platte-78\\\/\",\"name\":\"Jax Magna-Platte 78 - CREDIMEX\",\"isPartOf\":{\"@id\":\"https:\\\/\\\/www.credimex.ch\\\/de\\\/#website\"},\"primaryImageOfPage\":{\"@id\":\"https:\\\/\\\/www.credimex.ch\\\/de\\\/produkt\\\/jax-magna-platte-78\\\/#primaryimage\"},\"image\":{\"@id\":\"https:\\\/\\\/www.credimex.ch\\\/de\\\/produkt\\\/jax-magna-platte-78\\\/#primaryimage\"},\"thumbnailUrl\":\"https:\\\/\\\/www.credimex.ch\\\/wp-content\\\/uploads\\\/2022\\\/05\\\/JAX-Magna-Plate-78.png\",\"datePublished\":\"2022-05-17T10:09:27+00:00\",\"dateModified\":\"2023-01-04T08:44:24+00:00\",\"breadcrumb\":{\"@id\":\"https:\\\/\\\/www.credimex.ch\\\/de\\\/produkt\\\/jax-magna-platte-78\\\/#breadcrumb\"},\"inLanguage\":\"de\",\"potentialAction\":[{\"@type\":\"ReadAction\",\"target\":[\"https:\\\/\\\/www.credimex.ch\\\/de\\\/produkt\\\/jax-magna-platte-78\\\/\"]}]},{\"@type\":\"ImageObject\",\"inLanguage\":\"de\",\"@id\":\"https:\\\/\\\/www.credimex.ch\\\/de\\\/produkt\\\/jax-magna-platte-78\\\/#primaryimage\",\"url\":\"https:\\\/\\\/www.credimex.ch\\\/wp-content\\\/uploads\\\/2022\\\/05\\\/JAX-Magna-Plate-78.png\",\"contentUrl\":\"https:\\\/\\\/www.credimex.ch\\\/wp-content\\\/uploads\\\/2022\\\/05\\\/JAX-Magna-Plate-78.png\",\"width\":800,\"height\":800},{\"@type\":\"BreadcrumbList\",\"@id\":\"https:\\\/\\\/www.credimex.ch\\\/de\\\/produkt\\\/jax-magna-platte-78\\\/#breadcrumb\",\"itemListElement\":[{\"@type\":\"ListItem\",\"position\":1,\"name\":\"Home\",\"item\":\"https:\\\/\\\/www.credimex.ch\\\/de\\\/\"},{\"@type\":\"ListItem\",\"position\":2,\"name\":\"Produkte\",\"item\":\"https:\\\/\\\/www.credimex.ch\\\/de\\\/produkte\\\/\"},{\"@type\":\"ListItem\",\"position\":3,\"name\":\"Jax Magna-Platte 78\"}]},{\"@type\":\"WebSite\",\"@id\":\"https:\\\/\\\/www.credimex.ch\\\/de\\\/#website\",\"url\":\"https:\\\/\\\/www.credimex.ch\\\/de\\\/\",\"name\":\"CREDIMEX\",\"description\":\"Partner of Swiss Industrial Market\",\"publisher\":{\"@id\":\"https:\\\/\\\/www.credimex.ch\\\/de\\\/#organization\"},\"potentialAction\":[{\"@type\":\"SearchAction\",\"target\":{\"@type\":\"EntryPoint\",\"urlTemplate\":\"https:\\\/\\\/www.credimex.ch\\\/de\\\/?s={search_term_string}\"},\"query-input\":{\"@type\":\"PropertyValueSpecification\",\"valueRequired\":true,\"valueName\":\"search_term_string\"}}],\"inLanguage\":\"de\"},{\"@type\":\"Organization\",\"@id\":\"https:\\\/\\\/www.credimex.ch\\\/de\\\/#organization\",\"name\":\"credimex\",\"url\":\"https:\\\/\\\/www.credimex.ch\\\/de\\\/\",\"logo\":{\"@type\":\"ImageObject\",\"inLanguage\":\"de\",\"@id\":\"https:\\\/\\\/www.credimex.ch\\\/de\\\/#\\\/schema\\\/logo\\\/image\\\/\",\"url\":\"https:\\\/\\\/www.credimex.ch\\\/wp-content\\\/uploads\\\/2022\\\/03\\\/cropped-logo-credimex.png\",\"contentUrl\":\"https:\\\/\\\/www.credimex.ch\\\/wp-content\\\/uploads\\\/2022\\\/03\\\/cropped-logo-credimex.png\",\"width\":512,\"height\":512,\"caption\":\"credimex\"},\"image\":{\"@id\":\"https:\\\/\\\/www.credimex.ch\\\/de\\\/#\\\/schema\\\/logo\\\/image\\\/\"},\"sameAs\":[\"https:\\\/\\\/www.facebook.com\\\/credimex.alpnach\\\/\",\"https:\\\/\\\/www.linkedin.com\\\/company\\\/credimex\\\/\",\"https:\\\/\\\/www.youtube.com\\\/@CREDIMEX?sub_confirmation=1\"]}]}<\/script>\n<!-- \/ Yoast SEO Premium plugin. -->","yoast_head_json":{"title":"Jax Magna-Platte 78 - CREDIMEX","robots":{"index":"index","follow":"follow","max-snippet":"max-snippet:-1","max-image-preview":"max-image-preview:large","max-video-preview":"max-video-preview:-1"},"canonical":"https:\/\/www.credimex.ch\/de\/produkt\/jax-magna-platte-78\/","og_locale":"de_DE","og_type":"article","og_title":"Jax Magna-Platte 78","og_description":"JAX Magna-Plate 78 ist ein NSF H1-registriertes Aerosol-Lebensmittelmaschinen\u00f6l mit verbesserten Verschleissschutzeigenschaften f\u00fcr den Einsatz in allen Anwendungen der Lebensmittelindustrie.","og_url":"https:\/\/www.credimex.ch\/de\/produkt\/jax-magna-platte-78\/","og_site_name":"CREDIMEX","article_publisher":"https:\/\/www.facebook.com\/credimex.alpnach\/","article_modified_time":"2023-01-04T08:44:24+00:00","og_image":[{"width":800,"height":800,"url":"https:\/\/www.credimex.ch\/wp-content\/uploads\/2022\/05\/JAX-Magna-Plate-78.png","type":"image\/png"}],"twitter_card":"summary_large_image","twitter_misc":{"Gesch\u00e4tzte Lesezeit":"1\u00a0Minute"},"schema":{"@context":"https:\/\/schema.org","@graph":[{"@type":"WebPage","@id":"https:\/\/www.credimex.ch\/de\/produkt\/jax-magna-platte-78\/","url":"https:\/\/www.credimex.ch\/de\/produkt\/jax-magna-platte-78\/","name":"Jax Magna-Platte 78 - CREDIMEX","isPartOf":{"@id":"https:\/\/www.credimex.ch\/de\/#website"},"primaryImageOfPage":{"@id":"https:\/\/www.credimex.ch\/de\/produkt\/jax-magna-platte-78\/#primaryimage"},"image":{"@id":"https:\/\/www.credimex.ch\/de\/produkt\/jax-magna-platte-78\/#primaryimage"},"thumbnailUrl":"https:\/\/www.credimex.ch\/wp-content\/uploads\/2022\/05\/JAX-Magna-Plate-78.png","datePublished":"2022-05-17T10:09:27+00:00","dateModified":"2023-01-04T08:44:24+00:00","breadcrumb":{"@id":"https:\/\/www.credimex.ch\/de\/produkt\/jax-magna-platte-78\/#breadcrumb"},"inLanguage":"de","potentialAction":[{"@type":"ReadAction","target":["https:\/\/www.credimex.ch\/de\/produkt\/jax-magna-platte-78\/"]}]},{"@type":"ImageObject","inLanguage":"de","@id":"https:\/\/www.credimex.ch\/de\/produkt\/jax-magna-platte-78\/#primaryimage","url":"https:\/\/www.credimex.ch\/wp-content\/uploads\/2022\/05\/JAX-Magna-Plate-78.png","contentUrl":"https:\/\/www.credimex.ch\/wp-content\/uploads\/2022\/05\/JAX-Magna-Plate-78.png","width":800,"height":800},{"@type":"BreadcrumbList","@id":"https:\/\/www.credimex.ch\/de\/produkt\/jax-magna-platte-78\/#breadcrumb","itemListElement":[{"@type":"ListItem","position":1,"name":"Home","item":"https:\/\/www.credimex.ch\/de\/"},{"@type":"ListItem","position":2,"name":"Produkte","item":"https:\/\/www.credimex.ch\/de\/produkte\/"},{"@type":"ListItem","position":3,"name":"Jax Magna-Platte 78"}]},{"@type":"WebSite","@id":"https:\/\/www.credimex.ch\/de\/#website","url":"https:\/\/www.credimex.ch\/de\/","name":"CREDIMEX","description":"Partner of Swiss Industrial Market","publisher":{"@id":"https:\/\/www.credimex.ch\/de\/#organization"},"potentialAction":[{"@type":"SearchAction","target":{"@type":"EntryPoint","urlTemplate":"https:\/\/www.credimex.ch\/de\/?s={search_term_string}"},"query-input":{"@type":"PropertyValueSpecification","valueRequired":true,"valueName":"search_term_string"}}],"inLanguage":"de"},{"@type":"Organization","@id":"https:\/\/www.credimex.ch\/de\/#organization","name":"credimex","url":"https:\/\/www.credimex.ch\/de\/","logo":{"@type":"ImageObject","inLanguage":"de","@id":"https:\/\/www.credimex.ch\/de\/#\/schema\/logo\/image\/","url":"https:\/\/www.credimex.ch\/wp-content\/uploads\/2022\/03\/cropped-logo-credimex.png","contentUrl":"https:\/\/www.credimex.ch\/wp-content\/uploads\/2022\/03\/cropped-logo-credimex.png","width":512,"height":512,"caption":"credimex"},"image":{"@id":"https:\/\/www.credimex.ch\/de\/#\/schema\/logo\/image\/"},"sameAs":["https:\/\/www.facebook.com\/credimex.alpnach\/","https:\/\/www.linkedin.com\/company\/credimex\/","https:\/\/www.youtube.com\/@CREDIMEX?sub_confirmation=1"]}]}},"_links":{"self":[{"href":"https:\/\/www.credimex.ch\/de\/wp-json\/wp\/v2\/product\/4158","targetHints":{"allow":["GET"]}}],"collection":[{"href":"https:\/\/www.credimex.ch\/de\/wp-json\/wp\/v2\/product"}],"about":[{"href":"https:\/\/www.credimex.ch\/de\/wp-json\/wp\/v2\/types\/product"}],"replies":[{"embeddable":true,"href":"https:\/\/www.credimex.ch\/de\/wp-json\/wp\/v2\/comments?post=4158"}],"wp:featuredmedia":[{"embeddable":true,"href":"https:\/\/www.credimex.ch\/de\/wp-json\/wp\/v2\/media\/2943"}],"wp:attachment":[{"href":"https:\/\/www.credimex.ch\/de\/wp-json\/wp\/v2\/media?parent=4158"}],"wp:term":[{"taxonomy":"product_brand","embeddable":true,"href":"https:\/\/www.credimex.ch\/de\/wp-json\/wp\/v2\/product_brand?post=4158"},{"taxonomy":"product_cat","embeddable":true,"href":"https:\/\/www.credimex.ch\/de\/wp-json\/wp\/v2\/product_cat?post=4158"},{"taxonomy":"product_tag","embeddable":true,"href":"https:\/\/www.credimex.ch\/de\/wp-json\/wp\/v2\/product_tag?post=4158"}],"curies":[{"name":"wp","href":"https:\/\/api.w.org\/{rel}","templated":true}]}}