{"id":4162,"date":"2022-05-17T11:56:03","date_gmt":"2022-05-17T09:56:03","guid":{"rendered":"https:\/\/www.credimex.ch.mialias.net\/product\/jax-flow-guard-syn-iso-460-fg\/"},"modified":"2023-01-04T09:44:17","modified_gmt":"2023-01-04T08:44:17","slug":"jax-flow-guard-syn","status":"publish","type":"product","link":"https:\/\/www.credimex.ch\/de\/produkt\/jax-flow-guard-syn\/","title":{"rendered":"Jax Flow-Guard Syn ISO 460 FG"},"content":{"rendered":"<h2>Beschreibung<\/h2>\n<p>JAX Flow-Guard Synthetic Series-Lebensmittelgetriebe\u00f6le bestehen aus 100 % PAO-Grundfl\u00fcssigkeiten und den besten verf\u00fcgbaren Additivtechnologien, um eine bessere Leistung als alle anderen Lebensmittelschmier\u00f6le zu bieten. Diese Fl\u00fcssigkeiten dienen nicht nur als Medium f\u00fcr die Energie\u00fcbertragung, sondern auch als Schmiermittel, Dichtungsmittel und W\u00e4rme\u00fcbertragungsfl\u00fcssigkeit f\u00fcr die Bauteile. Als Getriebe\u00f6le m\u00fcssen sie ausserdem die Leistung und Effizienz maximieren, indem sie den Verschleiss der Komponenten und die Ausfallzeiten des Systems minimieren. Zu den entscheidenden Leistungsmerkmalen geh\u00f6ren eine verbesserte Dichtwirkung, geringere Haft- und Anlaufreibung, geringerer Verschleiss und minimale Schlamm- oder Ablagerungsbildung. Neben der hervorragenden Leistung von Getriebe\u00f6len erf\u00fcllen diese Produkte auch viele andere Schmierungsanforderungen in der Lebensmittelverarbeitung. JAX Flow-Guard Synthetic Fluids enthalten eine wirksame Kombination aus Verschleissschutzmitteln, Rostinhibitoren und polymeren Viskosit\u00e4tsindexmodifikatoren, die im Vergleich zu anderen Lebensmittel\u00f6len hervorragende Langzeitverschleissvorteile bieten, w\u00e4hrend ihre robuste Antioxidantienchemie einen ablagerungsfreien Betrieb gew\u00e4hrleistet. JAX Flow-Guard Synthetic Fluids erf\u00fcllen die Anforderungen von 21 CFR 178.3570 (Schmierstoffe mit zuf\u00e4lligem Lebensmittelkontakt).<\/p>\n<h2>Produktvorteile<\/h2>\n<p>Hervorragende Leistung bei hohen und niedrigen Temperaturen &#8211; JAX Flow-Guard Synthetic Fluids k\u00f6nnen bei extrem niedrigen Umgebungstemperaturen eingesetzt werden, behalten aber dennoch gen\u00fcgend Volumen, um auch bei hohen Temperaturen zu funktionieren. Diese Fl\u00fcssigkeiten bestehen anspruchsvolle, branchen\u00fcbliche Verschleissschutztests auf einem Niveau, das bisher nur f\u00fcr Hochleistungsgetriebe\u00f6le ohne Lebensmittelqualit\u00e4t galt. Dies kann die Bedenken bei der Umstellung Ihrer Getriebe\u00f6le auf USDA\/NSF H1-Lebensmitteltauglichkeit zerstreuen. Wenn Sie Ihr weniger leistungsf\u00e4higes Getriebe\u00f6l durch JAX Flow-Guard Synthetic Fluids ersetzen, verl\u00e4ngern Sie die Lebensdauer und die Schmierintervalle Ihrer teuren Anlagen.<\/p>\n<p>Verschleissschutz &#8211; JAX Flow-Guard Synthetic Fluids wurden speziell f\u00fcr einen verbesserten Verschleissschutz entwickelt. Studien haben gezeigt, dass die Additivchemie in JAX Flow-Guard Synthetic Fluids den Verschleiss im Vergleich zu herk\u00f6mmlichen R&amp;O-Getriebe\u00f6len um bis zu 95 % reduziert und so die Lebensdauer der Pumpen drastisch verl\u00e4ngert.<\/p>\n<p>L\u00e4ngeres Ablassintervall &#8211; Die Fl\u00fcssigkeiten der JAX Flow-Guard Synthetic Fluids-Serie \u00fcbertreffen herk\u00f6mmliche Fl\u00fcssigkeiten in<br \/>\nthermische und oxidative Stabilit\u00e4t, wie durch den Oxidationstest in rotierenden Druckbeh\u00e4ltern (ASTM D 2272) nachgewiesen. Diese verbesserte Leistung f\u00fchrt zu l\u00e4ngeren Ablassintervallen und st\u00f6rungsfreiem Betrieb.<\/p>\n<p>Wasserabscheidung und Lufteinschl\u00fcsse &#8211; JAX Flow Guard Synthetic Fluids trennen sich leicht von Wasser und Luft, wodurch Emulsionen, die die Schmierf\u00e4higkeit des \u00d6ls beeintr\u00e4chtigen, vermieden werden und das hydraulische &#8222;Fading&#8220; minimiert wird, um maximale Effizienz zu gew\u00e4hrleisten. Die schnelle Wasserabscheidung sorgt f\u00fcr eine einfache Entw\u00e4sserung des Sumpfes und reduziert die Gefahr von Rost und Korrosion an den Systemkomponenten.<\/p>\n<ul>\n<li>\u00dcberlegene Leistung bei niedrigen Temperaturen durch PAO-Basisfl\u00fcssigkeiten<\/li>\n<li>Widersteht der Bildung von Schaum, Schlamm, Lacken und \u00e4tzenden S\u00e4uren<\/li>\n<li>Hervorragende Rost- und Oxidationsstabilit\u00e4t f\u00fcr eine lange, st\u00f6rungsfreie Lebensdauer<\/li>\n<li>Hydrolytisch stabil und leicht von Wasser trennbar<\/li>\n<li>Empfohlen f\u00fcr Zahnrad- und Fl\u00fcgelzellenpumpen<\/li>\n<li>Hervorragende R&amp;O-, Getriebe- und Lagerleistung<\/li>\n<li>USDA\/NSF H1 registriert<\/li>\n<li>Koscher und Parve-zertifiziert<\/li>\n<\/ul>\n<h2>Anwendung<\/h2>\n<p>JAX Flow-Guard Synthetic Series-Lebensmittelfl\u00fcssigkeiten sind f\u00fcr den Einsatz in der Industriehydraulik, in Getrieben und anderen geschmierten Maschinen mit einer Vielzahl von kritischen Funktionen konzipiert. Zu den Anwendungen geh\u00f6ren Getriebe, Nebel- oder Spr\u00fchkettenschmierer, Nockenrollen, Schieber, Tropfschmiersysteme, Luftkompressoren, \u00d6llager oder \u00fcberall dort, wo ein NSF H1-registrierter Schmierstoff verwendet werden muss.<\/p>\n","protected":false},"excerpt":{"rendered":"<p><strong>Jax Flow-Guard Syn ISO 460 FG<\/strong> ist eine lebensmitteltaugliche Fl\u00fcssigkeit, die aus 100 % PAO-Basisfl\u00fcssigkeiten und den besten verf\u00fcgbaren Additivtechnologien zusammengesetzt ist, um eine bessere Leistung als jedes andere lebensmitteltaugliche Schmier\u00f6l zu bieten.<\/p>\n","protected":false},"featured_media":2939,"comment_status":"open","ping_status":"closed","template":"","meta":{"_acf_changed":false},"product_brand":[],"product_cat":[353,640,370,372,354],"product_tag":[],"class_list":{"0":"post-4162","1":"product","2":"type-product","3":"status-publish","4":"has-post-thumbnail","6":"product_cat-industrie-schmierstoffe","7":"product_cat-jax","8":"product_cat-lebensmittelindustrie","9":"product_cat-lebensmitteltechnische-schmierstoffe","10":"product_cat-ol","11":"pa_brands-jax-de","13":"first","14":"instock","15":"shipping-taxable","16":"product-type-simple"},"acf":[],"_yoast_wpseo_focuskw":"Jax Flow-Guard Syn ISO 460 FG","_yoast_wpseo_metadesc":"Jax Flow-Guard Syn ISO 460 FG ist eine lebensmitteltaugliche Fl\u00fcssigkeit, die aus 100 % PAO-Basisfl\u00fcssigkeiten und den besten verf\u00fcgbaren Additivtechnologien zusammengesetzt ist, um eine bessere Leistung als jedes andere lebensmitteltaugliche Schmier\u00f6l zu bieten.","yoast_head":"<!-- This site is optimized with the Yoast SEO Premium plugin v21.6 (Yoast SEO v27.4) - https:\/\/yoast.com\/product\/yoast-seo-premium-wordpress\/ -->\n<title>Jax Flow-Guard Syn ISO 460 FG - CREDIMEX<\/title>\n<meta name=\"description\" content=\"Jax Flow-Guard Syn ISO 460 FG ist eine lebensmitteltaugliche Fl\u00fcssigkeit, die aus 100 % PAO-Basisfl\u00fcssigkeiten und den besten verf\u00fcgbaren Additivtechnologien zusammengesetzt ist, um eine bessere Leistung als jedes andere lebensmitteltaugliche Schmier\u00f6l zu bieten.\" \/>\n<meta name=\"robots\" content=\"index, follow, max-snippet:-1, max-image-preview:large, max-video-preview:-1\" \/>\n<link rel=\"canonical\" href=\"https:\/\/www.credimex.ch\/de\/produkt\/jax-flow-guard-syn\/\" \/>\n<meta property=\"og:locale\" content=\"de_DE\" \/>\n<meta property=\"og:type\" content=\"article\" \/>\n<meta property=\"og:title\" content=\"Jax Flow-Guard Syn ISO 460 FG\" \/>\n<meta property=\"og:description\" content=\"Jax Flow-Guard Syn ISO 460 FG ist eine lebensmitteltaugliche Fl\u00fcssigkeit, die aus 100 % PAO-Basisfl\u00fcssigkeiten und den besten verf\u00fcgbaren Additivtechnologien zusammengesetzt ist, um eine bessere Leistung als jedes andere lebensmitteltaugliche Schmier\u00f6l zu bieten.\" \/>\n<meta property=\"og:url\" content=\"https:\/\/www.credimex.ch\/de\/produkt\/jax-flow-guard-syn\/\" \/>\n<meta property=\"og:site_name\" content=\"CREDIMEX\" \/>\n<meta property=\"article:publisher\" content=\"https:\/\/www.facebook.com\/credimex.alpnach\/\" \/>\n<meta property=\"article:modified_time\" content=\"2023-01-04T08:44:17+00:00\" \/>\n<meta property=\"og:image\" content=\"https:\/\/www.credimex.ch\/wp-content\/uploads\/2022\/05\/Jax-Flow-Guard-Syn-ISO-460-FG.png\" \/>\n\t<meta property=\"og:image:width\" content=\"800\" \/>\n\t<meta property=\"og:image:height\" content=\"800\" \/>\n\t<meta property=\"og:image:type\" content=\"image\/png\" \/>\n<meta name=\"twitter:card\" content=\"summary_large_image\" \/>\n<meta name=\"twitter:label1\" content=\"Gesch\u00e4tzte Lesezeit\" \/>\n\t<meta name=\"twitter:data1\" content=\"3\u00a0Minuten\" \/>\n<script type=\"application\/ld+json\" class=\"yoast-schema-graph\">{\"@context\":\"https:\\\/\\\/schema.org\",\"@graph\":[{\"@type\":\"WebPage\",\"@id\":\"https:\\\/\\\/www.credimex.ch\\\/de\\\/produkt\\\/jax-flow-guard-syn\\\/\",\"url\":\"https:\\\/\\\/www.credimex.ch\\\/de\\\/produkt\\\/jax-flow-guard-syn\\\/\",\"name\":\"Jax Flow-Guard Syn ISO 460 FG - CREDIMEX\",\"isPartOf\":{\"@id\":\"https:\\\/\\\/www.credimex.ch\\\/de\\\/#website\"},\"primaryImageOfPage\":{\"@id\":\"https:\\\/\\\/www.credimex.ch\\\/de\\\/produkt\\\/jax-flow-guard-syn\\\/#primaryimage\"},\"image\":{\"@id\":\"https:\\\/\\\/www.credimex.ch\\\/de\\\/produkt\\\/jax-flow-guard-syn\\\/#primaryimage\"},\"thumbnailUrl\":\"https:\\\/\\\/www.credimex.ch\\\/wp-content\\\/uploads\\\/2022\\\/05\\\/Jax-Flow-Guard-Syn-ISO-460-FG.png\",\"datePublished\":\"2022-05-17T09:56:03+00:00\",\"dateModified\":\"2023-01-04T08:44:17+00:00\",\"description\":\"Jax Flow-Guard Syn ISO 460 FG ist eine lebensmitteltaugliche Fl\u00fcssigkeit, die aus 100 % PAO-Basisfl\u00fcssigkeiten und den besten verf\u00fcgbaren Additivtechnologien zusammengesetzt ist, um eine bessere Leistung als jedes andere lebensmitteltaugliche Schmier\u00f6l zu bieten.\",\"breadcrumb\":{\"@id\":\"https:\\\/\\\/www.credimex.ch\\\/de\\\/produkt\\\/jax-flow-guard-syn\\\/#breadcrumb\"},\"inLanguage\":\"de\",\"potentialAction\":[{\"@type\":\"ReadAction\",\"target\":[\"https:\\\/\\\/www.credimex.ch\\\/de\\\/produkt\\\/jax-flow-guard-syn\\\/\"]}]},{\"@type\":\"ImageObject\",\"inLanguage\":\"de\",\"@id\":\"https:\\\/\\\/www.credimex.ch\\\/de\\\/produkt\\\/jax-flow-guard-syn\\\/#primaryimage\",\"url\":\"https:\\\/\\\/www.credimex.ch\\\/wp-content\\\/uploads\\\/2022\\\/05\\\/Jax-Flow-Guard-Syn-ISO-460-FG.png\",\"contentUrl\":\"https:\\\/\\\/www.credimex.ch\\\/wp-content\\\/uploads\\\/2022\\\/05\\\/Jax-Flow-Guard-Syn-ISO-460-FG.png\",\"width\":800,\"height\":800},{\"@type\":\"BreadcrumbList\",\"@id\":\"https:\\\/\\\/www.credimex.ch\\\/de\\\/produkt\\\/jax-flow-guard-syn\\\/#breadcrumb\",\"itemListElement\":[{\"@type\":\"ListItem\",\"position\":1,\"name\":\"Home\",\"item\":\"https:\\\/\\\/www.credimex.ch\\\/de\\\/\"},{\"@type\":\"ListItem\",\"position\":2,\"name\":\"Produkte\",\"item\":\"https:\\\/\\\/www.credimex.ch\\\/de\\\/produkte\\\/\"},{\"@type\":\"ListItem\",\"position\":3,\"name\":\"Jax Flow-Guard Syn ISO 460 FG\"}]},{\"@type\":\"WebSite\",\"@id\":\"https:\\\/\\\/www.credimex.ch\\\/de\\\/#website\",\"url\":\"https:\\\/\\\/www.credimex.ch\\\/de\\\/\",\"name\":\"CREDIMEX\",\"description\":\"Partner of Swiss Industrial Market\",\"publisher\":{\"@id\":\"https:\\\/\\\/www.credimex.ch\\\/de\\\/#organization\"},\"potentialAction\":[{\"@type\":\"SearchAction\",\"target\":{\"@type\":\"EntryPoint\",\"urlTemplate\":\"https:\\\/\\\/www.credimex.ch\\\/de\\\/?s={search_term_string}\"},\"query-input\":{\"@type\":\"PropertyValueSpecification\",\"valueRequired\":true,\"valueName\":\"search_term_string\"}}],\"inLanguage\":\"de\"},{\"@type\":\"Organization\",\"@id\":\"https:\\\/\\\/www.credimex.ch\\\/de\\\/#organization\",\"name\":\"credimex\",\"url\":\"https:\\\/\\\/www.credimex.ch\\\/de\\\/\",\"logo\":{\"@type\":\"ImageObject\",\"inLanguage\":\"de\",\"@id\":\"https:\\\/\\\/www.credimex.ch\\\/de\\\/#\\\/schema\\\/logo\\\/image\\\/\",\"url\":\"https:\\\/\\\/www.credimex.ch\\\/wp-content\\\/uploads\\\/2022\\\/03\\\/cropped-logo-credimex.png\",\"contentUrl\":\"https:\\\/\\\/www.credimex.ch\\\/wp-content\\\/uploads\\\/2022\\\/03\\\/cropped-logo-credimex.png\",\"width\":512,\"height\":512,\"caption\":\"credimex\"},\"image\":{\"@id\":\"https:\\\/\\\/www.credimex.ch\\\/de\\\/#\\\/schema\\\/logo\\\/image\\\/\"},\"sameAs\":[\"https:\\\/\\\/www.facebook.com\\\/credimex.alpnach\\\/\",\"https:\\\/\\\/www.linkedin.com\\\/company\\\/credimex\\\/\",\"https:\\\/\\\/www.youtube.com\\\/@CREDIMEX?sub_confirmation=1\"]}]}<\/script>\n<!-- \/ Yoast SEO Premium plugin. -->","yoast_head_json":{"title":"Jax Flow-Guard Syn ISO 460 FG - CREDIMEX","description":"Jax Flow-Guard Syn ISO 460 FG ist eine lebensmitteltaugliche Fl\u00fcssigkeit, die aus 100 % PAO-Basisfl\u00fcssigkeiten und den besten verf\u00fcgbaren Additivtechnologien zusammengesetzt ist, um eine bessere Leistung als jedes andere lebensmitteltaugliche Schmier\u00f6l zu bieten.","robots":{"index":"index","follow":"follow","max-snippet":"max-snippet:-1","max-image-preview":"max-image-preview:large","max-video-preview":"max-video-preview:-1"},"canonical":"https:\/\/www.credimex.ch\/de\/produkt\/jax-flow-guard-syn\/","og_locale":"de_DE","og_type":"article","og_title":"Jax Flow-Guard Syn ISO 460 FG","og_description":"Jax Flow-Guard Syn ISO 460 FG ist eine lebensmitteltaugliche Fl\u00fcssigkeit, die aus 100 % PAO-Basisfl\u00fcssigkeiten und den besten verf\u00fcgbaren Additivtechnologien zusammengesetzt ist, um eine bessere Leistung als jedes andere lebensmitteltaugliche Schmier\u00f6l zu bieten.","og_url":"https:\/\/www.credimex.ch\/de\/produkt\/jax-flow-guard-syn\/","og_site_name":"CREDIMEX","article_publisher":"https:\/\/www.facebook.com\/credimex.alpnach\/","article_modified_time":"2023-01-04T08:44:17+00:00","og_image":[{"width":800,"height":800,"url":"https:\/\/www.credimex.ch\/wp-content\/uploads\/2022\/05\/Jax-Flow-Guard-Syn-ISO-460-FG.png","type":"image\/png"}],"twitter_card":"summary_large_image","twitter_misc":{"Gesch\u00e4tzte Lesezeit":"3\u00a0Minuten"},"schema":{"@context":"https:\/\/schema.org","@graph":[{"@type":"WebPage","@id":"https:\/\/www.credimex.ch\/de\/produkt\/jax-flow-guard-syn\/","url":"https:\/\/www.credimex.ch\/de\/produkt\/jax-flow-guard-syn\/","name":"Jax Flow-Guard Syn ISO 460 FG - CREDIMEX","isPartOf":{"@id":"https:\/\/www.credimex.ch\/de\/#website"},"primaryImageOfPage":{"@id":"https:\/\/www.credimex.ch\/de\/produkt\/jax-flow-guard-syn\/#primaryimage"},"image":{"@id":"https:\/\/www.credimex.ch\/de\/produkt\/jax-flow-guard-syn\/#primaryimage"},"thumbnailUrl":"https:\/\/www.credimex.ch\/wp-content\/uploads\/2022\/05\/Jax-Flow-Guard-Syn-ISO-460-FG.png","datePublished":"2022-05-17T09:56:03+00:00","dateModified":"2023-01-04T08:44:17+00:00","description":"Jax Flow-Guard Syn ISO 460 FG ist eine lebensmitteltaugliche Fl\u00fcssigkeit, die aus 100 % PAO-Basisfl\u00fcssigkeiten und den besten verf\u00fcgbaren Additivtechnologien zusammengesetzt ist, um eine bessere Leistung als jedes andere lebensmitteltaugliche Schmier\u00f6l zu bieten.","breadcrumb":{"@id":"https:\/\/www.credimex.ch\/de\/produkt\/jax-flow-guard-syn\/#breadcrumb"},"inLanguage":"de","potentialAction":[{"@type":"ReadAction","target":["https:\/\/www.credimex.ch\/de\/produkt\/jax-flow-guard-syn\/"]}]},{"@type":"ImageObject","inLanguage":"de","@id":"https:\/\/www.credimex.ch\/de\/produkt\/jax-flow-guard-syn\/#primaryimage","url":"https:\/\/www.credimex.ch\/wp-content\/uploads\/2022\/05\/Jax-Flow-Guard-Syn-ISO-460-FG.png","contentUrl":"https:\/\/www.credimex.ch\/wp-content\/uploads\/2022\/05\/Jax-Flow-Guard-Syn-ISO-460-FG.png","width":800,"height":800},{"@type":"BreadcrumbList","@id":"https:\/\/www.credimex.ch\/de\/produkt\/jax-flow-guard-syn\/#breadcrumb","itemListElement":[{"@type":"ListItem","position":1,"name":"Home","item":"https:\/\/www.credimex.ch\/de\/"},{"@type":"ListItem","position":2,"name":"Produkte","item":"https:\/\/www.credimex.ch\/de\/produkte\/"},{"@type":"ListItem","position":3,"name":"Jax Flow-Guard Syn ISO 460 FG"}]},{"@type":"WebSite","@id":"https:\/\/www.credimex.ch\/de\/#website","url":"https:\/\/www.credimex.ch\/de\/","name":"CREDIMEX","description":"Partner of Swiss Industrial Market","publisher":{"@id":"https:\/\/www.credimex.ch\/de\/#organization"},"potentialAction":[{"@type":"SearchAction","target":{"@type":"EntryPoint","urlTemplate":"https:\/\/www.credimex.ch\/de\/?s={search_term_string}"},"query-input":{"@type":"PropertyValueSpecification","valueRequired":true,"valueName":"search_term_string"}}],"inLanguage":"de"},{"@type":"Organization","@id":"https:\/\/www.credimex.ch\/de\/#organization","name":"credimex","url":"https:\/\/www.credimex.ch\/de\/","logo":{"@type":"ImageObject","inLanguage":"de","@id":"https:\/\/www.credimex.ch\/de\/#\/schema\/logo\/image\/","url":"https:\/\/www.credimex.ch\/wp-content\/uploads\/2022\/03\/cropped-logo-credimex.png","contentUrl":"https:\/\/www.credimex.ch\/wp-content\/uploads\/2022\/03\/cropped-logo-credimex.png","width":512,"height":512,"caption":"credimex"},"image":{"@id":"https:\/\/www.credimex.ch\/de\/#\/schema\/logo\/image\/"},"sameAs":["https:\/\/www.facebook.com\/credimex.alpnach\/","https:\/\/www.linkedin.com\/company\/credimex\/","https:\/\/www.youtube.com\/@CREDIMEX?sub_confirmation=1"]}]}},"_links":{"self":[{"href":"https:\/\/www.credimex.ch\/de\/wp-json\/wp\/v2\/product\/4162","targetHints":{"allow":["GET"]}}],"collection":[{"href":"https:\/\/www.credimex.ch\/de\/wp-json\/wp\/v2\/product"}],"about":[{"href":"https:\/\/www.credimex.ch\/de\/wp-json\/wp\/v2\/types\/product"}],"replies":[{"embeddable":true,"href":"https:\/\/www.credimex.ch\/de\/wp-json\/wp\/v2\/comments?post=4162"}],"wp:featuredmedia":[{"embeddable":true,"href":"https:\/\/www.credimex.ch\/de\/wp-json\/wp\/v2\/media\/2939"}],"wp:attachment":[{"href":"https:\/\/www.credimex.ch\/de\/wp-json\/wp\/v2\/media?parent=4162"}],"wp:term":[{"taxonomy":"product_brand","embeddable":true,"href":"https:\/\/www.credimex.ch\/de\/wp-json\/wp\/v2\/product_brand?post=4162"},{"taxonomy":"product_cat","embeddable":true,"href":"https:\/\/www.credimex.ch\/de\/wp-json\/wp\/v2\/product_cat?post=4162"},{"taxonomy":"product_tag","embeddable":true,"href":"https:\/\/www.credimex.ch\/de\/wp-json\/wp\/v2\/product_tag?post=4162"}],"curies":[{"name":"wp","href":"https:\/\/api.w.org\/{rel}","templated":true}]}}