{"id":4164,"date":"2022-05-17T11:47:59","date_gmt":"2022-05-17T09:47:59","guid":{"rendered":"https:\/\/www.credimex.ch.mialias.net\/product\/jax-pyroplatte-fgn-2-180-kg\/"},"modified":"2023-02-22T11:06:35","modified_gmt":"2023-02-22T10:06:35","slug":"jax-pyro-plate","status":"publish","type":"product","link":"https:\/\/www.credimex.ch\/de\/produkt\/jax-pyro-plate\/","title":{"rendered":"JAX Pyroplatte FGN-2 180 kg"},"content":{"rendered":"<h2>Beschreibung<\/h2>\n<p>JAX\u00ae Pyro-Plate FGN-2 ist ein hochleistungsf\u00e4higes, lebensmitteltaugliches Schmierfett, das mit einem fortschrittlichen, propriet\u00e4ren Kalziumsulfonatkomplex-Verdicker und einer hochviskosen Polyalpaholefin-Grundfl\u00fcssigkeit hergestellt wird. Diese bieten zusammen einen aussergew\u00f6hnlichen Schutz in einer Vielzahl von Anwendungen bei unterschiedlichen Betriebstemperaturen. Dar\u00fcber hinaus verf\u00fcgt JAX\u00ae Pyro-Plate FGN-2 \u00fcber eine ausgezeichnete Wasserbest\u00e4ndigkeit, hervorragende Leistungsmerkmale bei hohen und niedrigen Temperaturen, eine sehr hohe Belastbarkeit und einen bemerkenswerten Rost- und Korrosionsschutz.<\/p>\n<h2>Produktvorteile<\/h2>\n<ul>\n<li>Hervorragende Leistung bei hohen und niedrigen Temperaturen<\/li>\n<li>Un\u00fcbertroffene E.P. und Anti-Verschleiss-Leistung<\/li>\n<li>Hervorragender Schutz vor Rost und Korrosion<\/li>\n<li>Ausgezeichnete Wasserbest\u00e4ndigkeit<\/li>\n<\/ul>\n<h2>Anwendung<\/h2>\n<ul>\n<li>Lebensmittelindustrie<\/li>\n<\/ul>\n","protected":false},"excerpt":{"rendered":"<p><strong>JAX Pyro Plate FGN-2<\/strong> ist ein synthetisches Hochtemperaturfett, das 100 % hochviskose synthetische Grund\u00f6le mit einem bew\u00e4hrten Hochtemperaturverdicker kombiniert, um eine herausragende Leistung in anspruchsvollen Anwendungen mit hoher Belastung und seltener Nachschmierung zu gew\u00e4hrleisten.<\/p>\n","protected":false},"featured_media":2937,"comment_status":"open","ping_status":"closed","template":"","meta":{"_acf_changed":false},"product_brand":[],"product_cat":[371,353,640,370,372],"product_tag":[],"class_list":{"0":"post-4164","1":"product","2":"type-product","3":"status-publish","4":"has-post-thumbnail","6":"product_cat-fette","7":"product_cat-industrie-schmierstoffe","8":"product_cat-jax","9":"product_cat-lebensmittelindustrie","10":"product_cat-lebensmitteltechnische-schmierstoffe","11":"pa_brands-jax-de","13":"first","14":"instock","15":"shipping-taxable","16":"product-type-simple"},"acf":[],"_yoast_wpseo_focuskw":"JAX Pyro-Platte FGN-2","_yoast_wpseo_metadesc":"JAX Pyro Plate FGN-2 ist ein synthetisches Hochtemperaturfett, das 100 % hochviskose synthetische Grund\u00f6le mit einem bew\u00e4hrten Hochtemperaturverdicker kombiniert, um eine herausragende Leistung in anspruchsvollen Anwendungen mit hoher Belastung und seltener Nachschmierung zu gew\u00e4hrleisten.","yoast_head":"<!-- This site is optimized with the Yoast SEO Premium plugin v21.6 (Yoast SEO v27.4) - https:\/\/yoast.com\/product\/yoast-seo-premium-wordpress\/ -->\n<title>JAX Pyroplatte FGN-2 180 kg - CREDIMEX<\/title>\n<meta name=\"description\" content=\"JAX Pyro Plate FGN-2 ist ein synthetisches Hochtemperaturfett, das 100 % hochviskose synthetische Grund\u00f6le mit einem bew\u00e4hrten Hochtemperaturverdicker kombiniert, um eine herausragende Leistung in anspruchsvollen Anwendungen mit hoher Belastung und seltener Nachschmierung zu gew\u00e4hrleisten.\" \/>\n<meta name=\"robots\" content=\"index, follow, max-snippet:-1, max-image-preview:large, max-video-preview:-1\" \/>\n<link rel=\"canonical\" href=\"https:\/\/www.credimex.ch\/de\/produkt\/jax-pyro-plate\/\" \/>\n<meta property=\"og:locale\" content=\"de_DE\" \/>\n<meta property=\"og:type\" content=\"article\" \/>\n<meta property=\"og:title\" content=\"JAX Pyroplatte FGN-2 180 kg\" \/>\n<meta property=\"og:description\" content=\"JAX Pyro Plate FGN-2 ist ein synthetisches Hochtemperaturfett, das 100 % hochviskose synthetische Grund\u00f6le mit einem bew\u00e4hrten Hochtemperaturverdicker kombiniert, um eine herausragende Leistung in anspruchsvollen Anwendungen mit hoher Belastung und seltener Nachschmierung zu gew\u00e4hrleisten.\" \/>\n<meta property=\"og:url\" content=\"https:\/\/www.credimex.ch\/de\/produkt\/jax-pyro-plate\/\" \/>\n<meta property=\"og:site_name\" content=\"CREDIMEX\" \/>\n<meta property=\"article:publisher\" content=\"https:\/\/www.facebook.com\/credimex.alpnach\/\" \/>\n<meta property=\"article:modified_time\" content=\"2023-02-22T10:06:35+00:00\" \/>\n<meta property=\"og:image\" content=\"https:\/\/www.credimex.ch\/wp-content\/uploads\/2022\/05\/JAX-Pyro-Plate-FGN-2.png\" \/>\n\t<meta property=\"og:image:width\" content=\"800\" \/>\n\t<meta property=\"og:image:height\" content=\"800\" \/>\n\t<meta property=\"og:image:type\" content=\"image\/png\" \/>\n<meta name=\"twitter:card\" content=\"summary_large_image\" \/>\n<meta name=\"twitter:label1\" content=\"Gesch\u00e4tzte Lesezeit\" \/>\n\t<meta name=\"twitter:data1\" content=\"1\u00a0Minute\" \/>\n<script type=\"application\/ld+json\" class=\"yoast-schema-graph\">{\"@context\":\"https:\\\/\\\/schema.org\",\"@graph\":[{\"@type\":\"WebPage\",\"@id\":\"https:\\\/\\\/www.credimex.ch\\\/de\\\/produkt\\\/jax-pyro-plate\\\/\",\"url\":\"https:\\\/\\\/www.credimex.ch\\\/de\\\/produkt\\\/jax-pyro-plate\\\/\",\"name\":\"JAX Pyroplatte FGN-2 180 kg - CREDIMEX\",\"isPartOf\":{\"@id\":\"https:\\\/\\\/www.credimex.ch\\\/de\\\/#website\"},\"primaryImageOfPage\":{\"@id\":\"https:\\\/\\\/www.credimex.ch\\\/de\\\/produkt\\\/jax-pyro-plate\\\/#primaryimage\"},\"image\":{\"@id\":\"https:\\\/\\\/www.credimex.ch\\\/de\\\/produkt\\\/jax-pyro-plate\\\/#primaryimage\"},\"thumbnailUrl\":\"https:\\\/\\\/www.credimex.ch\\\/wp-content\\\/uploads\\\/2022\\\/05\\\/JAX-Pyro-Plate-FGN-2.png\",\"datePublished\":\"2022-05-17T09:47:59+00:00\",\"dateModified\":\"2023-02-22T10:06:35+00:00\",\"description\":\"JAX Pyro Plate FGN-2 ist ein synthetisches Hochtemperaturfett, das 100 % hochviskose synthetische Grund\u00f6le mit einem bew\u00e4hrten Hochtemperaturverdicker kombiniert, um eine herausragende Leistung in anspruchsvollen Anwendungen mit hoher Belastung und seltener Nachschmierung zu gew\u00e4hrleisten.\",\"breadcrumb\":{\"@id\":\"https:\\\/\\\/www.credimex.ch\\\/de\\\/produkt\\\/jax-pyro-plate\\\/#breadcrumb\"},\"inLanguage\":\"de\",\"potentialAction\":[{\"@type\":\"ReadAction\",\"target\":[\"https:\\\/\\\/www.credimex.ch\\\/de\\\/produkt\\\/jax-pyro-plate\\\/\"]}]},{\"@type\":\"ImageObject\",\"inLanguage\":\"de\",\"@id\":\"https:\\\/\\\/www.credimex.ch\\\/de\\\/produkt\\\/jax-pyro-plate\\\/#primaryimage\",\"url\":\"https:\\\/\\\/www.credimex.ch\\\/wp-content\\\/uploads\\\/2022\\\/05\\\/JAX-Pyro-Plate-FGN-2.png\",\"contentUrl\":\"https:\\\/\\\/www.credimex.ch\\\/wp-content\\\/uploads\\\/2022\\\/05\\\/JAX-Pyro-Plate-FGN-2.png\",\"width\":800,\"height\":800},{\"@type\":\"BreadcrumbList\",\"@id\":\"https:\\\/\\\/www.credimex.ch\\\/de\\\/produkt\\\/jax-pyro-plate\\\/#breadcrumb\",\"itemListElement\":[{\"@type\":\"ListItem\",\"position\":1,\"name\":\"Home\",\"item\":\"https:\\\/\\\/www.credimex.ch\\\/de\\\/\"},{\"@type\":\"ListItem\",\"position\":2,\"name\":\"Produkte\",\"item\":\"https:\\\/\\\/www.credimex.ch\\\/de\\\/produkte\\\/\"},{\"@type\":\"ListItem\",\"position\":3,\"name\":\"JAX Pyroplatte FGN-2 180 kg\"}]},{\"@type\":\"WebSite\",\"@id\":\"https:\\\/\\\/www.credimex.ch\\\/de\\\/#website\",\"url\":\"https:\\\/\\\/www.credimex.ch\\\/de\\\/\",\"name\":\"CREDIMEX\",\"description\":\"Partner of Swiss Industrial Market\",\"publisher\":{\"@id\":\"https:\\\/\\\/www.credimex.ch\\\/de\\\/#organization\"},\"potentialAction\":[{\"@type\":\"SearchAction\",\"target\":{\"@type\":\"EntryPoint\",\"urlTemplate\":\"https:\\\/\\\/www.credimex.ch\\\/de\\\/?s={search_term_string}\"},\"query-input\":{\"@type\":\"PropertyValueSpecification\",\"valueRequired\":true,\"valueName\":\"search_term_string\"}}],\"inLanguage\":\"de\"},{\"@type\":\"Organization\",\"@id\":\"https:\\\/\\\/www.credimex.ch\\\/de\\\/#organization\",\"name\":\"credimex\",\"url\":\"https:\\\/\\\/www.credimex.ch\\\/de\\\/\",\"logo\":{\"@type\":\"ImageObject\",\"inLanguage\":\"de\",\"@id\":\"https:\\\/\\\/www.credimex.ch\\\/de\\\/#\\\/schema\\\/logo\\\/image\\\/\",\"url\":\"https:\\\/\\\/www.credimex.ch\\\/wp-content\\\/uploads\\\/2022\\\/03\\\/cropped-logo-credimex.png\",\"contentUrl\":\"https:\\\/\\\/www.credimex.ch\\\/wp-content\\\/uploads\\\/2022\\\/03\\\/cropped-logo-credimex.png\",\"width\":512,\"height\":512,\"caption\":\"credimex\"},\"image\":{\"@id\":\"https:\\\/\\\/www.credimex.ch\\\/de\\\/#\\\/schema\\\/logo\\\/image\\\/\"},\"sameAs\":[\"https:\\\/\\\/www.facebook.com\\\/credimex.alpnach\\\/\",\"https:\\\/\\\/www.linkedin.com\\\/company\\\/credimex\\\/\",\"https:\\\/\\\/www.youtube.com\\\/@CREDIMEX?sub_confirmation=1\"]}]}<\/script>\n<!-- \/ Yoast SEO Premium plugin. -->","yoast_head_json":{"title":"JAX Pyroplatte FGN-2 180 kg - CREDIMEX","description":"JAX Pyro Plate FGN-2 ist ein synthetisches Hochtemperaturfett, das 100 % hochviskose synthetische Grund\u00f6le mit einem bew\u00e4hrten Hochtemperaturverdicker kombiniert, um eine herausragende Leistung in anspruchsvollen Anwendungen mit hoher Belastung und seltener Nachschmierung zu gew\u00e4hrleisten.","robots":{"index":"index","follow":"follow","max-snippet":"max-snippet:-1","max-image-preview":"max-image-preview:large","max-video-preview":"max-video-preview:-1"},"canonical":"https:\/\/www.credimex.ch\/de\/produkt\/jax-pyro-plate\/","og_locale":"de_DE","og_type":"article","og_title":"JAX Pyroplatte FGN-2 180 kg","og_description":"JAX Pyro Plate FGN-2 ist ein synthetisches Hochtemperaturfett, das 100 % hochviskose synthetische Grund\u00f6le mit einem bew\u00e4hrten Hochtemperaturverdicker kombiniert, um eine herausragende Leistung in anspruchsvollen Anwendungen mit hoher Belastung und seltener Nachschmierung zu gew\u00e4hrleisten.","og_url":"https:\/\/www.credimex.ch\/de\/produkt\/jax-pyro-plate\/","og_site_name":"CREDIMEX","article_publisher":"https:\/\/www.facebook.com\/credimex.alpnach\/","article_modified_time":"2023-02-22T10:06:35+00:00","og_image":[{"width":800,"height":800,"url":"https:\/\/www.credimex.ch\/wp-content\/uploads\/2022\/05\/JAX-Pyro-Plate-FGN-2.png","type":"image\/png"}],"twitter_card":"summary_large_image","twitter_misc":{"Gesch\u00e4tzte Lesezeit":"1\u00a0Minute"},"schema":{"@context":"https:\/\/schema.org","@graph":[{"@type":"WebPage","@id":"https:\/\/www.credimex.ch\/de\/produkt\/jax-pyro-plate\/","url":"https:\/\/www.credimex.ch\/de\/produkt\/jax-pyro-plate\/","name":"JAX Pyroplatte FGN-2 180 kg - CREDIMEX","isPartOf":{"@id":"https:\/\/www.credimex.ch\/de\/#website"},"primaryImageOfPage":{"@id":"https:\/\/www.credimex.ch\/de\/produkt\/jax-pyro-plate\/#primaryimage"},"image":{"@id":"https:\/\/www.credimex.ch\/de\/produkt\/jax-pyro-plate\/#primaryimage"},"thumbnailUrl":"https:\/\/www.credimex.ch\/wp-content\/uploads\/2022\/05\/JAX-Pyro-Plate-FGN-2.png","datePublished":"2022-05-17T09:47:59+00:00","dateModified":"2023-02-22T10:06:35+00:00","description":"JAX Pyro Plate FGN-2 ist ein synthetisches Hochtemperaturfett, das 100 % hochviskose synthetische Grund\u00f6le mit einem bew\u00e4hrten Hochtemperaturverdicker kombiniert, um eine herausragende Leistung in anspruchsvollen Anwendungen mit hoher Belastung und seltener Nachschmierung zu gew\u00e4hrleisten.","breadcrumb":{"@id":"https:\/\/www.credimex.ch\/de\/produkt\/jax-pyro-plate\/#breadcrumb"},"inLanguage":"de","potentialAction":[{"@type":"ReadAction","target":["https:\/\/www.credimex.ch\/de\/produkt\/jax-pyro-plate\/"]}]},{"@type":"ImageObject","inLanguage":"de","@id":"https:\/\/www.credimex.ch\/de\/produkt\/jax-pyro-plate\/#primaryimage","url":"https:\/\/www.credimex.ch\/wp-content\/uploads\/2022\/05\/JAX-Pyro-Plate-FGN-2.png","contentUrl":"https:\/\/www.credimex.ch\/wp-content\/uploads\/2022\/05\/JAX-Pyro-Plate-FGN-2.png","width":800,"height":800},{"@type":"BreadcrumbList","@id":"https:\/\/www.credimex.ch\/de\/produkt\/jax-pyro-plate\/#breadcrumb","itemListElement":[{"@type":"ListItem","position":1,"name":"Home","item":"https:\/\/www.credimex.ch\/de\/"},{"@type":"ListItem","position":2,"name":"Produkte","item":"https:\/\/www.credimex.ch\/de\/produkte\/"},{"@type":"ListItem","position":3,"name":"JAX Pyroplatte FGN-2 180 kg"}]},{"@type":"WebSite","@id":"https:\/\/www.credimex.ch\/de\/#website","url":"https:\/\/www.credimex.ch\/de\/","name":"CREDIMEX","description":"Partner of Swiss Industrial Market","publisher":{"@id":"https:\/\/www.credimex.ch\/de\/#organization"},"potentialAction":[{"@type":"SearchAction","target":{"@type":"EntryPoint","urlTemplate":"https:\/\/www.credimex.ch\/de\/?s={search_term_string}"},"query-input":{"@type":"PropertyValueSpecification","valueRequired":true,"valueName":"search_term_string"}}],"inLanguage":"de"},{"@type":"Organization","@id":"https:\/\/www.credimex.ch\/de\/#organization","name":"credimex","url":"https:\/\/www.credimex.ch\/de\/","logo":{"@type":"ImageObject","inLanguage":"de","@id":"https:\/\/www.credimex.ch\/de\/#\/schema\/logo\/image\/","url":"https:\/\/www.credimex.ch\/wp-content\/uploads\/2022\/03\/cropped-logo-credimex.png","contentUrl":"https:\/\/www.credimex.ch\/wp-content\/uploads\/2022\/03\/cropped-logo-credimex.png","width":512,"height":512,"caption":"credimex"},"image":{"@id":"https:\/\/www.credimex.ch\/de\/#\/schema\/logo\/image\/"},"sameAs":["https:\/\/www.facebook.com\/credimex.alpnach\/","https:\/\/www.linkedin.com\/company\/credimex\/","https:\/\/www.youtube.com\/@CREDIMEX?sub_confirmation=1"]}]}},"_links":{"self":[{"href":"https:\/\/www.credimex.ch\/de\/wp-json\/wp\/v2\/product\/4164","targetHints":{"allow":["GET"]}}],"collection":[{"href":"https:\/\/www.credimex.ch\/de\/wp-json\/wp\/v2\/product"}],"about":[{"href":"https:\/\/www.credimex.ch\/de\/wp-json\/wp\/v2\/types\/product"}],"replies":[{"embeddable":true,"href":"https:\/\/www.credimex.ch\/de\/wp-json\/wp\/v2\/comments?post=4164"}],"wp:featuredmedia":[{"embeddable":true,"href":"https:\/\/www.credimex.ch\/de\/wp-json\/wp\/v2\/media\/2937"}],"wp:attachment":[{"href":"https:\/\/www.credimex.ch\/de\/wp-json\/wp\/v2\/media?parent=4164"}],"wp:term":[{"taxonomy":"product_brand","embeddable":true,"href":"https:\/\/www.credimex.ch\/de\/wp-json\/wp\/v2\/product_brand?post=4164"},{"taxonomy":"product_cat","embeddable":true,"href":"https:\/\/www.credimex.ch\/de\/wp-json\/wp\/v2\/product_cat?post=4164"},{"taxonomy":"product_tag","embeddable":true,"href":"https:\/\/www.credimex.ch\/de\/wp-json\/wp\/v2\/product_tag?post=4164"}],"curies":[{"name":"wp","href":"https:\/\/api.w.org\/{rel}","templated":true}]}}