{"id":4166,"date":"2022-06-07T09:36:32","date_gmt":"2022-06-07T07:36:32","guid":{"rendered":"https:\/\/www.credimex.ch.mialias.net\/product\/dowsil-340\/"},"modified":"2023-01-03T17:25:31","modified_gmt":"2023-01-03T16:25:31","slug":"dowsil-340","status":"publish","type":"product","link":"https:\/\/www.credimex.ch\/de\/produkt\/dowsil-340\/","title":{"rendered":"DOWSIL 340"},"content":{"rendered":"<h2>Beschreibung<\/h2>\n<p>Dowsil 340 K\u00fchlk\u00f6rper-W\u00e4rmeleitpaste ist eine nicht aush\u00e4rtende Silikonmasse, die eine langfristige W\u00e4rmebr\u00fccke zwischen Leistungskomponenten und K\u00fchlk\u00f6rpern bildet. Dieses Produkt ist online in verschiedenen Gr\u00f6ssen erh\u00e4ltlich.<\/p>\n<h2>Produktvorteile<\/h2>\n<ul>\n<li>Hohe W\u00e4rmeleitf\u00e4higkeit<\/li>\n<li>Geringe Blutung<\/li>\n<li>Non-sag<\/li>\n<\/ul>\n<h2>Anwendungen<\/h2>\n<p>Entwickelt, um eine langfristige W\u00e4rmebr\u00fccke zwischen Leistungskomponenten und K\u00fchlk\u00f6rpern zu schaffen. Typische Anwendungen sind: thermische Verbindung von Transistoren und Thyristoren mit K\u00fchlk\u00f6rpern.<\/p>\n","protected":false},"excerpt":{"rendered":"<p><strong>DOWSIL 340<\/strong> ist eine w\u00e4rmeleitende Verbindung auf Silikonbasis, die eine thermische Kopplung von elektrischen und elektronischen Ger\u00e4ten mit K\u00fchlk\u00f6rpern erm\u00f6glicht.<\/p>\n","protected":false},"featured_media":3103,"comment_status":"open","ping_status":"closed","template":"","meta":{"_acf_changed":false},"product_brand":[],"product_cat":[369,351,419,512,380,379,417,390,418,436,435],"product_tag":[],"class_list":{"0":"post-4166","1":"product","2":"type-product","3":"status-publish","4":"has-post-thumbnail","6":"product_cat-allgemeine-industrie","7":"product_cat-automobilindustrie","8":"product_cat-batterien","9":"product_cat-dowsil","10":"product_cat-e-mobilitat","11":"product_cat-eisenbahn","12":"product_cat-elektronik","13":"product_cat-energie","14":"product_cat-seilbahnen","15":"product_cat-silikon-verguss","16":"product_cat-vergussmassen","17":"pa_brands-dowsil-de","19":"first","20":"instock","21":"shipping-taxable","22":"product-type-simple"},"acf":[],"_yoast_wpseo_focuskw":"Dowsil 340","_yoast_wpseo_metadesc":"DOWSIL 340 ist eine w\u00e4rmeleitende Verbindung auf Silikonbasis, die eine thermische Kopplung von elektrischen und elektronischen Ger\u00e4ten mit K\u00fchlk\u00f6rpern erm\u00f6glicht.","yoast_head":"<!-- This site is optimized with the Yoast SEO Premium plugin v21.6 (Yoast SEO v27.4) - https:\/\/yoast.com\/product\/yoast-seo-premium-wordpress\/ -->\n<title>DOWSIL 340 - CREDIMEX<\/title>\n<meta name=\"description\" content=\"DOWSIL 340 ist eine w\u00e4rmeleitende Verbindung auf Silikonbasis, die eine thermische Kopplung von elektrischen und elektronischen Ger\u00e4ten mit K\u00fchlk\u00f6rpern erm\u00f6glicht.\" \/>\n<meta name=\"robots\" content=\"index, follow, max-snippet:-1, max-image-preview:large, max-video-preview:-1\" \/>\n<link rel=\"canonical\" href=\"https:\/\/www.credimex.ch\/de\/produkt\/dowsil-340\/\" \/>\n<meta property=\"og:locale\" content=\"de_DE\" \/>\n<meta property=\"og:type\" content=\"article\" \/>\n<meta property=\"og:title\" content=\"DOWSIL 340\" \/>\n<meta property=\"og:description\" content=\"DOWSIL 340 ist eine w\u00e4rmeleitende Verbindung auf Silikonbasis, die eine thermische Kopplung von elektrischen und elektronischen Ger\u00e4ten mit K\u00fchlk\u00f6rpern erm\u00f6glicht.\" \/>\n<meta property=\"og:url\" content=\"https:\/\/www.credimex.ch\/de\/produkt\/dowsil-340\/\" \/>\n<meta property=\"og:site_name\" content=\"CREDIMEX\" \/>\n<meta property=\"article:publisher\" content=\"https:\/\/www.facebook.com\/credimex.alpnach\/\" \/>\n<meta property=\"article:modified_time\" content=\"2023-01-03T16:25:31+00:00\" \/>\n<meta property=\"og:image\" content=\"https:\/\/www.credimex.ch\/wp-content\/uploads\/2022\/06\/dow7160340b.jpeg\" \/>\n\t<meta property=\"og:image:width\" content=\"854\" \/>\n\t<meta property=\"og:image:height\" content=\"854\" \/>\n\t<meta property=\"og:image:type\" content=\"image\/jpeg\" \/>\n<meta name=\"twitter:card\" content=\"summary_large_image\" \/>\n<script type=\"application\/ld+json\" class=\"yoast-schema-graph\">{\"@context\":\"https:\\\/\\\/schema.org\",\"@graph\":[{\"@type\":\"WebPage\",\"@id\":\"https:\\\/\\\/www.credimex.ch\\\/de\\\/produkt\\\/dowsil-340\\\/\",\"url\":\"https:\\\/\\\/www.credimex.ch\\\/de\\\/produkt\\\/dowsil-340\\\/\",\"name\":\"DOWSIL 340 - CREDIMEX\",\"isPartOf\":{\"@id\":\"https:\\\/\\\/www.credimex.ch\\\/de\\\/#website\"},\"primaryImageOfPage\":{\"@id\":\"https:\\\/\\\/www.credimex.ch\\\/de\\\/produkt\\\/dowsil-340\\\/#primaryimage\"},\"image\":{\"@id\":\"https:\\\/\\\/www.credimex.ch\\\/de\\\/produkt\\\/dowsil-340\\\/#primaryimage\"},\"thumbnailUrl\":\"https:\\\/\\\/www.credimex.ch\\\/wp-content\\\/uploads\\\/2022\\\/06\\\/dow7160340b.jpeg\",\"datePublished\":\"2022-06-07T07:36:32+00:00\",\"dateModified\":\"2023-01-03T16:25:31+00:00\",\"description\":\"DOWSIL 340 ist eine w\u00e4rmeleitende Verbindung auf Silikonbasis, die eine thermische Kopplung von elektrischen und elektronischen Ger\u00e4ten mit K\u00fchlk\u00f6rpern erm\u00f6glicht.\",\"breadcrumb\":{\"@id\":\"https:\\\/\\\/www.credimex.ch\\\/de\\\/produkt\\\/dowsil-340\\\/#breadcrumb\"},\"inLanguage\":\"de\",\"potentialAction\":[{\"@type\":\"ReadAction\",\"target\":[\"https:\\\/\\\/www.credimex.ch\\\/de\\\/produkt\\\/dowsil-340\\\/\"]}]},{\"@type\":\"ImageObject\",\"inLanguage\":\"de\",\"@id\":\"https:\\\/\\\/www.credimex.ch\\\/de\\\/produkt\\\/dowsil-340\\\/#primaryimage\",\"url\":\"https:\\\/\\\/www.credimex.ch\\\/wp-content\\\/uploads\\\/2022\\\/06\\\/dow7160340b.jpeg\",\"contentUrl\":\"https:\\\/\\\/www.credimex.ch\\\/wp-content\\\/uploads\\\/2022\\\/06\\\/dow7160340b.jpeg\",\"width\":854,\"height\":854},{\"@type\":\"BreadcrumbList\",\"@id\":\"https:\\\/\\\/www.credimex.ch\\\/de\\\/produkt\\\/dowsil-340\\\/#breadcrumb\",\"itemListElement\":[{\"@type\":\"ListItem\",\"position\":1,\"name\":\"Home\",\"item\":\"https:\\\/\\\/www.credimex.ch\\\/de\\\/\"},{\"@type\":\"ListItem\",\"position\":2,\"name\":\"Produkte\",\"item\":\"https:\\\/\\\/www.credimex.ch\\\/de\\\/produkte\\\/\"},{\"@type\":\"ListItem\",\"position\":3,\"name\":\"DOWSIL 340\"}]},{\"@type\":\"WebSite\",\"@id\":\"https:\\\/\\\/www.credimex.ch\\\/de\\\/#website\",\"url\":\"https:\\\/\\\/www.credimex.ch\\\/de\\\/\",\"name\":\"CREDIMEX\",\"description\":\"Partner of Swiss Industrial Market\",\"publisher\":{\"@id\":\"https:\\\/\\\/www.credimex.ch\\\/de\\\/#organization\"},\"potentialAction\":[{\"@type\":\"SearchAction\",\"target\":{\"@type\":\"EntryPoint\",\"urlTemplate\":\"https:\\\/\\\/www.credimex.ch\\\/de\\\/?s={search_term_string}\"},\"query-input\":{\"@type\":\"PropertyValueSpecification\",\"valueRequired\":true,\"valueName\":\"search_term_string\"}}],\"inLanguage\":\"de\"},{\"@type\":\"Organization\",\"@id\":\"https:\\\/\\\/www.credimex.ch\\\/de\\\/#organization\",\"name\":\"credimex\",\"url\":\"https:\\\/\\\/www.credimex.ch\\\/de\\\/\",\"logo\":{\"@type\":\"ImageObject\",\"inLanguage\":\"de\",\"@id\":\"https:\\\/\\\/www.credimex.ch\\\/de\\\/#\\\/schema\\\/logo\\\/image\\\/\",\"url\":\"https:\\\/\\\/www.credimex.ch\\\/wp-content\\\/uploads\\\/2022\\\/03\\\/cropped-logo-credimex.png\",\"contentUrl\":\"https:\\\/\\\/www.credimex.ch\\\/wp-content\\\/uploads\\\/2022\\\/03\\\/cropped-logo-credimex.png\",\"width\":512,\"height\":512,\"caption\":\"credimex\"},\"image\":{\"@id\":\"https:\\\/\\\/www.credimex.ch\\\/de\\\/#\\\/schema\\\/logo\\\/image\\\/\"},\"sameAs\":[\"https:\\\/\\\/www.facebook.com\\\/credimex.alpnach\\\/\",\"https:\\\/\\\/www.linkedin.com\\\/company\\\/credimex\\\/\",\"https:\\\/\\\/www.youtube.com\\\/@CREDIMEX?sub_confirmation=1\"]}]}<\/script>\n<!-- \/ Yoast SEO Premium plugin. -->","yoast_head_json":{"title":"DOWSIL 340 - CREDIMEX","description":"DOWSIL 340 ist eine w\u00e4rmeleitende Verbindung auf Silikonbasis, die eine thermische Kopplung von elektrischen und elektronischen Ger\u00e4ten mit K\u00fchlk\u00f6rpern erm\u00f6glicht.","robots":{"index":"index","follow":"follow","max-snippet":"max-snippet:-1","max-image-preview":"max-image-preview:large","max-video-preview":"max-video-preview:-1"},"canonical":"https:\/\/www.credimex.ch\/de\/produkt\/dowsil-340\/","og_locale":"de_DE","og_type":"article","og_title":"DOWSIL 340","og_description":"DOWSIL 340 ist eine w\u00e4rmeleitende Verbindung auf Silikonbasis, die eine thermische Kopplung von elektrischen und elektronischen Ger\u00e4ten mit K\u00fchlk\u00f6rpern erm\u00f6glicht.","og_url":"https:\/\/www.credimex.ch\/de\/produkt\/dowsil-340\/","og_site_name":"CREDIMEX","article_publisher":"https:\/\/www.facebook.com\/credimex.alpnach\/","article_modified_time":"2023-01-03T16:25:31+00:00","og_image":[{"width":854,"height":854,"url":"https:\/\/www.credimex.ch\/wp-content\/uploads\/2022\/06\/dow7160340b.jpeg","type":"image\/jpeg"}],"twitter_card":"summary_large_image","schema":{"@context":"https:\/\/schema.org","@graph":[{"@type":"WebPage","@id":"https:\/\/www.credimex.ch\/de\/produkt\/dowsil-340\/","url":"https:\/\/www.credimex.ch\/de\/produkt\/dowsil-340\/","name":"DOWSIL 340 - CREDIMEX","isPartOf":{"@id":"https:\/\/www.credimex.ch\/de\/#website"},"primaryImageOfPage":{"@id":"https:\/\/www.credimex.ch\/de\/produkt\/dowsil-340\/#primaryimage"},"image":{"@id":"https:\/\/www.credimex.ch\/de\/produkt\/dowsil-340\/#primaryimage"},"thumbnailUrl":"https:\/\/www.credimex.ch\/wp-content\/uploads\/2022\/06\/dow7160340b.jpeg","datePublished":"2022-06-07T07:36:32+00:00","dateModified":"2023-01-03T16:25:31+00:00","description":"DOWSIL 340 ist eine w\u00e4rmeleitende Verbindung auf Silikonbasis, die eine thermische Kopplung von elektrischen und elektronischen Ger\u00e4ten mit K\u00fchlk\u00f6rpern erm\u00f6glicht.","breadcrumb":{"@id":"https:\/\/www.credimex.ch\/de\/produkt\/dowsil-340\/#breadcrumb"},"inLanguage":"de","potentialAction":[{"@type":"ReadAction","target":["https:\/\/www.credimex.ch\/de\/produkt\/dowsil-340\/"]}]},{"@type":"ImageObject","inLanguage":"de","@id":"https:\/\/www.credimex.ch\/de\/produkt\/dowsil-340\/#primaryimage","url":"https:\/\/www.credimex.ch\/wp-content\/uploads\/2022\/06\/dow7160340b.jpeg","contentUrl":"https:\/\/www.credimex.ch\/wp-content\/uploads\/2022\/06\/dow7160340b.jpeg","width":854,"height":854},{"@type":"BreadcrumbList","@id":"https:\/\/www.credimex.ch\/de\/produkt\/dowsil-340\/#breadcrumb","itemListElement":[{"@type":"ListItem","position":1,"name":"Home","item":"https:\/\/www.credimex.ch\/de\/"},{"@type":"ListItem","position":2,"name":"Produkte","item":"https:\/\/www.credimex.ch\/de\/produkte\/"},{"@type":"ListItem","position":3,"name":"DOWSIL 340"}]},{"@type":"WebSite","@id":"https:\/\/www.credimex.ch\/de\/#website","url":"https:\/\/www.credimex.ch\/de\/","name":"CREDIMEX","description":"Partner of Swiss Industrial Market","publisher":{"@id":"https:\/\/www.credimex.ch\/de\/#organization"},"potentialAction":[{"@type":"SearchAction","target":{"@type":"EntryPoint","urlTemplate":"https:\/\/www.credimex.ch\/de\/?s={search_term_string}"},"query-input":{"@type":"PropertyValueSpecification","valueRequired":true,"valueName":"search_term_string"}}],"inLanguage":"de"},{"@type":"Organization","@id":"https:\/\/www.credimex.ch\/de\/#organization","name":"credimex","url":"https:\/\/www.credimex.ch\/de\/","logo":{"@type":"ImageObject","inLanguage":"de","@id":"https:\/\/www.credimex.ch\/de\/#\/schema\/logo\/image\/","url":"https:\/\/www.credimex.ch\/wp-content\/uploads\/2022\/03\/cropped-logo-credimex.png","contentUrl":"https:\/\/www.credimex.ch\/wp-content\/uploads\/2022\/03\/cropped-logo-credimex.png","width":512,"height":512,"caption":"credimex"},"image":{"@id":"https:\/\/www.credimex.ch\/de\/#\/schema\/logo\/image\/"},"sameAs":["https:\/\/www.facebook.com\/credimex.alpnach\/","https:\/\/www.linkedin.com\/company\/credimex\/","https:\/\/www.youtube.com\/@CREDIMEX?sub_confirmation=1"]}]}},"_links":{"self":[{"href":"https:\/\/www.credimex.ch\/de\/wp-json\/wp\/v2\/product\/4166","targetHints":{"allow":["GET"]}}],"collection":[{"href":"https:\/\/www.credimex.ch\/de\/wp-json\/wp\/v2\/product"}],"about":[{"href":"https:\/\/www.credimex.ch\/de\/wp-json\/wp\/v2\/types\/product"}],"replies":[{"embeddable":true,"href":"https:\/\/www.credimex.ch\/de\/wp-json\/wp\/v2\/comments?post=4166"}],"wp:featuredmedia":[{"embeddable":true,"href":"https:\/\/www.credimex.ch\/de\/wp-json\/wp\/v2\/media\/3103"}],"wp:attachment":[{"href":"https:\/\/www.credimex.ch\/de\/wp-json\/wp\/v2\/media?parent=4166"}],"wp:term":[{"taxonomy":"product_brand","embeddable":true,"href":"https:\/\/www.credimex.ch\/de\/wp-json\/wp\/v2\/product_brand?post=4166"},{"taxonomy":"product_cat","embeddable":true,"href":"https:\/\/www.credimex.ch\/de\/wp-json\/wp\/v2\/product_cat?post=4166"},{"taxonomy":"product_tag","embeddable":true,"href":"https:\/\/www.credimex.ch\/de\/wp-json\/wp\/v2\/product_tag?post=4166"}],"curies":[{"name":"wp","href":"https:\/\/api.w.org\/{rel}","templated":true}]}}