{"id":4170,"date":"2022-06-03T11:40:16","date_gmt":"2022-06-03T09:40:16","guid":{"rendered":"https:\/\/www.credimex.ch.mialias.net\/product\/dowsil-184-sylgard\/"},"modified":"2023-02-21T13:51:54","modified_gmt":"2023-02-21T12:51:54","slug":"dowsil-184-sylgard","status":"publish","type":"product","link":"https:\/\/www.credimex.ch\/de\/produkt\/dowsil-184-sylgard\/","title":{"rendered":"DOWSIL 184 Sylgard"},"content":{"rendered":"<h2>Beschreibung<\/h2>\n<p>Dowsil 184 Sylgard Silicone wird als zweiteiliges Fl\u00fcssigkomponenten-Kit geliefert. Es ist transparent und hat eine gute Flammbest\u00e4ndigkeit. Wenn die fl\u00fcssigen Komponenten gr\u00fcndlich vermischt werden, h\u00e4rtet die Mischung zu einem flexiblen Elastomer aus, das sich gut f\u00fcr den Schutz von elektrischen\/elektronischen Anwendungen eignet. Dowsil-Silikonvergussmassen h\u00e4rten ohne Exothermie mit einer konstanten Geschwindigkeit aus, unabh\u00e4ngig von der Querschnittsdicke oder dem Grad des Einschlusses. Es erfordert keine Nachh\u00e4rtung und kann sofort nach Abschluss des Aush\u00e4rtungsplans in Betrieb genommen werden.<\/p>\n<p>Standard-Silikon-Vergussmassen erfordern zus\u00e4tzlich zu einer guten Reinigung eine Oberfl\u00e4chenbehandlung mit einem Primer, w\u00e4hrend primerlose Silikon-Vergussmassen nur eine gute Reinigung erfordern.<\/p>\n<h2>Produktvorteile<\/h2>\n<ul>\n<li>Fliessf\u00e4hig<\/li>\n<li>Raumtemperatur und W\u00e4rmeh\u00e4rtung<\/li>\n<li>Gute dielektrische Eigenschaften<\/li>\n<li>Schnelle, vielseitige, temperaturgesteuerte Aush\u00e4rtungsprozesse<\/li>\n<li>Hohe Transparenz erm\u00f6glicht eine einfache Inspektion der Komponenten<br \/>\n<h2>Anwendung<\/h2>\n<\/li>\n<li>Allgemeine Vergussanwendungen<\/li>\n<li>Stromversorgungen<\/li>\n<li>Steckverbinder<\/li>\n<li>Sensoren<\/li>\n<li>Industrielle Kontrollen<\/li>\n<li>Transformatoren<\/li>\n<li>Verst\u00e4rker<\/li>\n<li>Hochspannungs-Widerstandspakete<\/li>\n<li>Relais<\/li>\n<li>Klebstoff\/Einkapselungsmaterial f\u00fcr Solarzellen<\/li>\n<li>Klebstoffhandhabung bei der Bearbeitung von integrierten Schaltungen mit Strahlenleitern<\/li>\n<\/ul>\n","protected":false},"excerpt":{"rendered":"<p><strong>Dowsil 184 Sylgard<\/strong> Silicon-Vergussmasse h\u00e4rtet ohne Exothermie mit einer konstanten Geschwindigkeit aus, unabh\u00e4ngig von der Querschnittsdicke oder dem Grad der Einschliessung.<\/p>\n","protected":false},"featured_media":3099,"comment_status":"open","ping_status":"closed","template":"","meta":{"_acf_changed":false},"product_brand":[],"product_cat":[369,351,419,512,380,379,417,390,457,418,530],"product_tag":[],"class_list":{"0":"post-4170","1":"product","2":"type-product","3":"status-publish","4":"has-post-thumbnail","6":"product_cat-allgemeine-industrie","7":"product_cat-automobilindustrie","8":"product_cat-batterien","9":"product_cat-dowsil","10":"product_cat-e-mobilitat","11":"product_cat-eisenbahn","12":"product_cat-elektronik","13":"product_cat-energie","14":"product_cat-klebstoffe-und-dichtungsmittel","15":"product_cat-seilbahnen","16":"product_cat-silikon-klebstoffe","17":"pa_brands-dowsil-de","19":"first","20":"instock","21":"shipping-taxable","22":"product-type-simple"},"acf":[],"_yoast_wpseo_focuskw":"Dowsil 184 Sylgard","_yoast_wpseo_metadesc":"Dowsil 184 Sylgard Silicon-Vergussmasse h\u00e4rtet ohne Exothermie mit einer konstanten Geschwindigkeit aus, unabh\u00e4ngig von der Querschnittsdicke oder dem Grad der Einschliessung.","yoast_head":"<!-- This site is optimized with the Yoast SEO Premium plugin v21.6 (Yoast SEO v27.4) - https:\/\/yoast.com\/product\/yoast-seo-premium-wordpress\/ -->\n<title>DOWSIL 184 Sylgard - CREDIMEX<\/title>\n<meta name=\"description\" content=\"Dowsil 184 Sylgard Silicon-Vergussmasse h\u00e4rtet ohne Exothermie mit einer konstanten Geschwindigkeit aus, unabh\u00e4ngig von der Querschnittsdicke oder dem Grad der Einschliessung.\" \/>\n<meta name=\"robots\" content=\"index, follow, max-snippet:-1, max-image-preview:large, max-video-preview:-1\" \/>\n<link rel=\"canonical\" href=\"https:\/\/www.credimex.ch\/de\/produkt\/dowsil-184-sylgard\/\" \/>\n<meta property=\"og:locale\" content=\"de_DE\" \/>\n<meta property=\"og:type\" content=\"article\" \/>\n<meta property=\"og:title\" content=\"DOWSIL 184 Sylgard\" \/>\n<meta property=\"og:description\" content=\"Dowsil 184 Sylgard Silicon-Vergussmasse h\u00e4rtet ohne Exothermie mit einer konstanten Geschwindigkeit aus, unabh\u00e4ngig von der Querschnittsdicke oder dem Grad der Einschliessung.\" \/>\n<meta property=\"og:url\" content=\"https:\/\/www.credimex.ch\/de\/produkt\/dowsil-184-sylgard\/\" \/>\n<meta property=\"og:site_name\" content=\"CREDIMEX\" \/>\n<meta property=\"article:publisher\" content=\"https:\/\/www.facebook.com\/credimex.alpnach\/\" \/>\n<meta property=\"article:modified_time\" content=\"2023-02-21T12:51:54+00:00\" \/>\n<meta property=\"og:image\" content=\"https:\/\/www.credimex.ch\/wp-content\/uploads\/2022\/06\/credimex-8.png\" \/>\n\t<meta property=\"og:image:width\" content=\"800\" \/>\n\t<meta property=\"og:image:height\" content=\"800\" \/>\n\t<meta property=\"og:image:type\" content=\"image\/png\" \/>\n<meta name=\"twitter:card\" content=\"summary_large_image\" \/>\n<meta name=\"twitter:label1\" content=\"Gesch\u00e4tzte Lesezeit\" \/>\n\t<meta name=\"twitter:data1\" content=\"1\u00a0Minute\" \/>\n<script type=\"application\/ld+json\" class=\"yoast-schema-graph\">{\"@context\":\"https:\\\/\\\/schema.org\",\"@graph\":[{\"@type\":\"WebPage\",\"@id\":\"https:\\\/\\\/www.credimex.ch\\\/de\\\/produkt\\\/dowsil-184-sylgard\\\/\",\"url\":\"https:\\\/\\\/www.credimex.ch\\\/de\\\/produkt\\\/dowsil-184-sylgard\\\/\",\"name\":\"DOWSIL 184 Sylgard - CREDIMEX\",\"isPartOf\":{\"@id\":\"https:\\\/\\\/www.credimex.ch\\\/de\\\/#website\"},\"primaryImageOfPage\":{\"@id\":\"https:\\\/\\\/www.credimex.ch\\\/de\\\/produkt\\\/dowsil-184-sylgard\\\/#primaryimage\"},\"image\":{\"@id\":\"https:\\\/\\\/www.credimex.ch\\\/de\\\/produkt\\\/dowsil-184-sylgard\\\/#primaryimage\"},\"thumbnailUrl\":\"https:\\\/\\\/www.credimex.ch\\\/wp-content\\\/uploads\\\/2022\\\/06\\\/credimex-8.png\",\"datePublished\":\"2022-06-03T09:40:16+00:00\",\"dateModified\":\"2023-02-21T12:51:54+00:00\",\"description\":\"Dowsil 184 Sylgard Silicon-Vergussmasse h\u00e4rtet ohne Exothermie mit einer konstanten Geschwindigkeit aus, unabh\u00e4ngig von der Querschnittsdicke oder dem Grad der Einschliessung.\",\"breadcrumb\":{\"@id\":\"https:\\\/\\\/www.credimex.ch\\\/de\\\/produkt\\\/dowsil-184-sylgard\\\/#breadcrumb\"},\"inLanguage\":\"de\",\"potentialAction\":[{\"@type\":\"ReadAction\",\"target\":[\"https:\\\/\\\/www.credimex.ch\\\/de\\\/produkt\\\/dowsil-184-sylgard\\\/\"]}]},{\"@type\":\"ImageObject\",\"inLanguage\":\"de\",\"@id\":\"https:\\\/\\\/www.credimex.ch\\\/de\\\/produkt\\\/dowsil-184-sylgard\\\/#primaryimage\",\"url\":\"https:\\\/\\\/www.credimex.ch\\\/wp-content\\\/uploads\\\/2022\\\/06\\\/credimex-8.png\",\"contentUrl\":\"https:\\\/\\\/www.credimex.ch\\\/wp-content\\\/uploads\\\/2022\\\/06\\\/credimex-8.png\",\"width\":800,\"height\":800},{\"@type\":\"BreadcrumbList\",\"@id\":\"https:\\\/\\\/www.credimex.ch\\\/de\\\/produkt\\\/dowsil-184-sylgard\\\/#breadcrumb\",\"itemListElement\":[{\"@type\":\"ListItem\",\"position\":1,\"name\":\"Home\",\"item\":\"https:\\\/\\\/www.credimex.ch\\\/de\\\/\"},{\"@type\":\"ListItem\",\"position\":2,\"name\":\"Produkte\",\"item\":\"https:\\\/\\\/www.credimex.ch\\\/de\\\/produkte\\\/\"},{\"@type\":\"ListItem\",\"position\":3,\"name\":\"DOWSIL 184 Sylgard\"}]},{\"@type\":\"WebSite\",\"@id\":\"https:\\\/\\\/www.credimex.ch\\\/de\\\/#website\",\"url\":\"https:\\\/\\\/www.credimex.ch\\\/de\\\/\",\"name\":\"CREDIMEX\",\"description\":\"Partner of Swiss Industrial Market\",\"publisher\":{\"@id\":\"https:\\\/\\\/www.credimex.ch\\\/de\\\/#organization\"},\"potentialAction\":[{\"@type\":\"SearchAction\",\"target\":{\"@type\":\"EntryPoint\",\"urlTemplate\":\"https:\\\/\\\/www.credimex.ch\\\/de\\\/?s={search_term_string}\"},\"query-input\":{\"@type\":\"PropertyValueSpecification\",\"valueRequired\":true,\"valueName\":\"search_term_string\"}}],\"inLanguage\":\"de\"},{\"@type\":\"Organization\",\"@id\":\"https:\\\/\\\/www.credimex.ch\\\/de\\\/#organization\",\"name\":\"credimex\",\"url\":\"https:\\\/\\\/www.credimex.ch\\\/de\\\/\",\"logo\":{\"@type\":\"ImageObject\",\"inLanguage\":\"de\",\"@id\":\"https:\\\/\\\/www.credimex.ch\\\/de\\\/#\\\/schema\\\/logo\\\/image\\\/\",\"url\":\"https:\\\/\\\/www.credimex.ch\\\/wp-content\\\/uploads\\\/2022\\\/03\\\/cropped-logo-credimex.png\",\"contentUrl\":\"https:\\\/\\\/www.credimex.ch\\\/wp-content\\\/uploads\\\/2022\\\/03\\\/cropped-logo-credimex.png\",\"width\":512,\"height\":512,\"caption\":\"credimex\"},\"image\":{\"@id\":\"https:\\\/\\\/www.credimex.ch\\\/de\\\/#\\\/schema\\\/logo\\\/image\\\/\"},\"sameAs\":[\"https:\\\/\\\/www.facebook.com\\\/credimex.alpnach\\\/\",\"https:\\\/\\\/www.linkedin.com\\\/company\\\/credimex\\\/\",\"https:\\\/\\\/www.youtube.com\\\/@CREDIMEX?sub_confirmation=1\"]}]}<\/script>\n<!-- \/ Yoast SEO Premium plugin. -->","yoast_head_json":{"title":"DOWSIL 184 Sylgard - CREDIMEX","description":"Dowsil 184 Sylgard Silicon-Vergussmasse h\u00e4rtet ohne Exothermie mit einer konstanten Geschwindigkeit aus, unabh\u00e4ngig von der Querschnittsdicke oder dem Grad der Einschliessung.","robots":{"index":"index","follow":"follow","max-snippet":"max-snippet:-1","max-image-preview":"max-image-preview:large","max-video-preview":"max-video-preview:-1"},"canonical":"https:\/\/www.credimex.ch\/de\/produkt\/dowsil-184-sylgard\/","og_locale":"de_DE","og_type":"article","og_title":"DOWSIL 184 Sylgard","og_description":"Dowsil 184 Sylgard Silicon-Vergussmasse h\u00e4rtet ohne Exothermie mit einer konstanten Geschwindigkeit aus, unabh\u00e4ngig von der Querschnittsdicke oder dem Grad der Einschliessung.","og_url":"https:\/\/www.credimex.ch\/de\/produkt\/dowsil-184-sylgard\/","og_site_name":"CREDIMEX","article_publisher":"https:\/\/www.facebook.com\/credimex.alpnach\/","article_modified_time":"2023-02-21T12:51:54+00:00","og_image":[{"width":800,"height":800,"url":"https:\/\/www.credimex.ch\/wp-content\/uploads\/2022\/06\/credimex-8.png","type":"image\/png"}],"twitter_card":"summary_large_image","twitter_misc":{"Gesch\u00e4tzte Lesezeit":"1\u00a0Minute"},"schema":{"@context":"https:\/\/schema.org","@graph":[{"@type":"WebPage","@id":"https:\/\/www.credimex.ch\/de\/produkt\/dowsil-184-sylgard\/","url":"https:\/\/www.credimex.ch\/de\/produkt\/dowsil-184-sylgard\/","name":"DOWSIL 184 Sylgard - CREDIMEX","isPartOf":{"@id":"https:\/\/www.credimex.ch\/de\/#website"},"primaryImageOfPage":{"@id":"https:\/\/www.credimex.ch\/de\/produkt\/dowsil-184-sylgard\/#primaryimage"},"image":{"@id":"https:\/\/www.credimex.ch\/de\/produkt\/dowsil-184-sylgard\/#primaryimage"},"thumbnailUrl":"https:\/\/www.credimex.ch\/wp-content\/uploads\/2022\/06\/credimex-8.png","datePublished":"2022-06-03T09:40:16+00:00","dateModified":"2023-02-21T12:51:54+00:00","description":"Dowsil 184 Sylgard Silicon-Vergussmasse h\u00e4rtet ohne Exothermie mit einer konstanten Geschwindigkeit aus, unabh\u00e4ngig von der Querschnittsdicke oder dem Grad der Einschliessung.","breadcrumb":{"@id":"https:\/\/www.credimex.ch\/de\/produkt\/dowsil-184-sylgard\/#breadcrumb"},"inLanguage":"de","potentialAction":[{"@type":"ReadAction","target":["https:\/\/www.credimex.ch\/de\/produkt\/dowsil-184-sylgard\/"]}]},{"@type":"ImageObject","inLanguage":"de","@id":"https:\/\/www.credimex.ch\/de\/produkt\/dowsil-184-sylgard\/#primaryimage","url":"https:\/\/www.credimex.ch\/wp-content\/uploads\/2022\/06\/credimex-8.png","contentUrl":"https:\/\/www.credimex.ch\/wp-content\/uploads\/2022\/06\/credimex-8.png","width":800,"height":800},{"@type":"BreadcrumbList","@id":"https:\/\/www.credimex.ch\/de\/produkt\/dowsil-184-sylgard\/#breadcrumb","itemListElement":[{"@type":"ListItem","position":1,"name":"Home","item":"https:\/\/www.credimex.ch\/de\/"},{"@type":"ListItem","position":2,"name":"Produkte","item":"https:\/\/www.credimex.ch\/de\/produkte\/"},{"@type":"ListItem","position":3,"name":"DOWSIL 184 Sylgard"}]},{"@type":"WebSite","@id":"https:\/\/www.credimex.ch\/de\/#website","url":"https:\/\/www.credimex.ch\/de\/","name":"CREDIMEX","description":"Partner of Swiss Industrial Market","publisher":{"@id":"https:\/\/www.credimex.ch\/de\/#organization"},"potentialAction":[{"@type":"SearchAction","target":{"@type":"EntryPoint","urlTemplate":"https:\/\/www.credimex.ch\/de\/?s={search_term_string}"},"query-input":{"@type":"PropertyValueSpecification","valueRequired":true,"valueName":"search_term_string"}}],"inLanguage":"de"},{"@type":"Organization","@id":"https:\/\/www.credimex.ch\/de\/#organization","name":"credimex","url":"https:\/\/www.credimex.ch\/de\/","logo":{"@type":"ImageObject","inLanguage":"de","@id":"https:\/\/www.credimex.ch\/de\/#\/schema\/logo\/image\/","url":"https:\/\/www.credimex.ch\/wp-content\/uploads\/2022\/03\/cropped-logo-credimex.png","contentUrl":"https:\/\/www.credimex.ch\/wp-content\/uploads\/2022\/03\/cropped-logo-credimex.png","width":512,"height":512,"caption":"credimex"},"image":{"@id":"https:\/\/www.credimex.ch\/de\/#\/schema\/logo\/image\/"},"sameAs":["https:\/\/www.facebook.com\/credimex.alpnach\/","https:\/\/www.linkedin.com\/company\/credimex\/","https:\/\/www.youtube.com\/@CREDIMEX?sub_confirmation=1"]}]}},"_links":{"self":[{"href":"https:\/\/www.credimex.ch\/de\/wp-json\/wp\/v2\/product\/4170","targetHints":{"allow":["GET"]}}],"collection":[{"href":"https:\/\/www.credimex.ch\/de\/wp-json\/wp\/v2\/product"}],"about":[{"href":"https:\/\/www.credimex.ch\/de\/wp-json\/wp\/v2\/types\/product"}],"replies":[{"embeddable":true,"href":"https:\/\/www.credimex.ch\/de\/wp-json\/wp\/v2\/comments?post=4170"}],"wp:featuredmedia":[{"embeddable":true,"href":"https:\/\/www.credimex.ch\/de\/wp-json\/wp\/v2\/media\/3099"}],"wp:attachment":[{"href":"https:\/\/www.credimex.ch\/de\/wp-json\/wp\/v2\/media?parent=4170"}],"wp:term":[{"taxonomy":"product_brand","embeddable":true,"href":"https:\/\/www.credimex.ch\/de\/wp-json\/wp\/v2\/product_brand?post=4170"},{"taxonomy":"product_cat","embeddable":true,"href":"https:\/\/www.credimex.ch\/de\/wp-json\/wp\/v2\/product_cat?post=4170"},{"taxonomy":"product_tag","embeddable":true,"href":"https:\/\/www.credimex.ch\/de\/wp-json\/wp\/v2\/product_tag?post=4170"}],"curies":[{"name":"wp","href":"https:\/\/api.w.org\/{rel}","templated":true}]}}