{"id":4174,"date":"2022-06-03T10:50:28","date_gmt":"2022-06-03T08:50:28","guid":{"rendered":"https:\/\/www.credimex.ch.mialias.net\/product\/dowsil-734\/"},"modified":"2023-01-03T17:25:47","modified_gmt":"2023-01-03T16:25:47","slug":"rutenschwanz-734","status":"publish","type":"product","link":"https:\/\/www.credimex.ch\/de\/produkt\/rutenschwanz-734\/","title":{"rendered":"DOWSIL 734"},"content":{"rendered":"<h2>Beschreibung<\/h2>\n<p>Dow DOWSIL\u2122 734 ist ein einkomponentiges, fl\u00fcssiges Silikon, das zum Verkleben und Abdichten von industriellen Anwendungen verwendet wird, die ein fliessf\u00e4higes Material und eine wasserdichte Abdichtung erfordern. Es bietet eine einfache Anwendung, ein Acetoxy-H\u00e4rtungssystem, Flexibilit\u00e4t, Selbstnivellierung und gute dielektrische Eigenschaften.<\/p>\n<h2>Produktvorteile<\/h2>\n<ul>\n<li>Einkomponentiger Klebstoff\/Dichtstoff<\/li>\n<li>H\u00e4rtet bei Raumtemperatur aus, wenn es der Luftfeuchtigkeit ausgesetzt wird<\/li>\n<li>Acetoxy-H\u00e4rtungssystem<\/li>\n<li>Fliessf\u00e4hig und selbstnivellierend<\/li>\n<li>Leicht anwendbar<\/li>\n<li>H\u00e4rtet zu einem z\u00e4hen, flexiblen Gummi aus<\/li>\n<li>Schnelle klebfreie Zeit<\/li>\n<li>Gute Haftung auf vielen Substraten<\/li>\n<li>Stabil und flexibel von -65\u00b0C (-85\u00b0F) bis +180\u00b0C (+356\u00b0F)<\/li>\n<li>Ausgezeichnete dielektrische Eigenschaften<\/li>\n<li>Entspricht der Norm MIL-A-46106<\/li>\n<\/ul>\n<h2>Anwendungen<\/h2>\n<ul>\n<li>Allgemeine industrielle Dichtungs- und Klebeanwendungen, die ein fliessf\u00e4higes Produkt erfordern.<\/li>\n<li>Besonders geeignet zur Abdichtung von Baugruppen mit feinen Fugen sowie von Kabeleinf\u00fchrungen und<br \/>\nVerbinder, um sicherzustellen, dass sie wasserdicht bleiben.<\/li>\n<li>Aufgrund der guten Haftung zu anderen Silikonkautschuken ideal f\u00fcr Reparaturen vor Ort geeignet<br \/>\nbei bestehenden Ger\u00e4ten, bei denen ein Teil einer bestehenden Silikonkapsel verwendet wurde<br \/>\nentfernt.<\/li>\n<\/ul>\n","protected":false},"excerpt":{"rendered":"<p><strong>DOWSIL 734<\/strong> ist ein einkomponentiges, fl\u00fcssiges Silikon, das zum Kleben und Abdichten von industriellen Anwendungen verwendet wird, die ein fliessf\u00e4higes Material und eine wasserdichte Abdichtung erfordern.<\/p>\n","protected":false},"featured_media":3095,"comment_status":"open","ping_status":"closed","template":"","meta":{"_acf_changed":false},"product_brand":[],"product_cat":[369,351,419,512,380,379,417,390,457,418,530],"product_tag":[],"class_list":{"0":"post-4174","1":"product","2":"type-product","3":"status-publish","4":"has-post-thumbnail","6":"product_cat-allgemeine-industrie","7":"product_cat-automobilindustrie","8":"product_cat-batterien","9":"product_cat-dowsil","10":"product_cat-e-mobilitat","11":"product_cat-eisenbahn","12":"product_cat-elektronik","13":"product_cat-energie","14":"product_cat-klebstoffe-und-dichtungsmittel","15":"product_cat-seilbahnen","16":"product_cat-silikon-klebstoffe","17":"pa_brands-dowsil-de","19":"first","20":"instock","21":"shipping-taxable","22":"product-type-simple"},"acf":[],"_yoast_wpseo_focuskw":"DOWSIL 734","_yoast_wpseo_metadesc":"DOWSIL 734 ist ein einkomponentiges, fl\u00fcssiges Silikon, das zum Kleben und Abdichten von industriellen Anwendungen verwendet wird, die ein fliessf\u00e4higes Material und eine wasserdichte Abdichtung erfordern.","yoast_head":"<!-- This site is optimized with the Yoast SEO Premium plugin v21.6 (Yoast SEO v27.4) - https:\/\/yoast.com\/product\/yoast-seo-premium-wordpress\/ -->\n<title>DOWSIL 734 - CREDIMEX<\/title>\n<meta name=\"description\" content=\"DOWSIL 734 ist ein einkomponentiges, fl\u00fcssiges Silikon, das zum Kleben und Abdichten von industriellen Anwendungen verwendet wird, die ein fliessf\u00e4higes Material und eine wasserdichte Abdichtung erfordern.\" \/>\n<meta name=\"robots\" content=\"index, follow, max-snippet:-1, max-image-preview:large, max-video-preview:-1\" \/>\n<link rel=\"canonical\" href=\"https:\/\/www.credimex.ch\/de\/produkt\/rutenschwanz-734\/\" \/>\n<meta property=\"og:locale\" content=\"de_DE\" \/>\n<meta property=\"og:type\" content=\"article\" \/>\n<meta property=\"og:title\" content=\"DOWSIL 734\" \/>\n<meta property=\"og:description\" content=\"DOWSIL 734 ist ein einkomponentiges, fl\u00fcssiges Silikon, das zum Kleben und Abdichten von industriellen Anwendungen verwendet wird, die ein fliessf\u00e4higes Material und eine wasserdichte Abdichtung erfordern.\" \/>\n<meta property=\"og:url\" content=\"https:\/\/www.credimex.ch\/de\/produkt\/rutenschwanz-734\/\" \/>\n<meta property=\"og:site_name\" content=\"CREDIMEX\" \/>\n<meta property=\"article:publisher\" content=\"https:\/\/www.facebook.com\/credimex.alpnach\/\" \/>\n<meta property=\"article:modified_time\" content=\"2023-01-03T16:25:47+00:00\" \/>\n<meta property=\"og:image\" content=\"https:\/\/www.credimex.ch\/wp-content\/uploads\/2022\/06\/Dowsil-734-neills.jpeg\" \/>\n\t<meta property=\"og:image:width\" content=\"800\" \/>\n\t<meta property=\"og:image:height\" content=\"800\" \/>\n\t<meta property=\"og:image:type\" content=\"image\/jpeg\" \/>\n<meta name=\"twitter:card\" content=\"summary_large_image\" \/>\n<meta name=\"twitter:label1\" content=\"Gesch\u00e4tzte Lesezeit\" \/>\n\t<meta name=\"twitter:data1\" content=\"1\u00a0Minute\" \/>\n<script type=\"application\/ld+json\" class=\"yoast-schema-graph\">{\"@context\":\"https:\\\/\\\/schema.org\",\"@graph\":[{\"@type\":\"WebPage\",\"@id\":\"https:\\\/\\\/www.credimex.ch\\\/de\\\/produkt\\\/rutenschwanz-734\\\/\",\"url\":\"https:\\\/\\\/www.credimex.ch\\\/de\\\/produkt\\\/rutenschwanz-734\\\/\",\"name\":\"DOWSIL 734 - CREDIMEX\",\"isPartOf\":{\"@id\":\"https:\\\/\\\/www.credimex.ch\\\/de\\\/#website\"},\"primaryImageOfPage\":{\"@id\":\"https:\\\/\\\/www.credimex.ch\\\/de\\\/produkt\\\/rutenschwanz-734\\\/#primaryimage\"},\"image\":{\"@id\":\"https:\\\/\\\/www.credimex.ch\\\/de\\\/produkt\\\/rutenschwanz-734\\\/#primaryimage\"},\"thumbnailUrl\":\"https:\\\/\\\/www.credimex.ch\\\/wp-content\\\/uploads\\\/2022\\\/06\\\/Dowsil-734-neills.jpeg\",\"datePublished\":\"2022-06-03T08:50:28+00:00\",\"dateModified\":\"2023-01-03T16:25:47+00:00\",\"description\":\"DOWSIL 734 ist ein einkomponentiges, fl\u00fcssiges Silikon, das zum Kleben und Abdichten von industriellen Anwendungen verwendet wird, die ein fliessf\u00e4higes Material und eine wasserdichte Abdichtung erfordern.\",\"breadcrumb\":{\"@id\":\"https:\\\/\\\/www.credimex.ch\\\/de\\\/produkt\\\/rutenschwanz-734\\\/#breadcrumb\"},\"inLanguage\":\"de\",\"potentialAction\":[{\"@type\":\"ReadAction\",\"target\":[\"https:\\\/\\\/www.credimex.ch\\\/de\\\/produkt\\\/rutenschwanz-734\\\/\"]}]},{\"@type\":\"ImageObject\",\"inLanguage\":\"de\",\"@id\":\"https:\\\/\\\/www.credimex.ch\\\/de\\\/produkt\\\/rutenschwanz-734\\\/#primaryimage\",\"url\":\"https:\\\/\\\/www.credimex.ch\\\/wp-content\\\/uploads\\\/2022\\\/06\\\/Dowsil-734-neills.jpeg\",\"contentUrl\":\"https:\\\/\\\/www.credimex.ch\\\/wp-content\\\/uploads\\\/2022\\\/06\\\/Dowsil-734-neills.jpeg\",\"width\":800,\"height\":800},{\"@type\":\"BreadcrumbList\",\"@id\":\"https:\\\/\\\/www.credimex.ch\\\/de\\\/produkt\\\/rutenschwanz-734\\\/#breadcrumb\",\"itemListElement\":[{\"@type\":\"ListItem\",\"position\":1,\"name\":\"Home\",\"item\":\"https:\\\/\\\/www.credimex.ch\\\/de\\\/\"},{\"@type\":\"ListItem\",\"position\":2,\"name\":\"Produkte\",\"item\":\"https:\\\/\\\/www.credimex.ch\\\/de\\\/produkte\\\/\"},{\"@type\":\"ListItem\",\"position\":3,\"name\":\"DOWSIL 734\"}]},{\"@type\":\"WebSite\",\"@id\":\"https:\\\/\\\/www.credimex.ch\\\/de\\\/#website\",\"url\":\"https:\\\/\\\/www.credimex.ch\\\/de\\\/\",\"name\":\"CREDIMEX\",\"description\":\"Partner of Swiss Industrial Market\",\"publisher\":{\"@id\":\"https:\\\/\\\/www.credimex.ch\\\/de\\\/#organization\"},\"potentialAction\":[{\"@type\":\"SearchAction\",\"target\":{\"@type\":\"EntryPoint\",\"urlTemplate\":\"https:\\\/\\\/www.credimex.ch\\\/de\\\/?s={search_term_string}\"},\"query-input\":{\"@type\":\"PropertyValueSpecification\",\"valueRequired\":true,\"valueName\":\"search_term_string\"}}],\"inLanguage\":\"de\"},{\"@type\":\"Organization\",\"@id\":\"https:\\\/\\\/www.credimex.ch\\\/de\\\/#organization\",\"name\":\"credimex\",\"url\":\"https:\\\/\\\/www.credimex.ch\\\/de\\\/\",\"logo\":{\"@type\":\"ImageObject\",\"inLanguage\":\"de\",\"@id\":\"https:\\\/\\\/www.credimex.ch\\\/de\\\/#\\\/schema\\\/logo\\\/image\\\/\",\"url\":\"https:\\\/\\\/www.credimex.ch\\\/wp-content\\\/uploads\\\/2022\\\/03\\\/cropped-logo-credimex.png\",\"contentUrl\":\"https:\\\/\\\/www.credimex.ch\\\/wp-content\\\/uploads\\\/2022\\\/03\\\/cropped-logo-credimex.png\",\"width\":512,\"height\":512,\"caption\":\"credimex\"},\"image\":{\"@id\":\"https:\\\/\\\/www.credimex.ch\\\/de\\\/#\\\/schema\\\/logo\\\/image\\\/\"},\"sameAs\":[\"https:\\\/\\\/www.facebook.com\\\/credimex.alpnach\\\/\",\"https:\\\/\\\/www.linkedin.com\\\/company\\\/credimex\\\/\",\"https:\\\/\\\/www.youtube.com\\\/@CREDIMEX?sub_confirmation=1\"]}]}<\/script>\n<!-- \/ Yoast SEO Premium plugin. -->","yoast_head_json":{"title":"DOWSIL 734 - CREDIMEX","description":"DOWSIL 734 ist ein einkomponentiges, fl\u00fcssiges Silikon, das zum Kleben und Abdichten von industriellen Anwendungen verwendet wird, die ein fliessf\u00e4higes Material und eine wasserdichte Abdichtung erfordern.","robots":{"index":"index","follow":"follow","max-snippet":"max-snippet:-1","max-image-preview":"max-image-preview:large","max-video-preview":"max-video-preview:-1"},"canonical":"https:\/\/www.credimex.ch\/de\/produkt\/rutenschwanz-734\/","og_locale":"de_DE","og_type":"article","og_title":"DOWSIL 734","og_description":"DOWSIL 734 ist ein einkomponentiges, fl\u00fcssiges Silikon, das zum Kleben und Abdichten von industriellen Anwendungen verwendet wird, die ein fliessf\u00e4higes Material und eine wasserdichte Abdichtung erfordern.","og_url":"https:\/\/www.credimex.ch\/de\/produkt\/rutenschwanz-734\/","og_site_name":"CREDIMEX","article_publisher":"https:\/\/www.facebook.com\/credimex.alpnach\/","article_modified_time":"2023-01-03T16:25:47+00:00","og_image":[{"width":800,"height":800,"url":"https:\/\/www.credimex.ch\/wp-content\/uploads\/2022\/06\/Dowsil-734-neills.jpeg","type":"image\/jpeg"}],"twitter_card":"summary_large_image","twitter_misc":{"Gesch\u00e4tzte Lesezeit":"1\u00a0Minute"},"schema":{"@context":"https:\/\/schema.org","@graph":[{"@type":"WebPage","@id":"https:\/\/www.credimex.ch\/de\/produkt\/rutenschwanz-734\/","url":"https:\/\/www.credimex.ch\/de\/produkt\/rutenschwanz-734\/","name":"DOWSIL 734 - CREDIMEX","isPartOf":{"@id":"https:\/\/www.credimex.ch\/de\/#website"},"primaryImageOfPage":{"@id":"https:\/\/www.credimex.ch\/de\/produkt\/rutenschwanz-734\/#primaryimage"},"image":{"@id":"https:\/\/www.credimex.ch\/de\/produkt\/rutenschwanz-734\/#primaryimage"},"thumbnailUrl":"https:\/\/www.credimex.ch\/wp-content\/uploads\/2022\/06\/Dowsil-734-neills.jpeg","datePublished":"2022-06-03T08:50:28+00:00","dateModified":"2023-01-03T16:25:47+00:00","description":"DOWSIL 734 ist ein einkomponentiges, fl\u00fcssiges Silikon, das zum Kleben und Abdichten von industriellen Anwendungen verwendet wird, die ein fliessf\u00e4higes Material und eine wasserdichte Abdichtung erfordern.","breadcrumb":{"@id":"https:\/\/www.credimex.ch\/de\/produkt\/rutenschwanz-734\/#breadcrumb"},"inLanguage":"de","potentialAction":[{"@type":"ReadAction","target":["https:\/\/www.credimex.ch\/de\/produkt\/rutenschwanz-734\/"]}]},{"@type":"ImageObject","inLanguage":"de","@id":"https:\/\/www.credimex.ch\/de\/produkt\/rutenschwanz-734\/#primaryimage","url":"https:\/\/www.credimex.ch\/wp-content\/uploads\/2022\/06\/Dowsil-734-neills.jpeg","contentUrl":"https:\/\/www.credimex.ch\/wp-content\/uploads\/2022\/06\/Dowsil-734-neills.jpeg","width":800,"height":800},{"@type":"BreadcrumbList","@id":"https:\/\/www.credimex.ch\/de\/produkt\/rutenschwanz-734\/#breadcrumb","itemListElement":[{"@type":"ListItem","position":1,"name":"Home","item":"https:\/\/www.credimex.ch\/de\/"},{"@type":"ListItem","position":2,"name":"Produkte","item":"https:\/\/www.credimex.ch\/de\/produkte\/"},{"@type":"ListItem","position":3,"name":"DOWSIL 734"}]},{"@type":"WebSite","@id":"https:\/\/www.credimex.ch\/de\/#website","url":"https:\/\/www.credimex.ch\/de\/","name":"CREDIMEX","description":"Partner of Swiss Industrial Market","publisher":{"@id":"https:\/\/www.credimex.ch\/de\/#organization"},"potentialAction":[{"@type":"SearchAction","target":{"@type":"EntryPoint","urlTemplate":"https:\/\/www.credimex.ch\/de\/?s={search_term_string}"},"query-input":{"@type":"PropertyValueSpecification","valueRequired":true,"valueName":"search_term_string"}}],"inLanguage":"de"},{"@type":"Organization","@id":"https:\/\/www.credimex.ch\/de\/#organization","name":"credimex","url":"https:\/\/www.credimex.ch\/de\/","logo":{"@type":"ImageObject","inLanguage":"de","@id":"https:\/\/www.credimex.ch\/de\/#\/schema\/logo\/image\/","url":"https:\/\/www.credimex.ch\/wp-content\/uploads\/2022\/03\/cropped-logo-credimex.png","contentUrl":"https:\/\/www.credimex.ch\/wp-content\/uploads\/2022\/03\/cropped-logo-credimex.png","width":512,"height":512,"caption":"credimex"},"image":{"@id":"https:\/\/www.credimex.ch\/de\/#\/schema\/logo\/image\/"},"sameAs":["https:\/\/www.facebook.com\/credimex.alpnach\/","https:\/\/www.linkedin.com\/company\/credimex\/","https:\/\/www.youtube.com\/@CREDIMEX?sub_confirmation=1"]}]}},"_links":{"self":[{"href":"https:\/\/www.credimex.ch\/de\/wp-json\/wp\/v2\/product\/4174","targetHints":{"allow":["GET"]}}],"collection":[{"href":"https:\/\/www.credimex.ch\/de\/wp-json\/wp\/v2\/product"}],"about":[{"href":"https:\/\/www.credimex.ch\/de\/wp-json\/wp\/v2\/types\/product"}],"replies":[{"embeddable":true,"href":"https:\/\/www.credimex.ch\/de\/wp-json\/wp\/v2\/comments?post=4174"}],"wp:featuredmedia":[{"embeddable":true,"href":"https:\/\/www.credimex.ch\/de\/wp-json\/wp\/v2\/media\/3095"}],"wp:attachment":[{"href":"https:\/\/www.credimex.ch\/de\/wp-json\/wp\/v2\/media?parent=4174"}],"wp:term":[{"taxonomy":"product_brand","embeddable":true,"href":"https:\/\/www.credimex.ch\/de\/wp-json\/wp\/v2\/product_brand?post=4174"},{"taxonomy":"product_cat","embeddable":true,"href":"https:\/\/www.credimex.ch\/de\/wp-json\/wp\/v2\/product_cat?post=4174"},{"taxonomy":"product_tag","embeddable":true,"href":"https:\/\/www.credimex.ch\/de\/wp-json\/wp\/v2\/product_tag?post=4174"}],"curies":[{"name":"wp","href":"https:\/\/api.w.org\/{rel}","templated":true}]}}