{"id":4180,"date":"2022-06-03T09:52:58","date_gmt":"2022-06-03T07:52:58","guid":{"rendered":"https:\/\/www.credimex.ch.mialias.net\/product\/dowsil-3145\/"},"modified":"2023-02-21T14:50:51","modified_gmt":"2023-02-21T13:50:51","slug":"dowsil-3145","status":"publish","type":"product","link":"https:\/\/www.credimex.ch\/de\/produkt\/dowsil-3145\/","title":{"rendered":"Dowsil 3145"},"content":{"rendered":"<h2>Beschreibung<\/h2>\n<p>Dowsil 3145 wurde entwickelt, um eine langfristige Verklebung zu gew\u00e4hrleisten und vor Feuchtigkeit, Umwelteinfl\u00fcssen, mechanischen und thermischen Schocks sowie Vibrationen zu sch\u00fctzen. Insbesondere wenn ein hochfestes Produkt erforderlich ist. Typische Anwendungen sind: Verklebung empfindlicher elektronischer Bauteile und Baugruppen.<\/p>\n<ul>\n<li>Einteilig<\/li>\n<li>Non-sag<\/li>\n<li>Aush\u00e4rtung bei Raumtemperatur<\/li>\n<li>Neutrales Alkoxy-H\u00e4rtungssystem Gute Haftung auf Glas, Keramik, Metallen, Silikonkautschuk und vielen Kunststoffen<\/li>\n<li>Hohe Reissfestigkeit Flexibles Gummi &#8211; sch\u00fctzt vor mechanischen St\u00f6ssen und thermischen Wechselbeanspruchungen an Bauteilen<\/li>\n<li>Stabil und flexibel von -50\u00b0C bis +200\u00b0C (h\u00f6her bei grauer Version)<\/li>\n<li>Ausgezeichnete dielektrische Eigenschaften<\/li>\n<li>Erh\u00e4ltlich in CLEAR oder GREY<\/li>\n<\/ul>\n<h2>Produktvorteile<\/h2>\n<ul>\n<li>Nicht fliessend<\/li>\n<li>Hohe Zugfestigkeit und Dehnung<\/li>\n<li>Verbesserte thermische Stabilit\u00e4t<\/li>\n<li>MIL-A-46146 Gruppe II\/III, TY I<\/li>\n<li>Kein Mischen erforderlich<\/li>\n<li>Aush\u00e4rtung bei Raumtemperatur, keine \u00d6fen erforderlich<\/li>\n<li>Schnellere Inline-Verarbeitung mit optionaler W\u00e4rmebeschleunigung<\/li>\n<li>Kann f\u00fcr Anwendungen mit Mil Spec-Anforderungen in Betracht gezogen werden<\/li>\n<\/ul>\n<h2>Anwendung<\/h2>\n<ul>\n<li>Abdichten von \u00d6ffnungen in Modulen und Geh\u00e4usen.<\/li>\n<li>Hinzuf\u00fcgen von mechanischer Stabilit\u00e4t zu einzelnen Komponenten.<\/li>\n<li>Montage von Komponenten auf PWBs.<\/li>\n<li>Abdichtung in und um verkabelte und elektrische Leitungen.<\/li>\n<\/ul>\n","protected":false},"excerpt":{"rendered":"<p><strong>Dowsil 3145<\/strong> RTV MIL-A-46146 Klebstoff\/Dichtmittel ist ein hochfester Silikonklebstoff\/Dichtmittel.<\/p>\n","protected":false},"featured_media":3089,"comment_status":"open","ping_status":"closed","template":"","meta":{"_acf_changed":false},"product_brand":[],"product_cat":[369,351,419,512,380,379,417,390,457,418,530],"product_tag":[],"class_list":{"0":"post-4180","1":"product","2":"type-product","3":"status-publish","4":"has-post-thumbnail","6":"product_cat-allgemeine-industrie","7":"product_cat-automobilindustrie","8":"product_cat-batterien","9":"product_cat-dowsil","10":"product_cat-e-mobilitat","11":"product_cat-eisenbahn","12":"product_cat-elektronik","13":"product_cat-energie","14":"product_cat-klebstoffe-und-dichtungsmittel","15":"product_cat-seilbahnen","16":"product_cat-silikon-klebstoffe","17":"pa_brands-dowsil-de","19":"first","20":"instock","21":"shipping-taxable","22":"product-type-simple"},"acf":[],"_yoast_wpseo_focuskw":"Dowsil 3145","_yoast_wpseo_metadesc":"Dowsil 3145 RTV MIL-A-46146 Klebstoff\/Dichtmittel ist ein hochfester Silikonklebstoff\/Dichtmittel.","yoast_head":"<!-- This site is optimized with the Yoast SEO Premium plugin v21.6 (Yoast SEO v27.4) - https:\/\/yoast.com\/product\/yoast-seo-premium-wordpress\/ -->\n<title>Dowsil 3145 - CREDIMEX<\/title>\n<meta name=\"description\" content=\"Dowsil 3145 RTV MIL-A-46146 Klebstoff\/Dichtmittel ist ein hochfester Silikonklebstoff\/Dichtmittel.\" \/>\n<meta name=\"robots\" content=\"index, follow, max-snippet:-1, max-image-preview:large, max-video-preview:-1\" \/>\n<link rel=\"canonical\" href=\"https:\/\/www.credimex.ch\/de\/produkt\/dowsil-3145\/\" \/>\n<meta property=\"og:locale\" content=\"de_DE\" \/>\n<meta property=\"og:type\" content=\"article\" \/>\n<meta property=\"og:title\" content=\"Dowsil 3145\" \/>\n<meta property=\"og:description\" content=\"Dowsil 3145 RTV MIL-A-46146 Klebstoff\/Dichtmittel ist ein hochfester Silikonklebstoff\/Dichtmittel.\" \/>\n<meta property=\"og:url\" content=\"https:\/\/www.credimex.ch\/de\/produkt\/dowsil-3145\/\" \/>\n<meta property=\"og:site_name\" content=\"CREDIMEX\" \/>\n<meta property=\"article:publisher\" content=\"https:\/\/www.facebook.com\/credimex.alpnach\/\" \/>\n<meta property=\"article:modified_time\" content=\"2023-02-21T13:50:51+00:00\" \/>\n<meta property=\"og:image\" content=\"https:\/\/www.credimex.ch\/wp-content\/uploads\/2022\/06\/dowsil-3145-rtv.jpeg\" \/>\n\t<meta property=\"og:image:width\" content=\"431\" \/>\n\t<meta property=\"og:image:height\" content=\"431\" \/>\n\t<meta property=\"og:image:type\" content=\"image\/jpeg\" \/>\n<meta name=\"twitter:card\" content=\"summary_large_image\" \/>\n<meta name=\"twitter:label1\" content=\"Gesch\u00e4tzte Lesezeit\" \/>\n\t<meta name=\"twitter:data1\" content=\"1\u00a0Minute\" \/>\n<script type=\"application\/ld+json\" class=\"yoast-schema-graph\">{\"@context\":\"https:\\\/\\\/schema.org\",\"@graph\":[{\"@type\":\"WebPage\",\"@id\":\"https:\\\/\\\/www.credimex.ch\\\/de\\\/produkt\\\/dowsil-3145\\\/\",\"url\":\"https:\\\/\\\/www.credimex.ch\\\/de\\\/produkt\\\/dowsil-3145\\\/\",\"name\":\"Dowsil 3145 - CREDIMEX\",\"isPartOf\":{\"@id\":\"https:\\\/\\\/www.credimex.ch\\\/de\\\/#website\"},\"primaryImageOfPage\":{\"@id\":\"https:\\\/\\\/www.credimex.ch\\\/de\\\/produkt\\\/dowsil-3145\\\/#primaryimage\"},\"image\":{\"@id\":\"https:\\\/\\\/www.credimex.ch\\\/de\\\/produkt\\\/dowsil-3145\\\/#primaryimage\"},\"thumbnailUrl\":\"https:\\\/\\\/www.credimex.ch\\\/wp-content\\\/uploads\\\/2022\\\/06\\\/dowsil-3145-rtv.jpeg\",\"datePublished\":\"2022-06-03T07:52:58+00:00\",\"dateModified\":\"2023-02-21T13:50:51+00:00\",\"description\":\"Dowsil 3145 RTV MIL-A-46146 Klebstoff\\\/Dichtmittel ist ein hochfester Silikonklebstoff\\\/Dichtmittel.\",\"breadcrumb\":{\"@id\":\"https:\\\/\\\/www.credimex.ch\\\/de\\\/produkt\\\/dowsil-3145\\\/#breadcrumb\"},\"inLanguage\":\"de\",\"potentialAction\":[{\"@type\":\"ReadAction\",\"target\":[\"https:\\\/\\\/www.credimex.ch\\\/de\\\/produkt\\\/dowsil-3145\\\/\"]}]},{\"@type\":\"ImageObject\",\"inLanguage\":\"de\",\"@id\":\"https:\\\/\\\/www.credimex.ch\\\/de\\\/produkt\\\/dowsil-3145\\\/#primaryimage\",\"url\":\"https:\\\/\\\/www.credimex.ch\\\/wp-content\\\/uploads\\\/2022\\\/06\\\/dowsil-3145-rtv.jpeg\",\"contentUrl\":\"https:\\\/\\\/www.credimex.ch\\\/wp-content\\\/uploads\\\/2022\\\/06\\\/dowsil-3145-rtv.jpeg\",\"width\":431,\"height\":431},{\"@type\":\"BreadcrumbList\",\"@id\":\"https:\\\/\\\/www.credimex.ch\\\/de\\\/produkt\\\/dowsil-3145\\\/#breadcrumb\",\"itemListElement\":[{\"@type\":\"ListItem\",\"position\":1,\"name\":\"Home\",\"item\":\"https:\\\/\\\/www.credimex.ch\\\/de\\\/\"},{\"@type\":\"ListItem\",\"position\":2,\"name\":\"Produkte\",\"item\":\"https:\\\/\\\/www.credimex.ch\\\/de\\\/produkte\\\/\"},{\"@type\":\"ListItem\",\"position\":3,\"name\":\"Dowsil 3145\"}]},{\"@type\":\"WebSite\",\"@id\":\"https:\\\/\\\/www.credimex.ch\\\/de\\\/#website\",\"url\":\"https:\\\/\\\/www.credimex.ch\\\/de\\\/\",\"name\":\"CREDIMEX\",\"description\":\"Partner of Swiss Industrial Market\",\"publisher\":{\"@id\":\"https:\\\/\\\/www.credimex.ch\\\/de\\\/#organization\"},\"potentialAction\":[{\"@type\":\"SearchAction\",\"target\":{\"@type\":\"EntryPoint\",\"urlTemplate\":\"https:\\\/\\\/www.credimex.ch\\\/de\\\/?s={search_term_string}\"},\"query-input\":{\"@type\":\"PropertyValueSpecification\",\"valueRequired\":true,\"valueName\":\"search_term_string\"}}],\"inLanguage\":\"de\"},{\"@type\":\"Organization\",\"@id\":\"https:\\\/\\\/www.credimex.ch\\\/de\\\/#organization\",\"name\":\"credimex\",\"url\":\"https:\\\/\\\/www.credimex.ch\\\/de\\\/\",\"logo\":{\"@type\":\"ImageObject\",\"inLanguage\":\"de\",\"@id\":\"https:\\\/\\\/www.credimex.ch\\\/de\\\/#\\\/schema\\\/logo\\\/image\\\/\",\"url\":\"https:\\\/\\\/www.credimex.ch\\\/wp-content\\\/uploads\\\/2022\\\/03\\\/cropped-logo-credimex.png\",\"contentUrl\":\"https:\\\/\\\/www.credimex.ch\\\/wp-content\\\/uploads\\\/2022\\\/03\\\/cropped-logo-credimex.png\",\"width\":512,\"height\":512,\"caption\":\"credimex\"},\"image\":{\"@id\":\"https:\\\/\\\/www.credimex.ch\\\/de\\\/#\\\/schema\\\/logo\\\/image\\\/\"},\"sameAs\":[\"https:\\\/\\\/www.facebook.com\\\/credimex.alpnach\\\/\",\"https:\\\/\\\/www.linkedin.com\\\/company\\\/credimex\\\/\",\"https:\\\/\\\/www.youtube.com\\\/@CREDIMEX?sub_confirmation=1\"]}]}<\/script>\n<!-- \/ Yoast SEO Premium plugin. -->","yoast_head_json":{"title":"Dowsil 3145 - CREDIMEX","description":"Dowsil 3145 RTV MIL-A-46146 Klebstoff\/Dichtmittel ist ein hochfester Silikonklebstoff\/Dichtmittel.","robots":{"index":"index","follow":"follow","max-snippet":"max-snippet:-1","max-image-preview":"max-image-preview:large","max-video-preview":"max-video-preview:-1"},"canonical":"https:\/\/www.credimex.ch\/de\/produkt\/dowsil-3145\/","og_locale":"de_DE","og_type":"article","og_title":"Dowsil 3145","og_description":"Dowsil 3145 RTV MIL-A-46146 Klebstoff\/Dichtmittel ist ein hochfester Silikonklebstoff\/Dichtmittel.","og_url":"https:\/\/www.credimex.ch\/de\/produkt\/dowsil-3145\/","og_site_name":"CREDIMEX","article_publisher":"https:\/\/www.facebook.com\/credimex.alpnach\/","article_modified_time":"2023-02-21T13:50:51+00:00","og_image":[{"width":431,"height":431,"url":"https:\/\/www.credimex.ch\/wp-content\/uploads\/2022\/06\/dowsil-3145-rtv.jpeg","type":"image\/jpeg"}],"twitter_card":"summary_large_image","twitter_misc":{"Gesch\u00e4tzte Lesezeit":"1\u00a0Minute"},"schema":{"@context":"https:\/\/schema.org","@graph":[{"@type":"WebPage","@id":"https:\/\/www.credimex.ch\/de\/produkt\/dowsil-3145\/","url":"https:\/\/www.credimex.ch\/de\/produkt\/dowsil-3145\/","name":"Dowsil 3145 - CREDIMEX","isPartOf":{"@id":"https:\/\/www.credimex.ch\/de\/#website"},"primaryImageOfPage":{"@id":"https:\/\/www.credimex.ch\/de\/produkt\/dowsil-3145\/#primaryimage"},"image":{"@id":"https:\/\/www.credimex.ch\/de\/produkt\/dowsil-3145\/#primaryimage"},"thumbnailUrl":"https:\/\/www.credimex.ch\/wp-content\/uploads\/2022\/06\/dowsil-3145-rtv.jpeg","datePublished":"2022-06-03T07:52:58+00:00","dateModified":"2023-02-21T13:50:51+00:00","description":"Dowsil 3145 RTV MIL-A-46146 Klebstoff\/Dichtmittel ist ein hochfester Silikonklebstoff\/Dichtmittel.","breadcrumb":{"@id":"https:\/\/www.credimex.ch\/de\/produkt\/dowsil-3145\/#breadcrumb"},"inLanguage":"de","potentialAction":[{"@type":"ReadAction","target":["https:\/\/www.credimex.ch\/de\/produkt\/dowsil-3145\/"]}]},{"@type":"ImageObject","inLanguage":"de","@id":"https:\/\/www.credimex.ch\/de\/produkt\/dowsil-3145\/#primaryimage","url":"https:\/\/www.credimex.ch\/wp-content\/uploads\/2022\/06\/dowsil-3145-rtv.jpeg","contentUrl":"https:\/\/www.credimex.ch\/wp-content\/uploads\/2022\/06\/dowsil-3145-rtv.jpeg","width":431,"height":431},{"@type":"BreadcrumbList","@id":"https:\/\/www.credimex.ch\/de\/produkt\/dowsil-3145\/#breadcrumb","itemListElement":[{"@type":"ListItem","position":1,"name":"Home","item":"https:\/\/www.credimex.ch\/de\/"},{"@type":"ListItem","position":2,"name":"Produkte","item":"https:\/\/www.credimex.ch\/de\/produkte\/"},{"@type":"ListItem","position":3,"name":"Dowsil 3145"}]},{"@type":"WebSite","@id":"https:\/\/www.credimex.ch\/de\/#website","url":"https:\/\/www.credimex.ch\/de\/","name":"CREDIMEX","description":"Partner of Swiss Industrial Market","publisher":{"@id":"https:\/\/www.credimex.ch\/de\/#organization"},"potentialAction":[{"@type":"SearchAction","target":{"@type":"EntryPoint","urlTemplate":"https:\/\/www.credimex.ch\/de\/?s={search_term_string}"},"query-input":{"@type":"PropertyValueSpecification","valueRequired":true,"valueName":"search_term_string"}}],"inLanguage":"de"},{"@type":"Organization","@id":"https:\/\/www.credimex.ch\/de\/#organization","name":"credimex","url":"https:\/\/www.credimex.ch\/de\/","logo":{"@type":"ImageObject","inLanguage":"de","@id":"https:\/\/www.credimex.ch\/de\/#\/schema\/logo\/image\/","url":"https:\/\/www.credimex.ch\/wp-content\/uploads\/2022\/03\/cropped-logo-credimex.png","contentUrl":"https:\/\/www.credimex.ch\/wp-content\/uploads\/2022\/03\/cropped-logo-credimex.png","width":512,"height":512,"caption":"credimex"},"image":{"@id":"https:\/\/www.credimex.ch\/de\/#\/schema\/logo\/image\/"},"sameAs":["https:\/\/www.facebook.com\/credimex.alpnach\/","https:\/\/www.linkedin.com\/company\/credimex\/","https:\/\/www.youtube.com\/@CREDIMEX?sub_confirmation=1"]}]}},"_links":{"self":[{"href":"https:\/\/www.credimex.ch\/de\/wp-json\/wp\/v2\/product\/4180","targetHints":{"allow":["GET"]}}],"collection":[{"href":"https:\/\/www.credimex.ch\/de\/wp-json\/wp\/v2\/product"}],"about":[{"href":"https:\/\/www.credimex.ch\/de\/wp-json\/wp\/v2\/types\/product"}],"replies":[{"embeddable":true,"href":"https:\/\/www.credimex.ch\/de\/wp-json\/wp\/v2\/comments?post=4180"}],"wp:featuredmedia":[{"embeddable":true,"href":"https:\/\/www.credimex.ch\/de\/wp-json\/wp\/v2\/media\/3089"}],"wp:attachment":[{"href":"https:\/\/www.credimex.ch\/de\/wp-json\/wp\/v2\/media?parent=4180"}],"wp:term":[{"taxonomy":"product_brand","embeddable":true,"href":"https:\/\/www.credimex.ch\/de\/wp-json\/wp\/v2\/product_brand?post=4180"},{"taxonomy":"product_cat","embeddable":true,"href":"https:\/\/www.credimex.ch\/de\/wp-json\/wp\/v2\/product_cat?post=4180"},{"taxonomy":"product_tag","embeddable":true,"href":"https:\/\/www.credimex.ch\/de\/wp-json\/wp\/v2\/product_tag?post=4180"}],"curies":[{"name":"wp","href":"https:\/\/api.w.org\/{rel}","templated":true}]}}