{"id":4182,"date":"2022-06-03T09:34:19","date_gmt":"2022-06-03T07:34:19","guid":{"rendered":"https:\/\/www.credimex.ch.mialias.net\/product\/delo-delomat-101\/"},"modified":"2023-01-04T09:49:56","modified_gmt":"2023-01-04T08:49:56","slug":"delo-delomat-101","status":"publish","type":"product","link":"https:\/\/www.credimex.ch\/de\/produkt\/delo-delomat-101\/","title":{"rendered":"Delo Delomat 101"},"content":{"rendered":"<h2>Beschreibung<\/h2>\n<p>Mit dem DELOMAT 101 haben Sie eine einfach zu bedienende und wirtschaftliche L\u00f6sung f\u00fcr eine reproduzierbare Dosierung. Geeignet f\u00fcr eine Vielzahl von Fl\u00fcssigkeiten und past\u00f6sen Medien, zeigt dieses Druck-Zeit-Dosierger\u00e4t seine St\u00e4rken als halbautomatisches Tischger\u00e4t f\u00fcr Kleinserien und f\u00fcr die hochpr\u00e4zise Prototypenentwicklung. Da er \u00fcber eine SPS gesteuert werden kann, l\u00e4sst er sich auch in Anlagen integrieren und somit vollautomatisch betreiben. Das bietet Ihnen Investitionssicherheit f\u00fcr den Start Ihrer Produktion.<\/p>\n<h2>Produktvorteile<\/h2>\n<ul>\n<li>Zeit-Druck-Dosierung<\/li>\n<li>Hohe Pr\u00e4zision und Wiederholbarkeit<\/li>\n<li>Keine Tr\u00f6pfchenbildung R\u00fcckhaltevakuum f\u00fcr niedrigviskose Fl\u00fcssigkeiten<\/li>\n<li>Ansteuerbar \u00fcber PLC f\u00fcr vollautomatische Dosierung, Investitionssicherheit durch Skalierbarkeit<\/li>\n<li>Kleiner Fussabdruck<\/li>\n<li>Kompaktes Design vereinfacht die Integration in Systeme<\/li>\n<li>Lange Lebensdauer<\/li>\n<li>Hochwertiges, pulverbeschichtetes &amp; robustes Edelstahlgeh\u00e4use<\/li>\n<li>Optionale Patronenheizung<\/li>\n<li>Leichtere Dosierung von hochviskosen Medien<\/li>\n<li>Praktisch wartungsfrei<\/li>\n<li>Keine Verschleissteile, geringe Stillstandskosten<\/li>\n<li>Intuitive Bedienung dank \u00fcbersichtlicher Men\u00fcf\u00fchrung<\/li>\n<li>\u00c4ndern Sie Parameter wie Druck, Zeit und Temperatur mit nur wenigen Tasten<\/li>\n<\/ul>\n<h2>Anwendung<\/h2>\n<ul>\n<li>Klebstoffe<\/li>\n<li>Verkapselungen<\/li>\n<li>L\u00f6tpaste<\/li>\n<li>Fette<\/li>\n<li>Mehr<\/li>\n<\/ul>\n","protected":false},"excerpt":{"rendered":"<p><strong>Delo Delomat 101<\/strong> ist eine einfach zu bedienende und wirtschaftliche L\u00f6sung f\u00fcr reproduzierbare Dosierung.<\/p>\n","protected":false},"featured_media":3087,"comment_status":"open","ping_status":"closed","template":"","meta":{"_acf_changed":false},"product_brand":[],"product_cat":[369,351,456,380,417,390],"product_tag":[],"class_list":{"0":"post-4182","1":"product","2":"type-product","3":"status-publish","4":"has-post-thumbnail","6":"product_cat-allgemeine-industrie","7":"product_cat-automobilindustrie","8":"product_cat-delo","9":"product_cat-e-mobilitat","10":"product_cat-elektronik","11":"product_cat-energie","12":"pa_brands-delo-de","14":"first","15":"instock","16":"shipping-taxable","17":"product-type-simple"},"acf":[],"_yoast_wpseo_focuskw":"Delo Delomat 101","_yoast_wpseo_metadesc":"Delo Delomat 101 ist eine einfach zu bedienende und wirtschaftliche L\u00f6sung f\u00fcr reproduzierbare Dosierung.","yoast_head":"<!-- This site is optimized with the Yoast SEO Premium plugin v21.6 (Yoast SEO v27.4) - https:\/\/yoast.com\/product\/yoast-seo-premium-wordpress\/ -->\n<title>Delo Delomat 101 - CREDIMEX<\/title>\n<meta name=\"description\" content=\"Delo Delomat 101 ist eine einfach zu bedienende und wirtschaftliche L\u00f6sung f\u00fcr reproduzierbare Dosierung.\" \/>\n<meta name=\"robots\" content=\"index, follow, max-snippet:-1, max-image-preview:large, max-video-preview:-1\" \/>\n<link rel=\"canonical\" href=\"https:\/\/www.credimex.ch\/de\/produkt\/delo-delomat-101\/\" \/>\n<meta property=\"og:locale\" content=\"de_DE\" \/>\n<meta property=\"og:type\" content=\"article\" \/>\n<meta property=\"og:title\" content=\"Delo Delomat 101\" \/>\n<meta property=\"og:description\" content=\"Delo Delomat 101 ist eine einfach zu bedienende und wirtschaftliche L\u00f6sung f\u00fcr reproduzierbare Dosierung.\" \/>\n<meta property=\"og:url\" content=\"https:\/\/www.credimex.ch\/de\/produkt\/delo-delomat-101\/\" \/>\n<meta property=\"og:site_name\" content=\"CREDIMEX\" \/>\n<meta property=\"article:publisher\" content=\"https:\/\/www.facebook.com\/credimex.alpnach\/\" \/>\n<meta property=\"article:modified_time\" content=\"2023-01-04T08:49:56+00:00\" \/>\n<meta property=\"og:image\" content=\"https:\/\/www.credimex.ch\/wp-content\/uploads\/2022\/06\/delomat101_15.jpeg\" \/>\n\t<meta property=\"og:image:width\" content=\"750\" \/>\n\t<meta property=\"og:image:height\" content=\"878\" \/>\n\t<meta property=\"og:image:type\" content=\"image\/jpeg\" \/>\n<meta name=\"twitter:card\" content=\"summary_large_image\" \/>\n<meta name=\"twitter:label1\" content=\"Gesch\u00e4tzte Lesezeit\" \/>\n\t<meta name=\"twitter:data1\" content=\"1\u00a0Minute\" \/>\n<script type=\"application\/ld+json\" class=\"yoast-schema-graph\">{\"@context\":\"https:\\\/\\\/schema.org\",\"@graph\":[{\"@type\":\"WebPage\",\"@id\":\"https:\\\/\\\/www.credimex.ch\\\/de\\\/produkt\\\/delo-delomat-101\\\/\",\"url\":\"https:\\\/\\\/www.credimex.ch\\\/de\\\/produkt\\\/delo-delomat-101\\\/\",\"name\":\"Delo Delomat 101 - CREDIMEX\",\"isPartOf\":{\"@id\":\"https:\\\/\\\/www.credimex.ch\\\/de\\\/#website\"},\"primaryImageOfPage\":{\"@id\":\"https:\\\/\\\/www.credimex.ch\\\/de\\\/produkt\\\/delo-delomat-101\\\/#primaryimage\"},\"image\":{\"@id\":\"https:\\\/\\\/www.credimex.ch\\\/de\\\/produkt\\\/delo-delomat-101\\\/#primaryimage\"},\"thumbnailUrl\":\"https:\\\/\\\/www.credimex.ch\\\/wp-content\\\/uploads\\\/2022\\\/06\\\/delomat101_15.jpeg\",\"datePublished\":\"2022-06-03T07:34:19+00:00\",\"dateModified\":\"2023-01-04T08:49:56+00:00\",\"description\":\"Delo Delomat 101 ist eine einfach zu bedienende und wirtschaftliche L\u00f6sung f\u00fcr reproduzierbare Dosierung.\",\"breadcrumb\":{\"@id\":\"https:\\\/\\\/www.credimex.ch\\\/de\\\/produkt\\\/delo-delomat-101\\\/#breadcrumb\"},\"inLanguage\":\"de\",\"potentialAction\":[{\"@type\":\"ReadAction\",\"target\":[\"https:\\\/\\\/www.credimex.ch\\\/de\\\/produkt\\\/delo-delomat-101\\\/\"]}]},{\"@type\":\"ImageObject\",\"inLanguage\":\"de\",\"@id\":\"https:\\\/\\\/www.credimex.ch\\\/de\\\/produkt\\\/delo-delomat-101\\\/#primaryimage\",\"url\":\"https:\\\/\\\/www.credimex.ch\\\/wp-content\\\/uploads\\\/2022\\\/06\\\/delomat101_15.jpeg\",\"contentUrl\":\"https:\\\/\\\/www.credimex.ch\\\/wp-content\\\/uploads\\\/2022\\\/06\\\/delomat101_15.jpeg\",\"width\":750,\"height\":878},{\"@type\":\"BreadcrumbList\",\"@id\":\"https:\\\/\\\/www.credimex.ch\\\/de\\\/produkt\\\/delo-delomat-101\\\/#breadcrumb\",\"itemListElement\":[{\"@type\":\"ListItem\",\"position\":1,\"name\":\"Home\",\"item\":\"https:\\\/\\\/www.credimex.ch\\\/de\\\/\"},{\"@type\":\"ListItem\",\"position\":2,\"name\":\"Produkte\",\"item\":\"https:\\\/\\\/www.credimex.ch\\\/de\\\/produkte\\\/\"},{\"@type\":\"ListItem\",\"position\":3,\"name\":\"Delo Delomat 101\"}]},{\"@type\":\"WebSite\",\"@id\":\"https:\\\/\\\/www.credimex.ch\\\/de\\\/#website\",\"url\":\"https:\\\/\\\/www.credimex.ch\\\/de\\\/\",\"name\":\"CREDIMEX\",\"description\":\"Partner of Swiss Industrial Market\",\"publisher\":{\"@id\":\"https:\\\/\\\/www.credimex.ch\\\/de\\\/#organization\"},\"potentialAction\":[{\"@type\":\"SearchAction\",\"target\":{\"@type\":\"EntryPoint\",\"urlTemplate\":\"https:\\\/\\\/www.credimex.ch\\\/de\\\/?s={search_term_string}\"},\"query-input\":{\"@type\":\"PropertyValueSpecification\",\"valueRequired\":true,\"valueName\":\"search_term_string\"}}],\"inLanguage\":\"de\"},{\"@type\":\"Organization\",\"@id\":\"https:\\\/\\\/www.credimex.ch\\\/de\\\/#organization\",\"name\":\"credimex\",\"url\":\"https:\\\/\\\/www.credimex.ch\\\/de\\\/\",\"logo\":{\"@type\":\"ImageObject\",\"inLanguage\":\"de\",\"@id\":\"https:\\\/\\\/www.credimex.ch\\\/de\\\/#\\\/schema\\\/logo\\\/image\\\/\",\"url\":\"https:\\\/\\\/www.credimex.ch\\\/wp-content\\\/uploads\\\/2022\\\/03\\\/cropped-logo-credimex.png\",\"contentUrl\":\"https:\\\/\\\/www.credimex.ch\\\/wp-content\\\/uploads\\\/2022\\\/03\\\/cropped-logo-credimex.png\",\"width\":512,\"height\":512,\"caption\":\"credimex\"},\"image\":{\"@id\":\"https:\\\/\\\/www.credimex.ch\\\/de\\\/#\\\/schema\\\/logo\\\/image\\\/\"},\"sameAs\":[\"https:\\\/\\\/www.facebook.com\\\/credimex.alpnach\\\/\",\"https:\\\/\\\/www.linkedin.com\\\/company\\\/credimex\\\/\",\"https:\\\/\\\/www.youtube.com\\\/@CREDIMEX?sub_confirmation=1\"]}]}<\/script>\n<!-- \/ Yoast SEO Premium plugin. -->","yoast_head_json":{"title":"Delo Delomat 101 - CREDIMEX","description":"Delo Delomat 101 ist eine einfach zu bedienende und wirtschaftliche L\u00f6sung f\u00fcr reproduzierbare Dosierung.","robots":{"index":"index","follow":"follow","max-snippet":"max-snippet:-1","max-image-preview":"max-image-preview:large","max-video-preview":"max-video-preview:-1"},"canonical":"https:\/\/www.credimex.ch\/de\/produkt\/delo-delomat-101\/","og_locale":"de_DE","og_type":"article","og_title":"Delo Delomat 101","og_description":"Delo Delomat 101 ist eine einfach zu bedienende und wirtschaftliche L\u00f6sung f\u00fcr reproduzierbare Dosierung.","og_url":"https:\/\/www.credimex.ch\/de\/produkt\/delo-delomat-101\/","og_site_name":"CREDIMEX","article_publisher":"https:\/\/www.facebook.com\/credimex.alpnach\/","article_modified_time":"2023-01-04T08:49:56+00:00","og_image":[{"width":750,"height":878,"url":"https:\/\/www.credimex.ch\/wp-content\/uploads\/2022\/06\/delomat101_15.jpeg","type":"image\/jpeg"}],"twitter_card":"summary_large_image","twitter_misc":{"Gesch\u00e4tzte Lesezeit":"1\u00a0Minute"},"schema":{"@context":"https:\/\/schema.org","@graph":[{"@type":"WebPage","@id":"https:\/\/www.credimex.ch\/de\/produkt\/delo-delomat-101\/","url":"https:\/\/www.credimex.ch\/de\/produkt\/delo-delomat-101\/","name":"Delo Delomat 101 - CREDIMEX","isPartOf":{"@id":"https:\/\/www.credimex.ch\/de\/#website"},"primaryImageOfPage":{"@id":"https:\/\/www.credimex.ch\/de\/produkt\/delo-delomat-101\/#primaryimage"},"image":{"@id":"https:\/\/www.credimex.ch\/de\/produkt\/delo-delomat-101\/#primaryimage"},"thumbnailUrl":"https:\/\/www.credimex.ch\/wp-content\/uploads\/2022\/06\/delomat101_15.jpeg","datePublished":"2022-06-03T07:34:19+00:00","dateModified":"2023-01-04T08:49:56+00:00","description":"Delo Delomat 101 ist eine einfach zu bedienende und wirtschaftliche L\u00f6sung f\u00fcr reproduzierbare Dosierung.","breadcrumb":{"@id":"https:\/\/www.credimex.ch\/de\/produkt\/delo-delomat-101\/#breadcrumb"},"inLanguage":"de","potentialAction":[{"@type":"ReadAction","target":["https:\/\/www.credimex.ch\/de\/produkt\/delo-delomat-101\/"]}]},{"@type":"ImageObject","inLanguage":"de","@id":"https:\/\/www.credimex.ch\/de\/produkt\/delo-delomat-101\/#primaryimage","url":"https:\/\/www.credimex.ch\/wp-content\/uploads\/2022\/06\/delomat101_15.jpeg","contentUrl":"https:\/\/www.credimex.ch\/wp-content\/uploads\/2022\/06\/delomat101_15.jpeg","width":750,"height":878},{"@type":"BreadcrumbList","@id":"https:\/\/www.credimex.ch\/de\/produkt\/delo-delomat-101\/#breadcrumb","itemListElement":[{"@type":"ListItem","position":1,"name":"Home","item":"https:\/\/www.credimex.ch\/de\/"},{"@type":"ListItem","position":2,"name":"Produkte","item":"https:\/\/www.credimex.ch\/de\/produkte\/"},{"@type":"ListItem","position":3,"name":"Delo Delomat 101"}]},{"@type":"WebSite","@id":"https:\/\/www.credimex.ch\/de\/#website","url":"https:\/\/www.credimex.ch\/de\/","name":"CREDIMEX","description":"Partner of Swiss Industrial Market","publisher":{"@id":"https:\/\/www.credimex.ch\/de\/#organization"},"potentialAction":[{"@type":"SearchAction","target":{"@type":"EntryPoint","urlTemplate":"https:\/\/www.credimex.ch\/de\/?s={search_term_string}"},"query-input":{"@type":"PropertyValueSpecification","valueRequired":true,"valueName":"search_term_string"}}],"inLanguage":"de"},{"@type":"Organization","@id":"https:\/\/www.credimex.ch\/de\/#organization","name":"credimex","url":"https:\/\/www.credimex.ch\/de\/","logo":{"@type":"ImageObject","inLanguage":"de","@id":"https:\/\/www.credimex.ch\/de\/#\/schema\/logo\/image\/","url":"https:\/\/www.credimex.ch\/wp-content\/uploads\/2022\/03\/cropped-logo-credimex.png","contentUrl":"https:\/\/www.credimex.ch\/wp-content\/uploads\/2022\/03\/cropped-logo-credimex.png","width":512,"height":512,"caption":"credimex"},"image":{"@id":"https:\/\/www.credimex.ch\/de\/#\/schema\/logo\/image\/"},"sameAs":["https:\/\/www.facebook.com\/credimex.alpnach\/","https:\/\/www.linkedin.com\/company\/credimex\/","https:\/\/www.youtube.com\/@CREDIMEX?sub_confirmation=1"]}]}},"_links":{"self":[{"href":"https:\/\/www.credimex.ch\/de\/wp-json\/wp\/v2\/product\/4182","targetHints":{"allow":["GET"]}}],"collection":[{"href":"https:\/\/www.credimex.ch\/de\/wp-json\/wp\/v2\/product"}],"about":[{"href":"https:\/\/www.credimex.ch\/de\/wp-json\/wp\/v2\/types\/product"}],"replies":[{"embeddable":true,"href":"https:\/\/www.credimex.ch\/de\/wp-json\/wp\/v2\/comments?post=4182"}],"wp:featuredmedia":[{"embeddable":true,"href":"https:\/\/www.credimex.ch\/de\/wp-json\/wp\/v2\/media\/3087"}],"wp:attachment":[{"href":"https:\/\/www.credimex.ch\/de\/wp-json\/wp\/v2\/media?parent=4182"}],"wp:term":[{"taxonomy":"product_brand","embeddable":true,"href":"https:\/\/www.credimex.ch\/de\/wp-json\/wp\/v2\/product_brand?post=4182"},{"taxonomy":"product_cat","embeddable":true,"href":"https:\/\/www.credimex.ch\/de\/wp-json\/wp\/v2\/product_cat?post=4182"},{"taxonomy":"product_tag","embeddable":true,"href":"https:\/\/www.credimex.ch\/de\/wp-json\/wp\/v2\/product_tag?post=4182"}],"curies":[{"name":"wp","href":"https:\/\/api.w.org\/{rel}","templated":true}]}}