{"id":4184,"date":"2022-06-03T09:21:23","date_gmt":"2022-06-03T07:21:23","guid":{"rendered":"https:\/\/www.credimex.ch.mialias.net\/product\/delo-delolux-80\/"},"modified":"2023-01-04T09:49:53","modified_gmt":"2023-01-04T08:49:53","slug":"delo-delolux-80","status":"publish","type":"product","link":"https:\/\/www.credimex.ch\/de\/produkt\/delo-delolux-80\/","title":{"rendered":"Delo Delolux 80"},"content":{"rendered":"<h2>Beschreibung<\/h2>\n<p>Klebstoffaush\u00e4rtung in Sekunden mit dem LED-Strahler von DELO.<\/p>\n<p>Dank modernster LED-Technologie ist der DELOLUX 80 LED-Strahler optimal auf die Anforderungen der industriellen Verklebung zugeschnitten. Das einzigartige Lampensystem erm\u00f6glicht eine schnelle Aush\u00e4rtung von licht- und UV-h\u00e4rtenden Klebstoffen &#8211; mit voller und stabiler Lichtleistung sofort nach dem Einschalten und homogener Intensit\u00e4t \u00fcber die gesamte Bestrahlungsfl\u00e4che.<br \/>\n20-mal l\u00e4ngere Lebensdauer als bei LEDs.<\/p>\n<h2>Produktvorteile<\/h2>\n<ul>\n<li>Homogene Lichtleistung und Temperaturverteilung \u00fcber die gesamte Strahlungsfl\u00e4che<\/li>\n<li>Volle und stabile Lichtleistung sofort nach dem Einschalten<\/li>\n<li>Klebstoff h\u00e4rtet in Sekunden aus<\/li>\n<li>Niedrige Betriebskosten (geringer Stromverbrauch, niedrige Wartungs- und Ersatzteilkosten)<\/li>\n<li>Einfache Integration dank kompakter Bauweise und Lampenkopf mit flexibler Zuf\u00fchrung<\/li>\n<li>Lichtintensit\u00e4t stufenlos einstellbar (kein mechanischer Shutter erforderlich)<\/li>\n<li>Kurze Zykluszeiten &#8211; maximale Prozesssicherheit<\/li>\n<li>Dauerexposition m\u00f6glich<\/li>\n<\/ul>\n<p>Um eine konstante Lichtintensit\u00e4t und eine l\u00e4ngere Lebensdauer der LEDs zu gew\u00e4hrleisten, muss die Temperatur der LED-Module st\u00e4ndig \u00fcberwacht werden. Ausserdem werden die LEDs nicht durch K\u00fchlluft verunreinigt und der Klebeprozess wird nicht beeintr\u00e4chtigt.<\/p>\n<p>Ein weiterer Vorteil der einzigartigen Fl\u00fcssigkeitsk\u00fchlung: Der \u00e4usserst kompakte Lampenkopf ist dadurch nur unwesentlich gr\u00f6sser als die eigentliche Leuchtfl\u00e4che. Deshalb l\u00e4sst sich der LED-Strahler auch unter extrem beengten Verh\u00e4ltnissen problemlos in Produktionsanlagen integrieren.<\/p>\n<h2>Anwendung<\/h2>\n<p>Delo Delolux 80 l\u00e4sst sich auch unter extrem beengten Einbauverh\u00e4ltnissen leicht in Produktionsanlagen integrieren.<\/p>\n","protected":false},"excerpt":{"rendered":"<p><strong>Delo Delolux 80<\/strong> ist ein LED-Strahler von DELO, der eine sekundenschnelle Aush\u00e4rtung des Klebers erm\u00f6glicht.<\/p>\n","protected":false},"featured_media":3085,"comment_status":"open","ping_status":"closed","template":"","meta":{"_acf_changed":false},"product_brand":[],"product_cat":[369,351,456,380,417,390,506],"product_tag":[],"class_list":{"0":"post-4184","1":"product","2":"type-product","3":"status-publish","4":"has-post-thumbnail","6":"product_cat-allgemeine-industrie","7":"product_cat-automobilindustrie","8":"product_cat-delo","9":"product_cat-e-mobilitat","10":"product_cat-elektronik","11":"product_cat-energie","12":"product_cat-uv-lampen","13":"pa_brands-delo-de","15":"first","16":"instock","17":"shipping-taxable","18":"product-type-simple"},"acf":[],"_yoast_wpseo_focuskw":"Delo Delolux 80","_yoast_wpseo_metadesc":"Delo Delolux 80 ist ein LED-Strahler von DELO, der die Aush\u00e4rtung von Klebstoffen in Sekundenschnelle erm\u00f6glicht.","yoast_head":"<!-- This site is optimized with the Yoast SEO Premium plugin v21.6 (Yoast SEO v27.4) - https:\/\/yoast.com\/product\/yoast-seo-premium-wordpress\/ -->\n<title>Delo Delolux 80 - CREDIMEX<\/title>\n<meta name=\"description\" content=\"Delo Delolux 80 ist ein LED-Strahler von DELO, der die Aush\u00e4rtung von Klebstoffen in Sekundenschnelle erm\u00f6glicht.\" \/>\n<meta name=\"robots\" content=\"index, follow, max-snippet:-1, max-image-preview:large, max-video-preview:-1\" \/>\n<link rel=\"canonical\" href=\"https:\/\/www.credimex.ch\/de\/produkt\/delo-delolux-80\/\" \/>\n<meta property=\"og:locale\" content=\"de_DE\" \/>\n<meta property=\"og:type\" content=\"article\" \/>\n<meta property=\"og:title\" content=\"Delo Delolux 80\" \/>\n<meta property=\"og:description\" content=\"Delo Delolux 80 ist ein LED-Strahler von DELO, der die Aush\u00e4rtung von Klebstoffen in Sekundenschnelle erm\u00f6glicht.\" \/>\n<meta property=\"og:url\" content=\"https:\/\/www.credimex.ch\/de\/produkt\/delo-delolux-80\/\" \/>\n<meta property=\"og:site_name\" content=\"CREDIMEX\" \/>\n<meta property=\"article:publisher\" content=\"https:\/\/www.facebook.com\/credimex.alpnach\/\" \/>\n<meta property=\"article:modified_time\" content=\"2023-01-04T08:49:53+00:00\" \/>\n<meta property=\"og:image\" content=\"https:\/\/www.credimex.ch\/wp-content\/uploads\/2022\/06\/credimex-6.png\" \/>\n\t<meta property=\"og:image:width\" content=\"800\" \/>\n\t<meta property=\"og:image:height\" content=\"800\" \/>\n\t<meta property=\"og:image:type\" content=\"image\/png\" \/>\n<meta name=\"twitter:card\" content=\"summary_large_image\" \/>\n<meta name=\"twitter:label1\" content=\"Gesch\u00e4tzte Lesezeit\" \/>\n\t<meta name=\"twitter:data1\" content=\"1\u00a0Minute\" \/>\n<script type=\"application\/ld+json\" class=\"yoast-schema-graph\">{\"@context\":\"https:\\\/\\\/schema.org\",\"@graph\":[{\"@type\":\"WebPage\",\"@id\":\"https:\\\/\\\/www.credimex.ch\\\/de\\\/produkt\\\/delo-delolux-80\\\/\",\"url\":\"https:\\\/\\\/www.credimex.ch\\\/de\\\/produkt\\\/delo-delolux-80\\\/\",\"name\":\"Delo Delolux 80 - CREDIMEX\",\"isPartOf\":{\"@id\":\"https:\\\/\\\/www.credimex.ch\\\/de\\\/#website\"},\"primaryImageOfPage\":{\"@id\":\"https:\\\/\\\/www.credimex.ch\\\/de\\\/produkt\\\/delo-delolux-80\\\/#primaryimage\"},\"image\":{\"@id\":\"https:\\\/\\\/www.credimex.ch\\\/de\\\/produkt\\\/delo-delolux-80\\\/#primaryimage\"},\"thumbnailUrl\":\"https:\\\/\\\/www.credimex.ch\\\/wp-content\\\/uploads\\\/2022\\\/06\\\/credimex-6.png\",\"datePublished\":\"2022-06-03T07:21:23+00:00\",\"dateModified\":\"2023-01-04T08:49:53+00:00\",\"description\":\"Delo Delolux 80 ist ein LED-Strahler von DELO, der die Aush\u00e4rtung von Klebstoffen in Sekundenschnelle erm\u00f6glicht.\",\"breadcrumb\":{\"@id\":\"https:\\\/\\\/www.credimex.ch\\\/de\\\/produkt\\\/delo-delolux-80\\\/#breadcrumb\"},\"inLanguage\":\"de\",\"potentialAction\":[{\"@type\":\"ReadAction\",\"target\":[\"https:\\\/\\\/www.credimex.ch\\\/de\\\/produkt\\\/delo-delolux-80\\\/\"]}]},{\"@type\":\"ImageObject\",\"inLanguage\":\"de\",\"@id\":\"https:\\\/\\\/www.credimex.ch\\\/de\\\/produkt\\\/delo-delolux-80\\\/#primaryimage\",\"url\":\"https:\\\/\\\/www.credimex.ch\\\/wp-content\\\/uploads\\\/2022\\\/06\\\/credimex-6.png\",\"contentUrl\":\"https:\\\/\\\/www.credimex.ch\\\/wp-content\\\/uploads\\\/2022\\\/06\\\/credimex-6.png\",\"width\":800,\"height\":800},{\"@type\":\"BreadcrumbList\",\"@id\":\"https:\\\/\\\/www.credimex.ch\\\/de\\\/produkt\\\/delo-delolux-80\\\/#breadcrumb\",\"itemListElement\":[{\"@type\":\"ListItem\",\"position\":1,\"name\":\"Home\",\"item\":\"https:\\\/\\\/www.credimex.ch\\\/de\\\/\"},{\"@type\":\"ListItem\",\"position\":2,\"name\":\"Produkte\",\"item\":\"https:\\\/\\\/www.credimex.ch\\\/de\\\/produkte\\\/\"},{\"@type\":\"ListItem\",\"position\":3,\"name\":\"Delo Delolux 80\"}]},{\"@type\":\"WebSite\",\"@id\":\"https:\\\/\\\/www.credimex.ch\\\/de\\\/#website\",\"url\":\"https:\\\/\\\/www.credimex.ch\\\/de\\\/\",\"name\":\"CREDIMEX\",\"description\":\"Partner of Swiss Industrial Market\",\"publisher\":{\"@id\":\"https:\\\/\\\/www.credimex.ch\\\/de\\\/#organization\"},\"potentialAction\":[{\"@type\":\"SearchAction\",\"target\":{\"@type\":\"EntryPoint\",\"urlTemplate\":\"https:\\\/\\\/www.credimex.ch\\\/de\\\/?s={search_term_string}\"},\"query-input\":{\"@type\":\"PropertyValueSpecification\",\"valueRequired\":true,\"valueName\":\"search_term_string\"}}],\"inLanguage\":\"de\"},{\"@type\":\"Organization\",\"@id\":\"https:\\\/\\\/www.credimex.ch\\\/de\\\/#organization\",\"name\":\"credimex\",\"url\":\"https:\\\/\\\/www.credimex.ch\\\/de\\\/\",\"logo\":{\"@type\":\"ImageObject\",\"inLanguage\":\"de\",\"@id\":\"https:\\\/\\\/www.credimex.ch\\\/de\\\/#\\\/schema\\\/logo\\\/image\\\/\",\"url\":\"https:\\\/\\\/www.credimex.ch\\\/wp-content\\\/uploads\\\/2022\\\/03\\\/cropped-logo-credimex.png\",\"contentUrl\":\"https:\\\/\\\/www.credimex.ch\\\/wp-content\\\/uploads\\\/2022\\\/03\\\/cropped-logo-credimex.png\",\"width\":512,\"height\":512,\"caption\":\"credimex\"},\"image\":{\"@id\":\"https:\\\/\\\/www.credimex.ch\\\/de\\\/#\\\/schema\\\/logo\\\/image\\\/\"},\"sameAs\":[\"https:\\\/\\\/www.facebook.com\\\/credimex.alpnach\\\/\",\"https:\\\/\\\/www.linkedin.com\\\/company\\\/credimex\\\/\",\"https:\\\/\\\/www.youtube.com\\\/@CREDIMEX?sub_confirmation=1\"]}]}<\/script>\n<!-- \/ Yoast SEO Premium plugin. -->","yoast_head_json":{"title":"Delo Delolux 80 - CREDIMEX","description":"Delo Delolux 80 ist ein LED-Strahler von DELO, der die Aush\u00e4rtung von Klebstoffen in Sekundenschnelle erm\u00f6glicht.","robots":{"index":"index","follow":"follow","max-snippet":"max-snippet:-1","max-image-preview":"max-image-preview:large","max-video-preview":"max-video-preview:-1"},"canonical":"https:\/\/www.credimex.ch\/de\/produkt\/delo-delolux-80\/","og_locale":"de_DE","og_type":"article","og_title":"Delo Delolux 80","og_description":"Delo Delolux 80 ist ein LED-Strahler von DELO, der die Aush\u00e4rtung von Klebstoffen in Sekundenschnelle erm\u00f6glicht.","og_url":"https:\/\/www.credimex.ch\/de\/produkt\/delo-delolux-80\/","og_site_name":"CREDIMEX","article_publisher":"https:\/\/www.facebook.com\/credimex.alpnach\/","article_modified_time":"2023-01-04T08:49:53+00:00","og_image":[{"width":800,"height":800,"url":"https:\/\/www.credimex.ch\/wp-content\/uploads\/2022\/06\/credimex-6.png","type":"image\/png"}],"twitter_card":"summary_large_image","twitter_misc":{"Gesch\u00e4tzte Lesezeit":"1\u00a0Minute"},"schema":{"@context":"https:\/\/schema.org","@graph":[{"@type":"WebPage","@id":"https:\/\/www.credimex.ch\/de\/produkt\/delo-delolux-80\/","url":"https:\/\/www.credimex.ch\/de\/produkt\/delo-delolux-80\/","name":"Delo Delolux 80 - CREDIMEX","isPartOf":{"@id":"https:\/\/www.credimex.ch\/de\/#website"},"primaryImageOfPage":{"@id":"https:\/\/www.credimex.ch\/de\/produkt\/delo-delolux-80\/#primaryimage"},"image":{"@id":"https:\/\/www.credimex.ch\/de\/produkt\/delo-delolux-80\/#primaryimage"},"thumbnailUrl":"https:\/\/www.credimex.ch\/wp-content\/uploads\/2022\/06\/credimex-6.png","datePublished":"2022-06-03T07:21:23+00:00","dateModified":"2023-01-04T08:49:53+00:00","description":"Delo Delolux 80 ist ein LED-Strahler von DELO, der die Aush\u00e4rtung von Klebstoffen in Sekundenschnelle erm\u00f6glicht.","breadcrumb":{"@id":"https:\/\/www.credimex.ch\/de\/produkt\/delo-delolux-80\/#breadcrumb"},"inLanguage":"de","potentialAction":[{"@type":"ReadAction","target":["https:\/\/www.credimex.ch\/de\/produkt\/delo-delolux-80\/"]}]},{"@type":"ImageObject","inLanguage":"de","@id":"https:\/\/www.credimex.ch\/de\/produkt\/delo-delolux-80\/#primaryimage","url":"https:\/\/www.credimex.ch\/wp-content\/uploads\/2022\/06\/credimex-6.png","contentUrl":"https:\/\/www.credimex.ch\/wp-content\/uploads\/2022\/06\/credimex-6.png","width":800,"height":800},{"@type":"BreadcrumbList","@id":"https:\/\/www.credimex.ch\/de\/produkt\/delo-delolux-80\/#breadcrumb","itemListElement":[{"@type":"ListItem","position":1,"name":"Home","item":"https:\/\/www.credimex.ch\/de\/"},{"@type":"ListItem","position":2,"name":"Produkte","item":"https:\/\/www.credimex.ch\/de\/produkte\/"},{"@type":"ListItem","position":3,"name":"Delo Delolux 80"}]},{"@type":"WebSite","@id":"https:\/\/www.credimex.ch\/de\/#website","url":"https:\/\/www.credimex.ch\/de\/","name":"CREDIMEX","description":"Partner of Swiss Industrial Market","publisher":{"@id":"https:\/\/www.credimex.ch\/de\/#organization"},"potentialAction":[{"@type":"SearchAction","target":{"@type":"EntryPoint","urlTemplate":"https:\/\/www.credimex.ch\/de\/?s={search_term_string}"},"query-input":{"@type":"PropertyValueSpecification","valueRequired":true,"valueName":"search_term_string"}}],"inLanguage":"de"},{"@type":"Organization","@id":"https:\/\/www.credimex.ch\/de\/#organization","name":"credimex","url":"https:\/\/www.credimex.ch\/de\/","logo":{"@type":"ImageObject","inLanguage":"de","@id":"https:\/\/www.credimex.ch\/de\/#\/schema\/logo\/image\/","url":"https:\/\/www.credimex.ch\/wp-content\/uploads\/2022\/03\/cropped-logo-credimex.png","contentUrl":"https:\/\/www.credimex.ch\/wp-content\/uploads\/2022\/03\/cropped-logo-credimex.png","width":512,"height":512,"caption":"credimex"},"image":{"@id":"https:\/\/www.credimex.ch\/de\/#\/schema\/logo\/image\/"},"sameAs":["https:\/\/www.facebook.com\/credimex.alpnach\/","https:\/\/www.linkedin.com\/company\/credimex\/","https:\/\/www.youtube.com\/@CREDIMEX?sub_confirmation=1"]}]}},"_links":{"self":[{"href":"https:\/\/www.credimex.ch\/de\/wp-json\/wp\/v2\/product\/4184","targetHints":{"allow":["GET"]}}],"collection":[{"href":"https:\/\/www.credimex.ch\/de\/wp-json\/wp\/v2\/product"}],"about":[{"href":"https:\/\/www.credimex.ch\/de\/wp-json\/wp\/v2\/types\/product"}],"replies":[{"embeddable":true,"href":"https:\/\/www.credimex.ch\/de\/wp-json\/wp\/v2\/comments?post=4184"}],"wp:featuredmedia":[{"embeddable":true,"href":"https:\/\/www.credimex.ch\/de\/wp-json\/wp\/v2\/media\/3085"}],"wp:attachment":[{"href":"https:\/\/www.credimex.ch\/de\/wp-json\/wp\/v2\/media?parent=4184"}],"wp:term":[{"taxonomy":"product_brand","embeddable":true,"href":"https:\/\/www.credimex.ch\/de\/wp-json\/wp\/v2\/product_brand?post=4184"},{"taxonomy":"product_cat","embeddable":true,"href":"https:\/\/www.credimex.ch\/de\/wp-json\/wp\/v2\/product_cat?post=4184"},{"taxonomy":"product_tag","embeddable":true,"href":"https:\/\/www.credimex.ch\/de\/wp-json\/wp\/v2\/product_tag?post=4184"}],"curies":[{"name":"wp","href":"https:\/\/api.w.org\/{rel}","templated":true}]}}