{"id":4192,"date":"2022-06-02T12:41:50","date_gmt":"2022-06-02T10:41:50","guid":{"rendered":"https:\/\/www.credimex.ch.mialias.net\/product\/delo-delolux-20-202\/"},"modified":"2023-01-04T09:49:38","modified_gmt":"2023-01-04T08:49:38","slug":"delo-delolux-20-202","status":"publish","type":"product","link":"https:\/\/www.credimex.ch\/de\/produkt\/delo-delolux-20-202\/","title":{"rendered":"Delo Delolux 20\/202"},"content":{"rendered":"<h2>Beschreibung<\/h2>\n<p>DELOLUX 20 und DELOLUX 202 sind UV-Flutstrahler. Mit einem Flutlichtstrahler, der das Licht homogen verteilt, k\u00f6nnen gr\u00f6ssere Fl\u00e4chen in Sekundenschnelle ausgeh\u00e4rtet werden.<\/p>\n<ul>\n<li>Beleuchtungs-Technologie: LED<\/li>\n<li>Spektrum-UV<\/li>\n<li>Wellenl\u00e4nge-Min.: 365 nm &#8211; Max.: 460 nm<\/li>\n<li>Ausgangsleistung Min.: 600 W (0,81577 hp) &#8211; Max.: 2.000.000 W (2.719,24231 hp)<\/li>\n<\/ul>\n<h2>Produktvorteile<\/h2>\n<p>Unsere LED-Flutlichter lassen sich an individuelle Produktionseinstellungen anpassen und flexibel in vollautomatische Montagelinien integrieren. Sie eignen sich besonders f\u00fcr grosse Fl\u00e4chen, die zum Aush\u00e4rten gleichm\u00e4ssig ausgeleuchtet werden m\u00fcssen: Durch die Aneinanderreihung von DELOLUX 20 oder DELOLUX 202 flood Aush\u00e4rtungslampen ist es m\u00f6glich, grosse Klebefl\u00e4chen gleichm\u00e4ssig zu beleuchten. Die Reihenschaltung dieser LED-H\u00e4rtungslampen ist sowohl auf der x- als auch auf der y-Achse m\u00f6glich.<\/p>\n<p>Ein weiterer Vorteil dieser Flutlichtlampen: Dank der Kaltlichtquelle ist die W\u00e4rmeentwicklung am Bauteil sehr gering. Dar\u00fcber hinaus zeichnet sich diese Art von Flutlichtlampen durch eine sehr lange Lebensdauer und eine v\u00f6llig gleichm\u00e4ssige Lichtintensit\u00e4t aus &#8211; f\u00fcr optimale Aush\u00e4rtungsergebnisse w\u00e4hrend ihrer gesamten Lebensdauer.<\/p>\n<h2>Anmeldung<\/h2>\n<ul>\n<li>Technische Anwendungen &#8211; f\u00fcr die Aush\u00e4rtung von Klebstoffen<\/li>\n<\/ul>\n","protected":false},"excerpt":{"rendered":"<p><strong>Delo Delolux 20\/202<\/strong> sind UV-Flutlichtlampen. Mit einem Flutlichtstrahler, der das Licht homogen verteilt, k\u00f6nnen gr\u00f6ssere Fl\u00e4chen in Sekundenschnelle ausgeh\u00e4rtet werden.<\/p>\n","protected":false},"featured_media":3061,"comment_status":"open","ping_status":"closed","template":"","meta":{"_acf_changed":false},"product_brand":[],"product_cat":[369,351,456,380,417,390,506],"product_tag":[],"class_list":{"0":"post-4192","1":"product","2":"type-product","3":"status-publish","4":"has-post-thumbnail","6":"product_cat-allgemeine-industrie","7":"product_cat-automobilindustrie","8":"product_cat-delo","9":"product_cat-e-mobilitat","10":"product_cat-elektronik","11":"product_cat-energie","12":"product_cat-uv-lampen","13":"pa_brands-delo-de","15":"first","16":"instock","17":"shipping-taxable","18":"product-type-simple"},"acf":[],"_yoast_wpseo_focuskw":"Delo Delolux 20\/202","_yoast_wpseo_metadesc":"Delo Delolux 20\/202 sind UV-Flutlichtlampen. Mit einem Flutlichtstrahler, der das Licht homogen verteilt, k\u00f6nnen gr\u00f6ssere Fl\u00e4chen in Sekundenschnelle ausgeh\u00e4rtet werden.","yoast_head":"<!-- This site is optimized with the Yoast SEO Premium plugin v21.6 (Yoast SEO v27.4) - https:\/\/yoast.com\/product\/yoast-seo-premium-wordpress\/ -->\n<title>Delo Delolux 20\/202 - CREDIMEX<\/title>\n<meta name=\"description\" content=\"Delo Delolux 20\/202 sind UV-Flutlichtlampen. Mit einem Flutlichtstrahler, der das Licht homogen verteilt, k\u00f6nnen gr\u00f6ssere Fl\u00e4chen in Sekundenschnelle ausgeh\u00e4rtet werden.\" \/>\n<meta name=\"robots\" content=\"index, follow, max-snippet:-1, max-image-preview:large, max-video-preview:-1\" \/>\n<link rel=\"canonical\" href=\"https:\/\/www.credimex.ch\/de\/produkt\/delo-delolux-20-202\/\" \/>\n<meta property=\"og:locale\" content=\"de_DE\" \/>\n<meta property=\"og:type\" content=\"article\" \/>\n<meta property=\"og:title\" content=\"Delo Delolux 20\/202\" \/>\n<meta property=\"og:description\" content=\"Delo Delolux 20\/202 sind UV-Flutlichtlampen. Mit einem Flutlichtstrahler, der das Licht homogen verteilt, k\u00f6nnen gr\u00f6ssere Fl\u00e4chen in Sekundenschnelle ausgeh\u00e4rtet werden.\" \/>\n<meta property=\"og:url\" content=\"https:\/\/www.credimex.ch\/de\/produkt\/delo-delolux-20-202\/\" \/>\n<meta property=\"og:site_name\" content=\"CREDIMEX\" \/>\n<meta property=\"article:publisher\" content=\"https:\/\/www.facebook.com\/credimex.alpnach\/\" \/>\n<meta property=\"article:modified_time\" content=\"2023-01-04T08:49:38+00:00\" \/>\n<meta property=\"og:image\" content=\"https:\/\/www.credimex.ch\/wp-content\/uploads\/2022\/06\/credimex-4.png\" \/>\n\t<meta property=\"og:image:width\" content=\"800\" \/>\n\t<meta property=\"og:image:height\" content=\"800\" \/>\n\t<meta property=\"og:image:type\" content=\"image\/png\" \/>\n<meta name=\"twitter:card\" content=\"summary_large_image\" \/>\n<meta name=\"twitter:label1\" content=\"Gesch\u00e4tzte Lesezeit\" \/>\n\t<meta name=\"twitter:data1\" content=\"1\u00a0Minute\" \/>\n<script type=\"application\/ld+json\" class=\"yoast-schema-graph\">{\"@context\":\"https:\\\/\\\/schema.org\",\"@graph\":[{\"@type\":\"WebPage\",\"@id\":\"https:\\\/\\\/www.credimex.ch\\\/de\\\/produkt\\\/delo-delolux-20-202\\\/\",\"url\":\"https:\\\/\\\/www.credimex.ch\\\/de\\\/produkt\\\/delo-delolux-20-202\\\/\",\"name\":\"Delo Delolux 20\\\/202 - CREDIMEX\",\"isPartOf\":{\"@id\":\"https:\\\/\\\/www.credimex.ch\\\/de\\\/#website\"},\"primaryImageOfPage\":{\"@id\":\"https:\\\/\\\/www.credimex.ch\\\/de\\\/produkt\\\/delo-delolux-20-202\\\/#primaryimage\"},\"image\":{\"@id\":\"https:\\\/\\\/www.credimex.ch\\\/de\\\/produkt\\\/delo-delolux-20-202\\\/#primaryimage\"},\"thumbnailUrl\":\"https:\\\/\\\/www.credimex.ch\\\/wp-content\\\/uploads\\\/2022\\\/06\\\/credimex-4.png\",\"datePublished\":\"2022-06-02T10:41:50+00:00\",\"dateModified\":\"2023-01-04T08:49:38+00:00\",\"description\":\"Delo Delolux 20\\\/202 sind UV-Flutlichtlampen. Mit einem Flutlichtstrahler, der das Licht homogen verteilt, k\u00f6nnen gr\u00f6ssere Fl\u00e4chen in Sekundenschnelle ausgeh\u00e4rtet werden.\",\"breadcrumb\":{\"@id\":\"https:\\\/\\\/www.credimex.ch\\\/de\\\/produkt\\\/delo-delolux-20-202\\\/#breadcrumb\"},\"inLanguage\":\"de\",\"potentialAction\":[{\"@type\":\"ReadAction\",\"target\":[\"https:\\\/\\\/www.credimex.ch\\\/de\\\/produkt\\\/delo-delolux-20-202\\\/\"]}]},{\"@type\":\"ImageObject\",\"inLanguage\":\"de\",\"@id\":\"https:\\\/\\\/www.credimex.ch\\\/de\\\/produkt\\\/delo-delolux-20-202\\\/#primaryimage\",\"url\":\"https:\\\/\\\/www.credimex.ch\\\/wp-content\\\/uploads\\\/2022\\\/06\\\/credimex-4.png\",\"contentUrl\":\"https:\\\/\\\/www.credimex.ch\\\/wp-content\\\/uploads\\\/2022\\\/06\\\/credimex-4.png\",\"width\":800,\"height\":800},{\"@type\":\"BreadcrumbList\",\"@id\":\"https:\\\/\\\/www.credimex.ch\\\/de\\\/produkt\\\/delo-delolux-20-202\\\/#breadcrumb\",\"itemListElement\":[{\"@type\":\"ListItem\",\"position\":1,\"name\":\"Home\",\"item\":\"https:\\\/\\\/www.credimex.ch\\\/de\\\/\"},{\"@type\":\"ListItem\",\"position\":2,\"name\":\"Produkte\",\"item\":\"https:\\\/\\\/www.credimex.ch\\\/de\\\/produkte\\\/\"},{\"@type\":\"ListItem\",\"position\":3,\"name\":\"Delo Delolux 20\\\/202\"}]},{\"@type\":\"WebSite\",\"@id\":\"https:\\\/\\\/www.credimex.ch\\\/de\\\/#website\",\"url\":\"https:\\\/\\\/www.credimex.ch\\\/de\\\/\",\"name\":\"CREDIMEX\",\"description\":\"Partner of Swiss Industrial Market\",\"publisher\":{\"@id\":\"https:\\\/\\\/www.credimex.ch\\\/de\\\/#organization\"},\"potentialAction\":[{\"@type\":\"SearchAction\",\"target\":{\"@type\":\"EntryPoint\",\"urlTemplate\":\"https:\\\/\\\/www.credimex.ch\\\/de\\\/?s={search_term_string}\"},\"query-input\":{\"@type\":\"PropertyValueSpecification\",\"valueRequired\":true,\"valueName\":\"search_term_string\"}}],\"inLanguage\":\"de\"},{\"@type\":\"Organization\",\"@id\":\"https:\\\/\\\/www.credimex.ch\\\/de\\\/#organization\",\"name\":\"credimex\",\"url\":\"https:\\\/\\\/www.credimex.ch\\\/de\\\/\",\"logo\":{\"@type\":\"ImageObject\",\"inLanguage\":\"de\",\"@id\":\"https:\\\/\\\/www.credimex.ch\\\/de\\\/#\\\/schema\\\/logo\\\/image\\\/\",\"url\":\"https:\\\/\\\/www.credimex.ch\\\/wp-content\\\/uploads\\\/2022\\\/03\\\/cropped-logo-credimex.png\",\"contentUrl\":\"https:\\\/\\\/www.credimex.ch\\\/wp-content\\\/uploads\\\/2022\\\/03\\\/cropped-logo-credimex.png\",\"width\":512,\"height\":512,\"caption\":\"credimex\"},\"image\":{\"@id\":\"https:\\\/\\\/www.credimex.ch\\\/de\\\/#\\\/schema\\\/logo\\\/image\\\/\"},\"sameAs\":[\"https:\\\/\\\/www.facebook.com\\\/credimex.alpnach\\\/\",\"https:\\\/\\\/www.linkedin.com\\\/company\\\/credimex\\\/\",\"https:\\\/\\\/www.youtube.com\\\/@CREDIMEX?sub_confirmation=1\"]}]}<\/script>\n<!-- \/ Yoast SEO Premium plugin. -->","yoast_head_json":{"title":"Delo Delolux 20\/202 - CREDIMEX","description":"Delo Delolux 20\/202 sind UV-Flutlichtlampen. Mit einem Flutlichtstrahler, der das Licht homogen verteilt, k\u00f6nnen gr\u00f6ssere Fl\u00e4chen in Sekundenschnelle ausgeh\u00e4rtet werden.","robots":{"index":"index","follow":"follow","max-snippet":"max-snippet:-1","max-image-preview":"max-image-preview:large","max-video-preview":"max-video-preview:-1"},"canonical":"https:\/\/www.credimex.ch\/de\/produkt\/delo-delolux-20-202\/","og_locale":"de_DE","og_type":"article","og_title":"Delo Delolux 20\/202","og_description":"Delo Delolux 20\/202 sind UV-Flutlichtlampen. Mit einem Flutlichtstrahler, der das Licht homogen verteilt, k\u00f6nnen gr\u00f6ssere Fl\u00e4chen in Sekundenschnelle ausgeh\u00e4rtet werden.","og_url":"https:\/\/www.credimex.ch\/de\/produkt\/delo-delolux-20-202\/","og_site_name":"CREDIMEX","article_publisher":"https:\/\/www.facebook.com\/credimex.alpnach\/","article_modified_time":"2023-01-04T08:49:38+00:00","og_image":[{"width":800,"height":800,"url":"https:\/\/www.credimex.ch\/wp-content\/uploads\/2022\/06\/credimex-4.png","type":"image\/png"}],"twitter_card":"summary_large_image","twitter_misc":{"Gesch\u00e4tzte Lesezeit":"1\u00a0Minute"},"schema":{"@context":"https:\/\/schema.org","@graph":[{"@type":"WebPage","@id":"https:\/\/www.credimex.ch\/de\/produkt\/delo-delolux-20-202\/","url":"https:\/\/www.credimex.ch\/de\/produkt\/delo-delolux-20-202\/","name":"Delo Delolux 20\/202 - CREDIMEX","isPartOf":{"@id":"https:\/\/www.credimex.ch\/de\/#website"},"primaryImageOfPage":{"@id":"https:\/\/www.credimex.ch\/de\/produkt\/delo-delolux-20-202\/#primaryimage"},"image":{"@id":"https:\/\/www.credimex.ch\/de\/produkt\/delo-delolux-20-202\/#primaryimage"},"thumbnailUrl":"https:\/\/www.credimex.ch\/wp-content\/uploads\/2022\/06\/credimex-4.png","datePublished":"2022-06-02T10:41:50+00:00","dateModified":"2023-01-04T08:49:38+00:00","description":"Delo Delolux 20\/202 sind UV-Flutlichtlampen. Mit einem Flutlichtstrahler, der das Licht homogen verteilt, k\u00f6nnen gr\u00f6ssere Fl\u00e4chen in Sekundenschnelle ausgeh\u00e4rtet werden.","breadcrumb":{"@id":"https:\/\/www.credimex.ch\/de\/produkt\/delo-delolux-20-202\/#breadcrumb"},"inLanguage":"de","potentialAction":[{"@type":"ReadAction","target":["https:\/\/www.credimex.ch\/de\/produkt\/delo-delolux-20-202\/"]}]},{"@type":"ImageObject","inLanguage":"de","@id":"https:\/\/www.credimex.ch\/de\/produkt\/delo-delolux-20-202\/#primaryimage","url":"https:\/\/www.credimex.ch\/wp-content\/uploads\/2022\/06\/credimex-4.png","contentUrl":"https:\/\/www.credimex.ch\/wp-content\/uploads\/2022\/06\/credimex-4.png","width":800,"height":800},{"@type":"BreadcrumbList","@id":"https:\/\/www.credimex.ch\/de\/produkt\/delo-delolux-20-202\/#breadcrumb","itemListElement":[{"@type":"ListItem","position":1,"name":"Home","item":"https:\/\/www.credimex.ch\/de\/"},{"@type":"ListItem","position":2,"name":"Produkte","item":"https:\/\/www.credimex.ch\/de\/produkte\/"},{"@type":"ListItem","position":3,"name":"Delo Delolux 20\/202"}]},{"@type":"WebSite","@id":"https:\/\/www.credimex.ch\/de\/#website","url":"https:\/\/www.credimex.ch\/de\/","name":"CREDIMEX","description":"Partner of Swiss Industrial Market","publisher":{"@id":"https:\/\/www.credimex.ch\/de\/#organization"},"potentialAction":[{"@type":"SearchAction","target":{"@type":"EntryPoint","urlTemplate":"https:\/\/www.credimex.ch\/de\/?s={search_term_string}"},"query-input":{"@type":"PropertyValueSpecification","valueRequired":true,"valueName":"search_term_string"}}],"inLanguage":"de"},{"@type":"Organization","@id":"https:\/\/www.credimex.ch\/de\/#organization","name":"credimex","url":"https:\/\/www.credimex.ch\/de\/","logo":{"@type":"ImageObject","inLanguage":"de","@id":"https:\/\/www.credimex.ch\/de\/#\/schema\/logo\/image\/","url":"https:\/\/www.credimex.ch\/wp-content\/uploads\/2022\/03\/cropped-logo-credimex.png","contentUrl":"https:\/\/www.credimex.ch\/wp-content\/uploads\/2022\/03\/cropped-logo-credimex.png","width":512,"height":512,"caption":"credimex"},"image":{"@id":"https:\/\/www.credimex.ch\/de\/#\/schema\/logo\/image\/"},"sameAs":["https:\/\/www.facebook.com\/credimex.alpnach\/","https:\/\/www.linkedin.com\/company\/credimex\/","https:\/\/www.youtube.com\/@CREDIMEX?sub_confirmation=1"]}]}},"_links":{"self":[{"href":"https:\/\/www.credimex.ch\/de\/wp-json\/wp\/v2\/product\/4192","targetHints":{"allow":["GET"]}}],"collection":[{"href":"https:\/\/www.credimex.ch\/de\/wp-json\/wp\/v2\/product"}],"about":[{"href":"https:\/\/www.credimex.ch\/de\/wp-json\/wp\/v2\/types\/product"}],"replies":[{"embeddable":true,"href":"https:\/\/www.credimex.ch\/de\/wp-json\/wp\/v2\/comments?post=4192"}],"wp:featuredmedia":[{"embeddable":true,"href":"https:\/\/www.credimex.ch\/de\/wp-json\/wp\/v2\/media\/3061"}],"wp:attachment":[{"href":"https:\/\/www.credimex.ch\/de\/wp-json\/wp\/v2\/media?parent=4192"}],"wp:term":[{"taxonomy":"product_brand","embeddable":true,"href":"https:\/\/www.credimex.ch\/de\/wp-json\/wp\/v2\/product_brand?post=4192"},{"taxonomy":"product_cat","embeddable":true,"href":"https:\/\/www.credimex.ch\/de\/wp-json\/wp\/v2\/product_cat?post=4192"},{"taxonomy":"product_tag","embeddable":true,"href":"https:\/\/www.credimex.ch\/de\/wp-json\/wp\/v2\/product_tag?post=4192"}],"curies":[{"name":"wp","href":"https:\/\/api.w.org\/{rel}","templated":true}]}}