{"id":4196,"date":"2022-06-02T12:07:31","date_gmt":"2022-06-02T10:07:31","guid":{"rendered":"https:\/\/www.credimex.ch.mialias.net\/product\/delo-kaugummi-3699\/"},"modified":"2023-02-07T16:54:18","modified_gmt":"2023-02-07T15:54:18","slug":"delo-gum-3699","status":"publish","type":"product","link":"https:\/\/www.credimex.ch\/de\/produkt\/delo-gum-3699\/","title":{"rendered":"Delo GUM 3699"},"content":{"rendered":"<h2>Beschreibung<\/h2>\n<p>1K-Essigs\u00e4ure-vernetzender Silikonkautschuk, sehr hohe Temperaturbest\u00e4ndigkeit, fest.<\/p>\n<ul>\n<li>Farbe: rot<\/li>\n<li>Gewicht: 375 g (310 ml)<\/li>\n<li>Zersetzungsprodukt Essigs\u00e4ure Dichte [g\/cm\u00b3] bei Raumtemperatur (ca. 23 \u00b0C): 1.2<\/li>\n<li>Viskosit\u00e4t bei 23 \u00b0C: past\u00f6s<\/li>\n<li>Verarbeitungstemperatur [\u00b0C]: 5 bis 35<\/li>\n<li>Hautbildungszeit [min]: 5<\/li>\n<li>Tiefenh\u00e4rtung [mm\/24 h]: 2<\/li>\n<li>Zugfestigkeit [MPa]: 3<\/li>\n<li>Dehnung beim Reissen [%]: 300<\/li>\n<li>Shore-H\u00e4rte A: 35<\/li>\n<li>Schrumpfung [Vol. %]: 3<\/li>\n<li>Wasseraufnahme [weight %]: 0,2<\/li>\n<li>Lagerf\u00e4higkeit bei Raumtemperatur (ca. 23 \u00b0C) im unge\u00f6ffneten Originalgebinde bis zu 310 ml (375 g): 12 Monate<\/li>\n<li>Essigs\u00e4urevernetzender Silikonkautschuk (RTV-1-Silikonkautschuk)<\/li>\n<li>Einkomponentig, l\u00f6sungsmittelfrei, hochtemperaturbest\u00e4ndig<\/li>\n<\/ul>\n<p>H\u00e4rtet bei Raumtemperatur unter Einwirkung von Feuchtigkeit zu einem dauerelastischen Material aus. Bei der Aush\u00e4rtung (Polykondensation) wird eine geringe Menge Essigs\u00e4ure zersetzt. Die Aush\u00e4rtung beginnt an der Oberfl\u00e4che des Silikons (Kontakt mit der Luftfeuchtigkeit); bereits nach wenigen Minuten bildet sich eine trockene Haut. Die Tiefenh\u00e4rtung des Silikonkautschuks erfolgt mit ca. 2 mm \/ 24 h.<\/p>\n<h2>Produktvorteile<\/h2>\n<p>F\u00fchrende Eigenschaften sind hohe Temperaturbest\u00e4ndigkeit bis zu +300 \u00b0C, gute Haftfestigkeit auf verschiedenen Materialien, hohe Festigkeit, schnelle Aush\u00e4rtung, past\u00f6s, fest. Im Allgemeinen wird das Produkt in einem Temperaturbereich von -50 \u00b0C bis +300 \u00b0C eingesetzt; je nach Anwendung k\u00f6nnen andere Grenzwerte sinnvoller sein. Entspricht der RoHS-Richtlinie 2015\/863\/EU.<\/p>\n<p>Wird gebrauchsfertig geliefert und kann direkt aus der Flasche oder Kartusche verarbeitet werden.<\/p>\n<h2>Anwendung<\/h2>\n<p>Besonders geeignet zum elastischen, ausgleichenden Abdichten und Verkleben von gleichen und unterschiedlichen Materialien, vorzugsweise im Maschinenbau und Glasbau.<\/p>\n","protected":false},"excerpt":{"rendered":"<p><strong>Delo Gum 3699<\/strong> ist ein Silikonkautschuk mit sehr hoher Temperaturbest\u00e4ndigkeit, besonders geeignet f\u00fcr elastische, ausgleichende Abdichtungen und Verklebungen von gleichen und unterschiedlichen Materialien.<\/p>\n","protected":false},"featured_media":3057,"comment_status":"open","ping_status":"closed","template":"","meta":{"_acf_changed":false},"product_brand":[],"product_cat":[369,351,456,380,417,390,457,530],"product_tag":[],"class_list":{"0":"post-4196","1":"product","2":"type-product","3":"status-publish","4":"has-post-thumbnail","6":"product_cat-allgemeine-industrie","7":"product_cat-automobilindustrie","8":"product_cat-delo","9":"product_cat-e-mobilitat","10":"product_cat-elektronik","11":"product_cat-energie","12":"product_cat-klebstoffe-und-dichtungsmittel","13":"product_cat-silikon-klebstoffe","14":"pa_brands-delo-de","16":"first","17":"instock","18":"shipping-taxable","19":"product-type-simple"},"acf":[],"_yoast_wpseo_focuskw":"Delo Kaugummi 3699","_yoast_wpseo_metadesc":"Delo Gum 3699 ist ein Silikonkautschuk mit sehr hoher Temperaturbest\u00e4ndigkeit, besonders geeignet f\u00fcr elastische, ausgleichende Abdichtungen und Verklebungen von gleichen und unterschiedlichen Materialien.","yoast_head":"<!-- This site is optimized with the Yoast SEO Premium plugin v21.6 (Yoast SEO v27.4) - https:\/\/yoast.com\/product\/yoast-seo-premium-wordpress\/ -->\n<title>Delo GUM 3699 - CREDIMEX<\/title>\n<meta name=\"description\" content=\"Delo Gum 3699 ist ein Silikonkautschuk mit sehr hoher Temperaturbest\u00e4ndigkeit, besonders geeignet f\u00fcr elastische, ausgleichende Abdichtungen und Verklebungen von gleichen und unterschiedlichen Materialien.\" \/>\n<meta name=\"robots\" content=\"index, follow, max-snippet:-1, max-image-preview:large, max-video-preview:-1\" \/>\n<link rel=\"canonical\" href=\"https:\/\/www.credimex.ch\/de\/produkt\/delo-gum-3699\/\" \/>\n<meta property=\"og:locale\" content=\"de_DE\" \/>\n<meta property=\"og:type\" content=\"article\" \/>\n<meta property=\"og:title\" content=\"Delo GUM 3699\" \/>\n<meta property=\"og:description\" content=\"Delo Gum 3699 ist ein Silikonkautschuk mit sehr hoher Temperaturbest\u00e4ndigkeit, besonders geeignet f\u00fcr elastische, ausgleichende Abdichtungen und Verklebungen von gleichen und unterschiedlichen Materialien.\" \/>\n<meta property=\"og:url\" content=\"https:\/\/www.credimex.ch\/de\/produkt\/delo-gum-3699\/\" \/>\n<meta property=\"og:site_name\" content=\"CREDIMEX\" \/>\n<meta property=\"article:publisher\" content=\"https:\/\/www.facebook.com\/credimex.alpnach\/\" \/>\n<meta property=\"article:modified_time\" content=\"2023-02-07T15:54:18+00:00\" \/>\n<meta property=\"og:image\" content=\"https:\/\/www.credimex.ch\/wp-content\/uploads\/2022\/06\/credimex-2.png\" \/>\n\t<meta property=\"og:image:width\" content=\"800\" \/>\n\t<meta property=\"og:image:height\" content=\"800\" \/>\n\t<meta property=\"og:image:type\" content=\"image\/png\" \/>\n<meta name=\"twitter:card\" content=\"summary_large_image\" \/>\n<meta name=\"twitter:label1\" content=\"Gesch\u00e4tzte Lesezeit\" \/>\n\t<meta name=\"twitter:data1\" content=\"1\u00a0Minute\" \/>\n<script type=\"application\/ld+json\" class=\"yoast-schema-graph\">{\"@context\":\"https:\\\/\\\/schema.org\",\"@graph\":[{\"@type\":\"WebPage\",\"@id\":\"https:\\\/\\\/www.credimex.ch\\\/de\\\/produkt\\\/delo-gum-3699\\\/\",\"url\":\"https:\\\/\\\/www.credimex.ch\\\/de\\\/produkt\\\/delo-gum-3699\\\/\",\"name\":\"Delo GUM 3699 - CREDIMEX\",\"isPartOf\":{\"@id\":\"https:\\\/\\\/www.credimex.ch\\\/de\\\/#website\"},\"primaryImageOfPage\":{\"@id\":\"https:\\\/\\\/www.credimex.ch\\\/de\\\/produkt\\\/delo-gum-3699\\\/#primaryimage\"},\"image\":{\"@id\":\"https:\\\/\\\/www.credimex.ch\\\/de\\\/produkt\\\/delo-gum-3699\\\/#primaryimage\"},\"thumbnailUrl\":\"https:\\\/\\\/www.credimex.ch\\\/wp-content\\\/uploads\\\/2022\\\/06\\\/credimex-2.png\",\"datePublished\":\"2022-06-02T10:07:31+00:00\",\"dateModified\":\"2023-02-07T15:54:18+00:00\",\"description\":\"Delo Gum 3699 ist ein Silikonkautschuk mit sehr hoher Temperaturbest\u00e4ndigkeit, besonders geeignet f\u00fcr elastische, ausgleichende Abdichtungen und Verklebungen von gleichen und unterschiedlichen Materialien.\",\"breadcrumb\":{\"@id\":\"https:\\\/\\\/www.credimex.ch\\\/de\\\/produkt\\\/delo-gum-3699\\\/#breadcrumb\"},\"inLanguage\":\"de\",\"potentialAction\":[{\"@type\":\"ReadAction\",\"target\":[\"https:\\\/\\\/www.credimex.ch\\\/de\\\/produkt\\\/delo-gum-3699\\\/\"]}]},{\"@type\":\"ImageObject\",\"inLanguage\":\"de\",\"@id\":\"https:\\\/\\\/www.credimex.ch\\\/de\\\/produkt\\\/delo-gum-3699\\\/#primaryimage\",\"url\":\"https:\\\/\\\/www.credimex.ch\\\/wp-content\\\/uploads\\\/2022\\\/06\\\/credimex-2.png\",\"contentUrl\":\"https:\\\/\\\/www.credimex.ch\\\/wp-content\\\/uploads\\\/2022\\\/06\\\/credimex-2.png\",\"width\":800,\"height\":800},{\"@type\":\"BreadcrumbList\",\"@id\":\"https:\\\/\\\/www.credimex.ch\\\/de\\\/produkt\\\/delo-gum-3699\\\/#breadcrumb\",\"itemListElement\":[{\"@type\":\"ListItem\",\"position\":1,\"name\":\"Home\",\"item\":\"https:\\\/\\\/www.credimex.ch\\\/de\\\/\"},{\"@type\":\"ListItem\",\"position\":2,\"name\":\"Produkte\",\"item\":\"https:\\\/\\\/www.credimex.ch\\\/de\\\/produkte\\\/\"},{\"@type\":\"ListItem\",\"position\":3,\"name\":\"Delo GUM 3699\"}]},{\"@type\":\"WebSite\",\"@id\":\"https:\\\/\\\/www.credimex.ch\\\/de\\\/#website\",\"url\":\"https:\\\/\\\/www.credimex.ch\\\/de\\\/\",\"name\":\"CREDIMEX\",\"description\":\"Partner of Swiss Industrial Market\",\"publisher\":{\"@id\":\"https:\\\/\\\/www.credimex.ch\\\/de\\\/#organization\"},\"potentialAction\":[{\"@type\":\"SearchAction\",\"target\":{\"@type\":\"EntryPoint\",\"urlTemplate\":\"https:\\\/\\\/www.credimex.ch\\\/de\\\/?s={search_term_string}\"},\"query-input\":{\"@type\":\"PropertyValueSpecification\",\"valueRequired\":true,\"valueName\":\"search_term_string\"}}],\"inLanguage\":\"de\"},{\"@type\":\"Organization\",\"@id\":\"https:\\\/\\\/www.credimex.ch\\\/de\\\/#organization\",\"name\":\"credimex\",\"url\":\"https:\\\/\\\/www.credimex.ch\\\/de\\\/\",\"logo\":{\"@type\":\"ImageObject\",\"inLanguage\":\"de\",\"@id\":\"https:\\\/\\\/www.credimex.ch\\\/de\\\/#\\\/schema\\\/logo\\\/image\\\/\",\"url\":\"https:\\\/\\\/www.credimex.ch\\\/wp-content\\\/uploads\\\/2022\\\/03\\\/cropped-logo-credimex.png\",\"contentUrl\":\"https:\\\/\\\/www.credimex.ch\\\/wp-content\\\/uploads\\\/2022\\\/03\\\/cropped-logo-credimex.png\",\"width\":512,\"height\":512,\"caption\":\"credimex\"},\"image\":{\"@id\":\"https:\\\/\\\/www.credimex.ch\\\/de\\\/#\\\/schema\\\/logo\\\/image\\\/\"},\"sameAs\":[\"https:\\\/\\\/www.facebook.com\\\/credimex.alpnach\\\/\",\"https:\\\/\\\/www.linkedin.com\\\/company\\\/credimex\\\/\",\"https:\\\/\\\/www.youtube.com\\\/@CREDIMEX?sub_confirmation=1\"]}]}<\/script>\n<!-- \/ Yoast SEO Premium plugin. -->","yoast_head_json":{"title":"Delo GUM 3699 - CREDIMEX","description":"Delo Gum 3699 ist ein Silikonkautschuk mit sehr hoher Temperaturbest\u00e4ndigkeit, besonders geeignet f\u00fcr elastische, ausgleichende Abdichtungen und Verklebungen von gleichen und unterschiedlichen Materialien.","robots":{"index":"index","follow":"follow","max-snippet":"max-snippet:-1","max-image-preview":"max-image-preview:large","max-video-preview":"max-video-preview:-1"},"canonical":"https:\/\/www.credimex.ch\/de\/produkt\/delo-gum-3699\/","og_locale":"de_DE","og_type":"article","og_title":"Delo GUM 3699","og_description":"Delo Gum 3699 ist ein Silikonkautschuk mit sehr hoher Temperaturbest\u00e4ndigkeit, besonders geeignet f\u00fcr elastische, ausgleichende Abdichtungen und Verklebungen von gleichen und unterschiedlichen Materialien.","og_url":"https:\/\/www.credimex.ch\/de\/produkt\/delo-gum-3699\/","og_site_name":"CREDIMEX","article_publisher":"https:\/\/www.facebook.com\/credimex.alpnach\/","article_modified_time":"2023-02-07T15:54:18+00:00","og_image":[{"width":800,"height":800,"url":"https:\/\/www.credimex.ch\/wp-content\/uploads\/2022\/06\/credimex-2.png","type":"image\/png"}],"twitter_card":"summary_large_image","twitter_misc":{"Gesch\u00e4tzte Lesezeit":"1\u00a0Minute"},"schema":{"@context":"https:\/\/schema.org","@graph":[{"@type":"WebPage","@id":"https:\/\/www.credimex.ch\/de\/produkt\/delo-gum-3699\/","url":"https:\/\/www.credimex.ch\/de\/produkt\/delo-gum-3699\/","name":"Delo GUM 3699 - CREDIMEX","isPartOf":{"@id":"https:\/\/www.credimex.ch\/de\/#website"},"primaryImageOfPage":{"@id":"https:\/\/www.credimex.ch\/de\/produkt\/delo-gum-3699\/#primaryimage"},"image":{"@id":"https:\/\/www.credimex.ch\/de\/produkt\/delo-gum-3699\/#primaryimage"},"thumbnailUrl":"https:\/\/www.credimex.ch\/wp-content\/uploads\/2022\/06\/credimex-2.png","datePublished":"2022-06-02T10:07:31+00:00","dateModified":"2023-02-07T15:54:18+00:00","description":"Delo Gum 3699 ist ein Silikonkautschuk mit sehr hoher Temperaturbest\u00e4ndigkeit, besonders geeignet f\u00fcr elastische, ausgleichende Abdichtungen und Verklebungen von gleichen und unterschiedlichen Materialien.","breadcrumb":{"@id":"https:\/\/www.credimex.ch\/de\/produkt\/delo-gum-3699\/#breadcrumb"},"inLanguage":"de","potentialAction":[{"@type":"ReadAction","target":["https:\/\/www.credimex.ch\/de\/produkt\/delo-gum-3699\/"]}]},{"@type":"ImageObject","inLanguage":"de","@id":"https:\/\/www.credimex.ch\/de\/produkt\/delo-gum-3699\/#primaryimage","url":"https:\/\/www.credimex.ch\/wp-content\/uploads\/2022\/06\/credimex-2.png","contentUrl":"https:\/\/www.credimex.ch\/wp-content\/uploads\/2022\/06\/credimex-2.png","width":800,"height":800},{"@type":"BreadcrumbList","@id":"https:\/\/www.credimex.ch\/de\/produkt\/delo-gum-3699\/#breadcrumb","itemListElement":[{"@type":"ListItem","position":1,"name":"Home","item":"https:\/\/www.credimex.ch\/de\/"},{"@type":"ListItem","position":2,"name":"Produkte","item":"https:\/\/www.credimex.ch\/de\/produkte\/"},{"@type":"ListItem","position":3,"name":"Delo GUM 3699"}]},{"@type":"WebSite","@id":"https:\/\/www.credimex.ch\/de\/#website","url":"https:\/\/www.credimex.ch\/de\/","name":"CREDIMEX","description":"Partner of Swiss Industrial Market","publisher":{"@id":"https:\/\/www.credimex.ch\/de\/#organization"},"potentialAction":[{"@type":"SearchAction","target":{"@type":"EntryPoint","urlTemplate":"https:\/\/www.credimex.ch\/de\/?s={search_term_string}"},"query-input":{"@type":"PropertyValueSpecification","valueRequired":true,"valueName":"search_term_string"}}],"inLanguage":"de"},{"@type":"Organization","@id":"https:\/\/www.credimex.ch\/de\/#organization","name":"credimex","url":"https:\/\/www.credimex.ch\/de\/","logo":{"@type":"ImageObject","inLanguage":"de","@id":"https:\/\/www.credimex.ch\/de\/#\/schema\/logo\/image\/","url":"https:\/\/www.credimex.ch\/wp-content\/uploads\/2022\/03\/cropped-logo-credimex.png","contentUrl":"https:\/\/www.credimex.ch\/wp-content\/uploads\/2022\/03\/cropped-logo-credimex.png","width":512,"height":512,"caption":"credimex"},"image":{"@id":"https:\/\/www.credimex.ch\/de\/#\/schema\/logo\/image\/"},"sameAs":["https:\/\/www.facebook.com\/credimex.alpnach\/","https:\/\/www.linkedin.com\/company\/credimex\/","https:\/\/www.youtube.com\/@CREDIMEX?sub_confirmation=1"]}]}},"_links":{"self":[{"href":"https:\/\/www.credimex.ch\/de\/wp-json\/wp\/v2\/product\/4196","targetHints":{"allow":["GET"]}}],"collection":[{"href":"https:\/\/www.credimex.ch\/de\/wp-json\/wp\/v2\/product"}],"about":[{"href":"https:\/\/www.credimex.ch\/de\/wp-json\/wp\/v2\/types\/product"}],"replies":[{"embeddable":true,"href":"https:\/\/www.credimex.ch\/de\/wp-json\/wp\/v2\/comments?post=4196"}],"wp:featuredmedia":[{"embeddable":true,"href":"https:\/\/www.credimex.ch\/de\/wp-json\/wp\/v2\/media\/3057"}],"wp:attachment":[{"href":"https:\/\/www.credimex.ch\/de\/wp-json\/wp\/v2\/media?parent=4196"}],"wp:term":[{"taxonomy":"product_brand","embeddable":true,"href":"https:\/\/www.credimex.ch\/de\/wp-json\/wp\/v2\/product_brand?post=4196"},{"taxonomy":"product_cat","embeddable":true,"href":"https:\/\/www.credimex.ch\/de\/wp-json\/wp\/v2\/product_cat?post=4196"},{"taxonomy":"product_tag","embeddable":true,"href":"https:\/\/www.credimex.ch\/de\/wp-json\/wp\/v2\/product_tag?post=4196"}],"curies":[{"name":"wp","href":"https:\/\/api.w.org\/{rel}","templated":true}]}}