{"id":4200,"date":"2022-06-02T11:42:56","date_gmt":"2022-06-02T09:42:56","guid":{"rendered":"https:\/\/www.credimex.ch.mialias.net\/product\/delo-monopox-lt204\/"},"modified":"2023-01-04T09:49:14","modified_gmt":"2023-01-04T08:49:14","slug":"delo-monopox-lt204","status":"publish","type":"product","link":"https:\/\/www.credimex.ch\/de\/produkt\/delo-monopox-lt204\/","title":{"rendered":"Delo Monopox LT204"},"content":{"rendered":"<h2>Beschreibung<\/h2>\n<p>Das DELO-Epoxidharz MONOPOX LT204 minimiert thermische Spannungen und Verformungen der zu verklebenden Bauteile und eignet sich daher ideal f\u00fcr Optical Packaging-Anwendungen, bei denen mehrere temperaturempfindliche Materialien miteinander verklebt werden. Dieser einkomponentige, w\u00e4rmeaush\u00e4rtende Klebstoff kann innerhalb von 48 Stunden bei Raumtemperatur verarbeitet werden und haftet hervorragend auf vielen Kunststoffen, einschliesslich LCP, PA und PPS, sowie auf Metallen und FR4-Verbundstoffen.<\/p>\n<ul>\n<li>Niederspannungsh\u00e4rtung bei 60\u00b0C<\/li>\n<li>48 Stunden Bearbeitungszeit<\/li>\n<li>Lagerf\u00e4higkeit: vier Monate bei -18\u00b0C<\/li>\n<\/ul>\n<h2>Produktvorteile<\/h2>\n<p>DELOMONOPOX LT204 kann durch Nadeln mit einem Durchmesser von nur 200 \u00b5m dosiert werden, wie sie in der Unterhaltungselektronik \u00fcblich sind. Der neue Klebstoff von DELO unterst\u00fctzt den Klebeprozess durch geringen Energieverbrauch und hohe Wirtschaftlichkeit.<\/p>\n<h2>Anwendung<\/h2>\n<p>Der w\u00e4rmeh\u00e4rtende Klebstoff DELOMONOPOX LT204 wurde f\u00fcr das Verkleben und Vergiessen von kompakten Kameramodulen, elektronischen Baugruppen, mobilen Baugruppen sowie Infrarot-LEDs und Bildsensoren mit Mikrooptik entwickelt und zeichnet sich durch eine geringe thermische Belastung und eine moderate Schrumpfung w\u00e4hrend der Aush\u00e4rtung aus.<\/p>\n","protected":false},"excerpt":{"rendered":"<p>Das Epoxidharz <strong>Delo Monopox LT204<\/strong> minimiert thermische Spannungen und Verformungen der zu verklebenden Komponenten und ist daher ideal f\u00fcr optische Verpackungsanwendungen, bei denen mehrere temperaturempfindliche Materialien miteinander verklebt werden.<\/p>\n","protected":false},"featured_media":3053,"comment_status":"open","ping_status":"closed","template":"","meta":{"_acf_changed":false},"product_brand":[],"product_cat":[369,351,456,380,417,390,457],"product_tag":[],"class_list":{"0":"post-4200","1":"product","2":"type-product","3":"status-publish","4":"has-post-thumbnail","6":"product_cat-allgemeine-industrie","7":"product_cat-automobilindustrie","8":"product_cat-delo","9":"product_cat-e-mobilitat","10":"product_cat-elektronik","11":"product_cat-energie","12":"product_cat-klebstoffe-und-dichtungsmittel","13":"pa_brands-delo-de","15":"first","16":"instock","17":"shipping-taxable","18":"product-type-simple"},"acf":[],"_yoast_wpseo_focuskw":"Delo Monopox LT204","_yoast_wpseo_metadesc":"Delo Monopox LT204 Epoxidharz minimiert die thermische Belastung und den Verzug der zu verklebenden Komponenten.","yoast_head":"<!-- This site is optimized with the Yoast SEO Premium plugin v21.6 (Yoast SEO v27.4) - https:\/\/yoast.com\/product\/yoast-seo-premium-wordpress\/ -->\n<title>Delo Monopox LT204 - CREDIMEX<\/title>\n<meta name=\"description\" content=\"Delo Monopox LT204 Epoxidharz minimiert die thermische Belastung und den Verzug der zu verklebenden Komponenten.\" \/>\n<meta name=\"robots\" content=\"index, follow, max-snippet:-1, max-image-preview:large, max-video-preview:-1\" \/>\n<link rel=\"canonical\" href=\"https:\/\/www.credimex.ch\/de\/produkt\/delo-monopox-lt204\/\" \/>\n<meta property=\"og:locale\" content=\"de_DE\" \/>\n<meta property=\"og:type\" content=\"article\" \/>\n<meta property=\"og:title\" content=\"Delo Monopox LT204\" \/>\n<meta property=\"og:description\" content=\"Delo Monopox LT204 Epoxidharz minimiert die thermische Belastung und den Verzug der zu verklebenden Komponenten.\" \/>\n<meta property=\"og:url\" content=\"https:\/\/www.credimex.ch\/de\/produkt\/delo-monopox-lt204\/\" \/>\n<meta property=\"og:site_name\" content=\"CREDIMEX\" \/>\n<meta property=\"article:publisher\" content=\"https:\/\/www.facebook.com\/credimex.alpnach\/\" \/>\n<meta property=\"article:modified_time\" content=\"2023-01-04T08:49:14+00:00\" \/>\n<meta property=\"og:image\" content=\"https:\/\/www.credimex.ch\/wp-content\/uploads\/2022\/06\/credimex-1-1.png\" \/>\n\t<meta property=\"og:image:width\" content=\"800\" \/>\n\t<meta property=\"og:image:height\" content=\"800\" \/>\n\t<meta property=\"og:image:type\" content=\"image\/png\" \/>\n<meta name=\"twitter:card\" content=\"summary_large_image\" \/>\n<meta name=\"twitter:label1\" content=\"Gesch\u00e4tzte Lesezeit\" \/>\n\t<meta name=\"twitter:data1\" content=\"1\u00a0Minute\" \/>\n<script type=\"application\/ld+json\" class=\"yoast-schema-graph\">{\"@context\":\"https:\\\/\\\/schema.org\",\"@graph\":[{\"@type\":\"WebPage\",\"@id\":\"https:\\\/\\\/www.credimex.ch\\\/de\\\/produkt\\\/delo-monopox-lt204\\\/\",\"url\":\"https:\\\/\\\/www.credimex.ch\\\/de\\\/produkt\\\/delo-monopox-lt204\\\/\",\"name\":\"Delo Monopox LT204 - CREDIMEX\",\"isPartOf\":{\"@id\":\"https:\\\/\\\/www.credimex.ch\\\/de\\\/#website\"},\"primaryImageOfPage\":{\"@id\":\"https:\\\/\\\/www.credimex.ch\\\/de\\\/produkt\\\/delo-monopox-lt204\\\/#primaryimage\"},\"image\":{\"@id\":\"https:\\\/\\\/www.credimex.ch\\\/de\\\/produkt\\\/delo-monopox-lt204\\\/#primaryimage\"},\"thumbnailUrl\":\"https:\\\/\\\/www.credimex.ch\\\/wp-content\\\/uploads\\\/2022\\\/06\\\/credimex-1-1.png\",\"datePublished\":\"2022-06-02T09:42:56+00:00\",\"dateModified\":\"2023-01-04T08:49:14+00:00\",\"description\":\"Delo Monopox LT204 Epoxidharz minimiert die thermische Belastung und den Verzug der zu verklebenden Komponenten.\",\"breadcrumb\":{\"@id\":\"https:\\\/\\\/www.credimex.ch\\\/de\\\/produkt\\\/delo-monopox-lt204\\\/#breadcrumb\"},\"inLanguage\":\"de\",\"potentialAction\":[{\"@type\":\"ReadAction\",\"target\":[\"https:\\\/\\\/www.credimex.ch\\\/de\\\/produkt\\\/delo-monopox-lt204\\\/\"]}]},{\"@type\":\"ImageObject\",\"inLanguage\":\"de\",\"@id\":\"https:\\\/\\\/www.credimex.ch\\\/de\\\/produkt\\\/delo-monopox-lt204\\\/#primaryimage\",\"url\":\"https:\\\/\\\/www.credimex.ch\\\/wp-content\\\/uploads\\\/2022\\\/06\\\/credimex-1-1.png\",\"contentUrl\":\"https:\\\/\\\/www.credimex.ch\\\/wp-content\\\/uploads\\\/2022\\\/06\\\/credimex-1-1.png\",\"width\":800,\"height\":800},{\"@type\":\"BreadcrumbList\",\"@id\":\"https:\\\/\\\/www.credimex.ch\\\/de\\\/produkt\\\/delo-monopox-lt204\\\/#breadcrumb\",\"itemListElement\":[{\"@type\":\"ListItem\",\"position\":1,\"name\":\"Home\",\"item\":\"https:\\\/\\\/www.credimex.ch\\\/de\\\/\"},{\"@type\":\"ListItem\",\"position\":2,\"name\":\"Produkte\",\"item\":\"https:\\\/\\\/www.credimex.ch\\\/de\\\/produkte\\\/\"},{\"@type\":\"ListItem\",\"position\":3,\"name\":\"Delo Monopox LT204\"}]},{\"@type\":\"WebSite\",\"@id\":\"https:\\\/\\\/www.credimex.ch\\\/de\\\/#website\",\"url\":\"https:\\\/\\\/www.credimex.ch\\\/de\\\/\",\"name\":\"CREDIMEX\",\"description\":\"Partner of Swiss Industrial Market\",\"publisher\":{\"@id\":\"https:\\\/\\\/www.credimex.ch\\\/de\\\/#organization\"},\"potentialAction\":[{\"@type\":\"SearchAction\",\"target\":{\"@type\":\"EntryPoint\",\"urlTemplate\":\"https:\\\/\\\/www.credimex.ch\\\/de\\\/?s={search_term_string}\"},\"query-input\":{\"@type\":\"PropertyValueSpecification\",\"valueRequired\":true,\"valueName\":\"search_term_string\"}}],\"inLanguage\":\"de\"},{\"@type\":\"Organization\",\"@id\":\"https:\\\/\\\/www.credimex.ch\\\/de\\\/#organization\",\"name\":\"credimex\",\"url\":\"https:\\\/\\\/www.credimex.ch\\\/de\\\/\",\"logo\":{\"@type\":\"ImageObject\",\"inLanguage\":\"de\",\"@id\":\"https:\\\/\\\/www.credimex.ch\\\/de\\\/#\\\/schema\\\/logo\\\/image\\\/\",\"url\":\"https:\\\/\\\/www.credimex.ch\\\/wp-content\\\/uploads\\\/2022\\\/03\\\/cropped-logo-credimex.png\",\"contentUrl\":\"https:\\\/\\\/www.credimex.ch\\\/wp-content\\\/uploads\\\/2022\\\/03\\\/cropped-logo-credimex.png\",\"width\":512,\"height\":512,\"caption\":\"credimex\"},\"image\":{\"@id\":\"https:\\\/\\\/www.credimex.ch\\\/de\\\/#\\\/schema\\\/logo\\\/image\\\/\"},\"sameAs\":[\"https:\\\/\\\/www.facebook.com\\\/credimex.alpnach\\\/\",\"https:\\\/\\\/www.linkedin.com\\\/company\\\/credimex\\\/\",\"https:\\\/\\\/www.youtube.com\\\/@CREDIMEX?sub_confirmation=1\"]}]}<\/script>\n<!-- \/ Yoast SEO Premium plugin. -->","yoast_head_json":{"title":"Delo Monopox LT204 - CREDIMEX","description":"Delo Monopox LT204 Epoxidharz minimiert die thermische Belastung und den Verzug der zu verklebenden Komponenten.","robots":{"index":"index","follow":"follow","max-snippet":"max-snippet:-1","max-image-preview":"max-image-preview:large","max-video-preview":"max-video-preview:-1"},"canonical":"https:\/\/www.credimex.ch\/de\/produkt\/delo-monopox-lt204\/","og_locale":"de_DE","og_type":"article","og_title":"Delo Monopox LT204","og_description":"Delo Monopox LT204 Epoxidharz minimiert die thermische Belastung und den Verzug der zu verklebenden Komponenten.","og_url":"https:\/\/www.credimex.ch\/de\/produkt\/delo-monopox-lt204\/","og_site_name":"CREDIMEX","article_publisher":"https:\/\/www.facebook.com\/credimex.alpnach\/","article_modified_time":"2023-01-04T08:49:14+00:00","og_image":[{"width":800,"height":800,"url":"https:\/\/www.credimex.ch\/wp-content\/uploads\/2022\/06\/credimex-1-1.png","type":"image\/png"}],"twitter_card":"summary_large_image","twitter_misc":{"Gesch\u00e4tzte Lesezeit":"1\u00a0Minute"},"schema":{"@context":"https:\/\/schema.org","@graph":[{"@type":"WebPage","@id":"https:\/\/www.credimex.ch\/de\/produkt\/delo-monopox-lt204\/","url":"https:\/\/www.credimex.ch\/de\/produkt\/delo-monopox-lt204\/","name":"Delo Monopox LT204 - CREDIMEX","isPartOf":{"@id":"https:\/\/www.credimex.ch\/de\/#website"},"primaryImageOfPage":{"@id":"https:\/\/www.credimex.ch\/de\/produkt\/delo-monopox-lt204\/#primaryimage"},"image":{"@id":"https:\/\/www.credimex.ch\/de\/produkt\/delo-monopox-lt204\/#primaryimage"},"thumbnailUrl":"https:\/\/www.credimex.ch\/wp-content\/uploads\/2022\/06\/credimex-1-1.png","datePublished":"2022-06-02T09:42:56+00:00","dateModified":"2023-01-04T08:49:14+00:00","description":"Delo Monopox LT204 Epoxidharz minimiert die thermische Belastung und den Verzug der zu verklebenden Komponenten.","breadcrumb":{"@id":"https:\/\/www.credimex.ch\/de\/produkt\/delo-monopox-lt204\/#breadcrumb"},"inLanguage":"de","potentialAction":[{"@type":"ReadAction","target":["https:\/\/www.credimex.ch\/de\/produkt\/delo-monopox-lt204\/"]}]},{"@type":"ImageObject","inLanguage":"de","@id":"https:\/\/www.credimex.ch\/de\/produkt\/delo-monopox-lt204\/#primaryimage","url":"https:\/\/www.credimex.ch\/wp-content\/uploads\/2022\/06\/credimex-1-1.png","contentUrl":"https:\/\/www.credimex.ch\/wp-content\/uploads\/2022\/06\/credimex-1-1.png","width":800,"height":800},{"@type":"BreadcrumbList","@id":"https:\/\/www.credimex.ch\/de\/produkt\/delo-monopox-lt204\/#breadcrumb","itemListElement":[{"@type":"ListItem","position":1,"name":"Home","item":"https:\/\/www.credimex.ch\/de\/"},{"@type":"ListItem","position":2,"name":"Produkte","item":"https:\/\/www.credimex.ch\/de\/produkte\/"},{"@type":"ListItem","position":3,"name":"Delo Monopox LT204"}]},{"@type":"WebSite","@id":"https:\/\/www.credimex.ch\/de\/#website","url":"https:\/\/www.credimex.ch\/de\/","name":"CREDIMEX","description":"Partner of Swiss Industrial Market","publisher":{"@id":"https:\/\/www.credimex.ch\/de\/#organization"},"potentialAction":[{"@type":"SearchAction","target":{"@type":"EntryPoint","urlTemplate":"https:\/\/www.credimex.ch\/de\/?s={search_term_string}"},"query-input":{"@type":"PropertyValueSpecification","valueRequired":true,"valueName":"search_term_string"}}],"inLanguage":"de"},{"@type":"Organization","@id":"https:\/\/www.credimex.ch\/de\/#organization","name":"credimex","url":"https:\/\/www.credimex.ch\/de\/","logo":{"@type":"ImageObject","inLanguage":"de","@id":"https:\/\/www.credimex.ch\/de\/#\/schema\/logo\/image\/","url":"https:\/\/www.credimex.ch\/wp-content\/uploads\/2022\/03\/cropped-logo-credimex.png","contentUrl":"https:\/\/www.credimex.ch\/wp-content\/uploads\/2022\/03\/cropped-logo-credimex.png","width":512,"height":512,"caption":"credimex"},"image":{"@id":"https:\/\/www.credimex.ch\/de\/#\/schema\/logo\/image\/"},"sameAs":["https:\/\/www.facebook.com\/credimex.alpnach\/","https:\/\/www.linkedin.com\/company\/credimex\/","https:\/\/www.youtube.com\/@CREDIMEX?sub_confirmation=1"]}]}},"_links":{"self":[{"href":"https:\/\/www.credimex.ch\/de\/wp-json\/wp\/v2\/product\/4200","targetHints":{"allow":["GET"]}}],"collection":[{"href":"https:\/\/www.credimex.ch\/de\/wp-json\/wp\/v2\/product"}],"about":[{"href":"https:\/\/www.credimex.ch\/de\/wp-json\/wp\/v2\/types\/product"}],"replies":[{"embeddable":true,"href":"https:\/\/www.credimex.ch\/de\/wp-json\/wp\/v2\/comments?post=4200"}],"wp:featuredmedia":[{"embeddable":true,"href":"https:\/\/www.credimex.ch\/de\/wp-json\/wp\/v2\/media\/3053"}],"wp:attachment":[{"href":"https:\/\/www.credimex.ch\/de\/wp-json\/wp\/v2\/media?parent=4200"}],"wp:term":[{"taxonomy":"product_brand","embeddable":true,"href":"https:\/\/www.credimex.ch\/de\/wp-json\/wp\/v2\/product_brand?post=4200"},{"taxonomy":"product_cat","embeddable":true,"href":"https:\/\/www.credimex.ch\/de\/wp-json\/wp\/v2\/product_cat?post=4200"},{"taxonomy":"product_tag","embeddable":true,"href":"https:\/\/www.credimex.ch\/de\/wp-json\/wp\/v2\/product_tag?post=4200"}],"curies":[{"name":"wp","href":"https:\/\/api.w.org\/{rel}","templated":true}]}}