{"id":4204,"date":"2022-06-02T11:27:36","date_gmt":"2022-06-02T09:27:36","guid":{"rendered":"https:\/\/www.credimex.ch.mialias.net\/product\/delo-photobond-ad494\/"},"modified":"2023-01-04T09:49:09","modified_gmt":"2023-01-04T08:49:09","slug":"delo-photobond-ad494","status":"publish","type":"product","link":"https:\/\/www.credimex.ch\/de\/produkt\/delo-photobond-ad494\/","title":{"rendered":"Delo Photobond AD494"},"content":{"rendered":"<h2>Beschreibung<\/h2>\n<ul>\n<li>Dies ist eine Art Acrylatkleber, der durch UV und Licht geh\u00e4rtet werden kann, hochviskos ist und sich f\u00fcr die Verklebung einer Vielzahl von Materialien wie Glas, PC-Kunststoff, PMMA, PA6, PBT usw. eignet;<\/li>\n<li>Bestandteile: modifiziertes Acrylat, 1-Komponenten-Klebstoff, l\u00f6sungsmittelfrei und thixotrop;<\/li>\n<li>Entspricht der RoHS-Norm 2015\/863\/EU;<\/li>\n<li>Bestehen der UL 94 HB-Pr\u00fcfung durch unabh\u00e4ngige Metrologieinstitute.<\/li>\n<li>Einkomponentig<\/li>\n<li>Aush\u00e4rtung durch Einwirkung von sichtbarem Licht und\/oder UV-Licht<\/li>\n<li>Verklebung von vielen Materialien wie Glas, Keramik, Metall, Kunststoff und Holz<\/li>\n<li>Geeignet f\u00fcr Verklebungen, bei denen das Erscheinungsbild eine hohe Anforderung darstellt<\/li>\n<li>Breites Spektrum an Elastizit\u00e4t<\/li>\n<\/ul>\n<h2>Produktvorteile<\/h2>\n<ul>\n<li>Die M\u00f6glichkeit, gleichzeitig mit UV- und sichtbarem Licht auszuh\u00e4rten, erm\u00f6glicht die Aush\u00e4rtung vieler Komponenten, die f\u00fcr UV-Licht schwer zu durchdringen sind;<\/li>\n<li>Gute elastische Gleichgewichtsfestigkeit dank der hohen Dehnung an den Reisszeichen;<\/li>\n<li>Dank der hohen Viskosit\u00e4t kann der Klebstoff bis zu 2 mm dick sein;<\/li>\n<li>Ausgeh\u00e4rteter Klebstoff kann je nach Anwendung im Temperaturbereich von -40 0 C ~ 150 0 C verwendet werden.<\/li>\n<\/ul>\n<h2>Anwendung<\/h2>\n<ul>\n<li>Einkomponentig<\/li>\n<li>Aush\u00e4rtung durch Einwirkung von sichtbarem Licht und\/oder UV-Licht<\/li>\n<li>Verklebung von vielen Materialien wie Glas, Keramik, Metall, Kunststoff und Holz<\/li>\n<li>Geeignet f\u00fcr Verklebungen, bei denen das Erscheinungsbild eine hohe Anforderung darstellt<\/li>\n<li>Breites Spektrum an Elastizit\u00e4t<\/li>\n<\/ul>\n","protected":false},"excerpt":{"rendered":"<p><strong>Delo Photobond AD494<\/strong> ist eine Art von Acrylat, das durch UV und Licht geh\u00e4rtet werden kann. Es ist hochviskos und eignet sich f\u00fcr die Verklebung einer Vielzahl von Materialien wie Glas, PC-Kunststoff, PMMA, PA6, PBT, usw.<\/p>\n","protected":false},"featured_media":3049,"comment_status":"open","ping_status":"closed","template":"","meta":{"_acf_changed":false},"product_brand":[],"product_cat":[369,351,456,380,417,390,457,478,480],"product_tag":[],"class_list":{"0":"post-4204","1":"product","2":"type-product","3":"status-publish","4":"has-post-thumbnail","6":"product_cat-allgemeine-industrie","7":"product_cat-automobilindustrie","8":"product_cat-delo","9":"product_cat-e-mobilitat","10":"product_cat-elektronik","11":"product_cat-energie","12":"product_cat-klebstoffe-und-dichtungsmittel","13":"product_cat-uhrenherstellung","14":"product_cat-uv-klebstoffe","15":"pa_brands-delo-de","17":"first","18":"instock","19":"shipping-taxable","20":"product-type-simple"},"acf":[],"_yoast_wpseo_focuskw":"Delo Photobond AD494","_yoast_wpseo_metadesc":"Delo Photobond AD494 ist eine Art von Acrylat, das durch UV und Licht geh\u00e4rtet werden kann. Es ist hochviskos und eignet sich f\u00fcr die Verklebung einer Vielzahl von Materialien wie Glas, PC-Kunststoff, PMMA, PA6, PBT, usw.","yoast_head":"<!-- This site is optimized with the Yoast SEO Premium plugin v21.6 (Yoast SEO v27.4) - https:\/\/yoast.com\/product\/yoast-seo-premium-wordpress\/ -->\n<title>Delo Photobond AD494 - CREDIMEX<\/title>\n<meta name=\"description\" content=\"Delo Photobond AD494 ist eine Art von Acrylat, das durch UV und Licht geh\u00e4rtet werden kann. Es ist hochviskos und eignet sich f\u00fcr die Verklebung einer Vielzahl von Materialien wie Glas, PC-Kunststoff, PMMA, PA6, PBT, usw.\" \/>\n<meta name=\"robots\" content=\"index, follow, max-snippet:-1, max-image-preview:large, max-video-preview:-1\" \/>\n<link rel=\"canonical\" href=\"https:\/\/www.credimex.ch\/de\/produkt\/delo-photobond-ad494\/\" \/>\n<meta property=\"og:locale\" content=\"de_DE\" \/>\n<meta property=\"og:type\" content=\"article\" \/>\n<meta property=\"og:title\" content=\"Delo Photobond AD494\" \/>\n<meta property=\"og:description\" content=\"Delo Photobond AD494 ist eine Art von Acrylat, das durch UV und Licht geh\u00e4rtet werden kann. Es ist hochviskos und eignet sich f\u00fcr die Verklebung einer Vielzahl von Materialien wie Glas, PC-Kunststoff, PMMA, PA6, PBT, usw.\" \/>\n<meta property=\"og:url\" content=\"https:\/\/www.credimex.ch\/de\/produkt\/delo-photobond-ad494\/\" \/>\n<meta property=\"og:site_name\" content=\"CREDIMEX\" \/>\n<meta property=\"article:publisher\" content=\"https:\/\/www.facebook.com\/credimex.alpnach\/\" \/>\n<meta property=\"article:modified_time\" content=\"2023-01-04T08:49:09+00:00\" \/>\n<meta property=\"og:image\" content=\"https:\/\/www.credimex.ch\/wp-content\/uploads\/2022\/06\/credimex.png\" \/>\n\t<meta property=\"og:image:width\" content=\"800\" \/>\n\t<meta property=\"og:image:height\" content=\"800\" \/>\n\t<meta property=\"og:image:type\" content=\"image\/png\" \/>\n<meta name=\"twitter:card\" content=\"summary_large_image\" \/>\n<meta name=\"twitter:label1\" content=\"Gesch\u00e4tzte Lesezeit\" \/>\n\t<meta name=\"twitter:data1\" content=\"1\u00a0Minute\" \/>\n<script type=\"application\/ld+json\" class=\"yoast-schema-graph\">{\"@context\":\"https:\\\/\\\/schema.org\",\"@graph\":[{\"@type\":\"WebPage\",\"@id\":\"https:\\\/\\\/www.credimex.ch\\\/de\\\/produkt\\\/delo-photobond-ad494\\\/\",\"url\":\"https:\\\/\\\/www.credimex.ch\\\/de\\\/produkt\\\/delo-photobond-ad494\\\/\",\"name\":\"Delo Photobond AD494 - CREDIMEX\",\"isPartOf\":{\"@id\":\"https:\\\/\\\/www.credimex.ch\\\/de\\\/#website\"},\"primaryImageOfPage\":{\"@id\":\"https:\\\/\\\/www.credimex.ch\\\/de\\\/produkt\\\/delo-photobond-ad494\\\/#primaryimage\"},\"image\":{\"@id\":\"https:\\\/\\\/www.credimex.ch\\\/de\\\/produkt\\\/delo-photobond-ad494\\\/#primaryimage\"},\"thumbnailUrl\":\"https:\\\/\\\/www.credimex.ch\\\/wp-content\\\/uploads\\\/2022\\\/06\\\/credimex.png\",\"datePublished\":\"2022-06-02T09:27:36+00:00\",\"dateModified\":\"2023-01-04T08:49:09+00:00\",\"description\":\"Delo Photobond AD494 ist eine Art von Acrylat, das durch UV und Licht geh\u00e4rtet werden kann. Es ist hochviskos und eignet sich f\u00fcr die Verklebung einer Vielzahl von Materialien wie Glas, PC-Kunststoff, PMMA, PA6, PBT, usw.\",\"breadcrumb\":{\"@id\":\"https:\\\/\\\/www.credimex.ch\\\/de\\\/produkt\\\/delo-photobond-ad494\\\/#breadcrumb\"},\"inLanguage\":\"de\",\"potentialAction\":[{\"@type\":\"ReadAction\",\"target\":[\"https:\\\/\\\/www.credimex.ch\\\/de\\\/produkt\\\/delo-photobond-ad494\\\/\"]}]},{\"@type\":\"ImageObject\",\"inLanguage\":\"de\",\"@id\":\"https:\\\/\\\/www.credimex.ch\\\/de\\\/produkt\\\/delo-photobond-ad494\\\/#primaryimage\",\"url\":\"https:\\\/\\\/www.credimex.ch\\\/wp-content\\\/uploads\\\/2022\\\/06\\\/credimex.png\",\"contentUrl\":\"https:\\\/\\\/www.credimex.ch\\\/wp-content\\\/uploads\\\/2022\\\/06\\\/credimex.png\",\"width\":800,\"height\":800},{\"@type\":\"BreadcrumbList\",\"@id\":\"https:\\\/\\\/www.credimex.ch\\\/de\\\/produkt\\\/delo-photobond-ad494\\\/#breadcrumb\",\"itemListElement\":[{\"@type\":\"ListItem\",\"position\":1,\"name\":\"Home\",\"item\":\"https:\\\/\\\/www.credimex.ch\\\/de\\\/\"},{\"@type\":\"ListItem\",\"position\":2,\"name\":\"Produkte\",\"item\":\"https:\\\/\\\/www.credimex.ch\\\/de\\\/produkte\\\/\"},{\"@type\":\"ListItem\",\"position\":3,\"name\":\"Delo Photobond AD494\"}]},{\"@type\":\"WebSite\",\"@id\":\"https:\\\/\\\/www.credimex.ch\\\/de\\\/#website\",\"url\":\"https:\\\/\\\/www.credimex.ch\\\/de\\\/\",\"name\":\"CREDIMEX\",\"description\":\"Partner of Swiss Industrial Market\",\"publisher\":{\"@id\":\"https:\\\/\\\/www.credimex.ch\\\/de\\\/#organization\"},\"potentialAction\":[{\"@type\":\"SearchAction\",\"target\":{\"@type\":\"EntryPoint\",\"urlTemplate\":\"https:\\\/\\\/www.credimex.ch\\\/de\\\/?s={search_term_string}\"},\"query-input\":{\"@type\":\"PropertyValueSpecification\",\"valueRequired\":true,\"valueName\":\"search_term_string\"}}],\"inLanguage\":\"de\"},{\"@type\":\"Organization\",\"@id\":\"https:\\\/\\\/www.credimex.ch\\\/de\\\/#organization\",\"name\":\"credimex\",\"url\":\"https:\\\/\\\/www.credimex.ch\\\/de\\\/\",\"logo\":{\"@type\":\"ImageObject\",\"inLanguage\":\"de\",\"@id\":\"https:\\\/\\\/www.credimex.ch\\\/de\\\/#\\\/schema\\\/logo\\\/image\\\/\",\"url\":\"https:\\\/\\\/www.credimex.ch\\\/wp-content\\\/uploads\\\/2022\\\/03\\\/cropped-logo-credimex.png\",\"contentUrl\":\"https:\\\/\\\/www.credimex.ch\\\/wp-content\\\/uploads\\\/2022\\\/03\\\/cropped-logo-credimex.png\",\"width\":512,\"height\":512,\"caption\":\"credimex\"},\"image\":{\"@id\":\"https:\\\/\\\/www.credimex.ch\\\/de\\\/#\\\/schema\\\/logo\\\/image\\\/\"},\"sameAs\":[\"https:\\\/\\\/www.facebook.com\\\/credimex.alpnach\\\/\",\"https:\\\/\\\/www.linkedin.com\\\/company\\\/credimex\\\/\",\"https:\\\/\\\/www.youtube.com\\\/@CREDIMEX?sub_confirmation=1\"]}]}<\/script>\n<!-- \/ Yoast SEO Premium plugin. -->","yoast_head_json":{"title":"Delo Photobond AD494 - CREDIMEX","description":"Delo Photobond AD494 ist eine Art von Acrylat, das durch UV und Licht geh\u00e4rtet werden kann. Es ist hochviskos und eignet sich f\u00fcr die Verklebung einer Vielzahl von Materialien wie Glas, PC-Kunststoff, PMMA, PA6, PBT, usw.","robots":{"index":"index","follow":"follow","max-snippet":"max-snippet:-1","max-image-preview":"max-image-preview:large","max-video-preview":"max-video-preview:-1"},"canonical":"https:\/\/www.credimex.ch\/de\/produkt\/delo-photobond-ad494\/","og_locale":"de_DE","og_type":"article","og_title":"Delo Photobond AD494","og_description":"Delo Photobond AD494 ist eine Art von Acrylat, das durch UV und Licht geh\u00e4rtet werden kann. Es ist hochviskos und eignet sich f\u00fcr die Verklebung einer Vielzahl von Materialien wie Glas, PC-Kunststoff, PMMA, PA6, PBT, usw.","og_url":"https:\/\/www.credimex.ch\/de\/produkt\/delo-photobond-ad494\/","og_site_name":"CREDIMEX","article_publisher":"https:\/\/www.facebook.com\/credimex.alpnach\/","article_modified_time":"2023-01-04T08:49:09+00:00","og_image":[{"width":800,"height":800,"url":"https:\/\/www.credimex.ch\/wp-content\/uploads\/2022\/06\/credimex.png","type":"image\/png"}],"twitter_card":"summary_large_image","twitter_misc":{"Gesch\u00e4tzte Lesezeit":"1\u00a0Minute"},"schema":{"@context":"https:\/\/schema.org","@graph":[{"@type":"WebPage","@id":"https:\/\/www.credimex.ch\/de\/produkt\/delo-photobond-ad494\/","url":"https:\/\/www.credimex.ch\/de\/produkt\/delo-photobond-ad494\/","name":"Delo Photobond AD494 - CREDIMEX","isPartOf":{"@id":"https:\/\/www.credimex.ch\/de\/#website"},"primaryImageOfPage":{"@id":"https:\/\/www.credimex.ch\/de\/produkt\/delo-photobond-ad494\/#primaryimage"},"image":{"@id":"https:\/\/www.credimex.ch\/de\/produkt\/delo-photobond-ad494\/#primaryimage"},"thumbnailUrl":"https:\/\/www.credimex.ch\/wp-content\/uploads\/2022\/06\/credimex.png","datePublished":"2022-06-02T09:27:36+00:00","dateModified":"2023-01-04T08:49:09+00:00","description":"Delo Photobond AD494 ist eine Art von Acrylat, das durch UV und Licht geh\u00e4rtet werden kann. Es ist hochviskos und eignet sich f\u00fcr die Verklebung einer Vielzahl von Materialien wie Glas, PC-Kunststoff, PMMA, PA6, PBT, usw.","breadcrumb":{"@id":"https:\/\/www.credimex.ch\/de\/produkt\/delo-photobond-ad494\/#breadcrumb"},"inLanguage":"de","potentialAction":[{"@type":"ReadAction","target":["https:\/\/www.credimex.ch\/de\/produkt\/delo-photobond-ad494\/"]}]},{"@type":"ImageObject","inLanguage":"de","@id":"https:\/\/www.credimex.ch\/de\/produkt\/delo-photobond-ad494\/#primaryimage","url":"https:\/\/www.credimex.ch\/wp-content\/uploads\/2022\/06\/credimex.png","contentUrl":"https:\/\/www.credimex.ch\/wp-content\/uploads\/2022\/06\/credimex.png","width":800,"height":800},{"@type":"BreadcrumbList","@id":"https:\/\/www.credimex.ch\/de\/produkt\/delo-photobond-ad494\/#breadcrumb","itemListElement":[{"@type":"ListItem","position":1,"name":"Home","item":"https:\/\/www.credimex.ch\/de\/"},{"@type":"ListItem","position":2,"name":"Produkte","item":"https:\/\/www.credimex.ch\/de\/produkte\/"},{"@type":"ListItem","position":3,"name":"Delo Photobond AD494"}]},{"@type":"WebSite","@id":"https:\/\/www.credimex.ch\/de\/#website","url":"https:\/\/www.credimex.ch\/de\/","name":"CREDIMEX","description":"Partner of Swiss Industrial Market","publisher":{"@id":"https:\/\/www.credimex.ch\/de\/#organization"},"potentialAction":[{"@type":"SearchAction","target":{"@type":"EntryPoint","urlTemplate":"https:\/\/www.credimex.ch\/de\/?s={search_term_string}"},"query-input":{"@type":"PropertyValueSpecification","valueRequired":true,"valueName":"search_term_string"}}],"inLanguage":"de"},{"@type":"Organization","@id":"https:\/\/www.credimex.ch\/de\/#organization","name":"credimex","url":"https:\/\/www.credimex.ch\/de\/","logo":{"@type":"ImageObject","inLanguage":"de","@id":"https:\/\/www.credimex.ch\/de\/#\/schema\/logo\/image\/","url":"https:\/\/www.credimex.ch\/wp-content\/uploads\/2022\/03\/cropped-logo-credimex.png","contentUrl":"https:\/\/www.credimex.ch\/wp-content\/uploads\/2022\/03\/cropped-logo-credimex.png","width":512,"height":512,"caption":"credimex"},"image":{"@id":"https:\/\/www.credimex.ch\/de\/#\/schema\/logo\/image\/"},"sameAs":["https:\/\/www.facebook.com\/credimex.alpnach\/","https:\/\/www.linkedin.com\/company\/credimex\/","https:\/\/www.youtube.com\/@CREDIMEX?sub_confirmation=1"]}]}},"_links":{"self":[{"href":"https:\/\/www.credimex.ch\/de\/wp-json\/wp\/v2\/product\/4204","targetHints":{"allow":["GET"]}}],"collection":[{"href":"https:\/\/www.credimex.ch\/de\/wp-json\/wp\/v2\/product"}],"about":[{"href":"https:\/\/www.credimex.ch\/de\/wp-json\/wp\/v2\/types\/product"}],"replies":[{"embeddable":true,"href":"https:\/\/www.credimex.ch\/de\/wp-json\/wp\/v2\/comments?post=4204"}],"wp:featuredmedia":[{"embeddable":true,"href":"https:\/\/www.credimex.ch\/de\/wp-json\/wp\/v2\/media\/3049"}],"wp:attachment":[{"href":"https:\/\/www.credimex.ch\/de\/wp-json\/wp\/v2\/media?parent=4204"}],"wp:term":[{"taxonomy":"product_brand","embeddable":true,"href":"https:\/\/www.credimex.ch\/de\/wp-json\/wp\/v2\/product_brand?post=4204"},{"taxonomy":"product_cat","embeddable":true,"href":"https:\/\/www.credimex.ch\/de\/wp-json\/wp\/v2\/product_cat?post=4204"},{"taxonomy":"product_tag","embeddable":true,"href":"https:\/\/www.credimex.ch\/de\/wp-json\/wp\/v2\/product_tag?post=4204"}],"curies":[{"name":"wp","href":"https:\/\/api.w.org\/{rel}","templated":true}]}}