{"id":4208,"date":"2022-06-22T12:35:43","date_gmt":"2022-06-22T10:35:43","guid":{"rendered":"https:\/\/www.credimex.ch.mialias.net\/product\/cresacoat-313\/"},"modified":"2023-02-03T11:24:04","modified_gmt":"2023-02-03T10:24:04","slug":"cresacoat-c-313","status":"publish","type":"product","link":"https:\/\/www.credimex.ch\/de\/produkt\/cresacoat-c-313\/","title":{"rendered":"CresaCoat C 313"},"content":{"rendered":"<h2>Beschreibung<\/h2>\n<p class=\"p1\">CresaCoat 313 ist eine D\u00fcnnschichtbeschichtung mit integriertem PTFE. CresaCoat C313 ist eine D\u00fcnnschichtbeschichtung mit integriertem PTFE. Tribotechnische Beschichtungen sind eine ideale Erg\u00e4nzung zu Nassschmierstoffen und eignen sich f\u00fcr hohe Belastungen, extreme Umweltbedingungen wie Temperaturen, Vakuum, Feuchtigkeit usw.<\/p>\n<h2>Produktvorteile<\/h2>\n<ul>\n<li class=\"li1\">Sehr guter Korrosionsschutz<\/li>\n<li class=\"li1\">Kontrollierte Anzugsmomente<\/li>\n<li class=\"li1\">Geringe Reibwertstreuung<\/li>\n<li class=\"li1\">Sehr hohe Abriebfestigkeit<\/li>\n<li class=\"li1\">RoHS\/WEEE konform<\/li>\n<li class=\"li1\">Gute Antihaft-Eigenschaften<\/li>\n<li class=\"li1\">Temperaturbereich -50\/+200\u00b0C<\/li>\n<\/ul>\n<h2>Anwendung<\/h2>\n<ul>\n<li>\n<p class=\"p1\">Sehr breites Anwendungsspektrum in der Industrie, insbesondere Bolzen, Schrauben, Zahnstangen und Federn.<\/p>\n<\/li>\n<\/ul>\n","protected":false},"excerpt":{"rendered":"<p class=\"p1\"><strong>CresaCoat C 313<\/strong> ist eine D\u00fcnnschichtbeschichtung mit integriertem PTFE, welche eine sehr hohe Abriebfestigkeit aufweist.<\/p>\n","protected":false},"featured_media":3295,"comment_status":"open","ping_status":"closed","template":"","meta":{"_acf_changed":false},"product_brand":[],"product_cat":[369,661,660,379,391,421],"product_tag":[],"class_list":{"0":"post-4208","1":"product","2":"type-product","3":"status-publish","4":"has-post-thumbnail","6":"product_cat-allgemeine-industrie","7":"product_cat-beschichtungen-und-oberflachenbehandlungen","8":"product_cat-cresacoat","9":"product_cat-eisenbahn","10":"product_cat-wasserkraftwerk","11":"product_cat-windindustrie","13":"first","14":"instock","15":"shipping-taxable","16":"product-type-simple"},"acf":[],"_yoast_wpseo_focuskw":"CresaCoat C 313","_yoast_wpseo_metadesc":"CresaCoat C 313 ist eine D\u00fcnnschichtbeschichtung mit integriertem PTFE, welche eine sehr hohe Abriebfestigkeit aufweist.","yoast_head":"<!-- This site is optimized with the Yoast SEO Premium plugin v21.6 (Yoast SEO v27.4) - https:\/\/yoast.com\/product\/yoast-seo-premium-wordpress\/ -->\n<title>CresaCoat C 313 - CREDIMEX<\/title>\n<meta name=\"description\" content=\"CresaCoat C 313 ist eine D\u00fcnnschichtbeschichtung mit integriertem PTFE, welche eine sehr hohe Abriebfestigkeit aufweist.\" \/>\n<meta name=\"robots\" content=\"index, follow, max-snippet:-1, max-image-preview:large, max-video-preview:-1\" \/>\n<link rel=\"canonical\" href=\"https:\/\/www.credimex.ch\/de\/produkt\/cresacoat-c-313\/\" \/>\n<meta property=\"og:locale\" content=\"de_DE\" \/>\n<meta property=\"og:type\" content=\"article\" \/>\n<meta property=\"og:title\" content=\"CresaCoat C 313\" \/>\n<meta property=\"og:description\" content=\"CresaCoat C 313 ist eine D\u00fcnnschichtbeschichtung mit integriertem PTFE, welche eine sehr hohe Abriebfestigkeit aufweist.\" \/>\n<meta property=\"og:url\" content=\"https:\/\/www.credimex.ch\/de\/produkt\/cresacoat-c-313\/\" \/>\n<meta property=\"og:site_name\" content=\"CREDIMEX\" \/>\n<meta property=\"article:publisher\" content=\"https:\/\/www.facebook.com\/credimex.alpnach\/\" \/>\n<meta property=\"article:modified_time\" content=\"2023-02-03T10:24:04+00:00\" \/>\n<meta property=\"og:image\" content=\"https:\/\/www.credimex.ch\/wp-content\/uploads\/2022\/06\/CresaCoat-C-113-scaled.jpg\" \/>\n\t<meta property=\"og:image:width\" content=\"2560\" \/>\n\t<meta property=\"og:image:height\" content=\"1976\" \/>\n\t<meta property=\"og:image:type\" content=\"image\/jpeg\" \/>\n<meta name=\"twitter:card\" content=\"summary_large_image\" \/>\n<script type=\"application\/ld+json\" class=\"yoast-schema-graph\">{\"@context\":\"https:\\\/\\\/schema.org\",\"@graph\":[{\"@type\":\"WebPage\",\"@id\":\"https:\\\/\\\/www.credimex.ch\\\/de\\\/produkt\\\/cresacoat-c-313\\\/\",\"url\":\"https:\\\/\\\/www.credimex.ch\\\/de\\\/produkt\\\/cresacoat-c-313\\\/\",\"name\":\"CresaCoat C 313 - CREDIMEX\",\"isPartOf\":{\"@id\":\"https:\\\/\\\/www.credimex.ch\\\/de\\\/#website\"},\"primaryImageOfPage\":{\"@id\":\"https:\\\/\\\/www.credimex.ch\\\/de\\\/produkt\\\/cresacoat-c-313\\\/#primaryimage\"},\"image\":{\"@id\":\"https:\\\/\\\/www.credimex.ch\\\/de\\\/produkt\\\/cresacoat-c-313\\\/#primaryimage\"},\"thumbnailUrl\":\"https:\\\/\\\/www.credimex.ch\\\/wp-content\\\/uploads\\\/2022\\\/06\\\/CresaCoat-321-scaled.jpg\",\"datePublished\":\"2022-06-22T10:35:43+00:00\",\"dateModified\":\"2023-02-03T10:24:04+00:00\",\"description\":\"CresaCoat C 313 ist eine D\u00fcnnschichtbeschichtung mit integriertem PTFE, welche eine sehr hohe Abriebfestigkeit aufweist.\",\"breadcrumb\":{\"@id\":\"https:\\\/\\\/www.credimex.ch\\\/de\\\/produkt\\\/cresacoat-c-313\\\/#breadcrumb\"},\"inLanguage\":\"de\",\"potentialAction\":[{\"@type\":\"ReadAction\",\"target\":[\"https:\\\/\\\/www.credimex.ch\\\/de\\\/produkt\\\/cresacoat-c-313\\\/\"]}]},{\"@type\":\"ImageObject\",\"inLanguage\":\"de\",\"@id\":\"https:\\\/\\\/www.credimex.ch\\\/de\\\/produkt\\\/cresacoat-c-313\\\/#primaryimage\",\"url\":\"https:\\\/\\\/www.credimex.ch\\\/wp-content\\\/uploads\\\/2022\\\/06\\\/CresaCoat-321-scaled.jpg\",\"contentUrl\":\"https:\\\/\\\/www.credimex.ch\\\/wp-content\\\/uploads\\\/2022\\\/06\\\/CresaCoat-321-scaled.jpg\",\"width\":2560,\"height\":1920},{\"@type\":\"BreadcrumbList\",\"@id\":\"https:\\\/\\\/www.credimex.ch\\\/de\\\/produkt\\\/cresacoat-c-313\\\/#breadcrumb\",\"itemListElement\":[{\"@type\":\"ListItem\",\"position\":1,\"name\":\"Home\",\"item\":\"https:\\\/\\\/www.credimex.ch\\\/de\\\/\"},{\"@type\":\"ListItem\",\"position\":2,\"name\":\"Produkte\",\"item\":\"https:\\\/\\\/www.credimex.ch\\\/de\\\/produkte\\\/\"},{\"@type\":\"ListItem\",\"position\":3,\"name\":\"CresaCoat C 313\"}]},{\"@type\":\"WebSite\",\"@id\":\"https:\\\/\\\/www.credimex.ch\\\/de\\\/#website\",\"url\":\"https:\\\/\\\/www.credimex.ch\\\/de\\\/\",\"name\":\"CREDIMEX\",\"description\":\"Partner of Swiss Industrial Market\",\"publisher\":{\"@id\":\"https:\\\/\\\/www.credimex.ch\\\/de\\\/#organization\"},\"potentialAction\":[{\"@type\":\"SearchAction\",\"target\":{\"@type\":\"EntryPoint\",\"urlTemplate\":\"https:\\\/\\\/www.credimex.ch\\\/de\\\/?s={search_term_string}\"},\"query-input\":{\"@type\":\"PropertyValueSpecification\",\"valueRequired\":true,\"valueName\":\"search_term_string\"}}],\"inLanguage\":\"de\"},{\"@type\":\"Organization\",\"@id\":\"https:\\\/\\\/www.credimex.ch\\\/de\\\/#organization\",\"name\":\"credimex\",\"url\":\"https:\\\/\\\/www.credimex.ch\\\/de\\\/\",\"logo\":{\"@type\":\"ImageObject\",\"inLanguage\":\"de\",\"@id\":\"https:\\\/\\\/www.credimex.ch\\\/de\\\/#\\\/schema\\\/logo\\\/image\\\/\",\"url\":\"https:\\\/\\\/www.credimex.ch\\\/wp-content\\\/uploads\\\/2022\\\/03\\\/cropped-logo-credimex.png\",\"contentUrl\":\"https:\\\/\\\/www.credimex.ch\\\/wp-content\\\/uploads\\\/2022\\\/03\\\/cropped-logo-credimex.png\",\"width\":512,\"height\":512,\"caption\":\"credimex\"},\"image\":{\"@id\":\"https:\\\/\\\/www.credimex.ch\\\/de\\\/#\\\/schema\\\/logo\\\/image\\\/\"},\"sameAs\":[\"https:\\\/\\\/www.facebook.com\\\/credimex.alpnach\\\/\",\"https:\\\/\\\/www.linkedin.com\\\/company\\\/credimex\\\/\",\"https:\\\/\\\/www.youtube.com\\\/@CREDIMEX?sub_confirmation=1\"]}]}<\/script>\n<!-- \/ Yoast SEO Premium plugin. -->","yoast_head_json":{"title":"CresaCoat C 313 - CREDIMEX","description":"CresaCoat C 313 ist eine D\u00fcnnschichtbeschichtung mit integriertem PTFE, welche eine sehr hohe Abriebfestigkeit aufweist.","robots":{"index":"index","follow":"follow","max-snippet":"max-snippet:-1","max-image-preview":"max-image-preview:large","max-video-preview":"max-video-preview:-1"},"canonical":"https:\/\/www.credimex.ch\/de\/produkt\/cresacoat-c-313\/","og_locale":"de_DE","og_type":"article","og_title":"CresaCoat C 313","og_description":"CresaCoat C 313 ist eine D\u00fcnnschichtbeschichtung mit integriertem PTFE, welche eine sehr hohe Abriebfestigkeit aufweist.","og_url":"https:\/\/www.credimex.ch\/de\/produkt\/cresacoat-c-313\/","og_site_name":"CREDIMEX","article_publisher":"https:\/\/www.facebook.com\/credimex.alpnach\/","article_modified_time":"2023-02-03T10:24:04+00:00","og_image":[{"width":2560,"height":1976,"url":"https:\/\/www.credimex.ch\/wp-content\/uploads\/2022\/06\/CresaCoat-C-113-scaled.jpg","type":"image\/jpeg"}],"twitter_card":"summary_large_image","schema":{"@context":"https:\/\/schema.org","@graph":[{"@type":"WebPage","@id":"https:\/\/www.credimex.ch\/de\/produkt\/cresacoat-c-313\/","url":"https:\/\/www.credimex.ch\/de\/produkt\/cresacoat-c-313\/","name":"CresaCoat C 313 - CREDIMEX","isPartOf":{"@id":"https:\/\/www.credimex.ch\/de\/#website"},"primaryImageOfPage":{"@id":"https:\/\/www.credimex.ch\/de\/produkt\/cresacoat-c-313\/#primaryimage"},"image":{"@id":"https:\/\/www.credimex.ch\/de\/produkt\/cresacoat-c-313\/#primaryimage"},"thumbnailUrl":"https:\/\/www.credimex.ch\/wp-content\/uploads\/2022\/06\/CresaCoat-321-scaled.jpg","datePublished":"2022-06-22T10:35:43+00:00","dateModified":"2023-02-03T10:24:04+00:00","description":"CresaCoat C 313 ist eine D\u00fcnnschichtbeschichtung mit integriertem PTFE, welche eine sehr hohe Abriebfestigkeit aufweist.","breadcrumb":{"@id":"https:\/\/www.credimex.ch\/de\/produkt\/cresacoat-c-313\/#breadcrumb"},"inLanguage":"de","potentialAction":[{"@type":"ReadAction","target":["https:\/\/www.credimex.ch\/de\/produkt\/cresacoat-c-313\/"]}]},{"@type":"ImageObject","inLanguage":"de","@id":"https:\/\/www.credimex.ch\/de\/produkt\/cresacoat-c-313\/#primaryimage","url":"https:\/\/www.credimex.ch\/wp-content\/uploads\/2022\/06\/CresaCoat-321-scaled.jpg","contentUrl":"https:\/\/www.credimex.ch\/wp-content\/uploads\/2022\/06\/CresaCoat-321-scaled.jpg","width":2560,"height":1920},{"@type":"BreadcrumbList","@id":"https:\/\/www.credimex.ch\/de\/produkt\/cresacoat-c-313\/#breadcrumb","itemListElement":[{"@type":"ListItem","position":1,"name":"Home","item":"https:\/\/www.credimex.ch\/de\/"},{"@type":"ListItem","position":2,"name":"Produkte","item":"https:\/\/www.credimex.ch\/de\/produkte\/"},{"@type":"ListItem","position":3,"name":"CresaCoat C 313"}]},{"@type":"WebSite","@id":"https:\/\/www.credimex.ch\/de\/#website","url":"https:\/\/www.credimex.ch\/de\/","name":"CREDIMEX","description":"Partner of Swiss Industrial Market","publisher":{"@id":"https:\/\/www.credimex.ch\/de\/#organization"},"potentialAction":[{"@type":"SearchAction","target":{"@type":"EntryPoint","urlTemplate":"https:\/\/www.credimex.ch\/de\/?s={search_term_string}"},"query-input":{"@type":"PropertyValueSpecification","valueRequired":true,"valueName":"search_term_string"}}],"inLanguage":"de"},{"@type":"Organization","@id":"https:\/\/www.credimex.ch\/de\/#organization","name":"credimex","url":"https:\/\/www.credimex.ch\/de\/","logo":{"@type":"ImageObject","inLanguage":"de","@id":"https:\/\/www.credimex.ch\/de\/#\/schema\/logo\/image\/","url":"https:\/\/www.credimex.ch\/wp-content\/uploads\/2022\/03\/cropped-logo-credimex.png","contentUrl":"https:\/\/www.credimex.ch\/wp-content\/uploads\/2022\/03\/cropped-logo-credimex.png","width":512,"height":512,"caption":"credimex"},"image":{"@id":"https:\/\/www.credimex.ch\/de\/#\/schema\/logo\/image\/"},"sameAs":["https:\/\/www.facebook.com\/credimex.alpnach\/","https:\/\/www.linkedin.com\/company\/credimex\/","https:\/\/www.youtube.com\/@CREDIMEX?sub_confirmation=1"]}]}},"_links":{"self":[{"href":"https:\/\/www.credimex.ch\/de\/wp-json\/wp\/v2\/product\/4208","targetHints":{"allow":["GET"]}}],"collection":[{"href":"https:\/\/www.credimex.ch\/de\/wp-json\/wp\/v2\/product"}],"about":[{"href":"https:\/\/www.credimex.ch\/de\/wp-json\/wp\/v2\/types\/product"}],"replies":[{"embeddable":true,"href":"https:\/\/www.credimex.ch\/de\/wp-json\/wp\/v2\/comments?post=4208"}],"wp:featuredmedia":[{"embeddable":true,"href":"https:\/\/www.credimex.ch\/de\/wp-json\/wp\/v2\/media\/3295"}],"wp:attachment":[{"href":"https:\/\/www.credimex.ch\/de\/wp-json\/wp\/v2\/media?parent=4208"}],"wp:term":[{"taxonomy":"product_brand","embeddable":true,"href":"https:\/\/www.credimex.ch\/de\/wp-json\/wp\/v2\/product_brand?post=4208"},{"taxonomy":"product_cat","embeddable":true,"href":"https:\/\/www.credimex.ch\/de\/wp-json\/wp\/v2\/product_cat?post=4208"},{"taxonomy":"product_tag","embeddable":true,"href":"https:\/\/www.credimex.ch\/de\/wp-json\/wp\/v2\/product_tag?post=4208"}],"curies":[{"name":"wp","href":"https:\/\/api.w.org\/{rel}","templated":true}]}}