{"id":4216,"date":"2022-06-22T12:17:46","date_gmt":"2022-06-22T10:17:46","guid":{"rendered":"https:\/\/www.credimex.ch.mialias.net\/product\/cresacoat-806\/"},"modified":"2023-03-16T12:50:11","modified_gmt":"2023-03-16T11:50:11","slug":"cresacoat-c-806","status":"publish","type":"product","link":"https:\/\/www.credimex.ch\/de\/produkt\/cresacoat-c-806\/","title":{"rendered":"CresaCoat C 806"},"content":{"rendered":"<h2>Beschreibung<\/h2>\n<p><strong>CresaCoat C 806<\/strong> ist eine D\u00fcnnschichtbeschichtung mit integriertem Aluminium-Zink, die kathodischen Schutz f\u00fcr Eisenmetalle bietet, da sie gegen \u00d6l, Kraftstoff und viele L\u00f6sungsmittel best\u00e4ndig ist. Die Beschichtung erreicht im Salzspr\u00fchtest bis zu 720 Stunden.<\/p>\n<h2>Produktvorteile<\/h2>\n<ul>\n<li>Kathodischer Schutz f\u00fcr Eisenmetalle<\/li>\n<li>Keine Wasserstoffverspr\u00f6dung<\/li>\n<li>Idealer Reibungskoeffizient f\u00fcr die Befestigung von Hardware<\/li>\n<li>Best\u00e4ndig gegen \u00d6l, Kraftstoff und viele L\u00f6semittel<\/li>\n<li>\u00dcberstreichbar<\/li>\n<li>Temperaturbereich -50\/+200\u00b0C<\/li>\n<li>Korrosionsschutz \u2265720 H<\/li>\n<\/ul>\n<h2>Anwendung<\/h2>\n<ul>\n<li>Befestigungselemente<\/li>\n<li>Federn<\/li>\n<li>Stanz- und Biegeteile<\/li>\n<li>Klammern<\/li>\n<li>Komponenten der Bremse<\/li>\n<li>Guss- und Schmiedeteile<\/li>\n<\/ul>\n","protected":false},"excerpt":{"rendered":"<p><strong>CresaCoat C 806<\/strong> ist eine D\u00fcnnschichtbeschichtung mit integriertem Aluminium-Zink, die kathodischen Schutz f\u00fcr Eisenmetalle bietet, da sie gegen \u00d6l, Kraftstoff und viele L\u00f6sungsmittel best\u00e4ndig ist. Die Beschichtung erreicht im Salzspr\u00fchtest bis zu 720 Stunden.<\/p>\n","protected":false},"featured_media":3293,"comment_status":"open","ping_status":"closed","template":"","meta":{"_acf_changed":false},"product_brand":[],"product_cat":[369,661,660,379,390,664,418],"product_tag":[],"class_list":{"0":"post-4216","1":"product","2":"type-product","3":"status-publish","4":"has-post-thumbnail","6":"product_cat-allgemeine-industrie","7":"product_cat-beschichtungen-und-oberflachenbehandlungen","8":"product_cat-cresacoat","9":"product_cat-eisenbahn","10":"product_cat-energie","11":"product_cat-korrosionsschutz","12":"product_cat-seilbahnen","13":"pa_brands-cresacoat-de","15":"first","16":"instock","17":"shipping-taxable","18":"product-type-simple"},"acf":[],"_yoast_wpseo_focuskw":"CresaCoat C 806","_yoast_wpseo_metadesc":"CresaCoat C 806 ist eine D\u00fcnnschichtbeschichtung mit integriertem Aluminium-Zink, die kathodischen Schutz f\u00fcr Eisenmetalle bietet, da sie gegen \u00d6l, Kraftstoff und viele L\u00f6sungsmittel best\u00e4ndig ist.","yoast_head":"<!-- This site is optimized with the Yoast SEO Premium plugin v21.6 (Yoast SEO v27.4) - https:\/\/yoast.com\/product\/yoast-seo-premium-wordpress\/ -->\n<title>CresaCoat C 806 - CREDIMEX<\/title>\n<meta name=\"description\" content=\"CresaCoat C 806 ist eine D\u00fcnnschichtbeschichtung mit integriertem Aluminium-Zink, die kathodischen Schutz f\u00fcr Eisenmetalle bietet, da sie gegen \u00d6l, Kraftstoff und viele L\u00f6sungsmittel best\u00e4ndig ist.\" \/>\n<meta name=\"robots\" content=\"index, follow, max-snippet:-1, max-image-preview:large, max-video-preview:-1\" \/>\n<link rel=\"canonical\" href=\"https:\/\/www.credimex.ch\/de\/produkt\/cresacoat-c-806\/\" \/>\n<meta property=\"og:locale\" content=\"de_DE\" \/>\n<meta property=\"og:type\" content=\"article\" \/>\n<meta property=\"og:title\" content=\"CresaCoat C 806\" \/>\n<meta property=\"og:description\" content=\"CresaCoat C 806 ist eine D\u00fcnnschichtbeschichtung mit integriertem Aluminium-Zink, die kathodischen Schutz f\u00fcr Eisenmetalle bietet, da sie gegen \u00d6l, Kraftstoff und viele L\u00f6sungsmittel best\u00e4ndig ist.\" \/>\n<meta property=\"og:url\" content=\"https:\/\/www.credimex.ch\/de\/produkt\/cresacoat-c-806\/\" \/>\n<meta property=\"og:site_name\" content=\"CREDIMEX\" \/>\n<meta property=\"article:publisher\" content=\"https:\/\/www.facebook.com\/credimex.alpnach\/\" \/>\n<meta property=\"article:modified_time\" content=\"2023-03-16T11:50:11+00:00\" \/>\n<meta property=\"og:image\" content=\"https:\/\/www.credimex.ch\/wp-content\/uploads\/2022\/06\/CresaCoat-C-806-scaled.jpg\" \/>\n\t<meta property=\"og:image:width\" content=\"2560\" \/>\n\t<meta property=\"og:image:height\" content=\"1920\" \/>\n\t<meta property=\"og:image:type\" content=\"image\/jpeg\" \/>\n<meta name=\"twitter:card\" content=\"summary_large_image\" \/>\n<meta name=\"twitter:label1\" content=\"Gesch\u00e4tzte Lesezeit\" \/>\n\t<meta name=\"twitter:data1\" content=\"1\u00a0Minute\" \/>\n<script type=\"application\/ld+json\" class=\"yoast-schema-graph\">{\"@context\":\"https:\\\/\\\/schema.org\",\"@graph\":[{\"@type\":\"WebPage\",\"@id\":\"https:\\\/\\\/www.credimex.ch\\\/de\\\/produkt\\\/cresacoat-c-806\\\/\",\"url\":\"https:\\\/\\\/www.credimex.ch\\\/de\\\/produkt\\\/cresacoat-c-806\\\/\",\"name\":\"CresaCoat C 806 - CREDIMEX\",\"isPartOf\":{\"@id\":\"https:\\\/\\\/www.credimex.ch\\\/de\\\/#website\"},\"primaryImageOfPage\":{\"@id\":\"https:\\\/\\\/www.credimex.ch\\\/de\\\/produkt\\\/cresacoat-c-806\\\/#primaryimage\"},\"image\":{\"@id\":\"https:\\\/\\\/www.credimex.ch\\\/de\\\/produkt\\\/cresacoat-c-806\\\/#primaryimage\"},\"thumbnailUrl\":\"https:\\\/\\\/www.credimex.ch\\\/wp-content\\\/uploads\\\/2022\\\/06\\\/CresaCoat-C-806-scaled.jpg\",\"datePublished\":\"2022-06-22T10:17:46+00:00\",\"dateModified\":\"2023-03-16T11:50:11+00:00\",\"description\":\"CresaCoat C 806 ist eine D\u00fcnnschichtbeschichtung mit integriertem Aluminium-Zink, die kathodischen Schutz f\u00fcr Eisenmetalle bietet, da sie gegen \u00d6l, Kraftstoff und viele L\u00f6sungsmittel best\u00e4ndig ist.\",\"breadcrumb\":{\"@id\":\"https:\\\/\\\/www.credimex.ch\\\/de\\\/produkt\\\/cresacoat-c-806\\\/#breadcrumb\"},\"inLanguage\":\"de\",\"potentialAction\":[{\"@type\":\"ReadAction\",\"target\":[\"https:\\\/\\\/www.credimex.ch\\\/de\\\/produkt\\\/cresacoat-c-806\\\/\"]}]},{\"@type\":\"ImageObject\",\"inLanguage\":\"de\",\"@id\":\"https:\\\/\\\/www.credimex.ch\\\/de\\\/produkt\\\/cresacoat-c-806\\\/#primaryimage\",\"url\":\"https:\\\/\\\/www.credimex.ch\\\/wp-content\\\/uploads\\\/2022\\\/06\\\/CresaCoat-C-806-scaled.jpg\",\"contentUrl\":\"https:\\\/\\\/www.credimex.ch\\\/wp-content\\\/uploads\\\/2022\\\/06\\\/CresaCoat-C-806-scaled.jpg\",\"width\":2560,\"height\":1920},{\"@type\":\"BreadcrumbList\",\"@id\":\"https:\\\/\\\/www.credimex.ch\\\/de\\\/produkt\\\/cresacoat-c-806\\\/#breadcrumb\",\"itemListElement\":[{\"@type\":\"ListItem\",\"position\":1,\"name\":\"Home\",\"item\":\"https:\\\/\\\/www.credimex.ch\\\/de\\\/\"},{\"@type\":\"ListItem\",\"position\":2,\"name\":\"Produkte\",\"item\":\"https:\\\/\\\/www.credimex.ch\\\/de\\\/produkte\\\/\"},{\"@type\":\"ListItem\",\"position\":3,\"name\":\"CresaCoat C 806\"}]},{\"@type\":\"WebSite\",\"@id\":\"https:\\\/\\\/www.credimex.ch\\\/de\\\/#website\",\"url\":\"https:\\\/\\\/www.credimex.ch\\\/de\\\/\",\"name\":\"CREDIMEX\",\"description\":\"Partner of Swiss Industrial Market\",\"publisher\":{\"@id\":\"https:\\\/\\\/www.credimex.ch\\\/de\\\/#organization\"},\"potentialAction\":[{\"@type\":\"SearchAction\",\"target\":{\"@type\":\"EntryPoint\",\"urlTemplate\":\"https:\\\/\\\/www.credimex.ch\\\/de\\\/?s={search_term_string}\"},\"query-input\":{\"@type\":\"PropertyValueSpecification\",\"valueRequired\":true,\"valueName\":\"search_term_string\"}}],\"inLanguage\":\"de\"},{\"@type\":\"Organization\",\"@id\":\"https:\\\/\\\/www.credimex.ch\\\/de\\\/#organization\",\"name\":\"credimex\",\"url\":\"https:\\\/\\\/www.credimex.ch\\\/de\\\/\",\"logo\":{\"@type\":\"ImageObject\",\"inLanguage\":\"de\",\"@id\":\"https:\\\/\\\/www.credimex.ch\\\/de\\\/#\\\/schema\\\/logo\\\/image\\\/\",\"url\":\"https:\\\/\\\/www.credimex.ch\\\/wp-content\\\/uploads\\\/2022\\\/03\\\/cropped-logo-credimex.png\",\"contentUrl\":\"https:\\\/\\\/www.credimex.ch\\\/wp-content\\\/uploads\\\/2022\\\/03\\\/cropped-logo-credimex.png\",\"width\":512,\"height\":512,\"caption\":\"credimex\"},\"image\":{\"@id\":\"https:\\\/\\\/www.credimex.ch\\\/de\\\/#\\\/schema\\\/logo\\\/image\\\/\"},\"sameAs\":[\"https:\\\/\\\/www.facebook.com\\\/credimex.alpnach\\\/\",\"https:\\\/\\\/www.linkedin.com\\\/company\\\/credimex\\\/\",\"https:\\\/\\\/www.youtube.com\\\/@CREDIMEX?sub_confirmation=1\"]}]}<\/script>\n<!-- \/ Yoast SEO Premium plugin. -->","yoast_head_json":{"title":"CresaCoat C 806 - CREDIMEX","description":"CresaCoat C 806 ist eine D\u00fcnnschichtbeschichtung mit integriertem Aluminium-Zink, die kathodischen Schutz f\u00fcr Eisenmetalle bietet, da sie gegen \u00d6l, Kraftstoff und viele L\u00f6sungsmittel best\u00e4ndig ist.","robots":{"index":"index","follow":"follow","max-snippet":"max-snippet:-1","max-image-preview":"max-image-preview:large","max-video-preview":"max-video-preview:-1"},"canonical":"https:\/\/www.credimex.ch\/de\/produkt\/cresacoat-c-806\/","og_locale":"de_DE","og_type":"article","og_title":"CresaCoat C 806","og_description":"CresaCoat C 806 ist eine D\u00fcnnschichtbeschichtung mit integriertem Aluminium-Zink, die kathodischen Schutz f\u00fcr Eisenmetalle bietet, da sie gegen \u00d6l, Kraftstoff und viele L\u00f6sungsmittel best\u00e4ndig ist.","og_url":"https:\/\/www.credimex.ch\/de\/produkt\/cresacoat-c-806\/","og_site_name":"CREDIMEX","article_publisher":"https:\/\/www.facebook.com\/credimex.alpnach\/","article_modified_time":"2023-03-16T11:50:11+00:00","og_image":[{"width":2560,"height":1920,"url":"https:\/\/www.credimex.ch\/wp-content\/uploads\/2022\/06\/CresaCoat-C-806-scaled.jpg","type":"image\/jpeg"}],"twitter_card":"summary_large_image","twitter_misc":{"Gesch\u00e4tzte Lesezeit":"1\u00a0Minute"},"schema":{"@context":"https:\/\/schema.org","@graph":[{"@type":"WebPage","@id":"https:\/\/www.credimex.ch\/de\/produkt\/cresacoat-c-806\/","url":"https:\/\/www.credimex.ch\/de\/produkt\/cresacoat-c-806\/","name":"CresaCoat C 806 - CREDIMEX","isPartOf":{"@id":"https:\/\/www.credimex.ch\/de\/#website"},"primaryImageOfPage":{"@id":"https:\/\/www.credimex.ch\/de\/produkt\/cresacoat-c-806\/#primaryimage"},"image":{"@id":"https:\/\/www.credimex.ch\/de\/produkt\/cresacoat-c-806\/#primaryimage"},"thumbnailUrl":"https:\/\/www.credimex.ch\/wp-content\/uploads\/2022\/06\/CresaCoat-C-806-scaled.jpg","datePublished":"2022-06-22T10:17:46+00:00","dateModified":"2023-03-16T11:50:11+00:00","description":"CresaCoat C 806 ist eine D\u00fcnnschichtbeschichtung mit integriertem Aluminium-Zink, die kathodischen Schutz f\u00fcr Eisenmetalle bietet, da sie gegen \u00d6l, Kraftstoff und viele L\u00f6sungsmittel best\u00e4ndig ist.","breadcrumb":{"@id":"https:\/\/www.credimex.ch\/de\/produkt\/cresacoat-c-806\/#breadcrumb"},"inLanguage":"de","potentialAction":[{"@type":"ReadAction","target":["https:\/\/www.credimex.ch\/de\/produkt\/cresacoat-c-806\/"]}]},{"@type":"ImageObject","inLanguage":"de","@id":"https:\/\/www.credimex.ch\/de\/produkt\/cresacoat-c-806\/#primaryimage","url":"https:\/\/www.credimex.ch\/wp-content\/uploads\/2022\/06\/CresaCoat-C-806-scaled.jpg","contentUrl":"https:\/\/www.credimex.ch\/wp-content\/uploads\/2022\/06\/CresaCoat-C-806-scaled.jpg","width":2560,"height":1920},{"@type":"BreadcrumbList","@id":"https:\/\/www.credimex.ch\/de\/produkt\/cresacoat-c-806\/#breadcrumb","itemListElement":[{"@type":"ListItem","position":1,"name":"Home","item":"https:\/\/www.credimex.ch\/de\/"},{"@type":"ListItem","position":2,"name":"Produkte","item":"https:\/\/www.credimex.ch\/de\/produkte\/"},{"@type":"ListItem","position":3,"name":"CresaCoat C 806"}]},{"@type":"WebSite","@id":"https:\/\/www.credimex.ch\/de\/#website","url":"https:\/\/www.credimex.ch\/de\/","name":"CREDIMEX","description":"Partner of Swiss Industrial Market","publisher":{"@id":"https:\/\/www.credimex.ch\/de\/#organization"},"potentialAction":[{"@type":"SearchAction","target":{"@type":"EntryPoint","urlTemplate":"https:\/\/www.credimex.ch\/de\/?s={search_term_string}"},"query-input":{"@type":"PropertyValueSpecification","valueRequired":true,"valueName":"search_term_string"}}],"inLanguage":"de"},{"@type":"Organization","@id":"https:\/\/www.credimex.ch\/de\/#organization","name":"credimex","url":"https:\/\/www.credimex.ch\/de\/","logo":{"@type":"ImageObject","inLanguage":"de","@id":"https:\/\/www.credimex.ch\/de\/#\/schema\/logo\/image\/","url":"https:\/\/www.credimex.ch\/wp-content\/uploads\/2022\/03\/cropped-logo-credimex.png","contentUrl":"https:\/\/www.credimex.ch\/wp-content\/uploads\/2022\/03\/cropped-logo-credimex.png","width":512,"height":512,"caption":"credimex"},"image":{"@id":"https:\/\/www.credimex.ch\/de\/#\/schema\/logo\/image\/"},"sameAs":["https:\/\/www.facebook.com\/credimex.alpnach\/","https:\/\/www.linkedin.com\/company\/credimex\/","https:\/\/www.youtube.com\/@CREDIMEX?sub_confirmation=1"]}]}},"_links":{"self":[{"href":"https:\/\/www.credimex.ch\/de\/wp-json\/wp\/v2\/product\/4216","targetHints":{"allow":["GET"]}}],"collection":[{"href":"https:\/\/www.credimex.ch\/de\/wp-json\/wp\/v2\/product"}],"about":[{"href":"https:\/\/www.credimex.ch\/de\/wp-json\/wp\/v2\/types\/product"}],"replies":[{"embeddable":true,"href":"https:\/\/www.credimex.ch\/de\/wp-json\/wp\/v2\/comments?post=4216"}],"wp:featuredmedia":[{"embeddable":true,"href":"https:\/\/www.credimex.ch\/de\/wp-json\/wp\/v2\/media\/3293"}],"wp:attachment":[{"href":"https:\/\/www.credimex.ch\/de\/wp-json\/wp\/v2\/media?parent=4216"}],"wp:term":[{"taxonomy":"product_brand","embeddable":true,"href":"https:\/\/www.credimex.ch\/de\/wp-json\/wp\/v2\/product_brand?post=4216"},{"taxonomy":"product_cat","embeddable":true,"href":"https:\/\/www.credimex.ch\/de\/wp-json\/wp\/v2\/product_cat?post=4216"},{"taxonomy":"product_tag","embeddable":true,"href":"https:\/\/www.credimex.ch\/de\/wp-json\/wp\/v2\/product_tag?post=4216"}],"curies":[{"name":"wp","href":"https:\/\/api.w.org\/{rel}","templated":true}]}}