{"id":4220,"date":"2022-06-22T11:54:24","date_gmt":"2022-06-22T09:54:24","guid":{"rendered":"https:\/\/www.credimex.ch.mialias.net\/product\/cresacoat-114\/"},"modified":"2023-03-24T09:36:17","modified_gmt":"2023-03-24T08:36:17","slug":"cresacoat-c-114","status":"publish","type":"product","link":"https:\/\/www.credimex.ch\/de\/produkt\/cresacoat-c-114\/","title":{"rendered":"CresaCoat C 114"},"content":{"rendered":"<h2>Beschreibung<\/h2>\n<p>CresaCoat 114 ist eine D\u00fcnnschichtbeschichtung mit integriertem <sub>MoS2<\/sub>. Tribotechnische Beschichtungen sind eine ideale Erg\u00e4nzung zu Nassschmierstoffen und eignen sich f\u00fcr h\u00f6chste Belastungen, extreme Umweltbedingungen wie Temperaturen, Vakuum, Strahlung, Feuchtigkeit usw.<\/p>\n<p>CresaCoat C 114-Beschichtungen garantieren konstante Reibwerte und bieten dar\u00fcber hinaus einen lang anhaltenden Schutz vor Korrosion.<\/p>\n<h2>Produktvorteile<\/h2>\n<ul>\n<li>Guter Korrosionsschutz<\/li>\n<li>Best\u00e4ndig gegen \u00d6le, Fette und L\u00f6sungsmittel<\/li>\n<li>Verhinderung von Passungsrost<\/li>\n<\/ul>\n<h2>Anwendung<\/h2>\n<ul>\n<li>Befestigungselemente<\/li>\n<li>Federn<\/li>\n<li>Stanz- und Biegeteile<\/li>\n<li>Klammern<\/li>\n<li>Komponenten der Bremse<\/li>\n<li>Guss- und Schmiedeteile<\/li>\n<\/ul>\n<h2><\/h2>\n","protected":false},"excerpt":{"rendered":"<p><strong>CresaCoat 114<\/strong>\u00a0ist eine D\u00fcnnschichtbeschichtung mit integriertem MoS2, die einen guten Korrosionsschutz und Best\u00e4ndigkeit gegen \u00d6le, Fette und L\u00f6sungsmittel bietet.<\/p>\n","protected":false},"featured_media":6117,"comment_status":"open","ping_status":"closed","template":"","meta":{"_acf_changed":false},"product_brand":[],"product_cat":[369,661,660,379,390,668,418],"product_tag":[],"class_list":{"0":"post-4220","1":"product","2":"type-product","3":"status-publish","4":"has-post-thumbnail","6":"product_cat-allgemeine-industrie","7":"product_cat-beschichtungen-und-oberflachenbehandlungen","8":"product_cat-cresacoat","9":"product_cat-eisenbahn","10":"product_cat-energie","11":"product_cat-schmierung-auf-lebenszeit","12":"product_cat-seilbahnen","13":"pa_brands-cresacoat-de","15":"first","16":"instock","17":"shipping-taxable","18":"product-type-simple"},"acf":[],"_yoast_wpseo_focuskw":"CresaCoat C 114","_yoast_wpseo_metadesc":"CresaCoat 114 ist eine D\u00fcnnschichtbeschichtung mit integriertem MoS2, die einen guten Korrosionsschutz und Best\u00e4ndigkeit gegen \u00d6le, Fette und L\u00f6sungsmittel bietet.","yoast_head":"<!-- This site is optimized with the Yoast SEO Premium plugin v21.6 (Yoast SEO v27.4) - https:\/\/yoast.com\/product\/yoast-seo-premium-wordpress\/ -->\n<title>CresaCoat C 114 - CREDIMEX<\/title>\n<meta name=\"description\" content=\"CresaCoat 114 ist eine D\u00fcnnschichtbeschichtung mit integriertem MoS2, die einen guten Korrosionsschutz und Best\u00e4ndigkeit gegen \u00d6le, Fette und L\u00f6sungsmittel bietet.\" \/>\n<meta name=\"robots\" content=\"index, follow, max-snippet:-1, max-image-preview:large, max-video-preview:-1\" \/>\n<link rel=\"canonical\" href=\"https:\/\/www.credimex.ch\/de\/produkt\/cresacoat-c-114\/\" \/>\n<meta property=\"og:locale\" content=\"de_DE\" \/>\n<meta property=\"og:type\" content=\"article\" \/>\n<meta property=\"og:title\" content=\"CresaCoat C 114\" \/>\n<meta property=\"og:description\" content=\"CresaCoat 114 ist eine D\u00fcnnschichtbeschichtung mit integriertem MoS2, die einen guten Korrosionsschutz und Best\u00e4ndigkeit gegen \u00d6le, Fette und L\u00f6sungsmittel bietet.\" \/>\n<meta property=\"og:url\" content=\"https:\/\/www.credimex.ch\/de\/produkt\/cresacoat-c-114\/\" \/>\n<meta property=\"og:site_name\" content=\"CREDIMEX\" \/>\n<meta property=\"article:publisher\" content=\"https:\/\/www.facebook.com\/credimex.alpnach\/\" \/>\n<meta property=\"article:modified_time\" content=\"2023-03-24T08:36:17+00:00\" \/>\n<meta property=\"og:image\" content=\"https:\/\/www.credimex.ch\/wp-content\/uploads\/2022\/06\/BVB-Zahnraeder.jpg\" \/>\n\t<meta property=\"og:image:width\" content=\"2048\" \/>\n\t<meta property=\"og:image:height\" content=\"1536\" \/>\n\t<meta property=\"og:image:type\" content=\"image\/jpeg\" \/>\n<meta name=\"twitter:card\" content=\"summary_large_image\" \/>\n<meta name=\"twitter:label1\" content=\"Gesch\u00e4tzte Lesezeit\" \/>\n\t<meta name=\"twitter:data1\" content=\"1\u00a0Minute\" \/>\n<script type=\"application\/ld+json\" class=\"yoast-schema-graph\">{\"@context\":\"https:\\\/\\\/schema.org\",\"@graph\":[{\"@type\":\"WebPage\",\"@id\":\"https:\\\/\\\/www.credimex.ch\\\/de\\\/produkt\\\/cresacoat-c-114\\\/\",\"url\":\"https:\\\/\\\/www.credimex.ch\\\/de\\\/produkt\\\/cresacoat-c-114\\\/\",\"name\":\"CresaCoat C 114 - CREDIMEX\",\"isPartOf\":{\"@id\":\"https:\\\/\\\/www.credimex.ch\\\/de\\\/#website\"},\"primaryImageOfPage\":{\"@id\":\"https:\\\/\\\/www.credimex.ch\\\/de\\\/produkt\\\/cresacoat-c-114\\\/#primaryimage\"},\"image\":{\"@id\":\"https:\\\/\\\/www.credimex.ch\\\/de\\\/produkt\\\/cresacoat-c-114\\\/#primaryimage\"},\"thumbnailUrl\":\"https:\\\/\\\/www.credimex.ch\\\/wp-content\\\/uploads\\\/2022\\\/06\\\/BVB-Zahnraeder.jpg\",\"datePublished\":\"2022-06-22T09:54:24+00:00\",\"dateModified\":\"2023-03-24T08:36:17+00:00\",\"description\":\"CresaCoat 114 ist eine D\u00fcnnschichtbeschichtung mit integriertem MoS2, die einen guten Korrosionsschutz und Best\u00e4ndigkeit gegen \u00d6le, Fette und L\u00f6sungsmittel bietet.\",\"breadcrumb\":{\"@id\":\"https:\\\/\\\/www.credimex.ch\\\/de\\\/produkt\\\/cresacoat-c-114\\\/#breadcrumb\"},\"inLanguage\":\"de\",\"potentialAction\":[{\"@type\":\"ReadAction\",\"target\":[\"https:\\\/\\\/www.credimex.ch\\\/de\\\/produkt\\\/cresacoat-c-114\\\/\"]}]},{\"@type\":\"ImageObject\",\"inLanguage\":\"de\",\"@id\":\"https:\\\/\\\/www.credimex.ch\\\/de\\\/produkt\\\/cresacoat-c-114\\\/#primaryimage\",\"url\":\"https:\\\/\\\/www.credimex.ch\\\/wp-content\\\/uploads\\\/2022\\\/06\\\/BVB-Zahnraeder.jpg\",\"contentUrl\":\"https:\\\/\\\/www.credimex.ch\\\/wp-content\\\/uploads\\\/2022\\\/06\\\/BVB-Zahnraeder.jpg\",\"width\":2048,\"height\":1536},{\"@type\":\"BreadcrumbList\",\"@id\":\"https:\\\/\\\/www.credimex.ch\\\/de\\\/produkt\\\/cresacoat-c-114\\\/#breadcrumb\",\"itemListElement\":[{\"@type\":\"ListItem\",\"position\":1,\"name\":\"Home\",\"item\":\"https:\\\/\\\/www.credimex.ch\\\/de\\\/\"},{\"@type\":\"ListItem\",\"position\":2,\"name\":\"Produkte\",\"item\":\"https:\\\/\\\/www.credimex.ch\\\/de\\\/produkte\\\/\"},{\"@type\":\"ListItem\",\"position\":3,\"name\":\"CresaCoat C 114\"}]},{\"@type\":\"WebSite\",\"@id\":\"https:\\\/\\\/www.credimex.ch\\\/de\\\/#website\",\"url\":\"https:\\\/\\\/www.credimex.ch\\\/de\\\/\",\"name\":\"CREDIMEX\",\"description\":\"Partner of Swiss Industrial Market\",\"publisher\":{\"@id\":\"https:\\\/\\\/www.credimex.ch\\\/de\\\/#organization\"},\"potentialAction\":[{\"@type\":\"SearchAction\",\"target\":{\"@type\":\"EntryPoint\",\"urlTemplate\":\"https:\\\/\\\/www.credimex.ch\\\/de\\\/?s={search_term_string}\"},\"query-input\":{\"@type\":\"PropertyValueSpecification\",\"valueRequired\":true,\"valueName\":\"search_term_string\"}}],\"inLanguage\":\"de\"},{\"@type\":\"Organization\",\"@id\":\"https:\\\/\\\/www.credimex.ch\\\/de\\\/#organization\",\"name\":\"credimex\",\"url\":\"https:\\\/\\\/www.credimex.ch\\\/de\\\/\",\"logo\":{\"@type\":\"ImageObject\",\"inLanguage\":\"de\",\"@id\":\"https:\\\/\\\/www.credimex.ch\\\/de\\\/#\\\/schema\\\/logo\\\/image\\\/\",\"url\":\"https:\\\/\\\/www.credimex.ch\\\/wp-content\\\/uploads\\\/2022\\\/03\\\/cropped-logo-credimex.png\",\"contentUrl\":\"https:\\\/\\\/www.credimex.ch\\\/wp-content\\\/uploads\\\/2022\\\/03\\\/cropped-logo-credimex.png\",\"width\":512,\"height\":512,\"caption\":\"credimex\"},\"image\":{\"@id\":\"https:\\\/\\\/www.credimex.ch\\\/de\\\/#\\\/schema\\\/logo\\\/image\\\/\"},\"sameAs\":[\"https:\\\/\\\/www.facebook.com\\\/credimex.alpnach\\\/\",\"https:\\\/\\\/www.linkedin.com\\\/company\\\/credimex\\\/\",\"https:\\\/\\\/www.youtube.com\\\/@CREDIMEX?sub_confirmation=1\"]}]}<\/script>\n<!-- \/ Yoast SEO Premium plugin. -->","yoast_head_json":{"title":"CresaCoat C 114 - CREDIMEX","description":"CresaCoat 114 ist eine D\u00fcnnschichtbeschichtung mit integriertem MoS2, die einen guten Korrosionsschutz und Best\u00e4ndigkeit gegen \u00d6le, Fette und L\u00f6sungsmittel bietet.","robots":{"index":"index","follow":"follow","max-snippet":"max-snippet:-1","max-image-preview":"max-image-preview:large","max-video-preview":"max-video-preview:-1"},"canonical":"https:\/\/www.credimex.ch\/de\/produkt\/cresacoat-c-114\/","og_locale":"de_DE","og_type":"article","og_title":"CresaCoat C 114","og_description":"CresaCoat 114 ist eine D\u00fcnnschichtbeschichtung mit integriertem MoS2, die einen guten Korrosionsschutz und Best\u00e4ndigkeit gegen \u00d6le, Fette und L\u00f6sungsmittel bietet.","og_url":"https:\/\/www.credimex.ch\/de\/produkt\/cresacoat-c-114\/","og_site_name":"CREDIMEX","article_publisher":"https:\/\/www.facebook.com\/credimex.alpnach\/","article_modified_time":"2023-03-24T08:36:17+00:00","og_image":[{"width":2048,"height":1536,"url":"https:\/\/www.credimex.ch\/wp-content\/uploads\/2022\/06\/BVB-Zahnraeder.jpg","type":"image\/jpeg"}],"twitter_card":"summary_large_image","twitter_misc":{"Gesch\u00e4tzte Lesezeit":"1\u00a0Minute"},"schema":{"@context":"https:\/\/schema.org","@graph":[{"@type":"WebPage","@id":"https:\/\/www.credimex.ch\/de\/produkt\/cresacoat-c-114\/","url":"https:\/\/www.credimex.ch\/de\/produkt\/cresacoat-c-114\/","name":"CresaCoat C 114 - CREDIMEX","isPartOf":{"@id":"https:\/\/www.credimex.ch\/de\/#website"},"primaryImageOfPage":{"@id":"https:\/\/www.credimex.ch\/de\/produkt\/cresacoat-c-114\/#primaryimage"},"image":{"@id":"https:\/\/www.credimex.ch\/de\/produkt\/cresacoat-c-114\/#primaryimage"},"thumbnailUrl":"https:\/\/www.credimex.ch\/wp-content\/uploads\/2022\/06\/BVB-Zahnraeder.jpg","datePublished":"2022-06-22T09:54:24+00:00","dateModified":"2023-03-24T08:36:17+00:00","description":"CresaCoat 114 ist eine D\u00fcnnschichtbeschichtung mit integriertem MoS2, die einen guten Korrosionsschutz und Best\u00e4ndigkeit gegen \u00d6le, Fette und L\u00f6sungsmittel bietet.","breadcrumb":{"@id":"https:\/\/www.credimex.ch\/de\/produkt\/cresacoat-c-114\/#breadcrumb"},"inLanguage":"de","potentialAction":[{"@type":"ReadAction","target":["https:\/\/www.credimex.ch\/de\/produkt\/cresacoat-c-114\/"]}]},{"@type":"ImageObject","inLanguage":"de","@id":"https:\/\/www.credimex.ch\/de\/produkt\/cresacoat-c-114\/#primaryimage","url":"https:\/\/www.credimex.ch\/wp-content\/uploads\/2022\/06\/BVB-Zahnraeder.jpg","contentUrl":"https:\/\/www.credimex.ch\/wp-content\/uploads\/2022\/06\/BVB-Zahnraeder.jpg","width":2048,"height":1536},{"@type":"BreadcrumbList","@id":"https:\/\/www.credimex.ch\/de\/produkt\/cresacoat-c-114\/#breadcrumb","itemListElement":[{"@type":"ListItem","position":1,"name":"Home","item":"https:\/\/www.credimex.ch\/de\/"},{"@type":"ListItem","position":2,"name":"Produkte","item":"https:\/\/www.credimex.ch\/de\/produkte\/"},{"@type":"ListItem","position":3,"name":"CresaCoat C 114"}]},{"@type":"WebSite","@id":"https:\/\/www.credimex.ch\/de\/#website","url":"https:\/\/www.credimex.ch\/de\/","name":"CREDIMEX","description":"Partner of Swiss Industrial Market","publisher":{"@id":"https:\/\/www.credimex.ch\/de\/#organization"},"potentialAction":[{"@type":"SearchAction","target":{"@type":"EntryPoint","urlTemplate":"https:\/\/www.credimex.ch\/de\/?s={search_term_string}"},"query-input":{"@type":"PropertyValueSpecification","valueRequired":true,"valueName":"search_term_string"}}],"inLanguage":"de"},{"@type":"Organization","@id":"https:\/\/www.credimex.ch\/de\/#organization","name":"credimex","url":"https:\/\/www.credimex.ch\/de\/","logo":{"@type":"ImageObject","inLanguage":"de","@id":"https:\/\/www.credimex.ch\/de\/#\/schema\/logo\/image\/","url":"https:\/\/www.credimex.ch\/wp-content\/uploads\/2022\/03\/cropped-logo-credimex.png","contentUrl":"https:\/\/www.credimex.ch\/wp-content\/uploads\/2022\/03\/cropped-logo-credimex.png","width":512,"height":512,"caption":"credimex"},"image":{"@id":"https:\/\/www.credimex.ch\/de\/#\/schema\/logo\/image\/"},"sameAs":["https:\/\/www.facebook.com\/credimex.alpnach\/","https:\/\/www.linkedin.com\/company\/credimex\/","https:\/\/www.youtube.com\/@CREDIMEX?sub_confirmation=1"]}]}},"_links":{"self":[{"href":"https:\/\/www.credimex.ch\/de\/wp-json\/wp\/v2\/product\/4220","targetHints":{"allow":["GET"]}}],"collection":[{"href":"https:\/\/www.credimex.ch\/de\/wp-json\/wp\/v2\/product"}],"about":[{"href":"https:\/\/www.credimex.ch\/de\/wp-json\/wp\/v2\/types\/product"}],"replies":[{"embeddable":true,"href":"https:\/\/www.credimex.ch\/de\/wp-json\/wp\/v2\/comments?post=4220"}],"wp:featuredmedia":[{"embeddable":true,"href":"https:\/\/www.credimex.ch\/de\/wp-json\/wp\/v2\/media\/6117"}],"wp:attachment":[{"href":"https:\/\/www.credimex.ch\/de\/wp-json\/wp\/v2\/media?parent=4220"}],"wp:term":[{"taxonomy":"product_brand","embeddable":true,"href":"https:\/\/www.credimex.ch\/de\/wp-json\/wp\/v2\/product_brand?post=4220"},{"taxonomy":"product_cat","embeddable":true,"href":"https:\/\/www.credimex.ch\/de\/wp-json\/wp\/v2\/product_cat?post=4220"},{"taxonomy":"product_tag","embeddable":true,"href":"https:\/\/www.credimex.ch\/de\/wp-json\/wp\/v2\/product_tag?post=4220"}],"curies":[{"name":"wp","href":"https:\/\/api.w.org\/{rel}","templated":true}]}}