{"id":4226,"date":"2022-06-07T13:41:56","date_gmt":"2022-06-07T11:41:56","guid":{"rendered":"https:\/\/www.credimex.ch.mialias.net\/product\/cht-silcoset-151\/"},"modified":"2023-01-03T09:29:12","modified_gmt":"2023-01-03T08:29:12","slug":"cht-silcoset-151","status":"publish","type":"product","link":"https:\/\/www.credimex.ch\/de\/produkt\/cht-silcoset-151\/","title":{"rendered":"CHT Silcoset 151"},"content":{"rendered":"<h2 class=\"p2\">Beschreibung<\/h2>\n<p class=\"p2\">CHT Silcoset 151 ist ein einkomponentiger, gebrauchsfertiger, selbstnivellierender RTV-Silikondichtstoff in Lebensmittelqualit\u00e4t, der mit Luftfeuchtigkeit zu einem elastischen Gummi reagiert, der \u00fcber einen sehr grossen Temperaturbereich hinweg flexibel bleibt. Silcoset\u00ae 151 setzt w\u00e4hrend der Aush\u00e4rtung eine sehr geringe Menge Essigs\u00e4ure frei, die den bekannten Essiggeruch hervorruft, der sich nach der Aush\u00e4rtung schnell verfl\u00fcchtigt. Diese hochspezifischen Dichtstoffe sind ideal f\u00fcr eine Vielzahl von technischen Anwendungen, von der Produktion bis hin zu schnellen, effektiven Wartungsarbeiten und Reparaturen vor Ort. Sie werden direkt aus der Kartusche aufgetragen und h\u00e4rten bei Raumtemperatur aus. Unter typischen Umgebungsbedingungen bilden sie in etwa 15 Minuten eine klebfreie Oberfl\u00e4che und h\u00e4rten innerhalb von 24 Stunden aus.<\/p>\n<h2 class=\"p2\">Produktvorteile<\/h2>\n<p class=\"p2\">CHT Silcoset 151 hat mehrere Vorteile, wie zum Beispiel:<\/p>\n<ul class=\"ul1\">\n<li class=\"li2\">Acetoxy-H\u00e4rtungstyp<\/li>\n<li class=\"li2\">Best\u00e4ndig gegen L\u00f6sungsmittel und Chemikalien<\/li>\n<li class=\"li2\">Gute elektrische Isolationseigenschaften<\/li>\n<li class=\"li2\">Hervorragende Haftung auf einer breiten Palette von Substraten<\/li>\n<li class=\"li2\">Hervorragende Haftung auf den meisten Substraten<\/li>\n<li class=\"li2\">-60 bis +300\u00b0C Flexibilit\u00e4t Form<\/li>\n<\/ul>\n<h2 class=\"p2\">Anwendung<\/h2>\n<p class=\"p2\">CHT Silcoset 151 kann in der Verteidigungs-, Milit\u00e4r- und Raumfahrtindustrie eingesetzt werden.<\/p>\n","protected":false},"excerpt":{"rendered":"<p>CHT Silcoset 151 ist ein Silikonklebstoff, der in der Verteidigungs-, Milit\u00e4r- und Luftfahrtindustrie verwendet wird. Erfahren Sie alles, was Sie dar\u00fcber wissen m\u00fcssen.<\/p>\n","protected":false},"featured_media":3127,"comment_status":"open","ping_status":"closed","template":"","meta":{"_acf_changed":false},"product_brand":[],"product_cat":[369,351,419,529,380,379,417,390,457,530],"product_tag":[],"class_list":{"0":"post-4226","1":"product","2":"type-product","3":"status-publish","4":"has-post-thumbnail","6":"product_cat-allgemeine-industrie","7":"product_cat-automobilindustrie","8":"product_cat-batterien","9":"product_cat-cht","10":"product_cat-e-mobilitat","11":"product_cat-eisenbahn","12":"product_cat-elektronik","13":"product_cat-energie","14":"product_cat-klebstoffe-und-dichtungsmittel","15":"product_cat-silikon-klebstoffe","17":"first","18":"instock","19":"shipping-taxable","20":"product-type-simple"},"acf":[],"_yoast_wpseo_focuskw":"CHT Silcoset 151","_yoast_wpseo_metadesc":"CHT Silcoset 151 ist ein Silikonklebstoff, der in der Verteidigungs-, Milit\u00e4r- und Luftfahrtindustrie verwendet wird. Erfahren Sie alles, was Sie dar\u00fcber wissen m\u00fcssen.","yoast_head":"<!-- This site is optimized with the Yoast SEO Premium plugin v21.6 (Yoast SEO v27.4) - https:\/\/yoast.com\/product\/yoast-seo-premium-wordpress\/ -->\n<title>CHT Silcoset 151 - CREDIMEX<\/title>\n<meta name=\"description\" content=\"CHT Silcoset 151 ist ein Silikonklebstoff, der in der Verteidigungs-, Milit\u00e4r- und Luftfahrtindustrie verwendet wird. Erfahren Sie alles, was Sie dar\u00fcber wissen m\u00fcssen.\" \/>\n<meta name=\"robots\" content=\"index, follow, max-snippet:-1, max-image-preview:large, max-video-preview:-1\" \/>\n<link rel=\"canonical\" href=\"https:\/\/www.credimex.ch\/de\/produkt\/cht-silcoset-151\/\" \/>\n<meta property=\"og:locale\" content=\"de_DE\" \/>\n<meta property=\"og:type\" content=\"article\" \/>\n<meta property=\"og:title\" content=\"CHT Silcoset 151\" \/>\n<meta property=\"og:description\" content=\"CHT Silcoset 151 ist ein Silikonklebstoff, der in der Verteidigungs-, Milit\u00e4r- und Luftfahrtindustrie verwendet wird. Erfahren Sie alles, was Sie dar\u00fcber wissen m\u00fcssen.\" \/>\n<meta property=\"og:url\" content=\"https:\/\/www.credimex.ch\/de\/produkt\/cht-silcoset-151\/\" \/>\n<meta property=\"og:site_name\" content=\"CREDIMEX\" \/>\n<meta property=\"article:publisher\" content=\"https:\/\/www.facebook.com\/credimex.alpnach\/\" \/>\n<meta property=\"article:modified_time\" content=\"2023-01-03T08:29:12+00:00\" \/>\n<meta property=\"og:image\" content=\"https:\/\/www.credimex.ch\/wp-content\/uploads\/2022\/06\/60029865.jpeg\" \/>\n\t<meta property=\"og:image:width\" content=\"534\" \/>\n\t<meta property=\"og:image:height\" content=\"336\" \/>\n\t<meta property=\"og:image:type\" content=\"image\/jpeg\" \/>\n<meta name=\"twitter:card\" content=\"summary_large_image\" \/>\n<meta name=\"twitter:label1\" content=\"Gesch\u00e4tzte Lesezeit\" \/>\n\t<meta name=\"twitter:data1\" content=\"1\u00a0Minute\" \/>\n<script type=\"application\/ld+json\" class=\"yoast-schema-graph\">{\"@context\":\"https:\\\/\\\/schema.org\",\"@graph\":[{\"@type\":\"WebPage\",\"@id\":\"https:\\\/\\\/www.credimex.ch\\\/de\\\/produkt\\\/cht-silcoset-151\\\/\",\"url\":\"https:\\\/\\\/www.credimex.ch\\\/de\\\/produkt\\\/cht-silcoset-151\\\/\",\"name\":\"CHT Silcoset 151 - CREDIMEX\",\"isPartOf\":{\"@id\":\"https:\\\/\\\/www.credimex.ch\\\/de\\\/#website\"},\"primaryImageOfPage\":{\"@id\":\"https:\\\/\\\/www.credimex.ch\\\/de\\\/produkt\\\/cht-silcoset-151\\\/#primaryimage\"},\"image\":{\"@id\":\"https:\\\/\\\/www.credimex.ch\\\/de\\\/produkt\\\/cht-silcoset-151\\\/#primaryimage\"},\"thumbnailUrl\":\"https:\\\/\\\/www.credimex.ch\\\/wp-content\\\/uploads\\\/2022\\\/06\\\/60029865.jpeg\",\"datePublished\":\"2022-06-07T11:41:56+00:00\",\"dateModified\":\"2023-01-03T08:29:12+00:00\",\"description\":\"CHT Silcoset 151 ist ein Silikonklebstoff, der in der Verteidigungs-, Milit\u00e4r- und Luftfahrtindustrie verwendet wird. Erfahren Sie alles, was Sie dar\u00fcber wissen m\u00fcssen.\",\"breadcrumb\":{\"@id\":\"https:\\\/\\\/www.credimex.ch\\\/de\\\/produkt\\\/cht-silcoset-151\\\/#breadcrumb\"},\"inLanguage\":\"de\",\"potentialAction\":[{\"@type\":\"ReadAction\",\"target\":[\"https:\\\/\\\/www.credimex.ch\\\/de\\\/produkt\\\/cht-silcoset-151\\\/\"]}]},{\"@type\":\"ImageObject\",\"inLanguage\":\"de\",\"@id\":\"https:\\\/\\\/www.credimex.ch\\\/de\\\/produkt\\\/cht-silcoset-151\\\/#primaryimage\",\"url\":\"https:\\\/\\\/www.credimex.ch\\\/wp-content\\\/uploads\\\/2022\\\/06\\\/60029865.jpeg\",\"contentUrl\":\"https:\\\/\\\/www.credimex.ch\\\/wp-content\\\/uploads\\\/2022\\\/06\\\/60029865.jpeg\",\"width\":534,\"height\":336},{\"@type\":\"BreadcrumbList\",\"@id\":\"https:\\\/\\\/www.credimex.ch\\\/de\\\/produkt\\\/cht-silcoset-151\\\/#breadcrumb\",\"itemListElement\":[{\"@type\":\"ListItem\",\"position\":1,\"name\":\"Home\",\"item\":\"https:\\\/\\\/www.credimex.ch\\\/de\\\/\"},{\"@type\":\"ListItem\",\"position\":2,\"name\":\"Produkte\",\"item\":\"https:\\\/\\\/www.credimex.ch\\\/de\\\/produkte\\\/\"},{\"@type\":\"ListItem\",\"position\":3,\"name\":\"CHT Silcoset 151\"}]},{\"@type\":\"WebSite\",\"@id\":\"https:\\\/\\\/www.credimex.ch\\\/de\\\/#website\",\"url\":\"https:\\\/\\\/www.credimex.ch\\\/de\\\/\",\"name\":\"CREDIMEX\",\"description\":\"Partner of Swiss Industrial Market\",\"publisher\":{\"@id\":\"https:\\\/\\\/www.credimex.ch\\\/de\\\/#organization\"},\"potentialAction\":[{\"@type\":\"SearchAction\",\"target\":{\"@type\":\"EntryPoint\",\"urlTemplate\":\"https:\\\/\\\/www.credimex.ch\\\/de\\\/?s={search_term_string}\"},\"query-input\":{\"@type\":\"PropertyValueSpecification\",\"valueRequired\":true,\"valueName\":\"search_term_string\"}}],\"inLanguage\":\"de\"},{\"@type\":\"Organization\",\"@id\":\"https:\\\/\\\/www.credimex.ch\\\/de\\\/#organization\",\"name\":\"credimex\",\"url\":\"https:\\\/\\\/www.credimex.ch\\\/de\\\/\",\"logo\":{\"@type\":\"ImageObject\",\"inLanguage\":\"de\",\"@id\":\"https:\\\/\\\/www.credimex.ch\\\/de\\\/#\\\/schema\\\/logo\\\/image\\\/\",\"url\":\"https:\\\/\\\/www.credimex.ch\\\/wp-content\\\/uploads\\\/2022\\\/03\\\/cropped-logo-credimex.png\",\"contentUrl\":\"https:\\\/\\\/www.credimex.ch\\\/wp-content\\\/uploads\\\/2022\\\/03\\\/cropped-logo-credimex.png\",\"width\":512,\"height\":512,\"caption\":\"credimex\"},\"image\":{\"@id\":\"https:\\\/\\\/www.credimex.ch\\\/de\\\/#\\\/schema\\\/logo\\\/image\\\/\"},\"sameAs\":[\"https:\\\/\\\/www.facebook.com\\\/credimex.alpnach\\\/\",\"https:\\\/\\\/www.linkedin.com\\\/company\\\/credimex\\\/\",\"https:\\\/\\\/www.youtube.com\\\/@CREDIMEX?sub_confirmation=1\"]}]}<\/script>\n<!-- \/ Yoast SEO Premium plugin. -->","yoast_head_json":{"title":"CHT Silcoset 151 - CREDIMEX","description":"CHT Silcoset 151 ist ein Silikonklebstoff, der in der Verteidigungs-, Milit\u00e4r- und Luftfahrtindustrie verwendet wird. Erfahren Sie alles, was Sie dar\u00fcber wissen m\u00fcssen.","robots":{"index":"index","follow":"follow","max-snippet":"max-snippet:-1","max-image-preview":"max-image-preview:large","max-video-preview":"max-video-preview:-1"},"canonical":"https:\/\/www.credimex.ch\/de\/produkt\/cht-silcoset-151\/","og_locale":"de_DE","og_type":"article","og_title":"CHT Silcoset 151","og_description":"CHT Silcoset 151 ist ein Silikonklebstoff, der in der Verteidigungs-, Milit\u00e4r- und Luftfahrtindustrie verwendet wird. Erfahren Sie alles, was Sie dar\u00fcber wissen m\u00fcssen.","og_url":"https:\/\/www.credimex.ch\/de\/produkt\/cht-silcoset-151\/","og_site_name":"CREDIMEX","article_publisher":"https:\/\/www.facebook.com\/credimex.alpnach\/","article_modified_time":"2023-01-03T08:29:12+00:00","og_image":[{"width":534,"height":336,"url":"https:\/\/www.credimex.ch\/wp-content\/uploads\/2022\/06\/60029865.jpeg","type":"image\/jpeg"}],"twitter_card":"summary_large_image","twitter_misc":{"Gesch\u00e4tzte Lesezeit":"1\u00a0Minute"},"schema":{"@context":"https:\/\/schema.org","@graph":[{"@type":"WebPage","@id":"https:\/\/www.credimex.ch\/de\/produkt\/cht-silcoset-151\/","url":"https:\/\/www.credimex.ch\/de\/produkt\/cht-silcoset-151\/","name":"CHT Silcoset 151 - CREDIMEX","isPartOf":{"@id":"https:\/\/www.credimex.ch\/de\/#website"},"primaryImageOfPage":{"@id":"https:\/\/www.credimex.ch\/de\/produkt\/cht-silcoset-151\/#primaryimage"},"image":{"@id":"https:\/\/www.credimex.ch\/de\/produkt\/cht-silcoset-151\/#primaryimage"},"thumbnailUrl":"https:\/\/www.credimex.ch\/wp-content\/uploads\/2022\/06\/60029865.jpeg","datePublished":"2022-06-07T11:41:56+00:00","dateModified":"2023-01-03T08:29:12+00:00","description":"CHT Silcoset 151 ist ein Silikonklebstoff, der in der Verteidigungs-, Milit\u00e4r- und Luftfahrtindustrie verwendet wird. Erfahren Sie alles, was Sie dar\u00fcber wissen m\u00fcssen.","breadcrumb":{"@id":"https:\/\/www.credimex.ch\/de\/produkt\/cht-silcoset-151\/#breadcrumb"},"inLanguage":"de","potentialAction":[{"@type":"ReadAction","target":["https:\/\/www.credimex.ch\/de\/produkt\/cht-silcoset-151\/"]}]},{"@type":"ImageObject","inLanguage":"de","@id":"https:\/\/www.credimex.ch\/de\/produkt\/cht-silcoset-151\/#primaryimage","url":"https:\/\/www.credimex.ch\/wp-content\/uploads\/2022\/06\/60029865.jpeg","contentUrl":"https:\/\/www.credimex.ch\/wp-content\/uploads\/2022\/06\/60029865.jpeg","width":534,"height":336},{"@type":"BreadcrumbList","@id":"https:\/\/www.credimex.ch\/de\/produkt\/cht-silcoset-151\/#breadcrumb","itemListElement":[{"@type":"ListItem","position":1,"name":"Home","item":"https:\/\/www.credimex.ch\/de\/"},{"@type":"ListItem","position":2,"name":"Produkte","item":"https:\/\/www.credimex.ch\/de\/produkte\/"},{"@type":"ListItem","position":3,"name":"CHT Silcoset 151"}]},{"@type":"WebSite","@id":"https:\/\/www.credimex.ch\/de\/#website","url":"https:\/\/www.credimex.ch\/de\/","name":"CREDIMEX","description":"Partner of Swiss Industrial Market","publisher":{"@id":"https:\/\/www.credimex.ch\/de\/#organization"},"potentialAction":[{"@type":"SearchAction","target":{"@type":"EntryPoint","urlTemplate":"https:\/\/www.credimex.ch\/de\/?s={search_term_string}"},"query-input":{"@type":"PropertyValueSpecification","valueRequired":true,"valueName":"search_term_string"}}],"inLanguage":"de"},{"@type":"Organization","@id":"https:\/\/www.credimex.ch\/de\/#organization","name":"credimex","url":"https:\/\/www.credimex.ch\/de\/","logo":{"@type":"ImageObject","inLanguage":"de","@id":"https:\/\/www.credimex.ch\/de\/#\/schema\/logo\/image\/","url":"https:\/\/www.credimex.ch\/wp-content\/uploads\/2022\/03\/cropped-logo-credimex.png","contentUrl":"https:\/\/www.credimex.ch\/wp-content\/uploads\/2022\/03\/cropped-logo-credimex.png","width":512,"height":512,"caption":"credimex"},"image":{"@id":"https:\/\/www.credimex.ch\/de\/#\/schema\/logo\/image\/"},"sameAs":["https:\/\/www.facebook.com\/credimex.alpnach\/","https:\/\/www.linkedin.com\/company\/credimex\/","https:\/\/www.youtube.com\/@CREDIMEX?sub_confirmation=1"]}]}},"_links":{"self":[{"href":"https:\/\/www.credimex.ch\/de\/wp-json\/wp\/v2\/product\/4226","targetHints":{"allow":["GET"]}}],"collection":[{"href":"https:\/\/www.credimex.ch\/de\/wp-json\/wp\/v2\/product"}],"about":[{"href":"https:\/\/www.credimex.ch\/de\/wp-json\/wp\/v2\/types\/product"}],"replies":[{"embeddable":true,"href":"https:\/\/www.credimex.ch\/de\/wp-json\/wp\/v2\/comments?post=4226"}],"wp:featuredmedia":[{"embeddable":true,"href":"https:\/\/www.credimex.ch\/de\/wp-json\/wp\/v2\/media\/3127"}],"wp:attachment":[{"href":"https:\/\/www.credimex.ch\/de\/wp-json\/wp\/v2\/media?parent=4226"}],"wp:term":[{"taxonomy":"product_brand","embeddable":true,"href":"https:\/\/www.credimex.ch\/de\/wp-json\/wp\/v2\/product_brand?post=4226"},{"taxonomy":"product_cat","embeddable":true,"href":"https:\/\/www.credimex.ch\/de\/wp-json\/wp\/v2\/product_cat?post=4226"},{"taxonomy":"product_tag","embeddable":true,"href":"https:\/\/www.credimex.ch\/de\/wp-json\/wp\/v2\/product_tag?post=4226"}],"curies":[{"name":"wp","href":"https:\/\/api.w.org\/{rel}","templated":true}]}}