{"id":4232,"date":"2022-06-07T13:17:39","date_gmt":"2022-06-07T11:17:39","guid":{"rendered":"https:\/\/www.credimex.ch.mialias.net\/product\/qsil-553\/"},"modified":"2023-01-03T09:28:05","modified_gmt":"2023-01-03T08:28:05","slug":"qsil-553","status":"publish","type":"product","link":"https:\/\/www.credimex.ch\/de\/produkt\/qsil-553\/","title":{"rendered":"QSil 553"},"content":{"rendered":"<h2 class=\"p1\">Beschreibung<\/h2>\n<p class=\"p1\">Qsil-553 ist ein schwarzes Elastomer aus 100% Silikon, das f\u00fcr elektronische Vergussanwendungen entwickelt wurde. Das Zweikomponentensystem bietet ein hartes, w\u00e4rmeleitf\u00e4higes Material mit niedrigem Modul, das sich leicht reparieren l\u00e4sst.<\/p>\n<h2 class=\"p1\">Produktvorteile<\/h2>\n<p class=\"p1\">Qsil-553 hat mehrere Vorteile, wie zum Beispiel:<\/p>\n<ul class=\"ul1\">\n<li class=\"li1\">W\u00e4rmeleitf\u00e4higkeit 0,68 W\/m.K<\/li>\n<li class=\"li1\">100% Feststoffe &#8211; keine L\u00f6sungsmittel<\/li>\n<li class=\"li1\">Lange Topfzeit<\/li>\n<li class=\"li1\">Mischungsverh\u00e4ltnis 1:1<\/li>\n<li class=\"li1\">Reversionsresistent<\/li>\n<li class=\"li1\">Ausgeh\u00e4rtetes Material 32\u00b0IRDH<\/li>\n<\/ul>\n<h2 class=\"p1\">Anmeldung<\/h2>\n<p class=\"p1\">Qsil-553 kann in einer Vielzahl von Branchen eingesetzt werden, z. B. in der allgemeinen Industrie, der Elektronik, der Automobilbranche, der Eisenbahn, der Energiebranche, bei Batterien und in der Elektromobilit\u00e4t.<\/p>\n","protected":false},"excerpt":{"rendered":"<p>Qsil-553 ist ein schwarzes Elastomer aus 100% Silikon, das f\u00fcr elektronische Vergussanwendungen entwickelt wurde. Erfahren Sie alles, was Sie dar\u00fcber wissen m\u00fcssen.<\/p>\n","protected":false},"featured_media":3121,"comment_status":"open","ping_status":"closed","template":"","meta":{"_acf_changed":false},"product_brand":[],"product_cat":[369,351,419,529,380,379,417,390,457,530],"product_tag":[],"class_list":{"0":"post-4232","1":"product","2":"type-product","3":"status-publish","4":"has-post-thumbnail","6":"product_cat-allgemeine-industrie","7":"product_cat-automobilindustrie","8":"product_cat-batterien","9":"product_cat-cht","10":"product_cat-e-mobilitat","11":"product_cat-eisenbahn","12":"product_cat-elektronik","13":"product_cat-energie","14":"product_cat-klebstoffe-und-dichtungsmittel","15":"product_cat-silikon-klebstoffe","17":"first","18":"instock","19":"shipping-taxable","20":"product-type-simple"},"acf":[],"_yoast_wpseo_focuskw":null,"_yoast_wpseo_metadesc":"Qsil-553 ist ein schwarzes Elastomer aus 100% Silikon, das f\u00fcr elektronische Vergussanwendungen entwickelt wurde. Erfahren Sie alles, was Sie dar\u00fcber wissen m\u00fcssen.","yoast_head":"<!-- This site is optimized with the Yoast SEO Premium plugin v21.6 (Yoast SEO v27.4) - https:\/\/yoast.com\/product\/yoast-seo-premium-wordpress\/ -->\n<title>QSil 553 - CREDIMEX<\/title>\n<meta name=\"description\" content=\"Qsil-553 ist ein schwarzes Elastomer aus 100% Silikon, das f\u00fcr elektronische Vergussanwendungen entwickelt wurde. Erfahren Sie alles, was Sie dar\u00fcber wissen m\u00fcssen.\" \/>\n<meta name=\"robots\" content=\"index, follow, max-snippet:-1, max-image-preview:large, max-video-preview:-1\" \/>\n<link rel=\"canonical\" href=\"https:\/\/www.credimex.ch\/de\/produkt\/qsil-553\/\" \/>\n<meta property=\"og:locale\" content=\"de_DE\" \/>\n<meta property=\"og:type\" content=\"article\" \/>\n<meta property=\"og:title\" content=\"QSil 553\" \/>\n<meta property=\"og:description\" content=\"Qsil-553 ist ein schwarzes Elastomer aus 100% Silikon, das f\u00fcr elektronische Vergussanwendungen entwickelt wurde. Erfahren Sie alles, was Sie dar\u00fcber wissen m\u00fcssen.\" \/>\n<meta property=\"og:url\" content=\"https:\/\/www.credimex.ch\/de\/produkt\/qsil-553\/\" \/>\n<meta property=\"og:site_name\" content=\"CREDIMEX\" \/>\n<meta property=\"article:publisher\" content=\"https:\/\/www.facebook.com\/credimex.alpnach\/\" \/>\n<meta property=\"article:modified_time\" content=\"2023-01-03T08:28:05+00:00\" \/>\n<meta property=\"og:image\" content=\"https:\/\/www.credimex.ch\/wp-content\/uploads\/2022\/06\/42420098.webp\" \/>\n\t<meta property=\"og:image:width\" content=\"175\" \/>\n\t<meta property=\"og:image:height\" content=\"200\" \/>\n\t<meta property=\"og:image:type\" content=\"image\/webp\" \/>\n<meta name=\"twitter:card\" content=\"summary_large_image\" \/>\n<script type=\"application\/ld+json\" class=\"yoast-schema-graph\">{\"@context\":\"https:\\\/\\\/schema.org\",\"@graph\":[{\"@type\":\"WebPage\",\"@id\":\"https:\\\/\\\/www.credimex.ch\\\/de\\\/produkt\\\/qsil-553\\\/\",\"url\":\"https:\\\/\\\/www.credimex.ch\\\/de\\\/produkt\\\/qsil-553\\\/\",\"name\":\"QSil 553 - CREDIMEX\",\"isPartOf\":{\"@id\":\"https:\\\/\\\/www.credimex.ch\\\/de\\\/#website\"},\"primaryImageOfPage\":{\"@id\":\"https:\\\/\\\/www.credimex.ch\\\/de\\\/produkt\\\/qsil-553\\\/#primaryimage\"},\"image\":{\"@id\":\"https:\\\/\\\/www.credimex.ch\\\/de\\\/produkt\\\/qsil-553\\\/#primaryimage\"},\"thumbnailUrl\":\"https:\\\/\\\/www.credimex.ch\\\/wp-content\\\/uploads\\\/2022\\\/06\\\/42420098.webp\",\"datePublished\":\"2022-06-07T11:17:39+00:00\",\"dateModified\":\"2023-01-03T08:28:05+00:00\",\"description\":\"Qsil-553 ist ein schwarzes Elastomer aus 100% Silikon, das f\u00fcr elektronische Vergussanwendungen entwickelt wurde. Erfahren Sie alles, was Sie dar\u00fcber wissen m\u00fcssen.\",\"breadcrumb\":{\"@id\":\"https:\\\/\\\/www.credimex.ch\\\/de\\\/produkt\\\/qsil-553\\\/#breadcrumb\"},\"inLanguage\":\"de\",\"potentialAction\":[{\"@type\":\"ReadAction\",\"target\":[\"https:\\\/\\\/www.credimex.ch\\\/de\\\/produkt\\\/qsil-553\\\/\"]}]},{\"@type\":\"ImageObject\",\"inLanguage\":\"de\",\"@id\":\"https:\\\/\\\/www.credimex.ch\\\/de\\\/produkt\\\/qsil-553\\\/#primaryimage\",\"url\":\"https:\\\/\\\/www.credimex.ch\\\/wp-content\\\/uploads\\\/2022\\\/06\\\/42420098.webp\",\"contentUrl\":\"https:\\\/\\\/www.credimex.ch\\\/wp-content\\\/uploads\\\/2022\\\/06\\\/42420098.webp\",\"width\":175,\"height\":200},{\"@type\":\"BreadcrumbList\",\"@id\":\"https:\\\/\\\/www.credimex.ch\\\/de\\\/produkt\\\/qsil-553\\\/#breadcrumb\",\"itemListElement\":[{\"@type\":\"ListItem\",\"position\":1,\"name\":\"Home\",\"item\":\"https:\\\/\\\/www.credimex.ch\\\/de\\\/\"},{\"@type\":\"ListItem\",\"position\":2,\"name\":\"Produkte\",\"item\":\"https:\\\/\\\/www.credimex.ch\\\/de\\\/produkte\\\/\"},{\"@type\":\"ListItem\",\"position\":3,\"name\":\"QSil 553\"}]},{\"@type\":\"WebSite\",\"@id\":\"https:\\\/\\\/www.credimex.ch\\\/de\\\/#website\",\"url\":\"https:\\\/\\\/www.credimex.ch\\\/de\\\/\",\"name\":\"CREDIMEX\",\"description\":\"Partner of Swiss Industrial Market\",\"publisher\":{\"@id\":\"https:\\\/\\\/www.credimex.ch\\\/de\\\/#organization\"},\"potentialAction\":[{\"@type\":\"SearchAction\",\"target\":{\"@type\":\"EntryPoint\",\"urlTemplate\":\"https:\\\/\\\/www.credimex.ch\\\/de\\\/?s={search_term_string}\"},\"query-input\":{\"@type\":\"PropertyValueSpecification\",\"valueRequired\":true,\"valueName\":\"search_term_string\"}}],\"inLanguage\":\"de\"},{\"@type\":\"Organization\",\"@id\":\"https:\\\/\\\/www.credimex.ch\\\/de\\\/#organization\",\"name\":\"credimex\",\"url\":\"https:\\\/\\\/www.credimex.ch\\\/de\\\/\",\"logo\":{\"@type\":\"ImageObject\",\"inLanguage\":\"de\",\"@id\":\"https:\\\/\\\/www.credimex.ch\\\/de\\\/#\\\/schema\\\/logo\\\/image\\\/\",\"url\":\"https:\\\/\\\/www.credimex.ch\\\/wp-content\\\/uploads\\\/2022\\\/03\\\/cropped-logo-credimex.png\",\"contentUrl\":\"https:\\\/\\\/www.credimex.ch\\\/wp-content\\\/uploads\\\/2022\\\/03\\\/cropped-logo-credimex.png\",\"width\":512,\"height\":512,\"caption\":\"credimex\"},\"image\":{\"@id\":\"https:\\\/\\\/www.credimex.ch\\\/de\\\/#\\\/schema\\\/logo\\\/image\\\/\"},\"sameAs\":[\"https:\\\/\\\/www.facebook.com\\\/credimex.alpnach\\\/\",\"https:\\\/\\\/www.linkedin.com\\\/company\\\/credimex\\\/\",\"https:\\\/\\\/www.youtube.com\\\/@CREDIMEX?sub_confirmation=1\"]}]}<\/script>\n<!-- \/ Yoast SEO Premium plugin. -->","yoast_head_json":{"title":"QSil 553 - CREDIMEX","description":"Qsil-553 ist ein schwarzes Elastomer aus 100% Silikon, das f\u00fcr elektronische Vergussanwendungen entwickelt wurde. Erfahren Sie alles, was Sie dar\u00fcber wissen m\u00fcssen.","robots":{"index":"index","follow":"follow","max-snippet":"max-snippet:-1","max-image-preview":"max-image-preview:large","max-video-preview":"max-video-preview:-1"},"canonical":"https:\/\/www.credimex.ch\/de\/produkt\/qsil-553\/","og_locale":"de_DE","og_type":"article","og_title":"QSil 553","og_description":"Qsil-553 ist ein schwarzes Elastomer aus 100% Silikon, das f\u00fcr elektronische Vergussanwendungen entwickelt wurde. Erfahren Sie alles, was Sie dar\u00fcber wissen m\u00fcssen.","og_url":"https:\/\/www.credimex.ch\/de\/produkt\/qsil-553\/","og_site_name":"CREDIMEX","article_publisher":"https:\/\/www.facebook.com\/credimex.alpnach\/","article_modified_time":"2023-01-03T08:28:05+00:00","og_image":[{"width":175,"height":200,"url":"https:\/\/www.credimex.ch\/wp-content\/uploads\/2022\/06\/42420098.webp","type":"image\/webp"}],"twitter_card":"summary_large_image","schema":{"@context":"https:\/\/schema.org","@graph":[{"@type":"WebPage","@id":"https:\/\/www.credimex.ch\/de\/produkt\/qsil-553\/","url":"https:\/\/www.credimex.ch\/de\/produkt\/qsil-553\/","name":"QSil 553 - CREDIMEX","isPartOf":{"@id":"https:\/\/www.credimex.ch\/de\/#website"},"primaryImageOfPage":{"@id":"https:\/\/www.credimex.ch\/de\/produkt\/qsil-553\/#primaryimage"},"image":{"@id":"https:\/\/www.credimex.ch\/de\/produkt\/qsil-553\/#primaryimage"},"thumbnailUrl":"https:\/\/www.credimex.ch\/wp-content\/uploads\/2022\/06\/42420098.webp","datePublished":"2022-06-07T11:17:39+00:00","dateModified":"2023-01-03T08:28:05+00:00","description":"Qsil-553 ist ein schwarzes Elastomer aus 100% Silikon, das f\u00fcr elektronische Vergussanwendungen entwickelt wurde. Erfahren Sie alles, was Sie dar\u00fcber wissen m\u00fcssen.","breadcrumb":{"@id":"https:\/\/www.credimex.ch\/de\/produkt\/qsil-553\/#breadcrumb"},"inLanguage":"de","potentialAction":[{"@type":"ReadAction","target":["https:\/\/www.credimex.ch\/de\/produkt\/qsil-553\/"]}]},{"@type":"ImageObject","inLanguage":"de","@id":"https:\/\/www.credimex.ch\/de\/produkt\/qsil-553\/#primaryimage","url":"https:\/\/www.credimex.ch\/wp-content\/uploads\/2022\/06\/42420098.webp","contentUrl":"https:\/\/www.credimex.ch\/wp-content\/uploads\/2022\/06\/42420098.webp","width":175,"height":200},{"@type":"BreadcrumbList","@id":"https:\/\/www.credimex.ch\/de\/produkt\/qsil-553\/#breadcrumb","itemListElement":[{"@type":"ListItem","position":1,"name":"Home","item":"https:\/\/www.credimex.ch\/de\/"},{"@type":"ListItem","position":2,"name":"Produkte","item":"https:\/\/www.credimex.ch\/de\/produkte\/"},{"@type":"ListItem","position":3,"name":"QSil 553"}]},{"@type":"WebSite","@id":"https:\/\/www.credimex.ch\/de\/#website","url":"https:\/\/www.credimex.ch\/de\/","name":"CREDIMEX","description":"Partner of Swiss Industrial Market","publisher":{"@id":"https:\/\/www.credimex.ch\/de\/#organization"},"potentialAction":[{"@type":"SearchAction","target":{"@type":"EntryPoint","urlTemplate":"https:\/\/www.credimex.ch\/de\/?s={search_term_string}"},"query-input":{"@type":"PropertyValueSpecification","valueRequired":true,"valueName":"search_term_string"}}],"inLanguage":"de"},{"@type":"Organization","@id":"https:\/\/www.credimex.ch\/de\/#organization","name":"credimex","url":"https:\/\/www.credimex.ch\/de\/","logo":{"@type":"ImageObject","inLanguage":"de","@id":"https:\/\/www.credimex.ch\/de\/#\/schema\/logo\/image\/","url":"https:\/\/www.credimex.ch\/wp-content\/uploads\/2022\/03\/cropped-logo-credimex.png","contentUrl":"https:\/\/www.credimex.ch\/wp-content\/uploads\/2022\/03\/cropped-logo-credimex.png","width":512,"height":512,"caption":"credimex"},"image":{"@id":"https:\/\/www.credimex.ch\/de\/#\/schema\/logo\/image\/"},"sameAs":["https:\/\/www.facebook.com\/credimex.alpnach\/","https:\/\/www.linkedin.com\/company\/credimex\/","https:\/\/www.youtube.com\/@CREDIMEX?sub_confirmation=1"]}]}},"_links":{"self":[{"href":"https:\/\/www.credimex.ch\/de\/wp-json\/wp\/v2\/product\/4232","targetHints":{"allow":["GET"]}}],"collection":[{"href":"https:\/\/www.credimex.ch\/de\/wp-json\/wp\/v2\/product"}],"about":[{"href":"https:\/\/www.credimex.ch\/de\/wp-json\/wp\/v2\/types\/product"}],"replies":[{"embeddable":true,"href":"https:\/\/www.credimex.ch\/de\/wp-json\/wp\/v2\/comments?post=4232"}],"wp:featuredmedia":[{"embeddable":true,"href":"https:\/\/www.credimex.ch\/de\/wp-json\/wp\/v2\/media\/3121"}],"wp:attachment":[{"href":"https:\/\/www.credimex.ch\/de\/wp-json\/wp\/v2\/media?parent=4232"}],"wp:term":[{"taxonomy":"product_brand","embeddable":true,"href":"https:\/\/www.credimex.ch\/de\/wp-json\/wp\/v2\/product_brand?post=4232"},{"taxonomy":"product_cat","embeddable":true,"href":"https:\/\/www.credimex.ch\/de\/wp-json\/wp\/v2\/product_cat?post=4232"},{"taxonomy":"product_tag","embeddable":true,"href":"https:\/\/www.credimex.ch\/de\/wp-json\/wp\/v2\/product_tag?post=4232"}],"curies":[{"name":"wp","href":"https:\/\/api.w.org\/{rel}","templated":true}]}}