{"id":4234,"date":"2022-06-07T13:11:46","date_gmt":"2022-06-07T11:11:46","guid":{"rendered":"https:\/\/www.credimex.ch.mialias.net\/product\/cht-as1700\/"},"modified":"2023-01-03T09:28:11","modified_gmt":"2023-01-03T08:28:11","slug":"cht-as1700","status":"publish","type":"product","link":"https:\/\/www.credimex.ch\/de\/produkt\/cht-as1700\/","title":{"rendered":"CHT AS1700"},"content":{"rendered":"<h2 class=\"p1\">Beschreibung<\/h2>\n<p class=\"p1\">CHT AS1700 ist eine neutral flammhemmende, thixotrope Klebedichtmasse, eine speziell formulierte, neutral aush\u00e4rtende Silikondichtmasse, die f\u00fcr den Einsatz bei empfindlichen elektronischen Baugruppen entwickelt wurde. Es wird als ein 1-teiliges, bei Raumtemperatur vulkanisierendes (RTV) Alkoxy-Silikondichtmittel beschrieben. Das Alkoxy-H\u00e4rtungssystem ergibt einen Silikondichtstoff mit hervorragender Haftung auf den meisten g\u00e4ngigen Substraten. Transluzentes Pastenbild mit 10 Minuten klebefreier Zeit.<\/p>\n<h2 class=\"p1\">Produktvorteile<\/h2>\n<p class=\"p1\">Die Verwendung von CHT AS1700 bietet eine Vielzahl von Vorteilen, wie z. B:<\/p>\n<ul class=\"ul1\">\n<li class=\"li1\">Es ist nicht korrosiv<\/li>\n<li class=\"li1\">Es hat eine ausgezeichnete grundierungsfreie Haftung auf vielen Substraten<\/li>\n<li class=\"li1\">Es hat ausgezeichnete dielektrische Eigenschaften<\/li>\n<li class=\"li1\">Es ist geruchsarm<\/li>\n<\/ul>\n<h2 class=\"p1\">Anwendung<\/h2>\n<p class=\"p1\">CHT AS1700 wird haupts\u00e4chlich f\u00fcr Unterhaltungselektronik verwendet.<\/p>\n","protected":false},"excerpt":{"rendered":"<p class=\"p1\">CHT AS1700 ist eine neutrale, flammhemmende, thixotrope Klebstoffversiegelung, die speziell f\u00fcr empfindliche elektronische Baugruppen entwickelt wurde. Erfahren Sie alles, was Sie dar\u00fcber wissen m\u00fcssen.<\/p>\n","protected":false},"featured_media":3119,"comment_status":"open","ping_status":"closed","template":"","meta":{"_acf_changed":false},"product_brand":[],"product_cat":[369,351,419,529,380,379,417,390,457,530],"product_tag":[],"class_list":{"0":"post-4234","1":"product","2":"type-product","3":"status-publish","4":"has-post-thumbnail","6":"product_cat-allgemeine-industrie","7":"product_cat-automobilindustrie","8":"product_cat-batterien","9":"product_cat-cht","10":"product_cat-e-mobilitat","11":"product_cat-eisenbahn","12":"product_cat-elektronik","13":"product_cat-energie","14":"product_cat-klebstoffe-und-dichtungsmittel","15":"product_cat-silikon-klebstoffe","17":"first","18":"instock","19":"shipping-taxable","20":"product-type-simple"},"acf":[],"_yoast_wpseo_focuskw":"CHT AS1700","_yoast_wpseo_metadesc":"CHT AS1700 ist eine neutrale, flammhemmende, thixotrope Klebstoffversiegelung, die speziell f\u00fcr empfindliche elektronische Baugruppen entwickelt wurde. Erfahren Sie alles, was Sie dar\u00fcber wissen m\u00fcssen.","yoast_head":"<!-- This site is optimized with the Yoast SEO Premium plugin v21.6 (Yoast SEO v27.4) - https:\/\/yoast.com\/product\/yoast-seo-premium-wordpress\/ -->\n<title>CHT AS1700 - CREDIMEX<\/title>\n<meta name=\"description\" content=\"CHT AS1700 ist eine neutrale, flammhemmende, thixotrope Klebstoffversiegelung, die speziell f\u00fcr empfindliche elektronische Baugruppen entwickelt wurde. Erfahren Sie alles, was Sie dar\u00fcber wissen m\u00fcssen.\" \/>\n<meta name=\"robots\" content=\"index, follow, max-snippet:-1, max-image-preview:large, max-video-preview:-1\" \/>\n<link rel=\"canonical\" href=\"https:\/\/www.credimex.ch\/de\/produkt\/cht-as1700\/\" \/>\n<meta property=\"og:locale\" content=\"de_DE\" \/>\n<meta property=\"og:type\" content=\"article\" \/>\n<meta property=\"og:title\" content=\"CHT AS1700\" \/>\n<meta property=\"og:description\" content=\"CHT AS1700 ist eine neutrale, flammhemmende, thixotrope Klebstoffversiegelung, die speziell f\u00fcr empfindliche elektronische Baugruppen entwickelt wurde. Erfahren Sie alles, was Sie dar\u00fcber wissen m\u00fcssen.\" \/>\n<meta property=\"og:url\" content=\"https:\/\/www.credimex.ch\/de\/produkt\/cht-as1700\/\" \/>\n<meta property=\"og:site_name\" content=\"CREDIMEX\" \/>\n<meta property=\"article:publisher\" content=\"https:\/\/www.facebook.com\/credimex.alpnach\/\" \/>\n<meta property=\"article:modified_time\" content=\"2023-01-03T08:28:11+00:00\" \/>\n<meta property=\"og:image\" content=\"https:\/\/www.credimex.ch\/wp-content\/uploads\/2022\/06\/752229_1.webp\" \/>\n\t<meta property=\"og:image:width\" content=\"640\" \/>\n\t<meta property=\"og:image:height\" content=\"480\" \/>\n\t<meta property=\"og:image:type\" content=\"image\/webp\" \/>\n<meta name=\"twitter:card\" content=\"summary_large_image\" \/>\n<meta name=\"twitter:label1\" content=\"Gesch\u00e4tzte Lesezeit\" \/>\n\t<meta name=\"twitter:data1\" content=\"1\u00a0Minute\" \/>\n<script type=\"application\/ld+json\" class=\"yoast-schema-graph\">{\"@context\":\"https:\\\/\\\/schema.org\",\"@graph\":[{\"@type\":\"WebPage\",\"@id\":\"https:\\\/\\\/www.credimex.ch\\\/de\\\/produkt\\\/cht-as1700\\\/\",\"url\":\"https:\\\/\\\/www.credimex.ch\\\/de\\\/produkt\\\/cht-as1700\\\/\",\"name\":\"CHT AS1700 - CREDIMEX\",\"isPartOf\":{\"@id\":\"https:\\\/\\\/www.credimex.ch\\\/de\\\/#website\"},\"primaryImageOfPage\":{\"@id\":\"https:\\\/\\\/www.credimex.ch\\\/de\\\/produkt\\\/cht-as1700\\\/#primaryimage\"},\"image\":{\"@id\":\"https:\\\/\\\/www.credimex.ch\\\/de\\\/produkt\\\/cht-as1700\\\/#primaryimage\"},\"thumbnailUrl\":\"https:\\\/\\\/www.credimex.ch\\\/wp-content\\\/uploads\\\/2022\\\/06\\\/752229_1.webp\",\"datePublished\":\"2022-06-07T11:11:46+00:00\",\"dateModified\":\"2023-01-03T08:28:11+00:00\",\"description\":\"CHT AS1700 ist eine neutrale, flammhemmende, thixotrope Klebstoffversiegelung, die speziell f\u00fcr empfindliche elektronische Baugruppen entwickelt wurde. Erfahren Sie alles, was Sie dar\u00fcber wissen m\u00fcssen.\",\"breadcrumb\":{\"@id\":\"https:\\\/\\\/www.credimex.ch\\\/de\\\/produkt\\\/cht-as1700\\\/#breadcrumb\"},\"inLanguage\":\"de\",\"potentialAction\":[{\"@type\":\"ReadAction\",\"target\":[\"https:\\\/\\\/www.credimex.ch\\\/de\\\/produkt\\\/cht-as1700\\\/\"]}]},{\"@type\":\"ImageObject\",\"inLanguage\":\"de\",\"@id\":\"https:\\\/\\\/www.credimex.ch\\\/de\\\/produkt\\\/cht-as1700\\\/#primaryimage\",\"url\":\"https:\\\/\\\/www.credimex.ch\\\/wp-content\\\/uploads\\\/2022\\\/06\\\/752229_1.webp\",\"contentUrl\":\"https:\\\/\\\/www.credimex.ch\\\/wp-content\\\/uploads\\\/2022\\\/06\\\/752229_1.webp\",\"width\":640,\"height\":480},{\"@type\":\"BreadcrumbList\",\"@id\":\"https:\\\/\\\/www.credimex.ch\\\/de\\\/produkt\\\/cht-as1700\\\/#breadcrumb\",\"itemListElement\":[{\"@type\":\"ListItem\",\"position\":1,\"name\":\"Home\",\"item\":\"https:\\\/\\\/www.credimex.ch\\\/de\\\/\"},{\"@type\":\"ListItem\",\"position\":2,\"name\":\"Produkte\",\"item\":\"https:\\\/\\\/www.credimex.ch\\\/de\\\/produkte\\\/\"},{\"@type\":\"ListItem\",\"position\":3,\"name\":\"CHT AS1700\"}]},{\"@type\":\"WebSite\",\"@id\":\"https:\\\/\\\/www.credimex.ch\\\/de\\\/#website\",\"url\":\"https:\\\/\\\/www.credimex.ch\\\/de\\\/\",\"name\":\"CREDIMEX\",\"description\":\"Partner of Swiss Industrial Market\",\"publisher\":{\"@id\":\"https:\\\/\\\/www.credimex.ch\\\/de\\\/#organization\"},\"potentialAction\":[{\"@type\":\"SearchAction\",\"target\":{\"@type\":\"EntryPoint\",\"urlTemplate\":\"https:\\\/\\\/www.credimex.ch\\\/de\\\/?s={search_term_string}\"},\"query-input\":{\"@type\":\"PropertyValueSpecification\",\"valueRequired\":true,\"valueName\":\"search_term_string\"}}],\"inLanguage\":\"de\"},{\"@type\":\"Organization\",\"@id\":\"https:\\\/\\\/www.credimex.ch\\\/de\\\/#organization\",\"name\":\"credimex\",\"url\":\"https:\\\/\\\/www.credimex.ch\\\/de\\\/\",\"logo\":{\"@type\":\"ImageObject\",\"inLanguage\":\"de\",\"@id\":\"https:\\\/\\\/www.credimex.ch\\\/de\\\/#\\\/schema\\\/logo\\\/image\\\/\",\"url\":\"https:\\\/\\\/www.credimex.ch\\\/wp-content\\\/uploads\\\/2022\\\/03\\\/cropped-logo-credimex.png\",\"contentUrl\":\"https:\\\/\\\/www.credimex.ch\\\/wp-content\\\/uploads\\\/2022\\\/03\\\/cropped-logo-credimex.png\",\"width\":512,\"height\":512,\"caption\":\"credimex\"},\"image\":{\"@id\":\"https:\\\/\\\/www.credimex.ch\\\/de\\\/#\\\/schema\\\/logo\\\/image\\\/\"},\"sameAs\":[\"https:\\\/\\\/www.facebook.com\\\/credimex.alpnach\\\/\",\"https:\\\/\\\/www.linkedin.com\\\/company\\\/credimex\\\/\",\"https:\\\/\\\/www.youtube.com\\\/@CREDIMEX?sub_confirmation=1\"]}]}<\/script>\n<!-- \/ Yoast SEO Premium plugin. -->","yoast_head_json":{"title":"CHT AS1700 - CREDIMEX","description":"CHT AS1700 ist eine neutrale, flammhemmende, thixotrope Klebstoffversiegelung, die speziell f\u00fcr empfindliche elektronische Baugruppen entwickelt wurde. Erfahren Sie alles, was Sie dar\u00fcber wissen m\u00fcssen.","robots":{"index":"index","follow":"follow","max-snippet":"max-snippet:-1","max-image-preview":"max-image-preview:large","max-video-preview":"max-video-preview:-1"},"canonical":"https:\/\/www.credimex.ch\/de\/produkt\/cht-as1700\/","og_locale":"de_DE","og_type":"article","og_title":"CHT AS1700","og_description":"CHT AS1700 ist eine neutrale, flammhemmende, thixotrope Klebstoffversiegelung, die speziell f\u00fcr empfindliche elektronische Baugruppen entwickelt wurde. Erfahren Sie alles, was Sie dar\u00fcber wissen m\u00fcssen.","og_url":"https:\/\/www.credimex.ch\/de\/produkt\/cht-as1700\/","og_site_name":"CREDIMEX","article_publisher":"https:\/\/www.facebook.com\/credimex.alpnach\/","article_modified_time":"2023-01-03T08:28:11+00:00","og_image":[{"width":640,"height":480,"url":"https:\/\/www.credimex.ch\/wp-content\/uploads\/2022\/06\/752229_1.webp","type":"image\/webp"}],"twitter_card":"summary_large_image","twitter_misc":{"Gesch\u00e4tzte Lesezeit":"1\u00a0Minute"},"schema":{"@context":"https:\/\/schema.org","@graph":[{"@type":"WebPage","@id":"https:\/\/www.credimex.ch\/de\/produkt\/cht-as1700\/","url":"https:\/\/www.credimex.ch\/de\/produkt\/cht-as1700\/","name":"CHT AS1700 - CREDIMEX","isPartOf":{"@id":"https:\/\/www.credimex.ch\/de\/#website"},"primaryImageOfPage":{"@id":"https:\/\/www.credimex.ch\/de\/produkt\/cht-as1700\/#primaryimage"},"image":{"@id":"https:\/\/www.credimex.ch\/de\/produkt\/cht-as1700\/#primaryimage"},"thumbnailUrl":"https:\/\/www.credimex.ch\/wp-content\/uploads\/2022\/06\/752229_1.webp","datePublished":"2022-06-07T11:11:46+00:00","dateModified":"2023-01-03T08:28:11+00:00","description":"CHT AS1700 ist eine neutrale, flammhemmende, thixotrope Klebstoffversiegelung, die speziell f\u00fcr empfindliche elektronische Baugruppen entwickelt wurde. Erfahren Sie alles, was Sie dar\u00fcber wissen m\u00fcssen.","breadcrumb":{"@id":"https:\/\/www.credimex.ch\/de\/produkt\/cht-as1700\/#breadcrumb"},"inLanguage":"de","potentialAction":[{"@type":"ReadAction","target":["https:\/\/www.credimex.ch\/de\/produkt\/cht-as1700\/"]}]},{"@type":"ImageObject","inLanguage":"de","@id":"https:\/\/www.credimex.ch\/de\/produkt\/cht-as1700\/#primaryimage","url":"https:\/\/www.credimex.ch\/wp-content\/uploads\/2022\/06\/752229_1.webp","contentUrl":"https:\/\/www.credimex.ch\/wp-content\/uploads\/2022\/06\/752229_1.webp","width":640,"height":480},{"@type":"BreadcrumbList","@id":"https:\/\/www.credimex.ch\/de\/produkt\/cht-as1700\/#breadcrumb","itemListElement":[{"@type":"ListItem","position":1,"name":"Home","item":"https:\/\/www.credimex.ch\/de\/"},{"@type":"ListItem","position":2,"name":"Produkte","item":"https:\/\/www.credimex.ch\/de\/produkte\/"},{"@type":"ListItem","position":3,"name":"CHT AS1700"}]},{"@type":"WebSite","@id":"https:\/\/www.credimex.ch\/de\/#website","url":"https:\/\/www.credimex.ch\/de\/","name":"CREDIMEX","description":"Partner of Swiss Industrial Market","publisher":{"@id":"https:\/\/www.credimex.ch\/de\/#organization"},"potentialAction":[{"@type":"SearchAction","target":{"@type":"EntryPoint","urlTemplate":"https:\/\/www.credimex.ch\/de\/?s={search_term_string}"},"query-input":{"@type":"PropertyValueSpecification","valueRequired":true,"valueName":"search_term_string"}}],"inLanguage":"de"},{"@type":"Organization","@id":"https:\/\/www.credimex.ch\/de\/#organization","name":"credimex","url":"https:\/\/www.credimex.ch\/de\/","logo":{"@type":"ImageObject","inLanguage":"de","@id":"https:\/\/www.credimex.ch\/de\/#\/schema\/logo\/image\/","url":"https:\/\/www.credimex.ch\/wp-content\/uploads\/2022\/03\/cropped-logo-credimex.png","contentUrl":"https:\/\/www.credimex.ch\/wp-content\/uploads\/2022\/03\/cropped-logo-credimex.png","width":512,"height":512,"caption":"credimex"},"image":{"@id":"https:\/\/www.credimex.ch\/de\/#\/schema\/logo\/image\/"},"sameAs":["https:\/\/www.facebook.com\/credimex.alpnach\/","https:\/\/www.linkedin.com\/company\/credimex\/","https:\/\/www.youtube.com\/@CREDIMEX?sub_confirmation=1"]}]}},"_links":{"self":[{"href":"https:\/\/www.credimex.ch\/de\/wp-json\/wp\/v2\/product\/4234","targetHints":{"allow":["GET"]}}],"collection":[{"href":"https:\/\/www.credimex.ch\/de\/wp-json\/wp\/v2\/product"}],"about":[{"href":"https:\/\/www.credimex.ch\/de\/wp-json\/wp\/v2\/types\/product"}],"replies":[{"embeddable":true,"href":"https:\/\/www.credimex.ch\/de\/wp-json\/wp\/v2\/comments?post=4234"}],"wp:featuredmedia":[{"embeddable":true,"href":"https:\/\/www.credimex.ch\/de\/wp-json\/wp\/v2\/media\/3119"}],"wp:attachment":[{"href":"https:\/\/www.credimex.ch\/de\/wp-json\/wp\/v2\/media?parent=4234"}],"wp:term":[{"taxonomy":"product_brand","embeddable":true,"href":"https:\/\/www.credimex.ch\/de\/wp-json\/wp\/v2\/product_brand?post=4234"},{"taxonomy":"product_cat","embeddable":true,"href":"https:\/\/www.credimex.ch\/de\/wp-json\/wp\/v2\/product_cat?post=4234"},{"taxonomy":"product_tag","embeddable":true,"href":"https:\/\/www.credimex.ch\/de\/wp-json\/wp\/v2\/product_tag?post=4234"}],"curies":[{"name":"wp","href":"https:\/\/api.w.org\/{rel}","templated":true}]}}