{"id":4244,"date":"2022-06-07T09:49:05","date_gmt":"2022-06-07T07:49:05","guid":{"rendered":"https:\/\/www.credimex.ch.mialias.net\/product\/merbenit-sf50\/"},"modified":"2023-01-03T17:25:23","modified_gmt":"2023-01-03T16:25:23","slug":"merbenit-sf50","status":"publish","type":"product","link":"https:\/\/www.credimex.ch\/de\/produkt\/merbenit-sf50\/","title":{"rendered":"Merbenit SF50"},"content":{"rendered":"<h2>Beschreibung<\/h2>\n<p>Merbenit SF50 ist ein dauerelastischer Klebstoff mit hohem und besonders schnellem Festigkeitsaufbau. Es haftet dank der SMP-Basis auf verschiedenen Materialien und Oberfl\u00e4chen.<\/p>\n<h2>Produktvorteile<\/h2>\n<ul>\n<li>Schnelle Vernetzung auch bei niedrigen Temperaturen<\/li>\n<li>Hohe Endfestigkeit<\/li>\n<li>Einfache Verarbeitung<\/li>\n<li>Frei von L\u00f6sungsmitteln, Isocyanaten und Silikonen<\/li>\n<li>Sehr breites Haftungsspektrum<\/li>\n<li>Geruchlos<\/li>\n<li>Chemisch neutrale Polymerisation<\/li>\n<li>Kompatibel mit Farben<\/li>\n<li>Kurzzeitbest\u00e4ndig bis zu +200\u00b0C f\u00fcr Pulver- und Thermobeschichtung<\/li>\n<li>Einstellbar<\/li>\n<li>Dauerelastisch von &#8211; 40\u00b0C bis + 90\u00b0C<\/li>\n<li>Sehr gute Dichtungseigenschaften<\/li>\n<li>Nicht korrosiv auf Oberfl\u00e4chen<\/li>\n<li>Stoss- und vibrationsfest (stossd\u00e4mpfend)<\/li>\n<li>Sehr gut geeignet f\u00fcr Minergie-ECO<\/li>\n<\/ul>\n<h2>Anwendung<\/h2>\n<p>Flexibles Kleben in den Bereichen Metall-, Apparate- und Maschinenbau, Kunststofftechnik, Klima- und L\u00fcftungsanlagen, Karosserie-, Waggon-, Fahrzeug- und Beh\u00e4lterbau. Dank der schnellen Vernetzung ist es m\u00f6glich, Teile in einem kontinuierlichen Arbeitsprozess zu verkleben. Die neutrale Polymerisation erm\u00f6glicht eine Verbindung ohne thermische oder chemische Vorbehandlung der Montageteile. Toleranzen f\u00fcr den Gewichtsausgleich.<\/p>\n","protected":false},"excerpt":{"rendered":"<p>Der dauerelastische Kleb- und Dichtstoff <strong>Merbenit SF50<\/strong> hybrid auf MS-Polymerbasis zeichnet sich durch eine extrem schnelle Aufbaufestigkeit bei gleichzeitig hoher Reissfestigkeit aus.<\/p>\n","protected":false},"featured_media":9330,"comment_status":"open","ping_status":"closed","template":"","meta":{"_acf_changed":false},"product_brand":[],"product_cat":[369,351,379,417,390,457,521,418,522],"product_tag":[],"class_list":{"0":"post-4244","1":"product","2":"type-product","3":"status-publish","4":"has-post-thumbnail","6":"product_cat-allgemeine-industrie","7":"product_cat-automobilindustrie","8":"product_cat-eisenbahn","9":"product_cat-elektronik","10":"product_cat-energie","11":"product_cat-klebstoffe-und-dichtungsmittel","12":"product_cat-merbenit-de","13":"product_cat-seilbahnen","14":"product_cat-smp-klebstoff","15":"pa_brands-merbenit-de","17":"first","18":"instock","19":"shipping-taxable","20":"product-type-simple"},"acf":[],"_yoast_wpseo_focuskw":"Merbenit SF50","_yoast_wpseo_metadesc":"Der dauerelastische Kleb- und Dichtstoff Merbenit SF50 hybrid auf MS-Polymerbasis zeichnet sich durch eine extrem schnelle Aufbaufestigkeit bei gleichzeitig hoher Reissfestigkeit aus.","yoast_head":"<!-- This site is optimized with the Yoast SEO Premium plugin v21.6 (Yoast SEO v27.4) - https:\/\/yoast.com\/product\/yoast-seo-premium-wordpress\/ -->\n<title>Merbenit SF50 - CREDIMEX<\/title>\n<meta name=\"description\" content=\"Der dauerelastische Kleb- und Dichtstoff Merbenit SF50 hybrid auf MS-Polymerbasis zeichnet sich durch eine extrem schnelle Aufbaufestigkeit bei gleichzeitig hoher Reissfestigkeit aus.\" \/>\n<meta name=\"robots\" content=\"index, follow, max-snippet:-1, max-image-preview:large, max-video-preview:-1\" \/>\n<link rel=\"canonical\" href=\"https:\/\/www.credimex.ch\/de\/produkt\/merbenit-sf50\/\" \/>\n<meta property=\"og:locale\" content=\"de_DE\" \/>\n<meta property=\"og:type\" content=\"article\" \/>\n<meta property=\"og:title\" content=\"Merbenit SF50\" \/>\n<meta property=\"og:description\" content=\"Der dauerelastische Kleb- und Dichtstoff Merbenit SF50 hybrid auf MS-Polymerbasis zeichnet sich durch eine extrem schnelle Aufbaufestigkeit bei gleichzeitig hoher Reissfestigkeit aus.\" \/>\n<meta property=\"og:url\" content=\"https:\/\/www.credimex.ch\/de\/produkt\/merbenit-sf50\/\" \/>\n<meta property=\"og:site_name\" content=\"CREDIMEX\" \/>\n<meta property=\"article:publisher\" content=\"https:\/\/www.facebook.com\/credimex.alpnach\/\" \/>\n<meta property=\"article:modified_time\" content=\"2023-01-03T16:25:23+00:00\" \/>\n<meta property=\"og:image\" content=\"https:\/\/www.credimex.ch\/wp-content\/uploads\/2022\/06\/MERBENIT_SF_50_th8-e1654588126129.jpeg\" \/>\n\t<meta property=\"og:image:width\" content=\"500\" \/>\n\t<meta property=\"og:image:height\" content=\"500\" \/>\n\t<meta property=\"og:image:type\" content=\"image\/jpeg\" \/>\n<meta name=\"twitter:card\" content=\"summary_large_image\" \/>\n<meta name=\"twitter:label1\" content=\"Gesch\u00e4tzte Lesezeit\" \/>\n\t<meta name=\"twitter:data1\" content=\"1\u00a0Minute\" \/>\n<script type=\"application\/ld+json\" class=\"yoast-schema-graph\">{\"@context\":\"https:\\\/\\\/schema.org\",\"@graph\":[{\"@type\":\"WebPage\",\"@id\":\"https:\\\/\\\/www.credimex.ch\\\/de\\\/produkt\\\/merbenit-sf50\\\/\",\"url\":\"https:\\\/\\\/www.credimex.ch\\\/de\\\/produkt\\\/merbenit-sf50\\\/\",\"name\":\"Merbenit SF50 - CREDIMEX\",\"isPartOf\":{\"@id\":\"https:\\\/\\\/www.credimex.ch\\\/de\\\/#website\"},\"primaryImageOfPage\":{\"@id\":\"https:\\\/\\\/www.credimex.ch\\\/de\\\/produkt\\\/merbenit-sf50\\\/#primaryimage\"},\"image\":{\"@id\":\"https:\\\/\\\/www.credimex.ch\\\/de\\\/produkt\\\/merbenit-sf50\\\/#primaryimage\"},\"thumbnailUrl\":\"https:\\\/\\\/www.credimex.ch\\\/wp-content\\\/uploads\\\/2022\\\/06\\\/Merbenit_SF50.webp\",\"datePublished\":\"2022-06-07T07:49:05+00:00\",\"dateModified\":\"2023-01-03T16:25:23+00:00\",\"description\":\"Der dauerelastische Kleb- und Dichtstoff Merbenit SF50 hybrid auf MS-Polymerbasis zeichnet sich durch eine extrem schnelle Aufbaufestigkeit bei gleichzeitig hoher Reissfestigkeit aus.\",\"breadcrumb\":{\"@id\":\"https:\\\/\\\/www.credimex.ch\\\/de\\\/produkt\\\/merbenit-sf50\\\/#breadcrumb\"},\"inLanguage\":\"de\",\"potentialAction\":[{\"@type\":\"ReadAction\",\"target\":[\"https:\\\/\\\/www.credimex.ch\\\/de\\\/produkt\\\/merbenit-sf50\\\/\"]}]},{\"@type\":\"ImageObject\",\"inLanguage\":\"de\",\"@id\":\"https:\\\/\\\/www.credimex.ch\\\/de\\\/produkt\\\/merbenit-sf50\\\/#primaryimage\",\"url\":\"https:\\\/\\\/www.credimex.ch\\\/wp-content\\\/uploads\\\/2022\\\/06\\\/Merbenit_SF50.webp\",\"contentUrl\":\"https:\\\/\\\/www.credimex.ch\\\/wp-content\\\/uploads\\\/2022\\\/06\\\/Merbenit_SF50.webp\",\"width\":700,\"height\":700},{\"@type\":\"BreadcrumbList\",\"@id\":\"https:\\\/\\\/www.credimex.ch\\\/de\\\/produkt\\\/merbenit-sf50\\\/#breadcrumb\",\"itemListElement\":[{\"@type\":\"ListItem\",\"position\":1,\"name\":\"Home\",\"item\":\"https:\\\/\\\/www.credimex.ch\\\/de\\\/\"},{\"@type\":\"ListItem\",\"position\":2,\"name\":\"Produkte\",\"item\":\"https:\\\/\\\/www.credimex.ch\\\/de\\\/produkte\\\/\"},{\"@type\":\"ListItem\",\"position\":3,\"name\":\"Merbenit SF50\"}]},{\"@type\":\"WebSite\",\"@id\":\"https:\\\/\\\/www.credimex.ch\\\/de\\\/#website\",\"url\":\"https:\\\/\\\/www.credimex.ch\\\/de\\\/\",\"name\":\"CREDIMEX\",\"description\":\"Partner of Swiss Industrial Market\",\"publisher\":{\"@id\":\"https:\\\/\\\/www.credimex.ch\\\/de\\\/#organization\"},\"potentialAction\":[{\"@type\":\"SearchAction\",\"target\":{\"@type\":\"EntryPoint\",\"urlTemplate\":\"https:\\\/\\\/www.credimex.ch\\\/de\\\/?s={search_term_string}\"},\"query-input\":{\"@type\":\"PropertyValueSpecification\",\"valueRequired\":true,\"valueName\":\"search_term_string\"}}],\"inLanguage\":\"de\"},{\"@type\":\"Organization\",\"@id\":\"https:\\\/\\\/www.credimex.ch\\\/de\\\/#organization\",\"name\":\"credimex\",\"url\":\"https:\\\/\\\/www.credimex.ch\\\/de\\\/\",\"logo\":{\"@type\":\"ImageObject\",\"inLanguage\":\"de\",\"@id\":\"https:\\\/\\\/www.credimex.ch\\\/de\\\/#\\\/schema\\\/logo\\\/image\\\/\",\"url\":\"https:\\\/\\\/www.credimex.ch\\\/wp-content\\\/uploads\\\/2022\\\/03\\\/cropped-logo-credimex.png\",\"contentUrl\":\"https:\\\/\\\/www.credimex.ch\\\/wp-content\\\/uploads\\\/2022\\\/03\\\/cropped-logo-credimex.png\",\"width\":512,\"height\":512,\"caption\":\"credimex\"},\"image\":{\"@id\":\"https:\\\/\\\/www.credimex.ch\\\/de\\\/#\\\/schema\\\/logo\\\/image\\\/\"},\"sameAs\":[\"https:\\\/\\\/www.facebook.com\\\/credimex.alpnach\\\/\",\"https:\\\/\\\/www.linkedin.com\\\/company\\\/credimex\\\/\",\"https:\\\/\\\/www.youtube.com\\\/@CREDIMEX?sub_confirmation=1\"]}]}<\/script>\n<!-- \/ Yoast SEO Premium plugin. -->","yoast_head_json":{"title":"Merbenit SF50 - CREDIMEX","description":"Der dauerelastische Kleb- und Dichtstoff Merbenit SF50 hybrid auf MS-Polymerbasis zeichnet sich durch eine extrem schnelle Aufbaufestigkeit bei gleichzeitig hoher Reissfestigkeit aus.","robots":{"index":"index","follow":"follow","max-snippet":"max-snippet:-1","max-image-preview":"max-image-preview:large","max-video-preview":"max-video-preview:-1"},"canonical":"https:\/\/www.credimex.ch\/de\/produkt\/merbenit-sf50\/","og_locale":"de_DE","og_type":"article","og_title":"Merbenit SF50","og_description":"Der dauerelastische Kleb- und Dichtstoff Merbenit SF50 hybrid auf MS-Polymerbasis zeichnet sich durch eine extrem schnelle Aufbaufestigkeit bei gleichzeitig hoher Reissfestigkeit aus.","og_url":"https:\/\/www.credimex.ch\/de\/produkt\/merbenit-sf50\/","og_site_name":"CREDIMEX","article_publisher":"https:\/\/www.facebook.com\/credimex.alpnach\/","article_modified_time":"2023-01-03T16:25:23+00:00","og_image":[{"width":500,"height":500,"url":"https:\/\/www.credimex.ch\/wp-content\/uploads\/2022\/06\/MERBENIT_SF_50_th8-e1654588126129.jpeg","type":"image\/jpeg"}],"twitter_card":"summary_large_image","twitter_misc":{"Gesch\u00e4tzte Lesezeit":"1\u00a0Minute"},"schema":{"@context":"https:\/\/schema.org","@graph":[{"@type":"WebPage","@id":"https:\/\/www.credimex.ch\/de\/produkt\/merbenit-sf50\/","url":"https:\/\/www.credimex.ch\/de\/produkt\/merbenit-sf50\/","name":"Merbenit SF50 - CREDIMEX","isPartOf":{"@id":"https:\/\/www.credimex.ch\/de\/#website"},"primaryImageOfPage":{"@id":"https:\/\/www.credimex.ch\/de\/produkt\/merbenit-sf50\/#primaryimage"},"image":{"@id":"https:\/\/www.credimex.ch\/de\/produkt\/merbenit-sf50\/#primaryimage"},"thumbnailUrl":"https:\/\/www.credimex.ch\/wp-content\/uploads\/2022\/06\/Merbenit_SF50.webp","datePublished":"2022-06-07T07:49:05+00:00","dateModified":"2023-01-03T16:25:23+00:00","description":"Der dauerelastische Kleb- und Dichtstoff Merbenit SF50 hybrid auf MS-Polymerbasis zeichnet sich durch eine extrem schnelle Aufbaufestigkeit bei gleichzeitig hoher Reissfestigkeit aus.","breadcrumb":{"@id":"https:\/\/www.credimex.ch\/de\/produkt\/merbenit-sf50\/#breadcrumb"},"inLanguage":"de","potentialAction":[{"@type":"ReadAction","target":["https:\/\/www.credimex.ch\/de\/produkt\/merbenit-sf50\/"]}]},{"@type":"ImageObject","inLanguage":"de","@id":"https:\/\/www.credimex.ch\/de\/produkt\/merbenit-sf50\/#primaryimage","url":"https:\/\/www.credimex.ch\/wp-content\/uploads\/2022\/06\/Merbenit_SF50.webp","contentUrl":"https:\/\/www.credimex.ch\/wp-content\/uploads\/2022\/06\/Merbenit_SF50.webp","width":700,"height":700},{"@type":"BreadcrumbList","@id":"https:\/\/www.credimex.ch\/de\/produkt\/merbenit-sf50\/#breadcrumb","itemListElement":[{"@type":"ListItem","position":1,"name":"Home","item":"https:\/\/www.credimex.ch\/de\/"},{"@type":"ListItem","position":2,"name":"Produkte","item":"https:\/\/www.credimex.ch\/de\/produkte\/"},{"@type":"ListItem","position":3,"name":"Merbenit SF50"}]},{"@type":"WebSite","@id":"https:\/\/www.credimex.ch\/de\/#website","url":"https:\/\/www.credimex.ch\/de\/","name":"CREDIMEX","description":"Partner of Swiss Industrial Market","publisher":{"@id":"https:\/\/www.credimex.ch\/de\/#organization"},"potentialAction":[{"@type":"SearchAction","target":{"@type":"EntryPoint","urlTemplate":"https:\/\/www.credimex.ch\/de\/?s={search_term_string}"},"query-input":{"@type":"PropertyValueSpecification","valueRequired":true,"valueName":"search_term_string"}}],"inLanguage":"de"},{"@type":"Organization","@id":"https:\/\/www.credimex.ch\/de\/#organization","name":"credimex","url":"https:\/\/www.credimex.ch\/de\/","logo":{"@type":"ImageObject","inLanguage":"de","@id":"https:\/\/www.credimex.ch\/de\/#\/schema\/logo\/image\/","url":"https:\/\/www.credimex.ch\/wp-content\/uploads\/2022\/03\/cropped-logo-credimex.png","contentUrl":"https:\/\/www.credimex.ch\/wp-content\/uploads\/2022\/03\/cropped-logo-credimex.png","width":512,"height":512,"caption":"credimex"},"image":{"@id":"https:\/\/www.credimex.ch\/de\/#\/schema\/logo\/image\/"},"sameAs":["https:\/\/www.facebook.com\/credimex.alpnach\/","https:\/\/www.linkedin.com\/company\/credimex\/","https:\/\/www.youtube.com\/@CREDIMEX?sub_confirmation=1"]}]}},"_links":{"self":[{"href":"https:\/\/www.credimex.ch\/de\/wp-json\/wp\/v2\/product\/4244","targetHints":{"allow":["GET"]}}],"collection":[{"href":"https:\/\/www.credimex.ch\/de\/wp-json\/wp\/v2\/product"}],"about":[{"href":"https:\/\/www.credimex.ch\/de\/wp-json\/wp\/v2\/types\/product"}],"replies":[{"embeddable":true,"href":"https:\/\/www.credimex.ch\/de\/wp-json\/wp\/v2\/comments?post=4244"}],"wp:featuredmedia":[{"embeddable":true,"href":"https:\/\/www.credimex.ch\/de\/wp-json\/wp\/v2\/media\/9330"}],"wp:attachment":[{"href":"https:\/\/www.credimex.ch\/de\/wp-json\/wp\/v2\/media?parent=4244"}],"wp:term":[{"taxonomy":"product_brand","embeddable":true,"href":"https:\/\/www.credimex.ch\/de\/wp-json\/wp\/v2\/product_brand?post=4244"},{"taxonomy":"product_cat","embeddable":true,"href":"https:\/\/www.credimex.ch\/de\/wp-json\/wp\/v2\/product_cat?post=4244"},{"taxonomy":"product_tag","embeddable":true,"href":"https:\/\/www.credimex.ch\/de\/wp-json\/wp\/v2\/product_tag?post=4244"}],"curies":[{"name":"wp","href":"https:\/\/api.w.org\/{rel}","templated":true}]}}