{"id":4246,"date":"2022-07-06T15:36:28","date_gmt":"2022-07-06T13:36:28","guid":{"rendered":"https:\/\/www.credimex.ch.mialias.net\/product\/enidine-drahtseilisolatoren\/"},"modified":"2023-07-10T15:58:52","modified_gmt":"2023-07-10T13:58:52","slug":"enidine-drahtseilisolatoren","status":"publish","type":"product","link":"https:\/\/www.credimex.ch\/de\/produkt\/enidine-drahtseilisolatoren\/","title":{"rendered":"ENIDINE Drahtseilisolatoren"},"content":{"rendered":"<h2>Beschreibung<\/h2>\n<p>Die Hochleistungs-Drahtseilisolatoren von ENIDINE verf\u00fcgen \u00fcber ein Edelstahlseil und RoHS-konforme Aluminium-Haltestangen, die eine hervorragende Schwingungsisolierung bieten. Die Isolatoren sind v\u00f6llig unempfindlich gegen\u00fcber \u00d6l, Chemikalien, Schleifmitteln, Ozon und extremen Temperaturen.<\/p>\n<p>Mit ihren vielseitigen Montageoptionen, Crimpmustern und Gr\u00f6ssenvariationen k\u00f6nnen die spiralf\u00f6rmigen Isolatorprodukte dazu beitragen, dass Ihre Systeme alle Anforderungen f\u00fcr industrielle, milit\u00e4rische und kommerzielle Anwendungen erf\u00fcllen. ENIDINE hat sich der Qualit\u00e4t verschrieben und alle Produkte erf\u00fcllen die Industrienormen DEF-STND 0755, MIL-STD-810, BV43-44, MIL-STD-167, STANAG-042, MIL-S-901 und MIL-E-5400.<\/p>\n<p><img fetchpriority=\"high\" decoding=\"async\" class=\"alignnone size-full wp-image-1393\" src=\"https:\/\/www.credimex.ch\/wp-content\/uploads\/2022\/07\/WR15.webp\" alt=\"\" width=\"400\" height=\"323\" srcset=\"https:\/\/www.credimex.ch\/wp-content\/uploads\/2022\/07\/WR15.webp 400w, https:\/\/www.credimex.ch\/wp-content\/uploads\/2022\/07\/WR15-300x242.webp 300w\" sizes=\"(max-width: 400px) 100vw, 400px\" \/><\/p>\n<h2>Produktvorteile<\/h2>\n<ul>\n<li>Schock- und Vibrationsisolierung bis zu 100.000 Pfund<\/li>\n<li>45 Grad Kompression\/Rolle<\/li>\n<li>Feststehende Rolle<\/li>\n<li>Kabel aus rostfreiem Stahl und RoHS-konforme Aluminiumschienen<\/li>\n<li>Feste Schere<\/li>\n<\/ul>\n<h2>Anwendung<\/h2>\n<p>Die Isolatoren sind korrosionsbest\u00e4ndig, was sie umweltbest\u00e4ndig und leistungsstark in einer Vielzahl von Anwendungen macht. Die Drahtseilisolatoren k\u00f6nnen an Bordk\u00fcchenkomponenten eingesetzt werden wo Motoren und Ventilatoren, Vibrationen auf die umliegenden Strukturen \u00fcbertragen. Sie k\u00f6nnen auch zur Kontrolle von Vibrationen und W\u00e4rmeausdehnung eingesetzt werden.<\/p>\n","protected":false},"excerpt":{"rendered":"<p>Die <strong>Hochleistungs-Drahtseilisolatoren von ENIDINE <\/strong>verf\u00fcgen \u00fcber ein Edelstahlseil und RoHS-konforme Aluminium-Haltestangen, die eine hervorragende Schwingungsisolierung bieten.<\/p>\n","protected":false},"featured_media":3353,"comment_status":"open","ping_status":"closed","template":"","meta":{"_acf_changed":false},"product_brand":[],"product_cat":[369,351,419,676,380,379,417,390,558,370,352,420,629,418,478],"product_tag":[],"class_list":{"0":"post-4246","1":"product","2":"type-product","3":"status-publish","4":"has-post-thumbnail","6":"product_cat-allgemeine-industrie","7":"product_cat-automobilindustrie","8":"product_cat-batterien","9":"product_cat-drahtseil-isolatoren","10":"product_cat-e-mobilitat","11":"product_cat-eisenbahn","12":"product_cat-elektronik","13":"product_cat-energie","14":"product_cat-enidine","15":"product_cat-lebensmittelindustrie","16":"product_cat-luft-und-raumfahrtindustrie","17":"product_cat-medizinal-industrie","18":"product_cat-schwingungsisolierung","19":"product_cat-seilbahnen","20":"product_cat-uhrenherstellung","21":"pa_brands-enidin","23":"first","24":"instock","25":"shipping-taxable","26":"product-type-simple"},"acf":[],"_yoast_wpseo_focuskw":"Enidine Drahtseilisolatoren","_yoast_wpseo_metadesc":"ENIDINE-Drahtseilisolatoren haben ein Edelstahlseil und Aluminium-Haltestangen, die eine hervorragende Schwingungsisolierung bieten.","yoast_head":"<!-- This site is optimized with the Yoast SEO Premium plugin v21.6 (Yoast SEO v27.4) - https:\/\/yoast.com\/product\/yoast-seo-premium-wordpress\/ -->\n<title>ENIDINE Drahtseilisolatoren - CREDIMEX<\/title>\n<meta name=\"description\" content=\"ENIDINE-Drahtseilisolatoren haben ein Edelstahlseil und Aluminium-Haltestangen, die eine hervorragende Schwingungsisolierung bieten.\" \/>\n<meta name=\"robots\" content=\"index, follow, max-snippet:-1, max-image-preview:large, max-video-preview:-1\" \/>\n<link rel=\"canonical\" href=\"https:\/\/www.credimex.ch\/de\/produkt\/enidine-drahtseilisolatoren\/\" \/>\n<meta property=\"og:locale\" content=\"de_DE\" \/>\n<meta property=\"og:type\" content=\"article\" \/>\n<meta property=\"og:title\" content=\"ENIDINE Drahtseilisolatoren\" \/>\n<meta property=\"og:description\" content=\"ENIDINE-Drahtseilisolatoren haben ein Edelstahlseil und Aluminium-Haltestangen, die eine hervorragende Schwingungsisolierung bieten.\" \/>\n<meta property=\"og:url\" content=\"https:\/\/www.credimex.ch\/de\/produkt\/enidine-drahtseilisolatoren\/\" \/>\n<meta property=\"og:site_name\" content=\"CREDIMEX\" \/>\n<meta property=\"article:publisher\" content=\"https:\/\/www.facebook.com\/credimex.alpnach\/\" \/>\n<meta property=\"article:modified_time\" content=\"2023-07-10T13:58:52+00:00\" \/>\n<meta property=\"og:image\" content=\"https:\/\/www.credimex.ch\/wp-content\/uploads\/2022\/07\/combowire.gif\" \/>\n\t<meta property=\"og:image:width\" content=\"261\" \/>\n\t<meta property=\"og:image:height\" content=\"240\" \/>\n\t<meta property=\"og:image:type\" content=\"image\/gif\" \/>\n<meta name=\"twitter:card\" content=\"summary_large_image\" \/>\n<meta name=\"twitter:label1\" content=\"Gesch\u00e4tzte Lesezeit\" \/>\n\t<meta name=\"twitter:data1\" content=\"1\u00a0Minute\" \/>\n<script type=\"application\/ld+json\" class=\"yoast-schema-graph\">{\"@context\":\"https:\\\/\\\/schema.org\",\"@graph\":[{\"@type\":\"WebPage\",\"@id\":\"https:\\\/\\\/www.credimex.ch\\\/de\\\/produkt\\\/enidine-drahtseilisolatoren\\\/\",\"url\":\"https:\\\/\\\/www.credimex.ch\\\/de\\\/produkt\\\/enidine-drahtseilisolatoren\\\/\",\"name\":\"ENIDINE Drahtseilisolatoren - CREDIMEX\",\"isPartOf\":{\"@id\":\"https:\\\/\\\/www.credimex.ch\\\/de\\\/#website\"},\"primaryImageOfPage\":{\"@id\":\"https:\\\/\\\/www.credimex.ch\\\/de\\\/produkt\\\/enidine-drahtseilisolatoren\\\/#primaryimage\"},\"image\":{\"@id\":\"https:\\\/\\\/www.credimex.ch\\\/de\\\/produkt\\\/enidine-drahtseilisolatoren\\\/#primaryimage\"},\"thumbnailUrl\":\"https:\\\/\\\/www.credimex.ch\\\/wp-content\\\/uploads\\\/2022\\\/07\\\/combowire.gif\",\"datePublished\":\"2022-07-06T13:36:28+00:00\",\"dateModified\":\"2023-07-10T13:58:52+00:00\",\"description\":\"ENIDINE-Drahtseilisolatoren haben ein Edelstahlseil und Aluminium-Haltestangen, die eine hervorragende Schwingungsisolierung bieten.\",\"breadcrumb\":{\"@id\":\"https:\\\/\\\/www.credimex.ch\\\/de\\\/produkt\\\/enidine-drahtseilisolatoren\\\/#breadcrumb\"},\"inLanguage\":\"de\",\"potentialAction\":[{\"@type\":\"ReadAction\",\"target\":[\"https:\\\/\\\/www.credimex.ch\\\/de\\\/produkt\\\/enidine-drahtseilisolatoren\\\/\"]}]},{\"@type\":\"ImageObject\",\"inLanguage\":\"de\",\"@id\":\"https:\\\/\\\/www.credimex.ch\\\/de\\\/produkt\\\/enidine-drahtseilisolatoren\\\/#primaryimage\",\"url\":\"https:\\\/\\\/www.credimex.ch\\\/wp-content\\\/uploads\\\/2022\\\/07\\\/combowire.gif\",\"contentUrl\":\"https:\\\/\\\/www.credimex.ch\\\/wp-content\\\/uploads\\\/2022\\\/07\\\/combowire.gif\",\"width\":261,\"height\":240},{\"@type\":\"BreadcrumbList\",\"@id\":\"https:\\\/\\\/www.credimex.ch\\\/de\\\/produkt\\\/enidine-drahtseilisolatoren\\\/#breadcrumb\",\"itemListElement\":[{\"@type\":\"ListItem\",\"position\":1,\"name\":\"Home\",\"item\":\"https:\\\/\\\/www.credimex.ch\\\/de\\\/\"},{\"@type\":\"ListItem\",\"position\":2,\"name\":\"Produkte\",\"item\":\"https:\\\/\\\/www.credimex.ch\\\/de\\\/produkte\\\/\"},{\"@type\":\"ListItem\",\"position\":3,\"name\":\"ENIDINE Drahtseilisolatoren\"}]},{\"@type\":\"WebSite\",\"@id\":\"https:\\\/\\\/www.credimex.ch\\\/de\\\/#website\",\"url\":\"https:\\\/\\\/www.credimex.ch\\\/de\\\/\",\"name\":\"CREDIMEX\",\"description\":\"Partner of Swiss Industrial Market\",\"publisher\":{\"@id\":\"https:\\\/\\\/www.credimex.ch\\\/de\\\/#organization\"},\"potentialAction\":[{\"@type\":\"SearchAction\",\"target\":{\"@type\":\"EntryPoint\",\"urlTemplate\":\"https:\\\/\\\/www.credimex.ch\\\/de\\\/?s={search_term_string}\"},\"query-input\":{\"@type\":\"PropertyValueSpecification\",\"valueRequired\":true,\"valueName\":\"search_term_string\"}}],\"inLanguage\":\"de\"},{\"@type\":\"Organization\",\"@id\":\"https:\\\/\\\/www.credimex.ch\\\/de\\\/#organization\",\"name\":\"credimex\",\"url\":\"https:\\\/\\\/www.credimex.ch\\\/de\\\/\",\"logo\":{\"@type\":\"ImageObject\",\"inLanguage\":\"de\",\"@id\":\"https:\\\/\\\/www.credimex.ch\\\/de\\\/#\\\/schema\\\/logo\\\/image\\\/\",\"url\":\"https:\\\/\\\/www.credimex.ch\\\/wp-content\\\/uploads\\\/2022\\\/03\\\/cropped-logo-credimex.png\",\"contentUrl\":\"https:\\\/\\\/www.credimex.ch\\\/wp-content\\\/uploads\\\/2022\\\/03\\\/cropped-logo-credimex.png\",\"width\":512,\"height\":512,\"caption\":\"credimex\"},\"image\":{\"@id\":\"https:\\\/\\\/www.credimex.ch\\\/de\\\/#\\\/schema\\\/logo\\\/image\\\/\"},\"sameAs\":[\"https:\\\/\\\/www.facebook.com\\\/credimex.alpnach\\\/\",\"https:\\\/\\\/www.linkedin.com\\\/company\\\/credimex\\\/\",\"https:\\\/\\\/www.youtube.com\\\/@CREDIMEX?sub_confirmation=1\"]}]}<\/script>\n<!-- \/ Yoast SEO Premium plugin. -->","yoast_head_json":{"title":"ENIDINE Drahtseilisolatoren - CREDIMEX","description":"ENIDINE-Drahtseilisolatoren haben ein Edelstahlseil und Aluminium-Haltestangen, die eine hervorragende Schwingungsisolierung bieten.","robots":{"index":"index","follow":"follow","max-snippet":"max-snippet:-1","max-image-preview":"max-image-preview:large","max-video-preview":"max-video-preview:-1"},"canonical":"https:\/\/www.credimex.ch\/de\/produkt\/enidine-drahtseilisolatoren\/","og_locale":"de_DE","og_type":"article","og_title":"ENIDINE Drahtseilisolatoren","og_description":"ENIDINE-Drahtseilisolatoren haben ein Edelstahlseil und Aluminium-Haltestangen, die eine hervorragende Schwingungsisolierung bieten.","og_url":"https:\/\/www.credimex.ch\/de\/produkt\/enidine-drahtseilisolatoren\/","og_site_name":"CREDIMEX","article_publisher":"https:\/\/www.facebook.com\/credimex.alpnach\/","article_modified_time":"2023-07-10T13:58:52+00:00","og_image":[{"width":261,"height":240,"url":"https:\/\/www.credimex.ch\/wp-content\/uploads\/2022\/07\/combowire.gif","type":"image\/gif"}],"twitter_card":"summary_large_image","twitter_misc":{"Gesch\u00e4tzte Lesezeit":"1\u00a0Minute"},"schema":{"@context":"https:\/\/schema.org","@graph":[{"@type":"WebPage","@id":"https:\/\/www.credimex.ch\/de\/produkt\/enidine-drahtseilisolatoren\/","url":"https:\/\/www.credimex.ch\/de\/produkt\/enidine-drahtseilisolatoren\/","name":"ENIDINE Drahtseilisolatoren - CREDIMEX","isPartOf":{"@id":"https:\/\/www.credimex.ch\/de\/#website"},"primaryImageOfPage":{"@id":"https:\/\/www.credimex.ch\/de\/produkt\/enidine-drahtseilisolatoren\/#primaryimage"},"image":{"@id":"https:\/\/www.credimex.ch\/de\/produkt\/enidine-drahtseilisolatoren\/#primaryimage"},"thumbnailUrl":"https:\/\/www.credimex.ch\/wp-content\/uploads\/2022\/07\/combowire.gif","datePublished":"2022-07-06T13:36:28+00:00","dateModified":"2023-07-10T13:58:52+00:00","description":"ENIDINE-Drahtseilisolatoren haben ein Edelstahlseil und Aluminium-Haltestangen, die eine hervorragende Schwingungsisolierung bieten.","breadcrumb":{"@id":"https:\/\/www.credimex.ch\/de\/produkt\/enidine-drahtseilisolatoren\/#breadcrumb"},"inLanguage":"de","potentialAction":[{"@type":"ReadAction","target":["https:\/\/www.credimex.ch\/de\/produkt\/enidine-drahtseilisolatoren\/"]}]},{"@type":"ImageObject","inLanguage":"de","@id":"https:\/\/www.credimex.ch\/de\/produkt\/enidine-drahtseilisolatoren\/#primaryimage","url":"https:\/\/www.credimex.ch\/wp-content\/uploads\/2022\/07\/combowire.gif","contentUrl":"https:\/\/www.credimex.ch\/wp-content\/uploads\/2022\/07\/combowire.gif","width":261,"height":240},{"@type":"BreadcrumbList","@id":"https:\/\/www.credimex.ch\/de\/produkt\/enidine-drahtseilisolatoren\/#breadcrumb","itemListElement":[{"@type":"ListItem","position":1,"name":"Home","item":"https:\/\/www.credimex.ch\/de\/"},{"@type":"ListItem","position":2,"name":"Produkte","item":"https:\/\/www.credimex.ch\/de\/produkte\/"},{"@type":"ListItem","position":3,"name":"ENIDINE Drahtseilisolatoren"}]},{"@type":"WebSite","@id":"https:\/\/www.credimex.ch\/de\/#website","url":"https:\/\/www.credimex.ch\/de\/","name":"CREDIMEX","description":"Partner of Swiss Industrial Market","publisher":{"@id":"https:\/\/www.credimex.ch\/de\/#organization"},"potentialAction":[{"@type":"SearchAction","target":{"@type":"EntryPoint","urlTemplate":"https:\/\/www.credimex.ch\/de\/?s={search_term_string}"},"query-input":{"@type":"PropertyValueSpecification","valueRequired":true,"valueName":"search_term_string"}}],"inLanguage":"de"},{"@type":"Organization","@id":"https:\/\/www.credimex.ch\/de\/#organization","name":"credimex","url":"https:\/\/www.credimex.ch\/de\/","logo":{"@type":"ImageObject","inLanguage":"de","@id":"https:\/\/www.credimex.ch\/de\/#\/schema\/logo\/image\/","url":"https:\/\/www.credimex.ch\/wp-content\/uploads\/2022\/03\/cropped-logo-credimex.png","contentUrl":"https:\/\/www.credimex.ch\/wp-content\/uploads\/2022\/03\/cropped-logo-credimex.png","width":512,"height":512,"caption":"credimex"},"image":{"@id":"https:\/\/www.credimex.ch\/de\/#\/schema\/logo\/image\/"},"sameAs":["https:\/\/www.facebook.com\/credimex.alpnach\/","https:\/\/www.linkedin.com\/company\/credimex\/","https:\/\/www.youtube.com\/@CREDIMEX?sub_confirmation=1"]}]}},"_links":{"self":[{"href":"https:\/\/www.credimex.ch\/de\/wp-json\/wp\/v2\/product\/4246","targetHints":{"allow":["GET"]}}],"collection":[{"href":"https:\/\/www.credimex.ch\/de\/wp-json\/wp\/v2\/product"}],"about":[{"href":"https:\/\/www.credimex.ch\/de\/wp-json\/wp\/v2\/types\/product"}],"replies":[{"embeddable":true,"href":"https:\/\/www.credimex.ch\/de\/wp-json\/wp\/v2\/comments?post=4246"}],"wp:featuredmedia":[{"embeddable":true,"href":"https:\/\/www.credimex.ch\/de\/wp-json\/wp\/v2\/media\/3353"}],"wp:attachment":[{"href":"https:\/\/www.credimex.ch\/de\/wp-json\/wp\/v2\/media?parent=4246"}],"wp:term":[{"taxonomy":"product_brand","embeddable":true,"href":"https:\/\/www.credimex.ch\/de\/wp-json\/wp\/v2\/product_brand?post=4246"},{"taxonomy":"product_cat","embeddable":true,"href":"https:\/\/www.credimex.ch\/de\/wp-json\/wp\/v2\/product_cat?post=4246"},{"taxonomy":"product_tag","embeddable":true,"href":"https:\/\/www.credimex.ch\/de\/wp-json\/wp\/v2\/product_tag?post=4246"}],"curies":[{"name":"wp","href":"https:\/\/api.w.org\/{rel}","templated":true}]}}