{"id":4248,"date":"2022-07-06T15:29:14","date_gmt":"2022-07-06T13:29:14","guid":{"rendered":"https:\/\/www.credimex.ch.mialias.net\/product\/enidine-kompakt-drahtseilisolatoren\/"},"modified":"2023-07-10T16:02:00","modified_gmt":"2023-07-10T14:02:00","slug":"enidine-kompakt-drahtseilisolatoren","status":"publish","type":"product","link":"https:\/\/www.credimex.ch\/de\/produkt\/enidine-kompakt-drahtseilisolatoren\/","title":{"rendered":"ENIDINE Kompakt-Drahtseilisolatoren"},"content":{"rendered":"<h2>Beschreibung<\/h2>\n<p>Verwenden Sie ENIDINE Compact Wire Rope Isolatoren f\u00fcr die beste Leistung in der Schwingungsisolierung und kleine Schwingungslager Konfigurationen. Das kompakte Design ist kleiner als die meisten Drahtseile und kann St\u00f6sse und Vibrationen selbst in Situationen absorbieren, in denen Bauraum und Schwankungen ein Problem darstellen.<\/p>\n<p>Der kompakte Drahtseilisolator von ENIDINE ist ganz aus Metall gefertigt und bietet die beste mehrachsige Stoss- und Schwingungsisolierung in einem kleinen Paket. Die Miniatur-Schwingungsisolatoren sind auch in rauen Umgebungen zuverl\u00e4ssig, nahezu wartungsfrei und hochgradig resistent gegen \u00d6l, Ozon, Schleifmittel und Chemikalien. Die Verwendung von CWRI-Produkten kann die Zahl der vorzeitigen Ger\u00e4teausf\u00e4lle und kostspieligen Maschinenstillst\u00e4nde verringern.<\/p>\n<p>Selbst wenn Sie eine nicht genormte Anwendung haben, k\u00f6nnen Sie m\u00f6glicherweise noch normale Drahtseilisolatoren verwenden. Diese Standardprodukte eignen sich f\u00fcr nahezu jede Anwendung. In besonderen F\u00e4llen kann ENIDINE einen massgeschneiderten Isolator f\u00fcr Ihre Bed\u00fcrfnisse entwickeln.<\/p>\n<p><img fetchpriority=\"high\" decoding=\"async\" class=\"alignnone size-full wp-image-1389\" src=\"https:\/\/www.credimex.ch\/wp-content\/uploads\/2022\/07\/cwr15.webp\" alt=\"\" width=\"503\" height=\"300\" srcset=\"https:\/\/www.credimex.ch\/wp-content\/uploads\/2022\/07\/cwr15.webp 503w, https:\/\/www.credimex.ch\/wp-content\/uploads\/2022\/07\/cwr15-300x179.webp 300w\" sizes=\"(max-width: 503px) 100vw, 503px\" \/><\/p>\n<h2>Produktvorteile<\/h2>\n<ul>\n<li>Einfache Installation<\/li>\n<li>Statisch belastbar<\/li>\n<li>Kosteng\u00fcnstig und langlebig<\/li>\n<li>Metallkonstruktion f\u00fcr den Einsatz in rauen Umgebungen<\/li>\n<li>Perfekt f\u00fcr empfindliche Ger\u00e4te<\/li>\n<li>Geeignet f\u00fcr einen Temperaturbereich von -100\u00ba bis 260\u00baC<\/li>\n<li>Isolierung einzelner Systemkomponenten durch kompakte Bauweise<\/li>\n<\/ul>\n<h2>Anwendung<\/h2>\n<p>Unsere Produkte der Compact Wire Rope Serie werden in den folgenden Anwendungen eingesetzt:<\/p>\n<p>Laufwerke<br \/>\nMedizinische Ausr\u00fcstung<br \/>\nEmpfindliche mobile Elektronik<br \/>\nElektronische Schr\u00e4nke<br \/>\nKleine Pumpen und Motoren<br \/>\nVersand von sensiblen G\u00fctern<\/p>\n","protected":false},"excerpt":{"rendered":"<p>Verwenden Sie <strong>ENIDINE Kompakt-Drahtseilisolatoren<\/strong>\u00a0f\u00fcr die beste Leistung in der Schwingungsisolierung und kleine Schwingungslager Konfigurationen.<\/p>\n","protected":false},"featured_media":3349,"comment_status":"open","ping_status":"closed","template":"","meta":{"_acf_changed":false},"product_brand":[],"product_cat":[369,351,419,676,380,379,417,390,558,370,352,420,629,418,478],"product_tag":[],"class_list":{"0":"post-4248","1":"product","2":"type-product","3":"status-publish","4":"has-post-thumbnail","6":"product_cat-allgemeine-industrie","7":"product_cat-automobilindustrie","8":"product_cat-batterien","9":"product_cat-drahtseil-isolatoren","10":"product_cat-e-mobilitat","11":"product_cat-eisenbahn","12":"product_cat-elektronik","13":"product_cat-energie","14":"product_cat-enidine","15":"product_cat-lebensmittelindustrie","16":"product_cat-luft-und-raumfahrtindustrie","17":"product_cat-medizinal-industrie","18":"product_cat-schwingungsisolierung","19":"product_cat-seilbahnen","20":"product_cat-uhrenherstellung","21":"pa_brands-enidin","23":"first","24":"instock","25":"shipping-taxable","26":"product-type-simple"},"acf":[],"_yoast_wpseo_focuskw":"Enidine Kompakt-Drahtseilisolatoren","_yoast_wpseo_metadesc":"Verwenden Sie ENIDINE Compact Wire Rope Isolatoren f\u00fcr die beste Leistung in der Schwingungsisolierung und kleine Schwingungslager Konfigurationen.","yoast_head":"<!-- This site is optimized with the Yoast SEO Premium plugin v21.6 (Yoast SEO v27.4) - https:\/\/yoast.com\/product\/yoast-seo-premium-wordpress\/ -->\n<title>ENIDINE Kompakt-Drahtseilisolatoren - CREDIMEX<\/title>\n<meta name=\"description\" content=\"Verwenden Sie ENIDINE Compact Wire Rope Isolatoren f\u00fcr die beste Leistung in der Schwingungsisolierung und kleine Schwingungslager Konfigurationen.\" \/>\n<meta name=\"robots\" content=\"index, follow, max-snippet:-1, max-image-preview:large, max-video-preview:-1\" \/>\n<link rel=\"canonical\" href=\"https:\/\/www.credimex.ch\/de\/produkt\/enidine-kompakt-drahtseilisolatoren\/\" \/>\n<meta property=\"og:locale\" content=\"de_DE\" \/>\n<meta property=\"og:type\" content=\"article\" \/>\n<meta property=\"og:title\" content=\"ENIDINE Kompakt-Drahtseilisolatoren\" \/>\n<meta property=\"og:description\" content=\"Verwenden Sie ENIDINE Compact Wire Rope Isolatoren f\u00fcr die beste Leistung in der Schwingungsisolierung und kleine Schwingungslager Konfigurationen.\" \/>\n<meta property=\"og:url\" content=\"https:\/\/www.credimex.ch\/de\/produkt\/enidine-kompakt-drahtseilisolatoren\/\" \/>\n<meta property=\"og:site_name\" content=\"CREDIMEX\" \/>\n<meta property=\"article:publisher\" content=\"https:\/\/www.facebook.com\/credimex.alpnach\/\" \/>\n<meta property=\"article:modified_time\" content=\"2023-07-10T14:02:00+00:00\" \/>\n<meta property=\"og:image\" content=\"https:\/\/www.credimex.ch\/wp-content\/uploads\/2022\/07\/CPTwiregrp_1.gif\" \/>\n\t<meta property=\"og:image:width\" content=\"400\" \/>\n\t<meta property=\"og:image:height\" content=\"305\" \/>\n\t<meta property=\"og:image:type\" content=\"image\/gif\" \/>\n<meta name=\"twitter:card\" content=\"summary_large_image\" \/>\n<meta name=\"twitter:label1\" content=\"Gesch\u00e4tzte Lesezeit\" \/>\n\t<meta name=\"twitter:data1\" content=\"2\u00a0Minuten\" \/>\n<script type=\"application\/ld+json\" class=\"yoast-schema-graph\">{\"@context\":\"https:\\\/\\\/schema.org\",\"@graph\":[{\"@type\":\"WebPage\",\"@id\":\"https:\\\/\\\/www.credimex.ch\\\/de\\\/produkt\\\/enidine-kompakt-drahtseilisolatoren\\\/\",\"url\":\"https:\\\/\\\/www.credimex.ch\\\/de\\\/produkt\\\/enidine-kompakt-drahtseilisolatoren\\\/\",\"name\":\"ENIDINE Kompakt-Drahtseilisolatoren - CREDIMEX\",\"isPartOf\":{\"@id\":\"https:\\\/\\\/www.credimex.ch\\\/de\\\/#website\"},\"primaryImageOfPage\":{\"@id\":\"https:\\\/\\\/www.credimex.ch\\\/de\\\/produkt\\\/enidine-kompakt-drahtseilisolatoren\\\/#primaryimage\"},\"image\":{\"@id\":\"https:\\\/\\\/www.credimex.ch\\\/de\\\/produkt\\\/enidine-kompakt-drahtseilisolatoren\\\/#primaryimage\"},\"thumbnailUrl\":\"https:\\\/\\\/www.credimex.ch\\\/wp-content\\\/uploads\\\/2022\\\/07\\\/CPTwiregrp_1.gif\",\"datePublished\":\"2022-07-06T13:29:14+00:00\",\"dateModified\":\"2023-07-10T14:02:00+00:00\",\"description\":\"Verwenden Sie ENIDINE Compact Wire Rope Isolatoren f\u00fcr die beste Leistung in der Schwingungsisolierung und kleine Schwingungslager Konfigurationen.\",\"breadcrumb\":{\"@id\":\"https:\\\/\\\/www.credimex.ch\\\/de\\\/produkt\\\/enidine-kompakt-drahtseilisolatoren\\\/#breadcrumb\"},\"inLanguage\":\"de\",\"potentialAction\":[{\"@type\":\"ReadAction\",\"target\":[\"https:\\\/\\\/www.credimex.ch\\\/de\\\/produkt\\\/enidine-kompakt-drahtseilisolatoren\\\/\"]}]},{\"@type\":\"ImageObject\",\"inLanguage\":\"de\",\"@id\":\"https:\\\/\\\/www.credimex.ch\\\/de\\\/produkt\\\/enidine-kompakt-drahtseilisolatoren\\\/#primaryimage\",\"url\":\"https:\\\/\\\/www.credimex.ch\\\/wp-content\\\/uploads\\\/2022\\\/07\\\/CPTwiregrp_1.gif\",\"contentUrl\":\"https:\\\/\\\/www.credimex.ch\\\/wp-content\\\/uploads\\\/2022\\\/07\\\/CPTwiregrp_1.gif\",\"width\":400,\"height\":305},{\"@type\":\"BreadcrumbList\",\"@id\":\"https:\\\/\\\/www.credimex.ch\\\/de\\\/produkt\\\/enidine-kompakt-drahtseilisolatoren\\\/#breadcrumb\",\"itemListElement\":[{\"@type\":\"ListItem\",\"position\":1,\"name\":\"Home\",\"item\":\"https:\\\/\\\/www.credimex.ch\\\/de\\\/\"},{\"@type\":\"ListItem\",\"position\":2,\"name\":\"Produkte\",\"item\":\"https:\\\/\\\/www.credimex.ch\\\/de\\\/produkte\\\/\"},{\"@type\":\"ListItem\",\"position\":3,\"name\":\"ENIDINE Kompakt-Drahtseilisolatoren\"}]},{\"@type\":\"WebSite\",\"@id\":\"https:\\\/\\\/www.credimex.ch\\\/de\\\/#website\",\"url\":\"https:\\\/\\\/www.credimex.ch\\\/de\\\/\",\"name\":\"CREDIMEX\",\"description\":\"Partner of Swiss Industrial Market\",\"publisher\":{\"@id\":\"https:\\\/\\\/www.credimex.ch\\\/de\\\/#organization\"},\"potentialAction\":[{\"@type\":\"SearchAction\",\"target\":{\"@type\":\"EntryPoint\",\"urlTemplate\":\"https:\\\/\\\/www.credimex.ch\\\/de\\\/?s={search_term_string}\"},\"query-input\":{\"@type\":\"PropertyValueSpecification\",\"valueRequired\":true,\"valueName\":\"search_term_string\"}}],\"inLanguage\":\"de\"},{\"@type\":\"Organization\",\"@id\":\"https:\\\/\\\/www.credimex.ch\\\/de\\\/#organization\",\"name\":\"credimex\",\"url\":\"https:\\\/\\\/www.credimex.ch\\\/de\\\/\",\"logo\":{\"@type\":\"ImageObject\",\"inLanguage\":\"de\",\"@id\":\"https:\\\/\\\/www.credimex.ch\\\/de\\\/#\\\/schema\\\/logo\\\/image\\\/\",\"url\":\"https:\\\/\\\/www.credimex.ch\\\/wp-content\\\/uploads\\\/2022\\\/03\\\/cropped-logo-credimex.png\",\"contentUrl\":\"https:\\\/\\\/www.credimex.ch\\\/wp-content\\\/uploads\\\/2022\\\/03\\\/cropped-logo-credimex.png\",\"width\":512,\"height\":512,\"caption\":\"credimex\"},\"image\":{\"@id\":\"https:\\\/\\\/www.credimex.ch\\\/de\\\/#\\\/schema\\\/logo\\\/image\\\/\"},\"sameAs\":[\"https:\\\/\\\/www.facebook.com\\\/credimex.alpnach\\\/\",\"https:\\\/\\\/www.linkedin.com\\\/company\\\/credimex\\\/\",\"https:\\\/\\\/www.youtube.com\\\/@CREDIMEX?sub_confirmation=1\"]}]}<\/script>\n<!-- \/ Yoast SEO Premium plugin. -->","yoast_head_json":{"title":"ENIDINE Kompakt-Drahtseilisolatoren - CREDIMEX","description":"Verwenden Sie ENIDINE Compact Wire Rope Isolatoren f\u00fcr die beste Leistung in der Schwingungsisolierung und kleine Schwingungslager Konfigurationen.","robots":{"index":"index","follow":"follow","max-snippet":"max-snippet:-1","max-image-preview":"max-image-preview:large","max-video-preview":"max-video-preview:-1"},"canonical":"https:\/\/www.credimex.ch\/de\/produkt\/enidine-kompakt-drahtseilisolatoren\/","og_locale":"de_DE","og_type":"article","og_title":"ENIDINE Kompakt-Drahtseilisolatoren","og_description":"Verwenden Sie ENIDINE Compact Wire Rope Isolatoren f\u00fcr die beste Leistung in der Schwingungsisolierung und kleine Schwingungslager Konfigurationen.","og_url":"https:\/\/www.credimex.ch\/de\/produkt\/enidine-kompakt-drahtseilisolatoren\/","og_site_name":"CREDIMEX","article_publisher":"https:\/\/www.facebook.com\/credimex.alpnach\/","article_modified_time":"2023-07-10T14:02:00+00:00","og_image":[{"width":400,"height":305,"url":"https:\/\/www.credimex.ch\/wp-content\/uploads\/2022\/07\/CPTwiregrp_1.gif","type":"image\/gif"}],"twitter_card":"summary_large_image","twitter_misc":{"Gesch\u00e4tzte Lesezeit":"2\u00a0Minuten"},"schema":{"@context":"https:\/\/schema.org","@graph":[{"@type":"WebPage","@id":"https:\/\/www.credimex.ch\/de\/produkt\/enidine-kompakt-drahtseilisolatoren\/","url":"https:\/\/www.credimex.ch\/de\/produkt\/enidine-kompakt-drahtseilisolatoren\/","name":"ENIDINE Kompakt-Drahtseilisolatoren - CREDIMEX","isPartOf":{"@id":"https:\/\/www.credimex.ch\/de\/#website"},"primaryImageOfPage":{"@id":"https:\/\/www.credimex.ch\/de\/produkt\/enidine-kompakt-drahtseilisolatoren\/#primaryimage"},"image":{"@id":"https:\/\/www.credimex.ch\/de\/produkt\/enidine-kompakt-drahtseilisolatoren\/#primaryimage"},"thumbnailUrl":"https:\/\/www.credimex.ch\/wp-content\/uploads\/2022\/07\/CPTwiregrp_1.gif","datePublished":"2022-07-06T13:29:14+00:00","dateModified":"2023-07-10T14:02:00+00:00","description":"Verwenden Sie ENIDINE Compact Wire Rope Isolatoren f\u00fcr die beste Leistung in der Schwingungsisolierung und kleine Schwingungslager Konfigurationen.","breadcrumb":{"@id":"https:\/\/www.credimex.ch\/de\/produkt\/enidine-kompakt-drahtseilisolatoren\/#breadcrumb"},"inLanguage":"de","potentialAction":[{"@type":"ReadAction","target":["https:\/\/www.credimex.ch\/de\/produkt\/enidine-kompakt-drahtseilisolatoren\/"]}]},{"@type":"ImageObject","inLanguage":"de","@id":"https:\/\/www.credimex.ch\/de\/produkt\/enidine-kompakt-drahtseilisolatoren\/#primaryimage","url":"https:\/\/www.credimex.ch\/wp-content\/uploads\/2022\/07\/CPTwiregrp_1.gif","contentUrl":"https:\/\/www.credimex.ch\/wp-content\/uploads\/2022\/07\/CPTwiregrp_1.gif","width":400,"height":305},{"@type":"BreadcrumbList","@id":"https:\/\/www.credimex.ch\/de\/produkt\/enidine-kompakt-drahtseilisolatoren\/#breadcrumb","itemListElement":[{"@type":"ListItem","position":1,"name":"Home","item":"https:\/\/www.credimex.ch\/de\/"},{"@type":"ListItem","position":2,"name":"Produkte","item":"https:\/\/www.credimex.ch\/de\/produkte\/"},{"@type":"ListItem","position":3,"name":"ENIDINE Kompakt-Drahtseilisolatoren"}]},{"@type":"WebSite","@id":"https:\/\/www.credimex.ch\/de\/#website","url":"https:\/\/www.credimex.ch\/de\/","name":"CREDIMEX","description":"Partner of Swiss Industrial Market","publisher":{"@id":"https:\/\/www.credimex.ch\/de\/#organization"},"potentialAction":[{"@type":"SearchAction","target":{"@type":"EntryPoint","urlTemplate":"https:\/\/www.credimex.ch\/de\/?s={search_term_string}"},"query-input":{"@type":"PropertyValueSpecification","valueRequired":true,"valueName":"search_term_string"}}],"inLanguage":"de"},{"@type":"Organization","@id":"https:\/\/www.credimex.ch\/de\/#organization","name":"credimex","url":"https:\/\/www.credimex.ch\/de\/","logo":{"@type":"ImageObject","inLanguage":"de","@id":"https:\/\/www.credimex.ch\/de\/#\/schema\/logo\/image\/","url":"https:\/\/www.credimex.ch\/wp-content\/uploads\/2022\/03\/cropped-logo-credimex.png","contentUrl":"https:\/\/www.credimex.ch\/wp-content\/uploads\/2022\/03\/cropped-logo-credimex.png","width":512,"height":512,"caption":"credimex"},"image":{"@id":"https:\/\/www.credimex.ch\/de\/#\/schema\/logo\/image\/"},"sameAs":["https:\/\/www.facebook.com\/credimex.alpnach\/","https:\/\/www.linkedin.com\/company\/credimex\/","https:\/\/www.youtube.com\/@CREDIMEX?sub_confirmation=1"]}]}},"_links":{"self":[{"href":"https:\/\/www.credimex.ch\/de\/wp-json\/wp\/v2\/product\/4248","targetHints":{"allow":["GET"]}}],"collection":[{"href":"https:\/\/www.credimex.ch\/de\/wp-json\/wp\/v2\/product"}],"about":[{"href":"https:\/\/www.credimex.ch\/de\/wp-json\/wp\/v2\/types\/product"}],"replies":[{"embeddable":true,"href":"https:\/\/www.credimex.ch\/de\/wp-json\/wp\/v2\/comments?post=4248"}],"wp:featuredmedia":[{"embeddable":true,"href":"https:\/\/www.credimex.ch\/de\/wp-json\/wp\/v2\/media\/3349"}],"wp:attachment":[{"href":"https:\/\/www.credimex.ch\/de\/wp-json\/wp\/v2\/media?parent=4248"}],"wp:term":[{"taxonomy":"product_brand","embeddable":true,"href":"https:\/\/www.credimex.ch\/de\/wp-json\/wp\/v2\/product_brand?post=4248"},{"taxonomy":"product_cat","embeddable":true,"href":"https:\/\/www.credimex.ch\/de\/wp-json\/wp\/v2\/product_cat?post=4248"},{"taxonomy":"product_tag","embeddable":true,"href":"https:\/\/www.credimex.ch\/de\/wp-json\/wp\/v2\/product_tag?post=4248"}],"curies":[{"name":"wp","href":"https:\/\/api.w.org\/{rel}","templated":true}]}}