{"id":4250,"date":"2022-07-06T15:03:03","date_gmt":"2022-07-06T13:03:03","guid":{"rendered":"https:\/\/www.credimex.ch.mialias.net\/product\/airpot-gram-force-greifer\/"},"modified":"2023-04-06T15:28:02","modified_gmt":"2023-04-06T13:28:02","slug":"airpot-gram-force-gripper","status":"publish","type":"product","link":"https:\/\/www.credimex.ch\/de\/produkt\/airpot-gram-force-gripper\/","title":{"rendered":"Airpot\u00ae GramForce\u00ae-Greifer"},"content":{"rendered":"<h2>Beschreibung<\/h2>\n<p>Airpot\u00ae GramForce\u00ae-Greifer gew\u00e4hrleisten eine kompromisslose Kraftgenauigkeit mit weiten Betriebstemperaturbereichen. Und auf die Wiederholbarkeit k\u00f6nnen Sie sich darauf verlassen. Immer wieder, millionenfach. Schmierung? Niemals! Er ist lebenslang vorgeschmiert und es muss daher nie gewartet werden. Die geringe Gr\u00f6sse und ein Gesamtgewicht von nur 205 Gramm halten diesen Greifer leichtf\u00fcssig. Die Montagebl\u00f6cke aus rostfreiem Stahl k\u00f6nnen Fingerl\u00e4ngen von bis zu 75 mm aufnehmen. In Kombination mit seiner synchronen und parallelen Bauweise ist er ausbalanciert, um in jeder Einbaulage eine gleichbleibende Greifkraft zu gew\u00e4hrleisten: Er ist ein vielseitiger Greifer wie kein anderer.<\/p>\n<h2>Produktvorteile<\/h2>\n<p>Das Innere des Airpot\u00ae GramForce\u00ae-Greifers (siehe unten) wird von zwei winzigen pneumatischen Airpot\u00ae-Aktuatoren mit 5,6 mm Bohrung und extrem geringer Reibung angetrieben, die mit unserer Airpel\u00ae Plus-Technologie ausgestattet sind. Wenn das nicht auff\u00e4llt, dann die auf einer IKO*Pr\u00e4zisionsschiene aus Edelstahl montierten F\u00fchrungswagen. Zusammen mit seiner F\u00e4higkeit, bei Dr\u00fccken von 0,02 MPa bis 0,7 MPa zu arbeiten &#8211; und das bei pr\u00e4zisen Haltekr\u00e4ften von 0,25 N bis hin zu 8,6 N.<\/p>\n<h2>Anwendung<\/h2>\n<p>Ganz gleich, ob die Teile, mit denen Sie arbeiten m\u00fcssen, \u00e4usserst zerbrechlich, weich, empfindlich oder empfindlich sind, Sie werden sehen, dass sie mit diesem beeindruckend geschickten Greifer genau und sicher gegriffen, gehalten oder positioniert werden k\u00f6nnen. Er ist ideal f\u00fcr Pr\u00e4zisionsmontageger\u00e4te, Test- und Messger\u00e4te, Roboterarm-Endeffektoren, Kleinteilehandhabung und die empfindlichsten Bearbeitungsvorg\u00e4nge, die Sie sich vorstellen k\u00f6nnen.<\/p>\n","protected":false},"excerpt":{"rendered":"<p><strong>Airpot\u00ae GramForce\u00ae-Greifer<\/strong> gew\u00e4hrleisten eine kompromisslose Kraftgenauigkeit und funktionieren in einem weiten Betriebstemperaturbereich ohne zus\u00e4tzliche Schmierung.<\/p>\n","protected":false},"featured_media":3345,"comment_status":"open","ping_status":"closed","template":"","meta":{"_acf_changed":false},"product_brand":[],"product_cat":[553,678,369,351,419,380,379,417,390,554,370,352,420,418,478],"product_tag":[],"class_list":{"0":"post-4250","1":"product","2":"type-product","3":"status-publish","4":"has-post-thumbnail","6":"product_cat-airpot","7":"product_cat-airpot-luftzylinder","8":"product_cat-allgemeine-industrie","9":"product_cat-automobilindustrie","10":"product_cat-batterien","11":"product_cat-e-mobilitat","12":"product_cat-eisenbahn","13":"product_cat-elektronik","14":"product_cat-energie","15":"product_cat-energieabsorbierungen","16":"product_cat-lebensmittelindustrie","17":"product_cat-luft-und-raumfahrtindustrie","18":"product_cat-medizinal-industrie","19":"product_cat-seilbahnen","20":"product_cat-uhrenherstellung","21":"pa_brands-airpot-de","23":"first","24":"instock","25":"shipping-taxable","26":"product-type-simple"},"acf":[],"_yoast_wpseo_focuskw":"Airpot\u00ae GramForce\u00ae-Greifer","_yoast_wpseo_metadesc":"Airpot-Gramm-Kraftgreifer gew\u00e4hrleisten eine kompromisslose Kraftgenauigkeit und arbeiten in weiten Temperaturbereichen ohne zus\u00e4tzliche Schmierung.","yoast_head":"<!-- This site is optimized with the Yoast SEO Premium plugin v21.6 (Yoast SEO v27.4) - https:\/\/yoast.com\/product\/yoast-seo-premium-wordpress\/ -->\n<title>Airpot\u00ae GramForce\u00ae-Greifer - CREDIMEX<\/title>\n<meta name=\"description\" content=\"Airpot-Gramm-Kraftgreifer gew\u00e4hrleisten eine kompromisslose Kraftgenauigkeit und arbeiten in weiten Temperaturbereichen ohne zus\u00e4tzliche Schmierung.\" \/>\n<meta name=\"robots\" content=\"index, follow, max-snippet:-1, max-image-preview:large, max-video-preview:-1\" \/>\n<link rel=\"canonical\" href=\"https:\/\/www.credimex.ch\/de\/produkt\/airpot-gram-force-gripper\/\" \/>\n<meta property=\"og:locale\" content=\"de_DE\" \/>\n<meta property=\"og:type\" content=\"article\" \/>\n<meta property=\"og:title\" content=\"Airpot\u00ae GramForce\u00ae-Greifer\" \/>\n<meta property=\"og:description\" content=\"Airpot-Gramm-Kraftgreifer gew\u00e4hrleisten eine kompromisslose Kraftgenauigkeit und arbeiten in weiten Temperaturbereichen ohne zus\u00e4tzliche Schmierung.\" \/>\n<meta property=\"og:url\" content=\"https:\/\/www.credimex.ch\/de\/produkt\/airpot-gram-force-gripper\/\" \/>\n<meta property=\"og:site_name\" content=\"CREDIMEX\" \/>\n<meta property=\"article:publisher\" content=\"https:\/\/www.facebook.com\/credimex.alpnach\/\" \/>\n<meta property=\"article:modified_time\" content=\"2023-04-06T13:28:02+00:00\" \/>\n<meta property=\"og:image\" content=\"https:\/\/www.credimex.ch\/wp-content\/uploads\/2022\/07\/Screenshot-2022-07-06-at-15.01.55-1024x944.png\" \/>\n\t<meta property=\"og:image:width\" content=\"1024\" \/>\n\t<meta property=\"og:image:height\" content=\"944\" \/>\n\t<meta property=\"og:image:type\" content=\"image\/png\" \/>\n<meta name=\"twitter:card\" content=\"summary_large_image\" \/>\n<meta name=\"twitter:label1\" content=\"Gesch\u00e4tzte Lesezeit\" \/>\n\t<meta name=\"twitter:data1\" content=\"1\u00a0Minute\" \/>\n<script type=\"application\/ld+json\" class=\"yoast-schema-graph\">{\"@context\":\"https:\\\/\\\/schema.org\",\"@graph\":[{\"@type\":\"WebPage\",\"@id\":\"https:\\\/\\\/www.credimex.ch\\\/de\\\/produkt\\\/airpot-gram-force-gripper\\\/\",\"url\":\"https:\\\/\\\/www.credimex.ch\\\/de\\\/produkt\\\/airpot-gram-force-gripper\\\/\",\"name\":\"Airpot\u00ae GramForce\u00ae-Greifer - CREDIMEX\",\"isPartOf\":{\"@id\":\"https:\\\/\\\/www.credimex.ch\\\/de\\\/#website\"},\"primaryImageOfPage\":{\"@id\":\"https:\\\/\\\/www.credimex.ch\\\/de\\\/produkt\\\/airpot-gram-force-gripper\\\/#primaryimage\"},\"image\":{\"@id\":\"https:\\\/\\\/www.credimex.ch\\\/de\\\/produkt\\\/airpot-gram-force-gripper\\\/#primaryimage\"},\"thumbnailUrl\":\"https:\\\/\\\/www.credimex.ch\\\/wp-content\\\/uploads\\\/2022\\\/07\\\/Screenshot-2022-07-06-at-15.01.55.png\",\"datePublished\":\"2022-07-06T13:03:03+00:00\",\"dateModified\":\"2023-04-06T13:28:02+00:00\",\"description\":\"Airpot-Gramm-Kraftgreifer gew\u00e4hrleisten eine kompromisslose Kraftgenauigkeit und arbeiten in weiten Temperaturbereichen ohne zus\u00e4tzliche Schmierung.\",\"breadcrumb\":{\"@id\":\"https:\\\/\\\/www.credimex.ch\\\/de\\\/produkt\\\/airpot-gram-force-gripper\\\/#breadcrumb\"},\"inLanguage\":\"de\",\"potentialAction\":[{\"@type\":\"ReadAction\",\"target\":[\"https:\\\/\\\/www.credimex.ch\\\/de\\\/produkt\\\/airpot-gram-force-gripper\\\/\"]}]},{\"@type\":\"ImageObject\",\"inLanguage\":\"de\",\"@id\":\"https:\\\/\\\/www.credimex.ch\\\/de\\\/produkt\\\/airpot-gram-force-gripper\\\/#primaryimage\",\"url\":\"https:\\\/\\\/www.credimex.ch\\\/wp-content\\\/uploads\\\/2022\\\/07\\\/Screenshot-2022-07-06-at-15.01.55.png\",\"contentUrl\":\"https:\\\/\\\/www.credimex.ch\\\/wp-content\\\/uploads\\\/2022\\\/07\\\/Screenshot-2022-07-06-at-15.01.55.png\",\"width\":1534,\"height\":1414},{\"@type\":\"BreadcrumbList\",\"@id\":\"https:\\\/\\\/www.credimex.ch\\\/de\\\/produkt\\\/airpot-gram-force-gripper\\\/#breadcrumb\",\"itemListElement\":[{\"@type\":\"ListItem\",\"position\":1,\"name\":\"Home\",\"item\":\"https:\\\/\\\/www.credimex.ch\\\/de\\\/\"},{\"@type\":\"ListItem\",\"position\":2,\"name\":\"Produkte\",\"item\":\"https:\\\/\\\/www.credimex.ch\\\/de\\\/produkte\\\/\"},{\"@type\":\"ListItem\",\"position\":3,\"name\":\"Airpot\u00ae GramForce\u00ae-Greifer\"}]},{\"@type\":\"WebSite\",\"@id\":\"https:\\\/\\\/www.credimex.ch\\\/de\\\/#website\",\"url\":\"https:\\\/\\\/www.credimex.ch\\\/de\\\/\",\"name\":\"CREDIMEX\",\"description\":\"Partner of Swiss Industrial Market\",\"publisher\":{\"@id\":\"https:\\\/\\\/www.credimex.ch\\\/de\\\/#organization\"},\"potentialAction\":[{\"@type\":\"SearchAction\",\"target\":{\"@type\":\"EntryPoint\",\"urlTemplate\":\"https:\\\/\\\/www.credimex.ch\\\/de\\\/?s={search_term_string}\"},\"query-input\":{\"@type\":\"PropertyValueSpecification\",\"valueRequired\":true,\"valueName\":\"search_term_string\"}}],\"inLanguage\":\"de\"},{\"@type\":\"Organization\",\"@id\":\"https:\\\/\\\/www.credimex.ch\\\/de\\\/#organization\",\"name\":\"credimex\",\"url\":\"https:\\\/\\\/www.credimex.ch\\\/de\\\/\",\"logo\":{\"@type\":\"ImageObject\",\"inLanguage\":\"de\",\"@id\":\"https:\\\/\\\/www.credimex.ch\\\/de\\\/#\\\/schema\\\/logo\\\/image\\\/\",\"url\":\"https:\\\/\\\/www.credimex.ch\\\/wp-content\\\/uploads\\\/2022\\\/03\\\/cropped-logo-credimex.png\",\"contentUrl\":\"https:\\\/\\\/www.credimex.ch\\\/wp-content\\\/uploads\\\/2022\\\/03\\\/cropped-logo-credimex.png\",\"width\":512,\"height\":512,\"caption\":\"credimex\"},\"image\":{\"@id\":\"https:\\\/\\\/www.credimex.ch\\\/de\\\/#\\\/schema\\\/logo\\\/image\\\/\"},\"sameAs\":[\"https:\\\/\\\/www.facebook.com\\\/credimex.alpnach\\\/\",\"https:\\\/\\\/www.linkedin.com\\\/company\\\/credimex\\\/\",\"https:\\\/\\\/www.youtube.com\\\/@CREDIMEX?sub_confirmation=1\"]}]}<\/script>\n<!-- \/ Yoast SEO Premium plugin. -->","yoast_head_json":{"title":"Airpot\u00ae GramForce\u00ae-Greifer - CREDIMEX","description":"Airpot-Gramm-Kraftgreifer gew\u00e4hrleisten eine kompromisslose Kraftgenauigkeit und arbeiten in weiten Temperaturbereichen ohne zus\u00e4tzliche Schmierung.","robots":{"index":"index","follow":"follow","max-snippet":"max-snippet:-1","max-image-preview":"max-image-preview:large","max-video-preview":"max-video-preview:-1"},"canonical":"https:\/\/www.credimex.ch\/de\/produkt\/airpot-gram-force-gripper\/","og_locale":"de_DE","og_type":"article","og_title":"Airpot\u00ae GramForce\u00ae-Greifer","og_description":"Airpot-Gramm-Kraftgreifer gew\u00e4hrleisten eine kompromisslose Kraftgenauigkeit und arbeiten in weiten Temperaturbereichen ohne zus\u00e4tzliche Schmierung.","og_url":"https:\/\/www.credimex.ch\/de\/produkt\/airpot-gram-force-gripper\/","og_site_name":"CREDIMEX","article_publisher":"https:\/\/www.facebook.com\/credimex.alpnach\/","article_modified_time":"2023-04-06T13:28:02+00:00","og_image":[{"width":1024,"height":944,"url":"https:\/\/www.credimex.ch\/wp-content\/uploads\/2022\/07\/Screenshot-2022-07-06-at-15.01.55-1024x944.png","type":"image\/png"}],"twitter_card":"summary_large_image","twitter_misc":{"Gesch\u00e4tzte Lesezeit":"1\u00a0Minute"},"schema":{"@context":"https:\/\/schema.org","@graph":[{"@type":"WebPage","@id":"https:\/\/www.credimex.ch\/de\/produkt\/airpot-gram-force-gripper\/","url":"https:\/\/www.credimex.ch\/de\/produkt\/airpot-gram-force-gripper\/","name":"Airpot\u00ae GramForce\u00ae-Greifer - CREDIMEX","isPartOf":{"@id":"https:\/\/www.credimex.ch\/de\/#website"},"primaryImageOfPage":{"@id":"https:\/\/www.credimex.ch\/de\/produkt\/airpot-gram-force-gripper\/#primaryimage"},"image":{"@id":"https:\/\/www.credimex.ch\/de\/produkt\/airpot-gram-force-gripper\/#primaryimage"},"thumbnailUrl":"https:\/\/www.credimex.ch\/wp-content\/uploads\/2022\/07\/Screenshot-2022-07-06-at-15.01.55.png","datePublished":"2022-07-06T13:03:03+00:00","dateModified":"2023-04-06T13:28:02+00:00","description":"Airpot-Gramm-Kraftgreifer gew\u00e4hrleisten eine kompromisslose Kraftgenauigkeit und arbeiten in weiten Temperaturbereichen ohne zus\u00e4tzliche Schmierung.","breadcrumb":{"@id":"https:\/\/www.credimex.ch\/de\/produkt\/airpot-gram-force-gripper\/#breadcrumb"},"inLanguage":"de","potentialAction":[{"@type":"ReadAction","target":["https:\/\/www.credimex.ch\/de\/produkt\/airpot-gram-force-gripper\/"]}]},{"@type":"ImageObject","inLanguage":"de","@id":"https:\/\/www.credimex.ch\/de\/produkt\/airpot-gram-force-gripper\/#primaryimage","url":"https:\/\/www.credimex.ch\/wp-content\/uploads\/2022\/07\/Screenshot-2022-07-06-at-15.01.55.png","contentUrl":"https:\/\/www.credimex.ch\/wp-content\/uploads\/2022\/07\/Screenshot-2022-07-06-at-15.01.55.png","width":1534,"height":1414},{"@type":"BreadcrumbList","@id":"https:\/\/www.credimex.ch\/de\/produkt\/airpot-gram-force-gripper\/#breadcrumb","itemListElement":[{"@type":"ListItem","position":1,"name":"Home","item":"https:\/\/www.credimex.ch\/de\/"},{"@type":"ListItem","position":2,"name":"Produkte","item":"https:\/\/www.credimex.ch\/de\/produkte\/"},{"@type":"ListItem","position":3,"name":"Airpot\u00ae GramForce\u00ae-Greifer"}]},{"@type":"WebSite","@id":"https:\/\/www.credimex.ch\/de\/#website","url":"https:\/\/www.credimex.ch\/de\/","name":"CREDIMEX","description":"Partner of Swiss Industrial Market","publisher":{"@id":"https:\/\/www.credimex.ch\/de\/#organization"},"potentialAction":[{"@type":"SearchAction","target":{"@type":"EntryPoint","urlTemplate":"https:\/\/www.credimex.ch\/de\/?s={search_term_string}"},"query-input":{"@type":"PropertyValueSpecification","valueRequired":true,"valueName":"search_term_string"}}],"inLanguage":"de"},{"@type":"Organization","@id":"https:\/\/www.credimex.ch\/de\/#organization","name":"credimex","url":"https:\/\/www.credimex.ch\/de\/","logo":{"@type":"ImageObject","inLanguage":"de","@id":"https:\/\/www.credimex.ch\/de\/#\/schema\/logo\/image\/","url":"https:\/\/www.credimex.ch\/wp-content\/uploads\/2022\/03\/cropped-logo-credimex.png","contentUrl":"https:\/\/www.credimex.ch\/wp-content\/uploads\/2022\/03\/cropped-logo-credimex.png","width":512,"height":512,"caption":"credimex"},"image":{"@id":"https:\/\/www.credimex.ch\/de\/#\/schema\/logo\/image\/"},"sameAs":["https:\/\/www.facebook.com\/credimex.alpnach\/","https:\/\/www.linkedin.com\/company\/credimex\/","https:\/\/www.youtube.com\/@CREDIMEX?sub_confirmation=1"]}]}},"_links":{"self":[{"href":"https:\/\/www.credimex.ch\/de\/wp-json\/wp\/v2\/product\/4250","targetHints":{"allow":["GET"]}}],"collection":[{"href":"https:\/\/www.credimex.ch\/de\/wp-json\/wp\/v2\/product"}],"about":[{"href":"https:\/\/www.credimex.ch\/de\/wp-json\/wp\/v2\/types\/product"}],"replies":[{"embeddable":true,"href":"https:\/\/www.credimex.ch\/de\/wp-json\/wp\/v2\/comments?post=4250"}],"wp:featuredmedia":[{"embeddable":true,"href":"https:\/\/www.credimex.ch\/de\/wp-json\/wp\/v2\/media\/3345"}],"wp:attachment":[{"href":"https:\/\/www.credimex.ch\/de\/wp-json\/wp\/v2\/media?parent=4250"}],"wp:term":[{"taxonomy":"product_brand","embeddable":true,"href":"https:\/\/www.credimex.ch\/de\/wp-json\/wp\/v2\/product_brand?post=4250"},{"taxonomy":"product_cat","embeddable":true,"href":"https:\/\/www.credimex.ch\/de\/wp-json\/wp\/v2\/product_cat?post=4250"},{"taxonomy":"product_tag","embeddable":true,"href":"https:\/\/www.credimex.ch\/de\/wp-json\/wp\/v2\/product_tag?post=4250"}],"curies":[{"name":"wp","href":"https:\/\/api.w.org\/{rel}","templated":true}]}}