{"id":4252,"date":"2022-07-06T14:51:16","date_gmt":"2022-07-06T12:51:16","guid":{"rendered":"https:\/\/www.credimex.ch.mialias.net\/product\/airpot-kolben-zylinder-sets\/"},"modified":"2023-04-06T15:26:23","modified_gmt":"2023-04-06T13:26:23","slug":"airpot-kolben-zylinder-sets","status":"publish","type":"product","link":"https:\/\/www.credimex.ch\/de\/produkt\/airpot-kolben-zylinder-sets\/","title":{"rendered":"Airpot\u00ae-Kolben- \/ Zylindersets"},"content":{"rendered":"<h2>Beschreibung<\/h2>\n<p>Airpot\u00ae-Kolben- \/ Zylindersets eignen sich hervorragend als Bausteine f\u00fcr Ingenieure, die kundenspezifische mechanische oder pneumatische Ger\u00e4te ben\u00f6tigen. Die Kits sind mit Airpot\u00ae Borosilikatglas-Zylinder- und Graphitkolbenmaterialtechnologie ausgestattet, die die Verwendung extrem enger Toleranzen erm\u00f6glicht, um eine hochpr\u00e4zise Passform und Leckagekontrolle zu erreichen. W\u00e4hrenddessen bieten sie gleichzeitig eine dichtungslose, selbstschmierende pneumatische oder leichtbelastete Lagereinrichtung. Jeder Kolben- und Zylindersatz wird f\u00fcr optimale Leistung individuell angepasst. Die extrem reibungsarmen Kolben reagieren auf Kr\u00e4fte von nur einem Gramm und niedrige Dr\u00fccke von weniger als 0,2 psi. Die Reibung wird praktisch eliminiert, was bedeutet, dass die Reibung beim Anfahren und im Betrieb nahezu identisch ist und die Bewegung von Anfang an und w\u00e4hrend des gesamten Hubzyklus gleichm\u00e4ssig und gleichbleibend ist.<\/p>\n<h2>Produktvorteile<\/h2>\n<p>Airpot\u00ae-Kolben- \/ Zylindersets sind unempfindlich gegen\u00fcber extremen Temperaturschwankungen, laufen sauber und verschmutzen die umliegenden Komponenten nicht. Es sind keine Kolbendichtungen erforderlich und es gibt keine Fl\u00fcssigkeiten oder Schmiermittel, welche auslaufen k\u00f6nnten. Die verwendeten Materialien sind f\u00fcr sehr hohe Zyklusraten geeignet. Sie erw\u00e4rmen sich nicht und ver\u00e4ndern sich nicht unter den Bedingungen schneller und\/oder kontinuierlicher Zyklen. Zudem haben sie eine Lebensdauer von mehreren Millionen Zyklen.<\/p>\n<p>Airpot\u00ae-Kolben- \/ Zylindersets weisen eine sehr geringe Masse auf, zeigen keine Verschlechterung oder Ver\u00e4nderung der Leistung aufgrund von Alter oder Nichtgebrauch, k\u00f6nnen sich gleichzeitig linear und rotierend bewegen und verwenden einen klaren, durchsichtigen Zylinder. Wenn sie mit Druckluft betrieben werden, kann die maximale Leistung gesteigert werden, wenn sie in Verbindung mit den Pr\u00e4zisions-Niederdruckfiltern\/-regulatoren FFR von Airpot\u00ae verwendet werden.<\/p>\n<h2>Anwendung<\/h2>\n<p>Innovative Konstrukteure verwenden Airpot\u00ae-Kolben- \/ Zylindersets als Linearlager, Vakuumaufnehmer, Tr\u00e4gheitssensoren, tragbare Kolbenpumpen, Positionssensoren, Schieberventile, Durchflussanzeigen, Drucksensoren, Spender, pneumatische Kalibriervorrichtungen, Stirlingmotor-Kraftkolben und f\u00fcr viele andere anspruchsvolle Anwendungen.<\/p>\n","protected":false},"excerpt":{"rendered":"<p><strong>Airpot\u00ae-Kolben- \/ Zylindersets<\/strong> eignen sich hervorragend als Bausteine f\u00fcr Ingenieure, die kundenspezifische mechanische oder pneumatische Ger\u00e4te ben\u00f6tigen.<\/p>\n","protected":false},"featured_media":3343,"comment_status":"open","ping_status":"closed","template":"","meta":{"_acf_changed":false},"product_brand":[],"product_cat":[553,678,369,351,419,380,379,417,390,554,370,352,420,418,478],"product_tag":[],"class_list":{"0":"post-4252","1":"product","2":"type-product","3":"status-publish","4":"has-post-thumbnail","6":"product_cat-airpot","7":"product_cat-airpot-luftzylinder","8":"product_cat-allgemeine-industrie","9":"product_cat-automobilindustrie","10":"product_cat-batterien","11":"product_cat-e-mobilitat","12":"product_cat-eisenbahn","13":"product_cat-elektronik","14":"product_cat-energie","15":"product_cat-energieabsorbierungen","16":"product_cat-lebensmittelindustrie","17":"product_cat-luft-und-raumfahrtindustrie","18":"product_cat-medizinal-industrie","19":"product_cat-seilbahnen","20":"product_cat-uhrenherstellung","21":"pa_brands-airpot-de","23":"first","24":"instock","25":"shipping-taxable","26":"product-type-simple"},"acf":[],"_yoast_wpseo_focuskw":"Airpot-Kolben-Zylinder-Sets","_yoast_wpseo_metadesc":"Airpot\u00ae-Kolben-\/Zylinders\u00e4tze eignen sich hervorragend als Bausteine f\u00fcr Ingenieure, die kundenspezifische mechanische oder pneumatische Ger\u00e4te ben\u00f6tigen.","yoast_head":"<!-- This site is optimized with the Yoast SEO Premium plugin v21.6 (Yoast SEO v27.4) - https:\/\/yoast.com\/product\/yoast-seo-premium-wordpress\/ -->\n<title>Airpot\u00ae-Kolben- \/ Zylindersets - CREDIMEX<\/title>\n<meta name=\"description\" content=\"Airpot\u00ae-Kolben-\/Zylinders\u00e4tze eignen sich hervorragend als Bausteine f\u00fcr Ingenieure, die kundenspezifische mechanische oder pneumatische Ger\u00e4te ben\u00f6tigen.\" \/>\n<meta name=\"robots\" content=\"index, follow, max-snippet:-1, max-image-preview:large, max-video-preview:-1\" \/>\n<link rel=\"canonical\" href=\"https:\/\/www.credimex.ch\/de\/produkt\/airpot-kolben-zylinder-sets\/\" \/>\n<meta property=\"og:locale\" content=\"de_DE\" \/>\n<meta property=\"og:type\" content=\"article\" \/>\n<meta property=\"og:title\" content=\"Airpot\u00ae-Kolben- \/ Zylindersets\" \/>\n<meta property=\"og:description\" content=\"Airpot\u00ae-Kolben-\/Zylinders\u00e4tze eignen sich hervorragend als Bausteine f\u00fcr Ingenieure, die kundenspezifische mechanische oder pneumatische Ger\u00e4te ben\u00f6tigen.\" \/>\n<meta property=\"og:url\" content=\"https:\/\/www.credimex.ch\/de\/produkt\/airpot-kolben-zylinder-sets\/\" \/>\n<meta property=\"og:site_name\" content=\"CREDIMEX\" \/>\n<meta property=\"article:publisher\" content=\"https:\/\/www.facebook.com\/credimex.alpnach\/\" \/>\n<meta property=\"article:modified_time\" content=\"2023-04-06T13:26:23+00:00\" \/>\n<meta property=\"og:image\" content=\"https:\/\/www.credimex.ch\/wp-content\/uploads\/2022\/07\/1871_PistonCylinderSetFamily_Seals.jpeg\" \/>\n\t<meta property=\"og:image:width\" content=\"1200\" \/>\n\t<meta property=\"og:image:height\" content=\"528\" \/>\n\t<meta property=\"og:image:type\" content=\"image\/jpeg\" \/>\n<meta name=\"twitter:card\" content=\"summary_large_image\" \/>\n<meta name=\"twitter:label1\" content=\"Gesch\u00e4tzte Lesezeit\" \/>\n\t<meta name=\"twitter:data1\" content=\"2\u00a0Minuten\" \/>\n<script type=\"application\/ld+json\" class=\"yoast-schema-graph\">{\"@context\":\"https:\\\/\\\/schema.org\",\"@graph\":[{\"@type\":\"WebPage\",\"@id\":\"https:\\\/\\\/www.credimex.ch\\\/de\\\/produkt\\\/airpot-kolben-zylinder-sets\\\/\",\"url\":\"https:\\\/\\\/www.credimex.ch\\\/de\\\/produkt\\\/airpot-kolben-zylinder-sets\\\/\",\"name\":\"Airpot\u00ae-Kolben- \\\/ Zylindersets - CREDIMEX\",\"isPartOf\":{\"@id\":\"https:\\\/\\\/www.credimex.ch\\\/de\\\/#website\"},\"primaryImageOfPage\":{\"@id\":\"https:\\\/\\\/www.credimex.ch\\\/de\\\/produkt\\\/airpot-kolben-zylinder-sets\\\/#primaryimage\"},\"image\":{\"@id\":\"https:\\\/\\\/www.credimex.ch\\\/de\\\/produkt\\\/airpot-kolben-zylinder-sets\\\/#primaryimage\"},\"thumbnailUrl\":\"https:\\\/\\\/www.credimex.ch\\\/wp-content\\\/uploads\\\/2022\\\/07\\\/1871_PistonCylinderSetFamily_Seals.jpeg\",\"datePublished\":\"2022-07-06T12:51:16+00:00\",\"dateModified\":\"2023-04-06T13:26:23+00:00\",\"description\":\"Airpot\u00ae-Kolben-\\\/Zylinders\u00e4tze eignen sich hervorragend als Bausteine f\u00fcr Ingenieure, die kundenspezifische mechanische oder pneumatische Ger\u00e4te ben\u00f6tigen.\",\"breadcrumb\":{\"@id\":\"https:\\\/\\\/www.credimex.ch\\\/de\\\/produkt\\\/airpot-kolben-zylinder-sets\\\/#breadcrumb\"},\"inLanguage\":\"de\",\"potentialAction\":[{\"@type\":\"ReadAction\",\"target\":[\"https:\\\/\\\/www.credimex.ch\\\/de\\\/produkt\\\/airpot-kolben-zylinder-sets\\\/\"]}]},{\"@type\":\"ImageObject\",\"inLanguage\":\"de\",\"@id\":\"https:\\\/\\\/www.credimex.ch\\\/de\\\/produkt\\\/airpot-kolben-zylinder-sets\\\/#primaryimage\",\"url\":\"https:\\\/\\\/www.credimex.ch\\\/wp-content\\\/uploads\\\/2022\\\/07\\\/1871_PistonCylinderSetFamily_Seals.jpeg\",\"contentUrl\":\"https:\\\/\\\/www.credimex.ch\\\/wp-content\\\/uploads\\\/2022\\\/07\\\/1871_PistonCylinderSetFamily_Seals.jpeg\",\"width\":1200,\"height\":528},{\"@type\":\"BreadcrumbList\",\"@id\":\"https:\\\/\\\/www.credimex.ch\\\/de\\\/produkt\\\/airpot-kolben-zylinder-sets\\\/#breadcrumb\",\"itemListElement\":[{\"@type\":\"ListItem\",\"position\":1,\"name\":\"Home\",\"item\":\"https:\\\/\\\/www.credimex.ch\\\/de\\\/\"},{\"@type\":\"ListItem\",\"position\":2,\"name\":\"Produkte\",\"item\":\"https:\\\/\\\/www.credimex.ch\\\/de\\\/produkte\\\/\"},{\"@type\":\"ListItem\",\"position\":3,\"name\":\"Airpot\u00ae-Kolben- \\\/ Zylindersets\"}]},{\"@type\":\"WebSite\",\"@id\":\"https:\\\/\\\/www.credimex.ch\\\/de\\\/#website\",\"url\":\"https:\\\/\\\/www.credimex.ch\\\/de\\\/\",\"name\":\"CREDIMEX\",\"description\":\"Partner of Swiss Industrial Market\",\"publisher\":{\"@id\":\"https:\\\/\\\/www.credimex.ch\\\/de\\\/#organization\"},\"potentialAction\":[{\"@type\":\"SearchAction\",\"target\":{\"@type\":\"EntryPoint\",\"urlTemplate\":\"https:\\\/\\\/www.credimex.ch\\\/de\\\/?s={search_term_string}\"},\"query-input\":{\"@type\":\"PropertyValueSpecification\",\"valueRequired\":true,\"valueName\":\"search_term_string\"}}],\"inLanguage\":\"de\"},{\"@type\":\"Organization\",\"@id\":\"https:\\\/\\\/www.credimex.ch\\\/de\\\/#organization\",\"name\":\"credimex\",\"url\":\"https:\\\/\\\/www.credimex.ch\\\/de\\\/\",\"logo\":{\"@type\":\"ImageObject\",\"inLanguage\":\"de\",\"@id\":\"https:\\\/\\\/www.credimex.ch\\\/de\\\/#\\\/schema\\\/logo\\\/image\\\/\",\"url\":\"https:\\\/\\\/www.credimex.ch\\\/wp-content\\\/uploads\\\/2022\\\/03\\\/cropped-logo-credimex.png\",\"contentUrl\":\"https:\\\/\\\/www.credimex.ch\\\/wp-content\\\/uploads\\\/2022\\\/03\\\/cropped-logo-credimex.png\",\"width\":512,\"height\":512,\"caption\":\"credimex\"},\"image\":{\"@id\":\"https:\\\/\\\/www.credimex.ch\\\/de\\\/#\\\/schema\\\/logo\\\/image\\\/\"},\"sameAs\":[\"https:\\\/\\\/www.facebook.com\\\/credimex.alpnach\\\/\",\"https:\\\/\\\/www.linkedin.com\\\/company\\\/credimex\\\/\",\"https:\\\/\\\/www.youtube.com\\\/@CREDIMEX?sub_confirmation=1\"]}]}<\/script>\n<!-- \/ Yoast SEO Premium plugin. -->","yoast_head_json":{"title":"Airpot\u00ae-Kolben- \/ Zylindersets - CREDIMEX","description":"Airpot\u00ae-Kolben-\/Zylinders\u00e4tze eignen sich hervorragend als Bausteine f\u00fcr Ingenieure, die kundenspezifische mechanische oder pneumatische Ger\u00e4te ben\u00f6tigen.","robots":{"index":"index","follow":"follow","max-snippet":"max-snippet:-1","max-image-preview":"max-image-preview:large","max-video-preview":"max-video-preview:-1"},"canonical":"https:\/\/www.credimex.ch\/de\/produkt\/airpot-kolben-zylinder-sets\/","og_locale":"de_DE","og_type":"article","og_title":"Airpot\u00ae-Kolben- \/ Zylindersets","og_description":"Airpot\u00ae-Kolben-\/Zylinders\u00e4tze eignen sich hervorragend als Bausteine f\u00fcr Ingenieure, die kundenspezifische mechanische oder pneumatische Ger\u00e4te ben\u00f6tigen.","og_url":"https:\/\/www.credimex.ch\/de\/produkt\/airpot-kolben-zylinder-sets\/","og_site_name":"CREDIMEX","article_publisher":"https:\/\/www.facebook.com\/credimex.alpnach\/","article_modified_time":"2023-04-06T13:26:23+00:00","og_image":[{"width":1200,"height":528,"url":"https:\/\/www.credimex.ch\/wp-content\/uploads\/2022\/07\/1871_PistonCylinderSetFamily_Seals.jpeg","type":"image\/jpeg"}],"twitter_card":"summary_large_image","twitter_misc":{"Gesch\u00e4tzte Lesezeit":"2\u00a0Minuten"},"schema":{"@context":"https:\/\/schema.org","@graph":[{"@type":"WebPage","@id":"https:\/\/www.credimex.ch\/de\/produkt\/airpot-kolben-zylinder-sets\/","url":"https:\/\/www.credimex.ch\/de\/produkt\/airpot-kolben-zylinder-sets\/","name":"Airpot\u00ae-Kolben- \/ Zylindersets - CREDIMEX","isPartOf":{"@id":"https:\/\/www.credimex.ch\/de\/#website"},"primaryImageOfPage":{"@id":"https:\/\/www.credimex.ch\/de\/produkt\/airpot-kolben-zylinder-sets\/#primaryimage"},"image":{"@id":"https:\/\/www.credimex.ch\/de\/produkt\/airpot-kolben-zylinder-sets\/#primaryimage"},"thumbnailUrl":"https:\/\/www.credimex.ch\/wp-content\/uploads\/2022\/07\/1871_PistonCylinderSetFamily_Seals.jpeg","datePublished":"2022-07-06T12:51:16+00:00","dateModified":"2023-04-06T13:26:23+00:00","description":"Airpot\u00ae-Kolben-\/Zylinders\u00e4tze eignen sich hervorragend als Bausteine f\u00fcr Ingenieure, die kundenspezifische mechanische oder pneumatische Ger\u00e4te ben\u00f6tigen.","breadcrumb":{"@id":"https:\/\/www.credimex.ch\/de\/produkt\/airpot-kolben-zylinder-sets\/#breadcrumb"},"inLanguage":"de","potentialAction":[{"@type":"ReadAction","target":["https:\/\/www.credimex.ch\/de\/produkt\/airpot-kolben-zylinder-sets\/"]}]},{"@type":"ImageObject","inLanguage":"de","@id":"https:\/\/www.credimex.ch\/de\/produkt\/airpot-kolben-zylinder-sets\/#primaryimage","url":"https:\/\/www.credimex.ch\/wp-content\/uploads\/2022\/07\/1871_PistonCylinderSetFamily_Seals.jpeg","contentUrl":"https:\/\/www.credimex.ch\/wp-content\/uploads\/2022\/07\/1871_PistonCylinderSetFamily_Seals.jpeg","width":1200,"height":528},{"@type":"BreadcrumbList","@id":"https:\/\/www.credimex.ch\/de\/produkt\/airpot-kolben-zylinder-sets\/#breadcrumb","itemListElement":[{"@type":"ListItem","position":1,"name":"Home","item":"https:\/\/www.credimex.ch\/de\/"},{"@type":"ListItem","position":2,"name":"Produkte","item":"https:\/\/www.credimex.ch\/de\/produkte\/"},{"@type":"ListItem","position":3,"name":"Airpot\u00ae-Kolben- \/ Zylindersets"}]},{"@type":"WebSite","@id":"https:\/\/www.credimex.ch\/de\/#website","url":"https:\/\/www.credimex.ch\/de\/","name":"CREDIMEX","description":"Partner of Swiss Industrial Market","publisher":{"@id":"https:\/\/www.credimex.ch\/de\/#organization"},"potentialAction":[{"@type":"SearchAction","target":{"@type":"EntryPoint","urlTemplate":"https:\/\/www.credimex.ch\/de\/?s={search_term_string}"},"query-input":{"@type":"PropertyValueSpecification","valueRequired":true,"valueName":"search_term_string"}}],"inLanguage":"de"},{"@type":"Organization","@id":"https:\/\/www.credimex.ch\/de\/#organization","name":"credimex","url":"https:\/\/www.credimex.ch\/de\/","logo":{"@type":"ImageObject","inLanguage":"de","@id":"https:\/\/www.credimex.ch\/de\/#\/schema\/logo\/image\/","url":"https:\/\/www.credimex.ch\/wp-content\/uploads\/2022\/03\/cropped-logo-credimex.png","contentUrl":"https:\/\/www.credimex.ch\/wp-content\/uploads\/2022\/03\/cropped-logo-credimex.png","width":512,"height":512,"caption":"credimex"},"image":{"@id":"https:\/\/www.credimex.ch\/de\/#\/schema\/logo\/image\/"},"sameAs":["https:\/\/www.facebook.com\/credimex.alpnach\/","https:\/\/www.linkedin.com\/company\/credimex\/","https:\/\/www.youtube.com\/@CREDIMEX?sub_confirmation=1"]}]}},"_links":{"self":[{"href":"https:\/\/www.credimex.ch\/de\/wp-json\/wp\/v2\/product\/4252","targetHints":{"allow":["GET"]}}],"collection":[{"href":"https:\/\/www.credimex.ch\/de\/wp-json\/wp\/v2\/product"}],"about":[{"href":"https:\/\/www.credimex.ch\/de\/wp-json\/wp\/v2\/types\/product"}],"replies":[{"embeddable":true,"href":"https:\/\/www.credimex.ch\/de\/wp-json\/wp\/v2\/comments?post=4252"}],"wp:featuredmedia":[{"embeddable":true,"href":"https:\/\/www.credimex.ch\/de\/wp-json\/wp\/v2\/media\/3343"}],"wp:attachment":[{"href":"https:\/\/www.credimex.ch\/de\/wp-json\/wp\/v2\/media?parent=4252"}],"wp:term":[{"taxonomy":"product_brand","embeddable":true,"href":"https:\/\/www.credimex.ch\/de\/wp-json\/wp\/v2\/product_brand?post=4252"},{"taxonomy":"product_cat","embeddable":true,"href":"https:\/\/www.credimex.ch\/de\/wp-json\/wp\/v2\/product_cat?post=4252"},{"taxonomy":"product_tag","embeddable":true,"href":"https:\/\/www.credimex.ch\/de\/wp-json\/wp\/v2\/product_tag?post=4252"}],"curies":[{"name":"wp","href":"https:\/\/api.w.org\/{rel}","templated":true}]}}