{"id":4256,"date":"2022-07-06T12:42:50","date_gmt":"2022-07-06T10:42:50","guid":{"rendered":"https:\/\/www.credimex.ch.mialias.net\/product\/enidin-stossdaempfer-ada-serie-oelbremsen\/"},"modified":"2023-07-10T16:06:21","modified_gmt":"2023-07-10T14:06:21","slug":"enidine-stossdaempfer-ada-serie-oelbremsen","status":"publish","type":"product","link":"https:\/\/www.credimex.ch\/de\/produkt\/enidine-stossdaempfer-ada-serie-oelbremsen\/","title":{"rendered":"ENIDINE-Stossd\u00e4mpfer ADA-Serie \u00d6lbremsen"},"content":{"rendered":"<h2>Beschreibung<\/h2>\n<p>ENIDINE-Stossd\u00e4mpfer ADA Serie \u00d6lbremsen werden verwendet, um die Geschwindigkeit oder die Zeit zu regulieren, die ein Mechanismus ben\u00f6tigt, um von einer Position in eine andere zu gelangen. Sie nutzen bew\u00e4hrte Technologien, um die Leistung in einer Vielzahl von Produktanwendungen zu verbessern. Die Produkte der Serie ADA werden in der Regel zur Steuerung von Pneumatikzylindern, Linearschlitten, Deckeln und anderen beweglichen Mechanismen verwendet.<\/p>\n<h2>Produktvorteile<\/h2>\n<p>Zu den Vorteilen unserer Tarifkontrollen geh\u00f6ren:<\/p>\n<ul>\n<li>L\u00e4ngere Lebensdauer der Maschinen &#8211; Der Einsatz unserer ADA-Serie reduziert die durch unkontrollierten Maschinenbetrieb verursachten St\u00f6sse und Vibrationen erheblich. Dadurch werden Maschinensch\u00e4den, Ausfallzeiten und Wartungskosten weiter reduziert und gleichzeitig die Lebensdauer der Maschine verl\u00e4ngert.<\/li>\n<li>Verbesserte Produktionsqualit\u00e4t &#8211; Sch\u00e4dliche Auswirkungen unkontrollierter Bewegungen, wie L\u00e4rm, Vibrationen und sch\u00e4dliche St\u00f6sse, werden gemildert oder beseitigt, so dass die Produktionsqualit\u00e4t verbessert wird.<\/li>\n<li>Sicherer Maschinenbetrieb &#8211; Ratensteuerungen sch\u00fctzen die Bediener von Maschinen und Anlagen durch einen vorhersehbaren, zuverl\u00e4ssigen und kontrollierten Maschinenbetrieb.<\/li>\n<\/ul>\n<p>Maschinen und Endprodukte werden durch h\u00f6here Produktivit\u00e4t, l\u00e4ngere Lebensdauer, geringeren Wartungsaufwand und sichereren Betrieb wertvoller. ENIDINE bietet eine breite Palette an hydraulischen Vorschubsteuerungen, die eine Bewegungssteuerung in Zug-, Druck- oder beiden Richtungen erm\u00f6glichen. Es sind einstellbare und nicht einstellbare, manipulationssichere Modelle erh\u00e4ltlich, die Ihren speziellen Anwendungsanforderungen entsprechen. Die von ENIDINE-Zylindergeschwindigkeitsreglern bereitgestellte Widerstandskraft ist in der Regel \u00fcber den gesamten Hub konstant, wenn die Kolbenstange mit konstanter Geschwindigkeit bewegt wird, da es sich bei den Geschwindigkeitsreglern um Produkte mit einer einzigen \u00d6ffnung handelt.<\/p>\n<h2>Anwendung<\/h2>\n<p>Unsere Produkte der ADA-Serie zur Ratenkontrolle werden in den folgenden Anwendungen eingesetzt:<\/p>\n<ul>\n<li>Druckpressen<\/li>\n<li>Drehkreuze<\/li>\n<li>Spannung \/ Kompression Anwendungen<\/li>\n<\/ul>\n","protected":false},"excerpt":{"rendered":"<p><strong>ENIDINE-Stossd\u00e4mpfer ADA-Serie \u00d6lbremsen<\/strong> wird verwendet, um die Geschwindigkeit oder die Zeit zu regulieren, die ein Mechanismus ben\u00f6tigt, um von einer Position zu einer anderen zu gelangen.<\/p>\n","protected":false},"featured_media":3339,"comment_status":"open","ping_status":"closed","template":"","meta":{"_acf_changed":false},"product_brand":[],"product_cat":[369,351,419,380,379,417,390,554,558,370,352,420,418,560,478],"product_tag":[],"class_list":{"0":"post-4256","1":"product","2":"type-product","3":"status-publish","4":"has-post-thumbnail","6":"product_cat-allgemeine-industrie","7":"product_cat-automobilindustrie","8":"product_cat-batterien","9":"product_cat-e-mobilitat","10":"product_cat-eisenbahn","11":"product_cat-elektronik","12":"product_cat-energie","13":"product_cat-energieabsorbierungen","14":"product_cat-enidine","15":"product_cat-lebensmittelindustrie","16":"product_cat-luft-und-raumfahrtindustrie","17":"product_cat-medizinal-industrie","18":"product_cat-seilbahnen","19":"product_cat-stossdampfer","20":"product_cat-uhrenherstellung","21":"pa_brands-enidin","23":"first","24":"instock","25":"shipping-taxable","26":"product-type-simple"},"acf":[],"_yoast_wpseo_focuskw":"ENIDINE-Stossd\u00e4mpfer ADA-Serie \u00d6lbremsen","_yoast_wpseo_metadesc":"Enidin-Stossd\u00e4mpfer ADA Serie \u00d6lbremsen werden verwendet, um die Geschwindigkeit oder die Zeit zu regulieren, die ein Mechanismus ben\u00f6tigt, um von einer Position in eine andere zu gelangen.","yoast_head":"<!-- This site is optimized with the Yoast SEO Premium plugin v21.6 (Yoast SEO v27.4) - https:\/\/yoast.com\/product\/yoast-seo-premium-wordpress\/ -->\n<title>ENIDINE-Stossd\u00e4mpfer ADA-Serie \u00d6lbremsen - CREDIMEX<\/title>\n<meta name=\"description\" content=\"Enidin-Stossd\u00e4mpfer ADA Serie \u00d6lbremsen werden verwendet, um die Geschwindigkeit oder die Zeit zu regulieren, die ein Mechanismus ben\u00f6tigt, um von einer Position in eine andere zu gelangen.\" \/>\n<meta name=\"robots\" content=\"index, follow, max-snippet:-1, max-image-preview:large, max-video-preview:-1\" \/>\n<link rel=\"canonical\" href=\"https:\/\/www.credimex.ch\/de\/produkt\/enidine-stossdaempfer-ada-serie-oelbremsen\/\" \/>\n<meta property=\"og:locale\" content=\"de_DE\" \/>\n<meta property=\"og:type\" content=\"article\" \/>\n<meta property=\"og:title\" content=\"ENIDINE-Stossd\u00e4mpfer ADA-Serie \u00d6lbremsen\" \/>\n<meta property=\"og:description\" content=\"Enidin-Stossd\u00e4mpfer ADA Serie \u00d6lbremsen werden verwendet, um die Geschwindigkeit oder die Zeit zu regulieren, die ein Mechanismus ben\u00f6tigt, um von einer Position in eine andere zu gelangen.\" \/>\n<meta property=\"og:url\" content=\"https:\/\/www.credimex.ch\/de\/produkt\/enidine-stossdaempfer-ada-serie-oelbremsen\/\" \/>\n<meta property=\"og:site_name\" content=\"CREDIMEX\" \/>\n<meta property=\"article:publisher\" content=\"https:\/\/www.facebook.com\/credimex.alpnach\/\" \/>\n<meta property=\"article:modified_time\" content=\"2023-07-10T14:06:21+00:00\" \/>\n<meta property=\"og:image\" content=\"https:\/\/www.credimex.ch\/wp-content\/uploads\/2022\/07\/Rate_Group.webp\" \/>\n\t<meta property=\"og:image:width\" content=\"400\" \/>\n\t<meta property=\"og:image:height\" content=\"272\" \/>\n\t<meta property=\"og:image:type\" content=\"image\/webp\" \/>\n<meta name=\"twitter:card\" content=\"summary_large_image\" \/>\n<meta name=\"twitter:label1\" content=\"Gesch\u00e4tzte Lesezeit\" \/>\n\t<meta name=\"twitter:data1\" content=\"2\u00a0Minuten\" \/>\n<script type=\"application\/ld+json\" class=\"yoast-schema-graph\">{\"@context\":\"https:\\\/\\\/schema.org\",\"@graph\":[{\"@type\":\"WebPage\",\"@id\":\"https:\\\/\\\/www.credimex.ch\\\/de\\\/produkt\\\/enidine-stossdaempfer-ada-serie-oelbremsen\\\/\",\"url\":\"https:\\\/\\\/www.credimex.ch\\\/de\\\/produkt\\\/enidine-stossdaempfer-ada-serie-oelbremsen\\\/\",\"name\":\"ENIDINE-Stossd\u00e4mpfer ADA-Serie \u00d6lbremsen - CREDIMEX\",\"isPartOf\":{\"@id\":\"https:\\\/\\\/www.credimex.ch\\\/de\\\/#website\"},\"primaryImageOfPage\":{\"@id\":\"https:\\\/\\\/www.credimex.ch\\\/de\\\/produkt\\\/enidine-stossdaempfer-ada-serie-oelbremsen\\\/#primaryimage\"},\"image\":{\"@id\":\"https:\\\/\\\/www.credimex.ch\\\/de\\\/produkt\\\/enidine-stossdaempfer-ada-serie-oelbremsen\\\/#primaryimage\"},\"thumbnailUrl\":\"https:\\\/\\\/www.credimex.ch\\\/wp-content\\\/uploads\\\/2022\\\/07\\\/Rate_Group.webp\",\"datePublished\":\"2022-07-06T10:42:50+00:00\",\"dateModified\":\"2023-07-10T14:06:21+00:00\",\"description\":\"Enidin-Stossd\u00e4mpfer ADA Serie \u00d6lbremsen werden verwendet, um die Geschwindigkeit oder die Zeit zu regulieren, die ein Mechanismus ben\u00f6tigt, um von einer Position in eine andere zu gelangen.\",\"breadcrumb\":{\"@id\":\"https:\\\/\\\/www.credimex.ch\\\/de\\\/produkt\\\/enidine-stossdaempfer-ada-serie-oelbremsen\\\/#breadcrumb\"},\"inLanguage\":\"de\",\"potentialAction\":[{\"@type\":\"ReadAction\",\"target\":[\"https:\\\/\\\/www.credimex.ch\\\/de\\\/produkt\\\/enidine-stossdaempfer-ada-serie-oelbremsen\\\/\"]}]},{\"@type\":\"ImageObject\",\"inLanguage\":\"de\",\"@id\":\"https:\\\/\\\/www.credimex.ch\\\/de\\\/produkt\\\/enidine-stossdaempfer-ada-serie-oelbremsen\\\/#primaryimage\",\"url\":\"https:\\\/\\\/www.credimex.ch\\\/wp-content\\\/uploads\\\/2022\\\/07\\\/Rate_Group.webp\",\"contentUrl\":\"https:\\\/\\\/www.credimex.ch\\\/wp-content\\\/uploads\\\/2022\\\/07\\\/Rate_Group.webp\",\"width\":400,\"height\":272},{\"@type\":\"BreadcrumbList\",\"@id\":\"https:\\\/\\\/www.credimex.ch\\\/de\\\/produkt\\\/enidine-stossdaempfer-ada-serie-oelbremsen\\\/#breadcrumb\",\"itemListElement\":[{\"@type\":\"ListItem\",\"position\":1,\"name\":\"Home\",\"item\":\"https:\\\/\\\/www.credimex.ch\\\/de\\\/\"},{\"@type\":\"ListItem\",\"position\":2,\"name\":\"Produkte\",\"item\":\"https:\\\/\\\/www.credimex.ch\\\/de\\\/produkte\\\/\"},{\"@type\":\"ListItem\",\"position\":3,\"name\":\"ENIDINE-Stossd\u00e4mpfer ADA-Serie \u00d6lbremsen\"}]},{\"@type\":\"WebSite\",\"@id\":\"https:\\\/\\\/www.credimex.ch\\\/de\\\/#website\",\"url\":\"https:\\\/\\\/www.credimex.ch\\\/de\\\/\",\"name\":\"CREDIMEX\",\"description\":\"Partner of Swiss Industrial Market\",\"publisher\":{\"@id\":\"https:\\\/\\\/www.credimex.ch\\\/de\\\/#organization\"},\"potentialAction\":[{\"@type\":\"SearchAction\",\"target\":{\"@type\":\"EntryPoint\",\"urlTemplate\":\"https:\\\/\\\/www.credimex.ch\\\/de\\\/?s={search_term_string}\"},\"query-input\":{\"@type\":\"PropertyValueSpecification\",\"valueRequired\":true,\"valueName\":\"search_term_string\"}}],\"inLanguage\":\"de\"},{\"@type\":\"Organization\",\"@id\":\"https:\\\/\\\/www.credimex.ch\\\/de\\\/#organization\",\"name\":\"credimex\",\"url\":\"https:\\\/\\\/www.credimex.ch\\\/de\\\/\",\"logo\":{\"@type\":\"ImageObject\",\"inLanguage\":\"de\",\"@id\":\"https:\\\/\\\/www.credimex.ch\\\/de\\\/#\\\/schema\\\/logo\\\/image\\\/\",\"url\":\"https:\\\/\\\/www.credimex.ch\\\/wp-content\\\/uploads\\\/2022\\\/03\\\/cropped-logo-credimex.png\",\"contentUrl\":\"https:\\\/\\\/www.credimex.ch\\\/wp-content\\\/uploads\\\/2022\\\/03\\\/cropped-logo-credimex.png\",\"width\":512,\"height\":512,\"caption\":\"credimex\"},\"image\":{\"@id\":\"https:\\\/\\\/www.credimex.ch\\\/de\\\/#\\\/schema\\\/logo\\\/image\\\/\"},\"sameAs\":[\"https:\\\/\\\/www.facebook.com\\\/credimex.alpnach\\\/\",\"https:\\\/\\\/www.linkedin.com\\\/company\\\/credimex\\\/\",\"https:\\\/\\\/www.youtube.com\\\/@CREDIMEX?sub_confirmation=1\"]}]}<\/script>\n<!-- \/ Yoast SEO Premium plugin. -->","yoast_head_json":{"title":"ENIDINE-Stossd\u00e4mpfer ADA-Serie \u00d6lbremsen - CREDIMEX","description":"Enidin-Stossd\u00e4mpfer ADA Serie \u00d6lbremsen werden verwendet, um die Geschwindigkeit oder die Zeit zu regulieren, die ein Mechanismus ben\u00f6tigt, um von einer Position in eine andere zu gelangen.","robots":{"index":"index","follow":"follow","max-snippet":"max-snippet:-1","max-image-preview":"max-image-preview:large","max-video-preview":"max-video-preview:-1"},"canonical":"https:\/\/www.credimex.ch\/de\/produkt\/enidine-stossdaempfer-ada-serie-oelbremsen\/","og_locale":"de_DE","og_type":"article","og_title":"ENIDINE-Stossd\u00e4mpfer ADA-Serie \u00d6lbremsen","og_description":"Enidin-Stossd\u00e4mpfer ADA Serie \u00d6lbremsen werden verwendet, um die Geschwindigkeit oder die Zeit zu regulieren, die ein Mechanismus ben\u00f6tigt, um von einer Position in eine andere zu gelangen.","og_url":"https:\/\/www.credimex.ch\/de\/produkt\/enidine-stossdaempfer-ada-serie-oelbremsen\/","og_site_name":"CREDIMEX","article_publisher":"https:\/\/www.facebook.com\/credimex.alpnach\/","article_modified_time":"2023-07-10T14:06:21+00:00","og_image":[{"width":400,"height":272,"url":"https:\/\/www.credimex.ch\/wp-content\/uploads\/2022\/07\/Rate_Group.webp","type":"image\/webp"}],"twitter_card":"summary_large_image","twitter_misc":{"Gesch\u00e4tzte Lesezeit":"2\u00a0Minuten"},"schema":{"@context":"https:\/\/schema.org","@graph":[{"@type":"WebPage","@id":"https:\/\/www.credimex.ch\/de\/produkt\/enidine-stossdaempfer-ada-serie-oelbremsen\/","url":"https:\/\/www.credimex.ch\/de\/produkt\/enidine-stossdaempfer-ada-serie-oelbremsen\/","name":"ENIDINE-Stossd\u00e4mpfer ADA-Serie \u00d6lbremsen - CREDIMEX","isPartOf":{"@id":"https:\/\/www.credimex.ch\/de\/#website"},"primaryImageOfPage":{"@id":"https:\/\/www.credimex.ch\/de\/produkt\/enidine-stossdaempfer-ada-serie-oelbremsen\/#primaryimage"},"image":{"@id":"https:\/\/www.credimex.ch\/de\/produkt\/enidine-stossdaempfer-ada-serie-oelbremsen\/#primaryimage"},"thumbnailUrl":"https:\/\/www.credimex.ch\/wp-content\/uploads\/2022\/07\/Rate_Group.webp","datePublished":"2022-07-06T10:42:50+00:00","dateModified":"2023-07-10T14:06:21+00:00","description":"Enidin-Stossd\u00e4mpfer ADA Serie \u00d6lbremsen werden verwendet, um die Geschwindigkeit oder die Zeit zu regulieren, die ein Mechanismus ben\u00f6tigt, um von einer Position in eine andere zu gelangen.","breadcrumb":{"@id":"https:\/\/www.credimex.ch\/de\/produkt\/enidine-stossdaempfer-ada-serie-oelbremsen\/#breadcrumb"},"inLanguage":"de","potentialAction":[{"@type":"ReadAction","target":["https:\/\/www.credimex.ch\/de\/produkt\/enidine-stossdaempfer-ada-serie-oelbremsen\/"]}]},{"@type":"ImageObject","inLanguage":"de","@id":"https:\/\/www.credimex.ch\/de\/produkt\/enidine-stossdaempfer-ada-serie-oelbremsen\/#primaryimage","url":"https:\/\/www.credimex.ch\/wp-content\/uploads\/2022\/07\/Rate_Group.webp","contentUrl":"https:\/\/www.credimex.ch\/wp-content\/uploads\/2022\/07\/Rate_Group.webp","width":400,"height":272},{"@type":"BreadcrumbList","@id":"https:\/\/www.credimex.ch\/de\/produkt\/enidine-stossdaempfer-ada-serie-oelbremsen\/#breadcrumb","itemListElement":[{"@type":"ListItem","position":1,"name":"Home","item":"https:\/\/www.credimex.ch\/de\/"},{"@type":"ListItem","position":2,"name":"Produkte","item":"https:\/\/www.credimex.ch\/de\/produkte\/"},{"@type":"ListItem","position":3,"name":"ENIDINE-Stossd\u00e4mpfer ADA-Serie \u00d6lbremsen"}]},{"@type":"WebSite","@id":"https:\/\/www.credimex.ch\/de\/#website","url":"https:\/\/www.credimex.ch\/de\/","name":"CREDIMEX","description":"Partner of Swiss Industrial Market","publisher":{"@id":"https:\/\/www.credimex.ch\/de\/#organization"},"potentialAction":[{"@type":"SearchAction","target":{"@type":"EntryPoint","urlTemplate":"https:\/\/www.credimex.ch\/de\/?s={search_term_string}"},"query-input":{"@type":"PropertyValueSpecification","valueRequired":true,"valueName":"search_term_string"}}],"inLanguage":"de"},{"@type":"Organization","@id":"https:\/\/www.credimex.ch\/de\/#organization","name":"credimex","url":"https:\/\/www.credimex.ch\/de\/","logo":{"@type":"ImageObject","inLanguage":"de","@id":"https:\/\/www.credimex.ch\/de\/#\/schema\/logo\/image\/","url":"https:\/\/www.credimex.ch\/wp-content\/uploads\/2022\/03\/cropped-logo-credimex.png","contentUrl":"https:\/\/www.credimex.ch\/wp-content\/uploads\/2022\/03\/cropped-logo-credimex.png","width":512,"height":512,"caption":"credimex"},"image":{"@id":"https:\/\/www.credimex.ch\/de\/#\/schema\/logo\/image\/"},"sameAs":["https:\/\/www.facebook.com\/credimex.alpnach\/","https:\/\/www.linkedin.com\/company\/credimex\/","https:\/\/www.youtube.com\/@CREDIMEX?sub_confirmation=1"]}]}},"_links":{"self":[{"href":"https:\/\/www.credimex.ch\/de\/wp-json\/wp\/v2\/product\/4256","targetHints":{"allow":["GET"]}}],"collection":[{"href":"https:\/\/www.credimex.ch\/de\/wp-json\/wp\/v2\/product"}],"about":[{"href":"https:\/\/www.credimex.ch\/de\/wp-json\/wp\/v2\/types\/product"}],"replies":[{"embeddable":true,"href":"https:\/\/www.credimex.ch\/de\/wp-json\/wp\/v2\/comments?post=4256"}],"wp:featuredmedia":[{"embeddable":true,"href":"https:\/\/www.credimex.ch\/de\/wp-json\/wp\/v2\/media\/3339"}],"wp:attachment":[{"href":"https:\/\/www.credimex.ch\/de\/wp-json\/wp\/v2\/media?parent=4256"}],"wp:term":[{"taxonomy":"product_brand","embeddable":true,"href":"https:\/\/www.credimex.ch\/de\/wp-json\/wp\/v2\/product_brand?post=4256"},{"taxonomy":"product_cat","embeddable":true,"href":"https:\/\/www.credimex.ch\/de\/wp-json\/wp\/v2\/product_cat?post=4256"},{"taxonomy":"product_tag","embeddable":true,"href":"https:\/\/www.credimex.ch\/de\/wp-json\/wp\/v2\/product_tag?post=4256"}],"curies":[{"name":"wp","href":"https:\/\/api.w.org\/{rel}","templated":true}]}}