{"id":4258,"date":"2022-07-06T12:35:03","date_gmt":"2022-07-06T10:35:03","guid":{"rendered":"https:\/\/www.credimex.ch.mialias.net\/product\/enidine-stossdaempfer-serie-jarret\/"},"modified":"2023-07-10T16:09:07","modified_gmt":"2023-07-10T14:09:07","slug":"enidine-stossdampfer-jarret-serie","status":"publish","type":"product","link":"https:\/\/www.credimex.ch\/de\/produkt\/enidine-stossdampfer-jarret-serie\/","title":{"rendered":"ENIDINE-Stossd\u00e4mpfer Serie Jarret"},"content":{"rendered":"<h2>Beschreibung<\/h2>\n<ul>\n<li>Einfaches Design<\/li>\n<li>Hohe Zuverl\u00e4ssigkeit<\/li>\n<li>Hoher D\u00e4mpfungskoeffizient<\/li>\n<li>Geringe Empfindlichkeit gegen\u00fcber Temperaturschwankungen<\/li>\n<\/ul>\n<h2>Produktvorteile<\/h2>\n<p>Die ENIDINE-Stossd\u00e4mpfer der Jarret-Serie nutzen die einzigartigen Kompressions- und Schereigenschaften von speziell formulierten Silikonelastomeren.<\/p>\n<p>Diese Eigenschaften erm\u00f6glichen es, die Funktionen der Energieabsorption und der R\u00fcckholfeder in einem einzigen industriellen Puffer zu vereinen, ohne dass ein zus\u00e4tzlicher Gas- oder mechanischer Federhubr\u00fcckholmechanismus erforderlich ist. Diese einfache industrielle Pufferkonstruktion ist robust und einfach, aber dennoch langlebig und effektiv bei der Bereitstellung kritischer Stoppfunktionen in einer Vielzahl von Anwendungen.<\/p>\n<h2>Anwendung<\/h2>\n<ul>\n<li>Verteidigung<\/li>\n<li>Automobilindustrie<\/li>\n<li>Materialhandhabung<\/li>\n<li>Eisenbahn<\/li>\n<li>Zellstoff\/Papier<\/li>\n<li>Metallerzeugung und -verarbeitung<\/li>\n<li>Anwendungen f\u00fcr Krane und Laufkatzen<\/li>\n<\/ul>\n","protected":false},"excerpt":{"rendered":"<p>Die <strong>ENIDINE-Stossd\u00e4mpfer der Jarret-Serie<\/strong> nutzen die einzigartigen Kompressions- und Schereigenschaften von speziell formulierten Silikonelastomeren.<\/p>\n","protected":false},"featured_media":3337,"comment_status":"open","ping_status":"closed","template":"","meta":{"_acf_changed":false},"product_brand":[],"product_cat":[369,351,419,380,379,417,390,554,558,370,352,420,418,560,478],"product_tag":[],"class_list":{"0":"post-4258","1":"product","2":"type-product","3":"status-publish","4":"has-post-thumbnail","6":"product_cat-allgemeine-industrie","7":"product_cat-automobilindustrie","8":"product_cat-batterien","9":"product_cat-e-mobilitat","10":"product_cat-eisenbahn","11":"product_cat-elektronik","12":"product_cat-energie","13":"product_cat-energieabsorbierungen","14":"product_cat-enidine","15":"product_cat-lebensmittelindustrie","16":"product_cat-luft-und-raumfahrtindustrie","17":"product_cat-medizinal-industrie","18":"product_cat-seilbahnen","19":"product_cat-stossdampfer","20":"product_cat-uhrenherstellung","21":"pa_brands-enidin","23":"first","24":"instock","25":"shipping-taxable","26":"product-type-simple"},"acf":[],"_yoast_wpseo_focuskw":"Enidine-Stossd\u00e4mpfer Serie Jarret","_yoast_wpseo_metadesc":"Die ENIDINE-Stossd\u00e4mpfer der Jarret-Serie nutzen die einzigartigen Kompressions- und Schereigenschaften von speziell formulierten Silikonelastomeren.","yoast_head":"<!-- This site is optimized with the Yoast SEO Premium plugin v21.6 (Yoast SEO v27.4) - https:\/\/yoast.com\/product\/yoast-seo-premium-wordpress\/ -->\n<title>ENIDINE-Stossd\u00e4mpfer Serie Jarret - CREDIMEX<\/title>\n<meta name=\"description\" content=\"Die ENIDINE-Stossd\u00e4mpfer der Jarret-Serie nutzen die einzigartigen Kompressions- und Schereigenschaften von speziell formulierten Silikonelastomeren.\" \/>\n<meta name=\"robots\" content=\"index, follow, max-snippet:-1, max-image-preview:large, max-video-preview:-1\" \/>\n<link rel=\"canonical\" href=\"https:\/\/www.credimex.ch\/de\/produkt\/enidine-stossdampfer-jarret-serie\/\" \/>\n<meta property=\"og:locale\" content=\"de_DE\" \/>\n<meta property=\"og:type\" content=\"article\" \/>\n<meta property=\"og:title\" content=\"ENIDINE-Stossd\u00e4mpfer Serie Jarret\" \/>\n<meta property=\"og:description\" content=\"Die ENIDINE-Stossd\u00e4mpfer der Jarret-Serie nutzen die einzigartigen Kompressions- und Schereigenschaften von speziell formulierten Silikonelastomeren.\" \/>\n<meta property=\"og:url\" content=\"https:\/\/www.credimex.ch\/de\/produkt\/enidine-stossdampfer-jarret-serie\/\" \/>\n<meta property=\"og:site_name\" content=\"CREDIMEX\" \/>\n<meta property=\"article:publisher\" content=\"https:\/\/www.facebook.com\/credimex.alpnach\/\" \/>\n<meta property=\"article:modified_time\" content=\"2023-07-10T14:09:07+00:00\" \/>\n<meta property=\"og:image\" content=\"https:\/\/www.credimex.ch\/wp-content\/uploads\/2022\/07\/Jarret.webp\" \/>\n\t<meta property=\"og:image:width\" content=\"325\" \/>\n\t<meta property=\"og:image:height\" content=\"330\" \/>\n\t<meta property=\"og:image:type\" content=\"image\/webp\" \/>\n<meta name=\"twitter:card\" content=\"summary_large_image\" \/>\n<meta name=\"twitter:label1\" content=\"Gesch\u00e4tzte Lesezeit\" \/>\n\t<meta name=\"twitter:data1\" content=\"1\u00a0Minute\" \/>\n<script type=\"application\/ld+json\" class=\"yoast-schema-graph\">{\"@context\":\"https:\\\/\\\/schema.org\",\"@graph\":[{\"@type\":\"WebPage\",\"@id\":\"https:\\\/\\\/www.credimex.ch\\\/de\\\/produkt\\\/enidine-stossdampfer-jarret-serie\\\/\",\"url\":\"https:\\\/\\\/www.credimex.ch\\\/de\\\/produkt\\\/enidine-stossdampfer-jarret-serie\\\/\",\"name\":\"ENIDINE-Stossd\u00e4mpfer Serie Jarret - CREDIMEX\",\"isPartOf\":{\"@id\":\"https:\\\/\\\/www.credimex.ch\\\/de\\\/#website\"},\"primaryImageOfPage\":{\"@id\":\"https:\\\/\\\/www.credimex.ch\\\/de\\\/produkt\\\/enidine-stossdampfer-jarret-serie\\\/#primaryimage\"},\"image\":{\"@id\":\"https:\\\/\\\/www.credimex.ch\\\/de\\\/produkt\\\/enidine-stossdampfer-jarret-serie\\\/#primaryimage\"},\"thumbnailUrl\":\"https:\\\/\\\/www.credimex.ch\\\/wp-content\\\/uploads\\\/2022\\\/07\\\/Jarret.webp\",\"datePublished\":\"2022-07-06T10:35:03+00:00\",\"dateModified\":\"2023-07-10T14:09:07+00:00\",\"description\":\"Die ENIDINE-Stossd\u00e4mpfer der Jarret-Serie nutzen die einzigartigen Kompressions- und Schereigenschaften von speziell formulierten Silikonelastomeren.\",\"breadcrumb\":{\"@id\":\"https:\\\/\\\/www.credimex.ch\\\/de\\\/produkt\\\/enidine-stossdampfer-jarret-serie\\\/#breadcrumb\"},\"inLanguage\":\"de\",\"potentialAction\":[{\"@type\":\"ReadAction\",\"target\":[\"https:\\\/\\\/www.credimex.ch\\\/de\\\/produkt\\\/enidine-stossdampfer-jarret-serie\\\/\"]}]},{\"@type\":\"ImageObject\",\"inLanguage\":\"de\",\"@id\":\"https:\\\/\\\/www.credimex.ch\\\/de\\\/produkt\\\/enidine-stossdampfer-jarret-serie\\\/#primaryimage\",\"url\":\"https:\\\/\\\/www.credimex.ch\\\/wp-content\\\/uploads\\\/2022\\\/07\\\/Jarret.webp\",\"contentUrl\":\"https:\\\/\\\/www.credimex.ch\\\/wp-content\\\/uploads\\\/2022\\\/07\\\/Jarret.webp\",\"width\":325,\"height\":330},{\"@type\":\"BreadcrumbList\",\"@id\":\"https:\\\/\\\/www.credimex.ch\\\/de\\\/produkt\\\/enidine-stossdampfer-jarret-serie\\\/#breadcrumb\",\"itemListElement\":[{\"@type\":\"ListItem\",\"position\":1,\"name\":\"Home\",\"item\":\"https:\\\/\\\/www.credimex.ch\\\/de\\\/\"},{\"@type\":\"ListItem\",\"position\":2,\"name\":\"Produkte\",\"item\":\"https:\\\/\\\/www.credimex.ch\\\/de\\\/produkte\\\/\"},{\"@type\":\"ListItem\",\"position\":3,\"name\":\"ENIDINE-Stossd\u00e4mpfer Serie Jarret\"}]},{\"@type\":\"WebSite\",\"@id\":\"https:\\\/\\\/www.credimex.ch\\\/de\\\/#website\",\"url\":\"https:\\\/\\\/www.credimex.ch\\\/de\\\/\",\"name\":\"CREDIMEX\",\"description\":\"Partner of Swiss Industrial Market\",\"publisher\":{\"@id\":\"https:\\\/\\\/www.credimex.ch\\\/de\\\/#organization\"},\"potentialAction\":[{\"@type\":\"SearchAction\",\"target\":{\"@type\":\"EntryPoint\",\"urlTemplate\":\"https:\\\/\\\/www.credimex.ch\\\/de\\\/?s={search_term_string}\"},\"query-input\":{\"@type\":\"PropertyValueSpecification\",\"valueRequired\":true,\"valueName\":\"search_term_string\"}}],\"inLanguage\":\"de\"},{\"@type\":\"Organization\",\"@id\":\"https:\\\/\\\/www.credimex.ch\\\/de\\\/#organization\",\"name\":\"credimex\",\"url\":\"https:\\\/\\\/www.credimex.ch\\\/de\\\/\",\"logo\":{\"@type\":\"ImageObject\",\"inLanguage\":\"de\",\"@id\":\"https:\\\/\\\/www.credimex.ch\\\/de\\\/#\\\/schema\\\/logo\\\/image\\\/\",\"url\":\"https:\\\/\\\/www.credimex.ch\\\/wp-content\\\/uploads\\\/2022\\\/03\\\/cropped-logo-credimex.png\",\"contentUrl\":\"https:\\\/\\\/www.credimex.ch\\\/wp-content\\\/uploads\\\/2022\\\/03\\\/cropped-logo-credimex.png\",\"width\":512,\"height\":512,\"caption\":\"credimex\"},\"image\":{\"@id\":\"https:\\\/\\\/www.credimex.ch\\\/de\\\/#\\\/schema\\\/logo\\\/image\\\/\"},\"sameAs\":[\"https:\\\/\\\/www.facebook.com\\\/credimex.alpnach\\\/\",\"https:\\\/\\\/www.linkedin.com\\\/company\\\/credimex\\\/\",\"https:\\\/\\\/www.youtube.com\\\/@CREDIMEX?sub_confirmation=1\"]}]}<\/script>\n<!-- \/ Yoast SEO Premium plugin. -->","yoast_head_json":{"title":"ENIDINE-Stossd\u00e4mpfer Serie Jarret - CREDIMEX","description":"Die ENIDINE-Stossd\u00e4mpfer der Jarret-Serie nutzen die einzigartigen Kompressions- und Schereigenschaften von speziell formulierten Silikonelastomeren.","robots":{"index":"index","follow":"follow","max-snippet":"max-snippet:-1","max-image-preview":"max-image-preview:large","max-video-preview":"max-video-preview:-1"},"canonical":"https:\/\/www.credimex.ch\/de\/produkt\/enidine-stossdampfer-jarret-serie\/","og_locale":"de_DE","og_type":"article","og_title":"ENIDINE-Stossd\u00e4mpfer Serie Jarret","og_description":"Die ENIDINE-Stossd\u00e4mpfer der Jarret-Serie nutzen die einzigartigen Kompressions- und Schereigenschaften von speziell formulierten Silikonelastomeren.","og_url":"https:\/\/www.credimex.ch\/de\/produkt\/enidine-stossdampfer-jarret-serie\/","og_site_name":"CREDIMEX","article_publisher":"https:\/\/www.facebook.com\/credimex.alpnach\/","article_modified_time":"2023-07-10T14:09:07+00:00","og_image":[{"width":325,"height":330,"url":"https:\/\/www.credimex.ch\/wp-content\/uploads\/2022\/07\/Jarret.webp","type":"image\/webp"}],"twitter_card":"summary_large_image","twitter_misc":{"Gesch\u00e4tzte Lesezeit":"1\u00a0Minute"},"schema":{"@context":"https:\/\/schema.org","@graph":[{"@type":"WebPage","@id":"https:\/\/www.credimex.ch\/de\/produkt\/enidine-stossdampfer-jarret-serie\/","url":"https:\/\/www.credimex.ch\/de\/produkt\/enidine-stossdampfer-jarret-serie\/","name":"ENIDINE-Stossd\u00e4mpfer Serie Jarret - CREDIMEX","isPartOf":{"@id":"https:\/\/www.credimex.ch\/de\/#website"},"primaryImageOfPage":{"@id":"https:\/\/www.credimex.ch\/de\/produkt\/enidine-stossdampfer-jarret-serie\/#primaryimage"},"image":{"@id":"https:\/\/www.credimex.ch\/de\/produkt\/enidine-stossdampfer-jarret-serie\/#primaryimage"},"thumbnailUrl":"https:\/\/www.credimex.ch\/wp-content\/uploads\/2022\/07\/Jarret.webp","datePublished":"2022-07-06T10:35:03+00:00","dateModified":"2023-07-10T14:09:07+00:00","description":"Die ENIDINE-Stossd\u00e4mpfer der Jarret-Serie nutzen die einzigartigen Kompressions- und Schereigenschaften von speziell formulierten Silikonelastomeren.","breadcrumb":{"@id":"https:\/\/www.credimex.ch\/de\/produkt\/enidine-stossdampfer-jarret-serie\/#breadcrumb"},"inLanguage":"de","potentialAction":[{"@type":"ReadAction","target":["https:\/\/www.credimex.ch\/de\/produkt\/enidine-stossdampfer-jarret-serie\/"]}]},{"@type":"ImageObject","inLanguage":"de","@id":"https:\/\/www.credimex.ch\/de\/produkt\/enidine-stossdampfer-jarret-serie\/#primaryimage","url":"https:\/\/www.credimex.ch\/wp-content\/uploads\/2022\/07\/Jarret.webp","contentUrl":"https:\/\/www.credimex.ch\/wp-content\/uploads\/2022\/07\/Jarret.webp","width":325,"height":330},{"@type":"BreadcrumbList","@id":"https:\/\/www.credimex.ch\/de\/produkt\/enidine-stossdampfer-jarret-serie\/#breadcrumb","itemListElement":[{"@type":"ListItem","position":1,"name":"Home","item":"https:\/\/www.credimex.ch\/de\/"},{"@type":"ListItem","position":2,"name":"Produkte","item":"https:\/\/www.credimex.ch\/de\/produkte\/"},{"@type":"ListItem","position":3,"name":"ENIDINE-Stossd\u00e4mpfer Serie Jarret"}]},{"@type":"WebSite","@id":"https:\/\/www.credimex.ch\/de\/#website","url":"https:\/\/www.credimex.ch\/de\/","name":"CREDIMEX","description":"Partner of Swiss Industrial Market","publisher":{"@id":"https:\/\/www.credimex.ch\/de\/#organization"},"potentialAction":[{"@type":"SearchAction","target":{"@type":"EntryPoint","urlTemplate":"https:\/\/www.credimex.ch\/de\/?s={search_term_string}"},"query-input":{"@type":"PropertyValueSpecification","valueRequired":true,"valueName":"search_term_string"}}],"inLanguage":"de"},{"@type":"Organization","@id":"https:\/\/www.credimex.ch\/de\/#organization","name":"credimex","url":"https:\/\/www.credimex.ch\/de\/","logo":{"@type":"ImageObject","inLanguage":"de","@id":"https:\/\/www.credimex.ch\/de\/#\/schema\/logo\/image\/","url":"https:\/\/www.credimex.ch\/wp-content\/uploads\/2022\/03\/cropped-logo-credimex.png","contentUrl":"https:\/\/www.credimex.ch\/wp-content\/uploads\/2022\/03\/cropped-logo-credimex.png","width":512,"height":512,"caption":"credimex"},"image":{"@id":"https:\/\/www.credimex.ch\/de\/#\/schema\/logo\/image\/"},"sameAs":["https:\/\/www.facebook.com\/credimex.alpnach\/","https:\/\/www.linkedin.com\/company\/credimex\/","https:\/\/www.youtube.com\/@CREDIMEX?sub_confirmation=1"]}]}},"_links":{"self":[{"href":"https:\/\/www.credimex.ch\/de\/wp-json\/wp\/v2\/product\/4258","targetHints":{"allow":["GET"]}}],"collection":[{"href":"https:\/\/www.credimex.ch\/de\/wp-json\/wp\/v2\/product"}],"about":[{"href":"https:\/\/www.credimex.ch\/de\/wp-json\/wp\/v2\/types\/product"}],"replies":[{"embeddable":true,"href":"https:\/\/www.credimex.ch\/de\/wp-json\/wp\/v2\/comments?post=4258"}],"wp:featuredmedia":[{"embeddable":true,"href":"https:\/\/www.credimex.ch\/de\/wp-json\/wp\/v2\/media\/3337"}],"wp:attachment":[{"href":"https:\/\/www.credimex.ch\/de\/wp-json\/wp\/v2\/media?parent=4258"}],"wp:term":[{"taxonomy":"product_brand","embeddable":true,"href":"https:\/\/www.credimex.ch\/de\/wp-json\/wp\/v2\/product_brand?post=4258"},{"taxonomy":"product_cat","embeddable":true,"href":"https:\/\/www.credimex.ch\/de\/wp-json\/wp\/v2\/product_cat?post=4258"},{"taxonomy":"product_tag","embeddable":true,"href":"https:\/\/www.credimex.ch\/de\/wp-json\/wp\/v2\/product_tag?post=4258"}],"curies":[{"name":"wp","href":"https:\/\/api.w.org\/{rel}","templated":true}]}}