{"id":4260,"date":"2022-07-06T12:19:47","date_gmt":"2022-07-06T10:19:47","guid":{"rendered":"https:\/\/www.credimex.ch.mialias.net\/product\/enidine-stossdaempfer-serie-hi\/"},"modified":"2023-07-10T16:12:51","modified_gmt":"2023-07-10T14:12:51","slug":"enidine-stossdampfer-hi-serie","status":"publish","type":"product","link":"https:\/\/www.credimex.ch\/de\/produkt\/enidine-stossdampfer-hi-serie\/","title":{"rendered":"ENIDINE-Stossd\u00e4mpfer Serie HI"},"content":{"rendered":"<h2>Beschreibung<\/h2>\n<p>Die Stossd\u00e4mpfer der HI-Serie von ENIDINE sch\u00fctzen schwere Maschinen, Kr\u00e4ne und Ausr\u00fcstungen w\u00e4hrend des Materialtransfers und der Bef\u00f6rderung von Produkten sicher.<\/p>\n<p>Die grossvolumigen Puffer mit hohem Fassungsverm\u00f6gen sind individuell ausgelegt, um bewegte Lasten unter verschiedenen Bedingungen und in \u00dcbereinstimmung mit den von der Industrie vorgeschriebenen Sicherheitsstandards abzubremsen. Branchenerprobte Konstruktionstechnologien, gepaart mit der Erfahrung einer weltweit installierten Produktbasis, gew\u00e4hrleisten eine Leistung, die die Erwartungen der Kunden \u00fcbertrifft.<\/p>\n<h2>Produktvorteile<\/h2>\n<p>Vor der Herstellung von Puffern der HI-Serie werden computergest\u00fctzte Reaktionskurven erstellt, um die tats\u00e4chlichen Bedingungen zu modellieren, die Produktleistung zu \u00fcberpr\u00fcfen, die D\u00e4mpfungseigenschaften zu best\u00e4tigen und einzigartige, kundenspezifische Designs zu entwickeln, die mehrere Bedingungen oder spezifische D\u00e4mpfungsanforderungen erf\u00fcllen.<\/p>\n<p>Die Puffer der HI-Serie von ENIDINE verf\u00fcgen \u00fcber ein mit Stickstoff geladenes R\u00fccklaufsystem, das eine sanfte Abbremsung und einen positiven R\u00fccklauf in einem wartungsfreien Paket erm\u00f6glicht. Der \u00fcberdimensionierte Bohrungsbereich sorgt f\u00fcr eine optimale Energieabsorption und erh\u00f6hte interne Sicherheitsfaktoren. Die hochmodernen Pr\u00fcfeinrichtungen von ENIDINE gew\u00e4hrleisten die Integrit\u00e4t von Design und Produktleistung.<\/p>\n<h2>Anwendung<\/h2>\n<p>Typische Anwendungen sind die Steuerung von Br\u00fcckenkr\u00e4nen, Laufkatzenplattformen, Br\u00fcckenkr\u00e4nen, der Transfer von Grosscontainern und Sicherheitsstopps beim Transport.<\/p>\n","protected":false},"excerpt":{"rendered":"<p><strong> ENIDINE-Stossd\u00e4mpfer Serie HI <\/strong>sch\u00fctzen schwere Maschinen, Kr\u00e4ne und Ger\u00e4te w\u00e4hrend des Materialtransfers und des Transports von Produkten.<\/p>\n","protected":false},"featured_media":3335,"comment_status":"open","ping_status":"closed","template":"","meta":{"_acf_changed":false},"product_brand":[],"product_cat":[369,351,419,380,379,417,390,554,558,370,352,420,418,560,478],"product_tag":[],"class_list":{"0":"post-4260","1":"product","2":"type-product","3":"status-publish","4":"has-post-thumbnail","6":"product_cat-allgemeine-industrie","7":"product_cat-automobilindustrie","8":"product_cat-batterien","9":"product_cat-e-mobilitat","10":"product_cat-eisenbahn","11":"product_cat-elektronik","12":"product_cat-energie","13":"product_cat-energieabsorbierungen","14":"product_cat-enidine","15":"product_cat-lebensmittelindustrie","16":"product_cat-luft-und-raumfahrtindustrie","17":"product_cat-medizinal-industrie","18":"product_cat-seilbahnen","19":"product_cat-stossdampfer","20":"product_cat-uhrenherstellung","21":"pa_brands-enidin","23":"first","24":"instock","25":"shipping-taxable","26":"product-type-simple"},"acf":[],"_yoast_wpseo_focuskw":"Enidine-Stossd\u00e4mpfer Serie HI","_yoast_wpseo_metadesc":"Die Stossd\u00e4mpfer der HI-Serie von ENIDINE sch\u00fctzen schwere Maschinen, Kr\u00e4ne und Ausr\u00fcstungen w\u00e4hrend des Materialtransfers und der Bef\u00f6rderung von Produkten sicher.","yoast_head":"<!-- This site is optimized with the Yoast SEO Premium plugin v21.6 (Yoast SEO v27.4) - https:\/\/yoast.com\/product\/yoast-seo-premium-wordpress\/ -->\n<title>ENIDINE-Stossd\u00e4mpfer Serie HI - CREDIMEX<\/title>\n<meta name=\"description\" content=\"Die Stossd\u00e4mpfer der HI-Serie von ENIDINE sch\u00fctzen schwere Maschinen, Kr\u00e4ne und Ausr\u00fcstungen w\u00e4hrend des Materialtransfers und der Bef\u00f6rderung von Produkten sicher.\" \/>\n<meta name=\"robots\" content=\"index, follow, max-snippet:-1, max-image-preview:large, max-video-preview:-1\" \/>\n<link rel=\"canonical\" href=\"https:\/\/www.credimex.ch\/de\/produkt\/enidine-stossdampfer-hi-serie\/\" \/>\n<meta property=\"og:locale\" content=\"de_DE\" \/>\n<meta property=\"og:type\" content=\"article\" \/>\n<meta property=\"og:title\" content=\"ENIDINE-Stossd\u00e4mpfer Serie HI\" \/>\n<meta property=\"og:description\" content=\"Die Stossd\u00e4mpfer der HI-Serie von ENIDINE sch\u00fctzen schwere Maschinen, Kr\u00e4ne und Ausr\u00fcstungen w\u00e4hrend des Materialtransfers und der Bef\u00f6rderung von Produkten sicher.\" \/>\n<meta property=\"og:url\" content=\"https:\/\/www.credimex.ch\/de\/produkt\/enidine-stossdampfer-hi-serie\/\" \/>\n<meta property=\"og:site_name\" content=\"CREDIMEX\" \/>\n<meta property=\"article:publisher\" content=\"https:\/\/www.facebook.com\/credimex.alpnach\/\" \/>\n<meta property=\"article:modified_time\" content=\"2023-07-10T14:12:51+00:00\" \/>\n<meta property=\"og:image\" content=\"https:\/\/www.credimex.ch\/wp-content\/uploads\/2022\/07\/Enidine-Stossda\u0308mpfer-PMXT-Serie-1.png\" \/>\n\t<meta property=\"og:image:width\" content=\"800\" \/>\n\t<meta property=\"og:image:height\" content=\"800\" \/>\n\t<meta property=\"og:image:type\" content=\"image\/png\" \/>\n<meta name=\"twitter:card\" content=\"summary_large_image\" \/>\n<meta name=\"twitter:label1\" content=\"Gesch\u00e4tzte Lesezeit\" \/>\n\t<meta name=\"twitter:data1\" content=\"1\u00a0Minute\" \/>\n<script type=\"application\/ld+json\" class=\"yoast-schema-graph\">{\"@context\":\"https:\\\/\\\/schema.org\",\"@graph\":[{\"@type\":\"WebPage\",\"@id\":\"https:\\\/\\\/www.credimex.ch\\\/de\\\/produkt\\\/enidine-stossdampfer-hi-serie\\\/\",\"url\":\"https:\\\/\\\/www.credimex.ch\\\/de\\\/produkt\\\/enidine-stossdampfer-hi-serie\\\/\",\"name\":\"ENIDINE-Stossd\u00e4mpfer Serie HI - CREDIMEX\",\"isPartOf\":{\"@id\":\"https:\\\/\\\/www.credimex.ch\\\/de\\\/#website\"},\"primaryImageOfPage\":{\"@id\":\"https:\\\/\\\/www.credimex.ch\\\/de\\\/produkt\\\/enidine-stossdampfer-hi-serie\\\/#primaryimage\"},\"image\":{\"@id\":\"https:\\\/\\\/www.credimex.ch\\\/de\\\/produkt\\\/enidine-stossdampfer-hi-serie\\\/#primaryimage\"},\"thumbnailUrl\":\"https:\\\/\\\/www.credimex.ch\\\/wp-content\\\/uploads\\\/2022\\\/07\\\/Enidine-Stossda\u0308mpfer-PMXT-Serie-1.png\",\"datePublished\":\"2022-07-06T10:19:47+00:00\",\"dateModified\":\"2023-07-10T14:12:51+00:00\",\"description\":\"Die Stossd\u00e4mpfer der HI-Serie von ENIDINE sch\u00fctzen schwere Maschinen, Kr\u00e4ne und Ausr\u00fcstungen w\u00e4hrend des Materialtransfers und der Bef\u00f6rderung von Produkten sicher.\",\"breadcrumb\":{\"@id\":\"https:\\\/\\\/www.credimex.ch\\\/de\\\/produkt\\\/enidine-stossdampfer-hi-serie\\\/#breadcrumb\"},\"inLanguage\":\"de\",\"potentialAction\":[{\"@type\":\"ReadAction\",\"target\":[\"https:\\\/\\\/www.credimex.ch\\\/de\\\/produkt\\\/enidine-stossdampfer-hi-serie\\\/\"]}]},{\"@type\":\"ImageObject\",\"inLanguage\":\"de\",\"@id\":\"https:\\\/\\\/www.credimex.ch\\\/de\\\/produkt\\\/enidine-stossdampfer-hi-serie\\\/#primaryimage\",\"url\":\"https:\\\/\\\/www.credimex.ch\\\/wp-content\\\/uploads\\\/2022\\\/07\\\/Enidine-Stossda\u0308mpfer-PMXT-Serie-1.png\",\"contentUrl\":\"https:\\\/\\\/www.credimex.ch\\\/wp-content\\\/uploads\\\/2022\\\/07\\\/Enidine-Stossda\u0308mpfer-PMXT-Serie-1.png\",\"width\":800,\"height\":800},{\"@type\":\"BreadcrumbList\",\"@id\":\"https:\\\/\\\/www.credimex.ch\\\/de\\\/produkt\\\/enidine-stossdampfer-hi-serie\\\/#breadcrumb\",\"itemListElement\":[{\"@type\":\"ListItem\",\"position\":1,\"name\":\"Home\",\"item\":\"https:\\\/\\\/www.credimex.ch\\\/de\\\/\"},{\"@type\":\"ListItem\",\"position\":2,\"name\":\"Produkte\",\"item\":\"https:\\\/\\\/www.credimex.ch\\\/de\\\/produkte\\\/\"},{\"@type\":\"ListItem\",\"position\":3,\"name\":\"ENIDINE-Stossd\u00e4mpfer Serie HI\"}]},{\"@type\":\"WebSite\",\"@id\":\"https:\\\/\\\/www.credimex.ch\\\/de\\\/#website\",\"url\":\"https:\\\/\\\/www.credimex.ch\\\/de\\\/\",\"name\":\"CREDIMEX\",\"description\":\"Partner of Swiss Industrial Market\",\"publisher\":{\"@id\":\"https:\\\/\\\/www.credimex.ch\\\/de\\\/#organization\"},\"potentialAction\":[{\"@type\":\"SearchAction\",\"target\":{\"@type\":\"EntryPoint\",\"urlTemplate\":\"https:\\\/\\\/www.credimex.ch\\\/de\\\/?s={search_term_string}\"},\"query-input\":{\"@type\":\"PropertyValueSpecification\",\"valueRequired\":true,\"valueName\":\"search_term_string\"}}],\"inLanguage\":\"de\"},{\"@type\":\"Organization\",\"@id\":\"https:\\\/\\\/www.credimex.ch\\\/de\\\/#organization\",\"name\":\"credimex\",\"url\":\"https:\\\/\\\/www.credimex.ch\\\/de\\\/\",\"logo\":{\"@type\":\"ImageObject\",\"inLanguage\":\"de\",\"@id\":\"https:\\\/\\\/www.credimex.ch\\\/de\\\/#\\\/schema\\\/logo\\\/image\\\/\",\"url\":\"https:\\\/\\\/www.credimex.ch\\\/wp-content\\\/uploads\\\/2022\\\/03\\\/cropped-logo-credimex.png\",\"contentUrl\":\"https:\\\/\\\/www.credimex.ch\\\/wp-content\\\/uploads\\\/2022\\\/03\\\/cropped-logo-credimex.png\",\"width\":512,\"height\":512,\"caption\":\"credimex\"},\"image\":{\"@id\":\"https:\\\/\\\/www.credimex.ch\\\/de\\\/#\\\/schema\\\/logo\\\/image\\\/\"},\"sameAs\":[\"https:\\\/\\\/www.facebook.com\\\/credimex.alpnach\\\/\",\"https:\\\/\\\/www.linkedin.com\\\/company\\\/credimex\\\/\",\"https:\\\/\\\/www.youtube.com\\\/@CREDIMEX?sub_confirmation=1\"]}]}<\/script>\n<!-- \/ Yoast SEO Premium plugin. -->","yoast_head_json":{"title":"ENIDINE-Stossd\u00e4mpfer Serie HI - CREDIMEX","description":"Die Stossd\u00e4mpfer der HI-Serie von ENIDINE sch\u00fctzen schwere Maschinen, Kr\u00e4ne und Ausr\u00fcstungen w\u00e4hrend des Materialtransfers und der Bef\u00f6rderung von Produkten sicher.","robots":{"index":"index","follow":"follow","max-snippet":"max-snippet:-1","max-image-preview":"max-image-preview:large","max-video-preview":"max-video-preview:-1"},"canonical":"https:\/\/www.credimex.ch\/de\/produkt\/enidine-stossdampfer-hi-serie\/","og_locale":"de_DE","og_type":"article","og_title":"ENIDINE-Stossd\u00e4mpfer Serie HI","og_description":"Die Stossd\u00e4mpfer der HI-Serie von ENIDINE sch\u00fctzen schwere Maschinen, Kr\u00e4ne und Ausr\u00fcstungen w\u00e4hrend des Materialtransfers und der Bef\u00f6rderung von Produkten sicher.","og_url":"https:\/\/www.credimex.ch\/de\/produkt\/enidine-stossdampfer-hi-serie\/","og_site_name":"CREDIMEX","article_publisher":"https:\/\/www.facebook.com\/credimex.alpnach\/","article_modified_time":"2023-07-10T14:12:51+00:00","og_image":[{"width":800,"height":800,"url":"https:\/\/www.credimex.ch\/wp-content\/uploads\/2022\/07\/Enidine-Stossda\u0308mpfer-PMXT-Serie-1.png","type":"image\/png"}],"twitter_card":"summary_large_image","twitter_misc":{"Gesch\u00e4tzte Lesezeit":"1\u00a0Minute"},"schema":{"@context":"https:\/\/schema.org","@graph":[{"@type":"WebPage","@id":"https:\/\/www.credimex.ch\/de\/produkt\/enidine-stossdampfer-hi-serie\/","url":"https:\/\/www.credimex.ch\/de\/produkt\/enidine-stossdampfer-hi-serie\/","name":"ENIDINE-Stossd\u00e4mpfer Serie HI - CREDIMEX","isPartOf":{"@id":"https:\/\/www.credimex.ch\/de\/#website"},"primaryImageOfPage":{"@id":"https:\/\/www.credimex.ch\/de\/produkt\/enidine-stossdampfer-hi-serie\/#primaryimage"},"image":{"@id":"https:\/\/www.credimex.ch\/de\/produkt\/enidine-stossdampfer-hi-serie\/#primaryimage"},"thumbnailUrl":"https:\/\/www.credimex.ch\/wp-content\/uploads\/2022\/07\/Enidine-Stossda\u0308mpfer-PMXT-Serie-1.png","datePublished":"2022-07-06T10:19:47+00:00","dateModified":"2023-07-10T14:12:51+00:00","description":"Die Stossd\u00e4mpfer der HI-Serie von ENIDINE sch\u00fctzen schwere Maschinen, Kr\u00e4ne und Ausr\u00fcstungen w\u00e4hrend des Materialtransfers und der Bef\u00f6rderung von Produkten sicher.","breadcrumb":{"@id":"https:\/\/www.credimex.ch\/de\/produkt\/enidine-stossdampfer-hi-serie\/#breadcrumb"},"inLanguage":"de","potentialAction":[{"@type":"ReadAction","target":["https:\/\/www.credimex.ch\/de\/produkt\/enidine-stossdampfer-hi-serie\/"]}]},{"@type":"ImageObject","inLanguage":"de","@id":"https:\/\/www.credimex.ch\/de\/produkt\/enidine-stossdampfer-hi-serie\/#primaryimage","url":"https:\/\/www.credimex.ch\/wp-content\/uploads\/2022\/07\/Enidine-Stossda\u0308mpfer-PMXT-Serie-1.png","contentUrl":"https:\/\/www.credimex.ch\/wp-content\/uploads\/2022\/07\/Enidine-Stossda\u0308mpfer-PMXT-Serie-1.png","width":800,"height":800},{"@type":"BreadcrumbList","@id":"https:\/\/www.credimex.ch\/de\/produkt\/enidine-stossdampfer-hi-serie\/#breadcrumb","itemListElement":[{"@type":"ListItem","position":1,"name":"Home","item":"https:\/\/www.credimex.ch\/de\/"},{"@type":"ListItem","position":2,"name":"Produkte","item":"https:\/\/www.credimex.ch\/de\/produkte\/"},{"@type":"ListItem","position":3,"name":"ENIDINE-Stossd\u00e4mpfer Serie HI"}]},{"@type":"WebSite","@id":"https:\/\/www.credimex.ch\/de\/#website","url":"https:\/\/www.credimex.ch\/de\/","name":"CREDIMEX","description":"Partner of Swiss Industrial Market","publisher":{"@id":"https:\/\/www.credimex.ch\/de\/#organization"},"potentialAction":[{"@type":"SearchAction","target":{"@type":"EntryPoint","urlTemplate":"https:\/\/www.credimex.ch\/de\/?s={search_term_string}"},"query-input":{"@type":"PropertyValueSpecification","valueRequired":true,"valueName":"search_term_string"}}],"inLanguage":"de"},{"@type":"Organization","@id":"https:\/\/www.credimex.ch\/de\/#organization","name":"credimex","url":"https:\/\/www.credimex.ch\/de\/","logo":{"@type":"ImageObject","inLanguage":"de","@id":"https:\/\/www.credimex.ch\/de\/#\/schema\/logo\/image\/","url":"https:\/\/www.credimex.ch\/wp-content\/uploads\/2022\/03\/cropped-logo-credimex.png","contentUrl":"https:\/\/www.credimex.ch\/wp-content\/uploads\/2022\/03\/cropped-logo-credimex.png","width":512,"height":512,"caption":"credimex"},"image":{"@id":"https:\/\/www.credimex.ch\/de\/#\/schema\/logo\/image\/"},"sameAs":["https:\/\/www.facebook.com\/credimex.alpnach\/","https:\/\/www.linkedin.com\/company\/credimex\/","https:\/\/www.youtube.com\/@CREDIMEX?sub_confirmation=1"]}]}},"_links":{"self":[{"href":"https:\/\/www.credimex.ch\/de\/wp-json\/wp\/v2\/product\/4260","targetHints":{"allow":["GET"]}}],"collection":[{"href":"https:\/\/www.credimex.ch\/de\/wp-json\/wp\/v2\/product"}],"about":[{"href":"https:\/\/www.credimex.ch\/de\/wp-json\/wp\/v2\/types\/product"}],"replies":[{"embeddable":true,"href":"https:\/\/www.credimex.ch\/de\/wp-json\/wp\/v2\/comments?post=4260"}],"wp:featuredmedia":[{"embeddable":true,"href":"https:\/\/www.credimex.ch\/de\/wp-json\/wp\/v2\/media\/3335"}],"wp:attachment":[{"href":"https:\/\/www.credimex.ch\/de\/wp-json\/wp\/v2\/media?parent=4260"}],"wp:term":[{"taxonomy":"product_brand","embeddable":true,"href":"https:\/\/www.credimex.ch\/de\/wp-json\/wp\/v2\/product_brand?post=4260"},{"taxonomy":"product_cat","embeddable":true,"href":"https:\/\/www.credimex.ch\/de\/wp-json\/wp\/v2\/product_cat?post=4260"},{"taxonomy":"product_tag","embeddable":true,"href":"https:\/\/www.credimex.ch\/de\/wp-json\/wp\/v2\/product_tag?post=4260"}],"curies":[{"name":"wp","href":"https:\/\/api.w.org\/{rel}","templated":true}]}}