{"id":4262,"date":"2022-07-06T12:13:44","date_gmt":"2022-07-06T10:13:44","guid":{"rendered":"https:\/\/www.credimex.ch.mialias.net\/product\/enidine-stossdaempfer-serie-hdn-hda\/"},"modified":"2023-05-29T12:53:38","modified_gmt":"2023-05-29T10:53:38","slug":"enidine-stossdampfer-hdn-hda-serie","status":"publish","type":"product","link":"https:\/\/www.credimex.ch\/de\/produkt\/enidine-stossdampfer-hdn-hda-serie\/","title":{"rendered":"Enidine-Stossd\u00e4mpfer Serie HDN\/HDA"},"content":{"rendered":"<h2>Beschreibung<\/h2>\n<p>Die Enidine-Stossd\u00e4mpfer der HDN\/HDA-Serie f\u00fcr schwere Industrieanwendungen werden mit einer Vielzahl von optionalen Konfigurationen angeboten, darunter Faltenb\u00e4lge, Gabelkopfbefestigungen und Sicherheitskabel. Standardm\u00e4ssig einstellbare oder kundenspezifische, nicht einstellbare Modelle sind ebenso erh\u00e4ltlich wie optionale Fl\u00fcssigkeits- und Dichtungspakete zur Erweiterung des Standardbetriebstemperaturbereichs von (15\u00ba F bis 140\u00ba F) auf (-40\u00ba F bis 210\u00ba F). F\u00fcr eine einfache Wartung sind alle Gr\u00f6ssen der hydraulischen Schwerlast-Stossd\u00e4mpfer von ITT Enidine Inc. vollst\u00e4ndig vor Ort reparierbar. Diese Produkte bieten auch Kolbenstangenverl\u00e4ngerungs-Sensorsysteme f\u00fcr Sicherheitsanforderungen bei der Wiederverwendung.<\/p>\n<p><img fetchpriority=\"high\" decoding=\"async\" class=\"alignnone size-full wp-image-1365\" src=\"https:\/\/www.credimex.ch\/wp-content\/uploads\/2022\/07\/HDN2.webp\" alt=\"\" width=\"567\" height=\"252\" srcset=\"https:\/\/www.credimex.ch\/wp-content\/uploads\/2022\/07\/HDN2.webp 567w, https:\/\/www.credimex.ch\/wp-content\/uploads\/2022\/07\/HDN2-300x133.webp 300w\" sizes=\"(max-width: 567px) 100vw, 567px\" \/><\/p>\n<h2>Produktvorteile<\/h2>\n<p>Diese Stossd\u00e4mpfer verf\u00fcgen \u00fcber ein spezielles kompaktes Design und bremsen Lasten mit einer hohen Energiekapazit\u00e4t von bis zu 8 Millionen in-lbs sanft und sicher ab. pro Zyklus. Diese Modelle sind mit einem internen, luftgef\u00fcllten Blasenspeicher ausgestattet, der die mechanischen R\u00fcckholfedern ersetzt und eine k\u00fcrzere Gesamtl\u00e4nge und ein geringeres Gewicht erm\u00f6glicht. Die verzinkten Aussenkomponenten bieten einen verbesserten Korrosionsschutz, w\u00e4hrend f\u00fcr den Einsatz in stark korrosiven Umgebungen eine Epoxidlackierung und spezielle Stangenmaterialien erh\u00e4ltlich sind. Alle hydraulischen Schwerlast-Stossd\u00e4mpfer von Enidine entsprechen den OSHA-, AISE-, CMMA- und anderen Sicherheitsvorschriften wie DIN und FEM.<\/p>\n<h2>Anwendung<\/h2>\n<p>Enidines HD\/HDN-Serie von Schwerlast-Stossd\u00e4mpfern sch\u00fctzt Ger\u00e4te vor grossen St\u00f6ssen in Anwendungen wie automatischen Lager- und Bereitstellungssystemen sowie Br\u00fccken- und Laufkranen. Sie sind in einer Vielzahl von Hubl\u00e4ngen und D\u00e4mpfungseigenschaften erh\u00e4ltlich, um die Lebensdauer der Ger\u00e4te zu erh\u00f6hen und strenge Verz\u00f6gerungsanforderungen zu erf\u00fcllen.<\/p>\n","protected":false},"excerpt":{"rendered":"<p>Die <strong>Enidine-Stossd\u00e4mpfer der HDN\/HDA-Serie<\/strong> f\u00fcr schwere Industrieanwendungen werden mit einer Vielzahl von optionalen Konfigurationen angeboten, darunter Faltenb\u00e4lge, Gabelkopfbefestigungen und Sicherheitskabel.<\/p>\n","protected":false},"featured_media":3331,"comment_status":"open","ping_status":"closed","template":"","meta":{"_acf_changed":false},"product_brand":[],"product_cat":[369,351,419,380,379,417,390,554,558,370,352,420,418,560,478],"product_tag":[],"class_list":{"0":"post-4262","1":"product","2":"type-product","3":"status-publish","4":"has-post-thumbnail","6":"product_cat-allgemeine-industrie","7":"product_cat-automobilindustrie","8":"product_cat-batterien","9":"product_cat-e-mobilitat","10":"product_cat-eisenbahn","11":"product_cat-elektronik","12":"product_cat-energie","13":"product_cat-energieabsorbierungen","14":"product_cat-enidine","15":"product_cat-lebensmittelindustrie","16":"product_cat-luft-und-raumfahrtindustrie","17":"product_cat-medizinal-industrie","18":"product_cat-seilbahnen","19":"product_cat-stossdampfer","20":"product_cat-uhrenherstellung","21":"pa_brands-enidin","23":"first","24":"instock","25":"shipping-taxable","26":"product-type-simple"},"acf":[],"_yoast_wpseo_focuskw":"Enidine-Stossd\u00e4mpfer Serie HDN\/HDA","_yoast_wpseo_metadesc":"Enidine-Stossd\u00e4mpfer Die HDN\/HDA-Serie der Schwerlast-Stossd\u00e4mpfer f\u00fcr die Industrie wird mit einer Vielzahl von optionalen Konfigurationen angeboten.","yoast_head":"<!-- This site is optimized with the Yoast SEO Premium plugin v21.6 (Yoast SEO v27.4) - https:\/\/yoast.com\/product\/yoast-seo-premium-wordpress\/ -->\n<title>Enidine-Stossd\u00e4mpfer Serie HDN\/HDA - CREDIMEX<\/title>\n<meta name=\"description\" content=\"Enidine-Stossd\u00e4mpfer Die HDN\/HDA-Serie der Schwerlast-Stossd\u00e4mpfer f\u00fcr die Industrie wird mit einer Vielzahl von optionalen Konfigurationen angeboten.\" \/>\n<meta name=\"robots\" content=\"index, follow, max-snippet:-1, max-image-preview:large, max-video-preview:-1\" \/>\n<link rel=\"canonical\" href=\"https:\/\/www.credimex.ch\/de\/produkt\/enidine-stossdampfer-hdn-hda-serie\/\" \/>\n<meta property=\"og:locale\" content=\"de_DE\" \/>\n<meta property=\"og:type\" content=\"article\" \/>\n<meta property=\"og:title\" content=\"Enidine-Stossd\u00e4mpfer Serie HDN\/HDA\" \/>\n<meta property=\"og:description\" content=\"Enidine-Stossd\u00e4mpfer Die HDN\/HDA-Serie der Schwerlast-Stossd\u00e4mpfer f\u00fcr die Industrie wird mit einer Vielzahl von optionalen Konfigurationen angeboten.\" \/>\n<meta property=\"og:url\" content=\"https:\/\/www.credimex.ch\/de\/produkt\/enidine-stossdampfer-hdn-hda-serie\/\" \/>\n<meta property=\"og:site_name\" content=\"CREDIMEX\" \/>\n<meta property=\"article:publisher\" content=\"https:\/\/www.facebook.com\/credimex.alpnach\/\" \/>\n<meta property=\"article:modified_time\" content=\"2023-05-29T10:53:38+00:00\" \/>\n<meta property=\"og:image\" content=\"https:\/\/www.credimex.ch\/wp-content\/uploads\/2022\/07\/HD-Group-06.webp\" \/>\n\t<meta property=\"og:image:width\" content=\"300\" \/>\n\t<meta property=\"og:image:height\" content=\"206\" \/>\n\t<meta property=\"og:image:type\" content=\"image\/webp\" \/>\n<meta name=\"twitter:card\" content=\"summary_large_image\" \/>\n<meta name=\"twitter:label1\" content=\"Gesch\u00e4tzte Lesezeit\" \/>\n\t<meta name=\"twitter:data1\" content=\"2\u00a0Minuten\" \/>\n<script type=\"application\/ld+json\" class=\"yoast-schema-graph\">{\"@context\":\"https:\\\/\\\/schema.org\",\"@graph\":[{\"@type\":\"WebPage\",\"@id\":\"https:\\\/\\\/www.credimex.ch\\\/de\\\/produkt\\\/enidine-stossdampfer-hdn-hda-serie\\\/\",\"url\":\"https:\\\/\\\/www.credimex.ch\\\/de\\\/produkt\\\/enidine-stossdampfer-hdn-hda-serie\\\/\",\"name\":\"Enidine-Stossd\u00e4mpfer Serie HDN\\\/HDA - CREDIMEX\",\"isPartOf\":{\"@id\":\"https:\\\/\\\/www.credimex.ch\\\/de\\\/#website\"},\"primaryImageOfPage\":{\"@id\":\"https:\\\/\\\/www.credimex.ch\\\/de\\\/produkt\\\/enidine-stossdampfer-hdn-hda-serie\\\/#primaryimage\"},\"image\":{\"@id\":\"https:\\\/\\\/www.credimex.ch\\\/de\\\/produkt\\\/enidine-stossdampfer-hdn-hda-serie\\\/#primaryimage\"},\"thumbnailUrl\":\"https:\\\/\\\/www.credimex.ch\\\/wp-content\\\/uploads\\\/2022\\\/07\\\/HD-Group-06.webp\",\"datePublished\":\"2022-07-06T10:13:44+00:00\",\"dateModified\":\"2023-05-29T10:53:38+00:00\",\"description\":\"Enidine-Stossd\u00e4mpfer Die HDN\\\/HDA-Serie der Schwerlast-Stossd\u00e4mpfer f\u00fcr die Industrie wird mit einer Vielzahl von optionalen Konfigurationen angeboten.\",\"breadcrumb\":{\"@id\":\"https:\\\/\\\/www.credimex.ch\\\/de\\\/produkt\\\/enidine-stossdampfer-hdn-hda-serie\\\/#breadcrumb\"},\"inLanguage\":\"de\",\"potentialAction\":[{\"@type\":\"ReadAction\",\"target\":[\"https:\\\/\\\/www.credimex.ch\\\/de\\\/produkt\\\/enidine-stossdampfer-hdn-hda-serie\\\/\"]}]},{\"@type\":\"ImageObject\",\"inLanguage\":\"de\",\"@id\":\"https:\\\/\\\/www.credimex.ch\\\/de\\\/produkt\\\/enidine-stossdampfer-hdn-hda-serie\\\/#primaryimage\",\"url\":\"https:\\\/\\\/www.credimex.ch\\\/wp-content\\\/uploads\\\/2022\\\/07\\\/HD-Group-06.webp\",\"contentUrl\":\"https:\\\/\\\/www.credimex.ch\\\/wp-content\\\/uploads\\\/2022\\\/07\\\/HD-Group-06.webp\",\"width\":300,\"height\":206},{\"@type\":\"BreadcrumbList\",\"@id\":\"https:\\\/\\\/www.credimex.ch\\\/de\\\/produkt\\\/enidine-stossdampfer-hdn-hda-serie\\\/#breadcrumb\",\"itemListElement\":[{\"@type\":\"ListItem\",\"position\":1,\"name\":\"Home\",\"item\":\"https:\\\/\\\/www.credimex.ch\\\/de\\\/\"},{\"@type\":\"ListItem\",\"position\":2,\"name\":\"Produkte\",\"item\":\"https:\\\/\\\/www.credimex.ch\\\/de\\\/produkte\\\/\"},{\"@type\":\"ListItem\",\"position\":3,\"name\":\"Enidine-Stossd\u00e4mpfer Serie HDN\\\/HDA\"}]},{\"@type\":\"WebSite\",\"@id\":\"https:\\\/\\\/www.credimex.ch\\\/de\\\/#website\",\"url\":\"https:\\\/\\\/www.credimex.ch\\\/de\\\/\",\"name\":\"CREDIMEX\",\"description\":\"Partner of Swiss Industrial Market\",\"publisher\":{\"@id\":\"https:\\\/\\\/www.credimex.ch\\\/de\\\/#organization\"},\"potentialAction\":[{\"@type\":\"SearchAction\",\"target\":{\"@type\":\"EntryPoint\",\"urlTemplate\":\"https:\\\/\\\/www.credimex.ch\\\/de\\\/?s={search_term_string}\"},\"query-input\":{\"@type\":\"PropertyValueSpecification\",\"valueRequired\":true,\"valueName\":\"search_term_string\"}}],\"inLanguage\":\"de\"},{\"@type\":\"Organization\",\"@id\":\"https:\\\/\\\/www.credimex.ch\\\/de\\\/#organization\",\"name\":\"credimex\",\"url\":\"https:\\\/\\\/www.credimex.ch\\\/de\\\/\",\"logo\":{\"@type\":\"ImageObject\",\"inLanguage\":\"de\",\"@id\":\"https:\\\/\\\/www.credimex.ch\\\/de\\\/#\\\/schema\\\/logo\\\/image\\\/\",\"url\":\"https:\\\/\\\/www.credimex.ch\\\/wp-content\\\/uploads\\\/2022\\\/03\\\/cropped-logo-credimex.png\",\"contentUrl\":\"https:\\\/\\\/www.credimex.ch\\\/wp-content\\\/uploads\\\/2022\\\/03\\\/cropped-logo-credimex.png\",\"width\":512,\"height\":512,\"caption\":\"credimex\"},\"image\":{\"@id\":\"https:\\\/\\\/www.credimex.ch\\\/de\\\/#\\\/schema\\\/logo\\\/image\\\/\"},\"sameAs\":[\"https:\\\/\\\/www.facebook.com\\\/credimex.alpnach\\\/\",\"https:\\\/\\\/www.linkedin.com\\\/company\\\/credimex\\\/\",\"https:\\\/\\\/www.youtube.com\\\/@CREDIMEX?sub_confirmation=1\"]}]}<\/script>\n<!-- \/ Yoast SEO Premium plugin. -->","yoast_head_json":{"title":"Enidine-Stossd\u00e4mpfer Serie HDN\/HDA - CREDIMEX","description":"Enidine-Stossd\u00e4mpfer Die HDN\/HDA-Serie der Schwerlast-Stossd\u00e4mpfer f\u00fcr die Industrie wird mit einer Vielzahl von optionalen Konfigurationen angeboten.","robots":{"index":"index","follow":"follow","max-snippet":"max-snippet:-1","max-image-preview":"max-image-preview:large","max-video-preview":"max-video-preview:-1"},"canonical":"https:\/\/www.credimex.ch\/de\/produkt\/enidine-stossdampfer-hdn-hda-serie\/","og_locale":"de_DE","og_type":"article","og_title":"Enidine-Stossd\u00e4mpfer Serie HDN\/HDA","og_description":"Enidine-Stossd\u00e4mpfer Die HDN\/HDA-Serie der Schwerlast-Stossd\u00e4mpfer f\u00fcr die Industrie wird mit einer Vielzahl von optionalen Konfigurationen angeboten.","og_url":"https:\/\/www.credimex.ch\/de\/produkt\/enidine-stossdampfer-hdn-hda-serie\/","og_site_name":"CREDIMEX","article_publisher":"https:\/\/www.facebook.com\/credimex.alpnach\/","article_modified_time":"2023-05-29T10:53:38+00:00","og_image":[{"width":300,"height":206,"url":"https:\/\/www.credimex.ch\/wp-content\/uploads\/2022\/07\/HD-Group-06.webp","type":"image\/webp"}],"twitter_card":"summary_large_image","twitter_misc":{"Gesch\u00e4tzte Lesezeit":"2\u00a0Minuten"},"schema":{"@context":"https:\/\/schema.org","@graph":[{"@type":"WebPage","@id":"https:\/\/www.credimex.ch\/de\/produkt\/enidine-stossdampfer-hdn-hda-serie\/","url":"https:\/\/www.credimex.ch\/de\/produkt\/enidine-stossdampfer-hdn-hda-serie\/","name":"Enidine-Stossd\u00e4mpfer Serie HDN\/HDA - CREDIMEX","isPartOf":{"@id":"https:\/\/www.credimex.ch\/de\/#website"},"primaryImageOfPage":{"@id":"https:\/\/www.credimex.ch\/de\/produkt\/enidine-stossdampfer-hdn-hda-serie\/#primaryimage"},"image":{"@id":"https:\/\/www.credimex.ch\/de\/produkt\/enidine-stossdampfer-hdn-hda-serie\/#primaryimage"},"thumbnailUrl":"https:\/\/www.credimex.ch\/wp-content\/uploads\/2022\/07\/HD-Group-06.webp","datePublished":"2022-07-06T10:13:44+00:00","dateModified":"2023-05-29T10:53:38+00:00","description":"Enidine-Stossd\u00e4mpfer Die HDN\/HDA-Serie der Schwerlast-Stossd\u00e4mpfer f\u00fcr die Industrie wird mit einer Vielzahl von optionalen Konfigurationen angeboten.","breadcrumb":{"@id":"https:\/\/www.credimex.ch\/de\/produkt\/enidine-stossdampfer-hdn-hda-serie\/#breadcrumb"},"inLanguage":"de","potentialAction":[{"@type":"ReadAction","target":["https:\/\/www.credimex.ch\/de\/produkt\/enidine-stossdampfer-hdn-hda-serie\/"]}]},{"@type":"ImageObject","inLanguage":"de","@id":"https:\/\/www.credimex.ch\/de\/produkt\/enidine-stossdampfer-hdn-hda-serie\/#primaryimage","url":"https:\/\/www.credimex.ch\/wp-content\/uploads\/2022\/07\/HD-Group-06.webp","contentUrl":"https:\/\/www.credimex.ch\/wp-content\/uploads\/2022\/07\/HD-Group-06.webp","width":300,"height":206},{"@type":"BreadcrumbList","@id":"https:\/\/www.credimex.ch\/de\/produkt\/enidine-stossdampfer-hdn-hda-serie\/#breadcrumb","itemListElement":[{"@type":"ListItem","position":1,"name":"Home","item":"https:\/\/www.credimex.ch\/de\/"},{"@type":"ListItem","position":2,"name":"Produkte","item":"https:\/\/www.credimex.ch\/de\/produkte\/"},{"@type":"ListItem","position":3,"name":"Enidine-Stossd\u00e4mpfer Serie HDN\/HDA"}]},{"@type":"WebSite","@id":"https:\/\/www.credimex.ch\/de\/#website","url":"https:\/\/www.credimex.ch\/de\/","name":"CREDIMEX","description":"Partner of Swiss Industrial Market","publisher":{"@id":"https:\/\/www.credimex.ch\/de\/#organization"},"potentialAction":[{"@type":"SearchAction","target":{"@type":"EntryPoint","urlTemplate":"https:\/\/www.credimex.ch\/de\/?s={search_term_string}"},"query-input":{"@type":"PropertyValueSpecification","valueRequired":true,"valueName":"search_term_string"}}],"inLanguage":"de"},{"@type":"Organization","@id":"https:\/\/www.credimex.ch\/de\/#organization","name":"credimex","url":"https:\/\/www.credimex.ch\/de\/","logo":{"@type":"ImageObject","inLanguage":"de","@id":"https:\/\/www.credimex.ch\/de\/#\/schema\/logo\/image\/","url":"https:\/\/www.credimex.ch\/wp-content\/uploads\/2022\/03\/cropped-logo-credimex.png","contentUrl":"https:\/\/www.credimex.ch\/wp-content\/uploads\/2022\/03\/cropped-logo-credimex.png","width":512,"height":512,"caption":"credimex"},"image":{"@id":"https:\/\/www.credimex.ch\/de\/#\/schema\/logo\/image\/"},"sameAs":["https:\/\/www.facebook.com\/credimex.alpnach\/","https:\/\/www.linkedin.com\/company\/credimex\/","https:\/\/www.youtube.com\/@CREDIMEX?sub_confirmation=1"]}]}},"_links":{"self":[{"href":"https:\/\/www.credimex.ch\/de\/wp-json\/wp\/v2\/product\/4262","targetHints":{"allow":["GET"]}}],"collection":[{"href":"https:\/\/www.credimex.ch\/de\/wp-json\/wp\/v2\/product"}],"about":[{"href":"https:\/\/www.credimex.ch\/de\/wp-json\/wp\/v2\/types\/product"}],"replies":[{"embeddable":true,"href":"https:\/\/www.credimex.ch\/de\/wp-json\/wp\/v2\/comments?post=4262"}],"wp:featuredmedia":[{"embeddable":true,"href":"https:\/\/www.credimex.ch\/de\/wp-json\/wp\/v2\/media\/3331"}],"wp:attachment":[{"href":"https:\/\/www.credimex.ch\/de\/wp-json\/wp\/v2\/media?parent=4262"}],"wp:term":[{"taxonomy":"product_brand","embeddable":true,"href":"https:\/\/www.credimex.ch\/de\/wp-json\/wp\/v2\/product_brand?post=4262"},{"taxonomy":"product_cat","embeddable":true,"href":"https:\/\/www.credimex.ch\/de\/wp-json\/wp\/v2\/product_cat?post=4262"},{"taxonomy":"product_tag","embeddable":true,"href":"https:\/\/www.credimex.ch\/de\/wp-json\/wp\/v2\/product_tag?post=4262"}],"curies":[{"name":"wp","href":"https:\/\/api.w.org\/{rel}","templated":true}]}}