{"id":4264,"date":"2022-07-06T12:01:52","date_gmt":"2022-07-06T10:01:52","guid":{"rendered":"https:\/\/www.credimex.ch.mialias.net\/product\/enidine-stossdaempfer-serie-pmxt\/"},"modified":"2023-07-10T16:15:34","modified_gmt":"2023-07-10T14:15:34","slug":"enidine-stossdampfer-pmxt-serie","status":"publish","type":"product","link":"https:\/\/www.credimex.ch\/de\/produkt\/enidine-stossdampfer-pmxt-serie\/","title":{"rendered":"ENIDINE-Stossd\u00e4mpfer Serie PMXT"},"content":{"rendered":"<h2>Beschreibung<\/h2>\n<p>ENIDINE-Stossd\u00e4mpfer der PMXT-Serie sind feststehende hydraulische Stossd\u00e4mpfer, die eine gleichm\u00e4ssige D\u00e4mpfungscharakteristik bieten, da sie nicht von aussen verstellt werden k\u00f6nnen. Durch ihre kompakte Bauweise sind diese festen Stossd\u00e4mpfer f\u00fcr entsprechende maximale Energien kompakt ausgelegt.<\/p>\n<p>Die PMXT-Serie ist selbstkompensierend, so dass eine Vielzahl von Betriebsbedingungen mit unterschiedlichen Massen und Antriebskr\u00e4ften abgedeckt werden kann. Selbstverst\u00e4ndlich verf\u00fcgt diese Serie \u00fcber eine korrosionsgesch\u00fctzte, vernickelte Oberfl\u00e4che und tr\u00e4gt damit zu einer verbesserten Lebensdauer bei.<\/p>\n<h2>Produktvorteile<\/h2>\n<ul>\n<li>Eine breite Produktpalette bietet hohe Flexibilit\u00e4t in Bezug auf Gr\u00f6sse und Energieaufnahmekapazit\u00e4t.<\/li>\n<li>Spezielle Materialien und Oberfl\u00e4chenbehandlungen sind verf\u00fcgbar, um kundenspezifische Anforderungen zu erf\u00fcllen. kundenspezifische Anforderungen.<\/li>\n<li>Eine Vielzahl von \u00d6len und Dichtungen ist erh\u00e4ltlich, um den Betriebstemperaturbereich von -10\u00b0C bis 80\u00b0C auf -30\u00b0C bis 100\u00b0C zu erweitern.<\/li>\n<li>Zylinder mit Aussengewinde bieten eine Vielzahl von Befestigungsm\u00f6glichkeiten und eine gr\u00f6ssere W\u00e4rmeabgabefl\u00e4che f\u00fcr eine bessere W\u00e4rmeabgabe.<\/li>\n<li>L\u00e4ngere Lebensdauer, h\u00f6here Energieabsorption, vernickelte korrosionsbest\u00e4ndige Oberfl\u00e4che, verbessertes \u00e4sthetisches Design.<\/li>\n<li>Strenge Qualit\u00e4tsvorschriften sichern das gleichbleibend hohe Qualit\u00e4tsniveau unserer Produkte.<\/li>\n<\/ul>\n<h2>Anwendung<\/h2>\n<p>Mit dieser Serie kann ein breites Spektrum an unterschiedlichen Betriebsbedingungen abgedeckt werden, einschliesslich Anwendungen in der Automobil-, Lebensmittel-, Medizin-, Energie-, Luft- und Raumfahrt- sowie Elektronikindustrie.<\/p>\n","protected":false},"excerpt":{"rendered":"<p>Die <strong>ENIDINE-Stossd\u00e4mpfer der PMXT-Serie<\/strong> sind selbstkompensierend, so dass eine Vielzahl von Betriebsbedingungen mit unterschiedlichen Massen und Antriebskr\u00e4ften abgedeckt werden kann.<\/p>\n","protected":false},"featured_media":3329,"comment_status":"open","ping_status":"closed","template":"","meta":{"_acf_changed":false},"product_brand":[],"product_cat":[369,351,419,380,379,417,390,554,558,370,352,420,418,560,478],"product_tag":[],"class_list":{"0":"post-4264","1":"product","2":"type-product","3":"status-publish","4":"has-post-thumbnail","6":"product_cat-allgemeine-industrie","7":"product_cat-automobilindustrie","8":"product_cat-batterien","9":"product_cat-e-mobilitat","10":"product_cat-eisenbahn","11":"product_cat-elektronik","12":"product_cat-energie","13":"product_cat-energieabsorbierungen","14":"product_cat-enidine","15":"product_cat-lebensmittelindustrie","16":"product_cat-luft-und-raumfahrtindustrie","17":"product_cat-medizinal-industrie","18":"product_cat-seilbahnen","19":"product_cat-stossdampfer","20":"product_cat-uhrenherstellung","21":"pa_brands-enidin","23":"first","24":"instock","25":"shipping-taxable","26":"product-type-simple"},"acf":[],"_yoast_wpseo_focuskw":"Enidine-Stossd\u00e4mpfer Serie PMXT","_yoast_wpseo_metadesc":"Die ENIDINE-Stossd\u00e4mpfer der PMXT-Serie sind feste hydraulische Stossd\u00e4mpfer, die gleichm\u00e4ssige D\u00e4mpfungseigenschaften bieten.","yoast_head":"<!-- This site is optimized with the Yoast SEO Premium plugin v21.6 (Yoast SEO v27.4) - https:\/\/yoast.com\/product\/yoast-seo-premium-wordpress\/ -->\n<title>ENIDINE-Stossd\u00e4mpfer Serie PMXT - CREDIMEX<\/title>\n<meta name=\"description\" content=\"Die ENIDINE-Stossd\u00e4mpfer der PMXT-Serie sind feste hydraulische Stossd\u00e4mpfer, die gleichm\u00e4ssige D\u00e4mpfungseigenschaften bieten.\" \/>\n<meta name=\"robots\" content=\"index, follow, max-snippet:-1, max-image-preview:large, max-video-preview:-1\" \/>\n<link rel=\"canonical\" href=\"https:\/\/www.credimex.ch\/de\/produkt\/enidine-stossdampfer-pmxt-serie\/\" \/>\n<meta property=\"og:locale\" content=\"de_DE\" \/>\n<meta property=\"og:type\" content=\"article\" \/>\n<meta property=\"og:title\" content=\"ENIDINE-Stossd\u00e4mpfer Serie PMXT\" \/>\n<meta property=\"og:description\" content=\"Die ENIDINE-Stossd\u00e4mpfer der PMXT-Serie sind feste hydraulische Stossd\u00e4mpfer, die gleichm\u00e4ssige D\u00e4mpfungseigenschaften bieten.\" \/>\n<meta property=\"og:url\" content=\"https:\/\/www.credimex.ch\/de\/produkt\/enidine-stossdampfer-pmxt-serie\/\" \/>\n<meta property=\"og:site_name\" content=\"CREDIMEX\" \/>\n<meta property=\"article:publisher\" content=\"https:\/\/www.facebook.com\/credimex.alpnach\/\" \/>\n<meta property=\"article:modified_time\" content=\"2023-07-10T14:15:34+00:00\" \/>\n<meta property=\"og:image\" content=\"https:\/\/www.credimex.ch\/wp-content\/uploads\/2022\/07\/Enidine-Stossda\u0308mpfer-PMXT-Serie.png\" \/>\n\t<meta property=\"og:image:width\" content=\"800\" \/>\n\t<meta property=\"og:image:height\" content=\"800\" \/>\n\t<meta property=\"og:image:type\" content=\"image\/png\" \/>\n<meta name=\"twitter:card\" content=\"summary_large_image\" \/>\n<meta name=\"twitter:label1\" content=\"Gesch\u00e4tzte Lesezeit\" \/>\n\t<meta name=\"twitter:data1\" content=\"1\u00a0Minute\" \/>\n<script type=\"application\/ld+json\" class=\"yoast-schema-graph\">{\"@context\":\"https:\\\/\\\/schema.org\",\"@graph\":[{\"@type\":\"WebPage\",\"@id\":\"https:\\\/\\\/www.credimex.ch\\\/de\\\/produkt\\\/enidine-stossdampfer-pmxt-serie\\\/\",\"url\":\"https:\\\/\\\/www.credimex.ch\\\/de\\\/produkt\\\/enidine-stossdampfer-pmxt-serie\\\/\",\"name\":\"ENIDINE-Stossd\u00e4mpfer Serie PMXT - CREDIMEX\",\"isPartOf\":{\"@id\":\"https:\\\/\\\/www.credimex.ch\\\/de\\\/#website\"},\"primaryImageOfPage\":{\"@id\":\"https:\\\/\\\/www.credimex.ch\\\/de\\\/produkt\\\/enidine-stossdampfer-pmxt-serie\\\/#primaryimage\"},\"image\":{\"@id\":\"https:\\\/\\\/www.credimex.ch\\\/de\\\/produkt\\\/enidine-stossdampfer-pmxt-serie\\\/#primaryimage\"},\"thumbnailUrl\":\"https:\\\/\\\/www.credimex.ch\\\/wp-content\\\/uploads\\\/2022\\\/07\\\/Enidine-Stossda\u0308mpfer-PMXT-Serie.png\",\"datePublished\":\"2022-07-06T10:01:52+00:00\",\"dateModified\":\"2023-07-10T14:15:34+00:00\",\"description\":\"Die ENIDINE-Stossd\u00e4mpfer der PMXT-Serie sind feste hydraulische Stossd\u00e4mpfer, die gleichm\u00e4ssige D\u00e4mpfungseigenschaften bieten.\",\"breadcrumb\":{\"@id\":\"https:\\\/\\\/www.credimex.ch\\\/de\\\/produkt\\\/enidine-stossdampfer-pmxt-serie\\\/#breadcrumb\"},\"inLanguage\":\"de\",\"potentialAction\":[{\"@type\":\"ReadAction\",\"target\":[\"https:\\\/\\\/www.credimex.ch\\\/de\\\/produkt\\\/enidine-stossdampfer-pmxt-serie\\\/\"]}]},{\"@type\":\"ImageObject\",\"inLanguage\":\"de\",\"@id\":\"https:\\\/\\\/www.credimex.ch\\\/de\\\/produkt\\\/enidine-stossdampfer-pmxt-serie\\\/#primaryimage\",\"url\":\"https:\\\/\\\/www.credimex.ch\\\/wp-content\\\/uploads\\\/2022\\\/07\\\/Enidine-Stossda\u0308mpfer-PMXT-Serie.png\",\"contentUrl\":\"https:\\\/\\\/www.credimex.ch\\\/wp-content\\\/uploads\\\/2022\\\/07\\\/Enidine-Stossda\u0308mpfer-PMXT-Serie.png\",\"width\":800,\"height\":800},{\"@type\":\"BreadcrumbList\",\"@id\":\"https:\\\/\\\/www.credimex.ch\\\/de\\\/produkt\\\/enidine-stossdampfer-pmxt-serie\\\/#breadcrumb\",\"itemListElement\":[{\"@type\":\"ListItem\",\"position\":1,\"name\":\"Home\",\"item\":\"https:\\\/\\\/www.credimex.ch\\\/de\\\/\"},{\"@type\":\"ListItem\",\"position\":2,\"name\":\"Produkte\",\"item\":\"https:\\\/\\\/www.credimex.ch\\\/de\\\/produkte\\\/\"},{\"@type\":\"ListItem\",\"position\":3,\"name\":\"ENIDINE-Stossd\u00e4mpfer Serie PMXT\"}]},{\"@type\":\"WebSite\",\"@id\":\"https:\\\/\\\/www.credimex.ch\\\/de\\\/#website\",\"url\":\"https:\\\/\\\/www.credimex.ch\\\/de\\\/\",\"name\":\"CREDIMEX\",\"description\":\"Partner of Swiss Industrial Market\",\"publisher\":{\"@id\":\"https:\\\/\\\/www.credimex.ch\\\/de\\\/#organization\"},\"potentialAction\":[{\"@type\":\"SearchAction\",\"target\":{\"@type\":\"EntryPoint\",\"urlTemplate\":\"https:\\\/\\\/www.credimex.ch\\\/de\\\/?s={search_term_string}\"},\"query-input\":{\"@type\":\"PropertyValueSpecification\",\"valueRequired\":true,\"valueName\":\"search_term_string\"}}],\"inLanguage\":\"de\"},{\"@type\":\"Organization\",\"@id\":\"https:\\\/\\\/www.credimex.ch\\\/de\\\/#organization\",\"name\":\"credimex\",\"url\":\"https:\\\/\\\/www.credimex.ch\\\/de\\\/\",\"logo\":{\"@type\":\"ImageObject\",\"inLanguage\":\"de\",\"@id\":\"https:\\\/\\\/www.credimex.ch\\\/de\\\/#\\\/schema\\\/logo\\\/image\\\/\",\"url\":\"https:\\\/\\\/www.credimex.ch\\\/wp-content\\\/uploads\\\/2022\\\/03\\\/cropped-logo-credimex.png\",\"contentUrl\":\"https:\\\/\\\/www.credimex.ch\\\/wp-content\\\/uploads\\\/2022\\\/03\\\/cropped-logo-credimex.png\",\"width\":512,\"height\":512,\"caption\":\"credimex\"},\"image\":{\"@id\":\"https:\\\/\\\/www.credimex.ch\\\/de\\\/#\\\/schema\\\/logo\\\/image\\\/\"},\"sameAs\":[\"https:\\\/\\\/www.facebook.com\\\/credimex.alpnach\\\/\",\"https:\\\/\\\/www.linkedin.com\\\/company\\\/credimex\\\/\",\"https:\\\/\\\/www.youtube.com\\\/@CREDIMEX?sub_confirmation=1\"]}]}<\/script>\n<!-- \/ Yoast SEO Premium plugin. -->","yoast_head_json":{"title":"ENIDINE-Stossd\u00e4mpfer Serie PMXT - CREDIMEX","description":"Die ENIDINE-Stossd\u00e4mpfer der PMXT-Serie sind feste hydraulische Stossd\u00e4mpfer, die gleichm\u00e4ssige D\u00e4mpfungseigenschaften bieten.","robots":{"index":"index","follow":"follow","max-snippet":"max-snippet:-1","max-image-preview":"max-image-preview:large","max-video-preview":"max-video-preview:-1"},"canonical":"https:\/\/www.credimex.ch\/de\/produkt\/enidine-stossdampfer-pmxt-serie\/","og_locale":"de_DE","og_type":"article","og_title":"ENIDINE-Stossd\u00e4mpfer Serie PMXT","og_description":"Die ENIDINE-Stossd\u00e4mpfer der PMXT-Serie sind feste hydraulische Stossd\u00e4mpfer, die gleichm\u00e4ssige D\u00e4mpfungseigenschaften bieten.","og_url":"https:\/\/www.credimex.ch\/de\/produkt\/enidine-stossdampfer-pmxt-serie\/","og_site_name":"CREDIMEX","article_publisher":"https:\/\/www.facebook.com\/credimex.alpnach\/","article_modified_time":"2023-07-10T14:15:34+00:00","og_image":[{"width":800,"height":800,"url":"https:\/\/www.credimex.ch\/wp-content\/uploads\/2022\/07\/Enidine-Stossda\u0308mpfer-PMXT-Serie.png","type":"image\/png"}],"twitter_card":"summary_large_image","twitter_misc":{"Gesch\u00e4tzte Lesezeit":"1\u00a0Minute"},"schema":{"@context":"https:\/\/schema.org","@graph":[{"@type":"WebPage","@id":"https:\/\/www.credimex.ch\/de\/produkt\/enidine-stossdampfer-pmxt-serie\/","url":"https:\/\/www.credimex.ch\/de\/produkt\/enidine-stossdampfer-pmxt-serie\/","name":"ENIDINE-Stossd\u00e4mpfer Serie PMXT - CREDIMEX","isPartOf":{"@id":"https:\/\/www.credimex.ch\/de\/#website"},"primaryImageOfPage":{"@id":"https:\/\/www.credimex.ch\/de\/produkt\/enidine-stossdampfer-pmxt-serie\/#primaryimage"},"image":{"@id":"https:\/\/www.credimex.ch\/de\/produkt\/enidine-stossdampfer-pmxt-serie\/#primaryimage"},"thumbnailUrl":"https:\/\/www.credimex.ch\/wp-content\/uploads\/2022\/07\/Enidine-Stossda\u0308mpfer-PMXT-Serie.png","datePublished":"2022-07-06T10:01:52+00:00","dateModified":"2023-07-10T14:15:34+00:00","description":"Die ENIDINE-Stossd\u00e4mpfer der PMXT-Serie sind feste hydraulische Stossd\u00e4mpfer, die gleichm\u00e4ssige D\u00e4mpfungseigenschaften bieten.","breadcrumb":{"@id":"https:\/\/www.credimex.ch\/de\/produkt\/enidine-stossdampfer-pmxt-serie\/#breadcrumb"},"inLanguage":"de","potentialAction":[{"@type":"ReadAction","target":["https:\/\/www.credimex.ch\/de\/produkt\/enidine-stossdampfer-pmxt-serie\/"]}]},{"@type":"ImageObject","inLanguage":"de","@id":"https:\/\/www.credimex.ch\/de\/produkt\/enidine-stossdampfer-pmxt-serie\/#primaryimage","url":"https:\/\/www.credimex.ch\/wp-content\/uploads\/2022\/07\/Enidine-Stossda\u0308mpfer-PMXT-Serie.png","contentUrl":"https:\/\/www.credimex.ch\/wp-content\/uploads\/2022\/07\/Enidine-Stossda\u0308mpfer-PMXT-Serie.png","width":800,"height":800},{"@type":"BreadcrumbList","@id":"https:\/\/www.credimex.ch\/de\/produkt\/enidine-stossdampfer-pmxt-serie\/#breadcrumb","itemListElement":[{"@type":"ListItem","position":1,"name":"Home","item":"https:\/\/www.credimex.ch\/de\/"},{"@type":"ListItem","position":2,"name":"Produkte","item":"https:\/\/www.credimex.ch\/de\/produkte\/"},{"@type":"ListItem","position":3,"name":"ENIDINE-Stossd\u00e4mpfer Serie PMXT"}]},{"@type":"WebSite","@id":"https:\/\/www.credimex.ch\/de\/#website","url":"https:\/\/www.credimex.ch\/de\/","name":"CREDIMEX","description":"Partner of Swiss Industrial Market","publisher":{"@id":"https:\/\/www.credimex.ch\/de\/#organization"},"potentialAction":[{"@type":"SearchAction","target":{"@type":"EntryPoint","urlTemplate":"https:\/\/www.credimex.ch\/de\/?s={search_term_string}"},"query-input":{"@type":"PropertyValueSpecification","valueRequired":true,"valueName":"search_term_string"}}],"inLanguage":"de"},{"@type":"Organization","@id":"https:\/\/www.credimex.ch\/de\/#organization","name":"credimex","url":"https:\/\/www.credimex.ch\/de\/","logo":{"@type":"ImageObject","inLanguage":"de","@id":"https:\/\/www.credimex.ch\/de\/#\/schema\/logo\/image\/","url":"https:\/\/www.credimex.ch\/wp-content\/uploads\/2022\/03\/cropped-logo-credimex.png","contentUrl":"https:\/\/www.credimex.ch\/wp-content\/uploads\/2022\/03\/cropped-logo-credimex.png","width":512,"height":512,"caption":"credimex"},"image":{"@id":"https:\/\/www.credimex.ch\/de\/#\/schema\/logo\/image\/"},"sameAs":["https:\/\/www.facebook.com\/credimex.alpnach\/","https:\/\/www.linkedin.com\/company\/credimex\/","https:\/\/www.youtube.com\/@CREDIMEX?sub_confirmation=1"]}]}},"_links":{"self":[{"href":"https:\/\/www.credimex.ch\/de\/wp-json\/wp\/v2\/product\/4264","targetHints":{"allow":["GET"]}}],"collection":[{"href":"https:\/\/www.credimex.ch\/de\/wp-json\/wp\/v2\/product"}],"about":[{"href":"https:\/\/www.credimex.ch\/de\/wp-json\/wp\/v2\/types\/product"}],"replies":[{"embeddable":true,"href":"https:\/\/www.credimex.ch\/de\/wp-json\/wp\/v2\/comments?post=4264"}],"wp:featuredmedia":[{"embeddable":true,"href":"https:\/\/www.credimex.ch\/de\/wp-json\/wp\/v2\/media\/3329"}],"wp:attachment":[{"href":"https:\/\/www.credimex.ch\/de\/wp-json\/wp\/v2\/media?parent=4264"}],"wp:term":[{"taxonomy":"product_brand","embeddable":true,"href":"https:\/\/www.credimex.ch\/de\/wp-json\/wp\/v2\/product_brand?post=4264"},{"taxonomy":"product_cat","embeddable":true,"href":"https:\/\/www.credimex.ch\/de\/wp-json\/wp\/v2\/product_cat?post=4264"},{"taxonomy":"product_tag","embeddable":true,"href":"https:\/\/www.credimex.ch\/de\/wp-json\/wp\/v2\/product_tag?post=4264"}],"curies":[{"name":"wp","href":"https:\/\/api.w.org\/{rel}","templated":true}]}}