{"id":4272,"date":"2022-07-06T09:53:03","date_gmt":"2022-07-06T07:53:03","guid":{"rendered":"https:\/\/www.credimex.ch.mialias.net\/product\/enidine-stossdaempfer-eco-serie\/"},"modified":"2023-07-10T16:27:40","modified_gmt":"2023-07-10T14:27:40","slug":"enidine-stossdampfer-eco-serie","status":"publish","type":"product","link":"https:\/\/www.credimex.ch\/de\/produkt\/enidine-stossdampfer-eco-serie\/","title":{"rendered":"ENIDINE-Stossd\u00e4mpfer ECO-Serie"},"content":{"rendered":"<h2>Beschreibung<\/h2>\n<p>Die ECO-Serie wurde unter Verwendung von Materialien und Fl\u00fcssigkeiten entwickelt, die f\u00fcr unsere globale Umwelt sicher sind. Die Modelle sind so flexibel, dass sie eine breite Palette von Betriebsbedingungen mit unterschiedlichen Massen oder Antriebskr\u00e4ften abdecken und eine Vielzahl von Anwendungsparametern abdecken. Ganz gleich, ob Ihre Anwendung eine niedrige Geschwindigkeit\/hohe Antriebskraft oder eine hohe Geschwindigkeit\/geringe Antriebskraft erfordert, die neue ECO-Serie liefert die Leistung, die Sie erwarten.<\/p>\n<p><img fetchpriority=\"high\" decoding=\"async\" class=\"alignnone size-full wp-image-1350\" src=\"https:\/\/www.credimex.ch\/wp-content\/uploads\/2022\/07\/ECO_Series_1215.webp\" alt=\"\" width=\"500\" height=\"229\" srcset=\"https:\/\/www.credimex.ch\/wp-content\/uploads\/2022\/07\/ECO_Series_1215.webp 500w, https:\/\/www.credimex.ch\/wp-content\/uploads\/2022\/07\/ECO_Series_1215-300x137.webp 300w\" sizes=\"(max-width: 500px) 100vw, 500px\" \/><\/p>\n<h2>Produktvorteile<\/h2>\n<p>Wenn die Betriebszeit von Anlagen entscheidend ist, bieten die Industriestossd\u00e4mpfer der ECO-Serie von ENIDINE den Schutz und die dauerhafte Leistung, die Sie verdienen, und sparen Ihnen Zeit und Geld.<\/p>\n<p>ENIDINE hat den Markt f\u00fcr Industriestossd\u00e4mpfer mit der Einf\u00fchrung des ersten umweltfreundlichen Designs der Branche revolutioniert, das den rauen Umgebungsbedingungen in den kritischsten Anwendungen von heute standh\u00e4lt.<\/p>\n<p><img decoding=\"async\" class=\"alignnone size-full wp-image-1351\" src=\"https:\/\/www.credimex.ch\/wp-content\/uploads\/2022\/07\/ECO_tested.webp\" alt=\"\" width=\"236\" height=\"323\" srcset=\"https:\/\/www.credimex.ch\/wp-content\/uploads\/2022\/07\/ECO_tested.webp 236w, https:\/\/www.credimex.ch\/wp-content\/uploads\/2022\/07\/ECO_tested-219x300.webp 219w\" sizes=\"(max-width: 236px) 100vw, 236px\" \/><\/p>\n<h2>Anwendung<\/h2>\n<p>Ideal f\u00fcr Anwendungen in der Lebensmittel- und Getr\u00e4nkeindustrie oder in anderen korrosiven Umgebungen, in denen die Langlebigkeit des Produkts entscheidend f\u00fcr die Lebensdauer der Maschine ist. Die neuen Industriestossd\u00e4mpfer der ECO-Serie von ENIDINE bieten das beste Korrosionsbest\u00e4ndigkeitspaket f\u00fcr die Standardproduktpalette in der Industrie, indem sie einen 336 Stunden dauernden Salzspr\u00fchtest \u00fcberstehen.<\/p>\n","protected":false},"excerpt":{"rendered":"<p>Die Industriestossd\u00e4mpfer <strong>der ECO-Serie von ENIDINE <\/strong>bieten Ihnen Schutz und dauerhafte Leistung, wodurch Sie Zeit und Geld sparen.<\/p>\n","protected":false},"featured_media":3317,"comment_status":"open","ping_status":"closed","template":"","meta":{"_acf_changed":false},"product_brand":[],"product_cat":[369,351,419,380,379,417,390,554,558,370,352,420,418,560,478],"product_tag":[],"class_list":{"0":"post-4272","1":"product","2":"type-product","3":"status-publish","4":"has-post-thumbnail","6":"product_cat-allgemeine-industrie","7":"product_cat-automobilindustrie","8":"product_cat-batterien","9":"product_cat-e-mobilitat","10":"product_cat-eisenbahn","11":"product_cat-elektronik","12":"product_cat-energie","13":"product_cat-energieabsorbierungen","14":"product_cat-enidine","15":"product_cat-lebensmittelindustrie","16":"product_cat-luft-und-raumfahrtindustrie","17":"product_cat-medizinal-industrie","18":"product_cat-seilbahnen","19":"product_cat-stossdampfer","20":"product_cat-uhrenherstellung","21":"pa_brands-enidin","23":"first","24":"instock","25":"shipping-taxable","26":"product-type-simple"},"acf":[],"_yoast_wpseo_focuskw":"enidine-Stossd\u00e4mpfer-eco-serie","_yoast_wpseo_metadesc":"ENIDINE-Stossd\u00e4mpfer Die Industriestossd\u00e4mpfer der ECO-Serie bieten Ihnen Schutz und lang anhaltende Leistung und sparen Zeit und Geld.","yoast_head":"<!-- This site is optimized with the Yoast SEO Premium plugin v21.6 (Yoast SEO v27.4) - https:\/\/yoast.com\/product\/yoast-seo-premium-wordpress\/ -->\n<title>ENIDINE-Stossd\u00e4mpfer ECO-Serie - CREDIMEX<\/title>\n<meta name=\"description\" content=\"ENIDINE-Stossd\u00e4mpfer Die Industriestossd\u00e4mpfer der ECO-Serie bieten Ihnen Schutz und lang anhaltende Leistung und sparen Zeit und Geld.\" \/>\n<meta name=\"robots\" content=\"index, follow, max-snippet:-1, max-image-preview:large, max-video-preview:-1\" \/>\n<link rel=\"canonical\" href=\"https:\/\/www.credimex.ch\/de\/produkt\/enidine-stossdampfer-eco-serie\/\" \/>\n<meta property=\"og:locale\" content=\"de_DE\" \/>\n<meta property=\"og:type\" content=\"article\" \/>\n<meta property=\"og:title\" content=\"ENIDINE-Stossd\u00e4mpfer ECO-Serie\" \/>\n<meta property=\"og:description\" content=\"ENIDINE-Stossd\u00e4mpfer Die Industriestossd\u00e4mpfer der ECO-Serie bieten Ihnen Schutz und lang anhaltende Leistung und sparen Zeit und Geld.\" \/>\n<meta property=\"og:url\" content=\"https:\/\/www.credimex.ch\/de\/produkt\/enidine-stossdampfer-eco-serie\/\" \/>\n<meta property=\"og:site_name\" content=\"CREDIMEX\" \/>\n<meta property=\"article:publisher\" content=\"https:\/\/www.facebook.com\/credimex.alpnach\/\" \/>\n<meta property=\"article:modified_time\" content=\"2023-07-10T14:27:40+00:00\" \/>\n<meta property=\"og:image\" content=\"https:\/\/www.credimex.ch\/wp-content\/uploads\/2022\/07\/ECO_Series_GRP.webp\" \/>\n\t<meta property=\"og:image:width\" content=\"250\" \/>\n\t<meta property=\"og:image:height\" content=\"250\" \/>\n\t<meta property=\"og:image:type\" content=\"image\/webp\" \/>\n<meta name=\"twitter:card\" content=\"summary_large_image\" \/>\n<meta name=\"twitter:label1\" content=\"Gesch\u00e4tzte Lesezeit\" \/>\n\t<meta name=\"twitter:data1\" content=\"2\u00a0Minuten\" \/>\n<script type=\"application\/ld+json\" class=\"yoast-schema-graph\">{\"@context\":\"https:\\\/\\\/schema.org\",\"@graph\":[{\"@type\":\"WebPage\",\"@id\":\"https:\\\/\\\/www.credimex.ch\\\/de\\\/produkt\\\/enidine-stossdampfer-eco-serie\\\/\",\"url\":\"https:\\\/\\\/www.credimex.ch\\\/de\\\/produkt\\\/enidine-stossdampfer-eco-serie\\\/\",\"name\":\"ENIDINE-Stossd\u00e4mpfer ECO-Serie - CREDIMEX\",\"isPartOf\":{\"@id\":\"https:\\\/\\\/www.credimex.ch\\\/de\\\/#website\"},\"primaryImageOfPage\":{\"@id\":\"https:\\\/\\\/www.credimex.ch\\\/de\\\/produkt\\\/enidine-stossdampfer-eco-serie\\\/#primaryimage\"},\"image\":{\"@id\":\"https:\\\/\\\/www.credimex.ch\\\/de\\\/produkt\\\/enidine-stossdampfer-eco-serie\\\/#primaryimage\"},\"thumbnailUrl\":\"https:\\\/\\\/www.credimex.ch\\\/wp-content\\\/uploads\\\/2022\\\/07\\\/ECO_Series_GRP.webp\",\"datePublished\":\"2022-07-06T07:53:03+00:00\",\"dateModified\":\"2023-07-10T14:27:40+00:00\",\"description\":\"ENIDINE-Stossd\u00e4mpfer Die Industriestossd\u00e4mpfer der ECO-Serie bieten Ihnen Schutz und lang anhaltende Leistung und sparen Zeit und Geld.\",\"breadcrumb\":{\"@id\":\"https:\\\/\\\/www.credimex.ch\\\/de\\\/produkt\\\/enidine-stossdampfer-eco-serie\\\/#breadcrumb\"},\"inLanguage\":\"de\",\"potentialAction\":[{\"@type\":\"ReadAction\",\"target\":[\"https:\\\/\\\/www.credimex.ch\\\/de\\\/produkt\\\/enidine-stossdampfer-eco-serie\\\/\"]}]},{\"@type\":\"ImageObject\",\"inLanguage\":\"de\",\"@id\":\"https:\\\/\\\/www.credimex.ch\\\/de\\\/produkt\\\/enidine-stossdampfer-eco-serie\\\/#primaryimage\",\"url\":\"https:\\\/\\\/www.credimex.ch\\\/wp-content\\\/uploads\\\/2022\\\/07\\\/ECO_Series_GRP.webp\",\"contentUrl\":\"https:\\\/\\\/www.credimex.ch\\\/wp-content\\\/uploads\\\/2022\\\/07\\\/ECO_Series_GRP.webp\",\"width\":250,\"height\":250},{\"@type\":\"BreadcrumbList\",\"@id\":\"https:\\\/\\\/www.credimex.ch\\\/de\\\/produkt\\\/enidine-stossdampfer-eco-serie\\\/#breadcrumb\",\"itemListElement\":[{\"@type\":\"ListItem\",\"position\":1,\"name\":\"Home\",\"item\":\"https:\\\/\\\/www.credimex.ch\\\/de\\\/\"},{\"@type\":\"ListItem\",\"position\":2,\"name\":\"Produkte\",\"item\":\"https:\\\/\\\/www.credimex.ch\\\/de\\\/produkte\\\/\"},{\"@type\":\"ListItem\",\"position\":3,\"name\":\"ENIDINE-Stossd\u00e4mpfer ECO-Serie\"}]},{\"@type\":\"WebSite\",\"@id\":\"https:\\\/\\\/www.credimex.ch\\\/de\\\/#website\",\"url\":\"https:\\\/\\\/www.credimex.ch\\\/de\\\/\",\"name\":\"CREDIMEX\",\"description\":\"Partner of Swiss Industrial Market\",\"publisher\":{\"@id\":\"https:\\\/\\\/www.credimex.ch\\\/de\\\/#organization\"},\"potentialAction\":[{\"@type\":\"SearchAction\",\"target\":{\"@type\":\"EntryPoint\",\"urlTemplate\":\"https:\\\/\\\/www.credimex.ch\\\/de\\\/?s={search_term_string}\"},\"query-input\":{\"@type\":\"PropertyValueSpecification\",\"valueRequired\":true,\"valueName\":\"search_term_string\"}}],\"inLanguage\":\"de\"},{\"@type\":\"Organization\",\"@id\":\"https:\\\/\\\/www.credimex.ch\\\/de\\\/#organization\",\"name\":\"credimex\",\"url\":\"https:\\\/\\\/www.credimex.ch\\\/de\\\/\",\"logo\":{\"@type\":\"ImageObject\",\"inLanguage\":\"de\",\"@id\":\"https:\\\/\\\/www.credimex.ch\\\/de\\\/#\\\/schema\\\/logo\\\/image\\\/\",\"url\":\"https:\\\/\\\/www.credimex.ch\\\/wp-content\\\/uploads\\\/2022\\\/03\\\/cropped-logo-credimex.png\",\"contentUrl\":\"https:\\\/\\\/www.credimex.ch\\\/wp-content\\\/uploads\\\/2022\\\/03\\\/cropped-logo-credimex.png\",\"width\":512,\"height\":512,\"caption\":\"credimex\"},\"image\":{\"@id\":\"https:\\\/\\\/www.credimex.ch\\\/de\\\/#\\\/schema\\\/logo\\\/image\\\/\"},\"sameAs\":[\"https:\\\/\\\/www.facebook.com\\\/credimex.alpnach\\\/\",\"https:\\\/\\\/www.linkedin.com\\\/company\\\/credimex\\\/\",\"https:\\\/\\\/www.youtube.com\\\/@CREDIMEX?sub_confirmation=1\"]}]}<\/script>\n<!-- \/ Yoast SEO Premium plugin. -->","yoast_head_json":{"title":"ENIDINE-Stossd\u00e4mpfer ECO-Serie - CREDIMEX","description":"ENIDINE-Stossd\u00e4mpfer Die Industriestossd\u00e4mpfer der ECO-Serie bieten Ihnen Schutz und lang anhaltende Leistung und sparen Zeit und Geld.","robots":{"index":"index","follow":"follow","max-snippet":"max-snippet:-1","max-image-preview":"max-image-preview:large","max-video-preview":"max-video-preview:-1"},"canonical":"https:\/\/www.credimex.ch\/de\/produkt\/enidine-stossdampfer-eco-serie\/","og_locale":"de_DE","og_type":"article","og_title":"ENIDINE-Stossd\u00e4mpfer ECO-Serie","og_description":"ENIDINE-Stossd\u00e4mpfer Die Industriestossd\u00e4mpfer der ECO-Serie bieten Ihnen Schutz und lang anhaltende Leistung und sparen Zeit und Geld.","og_url":"https:\/\/www.credimex.ch\/de\/produkt\/enidine-stossdampfer-eco-serie\/","og_site_name":"CREDIMEX","article_publisher":"https:\/\/www.facebook.com\/credimex.alpnach\/","article_modified_time":"2023-07-10T14:27:40+00:00","og_image":[{"width":250,"height":250,"url":"https:\/\/www.credimex.ch\/wp-content\/uploads\/2022\/07\/ECO_Series_GRP.webp","type":"image\/webp"}],"twitter_card":"summary_large_image","twitter_misc":{"Gesch\u00e4tzte Lesezeit":"2\u00a0Minuten"},"schema":{"@context":"https:\/\/schema.org","@graph":[{"@type":"WebPage","@id":"https:\/\/www.credimex.ch\/de\/produkt\/enidine-stossdampfer-eco-serie\/","url":"https:\/\/www.credimex.ch\/de\/produkt\/enidine-stossdampfer-eco-serie\/","name":"ENIDINE-Stossd\u00e4mpfer ECO-Serie - CREDIMEX","isPartOf":{"@id":"https:\/\/www.credimex.ch\/de\/#website"},"primaryImageOfPage":{"@id":"https:\/\/www.credimex.ch\/de\/produkt\/enidine-stossdampfer-eco-serie\/#primaryimage"},"image":{"@id":"https:\/\/www.credimex.ch\/de\/produkt\/enidine-stossdampfer-eco-serie\/#primaryimage"},"thumbnailUrl":"https:\/\/www.credimex.ch\/wp-content\/uploads\/2022\/07\/ECO_Series_GRP.webp","datePublished":"2022-07-06T07:53:03+00:00","dateModified":"2023-07-10T14:27:40+00:00","description":"ENIDINE-Stossd\u00e4mpfer Die Industriestossd\u00e4mpfer der ECO-Serie bieten Ihnen Schutz und lang anhaltende Leistung und sparen Zeit und Geld.","breadcrumb":{"@id":"https:\/\/www.credimex.ch\/de\/produkt\/enidine-stossdampfer-eco-serie\/#breadcrumb"},"inLanguage":"de","potentialAction":[{"@type":"ReadAction","target":["https:\/\/www.credimex.ch\/de\/produkt\/enidine-stossdampfer-eco-serie\/"]}]},{"@type":"ImageObject","inLanguage":"de","@id":"https:\/\/www.credimex.ch\/de\/produkt\/enidine-stossdampfer-eco-serie\/#primaryimage","url":"https:\/\/www.credimex.ch\/wp-content\/uploads\/2022\/07\/ECO_Series_GRP.webp","contentUrl":"https:\/\/www.credimex.ch\/wp-content\/uploads\/2022\/07\/ECO_Series_GRP.webp","width":250,"height":250},{"@type":"BreadcrumbList","@id":"https:\/\/www.credimex.ch\/de\/produkt\/enidine-stossdampfer-eco-serie\/#breadcrumb","itemListElement":[{"@type":"ListItem","position":1,"name":"Home","item":"https:\/\/www.credimex.ch\/de\/"},{"@type":"ListItem","position":2,"name":"Produkte","item":"https:\/\/www.credimex.ch\/de\/produkte\/"},{"@type":"ListItem","position":3,"name":"ENIDINE-Stossd\u00e4mpfer ECO-Serie"}]},{"@type":"WebSite","@id":"https:\/\/www.credimex.ch\/de\/#website","url":"https:\/\/www.credimex.ch\/de\/","name":"CREDIMEX","description":"Partner of Swiss Industrial Market","publisher":{"@id":"https:\/\/www.credimex.ch\/de\/#organization"},"potentialAction":[{"@type":"SearchAction","target":{"@type":"EntryPoint","urlTemplate":"https:\/\/www.credimex.ch\/de\/?s={search_term_string}"},"query-input":{"@type":"PropertyValueSpecification","valueRequired":true,"valueName":"search_term_string"}}],"inLanguage":"de"},{"@type":"Organization","@id":"https:\/\/www.credimex.ch\/de\/#organization","name":"credimex","url":"https:\/\/www.credimex.ch\/de\/","logo":{"@type":"ImageObject","inLanguage":"de","@id":"https:\/\/www.credimex.ch\/de\/#\/schema\/logo\/image\/","url":"https:\/\/www.credimex.ch\/wp-content\/uploads\/2022\/03\/cropped-logo-credimex.png","contentUrl":"https:\/\/www.credimex.ch\/wp-content\/uploads\/2022\/03\/cropped-logo-credimex.png","width":512,"height":512,"caption":"credimex"},"image":{"@id":"https:\/\/www.credimex.ch\/de\/#\/schema\/logo\/image\/"},"sameAs":["https:\/\/www.facebook.com\/credimex.alpnach\/","https:\/\/www.linkedin.com\/company\/credimex\/","https:\/\/www.youtube.com\/@CREDIMEX?sub_confirmation=1"]}]}},"_links":{"self":[{"href":"https:\/\/www.credimex.ch\/de\/wp-json\/wp\/v2\/product\/4272","targetHints":{"allow":["GET"]}}],"collection":[{"href":"https:\/\/www.credimex.ch\/de\/wp-json\/wp\/v2\/product"}],"about":[{"href":"https:\/\/www.credimex.ch\/de\/wp-json\/wp\/v2\/types\/product"}],"replies":[{"embeddable":true,"href":"https:\/\/www.credimex.ch\/de\/wp-json\/wp\/v2\/comments?post=4272"}],"wp:featuredmedia":[{"embeddable":true,"href":"https:\/\/www.credimex.ch\/de\/wp-json\/wp\/v2\/media\/3317"}],"wp:attachment":[{"href":"https:\/\/www.credimex.ch\/de\/wp-json\/wp\/v2\/media?parent=4272"}],"wp:term":[{"taxonomy":"product_brand","embeddable":true,"href":"https:\/\/www.credimex.ch\/de\/wp-json\/wp\/v2\/product_brand?post=4272"},{"taxonomy":"product_cat","embeddable":true,"href":"https:\/\/www.credimex.ch\/de\/wp-json\/wp\/v2\/product_cat?post=4272"},{"taxonomy":"product_tag","embeddable":true,"href":"https:\/\/www.credimex.ch\/de\/wp-json\/wp\/v2\/product_tag?post=4272"}],"curies":[{"name":"wp","href":"https:\/\/api.w.org\/{rel}","templated":true}]}}