{"id":4282,"date":"2022-06-22T12:57:31","date_gmt":"2022-06-22T10:57:31","guid":{"rendered":"https:\/\/www.credimex.ch.mialias.net\/product\/dr-tillwich-kunststoffoel-k4563-600\/"},"modified":"2023-01-03T09:24:01","modified_gmt":"2023-01-03T08:24:01","slug":"dr-tillwich-plastic-oil-k4563-600","status":"publish","type":"product","link":"https:\/\/www.credimex.ch\/de\/produkt\/dr-tillwich-plastic-oil-k4563-600\/","title":{"rendered":"Dr. Tillwich Kunststoff\u00f6l K4563\/600"},"content":{"rendered":"<h2>Beschreibung<\/h2>\n<p>Dr. Tillwich Plastic Oil K4563\/600 ist ein Pr\u00e4zisions\u00f6l f\u00fcr Automobil- und Luftfahrtinstrumente mit sehr guter Haltbarkeit und ausgezeichneter Langzeitstabilit\u00e4t (\u00fcber 10 Jahre). Plastic Oil K4563 wurde speziell f\u00fcr Anwendungen im Automobil- und Luftfahrtbereich entwickelt.<\/p>\n<p>Es erf\u00fcllt die Anforderung, 48 Stunden bei -40\u00b0C [-40\u00b0F] zu lagern. Das \u00d6l weist aufgrund seines ausgezeichneten Viskosit\u00e4ts-Temperatur-Verhaltens starke ger\u00e4uschd\u00e4mpfende Eigenschaften zwischen -40\u00b0C und 120\u00b0C [-40\u00b0F und 248\u00b0F] auf.<\/p>\n<h2>Produktvorteile<\/h2>\n<div class=\"page\" title=\"Seite 1\">\n<div class=\"section\">\n<div class=\"layoutArea\">\n<div class=\"column\">\n<div class=\"page\" title=\"Seite 1\">\n<div class=\"layoutArea\">\n<div class=\"column\">\n<ul>\n<li>  Kompatibel mit fast allen Kunststoffen.<\/li>\n<li>Unbeeinflusst von Feuchtigkeit.<\/li>\n<li>Einsetzbar bei hohen Druckbelastungen.<\/li>\n<li>Gute Benetzungseigenschaften.<\/li>\n<li>Epilamisierung mit Antispread erforderlich, wenn grosse Mengen \u00d6l aufgetragen werden.<\/li>\n<\/ul>\n<\/div>\n<\/div>\n<\/div>\n<\/div>\n<\/div>\n<\/div>\n<\/div>\n<h2>Anwendung<\/h2>\n<div class=\"page\" title=\"Seite 1\">\n<div class=\"layoutArea\">\n<div class=\"column\">\n<div class=\"page\" title=\"Seite 1\">\n<div class=\"section\">\n<div class=\"layoutArea\">\n<div class=\"column\">\n<div class=\"page\" title=\"Seite 1\">\n<div class=\"layoutArea\">\n<div class=\"column\">\n<ul>\n<li>Kunststofflager in Automobil- und Luftfahrtinstrumenten, Instrumente unter schwierigen Umgebungsbedingungen, Mess- und Regelger\u00e4te in K\u00fchlr\u00e4umen, meteorologische Instrumente, Offshore-Anwendungen.<\/li>\n<li>Tachometer, Drehzahlmesser, Autouhren, Zeitmesser, Z\u00e4hler, Uhren.<\/li>\n<\/ul>\n<\/div>\n<\/div>\n<\/div>\n<\/div>\n<\/div>\n<\/div>\n<\/div>\n<\/div>\n<\/div>\n<\/div>\n","protected":false},"excerpt":{"rendered":"<p><strong>Dr. Tillwich Plastic Oil K4563\/600<\/strong> ist ein Pr\u00e4zisions\u00f6l f\u00fcr Automobil- und Luftfahrtinstrumente mit sehr guter Haltbarkeit und ausgezeichneter Langzeitstabilit\u00e4t.<\/p>\n","protected":false},"featured_media":3309,"comment_status":"open","ping_status":"closed","template":"","meta":{"_acf_changed":false},"product_brand":[],"product_cat":[369,351,654,353,354,478],"product_tag":[],"class_list":{"0":"post-4282","1":"product","2":"type-product","3":"status-publish","4":"has-post-thumbnail","6":"product_cat-allgemeine-industrie","7":"product_cat-automobilindustrie","8":"product_cat-dr-tillwich","9":"product_cat-industrie-schmierstoffe","10":"product_cat-ol","11":"product_cat-uhrenherstellung","12":"pa_brands-dr-tillwich-de","14":"first","15":"instock","16":"shipping-taxable","17":"product-type-simple"},"acf":[],"_yoast_wpseo_focuskw":"Kunststoff\u00f6l K4563\/600","_yoast_wpseo_metadesc":"Dr. Tillwich Plastic Oil K4563\/600 ist ein Pr\u00e4zisions\u00f6l f\u00fcr Automobil- und Luftfahrtinstrumente mit sehr guter Haltbarkeit und ausgezeichneter Langzeitstabilit\u00e4t.","yoast_head":"<!-- This site is optimized with the Yoast SEO Premium plugin v21.6 (Yoast SEO v27.4) - https:\/\/yoast.com\/product\/yoast-seo-premium-wordpress\/ -->\n<title>Dr. Tillwich Kunststoff\u00f6l K4563\/600 - CREDIMEX<\/title>\n<meta name=\"description\" content=\"Dr. Tillwich Plastic Oil K4563\/600 ist ein Pr\u00e4zisions\u00f6l f\u00fcr Automobil- und Luftfahrtinstrumente mit sehr guter Haltbarkeit und ausgezeichneter Langzeitstabilit\u00e4t.\" \/>\n<meta name=\"robots\" content=\"index, follow, max-snippet:-1, max-image-preview:large, max-video-preview:-1\" \/>\n<link rel=\"canonical\" href=\"https:\/\/www.credimex.ch\/de\/produkt\/dr-tillwich-plastic-oil-k4563-600\/\" \/>\n<meta property=\"og:locale\" content=\"de_DE\" \/>\n<meta property=\"og:type\" content=\"article\" \/>\n<meta property=\"og:title\" content=\"Dr. Tillwich Kunststoff\u00f6l K4563\/600\" \/>\n<meta property=\"og:description\" content=\"Dr. Tillwich Plastic Oil K4563\/600 ist ein Pr\u00e4zisions\u00f6l f\u00fcr Automobil- und Luftfahrtinstrumente mit sehr guter Haltbarkeit und ausgezeichneter Langzeitstabilit\u00e4t.\" \/>\n<meta property=\"og:url\" content=\"https:\/\/www.credimex.ch\/de\/produkt\/dr-tillwich-plastic-oil-k4563-600\/\" \/>\n<meta property=\"og:site_name\" content=\"CREDIMEX\" \/>\n<meta property=\"article:publisher\" content=\"https:\/\/www.facebook.com\/credimex.alpnach\/\" \/>\n<meta property=\"article:modified_time\" content=\"2023-01-03T08:24:01+00:00\" \/>\n<meta property=\"og:image\" content=\"https:\/\/www.credimex.ch\/wp-content\/uploads\/2022\/06\/Plastic-Oil-K4563600.jpg\" \/>\n\t<meta property=\"og:image:width\" content=\"1536\" \/>\n\t<meta property=\"og:image:height\" content=\"1024\" \/>\n\t<meta property=\"og:image:type\" content=\"image\/jpeg\" \/>\n<meta name=\"twitter:card\" content=\"summary_large_image\" \/>\n<meta name=\"twitter:label1\" content=\"Gesch\u00e4tzte Lesezeit\" \/>\n\t<meta name=\"twitter:data1\" content=\"1\u00a0Minute\" \/>\n<script type=\"application\/ld+json\" class=\"yoast-schema-graph\">{\"@context\":\"https:\\\/\\\/schema.org\",\"@graph\":[{\"@type\":\"WebPage\",\"@id\":\"https:\\\/\\\/www.credimex.ch\\\/de\\\/produkt\\\/dr-tillwich-plastic-oil-k4563-600\\\/\",\"url\":\"https:\\\/\\\/www.credimex.ch\\\/de\\\/produkt\\\/dr-tillwich-plastic-oil-k4563-600\\\/\",\"name\":\"Dr. Tillwich Kunststoff\u00f6l K4563\\\/600 - CREDIMEX\",\"isPartOf\":{\"@id\":\"https:\\\/\\\/www.credimex.ch\\\/de\\\/#website\"},\"primaryImageOfPage\":{\"@id\":\"https:\\\/\\\/www.credimex.ch\\\/de\\\/produkt\\\/dr-tillwich-plastic-oil-k4563-600\\\/#primaryimage\"},\"image\":{\"@id\":\"https:\\\/\\\/www.credimex.ch\\\/de\\\/produkt\\\/dr-tillwich-plastic-oil-k4563-600\\\/#primaryimage\"},\"thumbnailUrl\":\"https:\\\/\\\/www.credimex.ch\\\/wp-content\\\/uploads\\\/2022\\\/06\\\/Plastic-Oil-K4563600.jpg\",\"datePublished\":\"2022-06-22T10:57:31+00:00\",\"dateModified\":\"2023-01-03T08:24:01+00:00\",\"description\":\"Dr. Tillwich Plastic Oil K4563\\\/600 ist ein Pr\u00e4zisions\u00f6l f\u00fcr Automobil- und Luftfahrtinstrumente mit sehr guter Haltbarkeit und ausgezeichneter Langzeitstabilit\u00e4t.\",\"breadcrumb\":{\"@id\":\"https:\\\/\\\/www.credimex.ch\\\/de\\\/produkt\\\/dr-tillwich-plastic-oil-k4563-600\\\/#breadcrumb\"},\"inLanguage\":\"de\",\"potentialAction\":[{\"@type\":\"ReadAction\",\"target\":[\"https:\\\/\\\/www.credimex.ch\\\/de\\\/produkt\\\/dr-tillwich-plastic-oil-k4563-600\\\/\"]}]},{\"@type\":\"ImageObject\",\"inLanguage\":\"de\",\"@id\":\"https:\\\/\\\/www.credimex.ch\\\/de\\\/produkt\\\/dr-tillwich-plastic-oil-k4563-600\\\/#primaryimage\",\"url\":\"https:\\\/\\\/www.credimex.ch\\\/wp-content\\\/uploads\\\/2022\\\/06\\\/Plastic-Oil-K4563600.jpg\",\"contentUrl\":\"https:\\\/\\\/www.credimex.ch\\\/wp-content\\\/uploads\\\/2022\\\/06\\\/Plastic-Oil-K4563600.jpg\",\"width\":1536,\"height\":1024},{\"@type\":\"BreadcrumbList\",\"@id\":\"https:\\\/\\\/www.credimex.ch\\\/de\\\/produkt\\\/dr-tillwich-plastic-oil-k4563-600\\\/#breadcrumb\",\"itemListElement\":[{\"@type\":\"ListItem\",\"position\":1,\"name\":\"Home\",\"item\":\"https:\\\/\\\/www.credimex.ch\\\/de\\\/\"},{\"@type\":\"ListItem\",\"position\":2,\"name\":\"Produkte\",\"item\":\"https:\\\/\\\/www.credimex.ch\\\/de\\\/produkte\\\/\"},{\"@type\":\"ListItem\",\"position\":3,\"name\":\"Dr. Tillwich Kunststoff\u00f6l K4563\\\/600\"}]},{\"@type\":\"WebSite\",\"@id\":\"https:\\\/\\\/www.credimex.ch\\\/de\\\/#website\",\"url\":\"https:\\\/\\\/www.credimex.ch\\\/de\\\/\",\"name\":\"CREDIMEX\",\"description\":\"Partner of Swiss Industrial Market\",\"publisher\":{\"@id\":\"https:\\\/\\\/www.credimex.ch\\\/de\\\/#organization\"},\"potentialAction\":[{\"@type\":\"SearchAction\",\"target\":{\"@type\":\"EntryPoint\",\"urlTemplate\":\"https:\\\/\\\/www.credimex.ch\\\/de\\\/?s={search_term_string}\"},\"query-input\":{\"@type\":\"PropertyValueSpecification\",\"valueRequired\":true,\"valueName\":\"search_term_string\"}}],\"inLanguage\":\"de\"},{\"@type\":\"Organization\",\"@id\":\"https:\\\/\\\/www.credimex.ch\\\/de\\\/#organization\",\"name\":\"credimex\",\"url\":\"https:\\\/\\\/www.credimex.ch\\\/de\\\/\",\"logo\":{\"@type\":\"ImageObject\",\"inLanguage\":\"de\",\"@id\":\"https:\\\/\\\/www.credimex.ch\\\/de\\\/#\\\/schema\\\/logo\\\/image\\\/\",\"url\":\"https:\\\/\\\/www.credimex.ch\\\/wp-content\\\/uploads\\\/2022\\\/03\\\/cropped-logo-credimex.png\",\"contentUrl\":\"https:\\\/\\\/www.credimex.ch\\\/wp-content\\\/uploads\\\/2022\\\/03\\\/cropped-logo-credimex.png\",\"width\":512,\"height\":512,\"caption\":\"credimex\"},\"image\":{\"@id\":\"https:\\\/\\\/www.credimex.ch\\\/de\\\/#\\\/schema\\\/logo\\\/image\\\/\"},\"sameAs\":[\"https:\\\/\\\/www.facebook.com\\\/credimex.alpnach\\\/\",\"https:\\\/\\\/www.linkedin.com\\\/company\\\/credimex\\\/\",\"https:\\\/\\\/www.youtube.com\\\/@CREDIMEX?sub_confirmation=1\"]}]}<\/script>\n<!-- \/ Yoast SEO Premium plugin. -->","yoast_head_json":{"title":"Dr. Tillwich Kunststoff\u00f6l K4563\/600 - CREDIMEX","description":"Dr. Tillwich Plastic Oil K4563\/600 ist ein Pr\u00e4zisions\u00f6l f\u00fcr Automobil- und Luftfahrtinstrumente mit sehr guter Haltbarkeit und ausgezeichneter Langzeitstabilit\u00e4t.","robots":{"index":"index","follow":"follow","max-snippet":"max-snippet:-1","max-image-preview":"max-image-preview:large","max-video-preview":"max-video-preview:-1"},"canonical":"https:\/\/www.credimex.ch\/de\/produkt\/dr-tillwich-plastic-oil-k4563-600\/","og_locale":"de_DE","og_type":"article","og_title":"Dr. Tillwich Kunststoff\u00f6l K4563\/600","og_description":"Dr. Tillwich Plastic Oil K4563\/600 ist ein Pr\u00e4zisions\u00f6l f\u00fcr Automobil- und Luftfahrtinstrumente mit sehr guter Haltbarkeit und ausgezeichneter Langzeitstabilit\u00e4t.","og_url":"https:\/\/www.credimex.ch\/de\/produkt\/dr-tillwich-plastic-oil-k4563-600\/","og_site_name":"CREDIMEX","article_publisher":"https:\/\/www.facebook.com\/credimex.alpnach\/","article_modified_time":"2023-01-03T08:24:01+00:00","og_image":[{"width":1536,"height":1024,"url":"https:\/\/www.credimex.ch\/wp-content\/uploads\/2022\/06\/Plastic-Oil-K4563600.jpg","type":"image\/jpeg"}],"twitter_card":"summary_large_image","twitter_misc":{"Gesch\u00e4tzte Lesezeit":"1\u00a0Minute"},"schema":{"@context":"https:\/\/schema.org","@graph":[{"@type":"WebPage","@id":"https:\/\/www.credimex.ch\/de\/produkt\/dr-tillwich-plastic-oil-k4563-600\/","url":"https:\/\/www.credimex.ch\/de\/produkt\/dr-tillwich-plastic-oil-k4563-600\/","name":"Dr. Tillwich Kunststoff\u00f6l K4563\/600 - CREDIMEX","isPartOf":{"@id":"https:\/\/www.credimex.ch\/de\/#website"},"primaryImageOfPage":{"@id":"https:\/\/www.credimex.ch\/de\/produkt\/dr-tillwich-plastic-oil-k4563-600\/#primaryimage"},"image":{"@id":"https:\/\/www.credimex.ch\/de\/produkt\/dr-tillwich-plastic-oil-k4563-600\/#primaryimage"},"thumbnailUrl":"https:\/\/www.credimex.ch\/wp-content\/uploads\/2022\/06\/Plastic-Oil-K4563600.jpg","datePublished":"2022-06-22T10:57:31+00:00","dateModified":"2023-01-03T08:24:01+00:00","description":"Dr. Tillwich Plastic Oil K4563\/600 ist ein Pr\u00e4zisions\u00f6l f\u00fcr Automobil- und Luftfahrtinstrumente mit sehr guter Haltbarkeit und ausgezeichneter Langzeitstabilit\u00e4t.","breadcrumb":{"@id":"https:\/\/www.credimex.ch\/de\/produkt\/dr-tillwich-plastic-oil-k4563-600\/#breadcrumb"},"inLanguage":"de","potentialAction":[{"@type":"ReadAction","target":["https:\/\/www.credimex.ch\/de\/produkt\/dr-tillwich-plastic-oil-k4563-600\/"]}]},{"@type":"ImageObject","inLanguage":"de","@id":"https:\/\/www.credimex.ch\/de\/produkt\/dr-tillwich-plastic-oil-k4563-600\/#primaryimage","url":"https:\/\/www.credimex.ch\/wp-content\/uploads\/2022\/06\/Plastic-Oil-K4563600.jpg","contentUrl":"https:\/\/www.credimex.ch\/wp-content\/uploads\/2022\/06\/Plastic-Oil-K4563600.jpg","width":1536,"height":1024},{"@type":"BreadcrumbList","@id":"https:\/\/www.credimex.ch\/de\/produkt\/dr-tillwich-plastic-oil-k4563-600\/#breadcrumb","itemListElement":[{"@type":"ListItem","position":1,"name":"Home","item":"https:\/\/www.credimex.ch\/de\/"},{"@type":"ListItem","position":2,"name":"Produkte","item":"https:\/\/www.credimex.ch\/de\/produkte\/"},{"@type":"ListItem","position":3,"name":"Dr. Tillwich Kunststoff\u00f6l K4563\/600"}]},{"@type":"WebSite","@id":"https:\/\/www.credimex.ch\/de\/#website","url":"https:\/\/www.credimex.ch\/de\/","name":"CREDIMEX","description":"Partner of Swiss Industrial Market","publisher":{"@id":"https:\/\/www.credimex.ch\/de\/#organization"},"potentialAction":[{"@type":"SearchAction","target":{"@type":"EntryPoint","urlTemplate":"https:\/\/www.credimex.ch\/de\/?s={search_term_string}"},"query-input":{"@type":"PropertyValueSpecification","valueRequired":true,"valueName":"search_term_string"}}],"inLanguage":"de"},{"@type":"Organization","@id":"https:\/\/www.credimex.ch\/de\/#organization","name":"credimex","url":"https:\/\/www.credimex.ch\/de\/","logo":{"@type":"ImageObject","inLanguage":"de","@id":"https:\/\/www.credimex.ch\/de\/#\/schema\/logo\/image\/","url":"https:\/\/www.credimex.ch\/wp-content\/uploads\/2022\/03\/cropped-logo-credimex.png","contentUrl":"https:\/\/www.credimex.ch\/wp-content\/uploads\/2022\/03\/cropped-logo-credimex.png","width":512,"height":512,"caption":"credimex"},"image":{"@id":"https:\/\/www.credimex.ch\/de\/#\/schema\/logo\/image\/"},"sameAs":["https:\/\/www.facebook.com\/credimex.alpnach\/","https:\/\/www.linkedin.com\/company\/credimex\/","https:\/\/www.youtube.com\/@CREDIMEX?sub_confirmation=1"]}]}},"_links":{"self":[{"href":"https:\/\/www.credimex.ch\/de\/wp-json\/wp\/v2\/product\/4282","targetHints":{"allow":["GET"]}}],"collection":[{"href":"https:\/\/www.credimex.ch\/de\/wp-json\/wp\/v2\/product"}],"about":[{"href":"https:\/\/www.credimex.ch\/de\/wp-json\/wp\/v2\/types\/product"}],"replies":[{"embeddable":true,"href":"https:\/\/www.credimex.ch\/de\/wp-json\/wp\/v2\/comments?post=4282"}],"wp:featuredmedia":[{"embeddable":true,"href":"https:\/\/www.credimex.ch\/de\/wp-json\/wp\/v2\/media\/3309"}],"wp:attachment":[{"href":"https:\/\/www.credimex.ch\/de\/wp-json\/wp\/v2\/media?parent=4282"}],"wp:term":[{"taxonomy":"product_brand","embeddable":true,"href":"https:\/\/www.credimex.ch\/de\/wp-json\/wp\/v2\/product_brand?post=4282"},{"taxonomy":"product_cat","embeddable":true,"href":"https:\/\/www.credimex.ch\/de\/wp-json\/wp\/v2\/product_cat?post=4282"},{"taxonomy":"product_tag","embeddable":true,"href":"https:\/\/www.credimex.ch\/de\/wp-json\/wp\/v2\/product_tag?post=4282"}],"curies":[{"name":"wp","href":"https:\/\/api.w.org\/{rel}","templated":true}]}}