{"id":4284,"date":"2022-06-22T12:50:20","date_gmt":"2022-06-22T10:50:20","guid":{"rendered":"https:\/\/www.credimex.ch.mialias.net\/product\/dr-tillwich-gyrosynth-99214\/"},"modified":"2023-01-03T09:24:09","modified_gmt":"2023-01-03T08:24:09","slug":"dr-tillwich-gyrosynth-99214","status":"publish","type":"product","link":"https:\/\/www.credimex.ch\/de\/produkt\/dr-tillwich-gyrosynth-99214\/","title":{"rendered":"Dr. Tillwich Gyrosynth 99214"},"content":{"rendered":"<h2>Beschreibung<\/h2>\n<p>Dr. Tillwich Gyrosynth 99214 ist ein vollsynthetisches Pr\u00e4zisions\u00f6l mit sehr guter Haltbarkeit, Stabilit\u00e4t und hervorragenden verschleissmindernden Eigenschaften.<\/p>\n<h2>Produktvorteile<\/h2>\n<div class=\"page\" title=\"Seite 1\">\n<div class=\"section\">\n<div class=\"layoutArea\">\n<div class=\"column\">\n<ul>\n<li>Sehr gutes Reibungsverhalten bei hohen Belastungen und hohen Gleitgeschwindigkeiten.<\/li>\n<li>Ausgezeichnete verschleissmindernde Eigenschaften.<\/li>\n<li>Hervorragende Alterungsbest\u00e4ndigkeit auch bei Kontakt mit Nichteisen-Schwermetallen.<\/li>\n<li>Lebensdauerschmierung ist m\u00f6glich.<\/li>\n<li>Gute Benetzungseigenschaften.<\/li>\n<\/ul>\n<\/div>\n<\/div>\n<\/div>\n<\/div>\n<h2>Anwendung<\/h2>\n<div class=\"page\" title=\"Seite 1\">\n<div class=\"layoutArea\">\n<div class=\"column\">\n<div class=\"page\" title=\"Seite 1\">\n<div class=\"section\">\n<div class=\"layoutArea\">\n<div class=\"column\">\n<ul>\n<li>Pr\u00e4zisionsschmierstoff f\u00fcr alle Arten von Metalllagern (z. B. Messing\/Stahl, Stahl\/Stahl, Aluminium\/Stahl, usw.).<\/li>\n<li>F\u00fcr Pr\u00e4zisionskugellager, Sinterlager, Miniatur-Pr\u00e4zisionszahnr\u00e4der, Radiallager, usw.<\/li>\n<\/ul>\n<\/div>\n<\/div>\n<\/div>\n<\/div>\n<\/div>\n<\/div>\n<\/div>\n","protected":false},"excerpt":{"rendered":"<p><strong>Dr. Tillwich Gyrosynth 99214<\/strong> ist ein vollsynthetisches Pr\u00e4zisions\u00f6l mit sehr guter Haltbarkeit, Stabilit\u00e4t und hervorragenden verschleissmindernden Eigenschaften.<\/p>\n","protected":false},"featured_media":3305,"comment_status":"open","ping_status":"closed","template":"","meta":{"_acf_changed":false},"product_brand":[],"product_cat":[654,353,354,478],"product_tag":[],"class_list":{"0":"post-4284","1":"product","2":"type-product","3":"status-publish","4":"has-post-thumbnail","6":"product_cat-dr-tillwich","7":"product_cat-industrie-schmierstoffe","8":"product_cat-ol","9":"product_cat-uhrenherstellung","10":"pa_brands-dr-tillwich-de","12":"first","13":"instock","14":"shipping-taxable","15":"product-type-simple"},"acf":[],"_yoast_wpseo_focuskw":"Dr. Tillwich Gyrosynth 99214","_yoast_wpseo_metadesc":"Dr. Tillwich Gyrosynth 99214 ist ein vollsynthetisches Pr\u00e4zisions\u00f6l mit sehr guter Haltbarkeit, Stabilit\u00e4t und hervorragenden verschleissmindernden Eigenschaften.","yoast_head":"<!-- This site is optimized with the Yoast SEO Premium plugin v21.6 (Yoast SEO v27.4) - https:\/\/yoast.com\/product\/yoast-seo-premium-wordpress\/ -->\n<title>Dr. Tillwich Gyrosynth 99214 - CREDIMEX<\/title>\n<meta name=\"description\" content=\"Dr. Tillwich Gyrosynth 99214 ist ein vollsynthetisches Pr\u00e4zisions\u00f6l mit sehr guter Haltbarkeit, Stabilit\u00e4t und hervorragenden verschleissmindernden Eigenschaften.\" \/>\n<meta name=\"robots\" content=\"index, follow, max-snippet:-1, max-image-preview:large, max-video-preview:-1\" \/>\n<link rel=\"canonical\" href=\"https:\/\/www.credimex.ch\/de\/produkt\/dr-tillwich-gyrosynth-99214\/\" \/>\n<meta property=\"og:locale\" content=\"de_DE\" \/>\n<meta property=\"og:type\" content=\"article\" \/>\n<meta property=\"og:title\" content=\"Dr. Tillwich Gyrosynth 99214\" \/>\n<meta property=\"og:description\" content=\"Dr. Tillwich Gyrosynth 99214 ist ein vollsynthetisches Pr\u00e4zisions\u00f6l mit sehr guter Haltbarkeit, Stabilit\u00e4t und hervorragenden verschleissmindernden Eigenschaften.\" \/>\n<meta property=\"og:url\" content=\"https:\/\/www.credimex.ch\/de\/produkt\/dr-tillwich-gyrosynth-99214\/\" \/>\n<meta property=\"og:site_name\" content=\"CREDIMEX\" \/>\n<meta property=\"article:publisher\" content=\"https:\/\/www.facebook.com\/credimex.alpnach\/\" \/>\n<meta property=\"article:modified_time\" content=\"2023-01-03T08:24:09+00:00\" \/>\n<meta property=\"og:image\" content=\"https:\/\/www.credimex.ch\/wp-content\/uploads\/2022\/06\/Dr-Tillwich-Gyrosynth-99214-1024x921.png\" \/>\n\t<meta property=\"og:image:width\" content=\"1024\" \/>\n\t<meta property=\"og:image:height\" content=\"921\" \/>\n\t<meta property=\"og:image:type\" content=\"image\/png\" \/>\n<meta name=\"twitter:card\" content=\"summary_large_image\" \/>\n<script type=\"application\/ld+json\" class=\"yoast-schema-graph\">{\"@context\":\"https:\\\/\\\/schema.org\",\"@graph\":[{\"@type\":\"WebPage\",\"@id\":\"https:\\\/\\\/www.credimex.ch\\\/de\\\/produkt\\\/dr-tillwich-gyrosynth-99214\\\/\",\"url\":\"https:\\\/\\\/www.credimex.ch\\\/de\\\/produkt\\\/dr-tillwich-gyrosynth-99214\\\/\",\"name\":\"Dr. Tillwich Gyrosynth 99214 - CREDIMEX\",\"isPartOf\":{\"@id\":\"https:\\\/\\\/www.credimex.ch\\\/de\\\/#website\"},\"primaryImageOfPage\":{\"@id\":\"https:\\\/\\\/www.credimex.ch\\\/de\\\/produkt\\\/dr-tillwich-gyrosynth-99214\\\/#primaryimage\"},\"image\":{\"@id\":\"https:\\\/\\\/www.credimex.ch\\\/de\\\/produkt\\\/dr-tillwich-gyrosynth-99214\\\/#primaryimage\"},\"thumbnailUrl\":\"https:\\\/\\\/www.credimex.ch\\\/wp-content\\\/uploads\\\/2022\\\/06\\\/Dr-Tillwich-Gyrosynth-99214.png\",\"datePublished\":\"2022-06-22T10:50:20+00:00\",\"dateModified\":\"2023-01-03T08:24:09+00:00\",\"description\":\"Dr. Tillwich Gyrosynth 99214 ist ein vollsynthetisches Pr\u00e4zisions\u00f6l mit sehr guter Haltbarkeit, Stabilit\u00e4t und hervorragenden verschleissmindernden Eigenschaften.\",\"breadcrumb\":{\"@id\":\"https:\\\/\\\/www.credimex.ch\\\/de\\\/produkt\\\/dr-tillwich-gyrosynth-99214\\\/#breadcrumb\"},\"inLanguage\":\"de\",\"potentialAction\":[{\"@type\":\"ReadAction\",\"target\":[\"https:\\\/\\\/www.credimex.ch\\\/de\\\/produkt\\\/dr-tillwich-gyrosynth-99214\\\/\"]}]},{\"@type\":\"ImageObject\",\"inLanguage\":\"de\",\"@id\":\"https:\\\/\\\/www.credimex.ch\\\/de\\\/produkt\\\/dr-tillwich-gyrosynth-99214\\\/#primaryimage\",\"url\":\"https:\\\/\\\/www.credimex.ch\\\/wp-content\\\/uploads\\\/2022\\\/06\\\/Dr-Tillwich-Gyrosynth-99214.png\",\"contentUrl\":\"https:\\\/\\\/www.credimex.ch\\\/wp-content\\\/uploads\\\/2022\\\/06\\\/Dr-Tillwich-Gyrosynth-99214.png\",\"width\":1630,\"height\":1466},{\"@type\":\"BreadcrumbList\",\"@id\":\"https:\\\/\\\/www.credimex.ch\\\/de\\\/produkt\\\/dr-tillwich-gyrosynth-99214\\\/#breadcrumb\",\"itemListElement\":[{\"@type\":\"ListItem\",\"position\":1,\"name\":\"Home\",\"item\":\"https:\\\/\\\/www.credimex.ch\\\/de\\\/\"},{\"@type\":\"ListItem\",\"position\":2,\"name\":\"Produkte\",\"item\":\"https:\\\/\\\/www.credimex.ch\\\/de\\\/produkte\\\/\"},{\"@type\":\"ListItem\",\"position\":3,\"name\":\"Dr. Tillwich Gyrosynth 99214\"}]},{\"@type\":\"WebSite\",\"@id\":\"https:\\\/\\\/www.credimex.ch\\\/de\\\/#website\",\"url\":\"https:\\\/\\\/www.credimex.ch\\\/de\\\/\",\"name\":\"CREDIMEX\",\"description\":\"Partner of Swiss Industrial Market\",\"publisher\":{\"@id\":\"https:\\\/\\\/www.credimex.ch\\\/de\\\/#organization\"},\"potentialAction\":[{\"@type\":\"SearchAction\",\"target\":{\"@type\":\"EntryPoint\",\"urlTemplate\":\"https:\\\/\\\/www.credimex.ch\\\/de\\\/?s={search_term_string}\"},\"query-input\":{\"@type\":\"PropertyValueSpecification\",\"valueRequired\":true,\"valueName\":\"search_term_string\"}}],\"inLanguage\":\"de\"},{\"@type\":\"Organization\",\"@id\":\"https:\\\/\\\/www.credimex.ch\\\/de\\\/#organization\",\"name\":\"credimex\",\"url\":\"https:\\\/\\\/www.credimex.ch\\\/de\\\/\",\"logo\":{\"@type\":\"ImageObject\",\"inLanguage\":\"de\",\"@id\":\"https:\\\/\\\/www.credimex.ch\\\/de\\\/#\\\/schema\\\/logo\\\/image\\\/\",\"url\":\"https:\\\/\\\/www.credimex.ch\\\/wp-content\\\/uploads\\\/2022\\\/03\\\/cropped-logo-credimex.png\",\"contentUrl\":\"https:\\\/\\\/www.credimex.ch\\\/wp-content\\\/uploads\\\/2022\\\/03\\\/cropped-logo-credimex.png\",\"width\":512,\"height\":512,\"caption\":\"credimex\"},\"image\":{\"@id\":\"https:\\\/\\\/www.credimex.ch\\\/de\\\/#\\\/schema\\\/logo\\\/image\\\/\"},\"sameAs\":[\"https:\\\/\\\/www.facebook.com\\\/credimex.alpnach\\\/\",\"https:\\\/\\\/www.linkedin.com\\\/company\\\/credimex\\\/\",\"https:\\\/\\\/www.youtube.com\\\/@CREDIMEX?sub_confirmation=1\"]}]}<\/script>\n<!-- \/ Yoast SEO Premium plugin. -->","yoast_head_json":{"title":"Dr. Tillwich Gyrosynth 99214 - CREDIMEX","description":"Dr. Tillwich Gyrosynth 99214 ist ein vollsynthetisches Pr\u00e4zisions\u00f6l mit sehr guter Haltbarkeit, Stabilit\u00e4t und hervorragenden verschleissmindernden Eigenschaften.","robots":{"index":"index","follow":"follow","max-snippet":"max-snippet:-1","max-image-preview":"max-image-preview:large","max-video-preview":"max-video-preview:-1"},"canonical":"https:\/\/www.credimex.ch\/de\/produkt\/dr-tillwich-gyrosynth-99214\/","og_locale":"de_DE","og_type":"article","og_title":"Dr. Tillwich Gyrosynth 99214","og_description":"Dr. Tillwich Gyrosynth 99214 ist ein vollsynthetisches Pr\u00e4zisions\u00f6l mit sehr guter Haltbarkeit, Stabilit\u00e4t und hervorragenden verschleissmindernden Eigenschaften.","og_url":"https:\/\/www.credimex.ch\/de\/produkt\/dr-tillwich-gyrosynth-99214\/","og_site_name":"CREDIMEX","article_publisher":"https:\/\/www.facebook.com\/credimex.alpnach\/","article_modified_time":"2023-01-03T08:24:09+00:00","og_image":[{"width":1024,"height":921,"url":"https:\/\/www.credimex.ch\/wp-content\/uploads\/2022\/06\/Dr-Tillwich-Gyrosynth-99214-1024x921.png","type":"image\/png"}],"twitter_card":"summary_large_image","schema":{"@context":"https:\/\/schema.org","@graph":[{"@type":"WebPage","@id":"https:\/\/www.credimex.ch\/de\/produkt\/dr-tillwich-gyrosynth-99214\/","url":"https:\/\/www.credimex.ch\/de\/produkt\/dr-tillwich-gyrosynth-99214\/","name":"Dr. Tillwich Gyrosynth 99214 - CREDIMEX","isPartOf":{"@id":"https:\/\/www.credimex.ch\/de\/#website"},"primaryImageOfPage":{"@id":"https:\/\/www.credimex.ch\/de\/produkt\/dr-tillwich-gyrosynth-99214\/#primaryimage"},"image":{"@id":"https:\/\/www.credimex.ch\/de\/produkt\/dr-tillwich-gyrosynth-99214\/#primaryimage"},"thumbnailUrl":"https:\/\/www.credimex.ch\/wp-content\/uploads\/2022\/06\/Dr-Tillwich-Gyrosynth-99214.png","datePublished":"2022-06-22T10:50:20+00:00","dateModified":"2023-01-03T08:24:09+00:00","description":"Dr. Tillwich Gyrosynth 99214 ist ein vollsynthetisches Pr\u00e4zisions\u00f6l mit sehr guter Haltbarkeit, Stabilit\u00e4t und hervorragenden verschleissmindernden Eigenschaften.","breadcrumb":{"@id":"https:\/\/www.credimex.ch\/de\/produkt\/dr-tillwich-gyrosynth-99214\/#breadcrumb"},"inLanguage":"de","potentialAction":[{"@type":"ReadAction","target":["https:\/\/www.credimex.ch\/de\/produkt\/dr-tillwich-gyrosynth-99214\/"]}]},{"@type":"ImageObject","inLanguage":"de","@id":"https:\/\/www.credimex.ch\/de\/produkt\/dr-tillwich-gyrosynth-99214\/#primaryimage","url":"https:\/\/www.credimex.ch\/wp-content\/uploads\/2022\/06\/Dr-Tillwich-Gyrosynth-99214.png","contentUrl":"https:\/\/www.credimex.ch\/wp-content\/uploads\/2022\/06\/Dr-Tillwich-Gyrosynth-99214.png","width":1630,"height":1466},{"@type":"BreadcrumbList","@id":"https:\/\/www.credimex.ch\/de\/produkt\/dr-tillwich-gyrosynth-99214\/#breadcrumb","itemListElement":[{"@type":"ListItem","position":1,"name":"Home","item":"https:\/\/www.credimex.ch\/de\/"},{"@type":"ListItem","position":2,"name":"Produkte","item":"https:\/\/www.credimex.ch\/de\/produkte\/"},{"@type":"ListItem","position":3,"name":"Dr. Tillwich Gyrosynth 99214"}]},{"@type":"WebSite","@id":"https:\/\/www.credimex.ch\/de\/#website","url":"https:\/\/www.credimex.ch\/de\/","name":"CREDIMEX","description":"Partner of Swiss Industrial Market","publisher":{"@id":"https:\/\/www.credimex.ch\/de\/#organization"},"potentialAction":[{"@type":"SearchAction","target":{"@type":"EntryPoint","urlTemplate":"https:\/\/www.credimex.ch\/de\/?s={search_term_string}"},"query-input":{"@type":"PropertyValueSpecification","valueRequired":true,"valueName":"search_term_string"}}],"inLanguage":"de"},{"@type":"Organization","@id":"https:\/\/www.credimex.ch\/de\/#organization","name":"credimex","url":"https:\/\/www.credimex.ch\/de\/","logo":{"@type":"ImageObject","inLanguage":"de","@id":"https:\/\/www.credimex.ch\/de\/#\/schema\/logo\/image\/","url":"https:\/\/www.credimex.ch\/wp-content\/uploads\/2022\/03\/cropped-logo-credimex.png","contentUrl":"https:\/\/www.credimex.ch\/wp-content\/uploads\/2022\/03\/cropped-logo-credimex.png","width":512,"height":512,"caption":"credimex"},"image":{"@id":"https:\/\/www.credimex.ch\/de\/#\/schema\/logo\/image\/"},"sameAs":["https:\/\/www.facebook.com\/credimex.alpnach\/","https:\/\/www.linkedin.com\/company\/credimex\/","https:\/\/www.youtube.com\/@CREDIMEX?sub_confirmation=1"]}]}},"_links":{"self":[{"href":"https:\/\/www.credimex.ch\/de\/wp-json\/wp\/v2\/product\/4284","targetHints":{"allow":["GET"]}}],"collection":[{"href":"https:\/\/www.credimex.ch\/de\/wp-json\/wp\/v2\/product"}],"about":[{"href":"https:\/\/www.credimex.ch\/de\/wp-json\/wp\/v2\/types\/product"}],"replies":[{"embeddable":true,"href":"https:\/\/www.credimex.ch\/de\/wp-json\/wp\/v2\/comments?post=4284"}],"wp:featuredmedia":[{"embeddable":true,"href":"https:\/\/www.credimex.ch\/de\/wp-json\/wp\/v2\/media\/3305"}],"wp:attachment":[{"href":"https:\/\/www.credimex.ch\/de\/wp-json\/wp\/v2\/media?parent=4284"}],"wp:term":[{"taxonomy":"product_brand","embeddable":true,"href":"https:\/\/www.credimex.ch\/de\/wp-json\/wp\/v2\/product_brand?post=4284"},{"taxonomy":"product_cat","embeddable":true,"href":"https:\/\/www.credimex.ch\/de\/wp-json\/wp\/v2\/product_cat?post=4284"},{"taxonomy":"product_tag","embeddable":true,"href":"https:\/\/www.credimex.ch\/de\/wp-json\/wp\/v2\/product_tag?post=4284"}],"curies":[{"name":"wp","href":"https:\/\/api.w.org\/{rel}","templated":true}]}}