{"id":4404,"date":"2022-07-06T15:54:32","date_gmt":"2022-07-06T13:54:32","guid":{"rendered":"https:\/\/www.credimex.ch.mialias.net\/product\/enidine-luftfedern-einzelluft-antrieb\/"},"modified":"2023-07-10T15:56:15","modified_gmt":"2023-07-10T13:56:15","slug":"enidine-luftfedern-einzelluft-antrieb","status":"publish","type":"product","link":"https:\/\/www.credimex.ch\/de\/produkt\/enidine-luftfedern-einzelluft-antrieb\/","title":{"rendered":"ENIDINE Einfach-Balgzylinder"},"content":{"rendered":"<h2>Beschreibung<\/h2>\n<p>Der ENIDINE Einfach-Balgzylinder ist \u00e4usserst langlebig, pr\u00e4zise konstruiert und kosteng\u00fcnstig f\u00fcr den Einsatz in einer Vielzahl von Bet\u00e4tigungs- und Schwingungsisolierungsanwendungen. Mit ihren bew\u00e4hrten Konstruktionen aus gewebeverst\u00e4rktem Wingprene\u2122 oder Naturkautschuk und korrosionsgesch\u00fctzten Endhaltern, bieten die ENIDINE -Luftfedern h\u00f6chste Qualit\u00e4t und Leistung. Als Aktoren k\u00f6nnen sie entweder eine lineare oder eine gewinkelte Bewegung ausf\u00fchren.<\/p>\n<p><img fetchpriority=\"high\" decoding=\"async\" class=\"alignnone size-full wp-image-1397\" src=\"https:\/\/www.credimex.ch\/wp-content\/uploads\/2022\/07\/Air15.webp\" alt=\"\" width=\"600\" height=\"355\" srcset=\"https:\/\/www.credimex.ch\/wp-content\/uploads\/2022\/07\/Air15.webp 600w, https:\/\/www.credimex.ch\/wp-content\/uploads\/2022\/07\/Air15-300x178.webp 300w\" sizes=\"(max-width: 600px) 100vw, 600px\" \/><\/p>\n<h2>Produktvorteile<\/h2>\n<p>Diese Luftfederb\u00e4lge bieten im Vergleich zu Druckluftzylindern ein g\u00fcnstiges Verh\u00e4ltnis von Hub zu Druckh\u00f6he und k\u00f6nnen mit einer Vielzahl von Bet\u00e4tigungsmedien wie Luft, Wasser, Stickstoff oder Frostschutzmittel betrieben werden. Als Isolatoren reduzieren sie wirksam sch\u00e4dliche Auswirkungen von Vibrationen. Gleichzeitig isolieren sie Schwingungen, regulieren die Lasth\u00f6he und erm\u00f6glichen dabei auch eine gleichm\u00e4ssige Schwingungsisolierung bei wechselnden Belastungen.<\/p>\n<h2>Anwendung<\/h2>\n<ul>\n<li>Beh\u00e4lter-Kippvorrichtungen<\/li>\n<li>Palettierer, Etikettenapplikatoren in Verpackungsanlagen<\/li>\n<li>Fahrgesch\u00e4fte in Vergn\u00fcgungsparks<\/li>\n<li>Kupplungs- und Bremssysteme<\/li>\n<li>Einspritzen oder Auswerfen von Teilen in Fertigungsanlagen<\/li>\n<li>Vertikale Hubkraft f\u00fcr Plattformen und Drehtische<\/li>\n<li>F\u00f6rder- oder Transfersysteme<\/li>\n<li>Drehwellenantriebe<\/li>\n<li>Kompressoren<\/li>\n<li>Vibrationsf\u00f6rderer<\/li>\n<li>Grosse Trocknungsmaschinen<\/li>\n<li>Zentrifugalabscheider<\/li>\n<li>Messtische und Maschinen koordinieren<\/li>\n<li>Gewerbliche W\u00e4schereimaschinen<\/li>\n<li>Elektronische Ausr\u00fcstung<\/li>\n<li>Textilwebst\u00fchle<\/li>\n<li>Ladestellen am F\u00f6rderband<\/li>\n<\/ul>\n","protected":false},"excerpt":{"rendered":"<p>Der <strong>ENIDINE Einfach-Balgzylinder<\/strong>\u00a0ist \u00e4usserst langlebig, pr\u00e4zise konstruiert und kosteneffizient f\u00fcr den Einsatz in einer Vielzahl von Antriebs- und Schwingungsisolationsanwendungen<\/p>\n","protected":false},"featured_media":6075,"comment_status":"open","ping_status":"closed","template":"","meta":{"_acf_changed":false},"product_brand":[],"product_cat":[369,351,419,380,379,417,390,558,370,352,420,629,418,478,682],"product_tag":[],"class_list":{"0":"post-4404","1":"product","2":"type-product","3":"status-publish","4":"has-post-thumbnail","6":"product_cat-allgemeine-industrie","7":"product_cat-automobilindustrie","8":"product_cat-batterien","9":"product_cat-e-mobilitat","10":"product_cat-eisenbahn","11":"product_cat-elektronik","12":"product_cat-energie","13":"product_cat-enidine","14":"product_cat-lebensmittelindustrie","15":"product_cat-luft-und-raumfahrtindustrie","16":"product_cat-medizinal-industrie","17":"product_cat-schwingungsisolierung","18":"product_cat-seilbahnen","19":"product_cat-uhrenherstellung","20":"product_cat-luftfeder-balgzylinder","21":"pa_brands-enidin","23":"first","24":"instock","25":"shipping-taxable","26":"product-type-simple"},"acf":[],"_yoast_wpseo_focuskw":"Enidine Einfach-Balgzylinder","_yoast_wpseo_metadesc":"Der ENIDINE Einfach-Balgzylinder ist \u00e4usserst langlebig, pr\u00e4zise konstruiert und kosteng\u00fcnstig f\u00fcr den Einsatz in der Schwingungsisolierung.","yoast_head":"<!-- This site is optimized with the Yoast SEO Premium plugin v21.6 (Yoast SEO v27.4) - https:\/\/yoast.com\/product\/yoast-seo-premium-wordpress\/ -->\n<title>ENIDINE Einfach-Balgzylinder - CREDIMEX<\/title>\n<meta name=\"description\" content=\"Der ENIDINE Einfach-Balgzylinder ist \u00e4usserst langlebig, pr\u00e4zise konstruiert und kosteng\u00fcnstig f\u00fcr den Einsatz in der Schwingungsisolierung.\" \/>\n<meta name=\"robots\" content=\"index, follow, max-snippet:-1, max-image-preview:large, max-video-preview:-1\" \/>\n<link rel=\"canonical\" href=\"https:\/\/www.credimex.ch\/de\/produkt\/enidine-luftfedern-einzelluft-antrieb\/\" \/>\n<meta property=\"og:locale\" content=\"de_DE\" \/>\n<meta property=\"og:type\" content=\"article\" \/>\n<meta property=\"og:title\" content=\"ENIDINE Einfach-Balgzylinder\" \/>\n<meta property=\"og:description\" content=\"Der ENIDINE Einfach-Balgzylinder ist \u00e4usserst langlebig, pr\u00e4zise konstruiert und kosteng\u00fcnstig f\u00fcr den Einsatz in der Schwingungsisolierung.\" \/>\n<meta property=\"og:url\" content=\"https:\/\/www.credimex.ch\/de\/produkt\/enidine-luftfedern-einzelluft-antrieb\/\" \/>\n<meta property=\"og:site_name\" content=\"CREDIMEX\" \/>\n<meta property=\"article:publisher\" content=\"https:\/\/www.facebook.com\/credimex.alpnach\/\" \/>\n<meta property=\"article:modified_time\" content=\"2023-07-10T13:56:15+00:00\" \/>\n<meta property=\"og:image\" content=\"https:\/\/www.credimex.ch\/wp-content\/uploads\/2023\/03\/Air-Spring-Single-2.png\" \/>\n\t<meta property=\"og:image:width\" content=\"649\" \/>\n\t<meta property=\"og:image:height\" content=\"535\" \/>\n\t<meta property=\"og:image:type\" content=\"image\/png\" \/>\n<meta name=\"twitter:card\" content=\"summary_large_image\" \/>\n<meta name=\"twitter:label1\" content=\"Gesch\u00e4tzte Lesezeit\" \/>\n\t<meta name=\"twitter:data1\" content=\"1\u00a0Minute\" \/>\n<script type=\"application\/ld+json\" class=\"yoast-schema-graph\">{\"@context\":\"https:\\\/\\\/schema.org\",\"@graph\":[{\"@type\":\"WebPage\",\"@id\":\"https:\\\/\\\/www.credimex.ch\\\/de\\\/produkt\\\/enidine-luftfedern-einzelluft-antrieb\\\/\",\"url\":\"https:\\\/\\\/www.credimex.ch\\\/de\\\/produkt\\\/enidine-luftfedern-einzelluft-antrieb\\\/\",\"name\":\"ENIDINE Einfach-Balgzylinder - CREDIMEX\",\"isPartOf\":{\"@id\":\"https:\\\/\\\/www.credimex.ch\\\/de\\\/#website\"},\"primaryImageOfPage\":{\"@id\":\"https:\\\/\\\/www.credimex.ch\\\/de\\\/produkt\\\/enidine-luftfedern-einzelluft-antrieb\\\/#primaryimage\"},\"image\":{\"@id\":\"https:\\\/\\\/www.credimex.ch\\\/de\\\/produkt\\\/enidine-luftfedern-einzelluft-antrieb\\\/#primaryimage\"},\"thumbnailUrl\":\"https:\\\/\\\/www.credimex.ch\\\/wp-content\\\/uploads\\\/2023\\\/03\\\/Air-Spring-Single-2.png\",\"datePublished\":\"2022-07-06T13:54:32+00:00\",\"dateModified\":\"2023-07-10T13:56:15+00:00\",\"description\":\"Der ENIDINE Einfach-Balgzylinder ist \u00e4usserst langlebig, pr\u00e4zise konstruiert und kosteng\u00fcnstig f\u00fcr den Einsatz in der Schwingungsisolierung.\",\"breadcrumb\":{\"@id\":\"https:\\\/\\\/www.credimex.ch\\\/de\\\/produkt\\\/enidine-luftfedern-einzelluft-antrieb\\\/#breadcrumb\"},\"inLanguage\":\"de\",\"potentialAction\":[{\"@type\":\"ReadAction\",\"target\":[\"https:\\\/\\\/www.credimex.ch\\\/de\\\/produkt\\\/enidine-luftfedern-einzelluft-antrieb\\\/\"]}]},{\"@type\":\"ImageObject\",\"inLanguage\":\"de\",\"@id\":\"https:\\\/\\\/www.credimex.ch\\\/de\\\/produkt\\\/enidine-luftfedern-einzelluft-antrieb\\\/#primaryimage\",\"url\":\"https:\\\/\\\/www.credimex.ch\\\/wp-content\\\/uploads\\\/2023\\\/03\\\/Air-Spring-Single-2.png\",\"contentUrl\":\"https:\\\/\\\/www.credimex.ch\\\/wp-content\\\/uploads\\\/2023\\\/03\\\/Air-Spring-Single-2.png\",\"width\":649,\"height\":535},{\"@type\":\"BreadcrumbList\",\"@id\":\"https:\\\/\\\/www.credimex.ch\\\/de\\\/produkt\\\/enidine-luftfedern-einzelluft-antrieb\\\/#breadcrumb\",\"itemListElement\":[{\"@type\":\"ListItem\",\"position\":1,\"name\":\"Home\",\"item\":\"https:\\\/\\\/www.credimex.ch\\\/de\\\/\"},{\"@type\":\"ListItem\",\"position\":2,\"name\":\"Produkte\",\"item\":\"https:\\\/\\\/www.credimex.ch\\\/de\\\/produkte\\\/\"},{\"@type\":\"ListItem\",\"position\":3,\"name\":\"ENIDINE Einfach-Balgzylinder\"}]},{\"@type\":\"WebSite\",\"@id\":\"https:\\\/\\\/www.credimex.ch\\\/de\\\/#website\",\"url\":\"https:\\\/\\\/www.credimex.ch\\\/de\\\/\",\"name\":\"CREDIMEX\",\"description\":\"Partner of Swiss Industrial Market\",\"publisher\":{\"@id\":\"https:\\\/\\\/www.credimex.ch\\\/de\\\/#organization\"},\"potentialAction\":[{\"@type\":\"SearchAction\",\"target\":{\"@type\":\"EntryPoint\",\"urlTemplate\":\"https:\\\/\\\/www.credimex.ch\\\/de\\\/?s={search_term_string}\"},\"query-input\":{\"@type\":\"PropertyValueSpecification\",\"valueRequired\":true,\"valueName\":\"search_term_string\"}}],\"inLanguage\":\"de\"},{\"@type\":\"Organization\",\"@id\":\"https:\\\/\\\/www.credimex.ch\\\/de\\\/#organization\",\"name\":\"credimex\",\"url\":\"https:\\\/\\\/www.credimex.ch\\\/de\\\/\",\"logo\":{\"@type\":\"ImageObject\",\"inLanguage\":\"de\",\"@id\":\"https:\\\/\\\/www.credimex.ch\\\/de\\\/#\\\/schema\\\/logo\\\/image\\\/\",\"url\":\"https:\\\/\\\/www.credimex.ch\\\/wp-content\\\/uploads\\\/2022\\\/03\\\/cropped-logo-credimex.png\",\"contentUrl\":\"https:\\\/\\\/www.credimex.ch\\\/wp-content\\\/uploads\\\/2022\\\/03\\\/cropped-logo-credimex.png\",\"width\":512,\"height\":512,\"caption\":\"credimex\"},\"image\":{\"@id\":\"https:\\\/\\\/www.credimex.ch\\\/de\\\/#\\\/schema\\\/logo\\\/image\\\/\"},\"sameAs\":[\"https:\\\/\\\/www.facebook.com\\\/credimex.alpnach\\\/\",\"https:\\\/\\\/www.linkedin.com\\\/company\\\/credimex\\\/\",\"https:\\\/\\\/www.youtube.com\\\/@CREDIMEX?sub_confirmation=1\"]}]}<\/script>\n<!-- \/ Yoast SEO Premium plugin. -->","yoast_head_json":{"title":"ENIDINE Einfach-Balgzylinder - CREDIMEX","description":"Der ENIDINE Einfach-Balgzylinder ist \u00e4usserst langlebig, pr\u00e4zise konstruiert und kosteng\u00fcnstig f\u00fcr den Einsatz in der Schwingungsisolierung.","robots":{"index":"index","follow":"follow","max-snippet":"max-snippet:-1","max-image-preview":"max-image-preview:large","max-video-preview":"max-video-preview:-1"},"canonical":"https:\/\/www.credimex.ch\/de\/produkt\/enidine-luftfedern-einzelluft-antrieb\/","og_locale":"de_DE","og_type":"article","og_title":"ENIDINE Einfach-Balgzylinder","og_description":"Der ENIDINE Einfach-Balgzylinder ist \u00e4usserst langlebig, pr\u00e4zise konstruiert und kosteng\u00fcnstig f\u00fcr den Einsatz in der Schwingungsisolierung.","og_url":"https:\/\/www.credimex.ch\/de\/produkt\/enidine-luftfedern-einzelluft-antrieb\/","og_site_name":"CREDIMEX","article_publisher":"https:\/\/www.facebook.com\/credimex.alpnach\/","article_modified_time":"2023-07-10T13:56:15+00:00","og_image":[{"width":649,"height":535,"url":"https:\/\/www.credimex.ch\/wp-content\/uploads\/2023\/03\/Air-Spring-Single-2.png","type":"image\/png"}],"twitter_card":"summary_large_image","twitter_misc":{"Gesch\u00e4tzte Lesezeit":"1\u00a0Minute"},"schema":{"@context":"https:\/\/schema.org","@graph":[{"@type":"WebPage","@id":"https:\/\/www.credimex.ch\/de\/produkt\/enidine-luftfedern-einzelluft-antrieb\/","url":"https:\/\/www.credimex.ch\/de\/produkt\/enidine-luftfedern-einzelluft-antrieb\/","name":"ENIDINE Einfach-Balgzylinder - CREDIMEX","isPartOf":{"@id":"https:\/\/www.credimex.ch\/de\/#website"},"primaryImageOfPage":{"@id":"https:\/\/www.credimex.ch\/de\/produkt\/enidine-luftfedern-einzelluft-antrieb\/#primaryimage"},"image":{"@id":"https:\/\/www.credimex.ch\/de\/produkt\/enidine-luftfedern-einzelluft-antrieb\/#primaryimage"},"thumbnailUrl":"https:\/\/www.credimex.ch\/wp-content\/uploads\/2023\/03\/Air-Spring-Single-2.png","datePublished":"2022-07-06T13:54:32+00:00","dateModified":"2023-07-10T13:56:15+00:00","description":"Der ENIDINE Einfach-Balgzylinder ist \u00e4usserst langlebig, pr\u00e4zise konstruiert und kosteng\u00fcnstig f\u00fcr den Einsatz in der Schwingungsisolierung.","breadcrumb":{"@id":"https:\/\/www.credimex.ch\/de\/produkt\/enidine-luftfedern-einzelluft-antrieb\/#breadcrumb"},"inLanguage":"de","potentialAction":[{"@type":"ReadAction","target":["https:\/\/www.credimex.ch\/de\/produkt\/enidine-luftfedern-einzelluft-antrieb\/"]}]},{"@type":"ImageObject","inLanguage":"de","@id":"https:\/\/www.credimex.ch\/de\/produkt\/enidine-luftfedern-einzelluft-antrieb\/#primaryimage","url":"https:\/\/www.credimex.ch\/wp-content\/uploads\/2023\/03\/Air-Spring-Single-2.png","contentUrl":"https:\/\/www.credimex.ch\/wp-content\/uploads\/2023\/03\/Air-Spring-Single-2.png","width":649,"height":535},{"@type":"BreadcrumbList","@id":"https:\/\/www.credimex.ch\/de\/produkt\/enidine-luftfedern-einzelluft-antrieb\/#breadcrumb","itemListElement":[{"@type":"ListItem","position":1,"name":"Home","item":"https:\/\/www.credimex.ch\/de\/"},{"@type":"ListItem","position":2,"name":"Produkte","item":"https:\/\/www.credimex.ch\/de\/produkte\/"},{"@type":"ListItem","position":3,"name":"ENIDINE Einfach-Balgzylinder"}]},{"@type":"WebSite","@id":"https:\/\/www.credimex.ch\/de\/#website","url":"https:\/\/www.credimex.ch\/de\/","name":"CREDIMEX","description":"Partner of Swiss Industrial Market","publisher":{"@id":"https:\/\/www.credimex.ch\/de\/#organization"},"potentialAction":[{"@type":"SearchAction","target":{"@type":"EntryPoint","urlTemplate":"https:\/\/www.credimex.ch\/de\/?s={search_term_string}"},"query-input":{"@type":"PropertyValueSpecification","valueRequired":true,"valueName":"search_term_string"}}],"inLanguage":"de"},{"@type":"Organization","@id":"https:\/\/www.credimex.ch\/de\/#organization","name":"credimex","url":"https:\/\/www.credimex.ch\/de\/","logo":{"@type":"ImageObject","inLanguage":"de","@id":"https:\/\/www.credimex.ch\/de\/#\/schema\/logo\/image\/","url":"https:\/\/www.credimex.ch\/wp-content\/uploads\/2022\/03\/cropped-logo-credimex.png","contentUrl":"https:\/\/www.credimex.ch\/wp-content\/uploads\/2022\/03\/cropped-logo-credimex.png","width":512,"height":512,"caption":"credimex"},"image":{"@id":"https:\/\/www.credimex.ch\/de\/#\/schema\/logo\/image\/"},"sameAs":["https:\/\/www.facebook.com\/credimex.alpnach\/","https:\/\/www.linkedin.com\/company\/credimex\/","https:\/\/www.youtube.com\/@CREDIMEX?sub_confirmation=1"]}]}},"_links":{"self":[{"href":"https:\/\/www.credimex.ch\/de\/wp-json\/wp\/v2\/product\/4404","targetHints":{"allow":["GET"]}}],"collection":[{"href":"https:\/\/www.credimex.ch\/de\/wp-json\/wp\/v2\/product"}],"about":[{"href":"https:\/\/www.credimex.ch\/de\/wp-json\/wp\/v2\/types\/product"}],"replies":[{"embeddable":true,"href":"https:\/\/www.credimex.ch\/de\/wp-json\/wp\/v2\/comments?post=4404"}],"wp:featuredmedia":[{"embeddable":true,"href":"https:\/\/www.credimex.ch\/de\/wp-json\/wp\/v2\/media\/6075"}],"wp:attachment":[{"href":"https:\/\/www.credimex.ch\/de\/wp-json\/wp\/v2\/media?parent=4404"}],"wp:term":[{"taxonomy":"product_brand","embeddable":true,"href":"https:\/\/www.credimex.ch\/de\/wp-json\/wp\/v2\/product_brand?post=4404"},{"taxonomy":"product_cat","embeddable":true,"href":"https:\/\/www.credimex.ch\/de\/wp-json\/wp\/v2\/product_cat?post=4404"},{"taxonomy":"product_tag","embeddable":true,"href":"https:\/\/www.credimex.ch\/de\/wp-json\/wp\/v2\/product_tag?post=4404"}],"curies":[{"name":"wp","href":"https:\/\/api.w.org\/{rel}","templated":true}]}}