{"id":4405,"date":"2022-07-06T16:00:10","date_gmt":"2022-07-06T14:00:10","guid":{"rendered":"https:\/\/www.credimex.ch.mialias.net\/product\/enidine-luftfedern-doppel-luft-antrieb\/"},"modified":"2023-07-10T15:32:22","modified_gmt":"2023-07-10T13:32:22","slug":"enidine-zweifach-balgzylinder","status":"publish","type":"product","link":"https:\/\/www.credimex.ch\/de\/produkt\/enidine-zweifach-balgzylinder\/","title":{"rendered":"ENIDINE Zweifach-Balgzylinder"},"content":{"rendered":"<h2>Beschreibung<\/h2>\n<p>Der ENIDINE Zweifach-Balgzylinder ist \u00e4usserst langlebig, pr\u00e4zise konstruiert und kosteng\u00fcnstig f\u00fcr den Einsatz in einer Vielzahl von Bet\u00e4tigungs- und Schwingungsisolierungsanwendungen. Mit ihren bew\u00e4hrten Konstruktionen aus gewebeverst\u00e4rktem Wingprene\u2122 oder Naturkautschuk und korrosionsgesch\u00fctzten Endhaltern, bieten ENIDINE-Luftfedern h\u00f6chste Qualit\u00e4t und Leistung. Als Aktoren k\u00f6nnen sie entweder eine lineare oder eine gewinkelte Bewegung ausf\u00fchren.<\/p>\n<p><img fetchpriority=\"high\" decoding=\"async\" class=\"alignnone size-full wp-image-1397\" src=\"https:\/\/www.credimex.ch\/wp-content\/uploads\/2022\/07\/Air15.webp\" alt=\"\" width=\"600\" height=\"355\" srcset=\"https:\/\/www.credimex.ch\/wp-content\/uploads\/2022\/07\/Air15.webp 600w, https:\/\/www.credimex.ch\/wp-content\/uploads\/2022\/07\/Air15-300x178.webp 300w\" sizes=\"(max-width: 600px) 100vw, 600px\" \/><\/p>\n<h2>Produktvorteile<\/h2>\n<p>Diese Produkte bieten im Vergleich zu Druckluftzylindern ein g\u00fcnstiges Verh\u00e4ltnis von Hub zu Druckh\u00f6he und k\u00f6nnen eine Vielzahl von Bet\u00e4tigungsmedien wie Luft, Wasser, Stickstoff oder Frostschutzmittel aufnehmen. Als Isolatoren reduzieren sie wirksam sch\u00e4dliche Auswirkungen von Vibrationen. Gleichzeitig isolieren sie Schwingungen, regulieren die Lasth\u00f6he und erm\u00f6glichen dabei auch eine gleichm\u00e4ssige Schwingungsisolierung bei wechselnden Belastungen.<\/p>\n<h2>Anwendung<\/h2>\n<ul>\n<li>Beh\u00e4lter-Kippvorrichtungen<\/li>\n<li>Palettierer, Etikettenapplikatoren in Verpackungsanlagen<\/li>\n<li>Fahrgesch\u00e4fte in Vergn\u00fcgungsparks<\/li>\n<li>Kupplungs- und Bremssysteme<\/li>\n<li>Einspritzen oder Auswerfen von Teilen in Fertigungsanlagen<\/li>\n<li>Vertikale Hubkraft f\u00fcr Plattformen und Drehtische<\/li>\n<li>F\u00f6rder- oder Transfersysteme<\/li>\n<li>Drehwellenantriebe<\/li>\n<li>Kompressoren<\/li>\n<li>Vibrationsf\u00f6rderer<\/li>\n<li>Grosse Trocknungsmaschinen<\/li>\n<li>Zentrifugalabscheider<\/li>\n<li>Messtische und Maschinen koordinieren<\/li>\n<li>Gewerbliche W\u00e4schereimaschinen<\/li>\n<li>Elektronische Ausr\u00fcstung<\/li>\n<li>Textilwebst\u00fchle<\/li>\n<li>Ladestellen am F\u00f6rderband<\/li>\n<\/ul>\n","protected":false},"excerpt":{"rendered":"<p>Der <strong>ENIDINE Zweifach-Balgzylinder<\/strong>\u00a0ist \u00e4usserst langlebig, pr\u00e4zise konstruiert und kosteng\u00fcnstig.<\/p>\n","protected":false},"featured_media":6079,"comment_status":"open","ping_status":"closed","template":"","meta":{"_acf_changed":false},"product_brand":[],"product_cat":[369,351,419,380,379,417,390,558,370,352,420,629,418,478,682],"product_tag":[],"class_list":{"0":"post-4405","1":"product","2":"type-product","3":"status-publish","4":"has-post-thumbnail","6":"product_cat-allgemeine-industrie","7":"product_cat-automobilindustrie","8":"product_cat-batterien","9":"product_cat-e-mobilitat","10":"product_cat-eisenbahn","11":"product_cat-elektronik","12":"product_cat-energie","13":"product_cat-enidine","14":"product_cat-lebensmittelindustrie","15":"product_cat-luft-und-raumfahrtindustrie","16":"product_cat-medizinal-industrie","17":"product_cat-schwingungsisolierung","18":"product_cat-seilbahnen","19":"product_cat-uhrenherstellung","20":"product_cat-luftfeder-balgzylinder","21":"pa_brands-enidin","23":"first","24":"instock","25":"shipping-taxable","26":"product-type-simple"},"acf":[],"_yoast_wpseo_focuskw":"Enidine Zweifach-Balgzylinder","_yoast_wpseo_metadesc":"Der ENIDINE Zweifach-Balgzylinder ist \u00e4usserst langlebig, pr\u00e4zise konstruiert und kosteng\u00fcnstig.","yoast_head":"<!-- This site is optimized with the Yoast SEO Premium plugin v21.6 (Yoast SEO v27.4) - https:\/\/yoast.com\/product\/yoast-seo-premium-wordpress\/ -->\n<title>ENIDINE Zweifach-Balgzylinder - CREDIMEX<\/title>\n<meta name=\"description\" content=\"Der ENIDINE Zweifach-Balgzylinder ist \u00e4usserst langlebig, pr\u00e4zise konstruiert und kosteng\u00fcnstig.\" \/>\n<meta name=\"robots\" content=\"index, follow, max-snippet:-1, max-image-preview:large, max-video-preview:-1\" \/>\n<link rel=\"canonical\" href=\"https:\/\/www.credimex.ch\/de\/produkt\/enidine-zweifach-balgzylinder\/\" \/>\n<meta property=\"og:locale\" content=\"de_DE\" \/>\n<meta property=\"og:type\" content=\"article\" \/>\n<meta property=\"og:title\" content=\"ENIDINE Zweifach-Balgzylinder\" \/>\n<meta property=\"og:description\" content=\"Der ENIDINE Zweifach-Balgzylinder ist \u00e4usserst langlebig, pr\u00e4zise konstruiert und kosteng\u00fcnstig.\" \/>\n<meta property=\"og:url\" content=\"https:\/\/www.credimex.ch\/de\/produkt\/enidine-zweifach-balgzylinder\/\" \/>\n<meta property=\"og:site_name\" content=\"CREDIMEX\" \/>\n<meta property=\"article:publisher\" content=\"https:\/\/www.facebook.com\/credimex.alpnach\/\" \/>\n<meta property=\"article:modified_time\" content=\"2023-07-10T13:32:22+00:00\" \/>\n<meta property=\"og:image\" content=\"https:\/\/www.credimex.ch\/wp-content\/uploads\/2023\/03\/Air-Spring-Double.png\" \/>\n\t<meta property=\"og:image:width\" content=\"516\" \/>\n\t<meta property=\"og:image:height\" content=\"403\" \/>\n\t<meta property=\"og:image:type\" content=\"image\/png\" \/>\n<meta name=\"twitter:card\" content=\"summary_large_image\" \/>\n<meta name=\"twitter:label1\" content=\"Gesch\u00e4tzte Lesezeit\" \/>\n\t<meta name=\"twitter:data1\" content=\"1\u00a0Minute\" \/>\n<script type=\"application\/ld+json\" class=\"yoast-schema-graph\">{\"@context\":\"https:\\\/\\\/schema.org\",\"@graph\":[{\"@type\":\"WebPage\",\"@id\":\"https:\\\/\\\/www.credimex.ch\\\/de\\\/produkt\\\/enidine-zweifach-balgzylinder\\\/\",\"url\":\"https:\\\/\\\/www.credimex.ch\\\/de\\\/produkt\\\/enidine-zweifach-balgzylinder\\\/\",\"name\":\"ENIDINE Zweifach-Balgzylinder - CREDIMEX\",\"isPartOf\":{\"@id\":\"https:\\\/\\\/www.credimex.ch\\\/de\\\/#website\"},\"primaryImageOfPage\":{\"@id\":\"https:\\\/\\\/www.credimex.ch\\\/de\\\/produkt\\\/enidine-zweifach-balgzylinder\\\/#primaryimage\"},\"image\":{\"@id\":\"https:\\\/\\\/www.credimex.ch\\\/de\\\/produkt\\\/enidine-zweifach-balgzylinder\\\/#primaryimage\"},\"thumbnailUrl\":\"https:\\\/\\\/www.credimex.ch\\\/wp-content\\\/uploads\\\/2023\\\/03\\\/Air-Spring-Double.png\",\"datePublished\":\"2022-07-06T14:00:10+00:00\",\"dateModified\":\"2023-07-10T13:32:22+00:00\",\"description\":\"Der ENIDINE Zweifach-Balgzylinder ist \u00e4usserst langlebig, pr\u00e4zise konstruiert und kosteng\u00fcnstig.\",\"breadcrumb\":{\"@id\":\"https:\\\/\\\/www.credimex.ch\\\/de\\\/produkt\\\/enidine-zweifach-balgzylinder\\\/#breadcrumb\"},\"inLanguage\":\"de\",\"potentialAction\":[{\"@type\":\"ReadAction\",\"target\":[\"https:\\\/\\\/www.credimex.ch\\\/de\\\/produkt\\\/enidine-zweifach-balgzylinder\\\/\"]}]},{\"@type\":\"ImageObject\",\"inLanguage\":\"de\",\"@id\":\"https:\\\/\\\/www.credimex.ch\\\/de\\\/produkt\\\/enidine-zweifach-balgzylinder\\\/#primaryimage\",\"url\":\"https:\\\/\\\/www.credimex.ch\\\/wp-content\\\/uploads\\\/2023\\\/03\\\/Air-Spring-Double.png\",\"contentUrl\":\"https:\\\/\\\/www.credimex.ch\\\/wp-content\\\/uploads\\\/2023\\\/03\\\/Air-Spring-Double.png\",\"width\":516,\"height\":403},{\"@type\":\"BreadcrumbList\",\"@id\":\"https:\\\/\\\/www.credimex.ch\\\/de\\\/produkt\\\/enidine-zweifach-balgzylinder\\\/#breadcrumb\",\"itemListElement\":[{\"@type\":\"ListItem\",\"position\":1,\"name\":\"Home\",\"item\":\"https:\\\/\\\/www.credimex.ch\\\/de\\\/\"},{\"@type\":\"ListItem\",\"position\":2,\"name\":\"Produkte\",\"item\":\"https:\\\/\\\/www.credimex.ch\\\/de\\\/produkte\\\/\"},{\"@type\":\"ListItem\",\"position\":3,\"name\":\"ENIDINE Zweifach-Balgzylinder\"}]},{\"@type\":\"WebSite\",\"@id\":\"https:\\\/\\\/www.credimex.ch\\\/de\\\/#website\",\"url\":\"https:\\\/\\\/www.credimex.ch\\\/de\\\/\",\"name\":\"CREDIMEX\",\"description\":\"Partner of Swiss Industrial Market\",\"publisher\":{\"@id\":\"https:\\\/\\\/www.credimex.ch\\\/de\\\/#organization\"},\"potentialAction\":[{\"@type\":\"SearchAction\",\"target\":{\"@type\":\"EntryPoint\",\"urlTemplate\":\"https:\\\/\\\/www.credimex.ch\\\/de\\\/?s={search_term_string}\"},\"query-input\":{\"@type\":\"PropertyValueSpecification\",\"valueRequired\":true,\"valueName\":\"search_term_string\"}}],\"inLanguage\":\"de\"},{\"@type\":\"Organization\",\"@id\":\"https:\\\/\\\/www.credimex.ch\\\/de\\\/#organization\",\"name\":\"credimex\",\"url\":\"https:\\\/\\\/www.credimex.ch\\\/de\\\/\",\"logo\":{\"@type\":\"ImageObject\",\"inLanguage\":\"de\",\"@id\":\"https:\\\/\\\/www.credimex.ch\\\/de\\\/#\\\/schema\\\/logo\\\/image\\\/\",\"url\":\"https:\\\/\\\/www.credimex.ch\\\/wp-content\\\/uploads\\\/2022\\\/03\\\/cropped-logo-credimex.png\",\"contentUrl\":\"https:\\\/\\\/www.credimex.ch\\\/wp-content\\\/uploads\\\/2022\\\/03\\\/cropped-logo-credimex.png\",\"width\":512,\"height\":512,\"caption\":\"credimex\"},\"image\":{\"@id\":\"https:\\\/\\\/www.credimex.ch\\\/de\\\/#\\\/schema\\\/logo\\\/image\\\/\"},\"sameAs\":[\"https:\\\/\\\/www.facebook.com\\\/credimex.alpnach\\\/\",\"https:\\\/\\\/www.linkedin.com\\\/company\\\/credimex\\\/\",\"https:\\\/\\\/www.youtube.com\\\/@CREDIMEX?sub_confirmation=1\"]}]}<\/script>\n<!-- \/ Yoast SEO Premium plugin. -->","yoast_head_json":{"title":"ENIDINE Zweifach-Balgzylinder - CREDIMEX","description":"Der ENIDINE Zweifach-Balgzylinder ist \u00e4usserst langlebig, pr\u00e4zise konstruiert und kosteng\u00fcnstig.","robots":{"index":"index","follow":"follow","max-snippet":"max-snippet:-1","max-image-preview":"max-image-preview:large","max-video-preview":"max-video-preview:-1"},"canonical":"https:\/\/www.credimex.ch\/de\/produkt\/enidine-zweifach-balgzylinder\/","og_locale":"de_DE","og_type":"article","og_title":"ENIDINE Zweifach-Balgzylinder","og_description":"Der ENIDINE Zweifach-Balgzylinder ist \u00e4usserst langlebig, pr\u00e4zise konstruiert und kosteng\u00fcnstig.","og_url":"https:\/\/www.credimex.ch\/de\/produkt\/enidine-zweifach-balgzylinder\/","og_site_name":"CREDIMEX","article_publisher":"https:\/\/www.facebook.com\/credimex.alpnach\/","article_modified_time":"2023-07-10T13:32:22+00:00","og_image":[{"width":516,"height":403,"url":"https:\/\/www.credimex.ch\/wp-content\/uploads\/2023\/03\/Air-Spring-Double.png","type":"image\/png"}],"twitter_card":"summary_large_image","twitter_misc":{"Gesch\u00e4tzte Lesezeit":"1\u00a0Minute"},"schema":{"@context":"https:\/\/schema.org","@graph":[{"@type":"WebPage","@id":"https:\/\/www.credimex.ch\/de\/produkt\/enidine-zweifach-balgzylinder\/","url":"https:\/\/www.credimex.ch\/de\/produkt\/enidine-zweifach-balgzylinder\/","name":"ENIDINE Zweifach-Balgzylinder - CREDIMEX","isPartOf":{"@id":"https:\/\/www.credimex.ch\/de\/#website"},"primaryImageOfPage":{"@id":"https:\/\/www.credimex.ch\/de\/produkt\/enidine-zweifach-balgzylinder\/#primaryimage"},"image":{"@id":"https:\/\/www.credimex.ch\/de\/produkt\/enidine-zweifach-balgzylinder\/#primaryimage"},"thumbnailUrl":"https:\/\/www.credimex.ch\/wp-content\/uploads\/2023\/03\/Air-Spring-Double.png","datePublished":"2022-07-06T14:00:10+00:00","dateModified":"2023-07-10T13:32:22+00:00","description":"Der ENIDINE Zweifach-Balgzylinder ist \u00e4usserst langlebig, pr\u00e4zise konstruiert und kosteng\u00fcnstig.","breadcrumb":{"@id":"https:\/\/www.credimex.ch\/de\/produkt\/enidine-zweifach-balgzylinder\/#breadcrumb"},"inLanguage":"de","potentialAction":[{"@type":"ReadAction","target":["https:\/\/www.credimex.ch\/de\/produkt\/enidine-zweifach-balgzylinder\/"]}]},{"@type":"ImageObject","inLanguage":"de","@id":"https:\/\/www.credimex.ch\/de\/produkt\/enidine-zweifach-balgzylinder\/#primaryimage","url":"https:\/\/www.credimex.ch\/wp-content\/uploads\/2023\/03\/Air-Spring-Double.png","contentUrl":"https:\/\/www.credimex.ch\/wp-content\/uploads\/2023\/03\/Air-Spring-Double.png","width":516,"height":403},{"@type":"BreadcrumbList","@id":"https:\/\/www.credimex.ch\/de\/produkt\/enidine-zweifach-balgzylinder\/#breadcrumb","itemListElement":[{"@type":"ListItem","position":1,"name":"Home","item":"https:\/\/www.credimex.ch\/de\/"},{"@type":"ListItem","position":2,"name":"Produkte","item":"https:\/\/www.credimex.ch\/de\/produkte\/"},{"@type":"ListItem","position":3,"name":"ENIDINE Zweifach-Balgzylinder"}]},{"@type":"WebSite","@id":"https:\/\/www.credimex.ch\/de\/#website","url":"https:\/\/www.credimex.ch\/de\/","name":"CREDIMEX","description":"Partner of Swiss Industrial Market","publisher":{"@id":"https:\/\/www.credimex.ch\/de\/#organization"},"potentialAction":[{"@type":"SearchAction","target":{"@type":"EntryPoint","urlTemplate":"https:\/\/www.credimex.ch\/de\/?s={search_term_string}"},"query-input":{"@type":"PropertyValueSpecification","valueRequired":true,"valueName":"search_term_string"}}],"inLanguage":"de"},{"@type":"Organization","@id":"https:\/\/www.credimex.ch\/de\/#organization","name":"credimex","url":"https:\/\/www.credimex.ch\/de\/","logo":{"@type":"ImageObject","inLanguage":"de","@id":"https:\/\/www.credimex.ch\/de\/#\/schema\/logo\/image\/","url":"https:\/\/www.credimex.ch\/wp-content\/uploads\/2022\/03\/cropped-logo-credimex.png","contentUrl":"https:\/\/www.credimex.ch\/wp-content\/uploads\/2022\/03\/cropped-logo-credimex.png","width":512,"height":512,"caption":"credimex"},"image":{"@id":"https:\/\/www.credimex.ch\/de\/#\/schema\/logo\/image\/"},"sameAs":["https:\/\/www.facebook.com\/credimex.alpnach\/","https:\/\/www.linkedin.com\/company\/credimex\/","https:\/\/www.youtube.com\/@CREDIMEX?sub_confirmation=1"]}]}},"_links":{"self":[{"href":"https:\/\/www.credimex.ch\/de\/wp-json\/wp\/v2\/product\/4405","targetHints":{"allow":["GET"]}}],"collection":[{"href":"https:\/\/www.credimex.ch\/de\/wp-json\/wp\/v2\/product"}],"about":[{"href":"https:\/\/www.credimex.ch\/de\/wp-json\/wp\/v2\/types\/product"}],"replies":[{"embeddable":true,"href":"https:\/\/www.credimex.ch\/de\/wp-json\/wp\/v2\/comments?post=4405"}],"wp:featuredmedia":[{"embeddable":true,"href":"https:\/\/www.credimex.ch\/de\/wp-json\/wp\/v2\/media\/6079"}],"wp:attachment":[{"href":"https:\/\/www.credimex.ch\/de\/wp-json\/wp\/v2\/media?parent=4405"}],"wp:term":[{"taxonomy":"product_brand","embeddable":true,"href":"https:\/\/www.credimex.ch\/de\/wp-json\/wp\/v2\/product_brand?post=4405"},{"taxonomy":"product_cat","embeddable":true,"href":"https:\/\/www.credimex.ch\/de\/wp-json\/wp\/v2\/product_cat?post=4405"},{"taxonomy":"product_tag","embeddable":true,"href":"https:\/\/www.credimex.ch\/de\/wp-json\/wp\/v2\/product_tag?post=4405"}],"curies":[{"name":"wp","href":"https:\/\/api.w.org\/{rel}","templated":true}]}}