{"id":9384,"date":"2025-10-02T09:51:04","date_gmt":"2025-10-02T07:51:04","guid":{"rendered":"https:\/\/www.credimex.ch\/product\/betaseal-1130-glass-bonding-system\/"},"modified":"2025-10-27T12:04:40","modified_gmt":"2025-10-27T11:04:40","slug":"betaseal-1130-glass-bonding-system","status":"publish","type":"product","link":"https:\/\/www.credimex.ch\/de\/produkt\/betaseal-1130-glass-bonding-system\/","title":{"rendered":"BETASEAL 1130 Glass Bonding System"},"content":{"rendered":"<h2>Eigenschaften von BETASEAL 1130:<\/h2>\n<ul>\n<li>Einkomponentig<\/li>\n<li>Hervorragende Durchbiegungs- und Wulststabilit\u00e4t<\/li>\n<li>Schnelle Aush\u00e4rtung<\/li>\n<li>2 Stunden Abfahrzeit<\/li>\n<\/ul>\n<h2>Anwendung:<\/h2>\n<ul>\n<li>Automobilverglasung und Glasklebung<\/li>\n<\/ul>\n<h2>Vorschriften:<\/h2>\n<ul>\n<li>FMVSS 212<\/li>\n<\/ul>\n","protected":false},"excerpt":{"rendered":"<p>Eigenschaften von BETASEAL 1130: Einkomponentig Hervorragende Durchbiegungs- und Wulststabilit\u00e4t Schnelle Aush\u00e4rtung 2 Stunden Abfahrzeit Anwendung: Automobilverglasung und Glasklebung Vorschriften: FMVSS 212<\/p>\n","protected":false},"featured_media":9382,"comment_status":"closed","ping_status":"closed","template":"","meta":{"_acf_changed":false},"product_brand":[],"product_cat":[457,468,890],"product_tag":[],"class_list":{"0":"post-9384","1":"product","2":"type-product","3":"status-publish","4":"has-post-thumbnail","6":"product_cat-klebstoffe-und-dichtungsmittel","7":"product_cat-polyurethan-klebstoffe","8":"product_cat-dupont","10":"first","11":"instock","12":"shipping-taxable","13":"product-type-simple"},"acf":[],"_yoast_wpseo_focuskw":"BETASEAL 1130","_yoast_wpseo_metadesc":"BETASEAL 1130 Schnell aush\u00e4rtender Glasklebstoff. Hochleistungsf\u00e4higer Klebstoff f\u00fcr Autoglas. Kontaktieren Sie uns f\u00fcr technische Unterst\u00fctzung und Angebote.","yoast_head":"<!-- This site is optimized with the Yoast SEO Premium plugin v21.6 (Yoast SEO v27.4) - https:\/\/yoast.com\/product\/yoast-seo-premium-wordpress\/ -->\n<title>BETASEAL 1130 Glass Bonding System - CREDIMEX<\/title>\n<meta name=\"description\" content=\"BETASEAL 1130 Schnell aush\u00e4rtender Glasklebstoff. Hochleistungsf\u00e4higer Klebstoff f\u00fcr Autoglas. Kontaktieren Sie uns f\u00fcr technische Unterst\u00fctzung und Angebote.\" \/>\n<meta name=\"robots\" content=\"index, follow, max-snippet:-1, max-image-preview:large, max-video-preview:-1\" \/>\n<link rel=\"canonical\" href=\"https:\/\/www.credimex.ch\/de\/produkt\/betaseal-1130-glass-bonding-system\/\" \/>\n<meta property=\"og:locale\" content=\"de_DE\" \/>\n<meta property=\"og:type\" content=\"article\" \/>\n<meta property=\"og:title\" content=\"BETASEAL 1130 Glass Bonding System\" \/>\n<meta property=\"og:description\" content=\"BETASEAL 1130 Schnell aush\u00e4rtender Glasklebstoff. Hochleistungsf\u00e4higer Klebstoff f\u00fcr Autoglas. Kontaktieren Sie uns f\u00fcr technische Unterst\u00fctzung und Angebote.\" \/>\n<meta property=\"og:url\" content=\"https:\/\/www.credimex.ch\/de\/produkt\/betaseal-1130-glass-bonding-system\/\" \/>\n<meta property=\"og:site_name\" content=\"CREDIMEX\" \/>\n<meta property=\"article:publisher\" content=\"https:\/\/www.facebook.com\/credimex.alpnach\/\" \/>\n<meta property=\"article:modified_time\" content=\"2025-10-27T11:04:40+00:00\" \/>\n<meta property=\"og:image\" content=\"https:\/\/www.credimex.ch\/wp-content\/uploads\/2025\/10\/Betaseal-1590CT-1.webp\" \/>\n\t<meta property=\"og:image:width\" content=\"1200\" \/>\n\t<meta property=\"og:image:height\" content=\"1262\" \/>\n\t<meta property=\"og:image:type\" content=\"image\/webp\" \/>\n<meta name=\"twitter:card\" content=\"summary_large_image\" \/>\n<meta name=\"twitter:label1\" content=\"Gesch\u00e4tzte Lesezeit\" \/>\n\t<meta name=\"twitter:data1\" content=\"1\u00a0Minute\" \/>\n<script type=\"application\/ld+json\" class=\"yoast-schema-graph\">{\"@context\":\"https:\\\/\\\/schema.org\",\"@graph\":[{\"@type\":\"WebPage\",\"@id\":\"https:\\\/\\\/www.credimex.ch\\\/de\\\/produkt\\\/betaseal-1130-glass-bonding-system\\\/\",\"url\":\"https:\\\/\\\/www.credimex.ch\\\/de\\\/produkt\\\/betaseal-1130-glass-bonding-system\\\/\",\"name\":\"BETASEAL 1130 Glass Bonding System - CREDIMEX\",\"isPartOf\":{\"@id\":\"https:\\\/\\\/www.credimex.ch\\\/de\\\/#website\"},\"primaryImageOfPage\":{\"@id\":\"https:\\\/\\\/www.credimex.ch\\\/de\\\/produkt\\\/betaseal-1130-glass-bonding-system\\\/#primaryimage\"},\"image\":{\"@id\":\"https:\\\/\\\/www.credimex.ch\\\/de\\\/produkt\\\/betaseal-1130-glass-bonding-system\\\/#primaryimage\"},\"thumbnailUrl\":\"https:\\\/\\\/www.credimex.ch\\\/wp-content\\\/uploads\\\/2025\\\/10\\\/Betaseal-1590CT-1.webp\",\"datePublished\":\"2025-10-02T07:51:04+00:00\",\"dateModified\":\"2025-10-27T11:04:40+00:00\",\"description\":\"BETASEAL 1130 Schnell aush\u00e4rtender Glasklebstoff. Hochleistungsf\u00e4higer Klebstoff f\u00fcr Autoglas. Kontaktieren Sie uns f\u00fcr technische Unterst\u00fctzung und Angebote.\",\"breadcrumb\":{\"@id\":\"https:\\\/\\\/www.credimex.ch\\\/de\\\/produkt\\\/betaseal-1130-glass-bonding-system\\\/#breadcrumb\"},\"inLanguage\":\"de\",\"potentialAction\":[{\"@type\":\"ReadAction\",\"target\":[\"https:\\\/\\\/www.credimex.ch\\\/de\\\/produkt\\\/betaseal-1130-glass-bonding-system\\\/\"]}]},{\"@type\":\"ImageObject\",\"inLanguage\":\"de\",\"@id\":\"https:\\\/\\\/www.credimex.ch\\\/de\\\/produkt\\\/betaseal-1130-glass-bonding-system\\\/#primaryimage\",\"url\":\"https:\\\/\\\/www.credimex.ch\\\/wp-content\\\/uploads\\\/2025\\\/10\\\/Betaseal-1590CT-1.webp\",\"contentUrl\":\"https:\\\/\\\/www.credimex.ch\\\/wp-content\\\/uploads\\\/2025\\\/10\\\/Betaseal-1590CT-1.webp\",\"width\":1200,\"height\":1262},{\"@type\":\"BreadcrumbList\",\"@id\":\"https:\\\/\\\/www.credimex.ch\\\/de\\\/produkt\\\/betaseal-1130-glass-bonding-system\\\/#breadcrumb\",\"itemListElement\":[{\"@type\":\"ListItem\",\"position\":1,\"name\":\"Home\",\"item\":\"https:\\\/\\\/www.credimex.ch\\\/de\\\/\"},{\"@type\":\"ListItem\",\"position\":2,\"name\":\"Produkte\",\"item\":\"https:\\\/\\\/www.credimex.ch\\\/de\\\/produkte\\\/\"},{\"@type\":\"ListItem\",\"position\":3,\"name\":\"BETASEAL 1130 Glass Bonding System\"}]},{\"@type\":\"WebSite\",\"@id\":\"https:\\\/\\\/www.credimex.ch\\\/de\\\/#website\",\"url\":\"https:\\\/\\\/www.credimex.ch\\\/de\\\/\",\"name\":\"CREDIMEX\",\"description\":\"Partner of Swiss Industrial Market\",\"publisher\":{\"@id\":\"https:\\\/\\\/www.credimex.ch\\\/de\\\/#organization\"},\"potentialAction\":[{\"@type\":\"SearchAction\",\"target\":{\"@type\":\"EntryPoint\",\"urlTemplate\":\"https:\\\/\\\/www.credimex.ch\\\/de\\\/?s={search_term_string}\"},\"query-input\":{\"@type\":\"PropertyValueSpecification\",\"valueRequired\":true,\"valueName\":\"search_term_string\"}}],\"inLanguage\":\"de\"},{\"@type\":\"Organization\",\"@id\":\"https:\\\/\\\/www.credimex.ch\\\/de\\\/#organization\",\"name\":\"credimex\",\"url\":\"https:\\\/\\\/www.credimex.ch\\\/de\\\/\",\"logo\":{\"@type\":\"ImageObject\",\"inLanguage\":\"de\",\"@id\":\"https:\\\/\\\/www.credimex.ch\\\/de\\\/#\\\/schema\\\/logo\\\/image\\\/\",\"url\":\"https:\\\/\\\/www.credimex.ch\\\/wp-content\\\/uploads\\\/2022\\\/03\\\/cropped-logo-credimex.png\",\"contentUrl\":\"https:\\\/\\\/www.credimex.ch\\\/wp-content\\\/uploads\\\/2022\\\/03\\\/cropped-logo-credimex.png\",\"width\":512,\"height\":512,\"caption\":\"credimex\"},\"image\":{\"@id\":\"https:\\\/\\\/www.credimex.ch\\\/de\\\/#\\\/schema\\\/logo\\\/image\\\/\"},\"sameAs\":[\"https:\\\/\\\/www.facebook.com\\\/credimex.alpnach\\\/\",\"https:\\\/\\\/www.linkedin.com\\\/company\\\/credimex\\\/\",\"https:\\\/\\\/www.youtube.com\\\/@CREDIMEX?sub_confirmation=1\"]}]}<\/script>\n<!-- \/ Yoast SEO Premium plugin. -->","yoast_head_json":{"title":"BETASEAL 1130 Glass Bonding System - CREDIMEX","description":"BETASEAL 1130 Schnell aush\u00e4rtender Glasklebstoff. Hochleistungsf\u00e4higer Klebstoff f\u00fcr Autoglas. Kontaktieren Sie uns f\u00fcr technische Unterst\u00fctzung und Angebote.","robots":{"index":"index","follow":"follow","max-snippet":"max-snippet:-1","max-image-preview":"max-image-preview:large","max-video-preview":"max-video-preview:-1"},"canonical":"https:\/\/www.credimex.ch\/de\/produkt\/betaseal-1130-glass-bonding-system\/","og_locale":"de_DE","og_type":"article","og_title":"BETASEAL 1130 Glass Bonding System","og_description":"BETASEAL 1130 Schnell aush\u00e4rtender Glasklebstoff. Hochleistungsf\u00e4higer Klebstoff f\u00fcr Autoglas. Kontaktieren Sie uns f\u00fcr technische Unterst\u00fctzung und Angebote.","og_url":"https:\/\/www.credimex.ch\/de\/produkt\/betaseal-1130-glass-bonding-system\/","og_site_name":"CREDIMEX","article_publisher":"https:\/\/www.facebook.com\/credimex.alpnach\/","article_modified_time":"2025-10-27T11:04:40+00:00","og_image":[{"width":1200,"height":1262,"url":"https:\/\/www.credimex.ch\/wp-content\/uploads\/2025\/10\/Betaseal-1590CT-1.webp","type":"image\/webp"}],"twitter_card":"summary_large_image","twitter_misc":{"Gesch\u00e4tzte Lesezeit":"1\u00a0Minute"},"schema":{"@context":"https:\/\/schema.org","@graph":[{"@type":"WebPage","@id":"https:\/\/www.credimex.ch\/de\/produkt\/betaseal-1130-glass-bonding-system\/","url":"https:\/\/www.credimex.ch\/de\/produkt\/betaseal-1130-glass-bonding-system\/","name":"BETASEAL 1130 Glass Bonding System - CREDIMEX","isPartOf":{"@id":"https:\/\/www.credimex.ch\/de\/#website"},"primaryImageOfPage":{"@id":"https:\/\/www.credimex.ch\/de\/produkt\/betaseal-1130-glass-bonding-system\/#primaryimage"},"image":{"@id":"https:\/\/www.credimex.ch\/de\/produkt\/betaseal-1130-glass-bonding-system\/#primaryimage"},"thumbnailUrl":"https:\/\/www.credimex.ch\/wp-content\/uploads\/2025\/10\/Betaseal-1590CT-1.webp","datePublished":"2025-10-02T07:51:04+00:00","dateModified":"2025-10-27T11:04:40+00:00","description":"BETASEAL 1130 Schnell aush\u00e4rtender Glasklebstoff. Hochleistungsf\u00e4higer Klebstoff f\u00fcr Autoglas. Kontaktieren Sie uns f\u00fcr technische Unterst\u00fctzung und Angebote.","breadcrumb":{"@id":"https:\/\/www.credimex.ch\/de\/produkt\/betaseal-1130-glass-bonding-system\/#breadcrumb"},"inLanguage":"de","potentialAction":[{"@type":"ReadAction","target":["https:\/\/www.credimex.ch\/de\/produkt\/betaseal-1130-glass-bonding-system\/"]}]},{"@type":"ImageObject","inLanguage":"de","@id":"https:\/\/www.credimex.ch\/de\/produkt\/betaseal-1130-glass-bonding-system\/#primaryimage","url":"https:\/\/www.credimex.ch\/wp-content\/uploads\/2025\/10\/Betaseal-1590CT-1.webp","contentUrl":"https:\/\/www.credimex.ch\/wp-content\/uploads\/2025\/10\/Betaseal-1590CT-1.webp","width":1200,"height":1262},{"@type":"BreadcrumbList","@id":"https:\/\/www.credimex.ch\/de\/produkt\/betaseal-1130-glass-bonding-system\/#breadcrumb","itemListElement":[{"@type":"ListItem","position":1,"name":"Home","item":"https:\/\/www.credimex.ch\/de\/"},{"@type":"ListItem","position":2,"name":"Produkte","item":"https:\/\/www.credimex.ch\/de\/produkte\/"},{"@type":"ListItem","position":3,"name":"BETASEAL 1130 Glass Bonding System"}]},{"@type":"WebSite","@id":"https:\/\/www.credimex.ch\/de\/#website","url":"https:\/\/www.credimex.ch\/de\/","name":"CREDIMEX","description":"Partner of Swiss Industrial Market","publisher":{"@id":"https:\/\/www.credimex.ch\/de\/#organization"},"potentialAction":[{"@type":"SearchAction","target":{"@type":"EntryPoint","urlTemplate":"https:\/\/www.credimex.ch\/de\/?s={search_term_string}"},"query-input":{"@type":"PropertyValueSpecification","valueRequired":true,"valueName":"search_term_string"}}],"inLanguage":"de"},{"@type":"Organization","@id":"https:\/\/www.credimex.ch\/de\/#organization","name":"credimex","url":"https:\/\/www.credimex.ch\/de\/","logo":{"@type":"ImageObject","inLanguage":"de","@id":"https:\/\/www.credimex.ch\/de\/#\/schema\/logo\/image\/","url":"https:\/\/www.credimex.ch\/wp-content\/uploads\/2022\/03\/cropped-logo-credimex.png","contentUrl":"https:\/\/www.credimex.ch\/wp-content\/uploads\/2022\/03\/cropped-logo-credimex.png","width":512,"height":512,"caption":"credimex"},"image":{"@id":"https:\/\/www.credimex.ch\/de\/#\/schema\/logo\/image\/"},"sameAs":["https:\/\/www.facebook.com\/credimex.alpnach\/","https:\/\/www.linkedin.com\/company\/credimex\/","https:\/\/www.youtube.com\/@CREDIMEX?sub_confirmation=1"]}]}},"_links":{"self":[{"href":"https:\/\/www.credimex.ch\/de\/wp-json\/wp\/v2\/product\/9384","targetHints":{"allow":["GET"]}}],"collection":[{"href":"https:\/\/www.credimex.ch\/de\/wp-json\/wp\/v2\/product"}],"about":[{"href":"https:\/\/www.credimex.ch\/de\/wp-json\/wp\/v2\/types\/product"}],"replies":[{"embeddable":true,"href":"https:\/\/www.credimex.ch\/de\/wp-json\/wp\/v2\/comments?post=9384"}],"wp:featuredmedia":[{"embeddable":true,"href":"https:\/\/www.credimex.ch\/de\/wp-json\/wp\/v2\/media\/9382"}],"wp:attachment":[{"href":"https:\/\/www.credimex.ch\/de\/wp-json\/wp\/v2\/media?parent=9384"}],"wp:term":[{"taxonomy":"product_brand","embeddable":true,"href":"https:\/\/www.credimex.ch\/de\/wp-json\/wp\/v2\/product_brand?post=9384"},{"taxonomy":"product_cat","embeddable":true,"href":"https:\/\/www.credimex.ch\/de\/wp-json\/wp\/v2\/product_cat?post=9384"},{"taxonomy":"product_tag","embeddable":true,"href":"https:\/\/www.credimex.ch\/de\/wp-json\/wp\/v2\/product_tag?post=9384"}],"curies":[{"name":"wp","href":"https:\/\/api.w.org\/{rel}","templated":true}]}}